{"id":2330,"date":"2025-03-29T20:15:38","date_gmt":"2025-03-29T12:15:38","guid":{"rendered":"https:\/\/senyenergy.com\/?post_type=product&#038;p=2330"},"modified":"2025-09-08T11:34:11","modified_gmt":"2025-09-08T03:34:11","slug":"panneau-solaire-aluminium-clips-devacuation-de-leau-et-de-la-poussiere","status":"publish","type":"product","link":"https:\/\/senyenergy.com\/fr\/produit\/panneau-solaire-aluminium-clips-devacuation-de-leau-et-de-la-poussiere\/","title":{"rendered":"Panneaux solaires PV Clips de drainage d'eau solaire en aluminium Factory"},"content":{"rendered":"<p>Lorsqu'il pleut, en raison de la faible saillie du bord des panneaux, l'eau stagnante n'est pas \u00e9vacu\u00e9e \u00e0 temps, et la boue contenue dans l'eau stagnante se pr\u00e9cipite pour salir les bords ou les coins des modules. L'accumulation de salet\u00e9s sur les bords ou dans les coins des panneaux peut avoir des cons\u00e9quences dramatiques sur le bon fonctionnement du syst\u00e8me photovolta\u00efque, elle r\u00e9duit la production d'\u00e9nergie des panneaux photovolta\u00efques, et forme des points chauds, ce qui r\u00e9duit la dur\u00e9e de vie des panneaux.<\/p>\n<p>Nos panneaux solaires PV Aluminium <strong>Solaire<\/strong> <strong><b>Clips de vidange d'eau<\/b><\/strong> sont des clips auto-fixants, fabriqu\u00e9s en aluminium. La longueur est d'environ 60 mm, le poids de 7,8 grammes, et la largeur est bas\u00e9e sur l'\u00e9paisseur du cadre en alliage d'aluminium des panneaux. En fixant le clip au bord inf\u00e9rieur du panneau photovolta\u00efque, l'eau stagnante s'\u00e9coule et il n'y a plus d'encrassement.<\/p>\n<p>L'aluminium <strong>Solaire<\/strong> <strong><b>Clips de vidange d'eau <\/b><\/strong>La pince est utilis\u00e9e pour guider l'eau et la boue au-dessus du panneau solaire et pour nettoyer la poussi\u00e8re et le sable \u00e0 la surface. La m\u00e9thode d'installation est simple. Il suffit de fixer le clip sur le cadre du panneau pour le fixer.<\/p>\n<p>Caract\u00e9ristiques de l'aluminium <strong>Solaire<\/strong> <strong><b>Clips de vidange d'eau<\/b><\/strong>:<\/p>\n<p>Mat\u00e9riau - Fabriqu\u00e9 en aluminium de haute qualit\u00e9 (souvent anodis\u00e9 pour une meilleure r\u00e9sistance \u00e0 la corrosion).<\/p>\n<ol>\n<li>Installation rapide, il suffit de l'encliqueter sur le cadre du module, aucun accessoire ou outil suppl\u00e9mentaire n'est n\u00e9cessaire, il peut \u00eatre maintenu en permanence dans la meilleure position d'installation, il est stable et ne se d\u00e9place pas.<\/li>\n<li>Conception anti-blocage brevet\u00e9e, d\u00e9rivation de l'eau et \u00e9vacuation de la boue plus efficaces, 8 trous anti-blocage sont ajout\u00e9s, ne craignant pas les grosses poussi\u00e8res telles que les chatons, et les bandes d'accumulation de poussi\u00e8re peuvent \u00eatre enlev\u00e9es tout en \u00e9vitant le blocage.<\/li>\n<li>Installation unique, utilisation \u00e0 vie. Fabriqu\u00e9 en alliage d'aluminium, il est l\u00e9ger et fin, \u00e9conome en \u00e9nergie et respectueux de l'environnement, r\u00e9sistant aux hautes et basses temp\u00e9ratures et \u00e0 la corrosion. Il peut \u00eatre utilis\u00e9 \u00e0 l'ext\u00e9rieur pendant plus de 30 ans.<\/li>\n<li>Il permet de r\u00e9duire les co\u00fbts et d'augmenter l'efficacit\u00e9, avec un faible co\u00fbt et une grande efficacit\u00e9, et de r\u00e9duire le nombre de nettoyages de la centrale \u00e9lectrique tout au long de l'ann\u00e9e.<\/li>\n<li>Investissement unique et avantages \u00e0 long terme. Il peut augmenter la production d'\u00e9nergie de la centrale \u00e9lectrique de 5%~10% par an lorsqu'il est utilis\u00e9 seul. Lorsqu'il est utilis\u00e9 avec le syst\u00e8me de nettoyage par pulv\u00e9risation photovolta\u00efque, la production d'\u00e9lectricit\u00e9 de la centrale peut \u00eatre augment\u00e9e de plus de 18%, et un fonctionnement et une maintenance sans souci peuvent \u00eatre facilement r\u00e9alis\u00e9s.<\/li>\n<li>R\u00e9duit le risque de microfissures caus\u00e9es par une exposition prolong\u00e9e \u00e0 l'humidit\u00e9.<\/li>\n<\/ol>\n<p>L'aluminium <strong>Solaire<\/strong> <strong><b>Clips de vidange d'eau<\/b><\/strong>\u00a0est un dispositif qui se branche sur le module solaire pour emp\u00eacher l'accumulation de poussi\u00e8re et de salissures. Il convient aux panneaux solaires de 30 mm, 33 mm, 35 mm et 40 mm d'\u00e9paisseur.<\/p>","protected":false},"excerpt":{"rendered":"<p>Les <strong><b>Clip d'\u00e9vacuation de l'eau et de la poussi\u00e8re en aluminium<\/b><\/strong>\u00a0est un dispositif qui se branche sur le module solaire pour emp\u00eacher l'accumulation de poussi\u00e8re et de salissures. Il convient aux panneaux solaires de 30 mm, 33 mm, 35 mm et 40 mm d'\u00e9paisseur.<\/p>\n<div class=\"wp-block-button popmake-1937\"><a class=\"wp-block-button__link wp-element-button\">v\u00e9rification des prix<\/a><\/div>","protected":false},"featured_media":2331,"template":"","meta":{"_uag_custom_page_level_css":"","site-sidebar-layout":"default","site-content-layout":"","ast-site-content-layout":"default","site-content-style":"default","site-sidebar-style":"default","ast-global-header-display":"","ast-banner-title-visibility":"","ast-main-header-display":"","ast-hfb-above-header-display":"","ast-hfb-below-header-display":"","ast-hfb-mobile-header-display":"","site-post-title":"","ast-breadcrumbs-content":"","ast-featured-img":"","footer-sml-layout":"","ast-disable-related-posts":"","theme-transparent-header-meta":"default","adv-header-id-meta":"","stick-header-meta":"","header-above-stick-meta":"","header-main-stick-meta":"","header-below-stick-meta":"","astra-migrate-meta-layouts":"set","ast-page-background-enabled":"default","ast-page-background-meta":{"desktop":{"background-color":"","background-image":"","background-repeat":"repeat","background-position":"center center","background-size":"auto","background-attachment":"scroll","background-type":"","background-media":"","overlay-type":"","overlay-color":"","overlay-opacity":"","overlay-gradient":""},"tablet":{"background-color":"","background-image":"","background-repeat":"repeat","background-position":"center center","background-size":"auto","background-attachment":"scroll","background-type":"","background-media":"","overlay-type":"","overlay-color":"","overlay-opacity":"","overlay-gradient":""},"mobile":{"background-color":"","background-image":"","background-repeat":"repeat","background-position":"center center","background-size":"auto","background-attachment":"scroll","background-type":"","background-media":"","overlay-type":"","overlay-color":"","overlay-opacity":"","overlay-gradient":""}},"ast-content-background-meta":{"desktop":{"background-color":"var(--ast-global-color-5)","background-image":"","background-repeat":"repeat","background-position":"center center","background-size":"auto","background-attachment":"scroll","background-type":"","background-media":"","overlay-type":"","overlay-color":"","overlay-opacity":"","overlay-gradient":""},"tablet":{"background-color":"var(--ast-global-color-5)","background-image":"","background-repeat":"repeat","background-position":"center center","background-size":"auto","background-attachment":"scroll","background-type":"","background-media":"","overlay-type":"","overlay-color":"","overlay-opacity":"","overlay-gradient":""},"mobile":{"background-color":"var(--ast-global-color-5)","background-image":"","background-repeat":"repeat","background-position":"center center","background-size":"auto","background-attachment":"scroll","background-type":"","background-media":"","overlay-type":"","overlay-color":"","overlay-opacity":"","overlay-gradient":""}}},"product_brand":[],"product_cat":[25,33],"product_tag":[305,64,66,63],"class_list":{"0":"post-2330","1":"product","2":"type-product","3":"status-publish","4":"has-post-thumbnail","6":"product_cat-excellent","7":"product_cat-solar-panel-accessories","8":"product_tag-aluminum-solar-water-drain-clips","9":"product_tag-solar-panel-solar-pv-water-drainage-clip","10":"product_tag-solar-panel-water-clip","11":"product_tag-solar-pv-water-drainage-clip","12":"desktop-align-left","13":"tablet-align-left","14":"mobile-align-left","16":"first","17":"instock","18":"shipping-taxable","19":"product-type-simple"},"spectra_custom_meta":{"_uabb_version":["1.36.1"],"_edit_last":["1"],"_edit_lock":["1757661003:1"],"_thumbnail_id":["2331"],"total_sales":["0"],"_tax_status":["taxable"],"_tax_class":[""],"_manage_stock":["no"],"_backorders":["no"],"_sold_individually":["no"],"_virtual":["no"],"_downloadable":["no"],"_download_limit":["-1"],"_download_expiry":["-1"],"_stock":[null],"_stock_status":["instock"],"_wc_average_rating":["0"],"_wc_review_count":["0"],"_product_version":["9.6.2"],"_product_image_gallery":["2335,2333,2334,2332"],"site-sidebar-layout":["default"],"ast-site-content-layout":["default"],"site-content-style":["default"],"site-sidebar-style":["default"],"theme-transparent-header-meta":["default"],"wb_custom_tabs":["a:0:{}"],"astra-migrate-meta-layouts":["set"],"_uag_page_assets":["a:9:{s:3:\"css\";s:5318:\".uag-blocks-common-selector{z-index:var(--z-index-desktop) !important}@media (max-width: 976px){.uag-blocks-common-selector{z-index:var(--z-index-tablet) !important}}@media (max-width: 767px){.uag-blocks-common-selector{z-index:var(--z-index-mobile) !important}}\n.wp-block-uagb-faq{width:100%}.wp-block-uagb-faq.uagb-faq-layout-accordion .uagb-faq-child__outer-wrap .uagb-faq-questions-button{cursor:pointer}.wp-block-uagb-faq .uagb-faq-content{margin-bottom:0}.wp-block-uagb-faq .uagb-faq-content p{margin:auto}.uagb-faq-layout-grid.uagb-faq-equal-height.uagb-faq__wrap .uagb-faq-child__outer-wrap,.uagb-faq-layout-grid.uagb-faq-equal-height.uagb-faq__wrap .uagb-faq-item{height:100%}body[class*=\"astra\"] .uagb-faq-questions{line-height:normal}.uagb-faq-item{overflow:hidden}\n.wp-block-uagb-faq-child .uagb-faq-questions-button{display:flex;align-items:center}.wp-block-uagb-faq-child .uagb-faq-questions-button .uagb-faq-icon-wrap{display:flex;align-items:center}.wp-block-uagb-faq-child .uagb-faq-questions-button .uagb-question{width:100%;margin-top:0;margin-bottom:0}.wp-block-uagb-faq-child .uagb-icon svg,.wp-block-uagb-faq-child .uagb-icon-active svg{width:15px;height:15px;font-size:15px}.wp-block-uagb-faq-child.uagb-faq-child__outer-wrap.uagb-faq-item .uagb-icon-active,.wp-block-uagb-faq-child.uagb-faq-child__outer-wrap.uagb-faq-item.uagb-faq-item-active .uagb-icon,.wp-block-uagb-faq-child.uagb-faq-child__outer-wrap .uagb-faq-item .uagb-icon-active,.wp-block-uagb-faq-child.uagb-faq-child__outer-wrap .uagb-faq-item.uagb-faq-item-active .uagb-icon{display:none;width:0;padding:0;height:0;margin:0}.wp-block-uagb-faq-child.uagb-faq-child__outer-wrap.uagb-faq-item .uagb-icon,.wp-block-uagb-faq-child.uagb-faq-child__outer-wrap.uagb-faq-item.uagb-faq-item-active .uagb-icon-active,.wp-block-uagb-faq-child.uagb-faq-child__outer-wrap .uagb-faq-item .uagb-icon,.wp-block-uagb-faq-child.uagb-faq-child__outer-wrap .uagb-faq-item.uagb-faq-item-active .uagb-icon-active{display:flex;width:auto;height:auto}.uagb-faq-layout-grid .uagb-faq-child__outer-wrap.uagb-faq-item .uagb-icon,.uagb-faq-layout-grid .uagb-faq-child__outer-wrap.uagb-faq-item.uagb-faq-item-active .uagb-icon-active,.uagb-faq-layout-grid .uagb-faq-child__outer-wrap .uagb-faq-item .uagb-icon,.uagb-faq-layout-grid .uagb-faq-child__outer-wrap .uagb-faq-item.uagb-faq-item-active .uagb-icon-active{display:none}.uagb-faq-layout-grid .uagb-faq-child__outer-wrap.uagb-faq-item span.uagb-icon-active.uagb-faq-icon-wrap,.uagb-faq-layout-grid .uagb-faq-child__outer-wrap.uagb-faq-item.uagb-faq-item-active .uagb-icon-active,.uagb-faq-layout-grid .uagb-faq-child__outer-wrap .uagb-faq-item span.uagb-icon-active.uagb-faq-icon-wrap,.uagb-faq-layout-grid .uagb-faq-child__outer-wrap .uagb-faq-item.uagb-faq-item-active .uagb-icon-active{display:none}\n.uagb-block-55b5edaf .uagb-icon svg{width: 12px;height: 12px;font-size: 12px;}.uagb-block-55b5edaf .uagb-icon-active svg{width: 12px;height: 12px;font-size: 12px;}.uagb-block-55b5edaf .uagb-faq-child__outer-wrap{margin-bottom: 10px;}.uagb-block-55b5edaf .uagb-faq-item{border-top-width: 1px;border-left-width: 1px;border-right-width: 1px;border-bottom-width: 1px;border-top-left-radius: 2px;border-top-right-radius: 2px;border-bottom-left-radius: 2px;border-bottom-right-radius: 2px;border-color: #1e1e1e;border-style: solid;}.uagb-block-55b5edaf .uagb-faq-questions-button{padding-top: 10px;padding-bottom: 10px;padding-right: 10px;padding-left: 10px;}.uagb-block-55b5edaf .uagb-faq-content{padding-top: 10px;padding-bottom: 10px;padding-right: 10px;padding-left: 10px;}.uagb-block-55b5edaf .uagb-faq-content span{margin-top: 10px;margin-bottom: 10px;margin-right: 10px;margin-left: 10px;}.uagb-block-55b5edaf.uagb-faq-icon-row .uagb-faq-item .uagb-faq-icon-wrap{margin-right: 10px;}.uagb-block-55b5edaf.uagb-faq-icon-row-reverse .uagb-faq-item .uagb-faq-icon-wrap{margin-left: 10px;}.uagb-block-55b5edaf .uagb-faq-item .uagb-faq-questions-button.uagb-faq-questions{flex-direction: row;}.uagb-block-55b5edaf .wp-block-uagb-faq-child.uagb-faq-child__outer-wrap .uagb-faq-content {display: none;}@media only screen and (max-width: 976px) {.uagb-block-55b5edaf.uagb-faq-icon-row .uagb-faq-item .uagb-faq-icon-wrap{margin-right: 10px;}.uagb-block-55b5edaf.uagb-faq-icon-row-reverse .uagb-faq-item .uagb-faq-icon-wrap{margin-left: 10px;}.uagb-block-55b5edaf .uagb-faq-questions-button{padding-top: 10px;padding-bottom: 10px;padding-right: 10px;padding-left: 10px;}.uagb-block-55b5edaf .uagb-faq-content{padding-top: 10px;padding-bottom: 10px;padding-right: 10px;padding-left: 10px;}.uagb-block-55b5edaf .uagb-faq-content span{margin-top: 10px;margin-bottom: 10px;margin-right: 10px;margin-left: 10px;}}@media only screen and (max-width: 767px) {.uagb-block-55b5edaf.uagb-faq-icon-row .uagb-faq-item .uagb-faq-icon-wrap{margin-right: 10px;}.uagb-block-55b5edaf.uagb-faq-icon-row-reverse .uagb-faq-item .uagb-faq-icon-wrap{margin-left: 10px;}.uagb-block-55b5edaf .uagb-faq-questions-button{padding-top: 10px;padding-bottom: 10px;padding-right: 10px;padding-left: 10px;}.uagb-block-55b5edaf .uagb-faq-content{padding-top: 10px;padding-bottom: 10px;padding-right: 10px;padding-left: 10px;}.uagb-block-55b5edaf .uagb-faq-content span{margin-top: 10px;margin-bottom: 10px;margin-right: 10px;margin-left: 10px;}}\";s:2:\"js\";s:0:\"\";s:18:\"current_block_list\";a:10:{i:0;s:11:\"core\/search\";i:1;s:10:\"core\/group\";i:2;s:12:\"core\/heading\";i:3;s:17:\"core\/latest-posts\";i:4;s:20:\"core\/latest-comments\";i:5;s:13:\"core\/archives\";i:6;s:15:\"core\/categories\";i:7;s:14:\"core\/paragraph\";i:8;s:8:\"uagb\/faq\";i:9;s:14:\"uagb\/faq-child\";}s:8:\"uag_flag\";b:1;s:11:\"uag_version\";s:10:\"1775829763\";s:6:\"gfonts\";a:0:{}s:10:\"gfonts_url\";s:0:\"\";s:12:\"gfonts_files\";a:0:{}s:14:\"uag_faq_layout\";b:1;}"],"_uag_css_file_name":["uag-css-2330.css"]},"uagb_featured_image_src":{"full":["https:\/\/senyenergy.com\/wp-content\/uploads\/2025\/03\/Aluminum-Water-and-Dust-Drain-Clip.jpg",800,800,false],"thumbnail":["https:\/\/senyenergy.com\/wp-content\/uploads\/2025\/03\/Aluminum-Water-and-Dust-Drain-Clip-150x150.jpg",150,150,true],"medium":["https:\/\/senyenergy.com\/wp-content\/uploads\/2025\/03\/Aluminum-Water-and-Dust-Drain-Clip-300x300.jpg",300,300,true],"medium_large":["https:\/\/senyenergy.com\/wp-content\/uploads\/2025\/03\/Aluminum-Water-and-Dust-Drain-Clip-768x768.jpg",768,768,true],"large":["https:\/\/senyenergy.com\/wp-content\/uploads\/2025\/03\/Aluminum-Water-and-Dust-Drain-Clip.jpg",800,800,false],"1536x1536":["https:\/\/senyenergy.com\/wp-content\/uploads\/2025\/03\/Aluminum-Water-and-Dust-Drain-Clip.jpg",800,800,false],"2048x2048":["https:\/\/senyenergy.com\/wp-content\/uploads\/2025\/03\/Aluminum-Water-and-Dust-Drain-Clip.jpg",800,800,false],"trp-custom-language-flag":["https:\/\/senyenergy.com\/wp-content\/uploads\/2025\/03\/Aluminum-Water-and-Dust-Drain-Clip-12x12.jpg",12,12,true],"woocommerce_thumbnail":["https:\/\/senyenergy.com\/wp-content\/uploads\/2025\/03\/Aluminum-Water-and-Dust-Drain-Clip-300x300.jpg",300,300,true],"woocommerce_single":["https:\/\/senyenergy.com\/wp-content\/uploads\/2025\/03\/Aluminum-Water-and-Dust-Drain-Clip-600x600.jpg",600,600,true],"woocommerce_gallery_thumbnail":["https:\/\/senyenergy.com\/wp-content\/uploads\/2025\/03\/Aluminum-Water-and-Dust-Drain-Clip-100x100.jpg",100,100,true]},"uagb_author_info":{"display_name":"wp-admin","author_link":"https:\/\/senyenergy.com\/fr\/author\/"},"uagb_comment_info":0,"uagb_excerpt":"The Aluminum Water and Dust Drain Clip\u00a0is a device that is plugged to the solar module to prevent the accumulation of dust and soiling. Ideal for preventing the dirt pattern that gets stuck in the solar panel frame, It is suitable for 30mm; 33mm; 35 mm; 40mm thickness solar panel. price check","_links":{"self":[{"href":"https:\/\/senyenergy.com\/fr\/wp-json\/wp\/v2\/product\/2330","targetHints":{"allow":["GET"]}}],"collection":[{"href":"https:\/\/senyenergy.com\/fr\/wp-json\/wp\/v2\/product"}],"about":[{"href":"https:\/\/senyenergy.com\/fr\/wp-json\/wp\/v2\/types\/product"}],"wp:featuredmedia":[{"embeddable":true,"href":"https:\/\/senyenergy.com\/fr\/wp-json\/wp\/v2\/media\/2331"}],"wp:attachment":[{"href":"https:\/\/senyenergy.com\/fr\/wp-json\/wp\/v2\/media?parent=2330"}],"wp:term":[{"taxonomy":"product_brand","embeddable":true,"href":"https:\/\/senyenergy.com\/fr\/wp-json\/wp\/v2\/product_brand?post=2330"},{"taxonomy":"product_cat","embeddable":true,"href":"https:\/\/senyenergy.com\/fr\/wp-json\/wp\/v2\/product_cat?post=2330"},{"taxonomy":"product_tag","embeddable":true,"href":"https:\/\/senyenergy.com\/fr\/wp-json\/wp\/v2\/product_tag?post=2330"}],"curies":[{"name":"wp","href":"https:\/\/api.w.org\/{rel}","templated":true}]}}