{"id":2322,"date":"2025-03-27T21:39:41","date_gmt":"2025-03-27T13:39:41","guid":{"rendered":"https:\/\/senyenergy.com\/?post_type=product&#038;p=2322"},"modified":"2025-06-30T15:15:08","modified_gmt":"2025-06-30T07:15:08","slug":"la-mise-a-jour-sus304-solar-pv-water-drainage-clip","status":"publish","type":"product","link":"https:\/\/senyenergy.com\/fr\/produit\/la-mise-a-jour-sus304-solar-pv-water-drainage-clip\/","title":{"rendered":"The Update Solar PV Water Drain Clip Cleaning Clips (Pince de nettoyage pour drain d'eau)"},"content":{"rendered":"<p>La mise \u00e0 jour SUS304 Solar <strong>Clip de vidange d'eau PV<\/strong>\u00a0est un accessoire de montage r\u00e9sistant \u00e0 la corrosion, con\u00e7u pour am\u00e9liorer l'\u00e9vacuation de l'eau sous les panneaux solaires tout en les fixant solidement aux rails de montage. Fabriqu\u00e9 en acier inoxydable de haute qualit\u00e9 (SUS304), ce clip garantit une durabilit\u00e9 \u00e0 long terme et une r\u00e9sistance aux conditions m\u00e9t\u00e9orologiques difficiles.<\/p>\n<p>&nbsp;<\/p>\n<p>La mise \u00e0 jour solaire <strong>Clip de vidange d'eau PV <\/strong>Les clips de nettoyage sont antirouille, durables, prot\u00e8gent les composants, assurent un drainage efficace et sont plus rentables que les anciens clips d'\u00e9vacuation de l'eau des panneaux solaires. Le cadre du panneau solaire peut avoir une \u00e9paisseur de 30mm\uff0c33mm, 35mm\uff0c40mm.<\/p>\n<p>&nbsp;<\/p>\n<p>Caract\u00e9ristiques et avantages de l'Update Solar <strong>Clip de vidange d'eau PV<\/strong><\/p>\n<ol>\n<li>Mat\u00e9riau sup\u00e9rieur - Acier inoxydable SUS304<\/li>\n<\/ol>\n<p>Haute r\u00e9sistance \u00e0 la corrosion (id\u00e9al pour les zones c\u00f4ti\u00e8res, humides ou industrielles).<\/p>\n<p>Inoxydables et r\u00e9sistants aux intemp\u00e9ries, ils garantissent leur long\u00e9vit\u00e9 m\u00eame dans des conditions extr\u00eames.<\/p>\n<p>Plus solide que l'aluminium ou l'acier galvanis\u00e9, il offre un meilleur soutien structurel.<\/p>\n<p>&nbsp;<\/p>\n<ol start=\"2\">\n<li>Conception efficace de l'\u00e9vacuation des eaux<\/li>\n<\/ol>\n<p>Emp\u00eache l'accumulation d'eau sous les panneaux solaires, r\u00e9duisant ainsi le risque d'incendie :<\/p>\n<p>Corrosion des syst\u00e8mes de montage.<\/p>\n<p>L'accumulation d'algues ou de salet\u00e9s, qui peut affecter l'efficacit\u00e9 du panneau.<\/p>\n<p>Accumulation de glace dans les climats froids.<\/p>\n<p>Am\u00e9liore l'autonettoyage en cas de pluie.<\/p>\n<p>&nbsp;<\/p>\n<ol start=\"3\">\n<li>S\u00e9curit\u00e9 et r\u00e9sistance aux vibrations<\/li>\n<\/ol>\n<p>Assure une prise ferme sur les panneaux solaires, emp\u00eachant tout mouvement d\u00fb au vent ou \u00e0 la dilatation thermique.<\/p>\n<p>R\u00e9duit le risque de desserrage au fil du temps et pr\u00e9serve la stabilit\u00e9 du syst\u00e8me.<\/p>\n<p>&nbsp;<\/p>\n<ol start=\"4\">\n<li>Compatibilit\u00e9 et facilit\u00e9 d'installation<\/li>\n<\/ol>\n<p>Fonctionne avec la plupart des cadres de panneaux solaires et des rails de montage standard.<\/p>\n<p>Trous pr\u00e9-perc\u00e9s pour faciliter l'alignement et la fixation.<\/p>\n<p>Peut \u00eatre utilis\u00e9 dans les installations solaires sur toiture, au sol et dans les abris de voiture.<\/p>\n<p>&nbsp;<\/p>\n<ol start=\"5\">\n<li>Design esth\u00e9tique et discret<\/li>\n<\/ol>\n<p>Visibilit\u00e9 minimale, maintien d'un aspect propre et professionnel.<\/p>\n<p>Pas d'ar\u00eates vives, ce qui r\u00e9duit le risque de blessure lors de l'installation.<\/p>\n<p>&nbsp;<\/p>\n<p>Applications de la mise \u00e0 jour SUS304 Solar <strong>Clip de vidange d'eau PV<\/strong><\/p>\n<p>\u2714 Toitures solaires r\u00e9sidentielles et commerciales<\/p>\n<p>\u2714 Fermes solaires au sol<\/p>\n<p>\u2714 Installations solaires pour abris de voiture et pergolas<\/p>\n<p>\u2714 Environnements c\u00f4tiers ou \u00e0 forte humidit\u00e9<\/p>\n<p>&nbsp;<\/p>\n<p>Conclusion : Le SUS304 offre le meilleur \u00e9quilibre entre durabilit\u00e9, r\u00e9sistance \u00e0 la corrosion et solidit\u00e9, ce qui le rend id\u00e9al pour les installations solaires \u00e0 long terme.<\/p>\n<p>&nbsp;<\/p>\n<p>Conseils d'installation de la mise \u00e0 jour SUS304 Solar <strong>Clip de vidange d'eau PV<\/strong><\/p>\n<p>Veiller \u00e0 un bon espacement entre les clips pour un drainage optimal de l'eau.<\/p>\n<p>Utiliser des fixations en acier inoxydable pour \u00e9viter la corrosion galvanique.<\/p>\n<p>V\u00e9rifier l'absence de d\u00e9bris apr\u00e8s l'installation afin d'\u00e9viter les blocages.<\/p>\n<p>&nbsp;<\/p>\n<p>Enfin, la mise \u00e0 jour SUS304 Solar <strong>Clip de vidange d'eau PV<\/strong>\u00a0est une solution performante et durable pour les syst\u00e8mes de montage solaire, en particulier dans les environnements difficiles. Son syst\u00e8me d'\u00e9vacuation de l'eau am\u00e9liore l'efficacit\u00e9 du syst\u00e8me, tandis que sa construction en acier inoxydable garantit sa fiabilit\u00e9 pendant des d\u00e9cennies.<\/p>\n<p>Voulez-vous des d\u00e9tails sur Update SUS304 Solar PV Water Drainage Clip ?<\/p>","protected":false},"excerpt":{"rendered":"<p>Le nouveau clip de drainage d'eau SUS304 Solar PV est antirouille, durable, prot\u00e8ge les composants, assure un drainage efficace et est plus rentable que les anciens clips de drainage d'eau des panneaux solaires.<\/p>\n<div class=\"wp-block-button popmake-1937\"><a class=\"wp-block-button__link wp-element-button\">v\u00e9rification des prix<\/a><\/div>","protected":false},"featured_media":2324,"template":"","meta":{"_uag_custom_page_level_css":"","site-sidebar-layout":"default","site-content-layout":"","ast-site-content-layout":"default","site-content-style":"default","site-sidebar-style":"default","ast-global-header-display":"","ast-banner-title-visibility":"","ast-main-header-display":"","ast-hfb-above-header-display":"","ast-hfb-below-header-display":"","ast-hfb-mobile-header-display":"","site-post-title":"","ast-breadcrumbs-content":"","ast-featured-img":"","footer-sml-layout":"","ast-disable-related-posts":"","theme-transparent-header-meta":"default","adv-header-id-meta":"","stick-header-meta":"","header-above-stick-meta":"","header-main-stick-meta":"","header-below-stick-meta":"","astra-migrate-meta-layouts":"set","ast-page-background-enabled":"default","ast-page-background-meta":{"desktop":{"background-color":"","background-image":"","background-repeat":"repeat","background-position":"center center","background-size":"auto","background-attachment":"scroll","background-type":"","background-media":"","overlay-type":"","overlay-color":"","overlay-opacity":"","overlay-gradient":""},"tablet":{"background-color":"","background-image":"","background-repeat":"repeat","background-position":"center center","background-size":"auto","background-attachment":"scroll","background-type":"","background-media":"","overlay-type":"","overlay-color":"","overlay-opacity":"","overlay-gradient":""},"mobile":{"background-color":"","background-image":"","background-repeat":"repeat","background-position":"center center","background-size":"auto","background-attachment":"scroll","background-type":"","background-media":"","overlay-type":"","overlay-color":"","overlay-opacity":"","overlay-gradient":""}},"ast-content-background-meta":{"desktop":{"background-color":"var(--ast-global-color-5)","background-image":"","background-repeat":"repeat","background-position":"center center","background-size":"auto","background-attachment":"scroll","background-type":"","background-media":"","overlay-type":"","overlay-color":"","overlay-opacity":"","overlay-gradient":""},"tablet":{"background-color":"var(--ast-global-color-5)","background-image":"","background-repeat":"repeat","background-position":"center center","background-size":"auto","background-attachment":"scroll","background-type":"","background-media":"","overlay-type":"","overlay-color":"","overlay-opacity":"","overlay-gradient":""},"mobile":{"background-color":"var(--ast-global-color-5)","background-image":"","background-repeat":"repeat","background-position":"center center","background-size":"auto","background-attachment":"scroll","background-type":"","background-media":"","overlay-type":"","overlay-color":"","overlay-opacity":"","overlay-gradient":""}}},"product_brand":[],"product_cat":[25,33],"product_tag":[36,64,66,65,63],"class_list":{"0":"post-2322","1":"product","2":"type-product","3":"status-publish","4":"has-post-thumbnail","6":"product_cat-excellent","7":"product_cat-solar-panel-accessories","8":"product_tag-solar-panel-clip","9":"product_tag-solar-panel-solar-pv-water-drainage-clip","10":"product_tag-solar-panel-water-clip","11":"product_tag-solar-pv-clip","12":"product_tag-solar-pv-water-drainage-clip","13":"desktop-align-left","14":"tablet-align-left","15":"mobile-align-left","17":"first","18":"instock","19":"shipping-taxable","20":"product-type-simple"},"spectra_custom_meta":{"_uabb_version":["1.36.1"],"_edit_last":["1"],"_edit_lock":["1751267619:1"],"_thumbnail_id":["2324"],"total_sales":["0"],"_tax_status":["taxable"],"_tax_class":[""],"_manage_stock":["no"],"_backorders":["no"],"_sold_individually":["no"],"_virtual":["no"],"_downloadable":["no"],"_download_limit":["-1"],"_download_expiry":["-1"],"_stock":[null],"_stock_status":["instock"],"_wc_average_rating":["0"],"_wc_review_count":["0"],"_product_version":["9.6.2"],"_product_image_gallery":["2323,2325,2326,2327,2328"],"site-sidebar-layout":["default"],"ast-site-content-layout":["default"],"site-content-style":["default"],"site-sidebar-style":["default"],"theme-transparent-header-meta":["default"],"astra-migrate-meta-layouts":["set"],"_uag_page_assets":["a:9:{s:3:\"css\";s:5318:\".uag-blocks-common-selector{z-index:var(--z-index-desktop) !important}@media (max-width: 976px){.uag-blocks-common-selector{z-index:var(--z-index-tablet) !important}}@media (max-width: 767px){.uag-blocks-common-selector{z-index:var(--z-index-mobile) !important}}\n.wp-block-uagb-faq{width:100%}.wp-block-uagb-faq.uagb-faq-layout-accordion .uagb-faq-child__outer-wrap .uagb-faq-questions-button{cursor:pointer}.wp-block-uagb-faq .uagb-faq-content{margin-bottom:0}.wp-block-uagb-faq .uagb-faq-content p{margin:auto}.uagb-faq-layout-grid.uagb-faq-equal-height.uagb-faq__wrap .uagb-faq-child__outer-wrap,.uagb-faq-layout-grid.uagb-faq-equal-height.uagb-faq__wrap .uagb-faq-item{height:100%}body[class*=\"astra\"] .uagb-faq-questions{line-height:normal}.uagb-faq-item{overflow:hidden}\n.wp-block-uagb-faq-child .uagb-faq-questions-button{display:flex;align-items:center}.wp-block-uagb-faq-child .uagb-faq-questions-button .uagb-faq-icon-wrap{display:flex;align-items:center}.wp-block-uagb-faq-child .uagb-faq-questions-button .uagb-question{width:100%;margin-top:0;margin-bottom:0}.wp-block-uagb-faq-child .uagb-icon svg,.wp-block-uagb-faq-child .uagb-icon-active svg{width:15px;height:15px;font-size:15px}.wp-block-uagb-faq-child.uagb-faq-child__outer-wrap.uagb-faq-item .uagb-icon-active,.wp-block-uagb-faq-child.uagb-faq-child__outer-wrap.uagb-faq-item.uagb-faq-item-active .uagb-icon,.wp-block-uagb-faq-child.uagb-faq-child__outer-wrap .uagb-faq-item .uagb-icon-active,.wp-block-uagb-faq-child.uagb-faq-child__outer-wrap .uagb-faq-item.uagb-faq-item-active .uagb-icon{display:none;width:0;padding:0;height:0;margin:0}.wp-block-uagb-faq-child.uagb-faq-child__outer-wrap.uagb-faq-item .uagb-icon,.wp-block-uagb-faq-child.uagb-faq-child__outer-wrap.uagb-faq-item.uagb-faq-item-active .uagb-icon-active,.wp-block-uagb-faq-child.uagb-faq-child__outer-wrap .uagb-faq-item .uagb-icon,.wp-block-uagb-faq-child.uagb-faq-child__outer-wrap .uagb-faq-item.uagb-faq-item-active .uagb-icon-active{display:flex;width:auto;height:auto}.uagb-faq-layout-grid .uagb-faq-child__outer-wrap.uagb-faq-item .uagb-icon,.uagb-faq-layout-grid .uagb-faq-child__outer-wrap.uagb-faq-item.uagb-faq-item-active .uagb-icon-active,.uagb-faq-layout-grid .uagb-faq-child__outer-wrap .uagb-faq-item .uagb-icon,.uagb-faq-layout-grid .uagb-faq-child__outer-wrap .uagb-faq-item.uagb-faq-item-active .uagb-icon-active{display:none}.uagb-faq-layout-grid .uagb-faq-child__outer-wrap.uagb-faq-item span.uagb-icon-active.uagb-faq-icon-wrap,.uagb-faq-layout-grid .uagb-faq-child__outer-wrap.uagb-faq-item.uagb-faq-item-active .uagb-icon-active,.uagb-faq-layout-grid .uagb-faq-child__outer-wrap .uagb-faq-item span.uagb-icon-active.uagb-faq-icon-wrap,.uagb-faq-layout-grid .uagb-faq-child__outer-wrap .uagb-faq-item.uagb-faq-item-active .uagb-icon-active{display:none}\n.uagb-block-55b5edaf .uagb-icon svg{width: 12px;height: 12px;font-size: 12px;}.uagb-block-55b5edaf .uagb-icon-active svg{width: 12px;height: 12px;font-size: 12px;}.uagb-block-55b5edaf .uagb-faq-child__outer-wrap{margin-bottom: 10px;}.uagb-block-55b5edaf .uagb-faq-item{border-top-width: 1px;border-left-width: 1px;border-right-width: 1px;border-bottom-width: 1px;border-top-left-radius: 2px;border-top-right-radius: 2px;border-bottom-left-radius: 2px;border-bottom-right-radius: 2px;border-color: #1e1e1e;border-style: solid;}.uagb-block-55b5edaf .uagb-faq-questions-button{padding-top: 10px;padding-bottom: 10px;padding-right: 10px;padding-left: 10px;}.uagb-block-55b5edaf .uagb-faq-content{padding-top: 10px;padding-bottom: 10px;padding-right: 10px;padding-left: 10px;}.uagb-block-55b5edaf .uagb-faq-content span{margin-top: 10px;margin-bottom: 10px;margin-right: 10px;margin-left: 10px;}.uagb-block-55b5edaf.uagb-faq-icon-row .uagb-faq-item .uagb-faq-icon-wrap{margin-right: 10px;}.uagb-block-55b5edaf.uagb-faq-icon-row-reverse .uagb-faq-item .uagb-faq-icon-wrap{margin-left: 10px;}.uagb-block-55b5edaf .uagb-faq-item .uagb-faq-questions-button.uagb-faq-questions{flex-direction: row;}.uagb-block-55b5edaf .wp-block-uagb-faq-child.uagb-faq-child__outer-wrap .uagb-faq-content {display: none;}@media only screen and (max-width: 976px) {.uagb-block-55b5edaf.uagb-faq-icon-row .uagb-faq-item .uagb-faq-icon-wrap{margin-right: 10px;}.uagb-block-55b5edaf.uagb-faq-icon-row-reverse .uagb-faq-item .uagb-faq-icon-wrap{margin-left: 10px;}.uagb-block-55b5edaf .uagb-faq-questions-button{padding-top: 10px;padding-bottom: 10px;padding-right: 10px;padding-left: 10px;}.uagb-block-55b5edaf .uagb-faq-content{padding-top: 10px;padding-bottom: 10px;padding-right: 10px;padding-left: 10px;}.uagb-block-55b5edaf .uagb-faq-content span{margin-top: 10px;margin-bottom: 10px;margin-right: 10px;margin-left: 10px;}}@media only screen and (max-width: 767px) {.uagb-block-55b5edaf.uagb-faq-icon-row .uagb-faq-item .uagb-faq-icon-wrap{margin-right: 10px;}.uagb-block-55b5edaf.uagb-faq-icon-row-reverse .uagb-faq-item .uagb-faq-icon-wrap{margin-left: 10px;}.uagb-block-55b5edaf .uagb-faq-questions-button{padding-top: 10px;padding-bottom: 10px;padding-right: 10px;padding-left: 10px;}.uagb-block-55b5edaf .uagb-faq-content{padding-top: 10px;padding-bottom: 10px;padding-right: 10px;padding-left: 10px;}.uagb-block-55b5edaf .uagb-faq-content span{margin-top: 10px;margin-bottom: 10px;margin-right: 10px;margin-left: 10px;}}\";s:2:\"js\";s:0:\"\";s:18:\"current_block_list\";a:10:{i:0;s:11:\"core\/search\";i:1;s:10:\"core\/group\";i:2;s:12:\"core\/heading\";i:3;s:17:\"core\/latest-posts\";i:4;s:20:\"core\/latest-comments\";i:5;s:13:\"core\/archives\";i:6;s:15:\"core\/categories\";i:7;s:14:\"core\/paragraph\";i:8;s:8:\"uagb\/faq\";i:9;s:14:\"uagb\/faq-child\";}s:8:\"uag_flag\";b:1;s:11:\"uag_version\";s:10:\"1775829763\";s:6:\"gfonts\";a:0:{}s:10:\"gfonts_url\";s:0:\"\";s:12:\"gfonts_files\";a:0:{}s:14:\"uag_faq_layout\";b:1;}"],"_uag_css_file_name":["uag-css-2322.css"]},"uagb_featured_image_src":{"full":["https:\/\/senyenergy.com\/wp-content\/uploads\/2025\/03\/Solar-PV-Water-Drainage-Clip.jpg",800,800,false],"thumbnail":["https:\/\/senyenergy.com\/wp-content\/uploads\/2025\/03\/Solar-PV-Water-Drainage-Clip-150x150.jpg",150,150,true],"medium":["https:\/\/senyenergy.com\/wp-content\/uploads\/2025\/03\/Solar-PV-Water-Drainage-Clip-300x300.jpg",300,300,true],"medium_large":["https:\/\/senyenergy.com\/wp-content\/uploads\/2025\/03\/Solar-PV-Water-Drainage-Clip-768x768.jpg",768,768,true],"large":["https:\/\/senyenergy.com\/wp-content\/uploads\/2025\/03\/Solar-PV-Water-Drainage-Clip.jpg",800,800,false],"1536x1536":["https:\/\/senyenergy.com\/wp-content\/uploads\/2025\/03\/Solar-PV-Water-Drainage-Clip.jpg",800,800,false],"2048x2048":["https:\/\/senyenergy.com\/wp-content\/uploads\/2025\/03\/Solar-PV-Water-Drainage-Clip.jpg",800,800,false],"trp-custom-language-flag":["https:\/\/senyenergy.com\/wp-content\/uploads\/2025\/03\/Solar-PV-Water-Drainage-Clip-12x12.jpg",12,12,true],"woocommerce_thumbnail":["https:\/\/senyenergy.com\/wp-content\/uploads\/2025\/03\/Solar-PV-Water-Drainage-Clip-300x300.jpg",300,300,true],"woocommerce_single":["https:\/\/senyenergy.com\/wp-content\/uploads\/2025\/03\/Solar-PV-Water-Drainage-Clip-600x600.jpg",600,600,true],"woocommerce_gallery_thumbnail":["https:\/\/senyenergy.com\/wp-content\/uploads\/2025\/03\/Solar-PV-Water-Drainage-Clip-100x100.jpg",100,100,true]},"uagb_author_info":{"display_name":"wp-admin","author_link":"https:\/\/senyenergy.com\/fr\/author\/"},"uagb_comment_info":0,"uagb_excerpt":"The update\u00a0SUS304 Solar PV Water Drainage Clip\u00a0with rust-proof, durable, component protection, efficient drainage, cost-effective than old solar panel Water Drainage off Clip. price check","_links":{"self":[{"href":"https:\/\/senyenergy.com\/fr\/wp-json\/wp\/v2\/product\/2322","targetHints":{"allow":["GET"]}}],"collection":[{"href":"https:\/\/senyenergy.com\/fr\/wp-json\/wp\/v2\/product"}],"about":[{"href":"https:\/\/senyenergy.com\/fr\/wp-json\/wp\/v2\/types\/product"}],"wp:featuredmedia":[{"embeddable":true,"href":"https:\/\/senyenergy.com\/fr\/wp-json\/wp\/v2\/media\/2324"}],"wp:attachment":[{"href":"https:\/\/senyenergy.com\/fr\/wp-json\/wp\/v2\/media?parent=2322"}],"wp:term":[{"taxonomy":"product_brand","embeddable":true,"href":"https:\/\/senyenergy.com\/fr\/wp-json\/wp\/v2\/product_brand?post=2322"},{"taxonomy":"product_cat","embeddable":true,"href":"https:\/\/senyenergy.com\/fr\/wp-json\/wp\/v2\/product_cat?post=2322"},{"taxonomy":"product_tag","embeddable":true,"href":"https:\/\/senyenergy.com\/fr\/wp-json\/wp\/v2\/product_tag?post=2322"}],"curies":[{"name":"wp","href":"https:\/\/api.w.org\/{rel}","templated":true}]}}