{"id":2262,"date":"2025-02-24T20:49:48","date_gmt":"2025-02-24T12:49:48","guid":{"rendered":"https:\/\/senyenergy.com\/?post_type=product&#038;p=2262"},"modified":"2025-07-13T12:06:02","modified_gmt":"2025-07-13T04:06:02","slug":"l-pied-montage-solaire","status":"publish","type":"product","link":"https:\/\/senyenergy.com\/fr\/produit\/l-pied-montage-solaire\/","title":{"rendered":"Pied en L avec boulon de suspension Montage solaire"},"content":{"rendered":"<p><strong>Pied en L avec boulon de suspension<\/strong> pour toiture m\u00e9tallique trap\u00e9zo\u00efdale est une solution sp\u00e9cialis\u00e9e con\u00e7ue pour installer en toute s\u00e9curit\u00e9 des panneaux solaires sur des toitures m\u00e9talliques trap\u00e9zo\u00efdales. Ces toits sont couramment utilis\u00e9s dans les b\u00e2timents industriels, commerciaux et certains b\u00e2timents r\u00e9sidentiels. Le pied en L (ou support en L) est un \u00e9l\u00e9ment cl\u00e9 de ce syst\u00e8me, car il assure une connexion stable et durable entre les panneaux solaires et la structure du toit.<\/p>\n<p>Notre entreprise propose des produits de 80 mm de hauteur, de 125 mm de hauteur et de 180 mm de hauteur.<\/p>\n<h5><\/h5>\n<p>Qu'est-ce qu'un pied en L trap\u00e9zo\u00efdal en m\u00e9tal avec boulon de suspension ?<\/p>\n<p>Ce syst\u00e8me est con\u00e7u sp\u00e9cifiquement pour les toits m\u00e9talliques trap\u00e9zo\u00efdaux, qui ont un profil ondul\u00e9 ou nervur\u00e9. Le pied en L permet de fixer les panneaux solaires sur les nervures de la toiture m\u00e9tallique sans compromettre l'int\u00e9grit\u00e9 de la toiture.<\/p>\n<h5>Caract\u00e9ristiques <strong>Pied en L avec boulon de suspension<\/strong><\/h5>\n<p>&nbsp;<\/p>\n<p>R\u00e9glable :<\/p>\n<p>Certains pieds en L sont con\u00e7us avec des angles r\u00e9glables afin d'optimiser l'inclinaison des panneaux solaires pour une exposition maximale \u00e0 la lumi\u00e8re du soleil.<\/p>\n<p>Stabilit\u00e9 :<\/p>\n<p>Assure une connexion solide et s\u00fbre, garantissant la stabilit\u00e9 des panneaux solaires m\u00eame en cas de vents violents ou de neige abondante.<\/p>\n<p>Rentable :<\/p>\n<p>Une conception simple et une production de masse font des pieds en L une solution de montage abordable.<\/p>\n<p>Compatibilit\u00e9 :<\/p>\n<p>Fonctionne parfaitement avec la plupart des marques de panneaux solaires et des syst\u00e8mes de rayonnage.<\/p>\n<h5>Applications de la <strong>Pied en L avec boulon de suspension<\/strong><\/h5>\n<p>&nbsp;<\/p>\n<p>Syst\u00e8mes mont\u00e9s sur le toit : Les pieds en L sont couramment utilis\u00e9s pour fixer les panneaux solaires sur les toits. Ils sont fix\u00e9s aux chevrons ou aux fermes du toit \u00e0 l'aide de tire-fonds ou d'autres fixations.<\/p>\n<p>Syst\u00e8mes au sol : Dans les syst\u00e8mes solaires au sol, les pieds en L peuvent \u00eatre utilis\u00e9s pour relier les panneaux aux structures de support verticales ou horizontales.<\/p>\n<p>Montage inclin\u00e9 : Les pieds en L permettent des installations inclin\u00e9es, id\u00e9ales pour optimiser les performances des panneaux solaires en fonction de l'emplacement g\u00e9ographique.<\/p>\n<p>&nbsp;<\/p>","protected":false},"excerpt":{"rendered":"<p>Si vous avez besoin de recommandations de produits sp\u00e9cifiques ou d'une assistance suppl\u00e9mentaire pour votre projet de montage solaire sur toiture m\u00e9tallique trap\u00e9zo\u00efdale, n'h\u00e9sitez pas \u00e0 nous fournir plus de d\u00e9tails !<\/p>\n<div class=\"wp-block-button popmake-1937\"><a class=\"wp-block-button__link wp-element-button\">v\u00e9rification des prix<\/a><\/div>","protected":false},"featured_media":2267,"template":"","meta":{"_uag_custom_page_level_css":"","site-sidebar-layout":"default","site-content-layout":"","ast-site-content-layout":"default","site-content-style":"default","site-sidebar-style":"default","ast-global-header-display":"","ast-banner-title-visibility":"","ast-main-header-display":"","ast-hfb-above-header-display":"","ast-hfb-below-header-display":"","ast-hfb-mobile-header-display":"","site-post-title":"","ast-breadcrumbs-content":"","ast-featured-img":"","footer-sml-layout":"","ast-disable-related-posts":"","theme-transparent-header-meta":"default","adv-header-id-meta":"","stick-header-meta":"","header-above-stick-meta":"","header-main-stick-meta":"","header-below-stick-meta":"","astra-migrate-meta-layouts":"set","ast-page-background-enabled":"default","ast-page-background-meta":{"desktop":{"background-color":"","background-image":"","background-repeat":"repeat","background-position":"center center","background-size":"auto","background-attachment":"scroll","background-type":"","background-media":"","overlay-type":"","overlay-color":"","overlay-opacity":"","overlay-gradient":""},"tablet":{"background-color":"","background-image":"","background-repeat":"repeat","background-position":"center center","background-size":"auto","background-attachment":"scroll","background-type":"","background-media":"","overlay-type":"","overlay-color":"","overlay-opacity":"","overlay-gradient":""},"mobile":{"background-color":"","background-image":"","background-repeat":"repeat","background-position":"center center","background-size":"auto","background-attachment":"scroll","background-type":"","background-media":"","overlay-type":"","overlay-color":"","overlay-opacity":"","overlay-gradient":""}},"ast-content-background-meta":{"desktop":{"background-color":"var(--ast-global-color-5)","background-image":"","background-repeat":"repeat","background-position":"center center","background-size":"auto","background-attachment":"scroll","background-type":"","background-media":"","overlay-type":"","overlay-color":"","overlay-opacity":"","overlay-gradient":""},"tablet":{"background-color":"var(--ast-global-color-5)","background-image":"","background-repeat":"repeat","background-position":"center center","background-size":"auto","background-attachment":"scroll","background-type":"","background-media":"","overlay-type":"","overlay-color":"","overlay-opacity":"","overlay-gradient":""},"mobile":{"background-color":"var(--ast-global-color-5)","background-image":"","background-repeat":"repeat","background-position":"center center","background-size":"auto","background-attachment":"scroll","background-type":"","background-media":"","overlay-type":"","overlay-color":"","overlay-opacity":"","overlay-gradient":""}}},"product_brand":[],"product_cat":[25,24],"product_tag":[260,259,50,52],"class_list":{"0":"post-2262","1":"product","2":"type-product","3":"status-publish","4":"has-post-thumbnail","6":"product_cat-excellent","7":"product_cat-solar-mounting-system","8":"product_tag-l-foot-with-hanger-bolt","9":"product_tag-l-foot-with-hanger-bolt-solar-mounting","10":"product_tag-solar-l-foot","11":"product_tag-trapezoidal-metal-roof-solar-mounting","12":"desktop-align-left","13":"tablet-align-left","14":"mobile-align-left","16":"first","17":"instock","18":"shipping-taxable","19":"product-type-simple"},"spectra_custom_meta":{"_uabb_version":["1.36.1"],"_edit_last":["1"],"_edit_lock":["1752379615:1"],"_thumbnail_id":["2267"],"total_sales":["0"],"_tax_status":["taxable"],"_tax_class":[""],"_manage_stock":["no"],"_backorders":["no"],"_sold_individually":["no"],"_virtual":["no"],"_downloadable":["no"],"_download_limit":["-1"],"_download_expiry":["-1"],"_stock":[null],"_stock_status":["instock"],"_wc_average_rating":["0"],"_wc_review_count":["0"],"_product_version":["9.6.2"],"_product_image_gallery":["2267,2265,2264,2266,2263"],"site-sidebar-layout":["default"],"ast-site-content-layout":["default"],"site-content-style":["default"],"site-sidebar-style":["default"],"theme-transparent-header-meta":["default"],"astra-migrate-meta-layouts":["set"],"_uag_page_assets":["a:9:{s:3:\"css\";s:5318:\".uag-blocks-common-selector{z-index:var(--z-index-desktop) !important}@media (max-width: 976px){.uag-blocks-common-selector{z-index:var(--z-index-tablet) !important}}@media (max-width: 767px){.uag-blocks-common-selector{z-index:var(--z-index-mobile) !important}}\n.wp-block-uagb-faq{width:100%}.wp-block-uagb-faq.uagb-faq-layout-accordion .uagb-faq-child__outer-wrap .uagb-faq-questions-button{cursor:pointer}.wp-block-uagb-faq .uagb-faq-content{margin-bottom:0}.wp-block-uagb-faq .uagb-faq-content p{margin:auto}.uagb-faq-layout-grid.uagb-faq-equal-height.uagb-faq__wrap .uagb-faq-child__outer-wrap,.uagb-faq-layout-grid.uagb-faq-equal-height.uagb-faq__wrap .uagb-faq-item{height:100%}body[class*=\"astra\"] .uagb-faq-questions{line-height:normal}.uagb-faq-item{overflow:hidden}\n.wp-block-uagb-faq-child .uagb-faq-questions-button{display:flex;align-items:center}.wp-block-uagb-faq-child .uagb-faq-questions-button .uagb-faq-icon-wrap{display:flex;align-items:center}.wp-block-uagb-faq-child .uagb-faq-questions-button .uagb-question{width:100%;margin-top:0;margin-bottom:0}.wp-block-uagb-faq-child .uagb-icon svg,.wp-block-uagb-faq-child .uagb-icon-active svg{width:15px;height:15px;font-size:15px}.wp-block-uagb-faq-child.uagb-faq-child__outer-wrap.uagb-faq-item .uagb-icon-active,.wp-block-uagb-faq-child.uagb-faq-child__outer-wrap.uagb-faq-item.uagb-faq-item-active .uagb-icon,.wp-block-uagb-faq-child.uagb-faq-child__outer-wrap .uagb-faq-item .uagb-icon-active,.wp-block-uagb-faq-child.uagb-faq-child__outer-wrap .uagb-faq-item.uagb-faq-item-active .uagb-icon{display:none;width:0;padding:0;height:0;margin:0}.wp-block-uagb-faq-child.uagb-faq-child__outer-wrap.uagb-faq-item .uagb-icon,.wp-block-uagb-faq-child.uagb-faq-child__outer-wrap.uagb-faq-item.uagb-faq-item-active .uagb-icon-active,.wp-block-uagb-faq-child.uagb-faq-child__outer-wrap .uagb-faq-item .uagb-icon,.wp-block-uagb-faq-child.uagb-faq-child__outer-wrap .uagb-faq-item.uagb-faq-item-active .uagb-icon-active{display:flex;width:auto;height:auto}.uagb-faq-layout-grid .uagb-faq-child__outer-wrap.uagb-faq-item .uagb-icon,.uagb-faq-layout-grid .uagb-faq-child__outer-wrap.uagb-faq-item.uagb-faq-item-active .uagb-icon-active,.uagb-faq-layout-grid .uagb-faq-child__outer-wrap .uagb-faq-item .uagb-icon,.uagb-faq-layout-grid .uagb-faq-child__outer-wrap .uagb-faq-item.uagb-faq-item-active .uagb-icon-active{display:none}.uagb-faq-layout-grid .uagb-faq-child__outer-wrap.uagb-faq-item span.uagb-icon-active.uagb-faq-icon-wrap,.uagb-faq-layout-grid .uagb-faq-child__outer-wrap.uagb-faq-item.uagb-faq-item-active .uagb-icon-active,.uagb-faq-layout-grid .uagb-faq-child__outer-wrap .uagb-faq-item span.uagb-icon-active.uagb-faq-icon-wrap,.uagb-faq-layout-grid .uagb-faq-child__outer-wrap .uagb-faq-item.uagb-faq-item-active .uagb-icon-active{display:none}\n.uagb-block-55b5edaf .uagb-icon svg{width: 12px;height: 12px;font-size: 12px;}.uagb-block-55b5edaf .uagb-icon-active svg{width: 12px;height: 12px;font-size: 12px;}.uagb-block-55b5edaf .uagb-faq-child__outer-wrap{margin-bottom: 10px;}.uagb-block-55b5edaf .uagb-faq-item{border-top-width: 1px;border-left-width: 1px;border-right-width: 1px;border-bottom-width: 1px;border-top-left-radius: 2px;border-top-right-radius: 2px;border-bottom-left-radius: 2px;border-bottom-right-radius: 2px;border-color: #1e1e1e;border-style: solid;}.uagb-block-55b5edaf .uagb-faq-questions-button{padding-top: 10px;padding-bottom: 10px;padding-right: 10px;padding-left: 10px;}.uagb-block-55b5edaf .uagb-faq-content{padding-top: 10px;padding-bottom: 10px;padding-right: 10px;padding-left: 10px;}.uagb-block-55b5edaf .uagb-faq-content span{margin-top: 10px;margin-bottom: 10px;margin-right: 10px;margin-left: 10px;}.uagb-block-55b5edaf.uagb-faq-icon-row .uagb-faq-item .uagb-faq-icon-wrap{margin-right: 10px;}.uagb-block-55b5edaf.uagb-faq-icon-row-reverse .uagb-faq-item .uagb-faq-icon-wrap{margin-left: 10px;}.uagb-block-55b5edaf .uagb-faq-item .uagb-faq-questions-button.uagb-faq-questions{flex-direction: row;}.uagb-block-55b5edaf .wp-block-uagb-faq-child.uagb-faq-child__outer-wrap .uagb-faq-content {display: none;}@media only screen and (max-width: 976px) {.uagb-block-55b5edaf.uagb-faq-icon-row .uagb-faq-item .uagb-faq-icon-wrap{margin-right: 10px;}.uagb-block-55b5edaf.uagb-faq-icon-row-reverse .uagb-faq-item .uagb-faq-icon-wrap{margin-left: 10px;}.uagb-block-55b5edaf .uagb-faq-questions-button{padding-top: 10px;padding-bottom: 10px;padding-right: 10px;padding-left: 10px;}.uagb-block-55b5edaf .uagb-faq-content{padding-top: 10px;padding-bottom: 10px;padding-right: 10px;padding-left: 10px;}.uagb-block-55b5edaf .uagb-faq-content span{margin-top: 10px;margin-bottom: 10px;margin-right: 10px;margin-left: 10px;}}@media only screen and (max-width: 767px) {.uagb-block-55b5edaf.uagb-faq-icon-row .uagb-faq-item .uagb-faq-icon-wrap{margin-right: 10px;}.uagb-block-55b5edaf.uagb-faq-icon-row-reverse .uagb-faq-item .uagb-faq-icon-wrap{margin-left: 10px;}.uagb-block-55b5edaf .uagb-faq-questions-button{padding-top: 10px;padding-bottom: 10px;padding-right: 10px;padding-left: 10px;}.uagb-block-55b5edaf .uagb-faq-content{padding-top: 10px;padding-bottom: 10px;padding-right: 10px;padding-left: 10px;}.uagb-block-55b5edaf .uagb-faq-content span{margin-top: 10px;margin-bottom: 10px;margin-right: 10px;margin-left: 10px;}}\";s:2:\"js\";s:0:\"\";s:18:\"current_block_list\";a:10:{i:0;s:11:\"core\/search\";i:1;s:10:\"core\/group\";i:2;s:12:\"core\/heading\";i:3;s:17:\"core\/latest-posts\";i:4;s:20:\"core\/latest-comments\";i:5;s:13:\"core\/archives\";i:6;s:15:\"core\/categories\";i:7;s:14:\"core\/paragraph\";i:8;s:8:\"uagb\/faq\";i:9;s:14:\"uagb\/faq-child\";}s:8:\"uag_flag\";b:1;s:11:\"uag_version\";s:10:\"1775829763\";s:6:\"gfonts\";a:0:{}s:10:\"gfonts_url\";s:0:\"\";s:12:\"gfonts_files\";a:0:{}s:14:\"uag_faq_layout\";b:1;}"],"_uag_css_file_name":["uag-css-2262.css"]},"uagb_featured_image_src":{"full":["https:\/\/senyenergy.com\/wp-content\/uploads\/2025\/02\/L-foot-with-hanger-bolt.jpg",800,600,false],"thumbnail":["https:\/\/senyenergy.com\/wp-content\/uploads\/2025\/02\/L-foot-with-hanger-bolt-150x150.jpg",150,150,true],"medium":["https:\/\/senyenergy.com\/wp-content\/uploads\/2025\/02\/L-foot-with-hanger-bolt-300x225.jpg",300,225,true],"medium_large":["https:\/\/senyenergy.com\/wp-content\/uploads\/2025\/02\/L-foot-with-hanger-bolt-768x576.jpg",768,576,true],"large":["https:\/\/senyenergy.com\/wp-content\/uploads\/2025\/02\/L-foot-with-hanger-bolt.jpg",800,600,false],"1536x1536":["https:\/\/senyenergy.com\/wp-content\/uploads\/2025\/02\/L-foot-with-hanger-bolt.jpg",800,600,false],"2048x2048":["https:\/\/senyenergy.com\/wp-content\/uploads\/2025\/02\/L-foot-with-hanger-bolt.jpg",800,600,false],"trp-custom-language-flag":["https:\/\/senyenergy.com\/wp-content\/uploads\/2025\/02\/L-foot-with-hanger-bolt-16x12.jpg",16,12,true],"woocommerce_thumbnail":["https:\/\/senyenergy.com\/wp-content\/uploads\/2025\/02\/L-foot-with-hanger-bolt-300x300.jpg",300,300,true],"woocommerce_single":["https:\/\/senyenergy.com\/wp-content\/uploads\/2025\/02\/L-foot-with-hanger-bolt-600x450.jpg",600,450,true],"woocommerce_gallery_thumbnail":["https:\/\/senyenergy.com\/wp-content\/uploads\/2025\/02\/L-foot-with-hanger-bolt-100x100.jpg",100,100,true]},"uagb_author_info":{"display_name":"wp-admin","author_link":"https:\/\/senyenergy.com\/fr\/author\/"},"uagb_comment_info":0,"uagb_excerpt":"If you need specific product recommendations or further assistance with your trapezoidal metal roof solar mounting project, feel free to provide more details! price check","_links":{"self":[{"href":"https:\/\/senyenergy.com\/fr\/wp-json\/wp\/v2\/product\/2262","targetHints":{"allow":["GET"]}}],"collection":[{"href":"https:\/\/senyenergy.com\/fr\/wp-json\/wp\/v2\/product"}],"about":[{"href":"https:\/\/senyenergy.com\/fr\/wp-json\/wp\/v2\/types\/product"}],"wp:featuredmedia":[{"embeddable":true,"href":"https:\/\/senyenergy.com\/fr\/wp-json\/wp\/v2\/media\/2267"}],"wp:attachment":[{"href":"https:\/\/senyenergy.com\/fr\/wp-json\/wp\/v2\/media?parent=2262"}],"wp:term":[{"taxonomy":"product_brand","embeddable":true,"href":"https:\/\/senyenergy.com\/fr\/wp-json\/wp\/v2\/product_brand?post=2262"},{"taxonomy":"product_cat","embeddable":true,"href":"https:\/\/senyenergy.com\/fr\/wp-json\/wp\/v2\/product_cat?post=2262"},{"taxonomy":"product_tag","embeddable":true,"href":"https:\/\/senyenergy.com\/fr\/wp-json\/wp\/v2\/product_tag?post=2262"}],"curies":[{"name":"wp","href":"https:\/\/api.w.org\/{rel}","templated":true}]}}