{"id":2203,"date":"2025-02-23T16:58:56","date_gmt":"2025-02-23T08:58:56","guid":{"rendered":"https:\/\/senyenergy.com\/?post_type=product&#038;p=2203"},"modified":"2025-11-13T12:20:31","modified_gmt":"2025-11-13T04:20:31","slug":"passerelle-solaire-antiderapante-en-aluminium-2","status":"publish","type":"product","link":"https:\/\/senyenergy.com\/fr\/produit\/passerelle-solaire-antiderapante-en-aluminium-2\/","title":{"rendered":"Passerelle solaire antid\u00e9rapante en aluminium pour toiture"},"content":{"rendered":"<p>Antid\u00e9rapant <strong>Passerelle solaire en aluminium<\/strong> est un panneau antid\u00e9rapant sp\u00e9cialement con\u00e7u. Les passerelles en aluminium sont largement utilis\u00e9es dans les installations photovolta\u00efques et dans d'autres secteurs industriels. Elles constituent une surface s\u00fbre et stable permettant aux travailleurs d'acc\u00e9der aux panneaux solaires et d'effectuer des t\u00e2ches de maintenance.<\/p>\n<p>La l\u00e9g\u00e8ret\u00e9 de l'aluminium facilite le transport et l'installation, ce qui r\u00e9duit les co\u00fbts de main-d'\u0153uvre. Ses propri\u00e9t\u00e9s de r\u00e9sistance \u00e0 la corrosion garantissent sa durabilit\u00e9, m\u00eame dans des conditions climatiques difficiles. Ces passerelles sont \u00e9galement largement utilis\u00e9es dans les secteurs de la fabrication, de la construction et de la logistique, car elles offrent une voie fiable pour des d\u00e9placements efficaces et une s\u00e9curit\u00e9 accrue.<\/p>\n\n<table id=\"tablepress-2\" class=\"tablepress tablepress-id-2\">\n<thead>\n<tr class=\"row-1\">\n\t<td class=\"column-1\"><\/td><th class=\"column-2\">DATASHEET<\/th>\n<\/tr>\n<\/thead>\n<tbody class=\"row-striping row-hover\">\n<tr class=\"row-2\">\n\t<td class=\"column-1\"><\/td><td class=\"column-2\"><\/td>\n<\/tr>\n<tr class=\"row-3\">\n\t<td class=\"column-1\">NO.\uff1a<\/td><td class=\"column-2\">SY-AWS<\/td>\n<\/tr>\n<tr class=\"row-4\">\n\t<td class=\"column-1\">Angle d'installation :<\/td><td class=\"column-2\">0-30 degr\u00e9s<\/td>\n<\/tr>\n<tr class=\"row-5\">\n\t<td class=\"column-1\">Charge de neige\uff1a<\/td><td class=\"column-2\">1,4 KN \/ M2<\/td>\n<\/tr>\n<tr class=\"row-6\">\n\t<td class=\"column-1\">Garantie :<\/td><td class=\"column-2\">10 ans<\/td>\n<\/tr>\n<tr class=\"row-7\">\n\t<td class=\"column-1\">Dur\u00e9e de vie :<\/td><td class=\"column-2\">25 ans<\/td>\n<\/tr>\n<tr class=\"row-8\">\n\t<td class=\"column-1\">Vitesse du vent\uff1a<\/td><td class=\"column-2\">60 M\/s<\/td>\n<\/tr>\n<tr class=\"row-9\">\n\t<td class=\"column-1\">Taille :<\/td><td class=\"column-2\">3000*350*30mm.  Peut \u00eatre personnalis\u00e9<\/td>\n<\/tr>\n<tr class=\"row-10\">\n\t<td class=\"column-1\">Mat\u00e9riau :<\/td><td class=\"column-2\">Aluminium<\/td>\n<\/tr>\n<tr class=\"row-11\">\n\t<td class=\"column-1\">Type de produit :<\/td><td class=\"column-2\">Passerelle antid\u00e9rapante en aluminium<\/td>\n<\/tr>\n<tr class=\"row-12\">\n\t<td class=\"column-1\">Standard :<\/td><td class=\"column-2\">AS\/NZS1170 &amp; DIN 1055<\/td>\n<\/tr>\n<tr class=\"row-13\">\n\t<td class=\"column-1\">Orientation\uff1a<\/td><td class=\"column-2\">Paysage,Portrait<\/td>\n<\/tr>\n<tr class=\"row-14\">\n\t<td class=\"column-1\">Lieu d'installation :<\/td><td class=\"column-2\">Installations de panneaux solaires sur les toits et autres secteurs industriels<\/td>\n<\/tr>\n<\/tbody>\n<\/table>\n\n<h5>Caract\u00e9ristiques et avantages de la <strong>Passerelle solaire en aluminium<\/strong><\/h5>\n<p>Performance antid\u00e9rapante : La surface comporte une s\u00e9rie de protub\u00e9rances pointues ressemblant \u00e0 des dents, ce qui augmente la friction et offre d'excellentes performances antid\u00e9rapantes pour \u00e9viter les glissades et les chutes.<\/p>\n<p>Durabilit\u00e9 : Il est g\u00e9n\u00e9ralement fabriqu\u00e9 \u00e0 partir d'un alliage d'aluminium r\u00e9sistant \u00e0 la corrosion, ce qui garantit sa durabilit\u00e9 et sa longue dur\u00e9e de vie.<\/p>\n<p>Autonettoyant. Le trou sur la surface permet de filtrer les \u00e9l\u00e9ments suppl\u00e9mentaires. La structure sur\u00e9lev\u00e9e de la passerelle antid\u00e9rapante facilite le drainage, emp\u00eachant l'eau ou d'autres liquides de s'accumuler sur la surface. Les effets antid\u00e9rapants sont ainsi renforc\u00e9s et conviennent particuli\u00e8rement aux environnements humides ou aux zones n\u00e9cessitant un drainage.<\/p>\n<p>R\u00e9utilisable : Les passerelles antid\u00e9rapantes en aluminium peuvent \u00eatre relativement faciles \u00e0 d\u00e9monter et \u00e0 r\u00e9installer avec un poids l\u00e9ger, ce qui les rend r\u00e9utilisables. C'est un avantage dans les situations o\u00f9 il est n\u00e9cessaire de d\u00e9placer ou de remplacer les planches antid\u00e9rapantes. Longue dur\u00e9e de vie et peu d'entretien.<\/p>\n<h5>Emballage de la <strong>Passerelle solaire en aluminium<\/strong><\/h5>\n<p>Palette en acier de haute qualit\u00e9 avec courroie en acier solide, palette en bois, et peut \u00e9galement \u00eatre emball\u00e9e selon la demande.<\/p>\n<p>La passerelle antid\u00e9rapante Solar en aluminium est un produit actualis\u00e9 dont le mat\u00e9riau est pass\u00e9 de la fibre de verre renforc\u00e9e \u00e0 l'aluminium, qui est plus l\u00e9ger et beaucoup plus facile \u00e0 installer sur le site. Elle est combin\u00e9e avec notre pince d'extr\u00e9mit\u00e9, notre rail lat\u00e9ral et notre pied en L. Les dimensions courantes sont de 3000*350*30mm. Peut \u00eatre personnalis\u00e9. La port\u00e9e peut \u00eatre de 1000 mm \u00e0 1200 mm.<\/p>\n<p>La polyvalence et la praticit\u00e9 de l'antid\u00e9rapant <strong>Passerelle solaire en aluminium <\/strong>en font un choix privil\u00e9gi\u00e9 pour diverses applications industrielles.<\/p>\n<p>&nbsp;<\/p>","protected":false},"excerpt":{"rendered":"<p>La passerelle solaire en aluminium est un panneau antid\u00e9rapant sp\u00e9cialement con\u00e7u. Les passerelles en aluminium sont largement utilis\u00e9es dans les installations photovolta\u00efques avec des performances antid\u00e9rapantes et autonettoyantes pour les projets solaires en toiture. Nous sommes l'usine directe de passerelle solaire en aluminium.<\/p>\n<div class=\"wp-block-button popmake-1937\"><a class=\"wp-block-button__link wp-element-button\">v\u00e9rification des prix<\/a><\/div>","protected":false},"featured_media":2204,"template":"","meta":{"_uag_custom_page_level_css":"","site-sidebar-layout":"default","site-content-layout":"","ast-site-content-layout":"default","site-content-style":"default","site-sidebar-style":"default","ast-global-header-display":"","ast-banner-title-visibility":"","ast-main-header-display":"","ast-hfb-above-header-display":"","ast-hfb-below-header-display":"","ast-hfb-mobile-header-display":"","site-post-title":"","ast-breadcrumbs-content":"","ast-featured-img":"","footer-sml-layout":"","ast-disable-related-posts":"","theme-transparent-header-meta":"default","adv-header-id-meta":"","stick-header-meta":"","header-above-stick-meta":"","header-main-stick-meta":"","header-below-stick-meta":"","astra-migrate-meta-layouts":"set","ast-page-background-enabled":"default","ast-page-background-meta":{"desktop":{"background-color":"","background-image":"","background-repeat":"repeat","background-position":"center center","background-size":"auto","background-attachment":"scroll","background-type":"","background-media":"","overlay-type":"","overlay-color":"","overlay-opacity":"","overlay-gradient":""},"tablet":{"background-color":"","background-image":"","background-repeat":"repeat","background-position":"center center","background-size":"auto","background-attachment":"scroll","background-type":"","background-media":"","overlay-type":"","overlay-color":"","overlay-opacity":"","overlay-gradient":""},"mobile":{"background-color":"","background-image":"","background-repeat":"repeat","background-position":"center center","background-size":"auto","background-attachment":"scroll","background-type":"","background-media":"","overlay-type":"","overlay-color":"","overlay-opacity":"","overlay-gradient":""}},"ast-content-background-meta":{"desktop":{"background-color":"var(--ast-global-color-5)","background-image":"","background-repeat":"repeat","background-position":"center center","background-size":"auto","background-attachment":"scroll","background-type":"","background-media":"","overlay-type":"","overlay-color":"","overlay-opacity":"","overlay-gradient":""},"tablet":{"background-color":"var(--ast-global-color-5)","background-image":"","background-repeat":"repeat","background-position":"center center","background-size":"auto","background-attachment":"scroll","background-type":"","background-media":"","overlay-type":"","overlay-color":"","overlay-opacity":"","overlay-gradient":""},"mobile":{"background-color":"var(--ast-global-color-5)","background-image":"","background-repeat":"repeat","background-position":"center center","background-size":"auto","background-attachment":"scroll","background-type":"","background-media":"","overlay-type":"","overlay-color":"","overlay-opacity":"","overlay-gradient":""}}},"product_brand":[],"product_cat":[25,23],"product_tag":[41,363,43],"class_list":{"0":"post-2203","1":"product","2":"type-product","3":"status-publish","4":"has-post-thumbnail","6":"product_cat-excellent","7":"product_cat-solar-accessories","8":"product_tag-aluminum-walkways","9":"product_tag-anti-slip-solar-aluminum-walkway-for-roof","10":"product_tag-solar-walkways","11":"desktop-align-left","12":"tablet-align-left","13":"mobile-align-left","15":"first","16":"instock","17":"shipping-taxable","18":"product-type-simple"},"spectra_custom_meta":{"_uabb_version":["1.36.1"],"_edit_last":["1"],"_edit_lock":["1763007538:1"],"_thumbnail_id":["2204"],"total_sales":["0"],"_tax_status":["taxable"],"_tax_class":[""],"_manage_stock":["no"],"_backorders":["no"],"_sold_individually":["no"],"_virtual":["no"],"_downloadable":["no"],"_download_limit":["-1"],"_download_expiry":["-1"],"_stock":[null],"_stock_status":["instock"],"_wc_average_rating":["0"],"_wc_review_count":["0"],"_product_version":["9.6.2"],"_product_image_gallery":["2204,2205,2207,2209,2208,2206"],"site-sidebar-layout":["default"],"ast-site-content-layout":["default"],"site-content-style":["default"],"site-sidebar-style":["default"],"theme-transparent-header-meta":["default"],"wb_custom_tabs":["a:0:{}"],"_wp_old_slug":["solar-aluminum-anti-slip-walkway"],"astra-migrate-meta-layouts":["set"],"_uag_page_assets":["a:9:{s:3:\"css\";s:5051:\".wp-block-uagb-faq{width:100%}.wp-block-uagb-faq.uagb-faq-layout-accordion .uagb-faq-child__outer-wrap .uagb-faq-questions-button{cursor:pointer}.wp-block-uagb-faq .uagb-faq-content{margin-bottom:0}.wp-block-uagb-faq .uagb-faq-content p{margin:auto}.uagb-faq-layout-grid.uagb-faq-equal-height.uagb-faq__wrap .uagb-faq-child__outer-wrap,.uagb-faq-layout-grid.uagb-faq-equal-height.uagb-faq__wrap .uagb-faq-item{height:100%}body[class*=astra] .uagb-faq-questions{line-height:normal}.uagb-faq-item{overflow:hidden}.wp-block-uagb-faq-child .uagb-faq-questions-button{display:flex;align-items:center}.wp-block-uagb-faq-child .uagb-faq-questions-button .uagb-faq-icon-wrap{display:flex;align-items:center}.wp-block-uagb-faq-child .uagb-faq-questions-button .uagb-question{width:100%;margin-top:0;margin-bottom:0}.wp-block-uagb-faq-child .uagb-icon svg,.wp-block-uagb-faq-child .uagb-icon-active svg{width:15px;height:15px;font-size:15px}.wp-block-uagb-faq-child.uagb-faq-child__outer-wrap.uagb-faq-item .uagb-icon-active,.wp-block-uagb-faq-child.uagb-faq-child__outer-wrap.uagb-faq-item.uagb-faq-item-active .uagb-icon,.wp-block-uagb-faq-child.uagb-faq-child__outer-wrap .uagb-faq-item .uagb-icon-active,.wp-block-uagb-faq-child.uagb-faq-child__outer-wrap .uagb-faq-item.uagb-faq-item-active .uagb-icon{display:none;width:0;padding:0;height:0;margin:0}.wp-block-uagb-faq-child.uagb-faq-child__outer-wrap.uagb-faq-item .uagb-icon,.wp-block-uagb-faq-child.uagb-faq-child__outer-wrap.uagb-faq-item.uagb-faq-item-active .uagb-icon-active,.wp-block-uagb-faq-child.uagb-faq-child__outer-wrap .uagb-faq-item .uagb-icon,.wp-block-uagb-faq-child.uagb-faq-child__outer-wrap .uagb-faq-item.uagb-faq-item-active .uagb-icon-active{display:flex;width:auto;height:auto}.uagb-faq-layout-grid .uagb-faq-child__outer-wrap.uagb-faq-item .uagb-icon,.uagb-faq-layout-grid .uagb-faq-child__outer-wrap.uagb-faq-item.uagb-faq-item-active .uagb-icon-active,.uagb-faq-layout-grid .uagb-faq-child__outer-wrap .uagb-faq-item .uagb-icon,.uagb-faq-layout-grid .uagb-faq-child__outer-wrap .uagb-faq-item.uagb-faq-item-active .uagb-icon-active{display:none}.uagb-faq-layout-grid .uagb-faq-child__outer-wrap.uagb-faq-item span.uagb-icon-active.uagb-faq-icon-wrap,.uagb-faq-layout-grid .uagb-faq-child__outer-wrap.uagb-faq-item.uagb-faq-item-active .uagb-icon-active,.uagb-faq-layout-grid .uagb-faq-child__outer-wrap .uagb-faq-item span.uagb-icon-active.uagb-faq-icon-wrap,.uagb-faq-layout-grid .uagb-faq-child__outer-wrap .uagb-faq-item.uagb-faq-item-active .uagb-icon-active{display:none}.uagb-block-55b5edaf .uagb-icon svg{width: 12px;height: 12px;font-size: 12px;}.uagb-block-55b5edaf .uagb-icon-active svg{width: 12px;height: 12px;font-size: 12px;}.uagb-block-55b5edaf .uagb-faq-child__outer-wrap{margin-bottom: 10px;}.uagb-block-55b5edaf .uagb-faq-item{border-top-width: 1px;border-left-width: 1px;border-right-width: 1px;border-bottom-width: 1px;border-top-left-radius: 2px;border-top-right-radius: 2px;border-bottom-left-radius: 2px;border-bottom-right-radius: 2px;border-color: #1e1e1e;border-style: solid;}.uagb-block-55b5edaf .uagb-faq-questions-button{padding-top: 10px;padding-bottom: 10px;padding-right: 10px;padding-left: 10px;}.uagb-block-55b5edaf .uagb-faq-content{padding-top: 10px;padding-bottom: 10px;padding-right: 10px;padding-left: 10px;}.uagb-block-55b5edaf .uagb-faq-content span{margin-top: 10px;margin-bottom: 10px;margin-right: 10px;margin-left: 10px;}.uagb-block-55b5edaf.uagb-faq-icon-row .uagb-faq-item .uagb-faq-icon-wrap{margin-right: 10px;}.uagb-block-55b5edaf.uagb-faq-icon-row-reverse .uagb-faq-item .uagb-faq-icon-wrap{margin-left: 10px;}.uagb-block-55b5edaf .uagb-faq-item .uagb-faq-questions-button.uagb-faq-questions{flex-direction: row;}.uagb-block-55b5edaf .wp-block-uagb-faq-child.uagb-faq-child__outer-wrap .uagb-faq-content {display: none;}@media only screen and (max-width: 976px) {.uagb-block-55b5edaf.uagb-faq-icon-row .uagb-faq-item .uagb-faq-icon-wrap{margin-right: 10px;}.uagb-block-55b5edaf.uagb-faq-icon-row-reverse .uagb-faq-item .uagb-faq-icon-wrap{margin-left: 10px;}.uagb-block-55b5edaf .uagb-faq-questions-button{padding-top: 10px;padding-bottom: 10px;padding-right: 10px;padding-left: 10px;}.uagb-block-55b5edaf .uagb-faq-content{padding-top: 10px;padding-bottom: 10px;padding-right: 10px;padding-left: 10px;}.uagb-block-55b5edaf .uagb-faq-content span{margin-top: 10px;margin-bottom: 10px;margin-right: 10px;margin-left: 10px;}}@media only screen and (max-width: 767px) {.uagb-block-55b5edaf.uagb-faq-icon-row .uagb-faq-item .uagb-faq-icon-wrap{margin-right: 10px;}.uagb-block-55b5edaf.uagb-faq-icon-row-reverse .uagb-faq-item .uagb-faq-icon-wrap{margin-left: 10px;}.uagb-block-55b5edaf .uagb-faq-questions-button{padding-top: 10px;padding-bottom: 10px;padding-right: 10px;padding-left: 10px;}.uagb-block-55b5edaf .uagb-faq-content{padding-top: 10px;padding-bottom: 10px;padding-right: 10px;padding-left: 10px;}.uagb-block-55b5edaf .uagb-faq-content span{margin-top: 10px;margin-bottom: 10px;margin-right: 10px;margin-left: 10px;}}\";s:2:\"js\";s:0:\"\";s:18:\"current_block_list\";a:10:{i:0;s:11:\"core\/search\";i:1;s:10:\"core\/group\";i:2;s:12:\"core\/heading\";i:3;s:17:\"core\/latest-posts\";i:4;s:20:\"core\/latest-comments\";i:5;s:13:\"core\/archives\";i:6;s:15:\"core\/categories\";i:7;s:14:\"core\/paragraph\";i:8;s:8:\"uagb\/faq\";i:9;s:14:\"uagb\/faq-child\";}s:8:\"uag_flag\";b:1;s:11:\"uag_version\";s:10:\"1777556832\";s:6:\"gfonts\";a:0:{}s:10:\"gfonts_url\";s:0:\"\";s:12:\"gfonts_files\";a:0:{}s:14:\"uag_faq_layout\";b:1;}"],"_uag_css_file_name":["uag-css-2203.css"]},"uagb_featured_image_src":{"full":["https:\/\/senyenergy.com\/wp-content\/uploads\/2025\/02\/aluminum-anti-slip-walkway.jpg",800,600,false],"thumbnail":["https:\/\/senyenergy.com\/wp-content\/uploads\/2025\/02\/aluminum-anti-slip-walkway-150x150.jpg",150,150,true],"medium":["https:\/\/senyenergy.com\/wp-content\/uploads\/2025\/02\/aluminum-anti-slip-walkway-300x225.jpg",300,225,true],"medium_large":["https:\/\/senyenergy.com\/wp-content\/uploads\/2025\/02\/aluminum-anti-slip-walkway-768x576.jpg",768,576,true],"large":["https:\/\/senyenergy.com\/wp-content\/uploads\/2025\/02\/aluminum-anti-slip-walkway.jpg",800,600,false],"1536x1536":["https:\/\/senyenergy.com\/wp-content\/uploads\/2025\/02\/aluminum-anti-slip-walkway.jpg",800,600,false],"2048x2048":["https:\/\/senyenergy.com\/wp-content\/uploads\/2025\/02\/aluminum-anti-slip-walkway.jpg",800,600,false],"trp-custom-language-flag":["https:\/\/senyenergy.com\/wp-content\/uploads\/2025\/02\/aluminum-anti-slip-walkway-16x12.jpg",16,12,true],"woocommerce_thumbnail":["https:\/\/senyenergy.com\/wp-content\/uploads\/2025\/02\/aluminum-anti-slip-walkway-300x300.jpg",300,300,true],"woocommerce_single":["https:\/\/senyenergy.com\/wp-content\/uploads\/2025\/02\/aluminum-anti-slip-walkway-600x450.jpg",600,450,true],"woocommerce_gallery_thumbnail":["https:\/\/senyenergy.com\/wp-content\/uploads\/2025\/02\/aluminum-anti-slip-walkway-100x100.jpg",100,100,true]},"uagb_author_info":{"display_name":"wp-admin","author_link":"https:\/\/senyenergy.com\/fr\/author\/"},"uagb_comment_info":0,"uagb_excerpt":"Aluminum Solar walkway is a specially designed anti-slip board. Aluminum walkways are extensively used in photovoltaic installations with Anti-slip Performance and self-cleaning for rooftop solar projects. We are the Aluminum Solar walkway factory directly. price check","_links":{"self":[{"href":"https:\/\/senyenergy.com\/fr\/wp-json\/wp\/v2\/product\/2203","targetHints":{"allow":["GET"]}}],"collection":[{"href":"https:\/\/senyenergy.com\/fr\/wp-json\/wp\/v2\/product"}],"about":[{"href":"https:\/\/senyenergy.com\/fr\/wp-json\/wp\/v2\/types\/product"}],"wp:featuredmedia":[{"embeddable":true,"href":"https:\/\/senyenergy.com\/fr\/wp-json\/wp\/v2\/media\/2204"}],"wp:attachment":[{"href":"https:\/\/senyenergy.com\/fr\/wp-json\/wp\/v2\/media?parent=2203"}],"wp:term":[{"taxonomy":"product_brand","embeddable":true,"href":"https:\/\/senyenergy.com\/fr\/wp-json\/wp\/v2\/product_brand?post=2203"},{"taxonomy":"product_cat","embeddable":true,"href":"https:\/\/senyenergy.com\/fr\/wp-json\/wp\/v2\/product_cat?post=2203"},{"taxonomy":"product_tag","embeddable":true,"href":"https:\/\/senyenergy.com\/fr\/wp-json\/wp\/v2\/product_tag?post=2203"}],"curies":[{"name":"wp","href":"https:\/\/api.w.org\/{rel}","templated":true}]}}