{"id":2197,"date":"2025-02-23T16:33:24","date_gmt":"2025-02-23T08:33:24","guid":{"rendered":"https:\/\/senyenergy.com\/?post_type=product&#038;p=2197"},"modified":"2025-06-30T15:09:33","modified_gmt":"2025-06-30T07:09:33","slug":"nouveau-systeme-de-montage-solaire-etanche-en-aluminium","status":"publish","type":"product","link":"https:\/\/senyenergy.com\/fr\/produit\/nouveau-systeme-de-montage-solaire-etanche-en-aluminium\/","title":{"rendered":"Nouveau syst\u00e8me de montage solaire \u00e9tanche en aluminium"},"content":{"rendered":"<p>Le nouvel aluminium<strong> Montage solaire \u00e9tanche <\/strong>est le tout dernier produit r\u00e9pondant \u00e0 la demande du march\u00e9. Le montage \u00e9tanche est con\u00e7u pour garantir une installation efficace des panneaux solaires tout en offrant une protection contre les infiltrations d'eau et les d\u00e9fis environnementaux. Il est enti\u00e8rement \u00e9tanche gr\u00e2ce aux composants horizontaux et verticaux \u00e9tanches, ce qui en fait une solution innovante pour l'installation de panneaux solaires.<strong><b>\u00a0<\/b><\/strong>Toit m\u00e9tallique\/toit plat\/terrain\/port\/serre\/pergola<strong><b>.<\/b><\/strong><\/p>\n<p>Notre nouveau syst\u00e8me de montage solaire \u00e9tanche en aluminium pr\u00e9sente de nombreux avantages. Il s\u00e9lectionne un rail \u00e9tanche de type W, qui permet un drainage rapide et une bonne \u00e9tanch\u00e9it\u00e9. La structure \u00e9tanche est s\u00fbre et fiable, conforme \u00e0 la double norme de protection des b\u00e2timents et de l'\u00e9nergie photovolta\u00efque. Il pr\u00e9sente une forte r\u00e9sistance \u00e0 la corrosion, une duret\u00e9 \u00e9lev\u00e9e, une bonne r\u00e9sistance \u00e0 l'usure, la surface est autor\u00e9parable. De plus, sa large gamme d'applications convient \u00e0 une vari\u00e9t\u00e9 de sc\u00e9narios d'application de l'\u00e9tanch\u00e9it\u00e9 des toits photovolta\u00efques.<\/p>\n<p><strong><b>\u00a0<\/b><\/strong><\/p>\n<p>Caract\u00e9ristiques du nouvel aluminium <strong>Montage solaire \u00e9tanche<\/strong><\/p>\n<ol>\n<li>Conception \u00e9tanche : Con\u00e7u pour emp\u00eacher la p\u00e9n\u00e9tration de l'eau, prot\u00e9ger les connexions \u00e9lectriques et assurer la long\u00e9vit\u00e9 dans diverses conditions m\u00e9t\u00e9orologiques.<\/li>\n<li>Mat\u00e9riaux durables : en alliage d'aluminium de haute qualit\u00e9, r\u00e9sistant \u00e0 la corrosion<\/li>\n<li>Options de montage r\u00e9glables : De nombreux syst\u00e8mes offrent des angles et des hauteurs r\u00e9glables afin d'optimiser l'orientation des panneaux solaires pour une exposition maximale \u00e0 la lumi\u00e8re du soleil.<\/li>\n<li>Drainage int\u00e9gr\u00e9 : Certaines conceptions int\u00e8grent des dispositifs de drainage qui facilitent l'\u00e9coulement de l'eau, emp\u00eachant ainsi l'accumulation d'eau.<\/li>\n<li>Long\u00e9vit\u00e9 accrue : La protection de l'installation de panneaux solaires contre les dommages caus\u00e9s par l'eau augmente la dur\u00e9e de vie globale du syst\u00e8me.<\/li>\n<li>Am\u00e9lioration de l'efficacit\u00e9 : En maintenant des conditions optimales, ces syst\u00e8mes de montage permettent de maximiser la production d'\u00e9nergie des panneaux solaires.<\/li>\n<li>Maintenance r\u00e9duite : Les caract\u00e9ristiques d'\u00e9tanch\u00e9it\u00e9 r\u00e9duisent la n\u00e9cessit\u00e9 d'une maintenance et d'inspections fr\u00e9quentes, ce qui permet d'\u00e9conomiser du temps et de l'argent.<\/li>\n<\/ol>\n<p>Applications du nouvel aluminium <strong>Montage solaire \u00e9tanche<\/strong> Le syst\u00e8me :<\/p>\n<ul>\n<li>Installations r\u00e9sidentielles : Id\u00e9ales pour les propri\u00e9taires qui souhaitent garantir la durabilit\u00e9 et l'efficacit\u00e9 de leurs syst\u00e8mes solaires.<\/li>\n<li>Projets commerciaux : B\u00e9n\u00e9fique pour les entreprises disposant d'installations solaires qui n\u00e9cessitent des performances fiables dans diverses conditions m\u00e9t\u00e9orologiques.<\/li>\n<li>Fermes solaires \u00e0 l'\u00e9chelle des services publics : Essentiel pour les projets d'\u00e9nergie solaire \u00e0 grande \u00e9chelle o\u00f9 la durabilit\u00e9 et l'efficacit\u00e9 \u00e0 long terme sont essentielles.<\/li>\n<\/ul>\n<p>Si vous avez des questions plus sp\u00e9cifiques ou si vous avez besoin de recommandations sur des marques ou des mod\u00e8les, n'h\u00e9sitez pas \u00e0 les poser !<\/p>","protected":false},"excerpt":{"rendered":"<p>Le nouveau syst\u00e8me de montage solaire \u00e9tanche en aluminium pr\u00e9sente de nombreux avantages. Il s\u00e9lectionne un rail \u00e9tanche de type W, qui permet un drainage rapide et une bonne \u00e9tanch\u00e9it\u00e9. La structure \u00e9tanche est s\u00fbre et fiable, conforme aux doubles normes de protection des installations photovolta\u00efques et des b\u00e2timents. Il pr\u00e9sente une forte r\u00e9sistance \u00e0 la corrosion, une duret\u00e9 \u00e9lev\u00e9e, une bonne r\u00e9sistance \u00e0 l'usure, la surface est autor\u00e9parable. De plus, sa large gamme d'applications convient \u00e0 une vari\u00e9t\u00e9 de sc\u00e9narios d'application de l'\u00e9tanch\u00e9it\u00e9 des toits photovolta\u00efques.<\/p>\n<div class=\"wp-block-button popmake-1937\"><a class=\"wp-block-button__link wp-element-button\">v\u00e9rification des prix<\/a><\/div>","protected":false},"featured_media":2199,"template":"","meta":{"_uag_custom_page_level_css":"","site-sidebar-layout":"default","site-content-layout":"","ast-site-content-layout":"default","site-content-style":"default","site-sidebar-style":"default","ast-global-header-display":"","ast-banner-title-visibility":"","ast-main-header-display":"","ast-hfb-above-header-display":"","ast-hfb-below-header-display":"","ast-hfb-mobile-header-display":"","site-post-title":"","ast-breadcrumbs-content":"","ast-featured-img":"","footer-sml-layout":"","ast-disable-related-posts":"","theme-transparent-header-meta":"default","adv-header-id-meta":"","stick-header-meta":"","header-above-stick-meta":"","header-main-stick-meta":"","header-below-stick-meta":"","astra-migrate-meta-layouts":"set","ast-page-background-enabled":"default","ast-page-background-meta":{"desktop":{"background-color":"","background-image":"","background-repeat":"repeat","background-position":"center center","background-size":"auto","background-attachment":"scroll","background-type":"","background-media":"","overlay-type":"","overlay-color":"","overlay-opacity":"","overlay-gradient":""},"tablet":{"background-color":"","background-image":"","background-repeat":"repeat","background-position":"center center","background-size":"auto","background-attachment":"scroll","background-type":"","background-media":"","overlay-type":"","overlay-color":"","overlay-opacity":"","overlay-gradient":""},"mobile":{"background-color":"","background-image":"","background-repeat":"repeat","background-position":"center center","background-size":"auto","background-attachment":"scroll","background-type":"","background-media":"","overlay-type":"","overlay-color":"","overlay-opacity":"","overlay-gradient":""}},"ast-content-background-meta":{"desktop":{"background-color":"var(--ast-global-color-5)","background-image":"","background-repeat":"repeat","background-position":"center center","background-size":"auto","background-attachment":"scroll","background-type":"","background-media":"","overlay-type":"","overlay-color":"","overlay-opacity":"","overlay-gradient":""},"tablet":{"background-color":"var(--ast-global-color-5)","background-image":"","background-repeat":"repeat","background-position":"center center","background-size":"auto","background-attachment":"scroll","background-type":"","background-media":"","overlay-type":"","overlay-color":"","overlay-opacity":"","overlay-gradient":""},"mobile":{"background-color":"var(--ast-global-color-5)","background-image":"","background-repeat":"repeat","background-position":"center center","background-size":"auto","background-attachment":"scroll","background-type":"","background-media":"","overlay-type":"","overlay-color":"","overlay-opacity":"","overlay-gradient":""}}},"product_brand":[],"product_cat":[25,24],"product_tag":[39,38,37,40],"class_list":{"0":"post-2197","1":"product","2":"type-product","3":"status-publish","4":"has-post-thumbnail","6":"product_cat-excellent","7":"product_cat-solar-mounting-system","8":"product_tag-solar-waterproof-solutions","9":"product_tag-solar-waterproof-system","10":"product_tag-waterproof-mounting","11":"product_tag-waterproof-solar-structure","12":"desktop-align-left","13":"tablet-align-left","14":"mobile-align-left","16":"first","17":"instock","18":"shipping-taxable","19":"product-type-simple"},"spectra_custom_meta":{"_uabb_version":["1.36.1"],"_edit_last":["1"],"_edit_lock":["1751267287:1"],"_thumbnail_id":["2199"],"total_sales":["0"],"_tax_status":["taxable"],"_tax_class":[""],"_manage_stock":["no"],"_backorders":["no"],"_sold_individually":["no"],"_virtual":["no"],"_downloadable":["no"],"_download_limit":["-1"],"_download_expiry":["-1"],"_stock":[null],"_stock_status":["instock"],"_wc_average_rating":["0"],"_wc_review_count":["0"],"_product_version":["9.6.2"],"_product_image_gallery":["2199,2201,2202,2198,2200"],"site-sidebar-layout":["default"],"ast-site-content-layout":["default"],"site-content-style":["default"],"site-sidebar-style":["default"],"theme-transparent-header-meta":["default"],"astra-migrate-meta-layouts":["set"],"_uag_page_assets":["a:9:{s:3:\"css\";s:5318:\".uag-blocks-common-selector{z-index:var(--z-index-desktop) !important}@media (max-width: 976px){.uag-blocks-common-selector{z-index:var(--z-index-tablet) !important}}@media (max-width: 767px){.uag-blocks-common-selector{z-index:var(--z-index-mobile) !important}}\n.wp-block-uagb-faq{width:100%}.wp-block-uagb-faq.uagb-faq-layout-accordion .uagb-faq-child__outer-wrap .uagb-faq-questions-button{cursor:pointer}.wp-block-uagb-faq .uagb-faq-content{margin-bottom:0}.wp-block-uagb-faq .uagb-faq-content p{margin:auto}.uagb-faq-layout-grid.uagb-faq-equal-height.uagb-faq__wrap .uagb-faq-child__outer-wrap,.uagb-faq-layout-grid.uagb-faq-equal-height.uagb-faq__wrap .uagb-faq-item{height:100%}body[class*=\"astra\"] .uagb-faq-questions{line-height:normal}.uagb-faq-item{overflow:hidden}\n.wp-block-uagb-faq-child .uagb-faq-questions-button{display:flex;align-items:center}.wp-block-uagb-faq-child .uagb-faq-questions-button .uagb-faq-icon-wrap{display:flex;align-items:center}.wp-block-uagb-faq-child .uagb-faq-questions-button .uagb-question{width:100%;margin-top:0;margin-bottom:0}.wp-block-uagb-faq-child .uagb-icon svg,.wp-block-uagb-faq-child .uagb-icon-active svg{width:15px;height:15px;font-size:15px}.wp-block-uagb-faq-child.uagb-faq-child__outer-wrap.uagb-faq-item .uagb-icon-active,.wp-block-uagb-faq-child.uagb-faq-child__outer-wrap.uagb-faq-item.uagb-faq-item-active .uagb-icon,.wp-block-uagb-faq-child.uagb-faq-child__outer-wrap .uagb-faq-item .uagb-icon-active,.wp-block-uagb-faq-child.uagb-faq-child__outer-wrap .uagb-faq-item.uagb-faq-item-active .uagb-icon{display:none;width:0;padding:0;height:0;margin:0}.wp-block-uagb-faq-child.uagb-faq-child__outer-wrap.uagb-faq-item .uagb-icon,.wp-block-uagb-faq-child.uagb-faq-child__outer-wrap.uagb-faq-item.uagb-faq-item-active .uagb-icon-active,.wp-block-uagb-faq-child.uagb-faq-child__outer-wrap .uagb-faq-item .uagb-icon,.wp-block-uagb-faq-child.uagb-faq-child__outer-wrap .uagb-faq-item.uagb-faq-item-active .uagb-icon-active{display:flex;width:auto;height:auto}.uagb-faq-layout-grid .uagb-faq-child__outer-wrap.uagb-faq-item .uagb-icon,.uagb-faq-layout-grid .uagb-faq-child__outer-wrap.uagb-faq-item.uagb-faq-item-active .uagb-icon-active,.uagb-faq-layout-grid .uagb-faq-child__outer-wrap .uagb-faq-item .uagb-icon,.uagb-faq-layout-grid .uagb-faq-child__outer-wrap .uagb-faq-item.uagb-faq-item-active .uagb-icon-active{display:none}.uagb-faq-layout-grid .uagb-faq-child__outer-wrap.uagb-faq-item span.uagb-icon-active.uagb-faq-icon-wrap,.uagb-faq-layout-grid .uagb-faq-child__outer-wrap.uagb-faq-item.uagb-faq-item-active .uagb-icon-active,.uagb-faq-layout-grid .uagb-faq-child__outer-wrap .uagb-faq-item span.uagb-icon-active.uagb-faq-icon-wrap,.uagb-faq-layout-grid .uagb-faq-child__outer-wrap .uagb-faq-item.uagb-faq-item-active .uagb-icon-active{display:none}\n.uagb-block-55b5edaf .uagb-icon svg{width: 12px;height: 12px;font-size: 12px;}.uagb-block-55b5edaf .uagb-icon-active svg{width: 12px;height: 12px;font-size: 12px;}.uagb-block-55b5edaf .uagb-faq-child__outer-wrap{margin-bottom: 10px;}.uagb-block-55b5edaf .uagb-faq-item{border-top-width: 1px;border-left-width: 1px;border-right-width: 1px;border-bottom-width: 1px;border-top-left-radius: 2px;border-top-right-radius: 2px;border-bottom-left-radius: 2px;border-bottom-right-radius: 2px;border-color: #1e1e1e;border-style: solid;}.uagb-block-55b5edaf .uagb-faq-questions-button{padding-top: 10px;padding-bottom: 10px;padding-right: 10px;padding-left: 10px;}.uagb-block-55b5edaf .uagb-faq-content{padding-top: 10px;padding-bottom: 10px;padding-right: 10px;padding-left: 10px;}.uagb-block-55b5edaf .uagb-faq-content span{margin-top: 10px;margin-bottom: 10px;margin-right: 10px;margin-left: 10px;}.uagb-block-55b5edaf.uagb-faq-icon-row .uagb-faq-item .uagb-faq-icon-wrap{margin-right: 10px;}.uagb-block-55b5edaf.uagb-faq-icon-row-reverse .uagb-faq-item .uagb-faq-icon-wrap{margin-left: 10px;}.uagb-block-55b5edaf .uagb-faq-item .uagb-faq-questions-button.uagb-faq-questions{flex-direction: row;}.uagb-block-55b5edaf .wp-block-uagb-faq-child.uagb-faq-child__outer-wrap .uagb-faq-content {display: none;}@media only screen and (max-width: 976px) {.uagb-block-55b5edaf.uagb-faq-icon-row .uagb-faq-item .uagb-faq-icon-wrap{margin-right: 10px;}.uagb-block-55b5edaf.uagb-faq-icon-row-reverse .uagb-faq-item .uagb-faq-icon-wrap{margin-left: 10px;}.uagb-block-55b5edaf .uagb-faq-questions-button{padding-top: 10px;padding-bottom: 10px;padding-right: 10px;padding-left: 10px;}.uagb-block-55b5edaf .uagb-faq-content{padding-top: 10px;padding-bottom: 10px;padding-right: 10px;padding-left: 10px;}.uagb-block-55b5edaf .uagb-faq-content span{margin-top: 10px;margin-bottom: 10px;margin-right: 10px;margin-left: 10px;}}@media only screen and (max-width: 767px) {.uagb-block-55b5edaf.uagb-faq-icon-row .uagb-faq-item .uagb-faq-icon-wrap{margin-right: 10px;}.uagb-block-55b5edaf.uagb-faq-icon-row-reverse .uagb-faq-item .uagb-faq-icon-wrap{margin-left: 10px;}.uagb-block-55b5edaf .uagb-faq-questions-button{padding-top: 10px;padding-bottom: 10px;padding-right: 10px;padding-left: 10px;}.uagb-block-55b5edaf .uagb-faq-content{padding-top: 10px;padding-bottom: 10px;padding-right: 10px;padding-left: 10px;}.uagb-block-55b5edaf .uagb-faq-content span{margin-top: 10px;margin-bottom: 10px;margin-right: 10px;margin-left: 10px;}}\";s:2:\"js\";s:0:\"\";s:18:\"current_block_list\";a:10:{i:0;s:11:\"core\/search\";i:1;s:10:\"core\/group\";i:2;s:12:\"core\/heading\";i:3;s:17:\"core\/latest-posts\";i:4;s:20:\"core\/latest-comments\";i:5;s:13:\"core\/archives\";i:6;s:15:\"core\/categories\";i:7;s:14:\"core\/paragraph\";i:8;s:8:\"uagb\/faq\";i:9;s:14:\"uagb\/faq-child\";}s:8:\"uag_flag\";b:1;s:11:\"uag_version\";s:10:\"1775829763\";s:6:\"gfonts\";a:0:{}s:10:\"gfonts_url\";s:0:\"\";s:12:\"gfonts_files\";a:0:{}s:14:\"uag_faq_layout\";b:1;}"],"_uag_css_file_name":["uag-css-2197.css"]},"uagb_featured_image_src":{"full":["https:\/\/senyenergy.com\/wp-content\/uploads\/2025\/02\/Aluminum-waterproof-solar-solution.jpg",800,600,false],"thumbnail":["https:\/\/senyenergy.com\/wp-content\/uploads\/2025\/02\/Aluminum-waterproof-solar-solution-150x150.jpg",150,150,true],"medium":["https:\/\/senyenergy.com\/wp-content\/uploads\/2025\/02\/Aluminum-waterproof-solar-solution-300x225.jpg",300,225,true],"medium_large":["https:\/\/senyenergy.com\/wp-content\/uploads\/2025\/02\/Aluminum-waterproof-solar-solution-768x576.jpg",768,576,true],"large":["https:\/\/senyenergy.com\/wp-content\/uploads\/2025\/02\/Aluminum-waterproof-solar-solution.jpg",800,600,false],"1536x1536":["https:\/\/senyenergy.com\/wp-content\/uploads\/2025\/02\/Aluminum-waterproof-solar-solution.jpg",800,600,false],"2048x2048":["https:\/\/senyenergy.com\/wp-content\/uploads\/2025\/02\/Aluminum-waterproof-solar-solution.jpg",800,600,false],"trp-custom-language-flag":["https:\/\/senyenergy.com\/wp-content\/uploads\/2025\/02\/Aluminum-waterproof-solar-solution-16x12.jpg",16,12,true],"woocommerce_thumbnail":["https:\/\/senyenergy.com\/wp-content\/uploads\/2025\/02\/Aluminum-waterproof-solar-solution-300x300.jpg",300,300,true],"woocommerce_single":["https:\/\/senyenergy.com\/wp-content\/uploads\/2025\/02\/Aluminum-waterproof-solar-solution-600x450.jpg",600,450,true],"woocommerce_gallery_thumbnail":["https:\/\/senyenergy.com\/wp-content\/uploads\/2025\/02\/Aluminum-waterproof-solar-solution-100x100.jpg",100,100,true]},"uagb_author_info":{"display_name":"wp-admin","author_link":"https:\/\/senyenergy.com\/fr\/author\/"},"uagb_comment_info":0,"uagb_excerpt":"The New Aluminum Waterproof Solar Mounting System has many advantages. It selects W-type water proof rail, fast drainage and good waterproof. The waterproof structure is safe and reliable, in line with the double standards of photovoltaic and building protection. It has strong corrosion resistance, high hardness, good wear resistance, the surface has self-repair. And it\u2026","_links":{"self":[{"href":"https:\/\/senyenergy.com\/fr\/wp-json\/wp\/v2\/product\/2197","targetHints":{"allow":["GET"]}}],"collection":[{"href":"https:\/\/senyenergy.com\/fr\/wp-json\/wp\/v2\/product"}],"about":[{"href":"https:\/\/senyenergy.com\/fr\/wp-json\/wp\/v2\/types\/product"}],"wp:featuredmedia":[{"embeddable":true,"href":"https:\/\/senyenergy.com\/fr\/wp-json\/wp\/v2\/media\/2199"}],"wp:attachment":[{"href":"https:\/\/senyenergy.com\/fr\/wp-json\/wp\/v2\/media?parent=2197"}],"wp:term":[{"taxonomy":"product_brand","embeddable":true,"href":"https:\/\/senyenergy.com\/fr\/wp-json\/wp\/v2\/product_brand?post=2197"},{"taxonomy":"product_cat","embeddable":true,"href":"https:\/\/senyenergy.com\/fr\/wp-json\/wp\/v2\/product_cat?post=2197"},{"taxonomy":"product_tag","embeddable":true,"href":"https:\/\/senyenergy.com\/fr\/wp-json\/wp\/v2\/product_tag?post=2197"}],"curies":[{"name":"wp","href":"https:\/\/api.w.org\/{rel}","templated":true}]}}