{"id":2896,"date":"2025-09-30T17:04:47","date_gmt":"2025-09-30T09:04:47","guid":{"rendered":"https:\/\/senyenergy.com\/?post_type=product&#038;p=2896"},"modified":"2025-09-30T17:04:47","modified_gmt":"2025-09-30T09:04:47","slug":"anti-corrosivo-solar-caliente-inmersion-galvanizado-acero-rejilla-pasarela","status":"publish","type":"product","link":"https:\/\/senyenergy.com\/es\/product\/anti-corrosivo-solar-caliente-inmersion-galvanizado-acero-rejilla-pasarela\/","title":{"rendered":"Pasarela solar anticorrosiva de rejilla de acero galvanizado en caliente"},"content":{"rendered":"<p>Anticorrosivo <strong>Pasarela solar de rejilla de acero galvanizado en caliente<\/strong> es un componente de infraestructura importante en las instalaciones de energ\u00eda solar, sobre todo en las grandes huertas solares. Proporciona un acceso seguro para que el personal de mantenimiento navegue alrededor de los paneles solares y los equipos. Fabricado con acero de bajo contenido en carbono y galvanizado en caliente, ofrece una excelente resistencia a la corrosi\u00f3n y una estructura robusta, proporcionando un camino fiable para los paneles solares. Es adecuado para soportes y accesorios solares, as\u00ed como un componente clave de los sistemas de instalaci\u00f3n solar en tejados. Su dise\u00f1o ligero y sus caracter\u00edsticas de ventilaci\u00f3n lo convierten en una opci\u00f3n ideal para edificios industriales, residenciales y comerciales, proporcionando una base fiable y un soporte duradero para proyectos solares.<\/p>\n<p><strong>Pasarela solar de rejilla de acero galvanizado en caliente<\/strong> es ideal para la construcci\u00f3n industrial, civil y comercial. Ampliamente utilizado como plataformas, pasarelas, pelda\u00f1os de escaleras y suelos. Dimensiones comunes: 2000*400*30 mm.  Combinadas con nuestras abrazaderas de extremo y tornillos y tuercas de acero inoxidable, son muy f\u00e1ciles de instalar in situ.  Dimensiones personalizadas disponibles.<\/p>\n<p>La capa de zinc protege el acero de la oxidaci\u00f3n y la corrosi\u00f3n y prolonga su vida \u00fatil. La rejilla galvanizada en caliente tiene un aspecto est\u00e9tico met\u00e1lico brillante y una estructura ligera. El dise\u00f1o de rejilla abierta de la rejilla permite un drenaje y una ventilaci\u00f3n eficaces, reduciendo la acumulaci\u00f3n de agua y residuos. Adem\u00e1s, las propiedades antideslizantes de la rejilla garantizan una mayor seguridad. Tambi\u00e9n puede integrarse con otros componentes, como balastos, soportes o ra\u00edles.<\/p>\n<p><strong>Especificaciones de la pasarela solar de rejilla de acero galvanizado en caliente<\/strong><br \/>\nDimensiones: 2000 \u00d7 350 \u00d7 30 mm, o 2000 \u00d7 500 \u00d7 30 mm<br \/>\nMateriales: Acero al carbono<br \/>\nTratamiento superficial: galvanizado en caliente (\u2265 60 \u00b5m), norma ISO 1461 Zinc.<br \/>\nBarra de rodamiento: 30 mm Altura \u00d7 3 mm Grosor<\/p>\n<p>Mayor vida \u00fatil en comparaci\u00f3n con las pasarelas de fibra de vidrio reforzada.  Es muy f\u00e1cil de instalar en el sitio con nuestras abrazaderas de extremo y SS304 pernos y tuercas.<\/p>\n<figure id=\"attachment_2902\" aria-describedby=\"caption-attachment-2902\" style=\"width: 800px\" class=\"wp-caption aligncenter\"><img fetchpriority=\"high\" decoding=\"async\" class=\"wp-image-2902 size-full\" src=\"https:\/\/senyenergy.com\/wp-content\/uploads\/2025\/09\/Solar-Hot-Dip-Galvanized-Steel-Walkway.jpg\" alt=\"Nueva y robusta rejilla solar de acero galvanizado en caliente Pasarela El dise\u00f1o de rejilla abierta de la rejilla permite un drenaje y una ventilaci\u00f3n eficaces\" width=\"800\" height=\"800\" srcset=\"https:\/\/senyenergy.com\/wp-content\/uploads\/2025\/09\/Solar-Hot-Dip-Galvanized-Steel-Walkway.jpg 800w, https:\/\/senyenergy.com\/wp-content\/uploads\/2025\/09\/Solar-Hot-Dip-Galvanized-Steel-Walkway-300x300.jpg 300w, https:\/\/senyenergy.com\/wp-content\/uploads\/2025\/09\/Solar-Hot-Dip-Galvanized-Steel-Walkway-150x150.jpg 150w, https:\/\/senyenergy.com\/wp-content\/uploads\/2025\/09\/Solar-Hot-Dip-Galvanized-Steel-Walkway-768x768.jpg 768w, https:\/\/senyenergy.com\/wp-content\/uploads\/2025\/09\/Solar-Hot-Dip-Galvanized-Steel-Walkway-12x12.jpg 12w, https:\/\/senyenergy.com\/wp-content\/uploads\/2025\/09\/Solar-Hot-Dip-Galvanized-Steel-Walkway-600x600.jpg 600w, https:\/\/senyenergy.com\/wp-content\/uploads\/2025\/09\/Solar-Hot-Dip-Galvanized-Steel-Walkway-100x100.jpg 100w\" sizes=\"(max-width: 800px) 100vw, 800px\" \/><figcaption id=\"caption-attachment-2902\" class=\"wp-caption-text\">Nueva y robusta rejilla solar de acero galvanizado en caliente Pasarela El dise\u00f1o de rejilla abierta de la rejilla permite un drenaje y una ventilaci\u00f3n eficaces<\/figcaption><\/figure>\n<p><strong>Caracter\u00edsticas de la pasarela solar de rejilla de acero galvanizado en caliente<\/strong>:<br \/>\nGalvanizaci\u00f3n en caliente: La pasarela se recubre con una capa de zinc mediante el proceso de galvanizaci\u00f3n en caliente, que ofrece una excelente resistencia a la corrosi\u00f3n y durabilidad.<br \/>\nConstrucci\u00f3n robusta: Fabricada normalmente en acero galvanizado por inmersi\u00f3n en caliente, dise\u00f1ada para soportar el tr\u00e1fico peatonal intenso y las condiciones ambientales.<br \/>\nSuperficie antideslizante: Una superficie texturizada o perforada para evitar resbalones, mejorando la seguridad durante el uso.<br \/>\nDise\u00f1o modular: Disponible en varias longitudes y anchuras, lo que permite opciones de disposici\u00f3n personalizables para adaptarse a los requisitos espec\u00edficos del emplazamiento.<\/p>\n<p>Ventajas de la pasarela solar de rejilla de acero galvanizado en caliente:<br \/>\nMayor durabilidad: El proceso de galvanizaci\u00f3n protege contra el \u00f3xido y la corrosi\u00f3n, garantizando una larga vida \u00fatil incluso en entornos exteriores adversos.<br \/>\nSeguridad: Proporciona una superficie estable y segura para caminar, reduciendo el riesgo de accidentes para el personal de mantenimiento.<br \/>\nF\u00e1cil mantenimiento: Los materiales utilizados son de bajo mantenimiento, por lo que requieren un mantenimiento m\u00ednimo a lo largo del tiempo.<br \/>\nProtecci\u00f3n del medio ambiente: Ayuda a minimizar la compactaci\u00f3n y la alteraci\u00f3n del suelo alrededor de las instalaciones solares, promoviendo mejores pr\u00e1cticas medioambientales.<\/p>\n<p>Conclusi\u00f3n<br \/>\nA <strong>Pasarela solar de rejilla de acero galvanizado en caliente<\/strong> es esencial para un acceso seguro y eficaz a las instalaciones solares. Su durabilidad y resistencia a la corrosi\u00f3n lo convierten en una opci\u00f3n ideal para entornos exteriores, mejorando la seguridad general y la accesibilidad de los sistemas de energ\u00eda solar. Si tiene m\u00e1s preguntas o necesita recomendaciones espec\u00edficas, no dude en preguntarnos.<\/p>","protected":false},"excerpt":{"rendered":"<p>Pasarela solar de rejilla de acero galvanizado en caliente<br \/>\ntiene un aspecto est\u00e9tico met\u00e1lico brillante y una estructura ligera. El dise\u00f1o de rejilla abierta de la rejilla permite un drenaje y ventilaci\u00f3n eficaces, reduciendo la acumulaci\u00f3n de agua y residuos. Adem\u00e1s, las propiedades antideslizantes de la rejilla garantizan una mayor seguridad. Tambi\u00e9n puede integrarse con otros componentes, como balastos, soportes o ra\u00edles.<\/p>\n<div class=\"wp-block-button popmake-1937\"><a class=\"wp-block-button__link wp-element-button\">comprobaci\u00f3n de precios<\/a><\/div>","protected":false},"featured_media":2901,"template":"","meta":{"_uag_custom_page_level_css":"","site-sidebar-layout":"default","site-content-layout":"","ast-site-content-layout":"default","site-content-style":"default","site-sidebar-style":"default","ast-global-header-display":"","ast-banner-title-visibility":"","ast-main-header-display":"","ast-hfb-above-header-display":"","ast-hfb-below-header-display":"","ast-hfb-mobile-header-display":"","site-post-title":"","ast-breadcrumbs-content":"","ast-featured-img":"","footer-sml-layout":"","ast-disable-related-posts":"","theme-transparent-header-meta":"default","adv-header-id-meta":"","stick-header-meta":"","header-above-stick-meta":"","header-main-stick-meta":"","header-below-stick-meta":"","astra-migrate-meta-layouts":"set","ast-page-background-enabled":"default","ast-page-background-meta":{"desktop":{"background-color":"","background-image":"","background-repeat":"repeat","background-position":"center center","background-size":"auto","background-attachment":"scroll","background-type":"","background-media":"","overlay-type":"","overlay-color":"","overlay-opacity":"","overlay-gradient":""},"tablet":{"background-color":"","background-image":"","background-repeat":"repeat","background-position":"center center","background-size":"auto","background-attachment":"scroll","background-type":"","background-media":"","overlay-type":"","overlay-color":"","overlay-opacity":"","overlay-gradient":""},"mobile":{"background-color":"","background-image":"","background-repeat":"repeat","background-position":"center center","background-size":"auto","background-attachment":"scroll","background-type":"","background-media":"","overlay-type":"","overlay-color":"","overlay-opacity":"","overlay-gradient":""}},"ast-content-background-meta":{"desktop":{"background-color":"var(--ast-global-color-5)","background-image":"","background-repeat":"repeat","background-position":"center center","background-size":"auto","background-attachment":"scroll","background-type":"","background-media":"","overlay-type":"","overlay-color":"","overlay-opacity":"","overlay-gradient":""},"tablet":{"background-color":"var(--ast-global-color-5)","background-image":"","background-repeat":"repeat","background-position":"center center","background-size":"auto","background-attachment":"scroll","background-type":"","background-media":"","overlay-type":"","overlay-color":"","overlay-opacity":"","overlay-gradient":""},"mobile":{"background-color":"var(--ast-global-color-5)","background-image":"","background-repeat":"repeat","background-position":"center center","background-size":"auto","background-attachment":"scroll","background-type":"","background-media":"","overlay-type":"","overlay-color":"","overlay-opacity":"","overlay-gradient":""}}},"product_brand":[],"product_cat":[25,23],"product_tag":[156,350,351,349],"class_list":{"0":"post-2896","1":"product","2":"type-product","3":"status-publish","4":"has-post-thumbnail","6":"product_cat-excellent","7":"product_cat-solar-accessories","8":"product_tag-galvanized-steel-grating","9":"product_tag-hdg-galvanized-steel-walkway","10":"product_tag-solar-galvanized-steel-walkway","11":"product_tag-solar-galvanized-walkway","12":"desktop-align-left","13":"tablet-align-left","14":"mobile-align-left","16":"first","17":"instock","18":"shipping-taxable","19":"product-type-simple"},"spectra_custom_meta":{"_uabb_version":["1.36.1"],"_edit_last":["1"],"_edit_lock":["1759551610:1"],"_thumbnail_id":["2901"],"wb_custom_tabs":["a:0:{}"],"total_sales":["0"],"_tax_status":["taxable"],"_tax_class":[""],"_manage_stock":["no"],"_backorders":["no"],"_sold_individually":["no"],"_virtual":["no"],"_downloadable":["no"],"_download_limit":["-1"],"_download_expiry":["-1"],"_stock":[null],"_stock_status":["instock"],"_wc_average_rating":["0"],"_wc_review_count":["0"],"_product_version":["9.6.2"],"_product_image_gallery":["2899,2897,2898,2900"],"site-sidebar-layout":["default"],"ast-site-content-layout":["default"],"site-content-style":["default"],"site-sidebar-style":["default"],"theme-transparent-header-meta":["default"],"astra-migrate-meta-layouts":["set"],"_uag_css_file_name":["uag-css-2896.css"],"_uag_page_assets":["a:9:{s:3:\"css\";s:5051:\".wp-block-uagb-faq{width:100%}.wp-block-uagb-faq.uagb-faq-layout-accordion .uagb-faq-child__outer-wrap .uagb-faq-questions-button{cursor:pointer}.wp-block-uagb-faq .uagb-faq-content{margin-bottom:0}.wp-block-uagb-faq .uagb-faq-content p{margin:auto}.uagb-faq-layout-grid.uagb-faq-equal-height.uagb-faq__wrap .uagb-faq-child__outer-wrap,.uagb-faq-layout-grid.uagb-faq-equal-height.uagb-faq__wrap .uagb-faq-item{height:100%}body[class*=astra] .uagb-faq-questions{line-height:normal}.uagb-faq-item{overflow:hidden}.wp-block-uagb-faq-child .uagb-faq-questions-button{display:flex;align-items:center}.wp-block-uagb-faq-child .uagb-faq-questions-button .uagb-faq-icon-wrap{display:flex;align-items:center}.wp-block-uagb-faq-child .uagb-faq-questions-button .uagb-question{width:100%;margin-top:0;margin-bottom:0}.wp-block-uagb-faq-child .uagb-icon svg,.wp-block-uagb-faq-child .uagb-icon-active svg{width:15px;height:15px;font-size:15px}.wp-block-uagb-faq-child.uagb-faq-child__outer-wrap.uagb-faq-item .uagb-icon-active,.wp-block-uagb-faq-child.uagb-faq-child__outer-wrap.uagb-faq-item.uagb-faq-item-active .uagb-icon,.wp-block-uagb-faq-child.uagb-faq-child__outer-wrap .uagb-faq-item .uagb-icon-active,.wp-block-uagb-faq-child.uagb-faq-child__outer-wrap .uagb-faq-item.uagb-faq-item-active .uagb-icon{display:none;width:0;padding:0;height:0;margin:0}.wp-block-uagb-faq-child.uagb-faq-child__outer-wrap.uagb-faq-item .uagb-icon,.wp-block-uagb-faq-child.uagb-faq-child__outer-wrap.uagb-faq-item.uagb-faq-item-active .uagb-icon-active,.wp-block-uagb-faq-child.uagb-faq-child__outer-wrap .uagb-faq-item .uagb-icon,.wp-block-uagb-faq-child.uagb-faq-child__outer-wrap .uagb-faq-item.uagb-faq-item-active .uagb-icon-active{display:flex;width:auto;height:auto}.uagb-faq-layout-grid .uagb-faq-child__outer-wrap.uagb-faq-item .uagb-icon,.uagb-faq-layout-grid .uagb-faq-child__outer-wrap.uagb-faq-item.uagb-faq-item-active .uagb-icon-active,.uagb-faq-layout-grid .uagb-faq-child__outer-wrap .uagb-faq-item .uagb-icon,.uagb-faq-layout-grid .uagb-faq-child__outer-wrap .uagb-faq-item.uagb-faq-item-active .uagb-icon-active{display:none}.uagb-faq-layout-grid .uagb-faq-child__outer-wrap.uagb-faq-item span.uagb-icon-active.uagb-faq-icon-wrap,.uagb-faq-layout-grid .uagb-faq-child__outer-wrap.uagb-faq-item.uagb-faq-item-active .uagb-icon-active,.uagb-faq-layout-grid .uagb-faq-child__outer-wrap .uagb-faq-item span.uagb-icon-active.uagb-faq-icon-wrap,.uagb-faq-layout-grid .uagb-faq-child__outer-wrap .uagb-faq-item.uagb-faq-item-active .uagb-icon-active{display:none}.uagb-block-55b5edaf .uagb-icon svg{width: 12px;height: 12px;font-size: 12px;}.uagb-block-55b5edaf .uagb-icon-active svg{width: 12px;height: 12px;font-size: 12px;}.uagb-block-55b5edaf .uagb-faq-child__outer-wrap{margin-bottom: 10px;}.uagb-block-55b5edaf .uagb-faq-item{border-top-width: 1px;border-left-width: 1px;border-right-width: 1px;border-bottom-width: 1px;border-top-left-radius: 2px;border-top-right-radius: 2px;border-bottom-left-radius: 2px;border-bottom-right-radius: 2px;border-color: #1e1e1e;border-style: solid;}.uagb-block-55b5edaf .uagb-faq-questions-button{padding-top: 10px;padding-bottom: 10px;padding-right: 10px;padding-left: 10px;}.uagb-block-55b5edaf .uagb-faq-content{padding-top: 10px;padding-bottom: 10px;padding-right: 10px;padding-left: 10px;}.uagb-block-55b5edaf .uagb-faq-content span{margin-top: 10px;margin-bottom: 10px;margin-right: 10px;margin-left: 10px;}.uagb-block-55b5edaf.uagb-faq-icon-row .uagb-faq-item .uagb-faq-icon-wrap{margin-right: 10px;}.uagb-block-55b5edaf.uagb-faq-icon-row-reverse .uagb-faq-item .uagb-faq-icon-wrap{margin-left: 10px;}.uagb-block-55b5edaf .uagb-faq-item .uagb-faq-questions-button.uagb-faq-questions{flex-direction: row;}.uagb-block-55b5edaf .wp-block-uagb-faq-child.uagb-faq-child__outer-wrap .uagb-faq-content {display: none;}@media only screen and (max-width: 976px) {.uagb-block-55b5edaf.uagb-faq-icon-row .uagb-faq-item .uagb-faq-icon-wrap{margin-right: 10px;}.uagb-block-55b5edaf.uagb-faq-icon-row-reverse .uagb-faq-item .uagb-faq-icon-wrap{margin-left: 10px;}.uagb-block-55b5edaf .uagb-faq-questions-button{padding-top: 10px;padding-bottom: 10px;padding-right: 10px;padding-left: 10px;}.uagb-block-55b5edaf .uagb-faq-content{padding-top: 10px;padding-bottom: 10px;padding-right: 10px;padding-left: 10px;}.uagb-block-55b5edaf .uagb-faq-content span{margin-top: 10px;margin-bottom: 10px;margin-right: 10px;margin-left: 10px;}}@media only screen and (max-width: 767px) {.uagb-block-55b5edaf.uagb-faq-icon-row .uagb-faq-item .uagb-faq-icon-wrap{margin-right: 10px;}.uagb-block-55b5edaf.uagb-faq-icon-row-reverse .uagb-faq-item .uagb-faq-icon-wrap{margin-left: 10px;}.uagb-block-55b5edaf .uagb-faq-questions-button{padding-top: 10px;padding-bottom: 10px;padding-right: 10px;padding-left: 10px;}.uagb-block-55b5edaf .uagb-faq-content{padding-top: 10px;padding-bottom: 10px;padding-right: 10px;padding-left: 10px;}.uagb-block-55b5edaf .uagb-faq-content span{margin-top: 10px;margin-bottom: 10px;margin-right: 10px;margin-left: 10px;}}\";s:2:\"js\";s:0:\"\";s:18:\"current_block_list\";a:10:{i:0;s:11:\"core\/search\";i:1;s:10:\"core\/group\";i:2;s:12:\"core\/heading\";i:3;s:17:\"core\/latest-posts\";i:4;s:20:\"core\/latest-comments\";i:5;s:13:\"core\/archives\";i:6;s:15:\"core\/categories\";i:7;s:14:\"core\/paragraph\";i:8;s:8:\"uagb\/faq\";i:9;s:14:\"uagb\/faq-child\";}s:8:\"uag_flag\";b:1;s:11:\"uag_version\";s:10:\"1777556832\";s:6:\"gfonts\";a:0:{}s:10:\"gfonts_url\";s:0:\"\";s:12:\"gfonts_files\";a:0:{}s:14:\"uag_faq_layout\";b:1;}"]},"uagb_featured_image_src":{"full":["https:\/\/senyenergy.com\/wp-content\/uploads\/2025\/09\/Solar-Hot-Dip-Galvanized-Walkway.jpg",800,800,false],"thumbnail":["https:\/\/senyenergy.com\/wp-content\/uploads\/2025\/09\/Solar-Hot-Dip-Galvanized-Walkway-150x150.jpg",150,150,true],"medium":["https:\/\/senyenergy.com\/wp-content\/uploads\/2025\/09\/Solar-Hot-Dip-Galvanized-Walkway-300x300.jpg",300,300,true],"medium_large":["https:\/\/senyenergy.com\/wp-content\/uploads\/2025\/09\/Solar-Hot-Dip-Galvanized-Walkway-768x768.jpg",768,768,true],"large":["https:\/\/senyenergy.com\/wp-content\/uploads\/2025\/09\/Solar-Hot-Dip-Galvanized-Walkway.jpg",800,800,false],"1536x1536":["https:\/\/senyenergy.com\/wp-content\/uploads\/2025\/09\/Solar-Hot-Dip-Galvanized-Walkway.jpg",800,800,false],"2048x2048":["https:\/\/senyenergy.com\/wp-content\/uploads\/2025\/09\/Solar-Hot-Dip-Galvanized-Walkway.jpg",800,800,false],"trp-custom-language-flag":["https:\/\/senyenergy.com\/wp-content\/uploads\/2025\/09\/Solar-Hot-Dip-Galvanized-Walkway-12x12.jpg",12,12,true],"woocommerce_thumbnail":["https:\/\/senyenergy.com\/wp-content\/uploads\/2025\/09\/Solar-Hot-Dip-Galvanized-Walkway-300x300.jpg",300,300,true],"woocommerce_single":["https:\/\/senyenergy.com\/wp-content\/uploads\/2025\/09\/Solar-Hot-Dip-Galvanized-Walkway-600x600.jpg",600,600,true],"woocommerce_gallery_thumbnail":["https:\/\/senyenergy.com\/wp-content\/uploads\/2025\/09\/Solar-Hot-Dip-Galvanized-Walkway-100x100.jpg",100,100,true]},"uagb_author_info":{"display_name":"wp-admin","author_link":"https:\/\/senyenergy.com\/es\/author\/"},"uagb_comment_info":0,"uagb_excerpt":"Solar Hot-Dip Galvanized Steel Grating Walkway has bright metal aesthetic appearance and a light structure. The open-grid design of the grating allows for effective drainage and ventilation, reducing the accumulation of water and debris. Additionally, the anti-slip properties of the grating ensure enhanced safety. It can also be integrated with other components, such as ballasts,&hellip;","_links":{"self":[{"href":"https:\/\/senyenergy.com\/es\/wp-json\/wp\/v2\/product\/2896","targetHints":{"allow":["GET"]}}],"collection":[{"href":"https:\/\/senyenergy.com\/es\/wp-json\/wp\/v2\/product"}],"about":[{"href":"https:\/\/senyenergy.com\/es\/wp-json\/wp\/v2\/types\/product"}],"wp:featuredmedia":[{"embeddable":true,"href":"https:\/\/senyenergy.com\/es\/wp-json\/wp\/v2\/media\/2901"}],"wp:attachment":[{"href":"https:\/\/senyenergy.com\/es\/wp-json\/wp\/v2\/media?parent=2896"}],"wp:term":[{"taxonomy":"product_brand","embeddable":true,"href":"https:\/\/senyenergy.com\/es\/wp-json\/wp\/v2\/product_brand?post=2896"},{"taxonomy":"product_cat","embeddable":true,"href":"https:\/\/senyenergy.com\/es\/wp-json\/wp\/v2\/product_cat?post=2896"},{"taxonomy":"product_tag","embeddable":true,"href":"https:\/\/senyenergy.com\/es\/wp-json\/wp\/v2\/product_tag?post=2896"}],"curies":[{"name":"wp","href":"https:\/\/api.w.org\/{rel}","templated":true}]}}