{"id":2800,"date":"2025-08-14T15:57:17","date_gmt":"2025-08-14T07:57:17","guid":{"rendered":"https:\/\/senyenergy.com\/?post_type=product&#038;p=2800"},"modified":"2025-08-15T10:25:44","modified_gmt":"2025-08-15T02:25:44","slug":"tornillos-autoperforantes-hexagonales-con-cabeza-de-arandela-para-montaje-solar","status":"publish","type":"product","link":"https:\/\/senyenergy.com\/es\/product\/tornillos-autoperforantes-hexagonales-con-cabeza-de-arandela-para-montaje-solar\/","title":{"rendered":"Tornillos autoperforantes hexagonales con cabeza de arandela para montaje solar"},"content":{"rendered":"<p>En<strong><b>\u00a0Tornillos autoperforantes<\/b><\/strong>\u00a0o Los tornillos autorroscantes para montaje solar se utilizan principalmente para fijar los soportes de tejado. Los tornillos de alta calidad se utilizan para fijar los soportes de tejado al fijar los paneles solares. Estos tornillos facilitan y agilizan el montaje.<\/p>\n<p>Los tornillos autoperforantes para vigas de madera y vigas de acero son componentes esenciales en los sistemas de instalaci\u00f3n solar, dise\u00f1ados para proporcionar una conexi\u00f3n fuerte y fiable entre los soportes de instalaci\u00f3n, las vigas y otros elementos estructurales.<\/p>\n<p>&nbsp;<\/p>\n<p>Los principales componentes de <strong><b>Tornillos autoperforantes hexagonales con cabeza de arandela<\/b><\/strong><\/p>\n<p>Cabeza de arandela hexagonal (HWH):<\/p>\n<p>Alto par de apriete: El accionamiento hexagonal interno (6 l\u00f3bulos) permite una aplicaci\u00f3n de par significativamente mayor que los accionamientos Phillips o Torx. Esto es esencial para conducir el tornillo a trav\u00e9s de vigas de acero o de madera gruesas sin pelar la impulsi\u00f3n.<\/p>\n<p>Arandela integrada: La arandela integrada proporciona una gran superficie de apoyo. Distribuye eficazmente la fuerza de sujeci\u00f3n. Ayuda a sellar el orificio contra la entrada de agua (fundamental para la longevidad del tejado). Y evita que la cabeza atraviese los componentes de chapa m\u00e1s finos. Act\u00faa como arandela de seguridad contra el aflojamiento (especialmente con la parte inferior dentada).<\/p>\n<p>Punta autoperforante: No necesita perforaci\u00f3n previa: La punta act\u00faa como una broca, creando su propio agujero piloto en el metal base (normalmente correas de acero, vigas o ra\u00edles). Esto acelera dr\u00e1sticamente la instalaci\u00f3n y reduce los costes de mano de obra.<\/p>\n<p>Materiales: Acero al carbono galvanizado o acero inoxidable, lo que garantiza su solidez y resistencia a la corrosi\u00f3n.<\/p>\n<p>&nbsp;<\/p>\n<p>Estamos redefiniendo el futuro de las instalaciones de paneles solares con nuestros innovadores tornillos autoperforantes. Estos extraordinarios tornillos est\u00e1n dise\u00f1ados para perforar sin esfuerzo diversos materiales, lo que los convierte en la opci\u00f3n definitiva para asegurar los herrajes de montaje de paneles solares. Descubra c\u00f3mo nuestros tornillos autoperforantes est\u00e1n transformando la industria solar.<\/p>\n<p>&nbsp;<\/p>\n<p><strong><b>Caracter\u00edsticas de los tornillos autoperforantes hexagonales con cabeza de arandela para montaje solar<\/b><\/strong><\/p>\n<ol>\n<li>Dise\u00f1o autoperforante de vanguardia:<\/li>\n<\/ol>\n<p>Nuestros tornillos autoperforantes solares presentan un dise\u00f1o de vanguardia que elimina la necesidad de taladrar agujeros previamente. A medida que se introducen en la superficie, crean sus propios orificios piloto precisos, lo que reduce el tiempo y el esfuerzo de instalaci\u00f3n.<\/p>\n<ol start=\"2\">\n<li>Compatibilidad de materiales superior:<\/li>\n<\/ol>\n<p>Estos tornillos est\u00e1n dise\u00f1ados para sobresalir en diversos materiales, como metal, madera y superficies compuestas. Tanto si monta paneles solares en tejados como en otras estructuras, nuestros tornillos ofrecen una versatilidad inigualable.<\/p>\n<ol start=\"3\">\n<li>Poder de sujeci\u00f3n inigualable:<\/li>\n<\/ol>\n<p>Experimente la confianza de una fijaci\u00f3n segura del panel solar. Nuestros tornillos autoperforantes proporcionan una fuerza de sujeci\u00f3n inigualable, garantizando que sus paneles permanezcan firmemente en su lugar incluso en condiciones clim\u00e1ticas adversas.<\/p>\n<ol start=\"4\">\n<li>Gama completa:<\/li>\n<\/ol>\n<p>Elija entre nuestra amplia gama de tornillos autoperforantes solares, adaptados para satisfacer las diversas necesidades de sus proyectos solares. Tanto si trabaja en instalaciones residenciales como comerciales, tenemos el tornillo adecuado para el trabajo.<\/p>\n<ol start=\"5\">\n<li>Eficacia y precisi\u00f3n:<\/li>\n<\/ol>\n<p>Estos tornillos son sin\u00f3nimo de eficacia y precisi\u00f3n. Sin necesidad de taladrar previamente, puede completar las instalaciones m\u00e1s r\u00e1pidamente, reduciendo los costes de mano de obra y los plazos del proyecto.<\/p>\n<ol start=\"6\">\n<li>La durabilidad se une a la sostenibilidad:<\/li>\n<\/ol>\n<p>Estamos comprometidos con la sostenibilidad, y nuestros tornillos reflejan este compromiso. Fabricados con materiales de alta calidad resistentes a la corrosi\u00f3n, est\u00e1n hechos para resistir el paso del tiempo y contribuir a la longevidad de sus instalaciones solares.<\/p>\n<p>&nbsp;<\/p>\n<p>En <strong><b>Tornillos autoperforantes<\/b><\/strong>\u00a0para vigas de madera y vigas de acero son utilizados normalmente por nuestros clientes para todo tipo de tejados, como tejados de tejas, tejados met\u00e1licos de hojalata, tejados met\u00e1licos trapezoidales y etc.Las especificaciones de los Tornillos Autoperforantes pueden ser personalizadas.<\/p>\n<p>&nbsp;<\/p>\n<p>Los profesionales del sector solar conf\u00edan en nuestra\u00a0<strong><b>Tornillos autoperforantes<\/b><\/strong>\u00a0por su calidad y fiabilidad inigualables. \u00danase a las filas de clientes satisfechos que conf\u00edan en nuestros tornillos para el \u00e9xito de sus proyectos solares.<\/p>\n<p>&nbsp;<\/p>","protected":false},"excerpt":{"rendered":"<p>En <strong><b>Tornillos autoperforantes<\/b><\/strong>\u00a0para vigas de madera y vigas de acero son utilizados normalmente por nuestros clientes para todo tipo de tejados, como tejados de tejas, tejados met\u00e1licos de hojalata, tejados met\u00e1licos trapezoidales, etc. Las especificaciones de los tornillos autoperforantes pueden personalizarse.<\/p>\n<div class=\"wp-block-button popmake-1937\"><a class=\"wp-block-button__link wp-element-button\">comprobaci\u00f3n de precios<\/a><\/div>","protected":false},"featured_media":2801,"template":"","meta":{"_uag_custom_page_level_css":"","site-sidebar-layout":"default","site-content-layout":"","ast-site-content-layout":"default","site-content-style":"default","site-sidebar-style":"default","ast-global-header-display":"","ast-banner-title-visibility":"","ast-main-header-display":"","ast-hfb-above-header-display":"","ast-hfb-below-header-display":"","ast-hfb-mobile-header-display":"","site-post-title":"","ast-breadcrumbs-content":"","ast-featured-img":"","footer-sml-layout":"","ast-disable-related-posts":"","theme-transparent-header-meta":"default","adv-header-id-meta":"","stick-header-meta":"","header-above-stick-meta":"","header-main-stick-meta":"","header-below-stick-meta":"","astra-migrate-meta-layouts":"set","ast-page-background-enabled":"default","ast-page-background-meta":{"desktop":{"background-color":"","background-image":"","background-repeat":"repeat","background-position":"center center","background-size":"auto","background-attachment":"scroll","background-type":"","background-media":"","overlay-type":"","overlay-color":"","overlay-opacity":"","overlay-gradient":""},"tablet":{"background-color":"","background-image":"","background-repeat":"repeat","background-position":"center center","background-size":"auto","background-attachment":"scroll","background-type":"","background-media":"","overlay-type":"","overlay-color":"","overlay-opacity":"","overlay-gradient":""},"mobile":{"background-color":"","background-image":"","background-repeat":"repeat","background-position":"center center","background-size":"auto","background-attachment":"scroll","background-type":"","background-media":"","overlay-type":"","overlay-color":"","overlay-opacity":"","overlay-gradient":""}},"ast-content-background-meta":{"desktop":{"background-color":"var(--ast-global-color-5)","background-image":"","background-repeat":"repeat","background-position":"center center","background-size":"auto","background-attachment":"scroll","background-type":"","background-media":"","overlay-type":"","overlay-color":"","overlay-opacity":"","overlay-gradient":""},"tablet":{"background-color":"var(--ast-global-color-5)","background-image":"","background-repeat":"repeat","background-position":"center center","background-size":"auto","background-attachment":"scroll","background-type":"","background-media":"","overlay-type":"","overlay-color":"","overlay-opacity":"","overlay-gradient":""},"mobile":{"background-color":"var(--ast-global-color-5)","background-image":"","background-repeat":"repeat","background-position":"center center","background-size":"auto","background-attachment":"scroll","background-type":"","background-media":"","overlay-type":"","overlay-color":"","overlay-opacity":"","overlay-gradient":""}}},"product_brand":[],"product_cat":[25,23],"product_tag":[297,295,298,292,293,294,296],"class_list":{"0":"post-2800","1":"product","2":"type-product","3":"status-publish","4":"has-post-thumbnail","6":"product_cat-excellent","7":"product_cat-solar-accessories","8":"product_tag-drywall-screw","9":"product_tag-metal-screws","10":"product_tag-roofing-screws","11":"product_tag-self-drilling-screws","12":"product_tag-self-tapping-screws","13":"product_tag-solar-screws","14":"product_tag-wood-screws","15":"desktop-align-left","16":"tablet-align-left","17":"mobile-align-left","19":"first","20":"instock","21":"shipping-taxable","22":"product-type-simple"},"spectra_custom_meta":{"_uabb_version":["1.36.1"],"_edit_last":["1"],"_edit_lock":["1755224744:1"],"_thumbnail_id":["2801"],"wb_custom_tabs":["a:0:{}"],"total_sales":["0"],"_tax_status":["taxable"],"_tax_class":[""],"_manage_stock":["no"],"_backorders":["no"],"_sold_individually":["no"],"_virtual":["no"],"_downloadable":["no"],"_download_limit":["-1"],"_download_expiry":["-1"],"_stock":[null],"_stock_status":["instock"],"_wc_average_rating":["0"],"_wc_review_count":["0"],"_product_version":["9.6.2"],"_product_image_gallery":["2802,2803,2804,2805"],"site-sidebar-layout":["default"],"ast-site-content-layout":["default"],"site-content-style":["default"],"site-sidebar-style":["default"],"theme-transparent-header-meta":["default"],"astra-migrate-meta-layouts":["set"],"_uag_page_assets":["a:9:{s:3:\"css\";s:5318:\".uag-blocks-common-selector{z-index:var(--z-index-desktop) !important}@media (max-width: 976px){.uag-blocks-common-selector{z-index:var(--z-index-tablet) !important}}@media (max-width: 767px){.uag-blocks-common-selector{z-index:var(--z-index-mobile) !important}}\n.wp-block-uagb-faq{width:100%}.wp-block-uagb-faq.uagb-faq-layout-accordion .uagb-faq-child__outer-wrap .uagb-faq-questions-button{cursor:pointer}.wp-block-uagb-faq .uagb-faq-content{margin-bottom:0}.wp-block-uagb-faq .uagb-faq-content p{margin:auto}.uagb-faq-layout-grid.uagb-faq-equal-height.uagb-faq__wrap .uagb-faq-child__outer-wrap,.uagb-faq-layout-grid.uagb-faq-equal-height.uagb-faq__wrap .uagb-faq-item{height:100%}body[class*=\"astra\"] .uagb-faq-questions{line-height:normal}.uagb-faq-item{overflow:hidden}\n.wp-block-uagb-faq-child .uagb-faq-questions-button{display:flex;align-items:center}.wp-block-uagb-faq-child .uagb-faq-questions-button .uagb-faq-icon-wrap{display:flex;align-items:center}.wp-block-uagb-faq-child .uagb-faq-questions-button .uagb-question{width:100%;margin-top:0;margin-bottom:0}.wp-block-uagb-faq-child .uagb-icon svg,.wp-block-uagb-faq-child .uagb-icon-active svg{width:15px;height:15px;font-size:15px}.wp-block-uagb-faq-child.uagb-faq-child__outer-wrap.uagb-faq-item .uagb-icon-active,.wp-block-uagb-faq-child.uagb-faq-child__outer-wrap.uagb-faq-item.uagb-faq-item-active .uagb-icon,.wp-block-uagb-faq-child.uagb-faq-child__outer-wrap .uagb-faq-item .uagb-icon-active,.wp-block-uagb-faq-child.uagb-faq-child__outer-wrap .uagb-faq-item.uagb-faq-item-active .uagb-icon{display:none;width:0;padding:0;height:0;margin:0}.wp-block-uagb-faq-child.uagb-faq-child__outer-wrap.uagb-faq-item .uagb-icon,.wp-block-uagb-faq-child.uagb-faq-child__outer-wrap.uagb-faq-item.uagb-faq-item-active .uagb-icon-active,.wp-block-uagb-faq-child.uagb-faq-child__outer-wrap .uagb-faq-item .uagb-icon,.wp-block-uagb-faq-child.uagb-faq-child__outer-wrap .uagb-faq-item.uagb-faq-item-active .uagb-icon-active{display:flex;width:auto;height:auto}.uagb-faq-layout-grid .uagb-faq-child__outer-wrap.uagb-faq-item .uagb-icon,.uagb-faq-layout-grid .uagb-faq-child__outer-wrap.uagb-faq-item.uagb-faq-item-active .uagb-icon-active,.uagb-faq-layout-grid .uagb-faq-child__outer-wrap .uagb-faq-item .uagb-icon,.uagb-faq-layout-grid .uagb-faq-child__outer-wrap .uagb-faq-item.uagb-faq-item-active .uagb-icon-active{display:none}.uagb-faq-layout-grid .uagb-faq-child__outer-wrap.uagb-faq-item span.uagb-icon-active.uagb-faq-icon-wrap,.uagb-faq-layout-grid .uagb-faq-child__outer-wrap.uagb-faq-item.uagb-faq-item-active .uagb-icon-active,.uagb-faq-layout-grid .uagb-faq-child__outer-wrap .uagb-faq-item span.uagb-icon-active.uagb-faq-icon-wrap,.uagb-faq-layout-grid .uagb-faq-child__outer-wrap .uagb-faq-item.uagb-faq-item-active .uagb-icon-active{display:none}\n.uagb-block-55b5edaf .uagb-icon svg{width: 12px;height: 12px;font-size: 12px;}.uagb-block-55b5edaf .uagb-icon-active svg{width: 12px;height: 12px;font-size: 12px;}.uagb-block-55b5edaf .uagb-faq-child__outer-wrap{margin-bottom: 10px;}.uagb-block-55b5edaf .uagb-faq-item{border-top-width: 1px;border-left-width: 1px;border-right-width: 1px;border-bottom-width: 1px;border-top-left-radius: 2px;border-top-right-radius: 2px;border-bottom-left-radius: 2px;border-bottom-right-radius: 2px;border-color: #1e1e1e;border-style: solid;}.uagb-block-55b5edaf .uagb-faq-questions-button{padding-top: 10px;padding-bottom: 10px;padding-right: 10px;padding-left: 10px;}.uagb-block-55b5edaf .uagb-faq-content{padding-top: 10px;padding-bottom: 10px;padding-right: 10px;padding-left: 10px;}.uagb-block-55b5edaf .uagb-faq-content span{margin-top: 10px;margin-bottom: 10px;margin-right: 10px;margin-left: 10px;}.uagb-block-55b5edaf.uagb-faq-icon-row .uagb-faq-item .uagb-faq-icon-wrap{margin-right: 10px;}.uagb-block-55b5edaf.uagb-faq-icon-row-reverse .uagb-faq-item .uagb-faq-icon-wrap{margin-left: 10px;}.uagb-block-55b5edaf .uagb-faq-item .uagb-faq-questions-button.uagb-faq-questions{flex-direction: row;}.uagb-block-55b5edaf .wp-block-uagb-faq-child.uagb-faq-child__outer-wrap .uagb-faq-content {display: none;}@media only screen and (max-width: 976px) {.uagb-block-55b5edaf.uagb-faq-icon-row .uagb-faq-item .uagb-faq-icon-wrap{margin-right: 10px;}.uagb-block-55b5edaf.uagb-faq-icon-row-reverse .uagb-faq-item .uagb-faq-icon-wrap{margin-left: 10px;}.uagb-block-55b5edaf .uagb-faq-questions-button{padding-top: 10px;padding-bottom: 10px;padding-right: 10px;padding-left: 10px;}.uagb-block-55b5edaf .uagb-faq-content{padding-top: 10px;padding-bottom: 10px;padding-right: 10px;padding-left: 10px;}.uagb-block-55b5edaf .uagb-faq-content span{margin-top: 10px;margin-bottom: 10px;margin-right: 10px;margin-left: 10px;}}@media only screen and (max-width: 767px) {.uagb-block-55b5edaf.uagb-faq-icon-row .uagb-faq-item .uagb-faq-icon-wrap{margin-right: 10px;}.uagb-block-55b5edaf.uagb-faq-icon-row-reverse .uagb-faq-item .uagb-faq-icon-wrap{margin-left: 10px;}.uagb-block-55b5edaf .uagb-faq-questions-button{padding-top: 10px;padding-bottom: 10px;padding-right: 10px;padding-left: 10px;}.uagb-block-55b5edaf .uagb-faq-content{padding-top: 10px;padding-bottom: 10px;padding-right: 10px;padding-left: 10px;}.uagb-block-55b5edaf .uagb-faq-content span{margin-top: 10px;margin-bottom: 10px;margin-right: 10px;margin-left: 10px;}}\";s:2:\"js\";s:0:\"\";s:18:\"current_block_list\";a:10:{i:0;s:11:\"core\/search\";i:1;s:10:\"core\/group\";i:2;s:12:\"core\/heading\";i:3;s:17:\"core\/latest-posts\";i:4;s:20:\"core\/latest-comments\";i:5;s:13:\"core\/archives\";i:6;s:15:\"core\/categories\";i:7;s:14:\"core\/paragraph\";i:8;s:8:\"uagb\/faq\";i:9;s:14:\"uagb\/faq-child\";}s:8:\"uag_flag\";b:1;s:11:\"uag_version\";s:10:\"1775829763\";s:6:\"gfonts\";a:0:{}s:10:\"gfonts_url\";s:0:\"\";s:12:\"gfonts_files\";a:0:{}s:14:\"uag_faq_layout\";b:1;}"],"_uag_css_file_name":["uag-css-2800.css"]},"uagb_featured_image_src":{"full":["https:\/\/senyenergy.com\/wp-content\/uploads\/2025\/08\/stainless-steel-Self-Drilling-Screws-for-solar-system.jpg",800,800,false],"thumbnail":["https:\/\/senyenergy.com\/wp-content\/uploads\/2025\/08\/stainless-steel-Self-Drilling-Screws-for-solar-system-150x150.jpg",150,150,true],"medium":["https:\/\/senyenergy.com\/wp-content\/uploads\/2025\/08\/stainless-steel-Self-Drilling-Screws-for-solar-system-300x300.jpg",300,300,true],"medium_large":["https:\/\/senyenergy.com\/wp-content\/uploads\/2025\/08\/stainless-steel-Self-Drilling-Screws-for-solar-system-768x768.jpg",768,768,true],"large":["https:\/\/senyenergy.com\/wp-content\/uploads\/2025\/08\/stainless-steel-Self-Drilling-Screws-for-solar-system.jpg",800,800,false],"1536x1536":["https:\/\/senyenergy.com\/wp-content\/uploads\/2025\/08\/stainless-steel-Self-Drilling-Screws-for-solar-system.jpg",800,800,false],"2048x2048":["https:\/\/senyenergy.com\/wp-content\/uploads\/2025\/08\/stainless-steel-Self-Drilling-Screws-for-solar-system.jpg",800,800,false],"trp-custom-language-flag":["https:\/\/senyenergy.com\/wp-content\/uploads\/2025\/08\/stainless-steel-Self-Drilling-Screws-for-solar-system-12x12.jpg",12,12,true],"woocommerce_thumbnail":["https:\/\/senyenergy.com\/wp-content\/uploads\/2025\/08\/stainless-steel-Self-Drilling-Screws-for-solar-system-300x300.jpg",300,300,true],"woocommerce_single":["https:\/\/senyenergy.com\/wp-content\/uploads\/2025\/08\/stainless-steel-Self-Drilling-Screws-for-solar-system-600x600.jpg",600,600,true],"woocommerce_gallery_thumbnail":["https:\/\/senyenergy.com\/wp-content\/uploads\/2025\/08\/stainless-steel-Self-Drilling-Screws-for-solar-system-100x100.jpg",100,100,true]},"uagb_author_info":{"display_name":"wp-admin","author_link":"https:\/\/senyenergy.com\/es\/author\/"},"uagb_comment_info":0,"uagb_excerpt":"The Self-Drilling Screws\u00a0for wooden beams and steel beams are normally used by our customers for all kinds of roofs, such as tile roof, metal tin roof, trapezoidal metal roofs and etc. The specifications of Self-Drilling Screws can be customized. price check","_links":{"self":[{"href":"https:\/\/senyenergy.com\/es\/wp-json\/wp\/v2\/product\/2800","targetHints":{"allow":["GET"]}}],"collection":[{"href":"https:\/\/senyenergy.com\/es\/wp-json\/wp\/v2\/product"}],"about":[{"href":"https:\/\/senyenergy.com\/es\/wp-json\/wp\/v2\/types\/product"}],"wp:featuredmedia":[{"embeddable":true,"href":"https:\/\/senyenergy.com\/es\/wp-json\/wp\/v2\/media\/2801"}],"wp:attachment":[{"href":"https:\/\/senyenergy.com\/es\/wp-json\/wp\/v2\/media?parent=2800"}],"wp:term":[{"taxonomy":"product_brand","embeddable":true,"href":"https:\/\/senyenergy.com\/es\/wp-json\/wp\/v2\/product_brand?post=2800"},{"taxonomy":"product_cat","embeddable":true,"href":"https:\/\/senyenergy.com\/es\/wp-json\/wp\/v2\/product_cat?post=2800"},{"taxonomy":"product_tag","embeddable":true,"href":"https:\/\/senyenergy.com\/es\/wp-json\/wp\/v2\/product_tag?post=2800"}],"curies":[{"name":"wp","href":"https:\/\/api.w.org\/{rel}","templated":true}]}}