{"id":2793,"date":"2025-08-13T17:57:04","date_gmt":"2025-08-13T09:57:04","guid":{"rendered":"https:\/\/senyenergy.com\/?post_type=product&#038;p=2793"},"modified":"2025-08-15T10:26:44","modified_gmt":"2025-08-15T02:26:44","slug":"nuevo-panel-solar-pv-ganchos-de-nieve-pinzas-para-quitar-la-nieve","status":"publish","type":"product","link":"https:\/\/senyenergy.com\/es\/product\/nuevo-panel-solar-pv-ganchos-de-nieve-pinzas-para-quitar-la-nieve\/","title":{"rendered":"Nuevos ganchos de nieve para paneles solares fotovoltaicos Ganchos de nieve para quitar la nieve"},"content":{"rendered":"<p><strong><b>Ganchos de nieve para paneles solares Clips de nieve<\/b><\/strong>\u00a0tambi\u00e9n llamado Freno de Nieve para Paneles Solares PV para Evitar que la Nieve Caiga de los Paneles Solares en el Tejado. Dise\u00f1ado espec\u00edficamente para instalaciones solares en regiones con climas invernales duros, nuestro nuevo panel solar de nieve ganchos de nieve Clips guardias de nieve son f\u00e1ciles de instalar en los paneles fotovoltaicos existentes (PV). Alto detener eficazmente la nieve cubra completamente sus paneles solares.<\/p>\n<p>&nbsp;<\/p>\n<p><strong><b>Caracter\u00edsticas de los ganchos para nieve con panel solar Clips para nieve<\/b><\/strong>:<\/p>\n<p>&nbsp;<\/p>\n<p>*Soluci\u00f3n para la acumulaci\u00f3n de nieve: Estos clips abordan eficazmente el reto de la acumulaci\u00f3n de nieve en los paneles solares, reduciendo significativamente los costes de mano de obra asociados a la retirada de nieve durante los meses de invierno.<\/p>\n<p>&nbsp;<\/p>\n<p>Gestione el desprendimiento de nieve: Act\u00faan como bloques de nieve y quitanieves en los m\u00f3dulos fotovoltaicos, evitando peligrosas y repentinas avalanchas de nieve y hielo.<\/p>\n<p>&nbsp;<\/p>\n<p>*Construcci\u00f3n: Hecho de pl\u00e1stico de alta calidad fiable y reutilizable, estos clips est\u00e1n dise\u00f1ados para soportar temperaturas extremas y resistir el envejecimiento, la longevidad y el rendimiento constante en la mejora de la eficiencia del panel solar.<\/p>\n<p>&nbsp;<\/p>\n<p>*Instalaci\u00f3n sin herramientas: El proceso de instalaci\u00f3n es sencillo y no requiere herramientas especiales. Basta con fijar los clips a los bordes de los paneles fotovoltaicos para una instalaci\u00f3n segura y eficiente.<\/p>\n<p>&nbsp;<\/p>\n<p>*Mayor generaci\u00f3n de energ\u00eda: El innovador dise\u00f1o de estas pinzas quitanieves ayuda a cortar y descargar la nieve, mejorando as\u00ed la producci\u00f3n de energ\u00eda y prolongando la vida \u00fatil operativa de los paneles solares.<\/p>\n<p>&nbsp;<\/p>\n<p>*Gu\u00eda de instalaci\u00f3n \u00f3ptima: Para obtener los mejores resultados, se recomienda instalar de 3 a 5 clips quitanieves por m\u00f3dulo solar, espec\u00edficamente dise\u00f1ados para hacer frente a los desaf\u00edos de acumulaci\u00f3n de nieve de manera eficaz.<\/p>\n<p>&nbsp;<\/p>\n<p>Especificaciones:<\/p>\n<p>*Nombre del producto: Panel Solar Snow Guide Clip<\/p>\n<p>*Material: Pl\u00e1stico t\u00e9cnico de alta calidad<\/p>\n<p>*Tama\u00f1o:50*94 mm<\/p>\n<p>*Color: Azul o Negro<\/p>\n<p>&nbsp;<\/p>\n<p>Estos <strong><b>Ganchos de nieve para paneles solares Clips de nieve<\/b><\/strong>\u00a0son una soluci\u00f3n pr\u00e1ctica a la acumulaci\u00f3n de nieve en los paneles solares, minimizando los costes de mano de obra para la remoci\u00f3n de nieve en invierno. La instalaci\u00f3n de protectores de nieve para paneles solares puede prevenir este problema, se recomienda que cada propietario instale ganchos de nieve para paneles solares fotovoltaicos clips de nieve para ayudar a drenar la nieve para la descarga de nieve en climas fr\u00edos, ya que esto puede reducir el tiempo y el costo de la limpieza de la nieve a ti mismo en invierno fr\u00edo.<\/p>\n<p>&nbsp;<\/p>","protected":false},"excerpt":{"rendered":"<p>Estos <strong><b>Ganchos de nieve para paneles solares Clips de nieve<\/b><\/strong>\u00a0son una soluci\u00f3n pr\u00e1ctica a la acumulaci\u00f3n de nieve en los paneles solares, minimizando los costes de mano de obra para la remoci\u00f3n de nieve en invierno. La instalaci\u00f3n de protectores de nieve para paneles solares puede prevenir este problema, se recomienda que cada propietario instale ganchos de nieve para paneles solares fotovoltaicos clips de nieve para ayudar a drenar la nieve para la descarga de nieve en climas fr\u00edos, ya que esto puede reducir el tiempo y el costo de la limpieza de la nieve a ti mismo en invierno fr\u00edo.<\/p>\n<div class=\"wp-block-button popmake-1937\"><a class=\"wp-block-button__link wp-element-button\">comprobaci\u00f3n de precios<\/a><\/div>","protected":false},"featured_media":2794,"template":"","meta":{"_uag_custom_page_level_css":"","site-sidebar-layout":"default","site-content-layout":"","ast-site-content-layout":"default","site-content-style":"default","site-sidebar-style":"default","ast-global-header-display":"","ast-banner-title-visibility":"","ast-main-header-display":"","ast-hfb-above-header-display":"","ast-hfb-below-header-display":"","ast-hfb-mobile-header-display":"","site-post-title":"","ast-breadcrumbs-content":"","ast-featured-img":"","footer-sml-layout":"","ast-disable-related-posts":"","theme-transparent-header-meta":"default","adv-header-id-meta":"","stick-header-meta":"","header-above-stick-meta":"","header-main-stick-meta":"","header-below-stick-meta":"","astra-migrate-meta-layouts":"set","ast-page-background-enabled":"default","ast-page-background-meta":{"desktop":{"background-color":"","background-image":"","background-repeat":"repeat","background-position":"center center","background-size":"auto","background-attachment":"scroll","background-type":"","background-media":"","overlay-type":"","overlay-color":"","overlay-opacity":"","overlay-gradient":""},"tablet":{"background-color":"","background-image":"","background-repeat":"repeat","background-position":"center center","background-size":"auto","background-attachment":"scroll","background-type":"","background-media":"","overlay-type":"","overlay-color":"","overlay-opacity":"","overlay-gradient":""},"mobile":{"background-color":"","background-image":"","background-repeat":"repeat","background-position":"center center","background-size":"auto","background-attachment":"scroll","background-type":"","background-media":"","overlay-type":"","overlay-color":"","overlay-opacity":"","overlay-gradient":""}},"ast-content-background-meta":{"desktop":{"background-color":"var(--ast-global-color-5)","background-image":"","background-repeat":"repeat","background-position":"center center","background-size":"auto","background-attachment":"scroll","background-type":"","background-media":"","overlay-type":"","overlay-color":"","overlay-opacity":"","overlay-gradient":""},"tablet":{"background-color":"var(--ast-global-color-5)","background-image":"","background-repeat":"repeat","background-position":"center center","background-size":"auto","background-attachment":"scroll","background-type":"","background-media":"","overlay-type":"","overlay-color":"","overlay-opacity":"","overlay-gradient":""},"mobile":{"background-color":"var(--ast-global-color-5)","background-image":"","background-repeat":"repeat","background-position":"center center","background-size":"auto","background-attachment":"scroll","background-type":"","background-media":"","overlay-type":"","overlay-color":"","overlay-opacity":"","overlay-gradient":""}}},"product_brand":[],"product_cat":[25,23,33],"product_tag":[291,290,289,286,288,287,285],"class_list":{"0":"post-2793","1":"product","2":"type-product","3":"status-publish","4":"has-post-thumbnail","6":"product_cat-excellent","7":"product_cat-solar-accessories","8":"product_cat-solar-panel-accessories","9":"product_tag-pv-snow-removal-clips","10":"product_tag-snow-accumulation-solution","11":"product_tag-solar-panel-pv-snow-brake","12":"product_tag-solar-panel-snow-clips","13":"product_tag-solar-panel-snow-guide-clamp","14":"product_tag-solar-panel-snow-guide-clip","15":"product_tag-solar-panel-snow-hooks","16":"desktop-align-left","17":"tablet-align-left","18":"mobile-align-left","20":"first","21":"instock","22":"shipping-taxable","23":"product-type-simple"},"spectra_custom_meta":{"_uabb_version":["1.36.1"],"_edit_last":["1"],"_edit_lock":["1756888344:1"],"_thumbnail_id":["2794"],"wb_custom_tabs":["a:0:{}"],"total_sales":["0"],"_tax_status":["taxable"],"_tax_class":[""],"_manage_stock":["no"],"_backorders":["no"],"_sold_individually":["no"],"_virtual":["no"],"_downloadable":["no"],"_download_limit":["-1"],"_download_expiry":["-1"],"_stock":[null],"_stock_status":["instock"],"_wc_average_rating":["0"],"_wc_review_count":["0"],"_product_version":["9.6.2"],"_product_image_gallery":["2797,2796,2795,2798"],"site-sidebar-layout":["default"],"ast-site-content-layout":["default"],"site-content-style":["default"],"site-sidebar-style":["default"],"theme-transparent-header-meta":["default"],"astra-migrate-meta-layouts":["set"],"_uag_page_assets":["a:9:{s:3:\"css\";s:5318:\".uag-blocks-common-selector{z-index:var(--z-index-desktop) !important}@media (max-width: 976px){.uag-blocks-common-selector{z-index:var(--z-index-tablet) !important}}@media (max-width: 767px){.uag-blocks-common-selector{z-index:var(--z-index-mobile) !important}}\n.wp-block-uagb-faq{width:100%}.wp-block-uagb-faq.uagb-faq-layout-accordion .uagb-faq-child__outer-wrap .uagb-faq-questions-button{cursor:pointer}.wp-block-uagb-faq .uagb-faq-content{margin-bottom:0}.wp-block-uagb-faq .uagb-faq-content p{margin:auto}.uagb-faq-layout-grid.uagb-faq-equal-height.uagb-faq__wrap .uagb-faq-child__outer-wrap,.uagb-faq-layout-grid.uagb-faq-equal-height.uagb-faq__wrap .uagb-faq-item{height:100%}body[class*=\"astra\"] .uagb-faq-questions{line-height:normal}.uagb-faq-item{overflow:hidden}\n.wp-block-uagb-faq-child .uagb-faq-questions-button{display:flex;align-items:center}.wp-block-uagb-faq-child .uagb-faq-questions-button .uagb-faq-icon-wrap{display:flex;align-items:center}.wp-block-uagb-faq-child .uagb-faq-questions-button .uagb-question{width:100%;margin-top:0;margin-bottom:0}.wp-block-uagb-faq-child .uagb-icon svg,.wp-block-uagb-faq-child .uagb-icon-active svg{width:15px;height:15px;font-size:15px}.wp-block-uagb-faq-child.uagb-faq-child__outer-wrap.uagb-faq-item .uagb-icon-active,.wp-block-uagb-faq-child.uagb-faq-child__outer-wrap.uagb-faq-item.uagb-faq-item-active .uagb-icon,.wp-block-uagb-faq-child.uagb-faq-child__outer-wrap .uagb-faq-item .uagb-icon-active,.wp-block-uagb-faq-child.uagb-faq-child__outer-wrap .uagb-faq-item.uagb-faq-item-active .uagb-icon{display:none;width:0;padding:0;height:0;margin:0}.wp-block-uagb-faq-child.uagb-faq-child__outer-wrap.uagb-faq-item .uagb-icon,.wp-block-uagb-faq-child.uagb-faq-child__outer-wrap.uagb-faq-item.uagb-faq-item-active .uagb-icon-active,.wp-block-uagb-faq-child.uagb-faq-child__outer-wrap .uagb-faq-item .uagb-icon,.wp-block-uagb-faq-child.uagb-faq-child__outer-wrap .uagb-faq-item.uagb-faq-item-active .uagb-icon-active{display:flex;width:auto;height:auto}.uagb-faq-layout-grid .uagb-faq-child__outer-wrap.uagb-faq-item .uagb-icon,.uagb-faq-layout-grid .uagb-faq-child__outer-wrap.uagb-faq-item.uagb-faq-item-active .uagb-icon-active,.uagb-faq-layout-grid .uagb-faq-child__outer-wrap .uagb-faq-item .uagb-icon,.uagb-faq-layout-grid .uagb-faq-child__outer-wrap .uagb-faq-item.uagb-faq-item-active .uagb-icon-active{display:none}.uagb-faq-layout-grid .uagb-faq-child__outer-wrap.uagb-faq-item span.uagb-icon-active.uagb-faq-icon-wrap,.uagb-faq-layout-grid .uagb-faq-child__outer-wrap.uagb-faq-item.uagb-faq-item-active .uagb-icon-active,.uagb-faq-layout-grid .uagb-faq-child__outer-wrap .uagb-faq-item span.uagb-icon-active.uagb-faq-icon-wrap,.uagb-faq-layout-grid .uagb-faq-child__outer-wrap .uagb-faq-item.uagb-faq-item-active .uagb-icon-active{display:none}\n.uagb-block-55b5edaf .uagb-icon svg{width: 12px;height: 12px;font-size: 12px;}.uagb-block-55b5edaf .uagb-icon-active svg{width: 12px;height: 12px;font-size: 12px;}.uagb-block-55b5edaf .uagb-faq-child__outer-wrap{margin-bottom: 10px;}.uagb-block-55b5edaf .uagb-faq-item{border-top-width: 1px;border-left-width: 1px;border-right-width: 1px;border-bottom-width: 1px;border-top-left-radius: 2px;border-top-right-radius: 2px;border-bottom-left-radius: 2px;border-bottom-right-radius: 2px;border-color: #1e1e1e;border-style: solid;}.uagb-block-55b5edaf .uagb-faq-questions-button{padding-top: 10px;padding-bottom: 10px;padding-right: 10px;padding-left: 10px;}.uagb-block-55b5edaf .uagb-faq-content{padding-top: 10px;padding-bottom: 10px;padding-right: 10px;padding-left: 10px;}.uagb-block-55b5edaf .uagb-faq-content span{margin-top: 10px;margin-bottom: 10px;margin-right: 10px;margin-left: 10px;}.uagb-block-55b5edaf.uagb-faq-icon-row .uagb-faq-item .uagb-faq-icon-wrap{margin-right: 10px;}.uagb-block-55b5edaf.uagb-faq-icon-row-reverse .uagb-faq-item .uagb-faq-icon-wrap{margin-left: 10px;}.uagb-block-55b5edaf .uagb-faq-item .uagb-faq-questions-button.uagb-faq-questions{flex-direction: row;}.uagb-block-55b5edaf .wp-block-uagb-faq-child.uagb-faq-child__outer-wrap .uagb-faq-content {display: none;}@media only screen and (max-width: 976px) {.uagb-block-55b5edaf.uagb-faq-icon-row .uagb-faq-item .uagb-faq-icon-wrap{margin-right: 10px;}.uagb-block-55b5edaf.uagb-faq-icon-row-reverse .uagb-faq-item .uagb-faq-icon-wrap{margin-left: 10px;}.uagb-block-55b5edaf .uagb-faq-questions-button{padding-top: 10px;padding-bottom: 10px;padding-right: 10px;padding-left: 10px;}.uagb-block-55b5edaf .uagb-faq-content{padding-top: 10px;padding-bottom: 10px;padding-right: 10px;padding-left: 10px;}.uagb-block-55b5edaf .uagb-faq-content span{margin-top: 10px;margin-bottom: 10px;margin-right: 10px;margin-left: 10px;}}@media only screen and (max-width: 767px) {.uagb-block-55b5edaf.uagb-faq-icon-row .uagb-faq-item .uagb-faq-icon-wrap{margin-right: 10px;}.uagb-block-55b5edaf.uagb-faq-icon-row-reverse .uagb-faq-item .uagb-faq-icon-wrap{margin-left: 10px;}.uagb-block-55b5edaf .uagb-faq-questions-button{padding-top: 10px;padding-bottom: 10px;padding-right: 10px;padding-left: 10px;}.uagb-block-55b5edaf .uagb-faq-content{padding-top: 10px;padding-bottom: 10px;padding-right: 10px;padding-left: 10px;}.uagb-block-55b5edaf .uagb-faq-content span{margin-top: 10px;margin-bottom: 10px;margin-right: 10px;margin-left: 10px;}}\";s:2:\"js\";s:0:\"\";s:18:\"current_block_list\";a:10:{i:0;s:11:\"core\/search\";i:1;s:10:\"core\/group\";i:2;s:12:\"core\/heading\";i:3;s:17:\"core\/latest-posts\";i:4;s:20:\"core\/latest-comments\";i:5;s:13:\"core\/archives\";i:6;s:15:\"core\/categories\";i:7;s:14:\"core\/paragraph\";i:8;s:8:\"uagb\/faq\";i:9;s:14:\"uagb\/faq-child\";}s:8:\"uag_flag\";b:1;s:11:\"uag_version\";s:10:\"1775829763\";s:6:\"gfonts\";a:0:{}s:10:\"gfonts_url\";s:0:\"\";s:12:\"gfonts_files\";a:0:{}s:14:\"uag_faq_layout\";b:1;}"],"_uag_css_file_name":["uag-css-2793.css"]},"uagb_featured_image_src":{"full":["https:\/\/senyenergy.com\/wp-content\/uploads\/2025\/08\/Blue-or-Black-Solar-Panel-Snow-Hooks-Snow-Clip.jpg",800,800,false],"thumbnail":["https:\/\/senyenergy.com\/wp-content\/uploads\/2025\/08\/Blue-or-Black-Solar-Panel-Snow-Hooks-Snow-Clip-150x150.jpg",150,150,true],"medium":["https:\/\/senyenergy.com\/wp-content\/uploads\/2025\/08\/Blue-or-Black-Solar-Panel-Snow-Hooks-Snow-Clip-300x300.jpg",300,300,true],"medium_large":["https:\/\/senyenergy.com\/wp-content\/uploads\/2025\/08\/Blue-or-Black-Solar-Panel-Snow-Hooks-Snow-Clip-768x768.jpg",768,768,true],"large":["https:\/\/senyenergy.com\/wp-content\/uploads\/2025\/08\/Blue-or-Black-Solar-Panel-Snow-Hooks-Snow-Clip.jpg",800,800,false],"1536x1536":["https:\/\/senyenergy.com\/wp-content\/uploads\/2025\/08\/Blue-or-Black-Solar-Panel-Snow-Hooks-Snow-Clip.jpg",800,800,false],"2048x2048":["https:\/\/senyenergy.com\/wp-content\/uploads\/2025\/08\/Blue-or-Black-Solar-Panel-Snow-Hooks-Snow-Clip.jpg",800,800,false],"trp-custom-language-flag":["https:\/\/senyenergy.com\/wp-content\/uploads\/2025\/08\/Blue-or-Black-Solar-Panel-Snow-Hooks-Snow-Clip-12x12.jpg",12,12,true],"woocommerce_thumbnail":["https:\/\/senyenergy.com\/wp-content\/uploads\/2025\/08\/Blue-or-Black-Solar-Panel-Snow-Hooks-Snow-Clip-300x300.jpg",300,300,true],"woocommerce_single":["https:\/\/senyenergy.com\/wp-content\/uploads\/2025\/08\/Blue-or-Black-Solar-Panel-Snow-Hooks-Snow-Clip-600x600.jpg",600,600,true],"woocommerce_gallery_thumbnail":["https:\/\/senyenergy.com\/wp-content\/uploads\/2025\/08\/Blue-or-Black-Solar-Panel-Snow-Hooks-Snow-Clip-100x100.jpg",100,100,true]},"uagb_author_info":{"display_name":"wp-admin","author_link":"https:\/\/senyenergy.com\/es\/author\/"},"uagb_comment_info":0,"uagb_excerpt":"These Solar Panel Snow Hooks Snow Clips\u00a0are a practical solution to snow buildup on solar panels, minimizing labor costs for winter snow removal. Installing snow guards for solar panels can prevent this issue, It is recommended that every homeowner install PV Solar Panel Snow Hooks Snow Clips to help drain snow for discharging for snow&hellip;","_links":{"self":[{"href":"https:\/\/senyenergy.com\/es\/wp-json\/wp\/v2\/product\/2793","targetHints":{"allow":["GET"]}}],"collection":[{"href":"https:\/\/senyenergy.com\/es\/wp-json\/wp\/v2\/product"}],"about":[{"href":"https:\/\/senyenergy.com\/es\/wp-json\/wp\/v2\/types\/product"}],"wp:featuredmedia":[{"embeddable":true,"href":"https:\/\/senyenergy.com\/es\/wp-json\/wp\/v2\/media\/2794"}],"wp:attachment":[{"href":"https:\/\/senyenergy.com\/es\/wp-json\/wp\/v2\/media?parent=2793"}],"wp:term":[{"taxonomy":"product_brand","embeddable":true,"href":"https:\/\/senyenergy.com\/es\/wp-json\/wp\/v2\/product_brand?post=2793"},{"taxonomy":"product_cat","embeddable":true,"href":"https:\/\/senyenergy.com\/es\/wp-json\/wp\/v2\/product_cat?post=2793"},{"taxonomy":"product_tag","embeddable":true,"href":"https:\/\/senyenergy.com\/es\/wp-json\/wp\/v2\/product_tag?post=2793"}],"curies":[{"name":"wp","href":"https:\/\/api.w.org\/{rel}","templated":true}]}}