{"id":2658,"date":"2025-07-08T15:43:40","date_gmt":"2025-07-08T07:43:40","guid":{"rendered":"https:\/\/senyenergy.com\/?post_type=product&#038;p=2658"},"modified":"2025-07-13T12:10:53","modified_gmt":"2025-07-13T04:10:53","slug":"aluminio-solar-mediados-de-abrazadera-para-el-modulo-solar-30mm-35mm","status":"publish","type":"product","link":"https:\/\/senyenergy.com\/es\/product\/aluminio-solar-mediados-de-abrazadera-para-el-modulo-solar-30mm-35mm\/","title":{"rendered":"Abrazadera Solar Mid de Aluminio para M\u00f3dulo Solar 30mm \/35mm"},"content":{"rendered":"<p><strong><b>Aluminio S<\/b><\/strong><strong><b>olar <\/b><\/strong><strong><b>M<\/b><\/strong><strong><b>id <\/b><\/strong><strong><b>C<\/b><\/strong><strong><b>l\u00e1mpara<\/b><\/strong>\u00a0es un componente esencial utilizado para fijar los paneles solares a los ra\u00edles de montaje en las instalaciones solares. Estas abrazaderas proporcionan una conexi\u00f3n fiable, garantizando que los paneles solares permanezcan estables y correctamente alineados. La abrazadera intermedia, tambi\u00e9n conocida como abrazadera media, se utiliza para sujetar paneles solares entre dos m\u00f3dulos solares. Se ensambla con pernos y tuercas y se fija al ra\u00edl para sujetar firmemente los paneles contra el viento y cualquier otra sacudida. La abrazadera media est\u00e1 hecha de aluminio 6005 T5 anodizado y es compatible con paneles solares de 30-50mm.<\/p>\n<p>&nbsp;<\/p>\n<p>Fabricada en aluminio anodizado resistente a la corrosi\u00f3n, la abrazadera es ligera, resistente a la intemperie y est\u00e1 dise\u00f1ada para soportar las cargas din\u00e1micas y las condiciones ambientales experimentadas. Es ideal para instaladores que necesitan una fijaci\u00f3n r\u00e1pida y repetible de paneles con fiabilidad a largo plazo.<\/p>\n<p>&nbsp;<\/p>\n<p>Nuestra <strong><b>Aluminio S<\/b><\/strong><strong><b>olar <\/b><\/strong><strong><b>M<\/b><\/strong><strong><b>id <\/b><\/strong><strong><b>C<\/b><\/strong><strong><b>l\u00e1mpara<\/b><\/strong>\u00a0para el panel solar est\u00e1 hecho de material de aluminio anodizado extruido, que tiene una buena protecci\u00f3n contra la oxidaci\u00f3n y la corrosi\u00f3n. La abrazadera media es anodizado en acabado superficial normalmente. Tambi\u00e9n podemos hacer anodizado negro en la superficie para cumplir con los paneles solares enmarcados negro. Puede ser acabado de molino como petici\u00f3n del cliente tambi\u00e9n. Tenemos plateado y negro para su elecci\u00f3n o personalizado para satisfacer sus demandas. Nuestra f\u00e1brica ofrece diferentes series de abrazaderas, incluyendo 30\/35\/40\/45\/50mm y m\u00e1s para adaptarse a los paneles solares. La abrazadera media de aluminio para paneles solares est\u00e1 equipada con un tornillo de cabeza hueca, una arandela plana, una arandela el\u00e1stica y una tuerca deslizante. Tambi\u00e9n puede ser equipado con clip de conexi\u00f3n a tierra para fijar en el carril de montaje para llegar a tierra proponer. Somos serios con la calidad de las abrazaderas medias y proporcionamos la garant\u00eda para nuestros otros productos.<\/p>\n<p>&nbsp;<\/p>\n<p>Caracter\u00edsticas de <strong><b>Aluminio S<\/b><\/strong><strong><b>olar <\/b><\/strong><strong><b>M<\/b><\/strong><strong><b>id <\/b><\/strong><strong><b>C<\/b><\/strong><strong><b>l\u00e1mpara<\/b><\/strong>\u00a0para paneles solares:<\/p>\n<ol>\n<li>Instalaci\u00f3n f\u00e1cil y sencilla;<\/li>\n<li>Alta preensamblada en f\u00e1brica;<\/li>\n<li>Alta resistencia a la corrosi\u00f3n, larga vida \u00fatil;<\/li>\n<li>Buena calidad y alta resistencia;<\/li>\n<li>Ser de varios tama\u00f1os para adaptarse a los paneles solares;<\/li>\n<li>Alta rentabilidad y precio de f\u00e1brica;<\/li>\n<\/ol>\n<p>&nbsp;<\/p>\n<p>Componentes de este aluminio <strong><b>Aluminio S<\/b><\/strong><strong><b>olar <\/b><\/strong><strong><b>M<\/b><\/strong><strong><b>id <\/b><\/strong><strong><b>C<\/b><\/strong><strong><b>l\u00e1mpara<\/b><\/strong><\/p>\n<p>Se suministra con base de aluminio de montaje, perno hexagonal de acero inoxidable y m\u00f3dulo Senyang T, se puede venir con la tuerca personalizada<\/p>\n<p>y perno si se solicita.<\/p>\n<p>&nbsp;<\/p>\n<p>Especificaci\u00f3n de este <strong><b>Aluminio S<\/b><\/strong><strong><b>olar <\/b><\/strong><strong><b>M<\/b><\/strong><strong><b>id <\/b><\/strong><strong><b>C<\/b><\/strong><strong><b>l\u00e1mpara<\/b><\/strong><\/p>\n<p>- Longitud est\u00e1ndar de la abrazadera: 40mm, otros tama\u00f1os personalizados: 40 \/ 50 \/60 \/80... disponibles<\/p>\n<p>- Tornillos: M8\u00d7450mm,M8\u00d745mm,M8\u00d750mm,M8\u00d755mm,M8\u00d760mm,M8\u00d765mm\u2026<\/p>\n<p>- Tratamiento superficial: Anodizado;<\/p>\n<p>- Color: Plata \/ negro ...<\/p>\n<p>&nbsp;<\/p>\n<p><strong><b>S<\/b><\/strong><strong><b>olar <\/b><\/strong><strong><b>M<\/b><\/strong><strong><b>id <\/b><\/strong><strong><b>C<\/b><\/strong><strong><b>l\u00e1mpara<\/b><\/strong> Tambi\u00e9n se puede equipar con un clip de puesta a tierra para fijarlo en el riel de montaje con el fin de alcanzar el objetivo de puesta a tierra.<\/p>\n<p>consulte Montaje solar Sistemas de puesta a tierra<\/p>\n<p>&nbsp;<\/p>\n<p>SENYANG llevar enmarcado o de pel\u00edcula delgada abrazaderas mediados \/ finales, ambos tipos fijos o ajustables. Y el dise\u00f1o de diferentes <strong><b>Aluminio S<\/b><\/strong><strong><b>olar <\/b><\/strong><strong><b>M<\/b><\/strong><strong><b>id <\/b><\/strong><strong><b>C<\/b><\/strong><strong><b>l\u00e1mpara<\/b><\/strong>\u00a0\u00a1para diferentes carriles, por favor no dude en contactar con nosotros para la abrazadera media personalizada, ofrecemos servicio de OEM!<\/p>\n<p>&nbsp;<\/p>","protected":false},"excerpt":{"rendered":"<p>Nuestro aluminio <strong><b>S<\/b><\/strong><strong><b>olar <\/b><\/strong><strong><b>M<\/b><\/strong><strong><b>id <\/b><\/strong><strong><b>C<\/b><\/strong><strong><b>l\u00e1mpara<\/b><\/strong>\u00a0La abrazadera media para el panel solar est\u00e1 hecha de material de aluminio extruido anodizado, que tiene una buena protecci\u00f3n contra la oxidaci\u00f3n y la corrosi\u00f3n. La abrazadera media es anodizado en la superficie finish.we normalmente tambi\u00e9n puede hacer negro anodizado en la superficie para cumplir con negro enmarcado paneles solares. Tambi\u00e9n puede ser acabado de molino como petici\u00f3n del cliente. Tenemos plateado y negro para su elecci\u00f3n o personalizado para satisfacer sus demandas. Nuestra f\u00e1brica ofrece diferentes series de abrazaderas, incluyendo 30\/35\/40\/45\/50mm y m\u00e1s para adaptarse a los paneles solares. La abrazadera media de aluminio para paneles solares est\u00e1 equipada con un tornillo de cabeza hueca, una arandela plana, una arandela el\u00e1stica y una tuerca deslizante. Tambi\u00e9n puede ser equipado con clip de conexi\u00f3n a tierra para fijar en el carril de montaje para llegar a tierra proponer. Somos serios con la calidad de las abrazaderas medias y proporcionamos la garant\u00eda para nuestros otros productos.<\/p>\n<div class=\"wp-block-button popmake-1937\"><a class=\"wp-block-button__link wp-element-button\">comprobaci\u00f3n de precios<\/a><\/div>","protected":false},"featured_media":2663,"template":"","meta":{"_uag_custom_page_level_css":"","site-sidebar-layout":"default","site-content-layout":"","ast-site-content-layout":"default","site-content-style":"default","site-sidebar-style":"default","ast-global-header-display":"","ast-banner-title-visibility":"","ast-main-header-display":"","ast-hfb-above-header-display":"","ast-hfb-below-header-display":"","ast-hfb-mobile-header-display":"","site-post-title":"","ast-breadcrumbs-content":"","ast-featured-img":"","footer-sml-layout":"","ast-disable-related-posts":"","theme-transparent-header-meta":"default","adv-header-id-meta":"","stick-header-meta":"","header-above-stick-meta":"","header-main-stick-meta":"","header-below-stick-meta":"","astra-migrate-meta-layouts":"set","ast-page-background-enabled":"default","ast-page-background-meta":{"desktop":{"background-color":"","background-image":"","background-repeat":"repeat","background-position":"center center","background-size":"auto","background-attachment":"scroll","background-type":"","background-media":"","overlay-type":"","overlay-color":"","overlay-opacity":"","overlay-gradient":""},"tablet":{"background-color":"","background-image":"","background-repeat":"repeat","background-position":"center center","background-size":"auto","background-attachment":"scroll","background-type":"","background-media":"","overlay-type":"","overlay-color":"","overlay-opacity":"","overlay-gradient":""},"mobile":{"background-color":"","background-image":"","background-repeat":"repeat","background-position":"center center","background-size":"auto","background-attachment":"scroll","background-type":"","background-media":"","overlay-type":"","overlay-color":"","overlay-opacity":"","overlay-gradient":""}},"ast-content-background-meta":{"desktop":{"background-color":"var(--ast-global-color-5)","background-image":"","background-repeat":"repeat","background-position":"center center","background-size":"auto","background-attachment":"scroll","background-type":"","background-media":"","overlay-type":"","overlay-color":"","overlay-opacity":"","overlay-gradient":""},"tablet":{"background-color":"var(--ast-global-color-5)","background-image":"","background-repeat":"repeat","background-position":"center center","background-size":"auto","background-attachment":"scroll","background-type":"","background-media":"","overlay-type":"","overlay-color":"","overlay-opacity":"","overlay-gradient":""},"mobile":{"background-color":"var(--ast-global-color-5)","background-image":"","background-repeat":"repeat","background-position":"center center","background-size":"auto","background-attachment":"scroll","background-type":"","background-media":"","overlay-type":"","overlay-color":"","overlay-opacity":"","overlay-gradient":""}}},"product_brand":[],"product_cat":[25,23,132,33],"product_tag":[238,240,58,239],"class_list":{"0":"post-2658","1":"product","2":"type-product","3":"status-publish","4":"has-post-thumbnail","6":"product_cat-excellent","7":"product_cat-solar-accessories","8":"product_cat-solar-mounting-components","9":"product_cat-solar-panel-accessories","10":"product_tag-mid-clamp","11":"product_tag-solar-inter-clamp","12":"product_tag-solar-mid-clamp","13":"product_tag-solar-middle-clamp","14":"desktop-align-left","15":"tablet-align-left","16":"mobile-align-left","18":"first","19":"instock","20":"shipping-taxable","21":"product-type-simple"},"spectra_custom_meta":{"_uabb_version":["1.36.1"],"_edit_last":["1"],"_edit_lock":["1752484926:1"],"_thumbnail_id":["2663"],"total_sales":["0"],"_tax_status":["taxable"],"_tax_class":[""],"_manage_stock":["no"],"_backorders":["no"],"_sold_individually":["no"],"_virtual":["no"],"_downloadable":["no"],"_download_limit":["-1"],"_download_expiry":["-1"],"_stock":[null],"_stock_status":["instock"],"_wc_average_rating":["0"],"_wc_review_count":["0"],"_product_version":["9.6.2"],"_product_image_gallery":["2662,2660,2661,2659"],"site-sidebar-layout":["default"],"ast-site-content-layout":["default"],"site-content-style":["default"],"site-sidebar-style":["default"],"theme-transparent-header-meta":["default"],"astra-migrate-meta-layouts":["set"],"_uag_page_assets":["a:9:{s:3:\"css\";s:5318:\".uag-blocks-common-selector{z-index:var(--z-index-desktop) !important}@media (max-width: 976px){.uag-blocks-common-selector{z-index:var(--z-index-tablet) !important}}@media (max-width: 767px){.uag-blocks-common-selector{z-index:var(--z-index-mobile) !important}}\n.wp-block-uagb-faq{width:100%}.wp-block-uagb-faq.uagb-faq-layout-accordion .uagb-faq-child__outer-wrap .uagb-faq-questions-button{cursor:pointer}.wp-block-uagb-faq .uagb-faq-content{margin-bottom:0}.wp-block-uagb-faq .uagb-faq-content p{margin:auto}.uagb-faq-layout-grid.uagb-faq-equal-height.uagb-faq__wrap .uagb-faq-child__outer-wrap,.uagb-faq-layout-grid.uagb-faq-equal-height.uagb-faq__wrap .uagb-faq-item{height:100%}body[class*=\"astra\"] .uagb-faq-questions{line-height:normal}.uagb-faq-item{overflow:hidden}\n.wp-block-uagb-faq-child .uagb-faq-questions-button{display:flex;align-items:center}.wp-block-uagb-faq-child .uagb-faq-questions-button .uagb-faq-icon-wrap{display:flex;align-items:center}.wp-block-uagb-faq-child .uagb-faq-questions-button .uagb-question{width:100%;margin-top:0;margin-bottom:0}.wp-block-uagb-faq-child .uagb-icon svg,.wp-block-uagb-faq-child .uagb-icon-active svg{width:15px;height:15px;font-size:15px}.wp-block-uagb-faq-child.uagb-faq-child__outer-wrap.uagb-faq-item .uagb-icon-active,.wp-block-uagb-faq-child.uagb-faq-child__outer-wrap.uagb-faq-item.uagb-faq-item-active .uagb-icon,.wp-block-uagb-faq-child.uagb-faq-child__outer-wrap .uagb-faq-item .uagb-icon-active,.wp-block-uagb-faq-child.uagb-faq-child__outer-wrap .uagb-faq-item.uagb-faq-item-active .uagb-icon{display:none;width:0;padding:0;height:0;margin:0}.wp-block-uagb-faq-child.uagb-faq-child__outer-wrap.uagb-faq-item .uagb-icon,.wp-block-uagb-faq-child.uagb-faq-child__outer-wrap.uagb-faq-item.uagb-faq-item-active .uagb-icon-active,.wp-block-uagb-faq-child.uagb-faq-child__outer-wrap .uagb-faq-item .uagb-icon,.wp-block-uagb-faq-child.uagb-faq-child__outer-wrap .uagb-faq-item.uagb-faq-item-active .uagb-icon-active{display:flex;width:auto;height:auto}.uagb-faq-layout-grid .uagb-faq-child__outer-wrap.uagb-faq-item .uagb-icon,.uagb-faq-layout-grid .uagb-faq-child__outer-wrap.uagb-faq-item.uagb-faq-item-active .uagb-icon-active,.uagb-faq-layout-grid .uagb-faq-child__outer-wrap .uagb-faq-item .uagb-icon,.uagb-faq-layout-grid .uagb-faq-child__outer-wrap .uagb-faq-item.uagb-faq-item-active .uagb-icon-active{display:none}.uagb-faq-layout-grid .uagb-faq-child__outer-wrap.uagb-faq-item span.uagb-icon-active.uagb-faq-icon-wrap,.uagb-faq-layout-grid .uagb-faq-child__outer-wrap.uagb-faq-item.uagb-faq-item-active .uagb-icon-active,.uagb-faq-layout-grid .uagb-faq-child__outer-wrap .uagb-faq-item span.uagb-icon-active.uagb-faq-icon-wrap,.uagb-faq-layout-grid .uagb-faq-child__outer-wrap .uagb-faq-item.uagb-faq-item-active .uagb-icon-active{display:none}\n.uagb-block-55b5edaf .uagb-icon svg{width: 12px;height: 12px;font-size: 12px;}.uagb-block-55b5edaf .uagb-icon-active svg{width: 12px;height: 12px;font-size: 12px;}.uagb-block-55b5edaf .uagb-faq-child__outer-wrap{margin-bottom: 10px;}.uagb-block-55b5edaf .uagb-faq-item{border-top-width: 1px;border-left-width: 1px;border-right-width: 1px;border-bottom-width: 1px;border-top-left-radius: 2px;border-top-right-radius: 2px;border-bottom-left-radius: 2px;border-bottom-right-radius: 2px;border-color: #1e1e1e;border-style: solid;}.uagb-block-55b5edaf .uagb-faq-questions-button{padding-top: 10px;padding-bottom: 10px;padding-right: 10px;padding-left: 10px;}.uagb-block-55b5edaf .uagb-faq-content{padding-top: 10px;padding-bottom: 10px;padding-right: 10px;padding-left: 10px;}.uagb-block-55b5edaf .uagb-faq-content span{margin-top: 10px;margin-bottom: 10px;margin-right: 10px;margin-left: 10px;}.uagb-block-55b5edaf.uagb-faq-icon-row .uagb-faq-item .uagb-faq-icon-wrap{margin-right: 10px;}.uagb-block-55b5edaf.uagb-faq-icon-row-reverse .uagb-faq-item .uagb-faq-icon-wrap{margin-left: 10px;}.uagb-block-55b5edaf .uagb-faq-item .uagb-faq-questions-button.uagb-faq-questions{flex-direction: row;}.uagb-block-55b5edaf .wp-block-uagb-faq-child.uagb-faq-child__outer-wrap .uagb-faq-content {display: none;}@media only screen and (max-width: 976px) {.uagb-block-55b5edaf.uagb-faq-icon-row .uagb-faq-item .uagb-faq-icon-wrap{margin-right: 10px;}.uagb-block-55b5edaf.uagb-faq-icon-row-reverse .uagb-faq-item .uagb-faq-icon-wrap{margin-left: 10px;}.uagb-block-55b5edaf .uagb-faq-questions-button{padding-top: 10px;padding-bottom: 10px;padding-right: 10px;padding-left: 10px;}.uagb-block-55b5edaf .uagb-faq-content{padding-top: 10px;padding-bottom: 10px;padding-right: 10px;padding-left: 10px;}.uagb-block-55b5edaf .uagb-faq-content span{margin-top: 10px;margin-bottom: 10px;margin-right: 10px;margin-left: 10px;}}@media only screen and (max-width: 767px) {.uagb-block-55b5edaf.uagb-faq-icon-row .uagb-faq-item .uagb-faq-icon-wrap{margin-right: 10px;}.uagb-block-55b5edaf.uagb-faq-icon-row-reverse .uagb-faq-item .uagb-faq-icon-wrap{margin-left: 10px;}.uagb-block-55b5edaf .uagb-faq-questions-button{padding-top: 10px;padding-bottom: 10px;padding-right: 10px;padding-left: 10px;}.uagb-block-55b5edaf .uagb-faq-content{padding-top: 10px;padding-bottom: 10px;padding-right: 10px;padding-left: 10px;}.uagb-block-55b5edaf .uagb-faq-content span{margin-top: 10px;margin-bottom: 10px;margin-right: 10px;margin-left: 10px;}}\";s:2:\"js\";s:0:\"\";s:18:\"current_block_list\";a:10:{i:0;s:11:\"core\/search\";i:1;s:10:\"core\/group\";i:2;s:12:\"core\/heading\";i:3;s:17:\"core\/latest-posts\";i:4;s:20:\"core\/latest-comments\";i:5;s:13:\"core\/archives\";i:6;s:15:\"core\/categories\";i:7;s:14:\"core\/paragraph\";i:8;s:8:\"uagb\/faq\";i:9;s:14:\"uagb\/faq-child\";}s:8:\"uag_flag\";b:1;s:11:\"uag_version\";s:10:\"1775829763\";s:6:\"gfonts\";a:0:{}s:10:\"gfonts_url\";s:0:\"\";s:12:\"gfonts_files\";a:0:{}s:14:\"uag_faq_layout\";b:1;}"],"_uag_css_file_name":["uag-css-2658.css"]},"uagb_featured_image_src":{"full":["https:\/\/senyenergy.com\/wp-content\/uploads\/2025\/07\/Solar-Mid-Clamp-size.jpg",800,800,false],"thumbnail":["https:\/\/senyenergy.com\/wp-content\/uploads\/2025\/07\/Solar-Mid-Clamp-size-150x150.jpg",150,150,true],"medium":["https:\/\/senyenergy.com\/wp-content\/uploads\/2025\/07\/Solar-Mid-Clamp-size-300x300.jpg",300,300,true],"medium_large":["https:\/\/senyenergy.com\/wp-content\/uploads\/2025\/07\/Solar-Mid-Clamp-size-768x768.jpg",768,768,true],"large":["https:\/\/senyenergy.com\/wp-content\/uploads\/2025\/07\/Solar-Mid-Clamp-size.jpg",800,800,false],"1536x1536":["https:\/\/senyenergy.com\/wp-content\/uploads\/2025\/07\/Solar-Mid-Clamp-size.jpg",800,800,false],"2048x2048":["https:\/\/senyenergy.com\/wp-content\/uploads\/2025\/07\/Solar-Mid-Clamp-size.jpg",800,800,false],"trp-custom-language-flag":["https:\/\/senyenergy.com\/wp-content\/uploads\/2025\/07\/Solar-Mid-Clamp-size-12x12.jpg",12,12,true],"woocommerce_thumbnail":["https:\/\/senyenergy.com\/wp-content\/uploads\/2025\/07\/Solar-Mid-Clamp-size-300x300.jpg",300,300,true],"woocommerce_single":["https:\/\/senyenergy.com\/wp-content\/uploads\/2025\/07\/Solar-Mid-Clamp-size-600x600.jpg",600,600,true],"woocommerce_gallery_thumbnail":["https:\/\/senyenergy.com\/wp-content\/uploads\/2025\/07\/Solar-Mid-Clamp-size-100x100.jpg",100,100,true]},"uagb_author_info":{"display_name":"wp-admin","author_link":"https:\/\/senyenergy.com\/es\/author\/"},"uagb_comment_info":0,"uagb_excerpt":"Our aluminum Solar Mid Clamp\u00a0for solar panel is made of extruded anodized aluminum material, which has good rust-proof and corrosion protection. The mid clamp is anodized on surface finish normally.We can also do black anodized on the surface to meet with black framed solar panels. It can be mill finish as customer\u2019s request also. We&hellip;","_links":{"self":[{"href":"https:\/\/senyenergy.com\/es\/wp-json\/wp\/v2\/product\/2658","targetHints":{"allow":["GET"]}}],"collection":[{"href":"https:\/\/senyenergy.com\/es\/wp-json\/wp\/v2\/product"}],"about":[{"href":"https:\/\/senyenergy.com\/es\/wp-json\/wp\/v2\/types\/product"}],"wp:featuredmedia":[{"embeddable":true,"href":"https:\/\/senyenergy.com\/es\/wp-json\/wp\/v2\/media\/2663"}],"wp:attachment":[{"href":"https:\/\/senyenergy.com\/es\/wp-json\/wp\/v2\/media?parent=2658"}],"wp:term":[{"taxonomy":"product_brand","embeddable":true,"href":"https:\/\/senyenergy.com\/es\/wp-json\/wp\/v2\/product_brand?post=2658"},{"taxonomy":"product_cat","embeddable":true,"href":"https:\/\/senyenergy.com\/es\/wp-json\/wp\/v2\/product_cat?post=2658"},{"taxonomy":"product_tag","embeddable":true,"href":"https:\/\/senyenergy.com\/es\/wp-json\/wp\/v2\/product_tag?post=2658"}],"curies":[{"name":"wp","href":"https:\/\/api.w.org\/{rel}","templated":true}]}}