{"id":2643,"date":"2025-07-02T15:42:03","date_gmt":"2025-07-02T07:42:03","guid":{"rendered":"https:\/\/senyenergy.com\/?post_type=product&#038;p=2643"},"modified":"2025-07-02T15:42:04","modified_gmt":"2025-07-02T07:42:04","slug":"fabricantes-de-bandejas-portacables-para-tejados","status":"publish","type":"product","link":"https:\/\/senyenergy.com\/es\/product\/fabricantes-de-bandejas-portacables-para-tejados\/","title":{"rendered":"Fabricantes de bandejas portacables para tejados"},"content":{"rendered":"<p><strong><b>Solar<\/b><\/strong><strong><b>\u00a0<\/b><\/strong><strong><b>Bandeja de cables<\/b><\/strong>\u00a0es un sistema de soporte especializado dise\u00f1ado para guiar, organizar y proteger de forma segura los cables el\u00e9ctricos (ramales de CC, salida de CA, comunicaciones) en tejados con instalaciones solares fotovoltaicas (FV). Sustituye a los engorrosos tendidos de conductos o cables a la vista, garantizando el cumplimiento de la normativa, la seguridad y la longevidad.<\/p>\n<p>&nbsp;<\/p>\n<p><strong><b>Solar<\/b><\/strong><strong><b>\u00a0<\/b><\/strong><strong><b>Bandeja de cables<\/b><\/strong>\u00a0est\u00e1 dise\u00f1ado para satisfacer las necesidades \u00fanicas de la industria solar. Nuestros sistemas de bandejas portacables solares y sistemas de soporte de cables solares est\u00e1n dise\u00f1ados para aplicaciones de montaje de energ\u00eda solar de servicios p\u00fablicos y est\u00e1n fabricados en acero galvanizado de alta calidad, acero inoxidable y aluminio. El sistema de bandeja portacables abierta permite a los instaladores colocar los cables. Su dise\u00f1o fiable y duradero resiste los da\u00f1os causados por entornos hostiles y la luz ultravioleta. La bandeja portacables Solar consta de tres componentes principales que se encajan entre s\u00ed de forma r\u00e1pida y c\u00f3moda. La cubierta superior permite colocar los cables en la bandeja. Una vez finalizado el cableado, basta con encajar la tapa en la bandeja. El resultado es un aspecto elegante que reduce el tiempo de instalaci\u00f3n y los gastos de mano de obra.<\/p>\n<p>&nbsp;<\/p>\n<p>Caracter\u00edsticas de <strong><b>Solar<\/b><\/strong><strong><b>\u00a0<\/b><\/strong><strong><b>Bandeja de cables<\/b><\/strong>:<\/p>\n<ol>\n<li>Dise\u00f1o ventilado: Muchas bandejas incluyen ranuras de ventilaci\u00f3n para permitir la disipaci\u00f3n del calor, protegiendo los cables del sobrecalentamiento.<\/li>\n<li>Sistema modular: Disponible en varias longitudes y configuraciones, lo que permite disposiciones personalizadas para adaptarse a necesidades de instalaci\u00f3n espec\u00edficas.<\/li>\n<li>F\u00e1cil acceso: Dise\u00f1ado para un acceso sencillo a los cables para el mantenimiento y la resoluci\u00f3n de problemas.<\/li>\n<li>Gesti\u00f3n de cables organizada: Mantiene el cableado limpio y ordenado, reduciendo el desorden y los posibles da\u00f1os.<\/li>\n<li>Mayor seguridad: Protege los cables de los peligros ambientales, los da\u00f1os f\u00edsicos y la exposici\u00f3n a los rayos UV, minimizando los riesgos de incendio.<\/li>\n<\/ol>\n<p>&nbsp;<\/p>\n<p><strong><b>Solar<\/b><\/strong><strong><b>\u00a0<\/b><\/strong><strong><b>Bandeja de cables<\/b><\/strong>\u00a0es vital para la gesti\u00f3n segura y eficaz del cableado el\u00e9ctrico en las instalaciones solares. Una instalaci\u00f3n adecuada mejora la organizaci\u00f3n, la seguridad y la longevidad del sistema de energ\u00eda solar.  En instalaciones de paneles solares residenciales y comerciales, ayudan a organizar y soportar los cables que conectan los paneles solares a los inversores, reguladores de carga y bater\u00edas, garantizando que los cables est\u00e9n seguros y protegidos de da\u00f1os ambientales. En las grandes plantas de energ\u00eda solar, estas bandejas gu\u00edan los cables de alimentaci\u00f3n desde los paneles hasta los inversores y las conexiones a la red, lo que da como resultado un sistema m\u00e1s racionalizado y eficiente a la vez que simplifica las tareas de mantenimiento. Son cruciales para manipular cables de alta tensi\u00f3n en instalaciones solares industriales, ya que fomentan la seguridad y la fiabilidad. Las bandejas de cables solares tambi\u00e9n se encuentran en estaciones de carga de veh\u00edculos el\u00e9ctricos alimentados por energ\u00eda solar y en instalaciones aisladas de la red, donde ayudan a organizar y proteger cables importantes.<\/p>\n<p>&nbsp;<\/p>\n<p>&nbsp;<\/p>\n<p>En resumen, <strong><b>bandeja portacables solar<\/b><\/strong>s son vitales para preservar la integridad de los cables, mejorar la eficiencia del sistema y garantizar la seguridad y durabilidad de los sistemas de energ\u00eda solar en distintos sectores. Con m\u00e1s de a\u00f1os de experiencia, somos conocidos fabricantes de bandejas portacables para energ\u00eda solar. Nos dedicamos a la innovaci\u00f3n, la durabilidad y la precisi\u00f3n, ofreciendo soluciones completas de gesti\u00f3n de cables que mejoran la eficiencia, la seguridad y la vida \u00fatil de los sistemas de energ\u00eda solar. Estas bandejas de cables solares est\u00e1n dise\u00f1adas para soportar las condiciones ambientales m\u00e1s severas, proporcionando una protecci\u00f3n excepcional para los cables contra los rayos UV, las inclemencias del tiempo y la corrosi\u00f3n. Tanto para instalaciones en tejados residenciales como para grandes plantas de energ\u00eda solar, nuestras bandejas est\u00e1n fabricadas para soportar, organizar y proteger los cables el\u00e9ctricos, permitiendo una transmisi\u00f3n de energ\u00eda sin problemas y reduciendo el tiempo de inactividad. Las bandejas de cables solares est\u00e1n fabricadas con materiales de alta calidad resistentes a la corrosi\u00f3n, como el aluminio y el acero inoxidable, lo que garantiza su durabilidad a la vez que ofrecen una gesti\u00f3n \u00f3ptima de los cables en todas las fases del ciclo de vida de la energ\u00eda solar.<\/p>\n<p>&nbsp;<\/p>\n<p>&nbsp;<\/p>","protected":false},"excerpt":{"rendered":"<p>Las bandejas portacables solares est\u00e1n dise\u00f1adas para satisfacer los requisitos exclusivos de la industria solar. Nuestros sistemas de bandejas portacables solares y sistemas de soporte de cables solares est\u00e1n dise\u00f1ados para aplicaciones de montaje de energ\u00eda solar. Nuestras bandejas portacables solares est\u00e1n fabricadas en acero galvanizado de alta calidad, acero inoxidable y aluminio. El sistema de bandeja portacables abierta permite a los instaladores colocar los cables. Sin tirones ni hilos. Su dise\u00f1o fiable y duradero resiste los da\u00f1os causados por entornos hostiles y la luz ultravioleta. La bandeja portacables Solar consta de tres componentes principales que se encajan entre s\u00ed de forma r\u00e1pida y c\u00f3moda. La cubierta superior permite colocar los cables en la bandeja. Una vez finalizado el cableado, basta con encajar la tapa en la bandeja. El resultado es un aspecto elegante que reduce el tiempo de instalaci\u00f3n y los gastos de mano de obra.<\/p>\n<div class=\"wp-block-button popmake-1937\"><a class=\"wp-block-button__link wp-element-button\">comprobaci\u00f3n de precios<\/a><\/div>","protected":false},"featured_media":2645,"template":"","meta":{"_uag_custom_page_level_css":"","site-sidebar-layout":"default","site-content-layout":"","ast-site-content-layout":"default","site-content-style":"default","site-sidebar-style":"default","ast-global-header-display":"","ast-banner-title-visibility":"","ast-main-header-display":"","ast-hfb-above-header-display":"","ast-hfb-below-header-display":"","ast-hfb-mobile-header-display":"","site-post-title":"","ast-breadcrumbs-content":"","ast-featured-img":"","footer-sml-layout":"","ast-disable-related-posts":"","theme-transparent-header-meta":"default","adv-header-id-meta":"","stick-header-meta":"","header-above-stick-meta":"","header-main-stick-meta":"","header-below-stick-meta":"","astra-migrate-meta-layouts":"set","ast-page-background-enabled":"default","ast-page-background-meta":{"desktop":{"background-color":"","background-image":"","background-repeat":"repeat","background-position":"center center","background-size":"auto","background-attachment":"scroll","background-type":"","background-media":"","overlay-type":"","overlay-color":"","overlay-opacity":"","overlay-gradient":""},"tablet":{"background-color":"","background-image":"","background-repeat":"repeat","background-position":"center center","background-size":"auto","background-attachment":"scroll","background-type":"","background-media":"","overlay-type":"","overlay-color":"","overlay-opacity":"","overlay-gradient":""},"mobile":{"background-color":"","background-image":"","background-repeat":"repeat","background-position":"center center","background-size":"auto","background-attachment":"scroll","background-type":"","background-media":"","overlay-type":"","overlay-color":"","overlay-opacity":"","overlay-gradient":""}},"ast-content-background-meta":{"desktop":{"background-color":"var(--ast-global-color-5)","background-image":"","background-repeat":"repeat","background-position":"center center","background-size":"auto","background-attachment":"scroll","background-type":"","background-media":"","overlay-type":"","overlay-color":"","overlay-opacity":"","overlay-gradient":""},"tablet":{"background-color":"var(--ast-global-color-5)","background-image":"","background-repeat":"repeat","background-position":"center center","background-size":"auto","background-attachment":"scroll","background-type":"","background-media":"","overlay-type":"","overlay-color":"","overlay-opacity":"","overlay-gradient":""},"mobile":{"background-color":"var(--ast-global-color-5)","background-image":"","background-repeat":"repeat","background-position":"center center","background-size":"auto","background-attachment":"scroll","background-type":"","background-media":"","overlay-type":"","overlay-color":"","overlay-opacity":"","overlay-gradient":""}}},"product_brand":[],"product_cat":[25,23,132],"product_tag":[229,231,235,232,54,233,34,234,230],"class_list":{"0":"post-2643","1":"product","2":"type-product","3":"status-publish","4":"has-post-thumbnail","6":"product_cat-excellent","7":"product_cat-solar-accessories","8":"product_cat-solar-mounting-components","9":"product_tag-cable-tray","10":"product_tag-cable-tray-systems","11":"product_tag-cable-trays-and-accessories","12":"product_tag-pv-cable-tray","13":"product_tag-rooftop-solar-mounting","14":"product_tag-solar-cable-tray","15":"product_tag-solar-panel","16":"product_tag-wire-and-cable-management","17":"product_tag-wire-mesh-cable-tray","18":"desktop-align-left","19":"tablet-align-left","20":"mobile-align-left","22":"first","23":"instock","24":"shipping-taxable","25":"product-type-simple"},"spectra_custom_meta":{"_uabb_version":["1.36.1"],"_edit_last":["1"],"_edit_lock":["1752377930:1"],"_thumbnail_id":["2645"],"total_sales":["0"],"_tax_status":["taxable"],"_tax_class":[""],"_manage_stock":["no"],"_backorders":["no"],"_sold_individually":["no"],"_virtual":["no"],"_downloadable":["no"],"_download_limit":["-1"],"_download_expiry":["-1"],"_stock":[null],"_stock_status":["instock"],"_wc_average_rating":["0"],"_wc_review_count":["0"],"_product_version":["9.6.2"],"_product_image_gallery":["2646,2647,2648,2644"],"site-sidebar-layout":["default"],"ast-site-content-layout":["default"],"site-content-style":["default"],"site-sidebar-style":["default"],"theme-transparent-header-meta":["default"],"astra-migrate-meta-layouts":["set"],"_uag_page_assets":["a:9:{s:3:\"css\";s:5318:\".uag-blocks-common-selector{z-index:var(--z-index-desktop) !important}@media (max-width: 976px){.uag-blocks-common-selector{z-index:var(--z-index-tablet) !important}}@media (max-width: 767px){.uag-blocks-common-selector{z-index:var(--z-index-mobile) !important}}\n.wp-block-uagb-faq{width:100%}.wp-block-uagb-faq.uagb-faq-layout-accordion .uagb-faq-child__outer-wrap .uagb-faq-questions-button{cursor:pointer}.wp-block-uagb-faq .uagb-faq-content{margin-bottom:0}.wp-block-uagb-faq .uagb-faq-content p{margin:auto}.uagb-faq-layout-grid.uagb-faq-equal-height.uagb-faq__wrap .uagb-faq-child__outer-wrap,.uagb-faq-layout-grid.uagb-faq-equal-height.uagb-faq__wrap .uagb-faq-item{height:100%}body[class*=\"astra\"] .uagb-faq-questions{line-height:normal}.uagb-faq-item{overflow:hidden}\n.wp-block-uagb-faq-child .uagb-faq-questions-button{display:flex;align-items:center}.wp-block-uagb-faq-child .uagb-faq-questions-button .uagb-faq-icon-wrap{display:flex;align-items:center}.wp-block-uagb-faq-child .uagb-faq-questions-button .uagb-question{width:100%;margin-top:0;margin-bottom:0}.wp-block-uagb-faq-child .uagb-icon svg,.wp-block-uagb-faq-child .uagb-icon-active svg{width:15px;height:15px;font-size:15px}.wp-block-uagb-faq-child.uagb-faq-child__outer-wrap.uagb-faq-item .uagb-icon-active,.wp-block-uagb-faq-child.uagb-faq-child__outer-wrap.uagb-faq-item.uagb-faq-item-active .uagb-icon,.wp-block-uagb-faq-child.uagb-faq-child__outer-wrap .uagb-faq-item .uagb-icon-active,.wp-block-uagb-faq-child.uagb-faq-child__outer-wrap .uagb-faq-item.uagb-faq-item-active .uagb-icon{display:none;width:0;padding:0;height:0;margin:0}.wp-block-uagb-faq-child.uagb-faq-child__outer-wrap.uagb-faq-item .uagb-icon,.wp-block-uagb-faq-child.uagb-faq-child__outer-wrap.uagb-faq-item.uagb-faq-item-active .uagb-icon-active,.wp-block-uagb-faq-child.uagb-faq-child__outer-wrap .uagb-faq-item .uagb-icon,.wp-block-uagb-faq-child.uagb-faq-child__outer-wrap .uagb-faq-item.uagb-faq-item-active .uagb-icon-active{display:flex;width:auto;height:auto}.uagb-faq-layout-grid .uagb-faq-child__outer-wrap.uagb-faq-item .uagb-icon,.uagb-faq-layout-grid .uagb-faq-child__outer-wrap.uagb-faq-item.uagb-faq-item-active .uagb-icon-active,.uagb-faq-layout-grid .uagb-faq-child__outer-wrap .uagb-faq-item .uagb-icon,.uagb-faq-layout-grid .uagb-faq-child__outer-wrap .uagb-faq-item.uagb-faq-item-active .uagb-icon-active{display:none}.uagb-faq-layout-grid .uagb-faq-child__outer-wrap.uagb-faq-item span.uagb-icon-active.uagb-faq-icon-wrap,.uagb-faq-layout-grid .uagb-faq-child__outer-wrap.uagb-faq-item.uagb-faq-item-active .uagb-icon-active,.uagb-faq-layout-grid .uagb-faq-child__outer-wrap .uagb-faq-item span.uagb-icon-active.uagb-faq-icon-wrap,.uagb-faq-layout-grid .uagb-faq-child__outer-wrap .uagb-faq-item.uagb-faq-item-active .uagb-icon-active{display:none}\n.uagb-block-55b5edaf .uagb-icon svg{width: 12px;height: 12px;font-size: 12px;}.uagb-block-55b5edaf .uagb-icon-active svg{width: 12px;height: 12px;font-size: 12px;}.uagb-block-55b5edaf .uagb-faq-child__outer-wrap{margin-bottom: 10px;}.uagb-block-55b5edaf .uagb-faq-item{border-top-width: 1px;border-left-width: 1px;border-right-width: 1px;border-bottom-width: 1px;border-top-left-radius: 2px;border-top-right-radius: 2px;border-bottom-left-radius: 2px;border-bottom-right-radius: 2px;border-color: #1e1e1e;border-style: solid;}.uagb-block-55b5edaf .uagb-faq-questions-button{padding-top: 10px;padding-bottom: 10px;padding-right: 10px;padding-left: 10px;}.uagb-block-55b5edaf .uagb-faq-content{padding-top: 10px;padding-bottom: 10px;padding-right: 10px;padding-left: 10px;}.uagb-block-55b5edaf .uagb-faq-content span{margin-top: 10px;margin-bottom: 10px;margin-right: 10px;margin-left: 10px;}.uagb-block-55b5edaf.uagb-faq-icon-row .uagb-faq-item .uagb-faq-icon-wrap{margin-right: 10px;}.uagb-block-55b5edaf.uagb-faq-icon-row-reverse .uagb-faq-item .uagb-faq-icon-wrap{margin-left: 10px;}.uagb-block-55b5edaf .uagb-faq-item .uagb-faq-questions-button.uagb-faq-questions{flex-direction: row;}.uagb-block-55b5edaf .wp-block-uagb-faq-child.uagb-faq-child__outer-wrap .uagb-faq-content {display: none;}@media only screen and (max-width: 976px) {.uagb-block-55b5edaf.uagb-faq-icon-row .uagb-faq-item .uagb-faq-icon-wrap{margin-right: 10px;}.uagb-block-55b5edaf.uagb-faq-icon-row-reverse .uagb-faq-item .uagb-faq-icon-wrap{margin-left: 10px;}.uagb-block-55b5edaf .uagb-faq-questions-button{padding-top: 10px;padding-bottom: 10px;padding-right: 10px;padding-left: 10px;}.uagb-block-55b5edaf .uagb-faq-content{padding-top: 10px;padding-bottom: 10px;padding-right: 10px;padding-left: 10px;}.uagb-block-55b5edaf .uagb-faq-content span{margin-top: 10px;margin-bottom: 10px;margin-right: 10px;margin-left: 10px;}}@media only screen and (max-width: 767px) {.uagb-block-55b5edaf.uagb-faq-icon-row .uagb-faq-item .uagb-faq-icon-wrap{margin-right: 10px;}.uagb-block-55b5edaf.uagb-faq-icon-row-reverse .uagb-faq-item .uagb-faq-icon-wrap{margin-left: 10px;}.uagb-block-55b5edaf .uagb-faq-questions-button{padding-top: 10px;padding-bottom: 10px;padding-right: 10px;padding-left: 10px;}.uagb-block-55b5edaf .uagb-faq-content{padding-top: 10px;padding-bottom: 10px;padding-right: 10px;padding-left: 10px;}.uagb-block-55b5edaf .uagb-faq-content span{margin-top: 10px;margin-bottom: 10px;margin-right: 10px;margin-left: 10px;}}\";s:2:\"js\";s:0:\"\";s:18:\"current_block_list\";a:10:{i:0;s:11:\"core\/search\";i:1;s:10:\"core\/group\";i:2;s:12:\"core\/heading\";i:3;s:17:\"core\/latest-posts\";i:4;s:20:\"core\/latest-comments\";i:5;s:13:\"core\/archives\";i:6;s:15:\"core\/categories\";i:7;s:14:\"core\/paragraph\";i:8;s:8:\"uagb\/faq\";i:9;s:14:\"uagb\/faq-child\";}s:8:\"uag_flag\";b:1;s:11:\"uag_version\";s:10:\"1775829763\";s:6:\"gfonts\";a:0:{}s:10:\"gfonts_url\";s:0:\"\";s:12:\"gfonts_files\";a:0:{}s:14:\"uag_faq_layout\";b:1;}"],"_uag_css_file_name":["uag-css-2643.css"]},"uagb_featured_image_src":{"full":["https:\/\/senyenergy.com\/wp-content\/uploads\/2025\/07\/Solar-Cable-Tray.jpg",800,800,false],"thumbnail":["https:\/\/senyenergy.com\/wp-content\/uploads\/2025\/07\/Solar-Cable-Tray-150x150.jpg",150,150,true],"medium":["https:\/\/senyenergy.com\/wp-content\/uploads\/2025\/07\/Solar-Cable-Tray-300x300.jpg",300,300,true],"medium_large":["https:\/\/senyenergy.com\/wp-content\/uploads\/2025\/07\/Solar-Cable-Tray-768x768.jpg",768,768,true],"large":["https:\/\/senyenergy.com\/wp-content\/uploads\/2025\/07\/Solar-Cable-Tray.jpg",800,800,false],"1536x1536":["https:\/\/senyenergy.com\/wp-content\/uploads\/2025\/07\/Solar-Cable-Tray.jpg",800,800,false],"2048x2048":["https:\/\/senyenergy.com\/wp-content\/uploads\/2025\/07\/Solar-Cable-Tray.jpg",800,800,false],"trp-custom-language-flag":["https:\/\/senyenergy.com\/wp-content\/uploads\/2025\/07\/Solar-Cable-Tray-12x12.jpg",12,12,true],"woocommerce_thumbnail":["https:\/\/senyenergy.com\/wp-content\/uploads\/2025\/07\/Solar-Cable-Tray-300x300.jpg",300,300,true],"woocommerce_single":["https:\/\/senyenergy.com\/wp-content\/uploads\/2025\/07\/Solar-Cable-Tray-600x600.jpg",600,600,true],"woocommerce_gallery_thumbnail":["https:\/\/senyenergy.com\/wp-content\/uploads\/2025\/07\/Solar-Cable-Tray-100x100.jpg",100,100,true]},"uagb_author_info":{"display_name":"wp-admin","author_link":"https:\/\/senyenergy.com\/es\/author\/"},"uagb_comment_info":0,"uagb_excerpt":"Solar Cable Tray is designed to meet the unique requirements of the solar industry. Providing cable support, cable protection, and wire management, Our solar cable tray systems and solar cable support systems are engineered for utility solar mounting applications. Our The Solar cable tray are made of High Grade galvanized steel, stainless steel &amp; aluminum.&hellip;","_links":{"self":[{"href":"https:\/\/senyenergy.com\/es\/wp-json\/wp\/v2\/product\/2643","targetHints":{"allow":["GET"]}}],"collection":[{"href":"https:\/\/senyenergy.com\/es\/wp-json\/wp\/v2\/product"}],"about":[{"href":"https:\/\/senyenergy.com\/es\/wp-json\/wp\/v2\/types\/product"}],"wp:featuredmedia":[{"embeddable":true,"href":"https:\/\/senyenergy.com\/es\/wp-json\/wp\/v2\/media\/2645"}],"wp:attachment":[{"href":"https:\/\/senyenergy.com\/es\/wp-json\/wp\/v2\/media?parent=2643"}],"wp:term":[{"taxonomy":"product_brand","embeddable":true,"href":"https:\/\/senyenergy.com\/es\/wp-json\/wp\/v2\/product_brand?post=2643"},{"taxonomy":"product_cat","embeddable":true,"href":"https:\/\/senyenergy.com\/es\/wp-json\/wp\/v2\/product_cat?post=2643"},{"taxonomy":"product_tag","embeddable":true,"href":"https:\/\/senyenergy.com\/es\/wp-json\/wp\/v2\/product_tag?post=2643"}],"curies":[{"name":"wp","href":"https:\/\/api.w.org\/{rel}","templated":true}]}}