{"id":2631,"date":"2025-06-30T14:49:16","date_gmt":"2025-06-30T06:49:16","guid":{"rendered":"https:\/\/senyenergy.com\/?post_type=product&#038;p=2631"},"modified":"2025-06-30T14:49:16","modified_gmt":"2025-06-30T06:49:16","slug":"panel-solar-de-acero-inoxidable-arandela-de-puesta-a-tierra-de-fabrica","status":"publish","type":"product","link":"https:\/\/senyenergy.com\/es\/product\/panel-solar-de-acero-inoxidable-arandela-de-puesta-a-tierra-de-fabrica\/","title":{"rendered":"F\u00e1brica de arandelas de puesta a tierra de paneles solares de acero inoxidable"},"content":{"rendered":"<p><strong><b>Arandela de puesta a tierra de paneles solares<\/b><\/strong>\u00a0(tambi\u00e9n llamada arandela de conexi\u00f3n a tierra, arandela de conexi\u00f3n a tierra en estrella o arandela de uni\u00f3n) es un componente de hardware especializado crucial para la conexi\u00f3n a tierra el\u00e9ctrica segura y conforme a la normativa de los bastidores de paneles solares dentro de un sistema fotovoltaico (FV).<\/p>\n<p><strong><b>Arandela de conexi\u00f3n a tierra para paneles solares<\/b><\/strong>\u00a0son componentes cr\u00edticos dise\u00f1ados para garantizar la correcta conexi\u00f3n a tierra de los paneles solares y los sistemas de montaje. Estas arandelas crean una conexi\u00f3n el\u00e9ctrica segura entre los paneles solares y las estructuras met\u00e1licas de montaje, evitando fallos el\u00e9ctricos y mejorando la seguridad general del sistema al facilitar una v\u00eda de conexi\u00f3n a tierra fiable.<\/p>\n<p>&nbsp;<\/p>\n<p><strong><b>Arandela de puesta a tierra de paneles solares<\/b><\/strong><strong><b>\u00a0<\/b><\/strong>Clip de puesta a tierra tiene su inteligente y una variedad de dise\u00f1os que se inserta entre el marco del m\u00f3dulo y el carril de montaje, los dientes de clip de tierra perforar el recubrimiento anodizado bien. El resultado es una excelente conductividad sin oxidaci\u00f3n, el panel solar de puesta a tierra clip de conexi\u00f3n a tierra arandela para el montaje solar que hace que el m\u00f3dulo y el carril se convierten en una sola pieza de metal, de acero inoxidable clip de conexi\u00f3n a tierra la creaci\u00f3n de una ruta el\u00e9ctrica de la tierra.<\/p>\n<p>&nbsp;<\/p>\n<p>Caracter\u00edsticas de<strong><b>\u00a0Arandela de puesta a tierra de paneles solares<\/b><\/strong>:<\/p>\n<ol>\n<li>Material conductor: Normalmente fabricado en acero inoxidable, que ofrece una excelente conductividad el\u00e9ctrica.<\/li>\n<li>Resistencia a la corrosi\u00f3n: Dise\u00f1ado para resistir la corrosi\u00f3n, lo que garantiza la fiabilidad a largo plazo, especialmente en entornos exteriores.<\/li>\n<li>Variedad de tama\u00f1os: Disponible en m\u00faltiples tama\u00f1os para adaptarse a diferentes di\u00e1metros de perno y requisitos de instalaci\u00f3n.<\/li>\n<li>Dise\u00f1o plano: La forma plana permite una f\u00e1cil instalaci\u00f3n y un contacto eficaz con las superficies de puesta a tierra.<\/li>\n<li>Mayor seguridad: Proporciona una conexi\u00f3n a tierra segura, reduciendo el riesgo de fallos el\u00e9ctricos y mejorando la seguridad general del sistema.<\/li>\n<li>Protecci\u00f3n contra rayos: Ayuda a disipar las sobretensiones de los rayos, protegiendo los paneles solares y los equipos asociados.<\/li>\n<li>Durabilidad: Dise\u00f1ado para un rendimiento duradero, contribuyendo a la vida \u00fatil del sistema de energ\u00eda solar.<\/li>\n<\/ol>\n<p>&nbsp;<\/p>\n<p>El clip de puesta a tierra para paneles solares se instala generalmente entre el riel de montaje y la abrazadera media. Esto significa que cada abrazadera media debe ser con un clip de conexi\u00f3n a tierra en su interior para el sistema de montaje de techo solar.<\/p>\n<p>&nbsp;<\/p>\n<p>Adem\u00e1s, SENYANG ofrece muchos estilos diferentes de arandelas de puesta a tierra de paneles solares para la elecci\u00f3n, Nuestra <strong><b>Arandela de puesta a tierra de paneles solares<\/b><\/strong>r est\u00e1 dise\u00f1ado para diferentes tipos de sistema de montaje de puesta a tierra solar. Ofrecemos varios tipos de arandelas de puesta a tierra de paneles solares para sus opciones. Todos ellos son de alta calidad, alta resistencia y rentables. Esperamos que nuestros productos sean de su agrado.<\/p>","protected":false},"excerpt":{"rendered":"<p>SENYANG ofrece muchos estilos diferentes de arandelas de puesta a tierra de paneles solares para la elecci\u00f3n, Nuestra <strong><b>Arandela de puesta a tierra de paneles solares<\/b><\/strong>r est\u00e1 dise\u00f1ado para diferentes tipos de sistema de montaje de puesta a tierra solar. Ofrecemos varios tipos de arandelas de puesta a tierra de paneles solares para sus opciones. Todos ellos son de alta calidad, alta resistencia y rentables. Esperamos que nuestros productos sean de su agrado.<\/p>\n<div class=\"wp-block-button popmake-1937\"><a class=\"wp-block-button__link wp-element-button\">comprobaci\u00f3n de precios<\/a><\/div>","protected":false},"featured_media":2634,"template":"","meta":{"_uag_custom_page_level_css":"","site-sidebar-layout":"default","site-content-layout":"","ast-site-content-layout":"default","site-content-style":"default","site-sidebar-style":"default","ast-global-header-display":"","ast-banner-title-visibility":"","ast-main-header-display":"","ast-hfb-above-header-display":"","ast-hfb-below-header-display":"","ast-hfb-mobile-header-display":"","site-post-title":"","ast-breadcrumbs-content":"","ast-featured-img":"","footer-sml-layout":"","ast-disable-related-posts":"","theme-transparent-header-meta":"default","adv-header-id-meta":"","stick-header-meta":"","header-above-stick-meta":"","header-main-stick-meta":"","header-below-stick-meta":"","astra-migrate-meta-layouts":"set","ast-page-background-enabled":"default","ast-page-background-meta":{"desktop":{"background-color":"","background-image":"","background-repeat":"repeat","background-position":"center center","background-size":"auto","background-attachment":"scroll","background-type":"","background-media":"","overlay-type":"","overlay-color":"","overlay-opacity":"","overlay-gradient":""},"tablet":{"background-color":"","background-image":"","background-repeat":"repeat","background-position":"center center","background-size":"auto","background-attachment":"scroll","background-type":"","background-media":"","overlay-type":"","overlay-color":"","overlay-opacity":"","overlay-gradient":""},"mobile":{"background-color":"","background-image":"","background-repeat":"repeat","background-position":"center center","background-size":"auto","background-attachment":"scroll","background-type":"","background-media":"","overlay-type":"","overlay-color":"","overlay-opacity":"","overlay-gradient":""}},"ast-content-background-meta":{"desktop":{"background-color":"var(--ast-global-color-5)","background-image":"","background-repeat":"repeat","background-position":"center center","background-size":"auto","background-attachment":"scroll","background-type":"","background-media":"","overlay-type":"","overlay-color":"","overlay-opacity":"","overlay-gradient":""},"tablet":{"background-color":"var(--ast-global-color-5)","background-image":"","background-repeat":"repeat","background-position":"center center","background-size":"auto","background-attachment":"scroll","background-type":"","background-media":"","overlay-type":"","overlay-color":"","overlay-opacity":"","overlay-gradient":""},"mobile":{"background-color":"var(--ast-global-color-5)","background-image":"","background-repeat":"repeat","background-position":"center center","background-size":"auto","background-attachment":"scroll","background-type":"","background-media":"","overlay-type":"","overlay-color":"","overlay-opacity":"","overlay-gradient":""}}},"product_brand":[],"product_cat":[25,23,132,33],"product_tag":[225,198,223,224,222,55,120,226,36,65],"class_list":{"0":"post-2631","1":"product","2":"type-product","3":"status-publish","4":"has-post-thumbnail","6":"product_cat-excellent","7":"product_cat-solar-accessories","8":"product_cat-solar-mounting-components","9":"product_cat-solar-panel-accessories","10":"product_tag-bonding-washer","11":"product_tag-grounding-clip","12":"product_tag-grounding-lug-washer","13":"product_tag-grounding-star-washer","14":"product_tag-grounding-washer","15":"product_tag-solar-clamp","16":"product_tag-solar-energy","17":"product_tag-solar-grounding-washers","18":"product_tag-solar-panel-clip","19":"product_tag-solar-pv-clip","20":"desktop-align-left","21":"tablet-align-left","22":"mobile-align-left","24":"first","25":"instock","26":"shipping-taxable","27":"product-type-simple"},"spectra_custom_meta":{"_uabb_version":["1.36.1"],"_edit_last":["1"],"_edit_lock":["1751266263:1"],"_thumbnail_id":["2634"],"total_sales":["0"],"_tax_status":["taxable"],"_tax_class":[""],"_manage_stock":["no"],"_backorders":["no"],"_sold_individually":["no"],"_virtual":["no"],"_downloadable":["no"],"_download_limit":["-1"],"_download_expiry":["-1"],"_stock":[null],"_stock_status":["instock"],"_wc_average_rating":["0"],"_wc_review_count":["0"],"_product_version":["9.6.2"],"_product_image_gallery":["2635,2632,2633,2636"],"site-sidebar-layout":["default"],"ast-site-content-layout":["default"],"site-content-style":["default"],"site-sidebar-style":["default"],"theme-transparent-header-meta":["default"],"astra-migrate-meta-layouts":["set"],"_uag_page_assets":["a:9:{s:3:\"css\";s:5318:\".uag-blocks-common-selector{z-index:var(--z-index-desktop) !important}@media (max-width: 976px){.uag-blocks-common-selector{z-index:var(--z-index-tablet) !important}}@media (max-width: 767px){.uag-blocks-common-selector{z-index:var(--z-index-mobile) !important}}\n.wp-block-uagb-faq{width:100%}.wp-block-uagb-faq.uagb-faq-layout-accordion .uagb-faq-child__outer-wrap .uagb-faq-questions-button{cursor:pointer}.wp-block-uagb-faq .uagb-faq-content{margin-bottom:0}.wp-block-uagb-faq .uagb-faq-content p{margin:auto}.uagb-faq-layout-grid.uagb-faq-equal-height.uagb-faq__wrap .uagb-faq-child__outer-wrap,.uagb-faq-layout-grid.uagb-faq-equal-height.uagb-faq__wrap .uagb-faq-item{height:100%}body[class*=\"astra\"] .uagb-faq-questions{line-height:normal}.uagb-faq-item{overflow:hidden}\n.wp-block-uagb-faq-child .uagb-faq-questions-button{display:flex;align-items:center}.wp-block-uagb-faq-child .uagb-faq-questions-button .uagb-faq-icon-wrap{display:flex;align-items:center}.wp-block-uagb-faq-child .uagb-faq-questions-button .uagb-question{width:100%;margin-top:0;margin-bottom:0}.wp-block-uagb-faq-child .uagb-icon svg,.wp-block-uagb-faq-child .uagb-icon-active svg{width:15px;height:15px;font-size:15px}.wp-block-uagb-faq-child.uagb-faq-child__outer-wrap.uagb-faq-item .uagb-icon-active,.wp-block-uagb-faq-child.uagb-faq-child__outer-wrap.uagb-faq-item.uagb-faq-item-active .uagb-icon,.wp-block-uagb-faq-child.uagb-faq-child__outer-wrap .uagb-faq-item .uagb-icon-active,.wp-block-uagb-faq-child.uagb-faq-child__outer-wrap .uagb-faq-item.uagb-faq-item-active .uagb-icon{display:none;width:0;padding:0;height:0;margin:0}.wp-block-uagb-faq-child.uagb-faq-child__outer-wrap.uagb-faq-item .uagb-icon,.wp-block-uagb-faq-child.uagb-faq-child__outer-wrap.uagb-faq-item.uagb-faq-item-active .uagb-icon-active,.wp-block-uagb-faq-child.uagb-faq-child__outer-wrap .uagb-faq-item .uagb-icon,.wp-block-uagb-faq-child.uagb-faq-child__outer-wrap .uagb-faq-item.uagb-faq-item-active .uagb-icon-active{display:flex;width:auto;height:auto}.uagb-faq-layout-grid .uagb-faq-child__outer-wrap.uagb-faq-item .uagb-icon,.uagb-faq-layout-grid .uagb-faq-child__outer-wrap.uagb-faq-item.uagb-faq-item-active .uagb-icon-active,.uagb-faq-layout-grid .uagb-faq-child__outer-wrap .uagb-faq-item .uagb-icon,.uagb-faq-layout-grid .uagb-faq-child__outer-wrap .uagb-faq-item.uagb-faq-item-active .uagb-icon-active{display:none}.uagb-faq-layout-grid .uagb-faq-child__outer-wrap.uagb-faq-item span.uagb-icon-active.uagb-faq-icon-wrap,.uagb-faq-layout-grid .uagb-faq-child__outer-wrap.uagb-faq-item.uagb-faq-item-active .uagb-icon-active,.uagb-faq-layout-grid .uagb-faq-child__outer-wrap .uagb-faq-item span.uagb-icon-active.uagb-faq-icon-wrap,.uagb-faq-layout-grid .uagb-faq-child__outer-wrap .uagb-faq-item.uagb-faq-item-active .uagb-icon-active{display:none}\n.uagb-block-55b5edaf .uagb-icon svg{width: 12px;height: 12px;font-size: 12px;}.uagb-block-55b5edaf .uagb-icon-active svg{width: 12px;height: 12px;font-size: 12px;}.uagb-block-55b5edaf .uagb-faq-child__outer-wrap{margin-bottom: 10px;}.uagb-block-55b5edaf .uagb-faq-item{border-top-width: 1px;border-left-width: 1px;border-right-width: 1px;border-bottom-width: 1px;border-top-left-radius: 2px;border-top-right-radius: 2px;border-bottom-left-radius: 2px;border-bottom-right-radius: 2px;border-color: #1e1e1e;border-style: solid;}.uagb-block-55b5edaf .uagb-faq-questions-button{padding-top: 10px;padding-bottom: 10px;padding-right: 10px;padding-left: 10px;}.uagb-block-55b5edaf .uagb-faq-content{padding-top: 10px;padding-bottom: 10px;padding-right: 10px;padding-left: 10px;}.uagb-block-55b5edaf .uagb-faq-content span{margin-top: 10px;margin-bottom: 10px;margin-right: 10px;margin-left: 10px;}.uagb-block-55b5edaf.uagb-faq-icon-row .uagb-faq-item .uagb-faq-icon-wrap{margin-right: 10px;}.uagb-block-55b5edaf.uagb-faq-icon-row-reverse .uagb-faq-item .uagb-faq-icon-wrap{margin-left: 10px;}.uagb-block-55b5edaf .uagb-faq-item .uagb-faq-questions-button.uagb-faq-questions{flex-direction: row;}.uagb-block-55b5edaf .wp-block-uagb-faq-child.uagb-faq-child__outer-wrap .uagb-faq-content {display: none;}@media only screen and (max-width: 976px) {.uagb-block-55b5edaf.uagb-faq-icon-row .uagb-faq-item .uagb-faq-icon-wrap{margin-right: 10px;}.uagb-block-55b5edaf.uagb-faq-icon-row-reverse .uagb-faq-item .uagb-faq-icon-wrap{margin-left: 10px;}.uagb-block-55b5edaf .uagb-faq-questions-button{padding-top: 10px;padding-bottom: 10px;padding-right: 10px;padding-left: 10px;}.uagb-block-55b5edaf .uagb-faq-content{padding-top: 10px;padding-bottom: 10px;padding-right: 10px;padding-left: 10px;}.uagb-block-55b5edaf .uagb-faq-content span{margin-top: 10px;margin-bottom: 10px;margin-right: 10px;margin-left: 10px;}}@media only screen and (max-width: 767px) {.uagb-block-55b5edaf.uagb-faq-icon-row .uagb-faq-item .uagb-faq-icon-wrap{margin-right: 10px;}.uagb-block-55b5edaf.uagb-faq-icon-row-reverse .uagb-faq-item .uagb-faq-icon-wrap{margin-left: 10px;}.uagb-block-55b5edaf .uagb-faq-questions-button{padding-top: 10px;padding-bottom: 10px;padding-right: 10px;padding-left: 10px;}.uagb-block-55b5edaf .uagb-faq-content{padding-top: 10px;padding-bottom: 10px;padding-right: 10px;padding-left: 10px;}.uagb-block-55b5edaf .uagb-faq-content span{margin-top: 10px;margin-bottom: 10px;margin-right: 10px;margin-left: 10px;}}\";s:2:\"js\";s:0:\"\";s:18:\"current_block_list\";a:10:{i:0;s:11:\"core\/search\";i:1;s:10:\"core\/group\";i:2;s:12:\"core\/heading\";i:3;s:17:\"core\/latest-posts\";i:4;s:20:\"core\/latest-comments\";i:5;s:13:\"core\/archives\";i:6;s:15:\"core\/categories\";i:7;s:14:\"core\/paragraph\";i:8;s:8:\"uagb\/faq\";i:9;s:14:\"uagb\/faq-child\";}s:8:\"uag_flag\";b:1;s:11:\"uag_version\";s:10:\"1775829763\";s:6:\"gfonts\";a:0:{}s:10:\"gfonts_url\";s:0:\"\";s:12:\"gfonts_files\";a:0:{}s:14:\"uag_faq_layout\";b:1;}"],"_uag_css_file_name":["uag-css-2631.css"]},"uagb_featured_image_src":{"full":["https:\/\/senyenergy.com\/wp-content\/uploads\/2025\/06\/Solar-Panel-Grounding-Washer-Grounding-clip.jpg",800,800,false],"thumbnail":["https:\/\/senyenergy.com\/wp-content\/uploads\/2025\/06\/Solar-Panel-Grounding-Washer-Grounding-clip-150x150.jpg",150,150,true],"medium":["https:\/\/senyenergy.com\/wp-content\/uploads\/2025\/06\/Solar-Panel-Grounding-Washer-Grounding-clip-300x300.jpg",300,300,true],"medium_large":["https:\/\/senyenergy.com\/wp-content\/uploads\/2025\/06\/Solar-Panel-Grounding-Washer-Grounding-clip-768x768.jpg",768,768,true],"large":["https:\/\/senyenergy.com\/wp-content\/uploads\/2025\/06\/Solar-Panel-Grounding-Washer-Grounding-clip.jpg",800,800,false],"1536x1536":["https:\/\/senyenergy.com\/wp-content\/uploads\/2025\/06\/Solar-Panel-Grounding-Washer-Grounding-clip.jpg",800,800,false],"2048x2048":["https:\/\/senyenergy.com\/wp-content\/uploads\/2025\/06\/Solar-Panel-Grounding-Washer-Grounding-clip.jpg",800,800,false],"trp-custom-language-flag":["https:\/\/senyenergy.com\/wp-content\/uploads\/2025\/06\/Solar-Panel-Grounding-Washer-Grounding-clip-12x12.jpg",12,12,true],"woocommerce_thumbnail":["https:\/\/senyenergy.com\/wp-content\/uploads\/2025\/06\/Solar-Panel-Grounding-Washer-Grounding-clip-300x300.jpg",300,300,true],"woocommerce_single":["https:\/\/senyenergy.com\/wp-content\/uploads\/2025\/06\/Solar-Panel-Grounding-Washer-Grounding-clip-600x600.jpg",600,600,true],"woocommerce_gallery_thumbnail":["https:\/\/senyenergy.com\/wp-content\/uploads\/2025\/06\/Solar-Panel-Grounding-Washer-Grounding-clip-100x100.jpg",100,100,true]},"uagb_author_info":{"display_name":"wp-admin","author_link":"https:\/\/senyenergy.com\/es\/author\/"},"uagb_comment_info":0,"uagb_excerpt":"SENYANG provides many different styles of solar panel earthing washers for choice, Our Solar Panel Grounding Washer is designed for different kinds of solar grounding mounting system. We provide several kinds of solar panel grounding washers for your options. All of them are with high quality, high strength and cost effective. Hope that our products&hellip;","_links":{"self":[{"href":"https:\/\/senyenergy.com\/es\/wp-json\/wp\/v2\/product\/2631","targetHints":{"allow":["GET"]}}],"collection":[{"href":"https:\/\/senyenergy.com\/es\/wp-json\/wp\/v2\/product"}],"about":[{"href":"https:\/\/senyenergy.com\/es\/wp-json\/wp\/v2\/types\/product"}],"wp:featuredmedia":[{"embeddable":true,"href":"https:\/\/senyenergy.com\/es\/wp-json\/wp\/v2\/media\/2634"}],"wp:attachment":[{"href":"https:\/\/senyenergy.com\/es\/wp-json\/wp\/v2\/media?parent=2631"}],"wp:term":[{"taxonomy":"product_brand","embeddable":true,"href":"https:\/\/senyenergy.com\/es\/wp-json\/wp\/v2\/product_brand?post=2631"},{"taxonomy":"product_cat","embeddable":true,"href":"https:\/\/senyenergy.com\/es\/wp-json\/wp\/v2\/product_cat?post=2631"},{"taxonomy":"product_tag","embeddable":true,"href":"https:\/\/senyenergy.com\/es\/wp-json\/wp\/v2\/product_tag?post=2631"}],"curies":[{"name":"wp","href":"https:\/\/api.w.org\/{rel}","templated":true}]}}