{"id":2625,"date":"2025-06-27T11:58:12","date_gmt":"2025-06-27T03:58:12","guid":{"rendered":"https:\/\/senyenergy.com\/?post_type=product&#038;p=2625"},"modified":"2025-11-24T16:37:09","modified_gmt":"2025-11-24T08:37:09","slug":"perno-de-suspension-solar-autoperforante-para-correas-de-tejado-de-acero-corrugado","status":"publish","type":"product","link":"https:\/\/senyenergy.com\/es\/product\/perno-de-suspension-solar-autoperforante-para-correas-de-tejado-de-acero-corrugado\/","title":{"rendered":"Perno de suspensi\u00f3n solar autoperforante para correas de tejado de acero corrugado"},"content":{"rendered":"<p><strong>Autoperforante<\/strong> <strong>Perno de suspensi\u00f3n solar<\/strong>\u00a0para correas de acero son esenciales para fijar con seguridad los paneles solares a las correas de acero. Estos pernos simplifican la instalaci\u00f3n y proporcionan una soluci\u00f3n robusta para el anclaje de sistemas de montaje solar. Este perno de suspensi\u00f3n solar para correas de acero est\u00e1 dise\u00f1ado con una punta autoperforante. Es aplicable a tejados met\u00e1licos o de cemento ondulado con soportes de acero. Suele utilizarse con un soporte en L de aluminio o una placa de conexi\u00f3n SUS304 para fijar el riel de montaje.<\/p>\n<p><strong>Autoperforante <\/strong><strong>Perno de suspensi\u00f3n solar <\/strong>La correa de acero est\u00e1 fabricada con aleaciones de zinc y n\u00edquel, lo que le confiere una resistencia superior a la del cobre y una gran resistencia a la corrosi\u00f3n. Se suministra con junta de goma EPDM y tres tuercas de brida M10 de acero inoxidable. El soporte se bloquea entre las dos tuercas superiores y la altura es ajustable; la tuerca inferior se utiliza para fijar la chapa met\u00e1lica del tejado.<\/p>\n<p>&nbsp;<\/p>\n<p>Caracter\u00edsticas <strong>Autoperforante <\/strong><strong>Perno de suspensi\u00f3n solar<\/strong>\u00a0para soportes de acero:<\/p>\n<ol>\n<li>Punta autoperforante: Dise\u00f1ado con una punta afilada y autoperforante que elimina la necesidad de taladrar previamente, haciendo que la instalaci\u00f3n sea m\u00e1s r\u00e1pida y sencilla.<\/li>\n<li>Material de alta resistencia: Fabricado normalmente en acero de alta calidad con un revestimiento resistente a la corrosi\u00f3n, lo que garantiza su durabilidad y longevidad.<\/li>\n<li>Varias longitudes y di\u00e1metros: Disponible en varios tama\u00f1os para adaptarse a diferentes necesidades de instalaci\u00f3n y configuraciones de paneles.<\/li>\n<li>Compatible con sistemas de montaje solar: Funciona a la perfecci\u00f3n con diversos soportes y estructuras de montaje solar.<\/li>\n<li>Ahorro de tiempo: La funci\u00f3n autoperforante reduce el tiempo de instalaci\u00f3n y los costes de mano de obra.<\/li>\n<li>Fuerte y seguro: Proporciona una conexi\u00f3n fiable a las correas de acero, garantizando que los paneles solares est\u00e9n bien anclados.<\/li>\n<li>Resistencia a la corrosi\u00f3n: El revestimiento protector ayuda a prevenir el \u00f3xido y la corrosi\u00f3n, alargando la vida \u00fatil del sistema de montaje.<\/li>\n<li>Uso vers\u00e1til: Adecuado para una amplia gama de instalaciones de paneles solares en estructuras de acero.<\/li>\n<\/ol>\n<p><strong>Autoperforante <\/strong><strong>Perno de suspensi\u00f3n solar<\/strong>\u00a0es una fijaci\u00f3n especializada dise\u00f1ada espec\u00edficamente para fijar de forma r\u00e1pida y segura ra\u00edles de montaje de paneles solares directamente a las correas de acero estructural de un tejado met\u00e1lico. Combina taladrado, roscado y fijaci\u00f3n en una sola operaci\u00f3n. Y proporciona una instalaci\u00f3n r\u00e1pida para el montaje solar en correas de acero de tejados met\u00e1licos. Gracias a la\u00a0<strong>Autoperforante <\/strong><strong>Perno de suspensi\u00f3n solar<\/strong>\u00a0para soportes de acero tienen la auto-perforaci\u00f3n en s\u00ed, puede perforar en la hoja de metal y la correa de acero o cemento directamente, no es necesario pre-perforar los agujeros. De esta manera, se ahorra mucho tiempo de instalaci\u00f3n durante el montaje in situ.<\/p>\n<p>&nbsp;<\/p>\n<p>F\u00e1brica mayorista de pernos de suspensi\u00f3n solar, disponemos de algunos tipos de pernos de suspensi\u00f3n para montaje solar en tejados met\u00e1licos, tanto para correas de madera como de acero.<\/p>\n<p>Adem\u00e1s, nuestra f\u00e1brica ofrece sistemas de montaje completos para tejados met\u00e1licos y de tejas, montaje en el suelo, carport.....<\/p>\n<p>Si siente inter\u00e9s por nuestros productos o tiene alg\u00fan proyecto solar, no dude en ponerse en contacto con nosotros, le ayudaremos a resolverlo y le recomendaremos la soluci\u00f3n llave en mano m\u00e1s adecuada para usted.<\/p>\n<p>&nbsp;<\/p>\n<p>&nbsp;<\/p>","protected":false},"excerpt":{"rendered":"<p>El perno de suspensi\u00f3n solar para correas de acero est\u00e1 fabricado con aleaciones de zinc y n\u00edquel, lo que le confiere una resistencia superior a la del material de cobre y una gran resistencia a la corrosi\u00f3n, y se suministra con una junta de goma EPDM y tres tuercas de brida M10 de acero inoxidable. El soporte est\u00e1 bloqueado entre las dos tuercas superiores y la altura es ajustable, la tuerca inferior se utiliza para fijar la hoja de metal del techo.<\/p>\n<p>Es aplicable para techos de metal o cemento corrugado con soportes de acero. Por lo general, el uso con soporte en L de aluminio o SUS304 placa de conexi\u00f3n para fijar el riel de montaje.<\/p>\n<div class=\"wp-block-button popmake-1937\"><a class=\"wp-block-button__link wp-element-button\">comprobaci\u00f3n de precios<\/a><\/div>","protected":false},"featured_media":2628,"template":"","meta":{"_uag_custom_page_level_css":"","site-sidebar-layout":"default","site-content-layout":"","ast-site-content-layout":"default","site-content-style":"default","site-sidebar-style":"default","ast-global-header-display":"","ast-banner-title-visibility":"","ast-main-header-display":"","ast-hfb-above-header-display":"","ast-hfb-below-header-display":"","ast-hfb-mobile-header-display":"","site-post-title":"","ast-breadcrumbs-content":"","ast-featured-img":"","footer-sml-layout":"","ast-disable-related-posts":"","theme-transparent-header-meta":"default","adv-header-id-meta":"","stick-header-meta":"","header-above-stick-meta":"","header-main-stick-meta":"","header-below-stick-meta":"","astra-migrate-meta-layouts":"set","ast-page-background-enabled":"default","ast-page-background-meta":{"desktop":{"background-color":"","background-image":"","background-repeat":"repeat","background-position":"center center","background-size":"auto","background-attachment":"scroll","background-type":"","background-media":"","overlay-type":"","overlay-color":"","overlay-opacity":"","overlay-gradient":""},"tablet":{"background-color":"","background-image":"","background-repeat":"repeat","background-position":"center center","background-size":"auto","background-attachment":"scroll","background-type":"","background-media":"","overlay-type":"","overlay-color":"","overlay-opacity":"","overlay-gradient":""},"mobile":{"background-color":"","background-image":"","background-repeat":"repeat","background-position":"center center","background-size":"auto","background-attachment":"scroll","background-type":"","background-media":"","overlay-type":"","overlay-color":"","overlay-opacity":"","overlay-gradient":""}},"ast-content-background-meta":{"desktop":{"background-color":"var(--ast-global-color-5)","background-image":"","background-repeat":"repeat","background-position":"center center","background-size":"auto","background-attachment":"scroll","background-type":"","background-media":"","overlay-type":"","overlay-color":"","overlay-opacity":"","overlay-gradient":""},"tablet":{"background-color":"var(--ast-global-color-5)","background-image":"","background-repeat":"repeat","background-position":"center center","background-size":"auto","background-attachment":"scroll","background-type":"","background-media":"","overlay-type":"","overlay-color":"","overlay-opacity":"","overlay-gradient":""},"mobile":{"background-color":"var(--ast-global-color-5)","background-image":"","background-repeat":"repeat","background-position":"center center","background-size":"auto","background-attachment":"scroll","background-type":"","background-media":"","overlay-type":"","overlay-color":"","overlay-opacity":"","overlay-gradient":""}}},"product_brand":[],"product_cat":[25,23,132],"product_tag":[378,221,218,220],"class_list":{"0":"post-2625","1":"product","2":"type-product","3":"status-publish","4":"has-post-thumbnail","6":"product_cat-excellent","7":"product_cat-solar-accessories","8":"product_cat-solar-mounting-components","9":"product_tag-double-head-hanger-bolt","10":"product_tag-hanger-bolt-and-hex-flange-nut","11":"product_tag-solar-hanger-bolt","12":"product_tag-solar-mounting-fastener","13":"desktop-align-left","14":"tablet-align-left","15":"mobile-align-left","17":"first","18":"instock","19":"shipping-taxable","20":"product-type-simple"},"spectra_custom_meta":{"_uabb_version":["1.36.1"],"_edit_last":["1"],"_edit_lock":["1763973382:1"],"_thumbnail_id":["2628"],"total_sales":["0"],"_tax_status":["taxable"],"_tax_class":[""],"_manage_stock":["no"],"_backorders":["no"],"_sold_individually":["no"],"_virtual":["no"],"_downloadable":["no"],"_download_limit":["-1"],"_download_expiry":["-1"],"_stock":[null],"_stock_status":["instock"],"_wc_average_rating":["0"],"_wc_review_count":["0"],"_product_version":["9.6.2"],"_product_image_gallery":["2627,2630,2626,2629"],"site-sidebar-layout":["default"],"ast-site-content-layout":["default"],"site-content-style":["default"],"site-sidebar-style":["default"],"theme-transparent-header-meta":["default"],"wb_custom_tabs":["a:0:{}"],"astra-migrate-meta-layouts":["set"],"_uag_page_assets":["a:9:{s:3:\"css\";s:5318:\".uag-blocks-common-selector{z-index:var(--z-index-desktop) !important}@media (max-width: 976px){.uag-blocks-common-selector{z-index:var(--z-index-tablet) !important}}@media (max-width: 767px){.uag-blocks-common-selector{z-index:var(--z-index-mobile) !important}}\n.wp-block-uagb-faq{width:100%}.wp-block-uagb-faq.uagb-faq-layout-accordion .uagb-faq-child__outer-wrap .uagb-faq-questions-button{cursor:pointer}.wp-block-uagb-faq .uagb-faq-content{margin-bottom:0}.wp-block-uagb-faq .uagb-faq-content p{margin:auto}.uagb-faq-layout-grid.uagb-faq-equal-height.uagb-faq__wrap .uagb-faq-child__outer-wrap,.uagb-faq-layout-grid.uagb-faq-equal-height.uagb-faq__wrap .uagb-faq-item{height:100%}body[class*=\"astra\"] .uagb-faq-questions{line-height:normal}.uagb-faq-item{overflow:hidden}\n.wp-block-uagb-faq-child .uagb-faq-questions-button{display:flex;align-items:center}.wp-block-uagb-faq-child .uagb-faq-questions-button .uagb-faq-icon-wrap{display:flex;align-items:center}.wp-block-uagb-faq-child .uagb-faq-questions-button .uagb-question{width:100%;margin-top:0;margin-bottom:0}.wp-block-uagb-faq-child .uagb-icon svg,.wp-block-uagb-faq-child .uagb-icon-active svg{width:15px;height:15px;font-size:15px}.wp-block-uagb-faq-child.uagb-faq-child__outer-wrap.uagb-faq-item .uagb-icon-active,.wp-block-uagb-faq-child.uagb-faq-child__outer-wrap.uagb-faq-item.uagb-faq-item-active .uagb-icon,.wp-block-uagb-faq-child.uagb-faq-child__outer-wrap .uagb-faq-item .uagb-icon-active,.wp-block-uagb-faq-child.uagb-faq-child__outer-wrap .uagb-faq-item.uagb-faq-item-active .uagb-icon{display:none;width:0;padding:0;height:0;margin:0}.wp-block-uagb-faq-child.uagb-faq-child__outer-wrap.uagb-faq-item .uagb-icon,.wp-block-uagb-faq-child.uagb-faq-child__outer-wrap.uagb-faq-item.uagb-faq-item-active .uagb-icon-active,.wp-block-uagb-faq-child.uagb-faq-child__outer-wrap .uagb-faq-item .uagb-icon,.wp-block-uagb-faq-child.uagb-faq-child__outer-wrap .uagb-faq-item.uagb-faq-item-active .uagb-icon-active{display:flex;width:auto;height:auto}.uagb-faq-layout-grid .uagb-faq-child__outer-wrap.uagb-faq-item .uagb-icon,.uagb-faq-layout-grid .uagb-faq-child__outer-wrap.uagb-faq-item.uagb-faq-item-active .uagb-icon-active,.uagb-faq-layout-grid .uagb-faq-child__outer-wrap .uagb-faq-item .uagb-icon,.uagb-faq-layout-grid .uagb-faq-child__outer-wrap .uagb-faq-item.uagb-faq-item-active .uagb-icon-active{display:none}.uagb-faq-layout-grid .uagb-faq-child__outer-wrap.uagb-faq-item span.uagb-icon-active.uagb-faq-icon-wrap,.uagb-faq-layout-grid .uagb-faq-child__outer-wrap.uagb-faq-item.uagb-faq-item-active .uagb-icon-active,.uagb-faq-layout-grid .uagb-faq-child__outer-wrap .uagb-faq-item span.uagb-icon-active.uagb-faq-icon-wrap,.uagb-faq-layout-grid .uagb-faq-child__outer-wrap .uagb-faq-item.uagb-faq-item-active .uagb-icon-active{display:none}\n.uagb-block-55b5edaf .uagb-icon svg{width: 12px;height: 12px;font-size: 12px;}.uagb-block-55b5edaf .uagb-icon-active svg{width: 12px;height: 12px;font-size: 12px;}.uagb-block-55b5edaf .uagb-faq-child__outer-wrap{margin-bottom: 10px;}.uagb-block-55b5edaf .uagb-faq-item{border-top-width: 1px;border-left-width: 1px;border-right-width: 1px;border-bottom-width: 1px;border-top-left-radius: 2px;border-top-right-radius: 2px;border-bottom-left-radius: 2px;border-bottom-right-radius: 2px;border-color: #1e1e1e;border-style: solid;}.uagb-block-55b5edaf .uagb-faq-questions-button{padding-top: 10px;padding-bottom: 10px;padding-right: 10px;padding-left: 10px;}.uagb-block-55b5edaf .uagb-faq-content{padding-top: 10px;padding-bottom: 10px;padding-right: 10px;padding-left: 10px;}.uagb-block-55b5edaf .uagb-faq-content span{margin-top: 10px;margin-bottom: 10px;margin-right: 10px;margin-left: 10px;}.uagb-block-55b5edaf.uagb-faq-icon-row .uagb-faq-item .uagb-faq-icon-wrap{margin-right: 10px;}.uagb-block-55b5edaf.uagb-faq-icon-row-reverse .uagb-faq-item .uagb-faq-icon-wrap{margin-left: 10px;}.uagb-block-55b5edaf .uagb-faq-item .uagb-faq-questions-button.uagb-faq-questions{flex-direction: row;}.uagb-block-55b5edaf .wp-block-uagb-faq-child.uagb-faq-child__outer-wrap .uagb-faq-content {display: none;}@media only screen and (max-width: 976px) {.uagb-block-55b5edaf.uagb-faq-icon-row .uagb-faq-item .uagb-faq-icon-wrap{margin-right: 10px;}.uagb-block-55b5edaf.uagb-faq-icon-row-reverse .uagb-faq-item .uagb-faq-icon-wrap{margin-left: 10px;}.uagb-block-55b5edaf .uagb-faq-questions-button{padding-top: 10px;padding-bottom: 10px;padding-right: 10px;padding-left: 10px;}.uagb-block-55b5edaf .uagb-faq-content{padding-top: 10px;padding-bottom: 10px;padding-right: 10px;padding-left: 10px;}.uagb-block-55b5edaf .uagb-faq-content span{margin-top: 10px;margin-bottom: 10px;margin-right: 10px;margin-left: 10px;}}@media only screen and (max-width: 767px) {.uagb-block-55b5edaf.uagb-faq-icon-row .uagb-faq-item .uagb-faq-icon-wrap{margin-right: 10px;}.uagb-block-55b5edaf.uagb-faq-icon-row-reverse .uagb-faq-item .uagb-faq-icon-wrap{margin-left: 10px;}.uagb-block-55b5edaf .uagb-faq-questions-button{padding-top: 10px;padding-bottom: 10px;padding-right: 10px;padding-left: 10px;}.uagb-block-55b5edaf .uagb-faq-content{padding-top: 10px;padding-bottom: 10px;padding-right: 10px;padding-left: 10px;}.uagb-block-55b5edaf .uagb-faq-content span{margin-top: 10px;margin-bottom: 10px;margin-right: 10px;margin-left: 10px;}}\";s:2:\"js\";s:0:\"\";s:18:\"current_block_list\";a:10:{i:0;s:11:\"core\/search\";i:1;s:10:\"core\/group\";i:2;s:12:\"core\/heading\";i:3;s:17:\"core\/latest-posts\";i:4;s:20:\"core\/latest-comments\";i:5;s:13:\"core\/archives\";i:6;s:15:\"core\/categories\";i:7;s:14:\"core\/paragraph\";i:8;s:8:\"uagb\/faq\";i:9;s:14:\"uagb\/faq-child\";}s:8:\"uag_flag\";b:1;s:11:\"uag_version\";s:10:\"1775829763\";s:6:\"gfonts\";a:0:{}s:10:\"gfonts_url\";s:0:\"\";s:12:\"gfonts_files\";a:0:{}s:14:\"uag_faq_layout\";b:1;}"],"_uag_css_file_name":["uag-css-2625.css"]},"uagb_featured_image_src":{"full":["https:\/\/senyenergy.com\/wp-content\/uploads\/2025\/06\/Solar-Hanger-Bolt-use-with-L-bracket-and-connecting-plate.jpg",800,800,false],"thumbnail":["https:\/\/senyenergy.com\/wp-content\/uploads\/2025\/06\/Solar-Hanger-Bolt-use-with-L-bracket-and-connecting-plate-150x150.jpg",150,150,true],"medium":["https:\/\/senyenergy.com\/wp-content\/uploads\/2025\/06\/Solar-Hanger-Bolt-use-with-L-bracket-and-connecting-plate-300x300.jpg",300,300,true],"medium_large":["https:\/\/senyenergy.com\/wp-content\/uploads\/2025\/06\/Solar-Hanger-Bolt-use-with-L-bracket-and-connecting-plate-768x768.jpg",768,768,true],"large":["https:\/\/senyenergy.com\/wp-content\/uploads\/2025\/06\/Solar-Hanger-Bolt-use-with-L-bracket-and-connecting-plate.jpg",800,800,false],"1536x1536":["https:\/\/senyenergy.com\/wp-content\/uploads\/2025\/06\/Solar-Hanger-Bolt-use-with-L-bracket-and-connecting-plate.jpg",800,800,false],"2048x2048":["https:\/\/senyenergy.com\/wp-content\/uploads\/2025\/06\/Solar-Hanger-Bolt-use-with-L-bracket-and-connecting-plate.jpg",800,800,false],"trp-custom-language-flag":["https:\/\/senyenergy.com\/wp-content\/uploads\/2025\/06\/Solar-Hanger-Bolt-use-with-L-bracket-and-connecting-plate-12x12.jpg",12,12,true],"woocommerce_thumbnail":["https:\/\/senyenergy.com\/wp-content\/uploads\/2025\/06\/Solar-Hanger-Bolt-use-with-L-bracket-and-connecting-plate-300x300.jpg",300,300,true],"woocommerce_single":["https:\/\/senyenergy.com\/wp-content\/uploads\/2025\/06\/Solar-Hanger-Bolt-use-with-L-bracket-and-connecting-plate-600x600.jpg",600,600,true],"woocommerce_gallery_thumbnail":["https:\/\/senyenergy.com\/wp-content\/uploads\/2025\/06\/Solar-Hanger-Bolt-use-with-L-bracket-and-connecting-plate-100x100.jpg",100,100,true]},"uagb_author_info":{"display_name":"wp-admin","author_link":"https:\/\/senyenergy.com\/es\/author\/"},"uagb_comment_info":0,"uagb_excerpt":"Solar hanger bolt for steel purlin is made of zinc-nickel alloys which the strength is higher than copper material and high corrosion resistance.It comes supplied with EPDM rubber gasket and three stainless steel M10 flange nuts. The bracket is locked between the upper two nuts and the height is adjustable, the bottom nut is used&hellip;","_links":{"self":[{"href":"https:\/\/senyenergy.com\/es\/wp-json\/wp\/v2\/product\/2625","targetHints":{"allow":["GET"]}}],"collection":[{"href":"https:\/\/senyenergy.com\/es\/wp-json\/wp\/v2\/product"}],"about":[{"href":"https:\/\/senyenergy.com\/es\/wp-json\/wp\/v2\/types\/product"}],"wp:featuredmedia":[{"embeddable":true,"href":"https:\/\/senyenergy.com\/es\/wp-json\/wp\/v2\/media\/2628"}],"wp:attachment":[{"href":"https:\/\/senyenergy.com\/es\/wp-json\/wp\/v2\/media?parent=2625"}],"wp:term":[{"taxonomy":"product_brand","embeddable":true,"href":"https:\/\/senyenergy.com\/es\/wp-json\/wp\/v2\/product_brand?post=2625"},{"taxonomy":"product_cat","embeddable":true,"href":"https:\/\/senyenergy.com\/es\/wp-json\/wp\/v2\/product_cat?post=2625"},{"taxonomy":"product_tag","embeddable":true,"href":"https:\/\/senyenergy.com\/es\/wp-json\/wp\/v2\/product_tag?post=2625"}],"curies":[{"name":"wp","href":"https:\/\/api.w.org\/{rel}","templated":true}]}}