{"id":2615,"date":"2025-06-24T16:45:20","date_gmt":"2025-06-24T08:45:20","guid":{"rendered":"https:\/\/senyenergy.com\/?post_type=product&#038;p=2615"},"modified":"2025-07-13T11:30:39","modified_gmt":"2025-07-13T03:30:39","slug":"t-en-forma-de-panel-solar-impermeable-epdm-banda-de-goma-de-sellado","status":"publish","type":"product","link":"https:\/\/senyenergy.com\/es\/product\/t-en-forma-de-panel-solar-impermeable-epdm-banda-de-goma-de-sellado\/","title":{"rendered":"Banda de sellado de caucho EPDM en forma de T para paneles solares"},"content":{"rendered":"<p>A<strong> Junta de caucho EPDM para paneles solares\u00a0<\/strong>es un componente esencial para garantizar la integridad y longevidad de las instalaciones de paneles solares. Proporciona un sellado fiable contra el agua, el polvo y la suciedad, mejorando el rendimiento general de los sistemas de energ\u00eda solar.<\/p>\n<p>&nbsp;<\/p>\n<p>Objetivo principal y funci\u00f3n de <strong>Junta de caucho EPDM para paneles solares<\/strong>:<\/p>\n<ul>\n<li>Impermeabilizaci\u00f3n: Crea una barrera impermeable entre los paneles solares y los ra\u00edles\/marcos de montaje, evitando la entrada de lluvia, nieve y humedad.<\/li>\n<li>Protecci\u00f3n contra la suciedad: Bloquea la acumulaci\u00f3n de polvo, hojas, insectos y peque\u00f1os residuos debajo de los paneles.<\/li>\n<li>Resistencia al levantamiento por viento: Ayuda a asegurar los paneles rellenando huecos, reduciendo las vibraciones o levantamientos inducidos por el viento.<\/li>\n<li>Amortiguador de expansi\u00f3n t\u00e9rmica: Absorbe la expansi\u00f3n\/contracci\u00f3n natural de los paneles y marcos met\u00e1licos debida a los cambios de temperatura.<\/li>\n<\/ul>\n<p>&nbsp;<\/p>\n<p>En forma de T <strong>Junta de caucho EPDM para paneles solares<\/strong> se utiliza para paneles solares fotovoltaicos. La banda de goma EPDM se coloca entre los paneles para sellar los huecos, convirtiendo la cubierta solar en un refugio estanco al agua, ideal para cubiertas o estructuras solares. Tiene una gran resistencia al calor. La junta de extrusi\u00f3n de caucho de silicona tiene excelentes propiedades qu\u00edmicas y f\u00edsicas, resistencia a altas y bajas temperaturas, resistencia al desgaste, resistencia al aceite, resistencia al polvo, etc. Adem\u00e1s, tambi\u00e9n puede utilizarse en la construcci\u00f3n naval, las telecomunicaciones, la aviaci\u00f3n, los electrodom\u00e9sticos, la iluminaci\u00f3n, los equipos m\u00e9dicos, los salones de belleza, etc.<\/p>\n<p>&nbsp;<\/p>\n<p>Caracter\u00edsticas del impermeable en forma de T <strong>Junta de caucho EPDM para paneles solares<\/strong>:<\/p>\n<ol>\n<li>Material EPDM de alta calidad: Fabricado con caucho EPDM (mon\u00f3mero de etileno propileno dieno) duradero, conocido por su excelente resistencia a la intemperie y elasticidad.<\/li>\n<li>Propiedades impermeables: Dise\u00f1ado para crear un sello herm\u00e9tico, evitando la entrada de humedad que podr\u00eda da\u00f1ar los paneles solares y las estructuras de montaje.<\/li>\n<li>Resistencia a los rayos UV: Resiste la degradaci\u00f3n por exposici\u00f3n a los rayos UV, lo que garantiza un rendimiento duradero en condiciones exteriores.<\/li>\n<li>Flexible y f\u00e1cil de cortar: Se puede cortar f\u00e1cilmente a la longitud deseada para aplicaciones personalizadas.<\/li>\n<li>Rendimiento mejorado: Ayuda a mantener unas condiciones \u00f3ptimas de funcionamiento evitando la acumulaci\u00f3n de humedad y la corrosi\u00f3n.<\/li>\n<li>F\u00e1cil instalaci\u00f3n: F\u00e1cil de aplicar, lo que la hace accesible tanto para instaladores profesionales como para aficionados al bricolaje.<\/li>\n<li>Soluci\u00f3n rentable: Reduce el riesgo de da\u00f1os causados por el agua, ahorrando costes en reparaciones y sustituciones.<\/li>\n<li>Amplia aplicabilidad: Adecuado para todo tipo de uso general enmarcado paneles solares en el mercado hoy en d\u00eda de los sistemas solares peque\u00f1os a grandes incluso varios megavatios sistemas a grandes incluso varios megavatios puede ser utilizado como su gama de servicios<\/li>\n<\/ol>\n<p>&nbsp;<\/p>\n<p>Nuestros cauchos se producen localmente para nosotros, a partir de caucho de PVC resistente a los rayos UV, el\u00e1stico y altamente modificado, fabricado a partir de 3 grupos diferentes de materias primas, de acuerdo con las directrices de la UE, y se pueden personalizar en color y tama\u00f1o seg\u00fan pedido.<\/p>\n<p>&nbsp;<\/p>\n<p>M\u00e9todo de instalaci\u00f3n de la junta de costura del panel solar :<\/p>\n<ol>\n<li>Limpie el aluminio que bordea los paneles.<\/li>\n<li>Extienda la junta de goma a la longitud correcta.<\/li>\n<li>Cuando llegue a una abrazadera, corte la goma con un cuchillo Stanley o unas tijeras.<\/li>\n<li>Corta la goma de modo que el borde superior impermeable encaje alrededor de la abrazadera.<\/li>\n<li>Frote una fina porci\u00f3n en la parte inferior de la junta de goma y col\u00f3quela en el hueco para crear un cierre herm\u00e9tico.<\/li>\n<\/ol>\n<p>La energ\u00eda solar fotovoltaica resistente al agua <strong>Junta de caucho EPDM para paneles solares<\/strong>\u00a0es crucial para mantener la integridad y el rendimiento de las instalaciones solares. Su dise\u00f1o duradero y flexible ofrece una protecci\u00f3n eficaz contra la humedad y los elementos ambientales. Las tiras de sellado de caucho EPDM para juntas de paneles solares no son negociables para instalaciones solares duraderas e impermeables. Evitan da\u00f1os por humedad, mejoran la seguridad y prolongan la vida \u00fatil del sistema aprovechando la excepcional resistencia a la intemperie del EPDM.<\/p>","protected":false},"excerpt":{"rendered":"<p>La banda de estanqueidad de caucho EPDM impermeable en forma de T se utiliza para paneles solares fotovoltaicos. La banda de estanqueidad de caucho EPDM se coloca entre los paneles para sellar los huecos, convirtiendo la cubierta solar en un refugio estanco al agua, ideal para estructuras o aparcamientos solares. Tiene una gran resistencia al calor. La junta de extrusi\u00f3n de caucho de silicona tiene excelentes propiedades qu\u00edmicas y f\u00edsicas, resistencia a altas y bajas temperaturas, resistencia al desgaste, resistencia al aceite, resistencia al polvo, etc. Adem\u00e1s, tambi\u00e9n puede utilizarse en la construcci\u00f3n naval, las telecomunicaciones, la aviaci\u00f3n, los electrodom\u00e9sticos, la iluminaci\u00f3n, los equipos m\u00e9dicos, los salones de belleza, etc.<\/p>\n<div class=\"wp-block-button popmake-1937\"><a class=\"wp-block-button__link wp-element-button\">comprobaci\u00f3n de precios<\/a><\/div>","protected":false},"featured_media":2618,"template":"","meta":{"_uag_custom_page_level_css":"","site-sidebar-layout":"default","site-content-layout":"","ast-site-content-layout":"default","site-content-style":"default","site-sidebar-style":"default","ast-global-header-display":"","ast-banner-title-visibility":"","ast-main-header-display":"","ast-hfb-above-header-display":"","ast-hfb-below-header-display":"","ast-hfb-mobile-header-display":"","site-post-title":"","ast-breadcrumbs-content":"","ast-featured-img":"","footer-sml-layout":"","ast-disable-related-posts":"","theme-transparent-header-meta":"default","adv-header-id-meta":"","stick-header-meta":"","header-above-stick-meta":"","header-main-stick-meta":"","header-below-stick-meta":"","astra-migrate-meta-layouts":"set","ast-page-background-enabled":"default","ast-page-background-meta":{"desktop":{"background-color":"","background-image":"","background-repeat":"repeat","background-position":"center center","background-size":"auto","background-attachment":"scroll","background-type":"","background-media":"","overlay-type":"","overlay-color":"","overlay-opacity":"","overlay-gradient":""},"tablet":{"background-color":"","background-image":"","background-repeat":"repeat","background-position":"center center","background-size":"auto","background-attachment":"scroll","background-type":"","background-media":"","overlay-type":"","overlay-color":"","overlay-opacity":"","overlay-gradient":""},"mobile":{"background-color":"","background-image":"","background-repeat":"repeat","background-position":"center center","background-size":"auto","background-attachment":"scroll","background-type":"","background-media":"","overlay-type":"","overlay-color":"","overlay-opacity":"","overlay-gradient":""}},"ast-content-background-meta":{"desktop":{"background-color":"var(--ast-global-color-5)","background-image":"","background-repeat":"repeat","background-position":"center center","background-size":"auto","background-attachment":"scroll","background-type":"","background-media":"","overlay-type":"","overlay-color":"","overlay-opacity":"","overlay-gradient":""},"tablet":{"background-color":"var(--ast-global-color-5)","background-image":"","background-repeat":"repeat","background-position":"center center","background-size":"auto","background-attachment":"scroll","background-type":"","background-media":"","overlay-type":"","overlay-color":"","overlay-opacity":"","overlay-gradient":""},"mobile":{"background-color":"var(--ast-global-color-5)","background-image":"","background-repeat":"repeat","background-position":"center center","background-size":"auto","background-attachment":"scroll","background-type":"","background-media":"","overlay-type":"","overlay-color":"","overlay-opacity":"","overlay-gradient":""}}},"product_brand":[],"product_cat":[25,23,132,33],"product_tag":[216,215,217,39,38,37,214],"class_list":{"0":"post-2615","1":"product","2":"type-product","3":"status-publish","4":"has-post-thumbnail","6":"product_cat-excellent","7":"product_cat-solar-accessories","8":"product_cat-solar-mounting-components","9":"product_cat-solar-panel-accessories","10":"product_tag-epdm-rubber-pad","11":"product_tag-solar-panel-seam-gasket","12":"product_tag-solar-panel-waterproof","13":"product_tag-solar-waterproof-solutions","14":"product_tag-solar-waterproof-system","15":"product_tag-waterproof-mounting","16":"product_tag-waterproof-rubber-seal-strip","17":"desktop-align-left","18":"tablet-align-left","19":"mobile-align-left","21":"first","22":"instock","23":"shipping-taxable","24":"product-type-simple"},"spectra_custom_meta":{"_uabb_version":["1.36.1"],"_edit_last":["1"],"_edit_lock":["1752377432:1"],"_thumbnail_id":["2618"],"total_sales":["0"],"_tax_status":["taxable"],"_tax_class":[""],"_manage_stock":["no"],"_backorders":["no"],"_sold_individually":["no"],"_virtual":["no"],"_downloadable":["no"],"_download_limit":["-1"],"_download_expiry":["-1"],"_stock":[null],"_stock_status":["instock"],"_wc_average_rating":["0"],"_wc_review_count":["0"],"_product_version":["9.6.2"],"_product_image_gallery":["2616,2619,2617,2620"],"site-sidebar-layout":["default"],"ast-site-content-layout":["default"],"site-content-style":["default"],"site-sidebar-style":["default"],"theme-transparent-header-meta":["default"],"astra-migrate-meta-layouts":["set"],"_uag_page_assets":["a:9:{s:3:\"css\";s:5318:\".uag-blocks-common-selector{z-index:var(--z-index-desktop) !important}@media (max-width: 976px){.uag-blocks-common-selector{z-index:var(--z-index-tablet) !important}}@media (max-width: 767px){.uag-blocks-common-selector{z-index:var(--z-index-mobile) !important}}\n.wp-block-uagb-faq{width:100%}.wp-block-uagb-faq.uagb-faq-layout-accordion .uagb-faq-child__outer-wrap .uagb-faq-questions-button{cursor:pointer}.wp-block-uagb-faq .uagb-faq-content{margin-bottom:0}.wp-block-uagb-faq .uagb-faq-content p{margin:auto}.uagb-faq-layout-grid.uagb-faq-equal-height.uagb-faq__wrap .uagb-faq-child__outer-wrap,.uagb-faq-layout-grid.uagb-faq-equal-height.uagb-faq__wrap .uagb-faq-item{height:100%}body[class*=\"astra\"] .uagb-faq-questions{line-height:normal}.uagb-faq-item{overflow:hidden}\n.wp-block-uagb-faq-child .uagb-faq-questions-button{display:flex;align-items:center}.wp-block-uagb-faq-child .uagb-faq-questions-button .uagb-faq-icon-wrap{display:flex;align-items:center}.wp-block-uagb-faq-child .uagb-faq-questions-button .uagb-question{width:100%;margin-top:0;margin-bottom:0}.wp-block-uagb-faq-child .uagb-icon svg,.wp-block-uagb-faq-child .uagb-icon-active svg{width:15px;height:15px;font-size:15px}.wp-block-uagb-faq-child.uagb-faq-child__outer-wrap.uagb-faq-item .uagb-icon-active,.wp-block-uagb-faq-child.uagb-faq-child__outer-wrap.uagb-faq-item.uagb-faq-item-active .uagb-icon,.wp-block-uagb-faq-child.uagb-faq-child__outer-wrap .uagb-faq-item .uagb-icon-active,.wp-block-uagb-faq-child.uagb-faq-child__outer-wrap .uagb-faq-item.uagb-faq-item-active .uagb-icon{display:none;width:0;padding:0;height:0;margin:0}.wp-block-uagb-faq-child.uagb-faq-child__outer-wrap.uagb-faq-item .uagb-icon,.wp-block-uagb-faq-child.uagb-faq-child__outer-wrap.uagb-faq-item.uagb-faq-item-active .uagb-icon-active,.wp-block-uagb-faq-child.uagb-faq-child__outer-wrap .uagb-faq-item .uagb-icon,.wp-block-uagb-faq-child.uagb-faq-child__outer-wrap .uagb-faq-item.uagb-faq-item-active .uagb-icon-active{display:flex;width:auto;height:auto}.uagb-faq-layout-grid .uagb-faq-child__outer-wrap.uagb-faq-item .uagb-icon,.uagb-faq-layout-grid .uagb-faq-child__outer-wrap.uagb-faq-item.uagb-faq-item-active .uagb-icon-active,.uagb-faq-layout-grid .uagb-faq-child__outer-wrap .uagb-faq-item .uagb-icon,.uagb-faq-layout-grid .uagb-faq-child__outer-wrap .uagb-faq-item.uagb-faq-item-active .uagb-icon-active{display:none}.uagb-faq-layout-grid .uagb-faq-child__outer-wrap.uagb-faq-item span.uagb-icon-active.uagb-faq-icon-wrap,.uagb-faq-layout-grid .uagb-faq-child__outer-wrap.uagb-faq-item.uagb-faq-item-active .uagb-icon-active,.uagb-faq-layout-grid .uagb-faq-child__outer-wrap .uagb-faq-item span.uagb-icon-active.uagb-faq-icon-wrap,.uagb-faq-layout-grid .uagb-faq-child__outer-wrap .uagb-faq-item.uagb-faq-item-active .uagb-icon-active{display:none}\n.uagb-block-55b5edaf .uagb-icon svg{width: 12px;height: 12px;font-size: 12px;}.uagb-block-55b5edaf .uagb-icon-active svg{width: 12px;height: 12px;font-size: 12px;}.uagb-block-55b5edaf .uagb-faq-child__outer-wrap{margin-bottom: 10px;}.uagb-block-55b5edaf .uagb-faq-item{border-top-width: 1px;border-left-width: 1px;border-right-width: 1px;border-bottom-width: 1px;border-top-left-radius: 2px;border-top-right-radius: 2px;border-bottom-left-radius: 2px;border-bottom-right-radius: 2px;border-color: #1e1e1e;border-style: solid;}.uagb-block-55b5edaf .uagb-faq-questions-button{padding-top: 10px;padding-bottom: 10px;padding-right: 10px;padding-left: 10px;}.uagb-block-55b5edaf .uagb-faq-content{padding-top: 10px;padding-bottom: 10px;padding-right: 10px;padding-left: 10px;}.uagb-block-55b5edaf .uagb-faq-content span{margin-top: 10px;margin-bottom: 10px;margin-right: 10px;margin-left: 10px;}.uagb-block-55b5edaf.uagb-faq-icon-row .uagb-faq-item .uagb-faq-icon-wrap{margin-right: 10px;}.uagb-block-55b5edaf.uagb-faq-icon-row-reverse .uagb-faq-item .uagb-faq-icon-wrap{margin-left: 10px;}.uagb-block-55b5edaf .uagb-faq-item .uagb-faq-questions-button.uagb-faq-questions{flex-direction: row;}.uagb-block-55b5edaf .wp-block-uagb-faq-child.uagb-faq-child__outer-wrap .uagb-faq-content {display: none;}@media only screen and (max-width: 976px) {.uagb-block-55b5edaf.uagb-faq-icon-row .uagb-faq-item .uagb-faq-icon-wrap{margin-right: 10px;}.uagb-block-55b5edaf.uagb-faq-icon-row-reverse .uagb-faq-item .uagb-faq-icon-wrap{margin-left: 10px;}.uagb-block-55b5edaf .uagb-faq-questions-button{padding-top: 10px;padding-bottom: 10px;padding-right: 10px;padding-left: 10px;}.uagb-block-55b5edaf .uagb-faq-content{padding-top: 10px;padding-bottom: 10px;padding-right: 10px;padding-left: 10px;}.uagb-block-55b5edaf .uagb-faq-content span{margin-top: 10px;margin-bottom: 10px;margin-right: 10px;margin-left: 10px;}}@media only screen and (max-width: 767px) {.uagb-block-55b5edaf.uagb-faq-icon-row .uagb-faq-item .uagb-faq-icon-wrap{margin-right: 10px;}.uagb-block-55b5edaf.uagb-faq-icon-row-reverse .uagb-faq-item .uagb-faq-icon-wrap{margin-left: 10px;}.uagb-block-55b5edaf .uagb-faq-questions-button{padding-top: 10px;padding-bottom: 10px;padding-right: 10px;padding-left: 10px;}.uagb-block-55b5edaf .uagb-faq-content{padding-top: 10px;padding-bottom: 10px;padding-right: 10px;padding-left: 10px;}.uagb-block-55b5edaf .uagb-faq-content span{margin-top: 10px;margin-bottom: 10px;margin-right: 10px;margin-left: 10px;}}\";s:2:\"js\";s:0:\"\";s:18:\"current_block_list\";a:10:{i:0;s:11:\"core\/search\";i:1;s:10:\"core\/group\";i:2;s:12:\"core\/heading\";i:3;s:17:\"core\/latest-posts\";i:4;s:20:\"core\/latest-comments\";i:5;s:13:\"core\/archives\";i:6;s:15:\"core\/categories\";i:7;s:14:\"core\/paragraph\";i:8;s:8:\"uagb\/faq\";i:9;s:14:\"uagb\/faq-child\";}s:8:\"uag_flag\";b:1;s:11:\"uag_version\";s:10:\"1775829763\";s:6:\"gfonts\";a:0:{}s:10:\"gfonts_url\";s:0:\"\";s:12:\"gfonts_files\";a:0:{}s:14:\"uag_faq_layout\";b:1;}"],"_uag_css_file_name":["uag-css-2615.css"]},"uagb_featured_image_src":{"full":["https:\/\/senyenergy.com\/wp-content\/uploads\/2025\/06\/Solar-panel-seam-gasket.jpg",800,800,false],"thumbnail":["https:\/\/senyenergy.com\/wp-content\/uploads\/2025\/06\/Solar-panel-seam-gasket-150x150.jpg",150,150,true],"medium":["https:\/\/senyenergy.com\/wp-content\/uploads\/2025\/06\/Solar-panel-seam-gasket-300x300.jpg",300,300,true],"medium_large":["https:\/\/senyenergy.com\/wp-content\/uploads\/2025\/06\/Solar-panel-seam-gasket-768x768.jpg",768,768,true],"large":["https:\/\/senyenergy.com\/wp-content\/uploads\/2025\/06\/Solar-panel-seam-gasket.jpg",800,800,false],"1536x1536":["https:\/\/senyenergy.com\/wp-content\/uploads\/2025\/06\/Solar-panel-seam-gasket.jpg",800,800,false],"2048x2048":["https:\/\/senyenergy.com\/wp-content\/uploads\/2025\/06\/Solar-panel-seam-gasket.jpg",800,800,false],"trp-custom-language-flag":["https:\/\/senyenergy.com\/wp-content\/uploads\/2025\/06\/Solar-panel-seam-gasket-12x12.jpg",12,12,true],"woocommerce_thumbnail":["https:\/\/senyenergy.com\/wp-content\/uploads\/2025\/06\/Solar-panel-seam-gasket-300x300.jpg",300,300,true],"woocommerce_single":["https:\/\/senyenergy.com\/wp-content\/uploads\/2025\/06\/Solar-panel-seam-gasket-600x600.jpg",600,600,true],"woocommerce_gallery_thumbnail":["https:\/\/senyenergy.com\/wp-content\/uploads\/2025\/06\/Solar-panel-seam-gasket-100x100.jpg",100,100,true]},"uagb_author_info":{"display_name":"wp-admin","author_link":"https:\/\/senyenergy.com\/es\/author\/"},"uagb_comment_info":0,"uagb_excerpt":"T-shaped waterproof EPDM rubber seal strip is used for solar photovoltaic panels. And EPDM rubber seal strip fits in between the panels to seal the gaps, making a Solar cover a water - tight shelter, ideal for Solar car ports or structures. It has great heat resistance. Silicone rubber extrusion seal has excellent chemical and&hellip;","_links":{"self":[{"href":"https:\/\/senyenergy.com\/es\/wp-json\/wp\/v2\/product\/2615","targetHints":{"allow":["GET"]}}],"collection":[{"href":"https:\/\/senyenergy.com\/es\/wp-json\/wp\/v2\/product"}],"about":[{"href":"https:\/\/senyenergy.com\/es\/wp-json\/wp\/v2\/types\/product"}],"wp:featuredmedia":[{"embeddable":true,"href":"https:\/\/senyenergy.com\/es\/wp-json\/wp\/v2\/media\/2618"}],"wp:attachment":[{"href":"https:\/\/senyenergy.com\/es\/wp-json\/wp\/v2\/media?parent=2615"}],"wp:term":[{"taxonomy":"product_brand","embeddable":true,"href":"https:\/\/senyenergy.com\/es\/wp-json\/wp\/v2\/product_brand?post=2615"},{"taxonomy":"product_cat","embeddable":true,"href":"https:\/\/senyenergy.com\/es\/wp-json\/wp\/v2\/product_cat?post=2615"},{"taxonomy":"product_tag","embeddable":true,"href":"https:\/\/senyenergy.com\/es\/wp-json\/wp\/v2\/product_tag?post=2615"}],"curies":[{"name":"wp","href":"https:\/\/api.w.org\/{rel}","templated":true}]}}