{"id":2602,"date":"2025-06-20T13:09:30","date_gmt":"2025-06-20T05:09:30","guid":{"rendered":"https:\/\/senyenergy.com\/?post_type=product&#038;p=2602"},"modified":"2025-06-20T13:09:31","modified_gmt":"2025-06-20T05:09:31","slug":"panel-solar-de-aluminio-abrazadera-de-extremo-ajustable-30-50mm","status":"publish","type":"product","link":"https:\/\/senyenergy.com\/es\/product\/panel-solar-de-aluminio-abrazadera-de-extremo-ajustable-30-50mm\/","title":{"rendered":"Abrazadera ajustable de aluminio para panel solar 30-50mm"},"content":{"rendered":"<p>Aluminio <strong><b>Abrazadera de extremo ajustable para panel solar<\/b><\/strong> es un componente multifuncional de alta calidad utilizado para fijar el extremo de los paneles solares en sistemas de instalaci\u00f3n solar. Esta abrazadera de extremo ajustable proporciona una instalaci\u00f3n m\u00e1s sencilla y flexible para el montaje de paneles solares. Est\u00e1 dise\u00f1ado para ser ajustado para diferentes m\u00f3dulos fotovoltaicos enmarcado espesor que van desde 30 mm a 50 mm. Es un componente solar ideal cuando no est\u00e1 seguro del espesor enmarcado de los m\u00f3dulos fotovoltaicos, es muy conveniente para el sistema de montaje solar.<\/p>\n<p>&nbsp;<\/p>\n<p>La abrazadera de extremo ajustable para paneles solares sujeta firmemente los paneles solares en los bordes enmarcados. Funciona junto con la abrazadera media para ofrecer m\u00e1s estabilidad en los ra\u00edles.<\/p>\n<p>&nbsp;<\/p>\n<p>Nuestra <strong><b>Abrazadera de extremo ajustable para panel solar<\/b><\/strong>\u00a0\u00a0kits incluyen: parte de base, hasta sujetador, SUS304 tornillo y tuerca deslizante de aluminio, tambi\u00e9n podemos vender la abrazadera por separado. Aluminio anodizado y materiales de sujeci\u00f3n de acero inoxidable, alta anti corrosi\u00f3n y anti oxidaci\u00f3n. El color negro es opcional. Somos siempre serios con la calidad de nuestros productos de cada peque\u00f1a parte al soporte entero y proporcionamos la garant\u00eda para todos nuestros productos.<\/p>\n<p>&nbsp;<\/p>\n<p>Caracter\u00edsticas <strong><b>Abrazadera de extremo ajustable para panel solar<\/b><\/strong>\u00a0:<\/p>\n<ul>\n<li>Dise\u00f1o ajustable: Permite ajustar con precisi\u00f3n la posici\u00f3n de la abrazadera para adaptarse a diferentes tama\u00f1os y configuraciones de paneles.<\/li>\n<li>Materiales duraderos: Normalmente fabricados con aluminio resistente a la corrosi\u00f3n y acero inoxidable, lo que garantiza su longevidad y resistencia a las condiciones ambientales.<\/li>\n<li>F\u00e1cil instalaci\u00f3n: Dise\u00f1ado para una instalaci\u00f3n sencilla sin necesidad de herramientas especializadas.<\/li>\n<li>Compatibilidad: Funciona con varios tipos de paneles solares y sistemas de montaje, proporcionando flexibilidad en las instalaciones.<\/li>\n<\/ul>\n<p>&nbsp;<\/p>\n<p>\u00bfPor qu\u00e9 utilizar el\u00a0<strong><b>Abrazadera de extremo ajustable para panel solar<\/b><\/strong> ?<\/p>\n<ol>\n<li>Versatilidad: La mayor ventaja. Un dise\u00f1o de abrazadera puede utilizarse con muchas marcas y modelos diferentes de paneles solares, eliminando la necesidad de m\u00faltiples abrazaderas espec\u00edficas. Esto simplifica la adquisici\u00f3n y el inventario.<\/li>\n<li>Compatibilidad: Esencial cuando se instalan varios tipos de paneles en el mismo proyecto o cuando las futuras sustituciones\/mejoras de paneles pueden tener dimensiones de marco diferentes.<\/li>\n<li>Absorci\u00f3n de tolerancias: Compensa las peque\u00f1as variaciones en el grosor del marco del panel y las tolerancias de fabricaci\u00f3n, garantizando un ajuste consistente y seguro.<\/li>\n<li>Reducci\u00f3n de errores de instalaci\u00f3n: Menos posibilidades de utilizar la abrazadera de ancho fijo incorrecta.<\/li>\n<li>Eficacia: Los instaladores no necesitan comprobar constantemente que tienen la abrazadera fija exacta para cada tipo\/secci\u00f3n de panel.<\/li>\n<li>Rentabilidad: Aunque las abrazaderas individuales pueden costar algo m\u00e1s que las versiones fijas, el coste global del proyecto suele ser inferior gracias a la reducci\u00f3n del n\u00famero de referencias y a la simplificaci\u00f3n de la log\u00edstica.<\/li>\n<\/ol>\n<p>&nbsp;<\/p>\n<p><strong><b>Abrazadera de extremo ajustable para panel solar<\/b><\/strong>s son la soluci\u00f3n moderna y flexible para fijar los extremos de los paneles solares a los ra\u00edles de montaje. Su capacidad para adaptarse a distintos grosores de bastidor de panel los convierte en componentes muy vers\u00e1tiles, rentables y fiables, esenciales para unas instalaciones de paneles solares eficientes y seguras.<\/p>","protected":false},"excerpt":{"rendered":"<p>Esta abrazadera de extremo ajustable proporciona una instalaci\u00f3n m\u00e1s sencilla y flexible para el montaje de paneles solares. Est\u00e1 dise\u00f1ado para ser ajustado para diferentes m\u00f3dulos fotovoltaicos enmarcado espesor que van desde 30 mm a 50 mm. Es un componente solar ideal cuando no est\u00e1 seguro del espesor enmarcado de los m\u00f3dulos fotovoltaicos, es muy conveniente para el sistema de montaje solar.<\/p>\n<div class=\"wp-block-button popmake-1937\"><a class=\"wp-block-button__link wp-element-button\">comprobaci\u00f3n de precios<\/a><\/div>","protected":false},"featured_media":2603,"template":"","meta":{"_uag_custom_page_level_css":"","site-sidebar-layout":"default","site-content-layout":"","ast-site-content-layout":"default","site-content-style":"default","site-sidebar-style":"default","ast-global-header-display":"","ast-banner-title-visibility":"","ast-main-header-display":"","ast-hfb-above-header-display":"","ast-hfb-below-header-display":"","ast-hfb-mobile-header-display":"","site-post-title":"","ast-breadcrumbs-content":"","ast-featured-img":"","footer-sml-layout":"","ast-disable-related-posts":"","theme-transparent-header-meta":"default","adv-header-id-meta":"","stick-header-meta":"","header-above-stick-meta":"","header-main-stick-meta":"","header-below-stick-meta":"","astra-migrate-meta-layouts":"set","ast-page-background-enabled":"default","ast-page-background-meta":{"desktop":{"background-color":"","background-image":"","background-repeat":"repeat","background-position":"center center","background-size":"auto","background-attachment":"scroll","background-type":"","background-media":"","overlay-type":"","overlay-color":"","overlay-opacity":"","overlay-gradient":""},"tablet":{"background-color":"","background-image":"","background-repeat":"repeat","background-position":"center center","background-size":"auto","background-attachment":"scroll","background-type":"","background-media":"","overlay-type":"","overlay-color":"","overlay-opacity":"","overlay-gradient":""},"mobile":{"background-color":"","background-image":"","background-repeat":"repeat","background-position":"center center","background-size":"auto","background-attachment":"scroll","background-type":"","background-media":"","overlay-type":"","overlay-color":"","overlay-opacity":"","overlay-gradient":""}},"ast-content-background-meta":{"desktop":{"background-color":"var(--ast-global-color-5)","background-image":"","background-repeat":"repeat","background-position":"center center","background-size":"auto","background-attachment":"scroll","background-type":"","background-media":"","overlay-type":"","overlay-color":"","overlay-opacity":"","overlay-gradient":""},"tablet":{"background-color":"var(--ast-global-color-5)","background-image":"","background-repeat":"repeat","background-position":"center center","background-size":"auto","background-attachment":"scroll","background-type":"","background-media":"","overlay-type":"","overlay-color":"","overlay-opacity":"","overlay-gradient":""},"mobile":{"background-color":"var(--ast-global-color-5)","background-image":"","background-repeat":"repeat","background-position":"center center","background-size":"auto","background-attachment":"scroll","background-type":"","background-media":"","overlay-type":"","overlay-color":"","overlay-opacity":"","overlay-gradient":""}}},"product_brand":[],"product_cat":[25,23,132,33],"product_tag":[142,210,209,47,46,55,207,34,208,211,65],"class_list":{"0":"post-2602","1":"product","2":"type-product","3":"status-publish","4":"has-post-thumbnail","6":"product_cat-excellent","7":"product_cat-solar-accessories","8":"product_cat-solar-mounting-components","9":"product_cat-solar-panel-accessories","10":"product_tag-rv-solar-panel-mount","11":"product_tag-solar-adjustable-clamp","12":"product_tag-solar-adjustable-end-clamp","13":"product_tag-solar-adjustable-kits","14":"product_tag-solar-adjustable-mounting","15":"product_tag-solar-clamp","16":"product_tag-solar-end-clamp","17":"product_tag-solar-panel","18":"product_tag-solar-panel-clamp","19":"product_tag-solar-pv-clamp","20":"product_tag-solar-pv-clip","21":"desktop-align-left","22":"tablet-align-left","23":"mobile-align-left","25":"first","26":"instock","27":"shipping-taxable","28":"product-type-simple"},"spectra_custom_meta":{"_uabb_version":["1.36.1"],"_edit_last":["1"],"_edit_lock":["1750664215:1"],"_thumbnail_id":["2603"],"total_sales":["0"],"_tax_status":["taxable"],"_tax_class":[""],"_manage_stock":["no"],"_backorders":["no"],"_sold_individually":["no"],"_virtual":["no"],"_downloadable":["no"],"_download_limit":["-1"],"_download_expiry":["-1"],"_stock":[null],"_stock_status":["instock"],"_wc_average_rating":["0"],"_wc_review_count":["0"],"_product_version":["9.6.2"],"_product_image_gallery":["2604,2607,2605,2606,2608"],"site-sidebar-layout":["default"],"ast-site-content-layout":["default"],"site-content-style":["default"],"site-sidebar-style":["default"],"theme-transparent-header-meta":["default"],"astra-migrate-meta-layouts":["set"],"_uag_page_assets":["a:9:{s:3:\"css\";s:5055:\".wp-block-uagb-faq{width:100%}.wp-block-uagb-faq.uagb-faq-layout-accordion .uagb-faq-child__outer-wrap .uagb-faq-questions-button{cursor:pointer}.wp-block-uagb-faq .uagb-faq-content{margin-bottom:0}.wp-block-uagb-faq .uagb-faq-content p{margin:auto}.uagb-faq-layout-grid.uagb-faq-equal-height.uagb-faq__wrap .uagb-faq-child__outer-wrap,.uagb-faq-layout-grid.uagb-faq-equal-height.uagb-faq__wrap .uagb-faq-item{height:100%}body[class*=\"astra\"] .uagb-faq-questions{line-height:normal}.uagb-faq-item{overflow:hidden}\n.wp-block-uagb-faq-child .uagb-faq-questions-button{display:flex;align-items:center}.wp-block-uagb-faq-child .uagb-faq-questions-button .uagb-faq-icon-wrap{display:flex;align-items:center}.wp-block-uagb-faq-child .uagb-faq-questions-button .uagb-question{width:100%;margin-top:0;margin-bottom:0}.wp-block-uagb-faq-child .uagb-icon svg,.wp-block-uagb-faq-child .uagb-icon-active svg{width:15px;height:15px;font-size:15px}.wp-block-uagb-faq-child.uagb-faq-child__outer-wrap.uagb-faq-item .uagb-icon-active,.wp-block-uagb-faq-child.uagb-faq-child__outer-wrap.uagb-faq-item.uagb-faq-item-active .uagb-icon,.wp-block-uagb-faq-child.uagb-faq-child__outer-wrap .uagb-faq-item .uagb-icon-active,.wp-block-uagb-faq-child.uagb-faq-child__outer-wrap .uagb-faq-item.uagb-faq-item-active .uagb-icon{display:none;width:0;padding:0;height:0;margin:0}.wp-block-uagb-faq-child.uagb-faq-child__outer-wrap.uagb-faq-item .uagb-icon,.wp-block-uagb-faq-child.uagb-faq-child__outer-wrap.uagb-faq-item.uagb-faq-item-active .uagb-icon-active,.wp-block-uagb-faq-child.uagb-faq-child__outer-wrap .uagb-faq-item .uagb-icon,.wp-block-uagb-faq-child.uagb-faq-child__outer-wrap .uagb-faq-item.uagb-faq-item-active .uagb-icon-active{display:flex;width:auto;height:auto}.uagb-faq-layout-grid .uagb-faq-child__outer-wrap.uagb-faq-item .uagb-icon,.uagb-faq-layout-grid .uagb-faq-child__outer-wrap.uagb-faq-item.uagb-faq-item-active .uagb-icon-active,.uagb-faq-layout-grid .uagb-faq-child__outer-wrap .uagb-faq-item .uagb-icon,.uagb-faq-layout-grid .uagb-faq-child__outer-wrap .uagb-faq-item.uagb-faq-item-active .uagb-icon-active{display:none}.uagb-faq-layout-grid .uagb-faq-child__outer-wrap.uagb-faq-item span.uagb-icon-active.uagb-faq-icon-wrap,.uagb-faq-layout-grid .uagb-faq-child__outer-wrap.uagb-faq-item.uagb-faq-item-active .uagb-icon-active,.uagb-faq-layout-grid .uagb-faq-child__outer-wrap .uagb-faq-item span.uagb-icon-active.uagb-faq-icon-wrap,.uagb-faq-layout-grid .uagb-faq-child__outer-wrap .uagb-faq-item.uagb-faq-item-active .uagb-icon-active{display:none}\n.uagb-block-55b5edaf .uagb-icon svg{width: 12px;height: 12px;font-size: 12px;}.uagb-block-55b5edaf .uagb-icon-active svg{width: 12px;height: 12px;font-size: 12px;}.uagb-block-55b5edaf .uagb-faq-child__outer-wrap{margin-bottom: 10px;}.uagb-block-55b5edaf .uagb-faq-item{border-top-width: 1px;border-left-width: 1px;border-right-width: 1px;border-bottom-width: 1px;border-top-left-radius: 2px;border-top-right-radius: 2px;border-bottom-left-radius: 2px;border-bottom-right-radius: 2px;border-color: #1e1e1e;border-style: solid;}.uagb-block-55b5edaf .uagb-faq-questions-button{padding-top: 10px;padding-bottom: 10px;padding-right: 10px;padding-left: 10px;}.uagb-block-55b5edaf .uagb-faq-content{padding-top: 10px;padding-bottom: 10px;padding-right: 10px;padding-left: 10px;}.uagb-block-55b5edaf .uagb-faq-content span{margin-top: 10px;margin-bottom: 10px;margin-right: 10px;margin-left: 10px;}.uagb-block-55b5edaf.uagb-faq-icon-row .uagb-faq-item .uagb-faq-icon-wrap{margin-right: 10px;}.uagb-block-55b5edaf.uagb-faq-icon-row-reverse .uagb-faq-item .uagb-faq-icon-wrap{margin-left: 10px;}.uagb-block-55b5edaf .uagb-faq-item .uagb-faq-questions-button.uagb-faq-questions{flex-direction: row;}.uagb-block-55b5edaf .wp-block-uagb-faq-child.uagb-faq-child__outer-wrap .uagb-faq-content {display: none;}@media only screen and (max-width: 976px) {.uagb-block-55b5edaf.uagb-faq-icon-row .uagb-faq-item .uagb-faq-icon-wrap{margin-right: 10px;}.uagb-block-55b5edaf.uagb-faq-icon-row-reverse .uagb-faq-item .uagb-faq-icon-wrap{margin-left: 10px;}.uagb-block-55b5edaf .uagb-faq-questions-button{padding-top: 10px;padding-bottom: 10px;padding-right: 10px;padding-left: 10px;}.uagb-block-55b5edaf .uagb-faq-content{padding-top: 10px;padding-bottom: 10px;padding-right: 10px;padding-left: 10px;}.uagb-block-55b5edaf .uagb-faq-content span{margin-top: 10px;margin-bottom: 10px;margin-right: 10px;margin-left: 10px;}}@media only screen and (max-width: 767px) {.uagb-block-55b5edaf.uagb-faq-icon-row .uagb-faq-item .uagb-faq-icon-wrap{margin-right: 10px;}.uagb-block-55b5edaf.uagb-faq-icon-row-reverse .uagb-faq-item .uagb-faq-icon-wrap{margin-left: 10px;}.uagb-block-55b5edaf .uagb-faq-questions-button{padding-top: 10px;padding-bottom: 10px;padding-right: 10px;padding-left: 10px;}.uagb-block-55b5edaf .uagb-faq-content{padding-top: 10px;padding-bottom: 10px;padding-right: 10px;padding-left: 10px;}.uagb-block-55b5edaf .uagb-faq-content span{margin-top: 10px;margin-bottom: 10px;margin-right: 10px;margin-left: 10px;}}\";s:2:\"js\";s:0:\"\";s:18:\"current_block_list\";a:10:{i:0;s:11:\"core\/search\";i:1;s:10:\"core\/group\";i:2;s:12:\"core\/heading\";i:3;s:17:\"core\/latest-posts\";i:4;s:20:\"core\/latest-comments\";i:5;s:13:\"core\/archives\";i:6;s:15:\"core\/categories\";i:7;s:14:\"core\/paragraph\";i:8;s:8:\"uagb\/faq\";i:9;s:14:\"uagb\/faq-child\";}s:8:\"uag_flag\";b:1;s:11:\"uag_version\";s:10:\"1775829763\";s:6:\"gfonts\";a:0:{}s:10:\"gfonts_url\";s:0:\"\";s:12:\"gfonts_files\";a:0:{}s:14:\"uag_faq_layout\";b:1;}"],"_uag_css_file_name":["uag-css-2602.css"]},"uagb_featured_image_src":{"full":["https:\/\/senyenergy.com\/wp-content\/uploads\/2025\/06\/solar-adjustable-end-clamp.jpg",800,800,false],"thumbnail":["https:\/\/senyenergy.com\/wp-content\/uploads\/2025\/06\/solar-adjustable-end-clamp-150x150.jpg",150,150,true],"medium":["https:\/\/senyenergy.com\/wp-content\/uploads\/2025\/06\/solar-adjustable-end-clamp-300x300.jpg",300,300,true],"medium_large":["https:\/\/senyenergy.com\/wp-content\/uploads\/2025\/06\/solar-adjustable-end-clamp-768x768.jpg",768,768,true],"large":["https:\/\/senyenergy.com\/wp-content\/uploads\/2025\/06\/solar-adjustable-end-clamp.jpg",800,800,false],"1536x1536":["https:\/\/senyenergy.com\/wp-content\/uploads\/2025\/06\/solar-adjustable-end-clamp.jpg",800,800,false],"2048x2048":["https:\/\/senyenergy.com\/wp-content\/uploads\/2025\/06\/solar-adjustable-end-clamp.jpg",800,800,false],"trp-custom-language-flag":["https:\/\/senyenergy.com\/wp-content\/uploads\/2025\/06\/solar-adjustable-end-clamp-12x12.jpg",12,12,true],"woocommerce_thumbnail":["https:\/\/senyenergy.com\/wp-content\/uploads\/2025\/06\/solar-adjustable-end-clamp-300x300.jpg",300,300,true],"woocommerce_single":["https:\/\/senyenergy.com\/wp-content\/uploads\/2025\/06\/solar-adjustable-end-clamp-600x600.jpg",600,600,true],"woocommerce_gallery_thumbnail":["https:\/\/senyenergy.com\/wp-content\/uploads\/2025\/06\/solar-adjustable-end-clamp-100x100.jpg",100,100,true]},"uagb_author_info":{"display_name":"wp-admin","author_link":"https:\/\/senyenergy.com\/es\/author\/"},"uagb_comment_info":0,"uagb_excerpt":"This adjustable end clamp provides more simple and flexible installation for solar panel mounting. It is designed to be adjusted for different PV modules framed thickness ranging from 30mm to 50mm. It is an ideal solar component when you don\u2019t sure the framed thickness of the PV modules,it is very convenient for solar mounting system.&hellip;","_links":{"self":[{"href":"https:\/\/senyenergy.com\/es\/wp-json\/wp\/v2\/product\/2602","targetHints":{"allow":["GET"]}}],"collection":[{"href":"https:\/\/senyenergy.com\/es\/wp-json\/wp\/v2\/product"}],"about":[{"href":"https:\/\/senyenergy.com\/es\/wp-json\/wp\/v2\/types\/product"}],"wp:featuredmedia":[{"embeddable":true,"href":"https:\/\/senyenergy.com\/es\/wp-json\/wp\/v2\/media\/2603"}],"wp:attachment":[{"href":"https:\/\/senyenergy.com\/es\/wp-json\/wp\/v2\/media?parent=2602"}],"wp:term":[{"taxonomy":"product_brand","embeddable":true,"href":"https:\/\/senyenergy.com\/es\/wp-json\/wp\/v2\/product_brand?post=2602"},{"taxonomy":"product_cat","embeddable":true,"href":"https:\/\/senyenergy.com\/es\/wp-json\/wp\/v2\/product_cat?post=2602"},{"taxonomy":"product_tag","embeddable":true,"href":"https:\/\/senyenergy.com\/es\/wp-json\/wp\/v2\/product_tag?post=2602"}],"curies":[{"name":"wp","href":"https:\/\/api.w.org\/{rel}","templated":true}]}}