{"id":2588,"date":"2025-06-18T17:03:16","date_gmt":"2025-06-18T09:03:16","guid":{"rendered":"https:\/\/senyenergy.com\/?post_type=product&#038;p=2588"},"modified":"2025-07-13T11:05:43","modified_gmt":"2025-07-13T03:05:43","slug":"terminal-de-puesta-a-tierra-solar-kits-de-puesta-a-tierra-de-paneles-solares","status":"publish","type":"product","link":"https:\/\/senyenergy.com\/es\/product\/terminal-de-puesta-a-tierra-solar-kits-de-puesta-a-tierra-de-paneles-solares\/","title":{"rendered":"Kits de tomas de tierra para paneles solares"},"content":{"rendered":"<p>A <strong>Kits de toma de tierra solar<\/strong> \u00a0es un componente esencial de los kits de puesta a tierra de paneles solares, dise\u00f1ado para garantizar la seguridad el\u00e9ctrica y la protecci\u00f3n contra rayos y sobretensiones. Tambi\u00e9n se denomina terminal de toma de tierra solar y es uno de los miembros de nuestra familia de tomas de tierra; est\u00e1 dise\u00f1ado para montarse en el carril para sujetar el cable de toma de tierra. El kit de terminal de toma de tierra consta de un terminal de toma de tierra esta\u00f1ado, una arandela especialmente dise\u00f1ada, un perno de acero inoxidable y una almohadilla. Los dientes afilados de la arandela est\u00e1n dise\u00f1ados para incrustarse en el riel de aluminio anodizado para crear una ruta de toma de tierra. Utilizando el clip de toma de tierra, el terminal de toma de tierra es f\u00e1cil de conectar el cable de tierra de cobre, no hay necesidad de correr alrededor de alambre de v\u00edspera de un solo m\u00f3dulo. hace que los sistemas de toma de tierra f\u00e1cil y simple.<\/p>\n<p>&nbsp;<\/p>\n<p><strong>Kits de toma de tierra solar<\/strong> se utiliza para montar en el carril de aluminio para sostener el cable de tierra de cobre. Es un miembro importante de nuestra familia de puesta a tierra, mediante el uso con otros componentes de puesta a tierra, que hacen que los sistemas solares fotovoltaicos de puesta a tierra f\u00e1cil. Todo nuestro \u00a0<strong>Kits de toma de tierra solar<\/strong>\u00a0el juego incluye arandela, terminal de puesta a tierra, perno de acero inoxidable y almohadilla de acero inoxidable<\/p>\n<p>&nbsp;<\/p>\n<p>Es f\u00e1cil realizar la puesta a tierra completa de la matriz fotovoltaica solar, simplemente monte la orejeta de puesta a tierra en el extremo de cada riel de montaje, luego apriete el perno hexagonal. forzar\u00e1 a los dientes de la arandela a penetrar en el riel de montaje anodizado, \u00a1se realizar\u00e1 el c\u00edrculo conductor de puesta a tierra!<\/p>\n<p>&nbsp;<\/p>\n<p>Caracter\u00edsticas de \u00a0<strong>Kits de toma de tierra solar<\/strong><strong><b>\u00a0<\/b><\/strong>para el sistema solar:<\/p>\n<p>Construcci\u00f3n robusta: Disponemos de materiales de alta calidad<\/p>\n<p>cobre o aluminio para una excelente conductividad y durabilidad.<\/p>\n<p>Resistencia a la corrosi\u00f3n: A menudo revestidos o tratados para resistir la corrosi\u00f3n, lo que garantiza un rendimiento a largo plazo en entornos exteriores.<\/p>\n<p>Variedad de tama\u00f1os: Disponible en varios tama\u00f1os y configuraciones para adaptarse a diferentes tama\u00f1os de cable y necesidades de instalaci\u00f3n.<\/p>\n<p>F\u00e1cil instalaci\u00f3n: Dise\u00f1ado para una fijaci\u00f3n directa a marcos de paneles solares o estructuras de montaje.<\/p>\n<p>Seguridad el\u00e9ctrica: Proporciona un punto de conexi\u00f3n a tierra fiable para proteger los sistemas solares de fallos y sobretensiones el\u00e9ctricas.<\/p>\n<p>Protecci\u00f3n contra rayos: Ayuda a disipar las cargas el\u00e9ctricas de los rayos, reduciendo el riesgo de da\u00f1os en los equipos solares.<\/p>\n<p>Mayor longevidad del sistema: Protege los paneles solares y los equipos asociados, lo que contribuye a prolongar la vida \u00fatil de todo el sistema.<\/p>\n<p>&nbsp;<\/p>\n<p>A \u00a0<strong>Kits de toma de tierra solar<\/strong>\u00a0es un componente fundamental para garantizar la seguridad el\u00e9ctrica de los sistemas de paneles solares. Puede mejorar la protecci\u00f3n de su sistema de energ\u00eda solar frente a fallos el\u00e9ctricos y riesgos medioambientales. Nuestra familia de sistemas de toma de tierra solar incluye terminales de toma de tierra solar fotovoltaica, pinzas de toma de tierra solar. Puente de conexi\u00f3n y varios clips de cable. No dude en ponerse en contacto con nosotros para obtener m\u00e1s informaci\u00f3n sobre el sistema de puesta a tierra.<\/p>","protected":false},"excerpt":{"rendered":"<p>Es un miembro importante de nuestra familia de puesta a tierra, mediante el uso con otros earthingcomponents, que hacen que los sistemas solares fotovoltaicos de puesta a tierra f\u00e1cil.<\/p>\n<p>Nuestro juego completo de terminales de puesta a tierra solar incluye arandela, terminal de puesta a tierra, perno de acero inoxidable y almohadilla de acero inoxidable.<\/p>\n<div class=\"wp-block-button popmake-1937\"><a class=\"wp-block-button__link wp-element-button\">comprobaci\u00f3n de precios<\/a><\/div>","protected":false},"featured_media":2589,"template":"","meta":{"_uag_custom_page_level_css":"","site-sidebar-layout":"default","site-content-layout":"","ast-site-content-layout":"default","site-content-style":"default","site-sidebar-style":"default","ast-global-header-display":"","ast-banner-title-visibility":"","ast-main-header-display":"","ast-hfb-above-header-display":"","ast-hfb-below-header-display":"","ast-hfb-mobile-header-display":"","site-post-title":"","ast-breadcrumbs-content":"","ast-featured-img":"","footer-sml-layout":"","ast-disable-related-posts":"","theme-transparent-header-meta":"default","adv-header-id-meta":"","stick-header-meta":"","header-above-stick-meta":"","header-main-stick-meta":"","header-below-stick-meta":"","astra-migrate-meta-layouts":"set","ast-page-background-enabled":"default","ast-page-background-meta":{"desktop":{"background-color":"","background-image":"","background-repeat":"repeat","background-position":"center center","background-size":"auto","background-attachment":"scroll","background-type":"","background-media":"","overlay-type":"","overlay-color":"","overlay-opacity":"","overlay-gradient":""},"tablet":{"background-color":"","background-image":"","background-repeat":"repeat","background-position":"center center","background-size":"auto","background-attachment":"scroll","background-type":"","background-media":"","overlay-type":"","overlay-color":"","overlay-opacity":"","overlay-gradient":""},"mobile":{"background-color":"","background-image":"","background-repeat":"repeat","background-position":"center center","background-size":"auto","background-attachment":"scroll","background-type":"","background-media":"","overlay-type":"","overlay-color":"","overlay-opacity":"","overlay-gradient":""}},"ast-content-background-meta":{"desktop":{"background-color":"var(--ast-global-color-5)","background-image":"","background-repeat":"repeat","background-position":"center center","background-size":"auto","background-attachment":"scroll","background-type":"","background-media":"","overlay-type":"","overlay-color":"","overlay-opacity":"","overlay-gradient":""},"tablet":{"background-color":"var(--ast-global-color-5)","background-image":"","background-repeat":"repeat","background-position":"center center","background-size":"auto","background-attachment":"scroll","background-type":"","background-media":"","overlay-type":"","overlay-color":"","overlay-opacity":"","overlay-gradient":""},"mobile":{"background-color":"var(--ast-global-color-5)","background-image":"","background-repeat":"repeat","background-position":"center center","background-size":"auto","background-attachment":"scroll","background-type":"","background-media":"","overlay-type":"","overlay-color":"","overlay-opacity":"","overlay-gradient":""}}},"product_brand":[],"product_cat":[25,23,132,33],"product_tag":[197,198,59,203,202,201,199,200],"class_list":{"0":"post-2588","1":"product","2":"type-product","3":"status-publish","4":"has-post-thumbnail","6":"product_cat-excellent","7":"product_cat-solar-accessories","8":"product_cat-solar-mounting-components","9":"product_cat-solar-panel-accessories","10":"product_tag-earthing-lug","11":"product_tag-grounding-clip","12":"product_tag-grounding-lug","13":"product_tag-solar-earthing-clip","14":"product_tag-solar-grounding-clip","15":"product_tag-solar-grounding-system-kits","16":"product_tag-solar-panel-earthing","17":"product_tag-solar-panel-grounding-lug","18":"desktop-align-left","19":"tablet-align-left","20":"mobile-align-left","22":"first","23":"instock","24":"shipping-taxable","25":"product-type-simple"},"spectra_custom_meta":{"_uabb_version":["1.36.1"],"_edit_last":["1"],"_edit_lock":["1752375988:1"],"_thumbnail_id":["2589"],"total_sales":["0"],"_tax_status":["taxable"],"_tax_class":[""],"_manage_stock":["no"],"_backorders":["no"],"_sold_individually":["no"],"_virtual":["no"],"_downloadable":["no"],"_download_limit":["-1"],"_download_expiry":["-1"],"_stock":[null],"_stock_status":["instock"],"_wc_average_rating":["0"],"_wc_review_count":["0"],"_product_version":["9.6.2"],"_product_image_gallery":["2593,2590,2592,2591"],"site-sidebar-layout":["default"],"ast-site-content-layout":["default"],"site-content-style":["default"],"site-sidebar-style":["default"],"theme-transparent-header-meta":["default"],"astra-migrate-meta-layouts":["set"],"_uag_page_assets":["a:9:{s:3:\"css\";s:5318:\".uag-blocks-common-selector{z-index:var(--z-index-desktop) !important}@media (max-width: 976px){.uag-blocks-common-selector{z-index:var(--z-index-tablet) !important}}@media (max-width: 767px){.uag-blocks-common-selector{z-index:var(--z-index-mobile) !important}}\n.wp-block-uagb-faq{width:100%}.wp-block-uagb-faq.uagb-faq-layout-accordion .uagb-faq-child__outer-wrap .uagb-faq-questions-button{cursor:pointer}.wp-block-uagb-faq .uagb-faq-content{margin-bottom:0}.wp-block-uagb-faq .uagb-faq-content p{margin:auto}.uagb-faq-layout-grid.uagb-faq-equal-height.uagb-faq__wrap .uagb-faq-child__outer-wrap,.uagb-faq-layout-grid.uagb-faq-equal-height.uagb-faq__wrap .uagb-faq-item{height:100%}body[class*=\"astra\"] .uagb-faq-questions{line-height:normal}.uagb-faq-item{overflow:hidden}\n.wp-block-uagb-faq-child .uagb-faq-questions-button{display:flex;align-items:center}.wp-block-uagb-faq-child .uagb-faq-questions-button .uagb-faq-icon-wrap{display:flex;align-items:center}.wp-block-uagb-faq-child .uagb-faq-questions-button .uagb-question{width:100%;margin-top:0;margin-bottom:0}.wp-block-uagb-faq-child .uagb-icon svg,.wp-block-uagb-faq-child .uagb-icon-active svg{width:15px;height:15px;font-size:15px}.wp-block-uagb-faq-child.uagb-faq-child__outer-wrap.uagb-faq-item .uagb-icon-active,.wp-block-uagb-faq-child.uagb-faq-child__outer-wrap.uagb-faq-item.uagb-faq-item-active .uagb-icon,.wp-block-uagb-faq-child.uagb-faq-child__outer-wrap .uagb-faq-item .uagb-icon-active,.wp-block-uagb-faq-child.uagb-faq-child__outer-wrap .uagb-faq-item.uagb-faq-item-active .uagb-icon{display:none;width:0;padding:0;height:0;margin:0}.wp-block-uagb-faq-child.uagb-faq-child__outer-wrap.uagb-faq-item .uagb-icon,.wp-block-uagb-faq-child.uagb-faq-child__outer-wrap.uagb-faq-item.uagb-faq-item-active .uagb-icon-active,.wp-block-uagb-faq-child.uagb-faq-child__outer-wrap .uagb-faq-item .uagb-icon,.wp-block-uagb-faq-child.uagb-faq-child__outer-wrap .uagb-faq-item.uagb-faq-item-active .uagb-icon-active{display:flex;width:auto;height:auto}.uagb-faq-layout-grid .uagb-faq-child__outer-wrap.uagb-faq-item .uagb-icon,.uagb-faq-layout-grid .uagb-faq-child__outer-wrap.uagb-faq-item.uagb-faq-item-active .uagb-icon-active,.uagb-faq-layout-grid .uagb-faq-child__outer-wrap .uagb-faq-item .uagb-icon,.uagb-faq-layout-grid .uagb-faq-child__outer-wrap .uagb-faq-item.uagb-faq-item-active .uagb-icon-active{display:none}.uagb-faq-layout-grid .uagb-faq-child__outer-wrap.uagb-faq-item span.uagb-icon-active.uagb-faq-icon-wrap,.uagb-faq-layout-grid .uagb-faq-child__outer-wrap.uagb-faq-item.uagb-faq-item-active .uagb-icon-active,.uagb-faq-layout-grid .uagb-faq-child__outer-wrap .uagb-faq-item span.uagb-icon-active.uagb-faq-icon-wrap,.uagb-faq-layout-grid .uagb-faq-child__outer-wrap .uagb-faq-item.uagb-faq-item-active .uagb-icon-active{display:none}\n.uagb-block-55b5edaf .uagb-icon svg{width: 12px;height: 12px;font-size: 12px;}.uagb-block-55b5edaf .uagb-icon-active svg{width: 12px;height: 12px;font-size: 12px;}.uagb-block-55b5edaf .uagb-faq-child__outer-wrap{margin-bottom: 10px;}.uagb-block-55b5edaf .uagb-faq-item{border-top-width: 1px;border-left-width: 1px;border-right-width: 1px;border-bottom-width: 1px;border-top-left-radius: 2px;border-top-right-radius: 2px;border-bottom-left-radius: 2px;border-bottom-right-radius: 2px;border-color: #1e1e1e;border-style: solid;}.uagb-block-55b5edaf .uagb-faq-questions-button{padding-top: 10px;padding-bottom: 10px;padding-right: 10px;padding-left: 10px;}.uagb-block-55b5edaf .uagb-faq-content{padding-top: 10px;padding-bottom: 10px;padding-right: 10px;padding-left: 10px;}.uagb-block-55b5edaf .uagb-faq-content span{margin-top: 10px;margin-bottom: 10px;margin-right: 10px;margin-left: 10px;}.uagb-block-55b5edaf.uagb-faq-icon-row .uagb-faq-item .uagb-faq-icon-wrap{margin-right: 10px;}.uagb-block-55b5edaf.uagb-faq-icon-row-reverse .uagb-faq-item .uagb-faq-icon-wrap{margin-left: 10px;}.uagb-block-55b5edaf .uagb-faq-item .uagb-faq-questions-button.uagb-faq-questions{flex-direction: row;}.uagb-block-55b5edaf .wp-block-uagb-faq-child.uagb-faq-child__outer-wrap .uagb-faq-content {display: none;}@media only screen and (max-width: 976px) {.uagb-block-55b5edaf.uagb-faq-icon-row .uagb-faq-item .uagb-faq-icon-wrap{margin-right: 10px;}.uagb-block-55b5edaf.uagb-faq-icon-row-reverse .uagb-faq-item .uagb-faq-icon-wrap{margin-left: 10px;}.uagb-block-55b5edaf .uagb-faq-questions-button{padding-top: 10px;padding-bottom: 10px;padding-right: 10px;padding-left: 10px;}.uagb-block-55b5edaf .uagb-faq-content{padding-top: 10px;padding-bottom: 10px;padding-right: 10px;padding-left: 10px;}.uagb-block-55b5edaf .uagb-faq-content span{margin-top: 10px;margin-bottom: 10px;margin-right: 10px;margin-left: 10px;}}@media only screen and (max-width: 767px) {.uagb-block-55b5edaf.uagb-faq-icon-row .uagb-faq-item .uagb-faq-icon-wrap{margin-right: 10px;}.uagb-block-55b5edaf.uagb-faq-icon-row-reverse .uagb-faq-item .uagb-faq-icon-wrap{margin-left: 10px;}.uagb-block-55b5edaf .uagb-faq-questions-button{padding-top: 10px;padding-bottom: 10px;padding-right: 10px;padding-left: 10px;}.uagb-block-55b5edaf .uagb-faq-content{padding-top: 10px;padding-bottom: 10px;padding-right: 10px;padding-left: 10px;}.uagb-block-55b5edaf .uagb-faq-content span{margin-top: 10px;margin-bottom: 10px;margin-right: 10px;margin-left: 10px;}}\";s:2:\"js\";s:0:\"\";s:18:\"current_block_list\";a:10:{i:0;s:11:\"core\/search\";i:1;s:10:\"core\/group\";i:2;s:12:\"core\/heading\";i:3;s:17:\"core\/latest-posts\";i:4;s:20:\"core\/latest-comments\";i:5;s:13:\"core\/archives\";i:6;s:15:\"core\/categories\";i:7;s:14:\"core\/paragraph\";i:8;s:8:\"uagb\/faq\";i:9;s:14:\"uagb\/faq-child\";}s:8:\"uag_flag\";b:1;s:11:\"uag_version\";s:10:\"1775829763\";s:6:\"gfonts\";a:0:{}s:10:\"gfonts_url\";s:0:\"\";s:12:\"gfonts_files\";a:0:{}s:14:\"uag_faq_layout\";b:1;}"],"_uag_css_file_name":["uag-css-2588.css"]},"uagb_featured_image_src":{"full":["https:\/\/senyenergy.com\/wp-content\/uploads\/2025\/06\/Anodized-aluminum-Solar-Grounding-Lugs.jpg",800,800,false],"thumbnail":["https:\/\/senyenergy.com\/wp-content\/uploads\/2025\/06\/Anodized-aluminum-Solar-Grounding-Lugs-150x150.jpg",150,150,true],"medium":["https:\/\/senyenergy.com\/wp-content\/uploads\/2025\/06\/Anodized-aluminum-Solar-Grounding-Lugs-300x300.jpg",300,300,true],"medium_large":["https:\/\/senyenergy.com\/wp-content\/uploads\/2025\/06\/Anodized-aluminum-Solar-Grounding-Lugs-768x768.jpg",768,768,true],"large":["https:\/\/senyenergy.com\/wp-content\/uploads\/2025\/06\/Anodized-aluminum-Solar-Grounding-Lugs.jpg",800,800,false],"1536x1536":["https:\/\/senyenergy.com\/wp-content\/uploads\/2025\/06\/Anodized-aluminum-Solar-Grounding-Lugs.jpg",800,800,false],"2048x2048":["https:\/\/senyenergy.com\/wp-content\/uploads\/2025\/06\/Anodized-aluminum-Solar-Grounding-Lugs.jpg",800,800,false],"trp-custom-language-flag":["https:\/\/senyenergy.com\/wp-content\/uploads\/2025\/06\/Anodized-aluminum-Solar-Grounding-Lugs-12x12.jpg",12,12,true],"woocommerce_thumbnail":["https:\/\/senyenergy.com\/wp-content\/uploads\/2025\/06\/Anodized-aluminum-Solar-Grounding-Lugs-300x300.jpg",300,300,true],"woocommerce_single":["https:\/\/senyenergy.com\/wp-content\/uploads\/2025\/06\/Anodized-aluminum-Solar-Grounding-Lugs-600x600.jpg",600,600,true],"woocommerce_gallery_thumbnail":["https:\/\/senyenergy.com\/wp-content\/uploads\/2025\/06\/Anodized-aluminum-Solar-Grounding-Lugs-100x100.jpg",100,100,true]},"uagb_author_info":{"display_name":"wp-admin","author_link":"https:\/\/senyenergy.com\/es\/author\/"},"uagb_comment_info":0,"uagb_excerpt":"Solar PV grounding lug is used to mounted on the aluminum rail to hold the coppe!grounding wire. lt is important member of our earthing family,by using with other earthingcomponents, it make the solar PV systems grounding easy. Our whole solar grounding lug set is including washer, lay-in earthing lug, stainless steel bolt and stainless steel&hellip;","_links":{"self":[{"href":"https:\/\/senyenergy.com\/es\/wp-json\/wp\/v2\/product\/2588","targetHints":{"allow":["GET"]}}],"collection":[{"href":"https:\/\/senyenergy.com\/es\/wp-json\/wp\/v2\/product"}],"about":[{"href":"https:\/\/senyenergy.com\/es\/wp-json\/wp\/v2\/types\/product"}],"wp:featuredmedia":[{"embeddable":true,"href":"https:\/\/senyenergy.com\/es\/wp-json\/wp\/v2\/media\/2589"}],"wp:attachment":[{"href":"https:\/\/senyenergy.com\/es\/wp-json\/wp\/v2\/media?parent=2588"}],"wp:term":[{"taxonomy":"product_brand","embeddable":true,"href":"https:\/\/senyenergy.com\/es\/wp-json\/wp\/v2\/product_brand?post=2588"},{"taxonomy":"product_cat","embeddable":true,"href":"https:\/\/senyenergy.com\/es\/wp-json\/wp\/v2\/product_cat?post=2588"},{"taxonomy":"product_tag","embeddable":true,"href":"https:\/\/senyenergy.com\/es\/wp-json\/wp\/v2\/product_tag?post=2588"}],"curies":[{"name":"wp","href":"https:\/\/api.w.org\/{rel}","templated":true}]}}