{"id":2576,"date":"2025-06-16T12:07:43","date_gmt":"2025-06-16T04:07:43","guid":{"rendered":"https:\/\/senyenergy.com\/?post_type=product&#038;p=2576"},"modified":"2025-07-13T10:17:34","modified_gmt":"2025-07-13T02:17:34","slug":"soporte-de-fijacion-solar-universal-ajustable-para-tejado-metalico-trapezoidal","status":"publish","type":"product","link":"https:\/\/senyenergy.com\/es\/product\/soporte-de-fijacion-solar-universal-ajustable-para-tejado-metalico-trapezoidal\/","title":{"rendered":"Abrazadera solar universal ajustable para montaje en tejado trapezoidal"},"content":{"rendered":"<p>Ajustable <strong>Abrazadera solar para tejado trapezoidal<\/strong> \u00a0est\u00e1 dise\u00f1ado para el montaje seguro de paneles solares y se adapta a varios perfiles trapezoidales para el montaje seguro de rieles de montaje de paneles solares en las nervaduras elevadas (perfiles trapezoidales) de las cubiertas met\u00e1licas .<\/p>\n<p>&nbsp;<\/p>\n<p>Ajustable universal<strong><b> Abrazadera solar para tejado trapezoidal<\/b><\/strong>\u00a0es una sofisticada soluci\u00f3n de montaje para tejados met\u00e1licos trapezoidales. Su ajustabilidad y dise\u00f1o para una amplia gama de perfiles ofrece a los instaladores flexibilidad y eficiencia, mientras que su prop\u00f3sito principal es proporcionar una base robusta, impermeable y fiable para los paneles solares en estos tipos espec\u00edficos de tejado.<\/p>\n<p>&nbsp;<\/p>\n<p>Caracter\u00edsticas de Ajustable <strong>Abrazadera solar para tejado trapezoidal<\/strong>:<\/p>\n<p>1. Ajustabilidad:<\/p>\n<ul>\n<li>Ajuste vertical: Permite ajustar con precisi\u00f3n la altura del riel de montaje por encima de la superficie del tejado. De este modo se compensan las variaciones en la altura de los nervios y la inclinaci\u00f3n del tejado, y se garantiza la nivelaci\u00f3n de los paneles.<\/li>\n<li>Ajuste lateral: Permite un posicionamiento preciso de la abrazadera a lo largo de la longitud de la costilla para una alineaci\u00f3n \u00f3ptima con los orificios de montaje del panel o las secciones del carril.<\/li>\n<\/ul>\n<p>2. Universalidad:<\/p>\n<ul>\n<li>Compatible con varios perfiles trapezoidales.<\/li>\n<li>Compatibilidad con ra\u00edles: Normalmente compatible con ra\u00edles de montaje de aluminio est\u00e1ndar (por ejemplo, perfiles UNIRAC, Renusol, K2, IronRidge) utilizando pernos en T est\u00e1ndar o conectores espec\u00edficos.<\/li>\n<\/ul>\n<p>Compatible con varios perfiles trapezoidales de tejado met\u00e1lico, lo que permite flexibilidad en la instalaci\u00f3n.<\/p>\n<p>Panel Agnostic: Funciona con la mayor\u00eda de los paneles solares, ya que se fijan a los rieles, no directamente a la abrazadera.<\/p>\n<p>3. Fabricado en acero inoxidable de alta calidad resistente a la corrosi\u00f3n para una mayor duraci\u00f3n.<\/p>\n<p>4. Sellado: Incorpora almohadillas\/juntas de caucho EPDM o neopreno entre la abrazadera y el techo met\u00e1lico para evitar la abrasi\u00f3n, amortiguar las vibraciones y proporcionar un sellado que evacue el agua.<\/p>\n<p>5. Sujeci\u00f3n segura: Utiliza pernos\/tornillos de fijaci\u00f3n de acero inoxidable para aplicar una presi\u00f3n controlada y uniforme para sujetar la costilla de forma segura sin da\u00f1ar<\/p>\n<p>6. Estabilidad mejorada: Dise\u00f1ados para soportar fuertes vientos y condiciones clim\u00e1ticas adversas, garantizando que los paneles permanezcan seguros.<\/p>\n<p>7. Instalaci\u00f3n r\u00e1pida: El dise\u00f1o simplificado permite una instalaci\u00f3n f\u00e1cil y r\u00e1pida, ahorrando tiempo y costes de mano de obra.<\/p>\n<p>&nbsp;<\/p>\n<p>El ajustable universal<strong><b> Abrazadera solar para tejado trapezoidal<\/b><\/strong>\u00a0ofrece una soluci\u00f3n fiable para el montaje de paneles solares y se adapta a diversos perfiles de tejado. Su dise\u00f1o duradero y su facilidad de instalaci\u00f3n lo convierten en la opci\u00f3n ideal para maximizar la producci\u00f3n de energ\u00eda solar.<\/p>","protected":false},"excerpt":{"rendered":"<p><strong>Ajustabilidad<\/strong>:<\/p>\n<p>1.Ajuste vertical: Permite ajustar con precisi\u00f3n la altura del riel de montaje por encima de la superficie del tejado. De este modo se compensan las variaciones en la altura de los nervios y la inclinaci\u00f3n del tejado, y se garantiza la nivelaci\u00f3n de los paneles.<\/p>\n<p>2.Ajuste lateral: Permite un posicionamiento preciso de la abrazadera a lo largo de la longitud de la costilla para una alineaci\u00f3n \u00f3ptima con los orificios de montaje del panel o las secciones del carril.<\/p>\n<p><strong>Universalidad<\/strong>:<\/p>\n<ol>\n<li>Compatible con varios perfiles trapezoidales.<\/li>\n<li>Compatibilidad con ra\u00edles: Normalmente compatible con ra\u00edles de montaje de aluminio est\u00e1ndar (por ejemplo, perfiles UNIRAC, Renusol, K2, IronRidge) utilizando pernos en T est\u00e1ndar o conectores espec\u00edficos.<\/li>\n<\/ol>\n<p>Compatible con varios perfiles trapezoidales de tejado met\u00e1lico, lo que permite flexibilidad en la instalaci\u00f3n.<\/p>\n<p>Panel Agnostic: Funciona con la mayor\u00eda de los paneles solares, ya que se fijan a los rieles, no directamente a la abrazadera.<\/p>\n<div class=\"wp-block-button popmake-1937\"><a class=\"wp-block-button__link wp-element-button\">comprobaci\u00f3n de precios<\/a><\/div>","protected":false},"featured_media":2581,"template":"","meta":{"_uag_custom_page_level_css":"","site-sidebar-layout":"default","site-content-layout":"","ast-site-content-layout":"default","site-content-style":"default","site-sidebar-style":"default","ast-global-header-display":"","ast-banner-title-visibility":"","ast-main-header-display":"","ast-hfb-above-header-display":"","ast-hfb-below-header-display":"","ast-hfb-mobile-header-display":"","site-post-title":"","ast-breadcrumbs-content":"","ast-featured-img":"","footer-sml-layout":"","ast-disable-related-posts":"","theme-transparent-header-meta":"default","adv-header-id-meta":"","stick-header-meta":"","header-above-stick-meta":"","header-main-stick-meta":"","header-below-stick-meta":"","astra-migrate-meta-layouts":"set","ast-page-background-enabled":"default","ast-page-background-meta":{"desktop":{"background-color":"","background-image":"","background-repeat":"repeat","background-position":"center center","background-size":"auto","background-attachment":"scroll","background-type":"","background-media":"","overlay-type":"","overlay-color":"","overlay-opacity":"","overlay-gradient":""},"tablet":{"background-color":"","background-image":"","background-repeat":"repeat","background-position":"center center","background-size":"auto","background-attachment":"scroll","background-type":"","background-media":"","overlay-type":"","overlay-color":"","overlay-opacity":"","overlay-gradient":""},"mobile":{"background-color":"","background-image":"","background-repeat":"repeat","background-position":"center center","background-size":"auto","background-attachment":"scroll","background-type":"","background-media":"","overlay-type":"","overlay-color":"","overlay-opacity":"","overlay-gradient":""}},"ast-content-background-meta":{"desktop":{"background-color":"var(--ast-global-color-5)","background-image":"","background-repeat":"repeat","background-position":"center center","background-size":"auto","background-attachment":"scroll","background-type":"","background-media":"","overlay-type":"","overlay-color":"","overlay-opacity":"","overlay-gradient":""},"tablet":{"background-color":"var(--ast-global-color-5)","background-image":"","background-repeat":"repeat","background-position":"center center","background-size":"auto","background-attachment":"scroll","background-type":"","background-media":"","overlay-type":"","overlay-color":"","overlay-opacity":"","overlay-gradient":""},"mobile":{"background-color":"var(--ast-global-color-5)","background-image":"","background-repeat":"repeat","background-position":"center center","background-size":"auto","background-attachment":"scroll","background-type":"","background-media":"","overlay-type":"","overlay-color":"","overlay-opacity":"","overlay-gradient":""}}},"product_brand":[],"product_cat":[25,61,132,24],"product_tag":[51,46,55,120,52,118],"class_list":{"0":"post-2576","1":"product","2":"type-product","3":"status-publish","4":"has-post-thumbnail","6":"product_cat-excellent","7":"product_cat-solar-metal-roof-mounting-system","8":"product_cat-solar-mounting-components","9":"product_cat-solar-mounting-system","10":"product_tag-metal-roof-solar-mounting","11":"product_tag-solar-adjustable-mounting","12":"product_tag-solar-clamp","13":"product_tag-solar-energy","14":"product_tag-trapezoidal-metal-roof-solar-mounting","15":"product_tag-trapezoidal-sheet-solar-mounting","16":"desktop-align-left","17":"tablet-align-left","18":"mobile-align-left","20":"first","21":"instock","22":"shipping-taxable","23":"product-type-simple"},"spectra_custom_meta":{"_uabb_version":["1.36.1"],"_edit_last":["1"],"_edit_lock":["1752373029:1"],"_thumbnail_id":["2581"],"total_sales":["0"],"_tax_status":["taxable"],"_tax_class":[""],"_manage_stock":["no"],"_backorders":["no"],"_sold_individually":["no"],"_virtual":["no"],"_downloadable":["no"],"_download_limit":["-1"],"_download_expiry":["-1"],"_stock":[null],"_stock_status":["instock"],"_wc_average_rating":["0"],"_wc_review_count":["0"],"_product_version":["9.6.2"],"_product_image_gallery":["2579,2580,2578,2577"],"site-sidebar-layout":["default"],"ast-site-content-layout":["default"],"site-content-style":["default"],"site-sidebar-style":["default"],"theme-transparent-header-meta":["default"],"astra-migrate-meta-layouts":["set"],"_uag_css_file_name":["uag-css-2576.css"],"_uag_page_assets":["a:9:{s:3:\"css\";s:5311:\".uag-blocks-common-selector{z-index:var(--z-index-desktop) !important}@media(max-width: 976px){.uag-blocks-common-selector{z-index:var(--z-index-tablet) !important}}@media(max-width: 767px){.uag-blocks-common-selector{z-index:var(--z-index-mobile) !important}}.wp-block-uagb-faq{width:100%}.wp-block-uagb-faq.uagb-faq-layout-accordion .uagb-faq-child__outer-wrap .uagb-faq-questions-button{cursor:pointer}.wp-block-uagb-faq .uagb-faq-content{margin-bottom:0}.wp-block-uagb-faq .uagb-faq-content p{margin:auto}.uagb-faq-layout-grid.uagb-faq-equal-height.uagb-faq__wrap .uagb-faq-child__outer-wrap,.uagb-faq-layout-grid.uagb-faq-equal-height.uagb-faq__wrap .uagb-faq-item{height:100%}body[class*=astra] .uagb-faq-questions{line-height:normal}.uagb-faq-item{overflow:hidden}.wp-block-uagb-faq-child .uagb-faq-questions-button{display:flex;align-items:center}.wp-block-uagb-faq-child .uagb-faq-questions-button .uagb-faq-icon-wrap{display:flex;align-items:center}.wp-block-uagb-faq-child .uagb-faq-questions-button .uagb-question{width:100%;margin-top:0;margin-bottom:0}.wp-block-uagb-faq-child .uagb-icon svg,.wp-block-uagb-faq-child .uagb-icon-active svg{width:15px;height:15px;font-size:15px}.wp-block-uagb-faq-child.uagb-faq-child__outer-wrap.uagb-faq-item .uagb-icon-active,.wp-block-uagb-faq-child.uagb-faq-child__outer-wrap.uagb-faq-item.uagb-faq-item-active .uagb-icon,.wp-block-uagb-faq-child.uagb-faq-child__outer-wrap .uagb-faq-item .uagb-icon-active,.wp-block-uagb-faq-child.uagb-faq-child__outer-wrap .uagb-faq-item.uagb-faq-item-active .uagb-icon{display:none;width:0;padding:0;height:0;margin:0}.wp-block-uagb-faq-child.uagb-faq-child__outer-wrap.uagb-faq-item .uagb-icon,.wp-block-uagb-faq-child.uagb-faq-child__outer-wrap.uagb-faq-item.uagb-faq-item-active .uagb-icon-active,.wp-block-uagb-faq-child.uagb-faq-child__outer-wrap .uagb-faq-item .uagb-icon,.wp-block-uagb-faq-child.uagb-faq-child__outer-wrap .uagb-faq-item.uagb-faq-item-active .uagb-icon-active{display:flex;width:auto;height:auto}.uagb-faq-layout-grid .uagb-faq-child__outer-wrap.uagb-faq-item .uagb-icon,.uagb-faq-layout-grid .uagb-faq-child__outer-wrap.uagb-faq-item.uagb-faq-item-active .uagb-icon-active,.uagb-faq-layout-grid .uagb-faq-child__outer-wrap .uagb-faq-item .uagb-icon,.uagb-faq-layout-grid .uagb-faq-child__outer-wrap .uagb-faq-item.uagb-faq-item-active .uagb-icon-active{display:none}.uagb-faq-layout-grid .uagb-faq-child__outer-wrap.uagb-faq-item span.uagb-icon-active.uagb-faq-icon-wrap,.uagb-faq-layout-grid .uagb-faq-child__outer-wrap.uagb-faq-item.uagb-faq-item-active .uagb-icon-active,.uagb-faq-layout-grid .uagb-faq-child__outer-wrap .uagb-faq-item span.uagb-icon-active.uagb-faq-icon-wrap,.uagb-faq-layout-grid .uagb-faq-child__outer-wrap .uagb-faq-item.uagb-faq-item-active .uagb-icon-active{display:none}.uagb-block-55b5edaf .uagb-icon svg{width: 12px;height: 12px;font-size: 12px;}.uagb-block-55b5edaf .uagb-icon-active svg{width: 12px;height: 12px;font-size: 12px;}.uagb-block-55b5edaf .uagb-faq-child__outer-wrap{margin-bottom: 10px;}.uagb-block-55b5edaf .uagb-faq-item{border-top-width: 1px;border-left-width: 1px;border-right-width: 1px;border-bottom-width: 1px;border-top-left-radius: 2px;border-top-right-radius: 2px;border-bottom-left-radius: 2px;border-bottom-right-radius: 2px;border-color: #1e1e1e;border-style: solid;}.uagb-block-55b5edaf .uagb-faq-questions-button{padding-top: 10px;padding-bottom: 10px;padding-right: 10px;padding-left: 10px;}.uagb-block-55b5edaf .uagb-faq-content{padding-top: 10px;padding-bottom: 10px;padding-right: 10px;padding-left: 10px;}.uagb-block-55b5edaf .uagb-faq-content span{margin-top: 10px;margin-bottom: 10px;margin-right: 10px;margin-left: 10px;}.uagb-block-55b5edaf.uagb-faq-icon-row .uagb-faq-item .uagb-faq-icon-wrap{margin-right: 10px;}.uagb-block-55b5edaf.uagb-faq-icon-row-reverse .uagb-faq-item .uagb-faq-icon-wrap{margin-left: 10px;}.uagb-block-55b5edaf .uagb-faq-item .uagb-faq-questions-button.uagb-faq-questions{flex-direction: row;}.uagb-block-55b5edaf .wp-block-uagb-faq-child.uagb-faq-child__outer-wrap .uagb-faq-content {display: none;}@media only screen and (max-width: 976px) {.uagb-block-55b5edaf.uagb-faq-icon-row .uagb-faq-item .uagb-faq-icon-wrap{margin-right: 10px;}.uagb-block-55b5edaf.uagb-faq-icon-row-reverse .uagb-faq-item .uagb-faq-icon-wrap{margin-left: 10px;}.uagb-block-55b5edaf .uagb-faq-questions-button{padding-top: 10px;padding-bottom: 10px;padding-right: 10px;padding-left: 10px;}.uagb-block-55b5edaf .uagb-faq-content{padding-top: 10px;padding-bottom: 10px;padding-right: 10px;padding-left: 10px;}.uagb-block-55b5edaf .uagb-faq-content span{margin-top: 10px;margin-bottom: 10px;margin-right: 10px;margin-left: 10px;}}@media only screen and (max-width: 767px) {.uagb-block-55b5edaf.uagb-faq-icon-row .uagb-faq-item .uagb-faq-icon-wrap{margin-right: 10px;}.uagb-block-55b5edaf.uagb-faq-icon-row-reverse .uagb-faq-item .uagb-faq-icon-wrap{margin-left: 10px;}.uagb-block-55b5edaf .uagb-faq-questions-button{padding-top: 10px;padding-bottom: 10px;padding-right: 10px;padding-left: 10px;}.uagb-block-55b5edaf .uagb-faq-content{padding-top: 10px;padding-bottom: 10px;padding-right: 10px;padding-left: 10px;}.uagb-block-55b5edaf .uagb-faq-content span{margin-top: 10px;margin-bottom: 10px;margin-right: 10px;margin-left: 10px;}}\";s:2:\"js\";s:0:\"\";s:18:\"current_block_list\";a:10:{i:0;s:11:\"core\/search\";i:1;s:10:\"core\/group\";i:2;s:12:\"core\/heading\";i:3;s:17:\"core\/latest-posts\";i:4;s:20:\"core\/latest-comments\";i:5;s:13:\"core\/archives\";i:6;s:15:\"core\/categories\";i:7;s:14:\"core\/paragraph\";i:8;s:8:\"uagb\/faq\";i:9;s:14:\"uagb\/faq-child\";}s:8:\"uag_flag\";b:1;s:11:\"uag_version\";s:10:\"1777556832\";s:6:\"gfonts\";a:0:{}s:10:\"gfonts_url\";s:0:\"\";s:12:\"gfonts_files\";a:0:{}s:14:\"uag_faq_layout\";b:1;}"]},"uagb_featured_image_src":{"full":["https:\/\/senyenergy.com\/wp-content\/uploads\/2025\/06\/Universal-Solar-Clamp-Fastener-Mount.jpg",800,800,false],"thumbnail":["https:\/\/senyenergy.com\/wp-content\/uploads\/2025\/06\/Universal-Solar-Clamp-Fastener-Mount-150x150.jpg",150,150,true],"medium":["https:\/\/senyenergy.com\/wp-content\/uploads\/2025\/06\/Universal-Solar-Clamp-Fastener-Mount-300x300.jpg",300,300,true],"medium_large":["https:\/\/senyenergy.com\/wp-content\/uploads\/2025\/06\/Universal-Solar-Clamp-Fastener-Mount-768x768.jpg",768,768,true],"large":["https:\/\/senyenergy.com\/wp-content\/uploads\/2025\/06\/Universal-Solar-Clamp-Fastener-Mount.jpg",800,800,false],"1536x1536":["https:\/\/senyenergy.com\/wp-content\/uploads\/2025\/06\/Universal-Solar-Clamp-Fastener-Mount.jpg",800,800,false],"2048x2048":["https:\/\/senyenergy.com\/wp-content\/uploads\/2025\/06\/Universal-Solar-Clamp-Fastener-Mount.jpg",800,800,false],"trp-custom-language-flag":["https:\/\/senyenergy.com\/wp-content\/uploads\/2025\/06\/Universal-Solar-Clamp-Fastener-Mount-12x12.jpg",12,12,true],"woocommerce_thumbnail":["https:\/\/senyenergy.com\/wp-content\/uploads\/2025\/06\/Universal-Solar-Clamp-Fastener-Mount-300x300.jpg",300,300,true],"woocommerce_single":["https:\/\/senyenergy.com\/wp-content\/uploads\/2025\/06\/Universal-Solar-Clamp-Fastener-Mount-600x600.jpg",600,600,true],"woocommerce_gallery_thumbnail":["https:\/\/senyenergy.com\/wp-content\/uploads\/2025\/06\/Universal-Solar-Clamp-Fastener-Mount-100x100.jpg",100,100,true]},"uagb_author_info":{"display_name":"wp-admin","author_link":"https:\/\/senyenergy.com\/es\/author\/"},"uagb_comment_info":0,"uagb_excerpt":"Adjustability: 1.Vertical Adjustment: Allows fine-tuning the height of the mounting rail above the roof surface. This compensates for variations in rib height, roof pitch, and ensures panels sit level. 2.Lateral Adjustment: Enables precise positioning of the clamp along the length of the rib for optimal alignment with panel mounting holes or rail sections. Universality: Accommodating&hellip;","_links":{"self":[{"href":"https:\/\/senyenergy.com\/es\/wp-json\/wp\/v2\/product\/2576","targetHints":{"allow":["GET"]}}],"collection":[{"href":"https:\/\/senyenergy.com\/es\/wp-json\/wp\/v2\/product"}],"about":[{"href":"https:\/\/senyenergy.com\/es\/wp-json\/wp\/v2\/types\/product"}],"wp:featuredmedia":[{"embeddable":true,"href":"https:\/\/senyenergy.com\/es\/wp-json\/wp\/v2\/media\/2581"}],"wp:attachment":[{"href":"https:\/\/senyenergy.com\/es\/wp-json\/wp\/v2\/media?parent=2576"}],"wp:term":[{"taxonomy":"product_brand","embeddable":true,"href":"https:\/\/senyenergy.com\/es\/wp-json\/wp\/v2\/product_brand?post=2576"},{"taxonomy":"product_cat","embeddable":true,"href":"https:\/\/senyenergy.com\/es\/wp-json\/wp\/v2\/product_cat?post=2576"},{"taxonomy":"product_tag","embeddable":true,"href":"https:\/\/senyenergy.com\/es\/wp-json\/wp\/v2\/product_tag?post=2576"}],"curies":[{"name":"wp","href":"https:\/\/api.w.org\/{rel}","templated":true}]}}