{"id":2550,"date":"2025-06-09T11:13:08","date_gmt":"2025-06-09T03:13:08","guid":{"rendered":"https:\/\/senyenergy.com\/?post_type=product&#038;p=2550"},"modified":"2025-07-13T10:58:54","modified_gmt":"2025-07-13T02:58:54","slug":"bridas-de-acero-inoxidable-con-autobloqueo","status":"publish","type":"product","link":"https:\/\/senyenergy.com\/es\/product\/bridas-de-acero-inoxidable-con-autobloqueo\/","title":{"rendered":"Bridas solares de acero inoxidable con autobloqueo"},"content":{"rendered":"<p>Todos 304 <strong><b>Bridas de acero inoxidable autoblocantes<\/b><\/strong>\u00a0En comparaci\u00f3n con las bridas de nylon tradicionales, las bridas met\u00e1licas tienen costes de fabricaci\u00f3n m\u00e1s elevados, pero obviamente mejores prestaciones. Tienen mayor resistencia a la tracci\u00f3n, a la abrasi\u00f3n y pueden soportar la corrosi\u00f3n, no son f\u00e1ciles de envejecer y deformarse, pueden utilizarse a altas temperaturas para aplicaciones especiales como el envoltorio de tubos de escape de autom\u00f3viles...<\/p>\n<p>&nbsp;<\/p>\n<p>Caracter\u00edsticas de <strong><b>Bridas de acero inoxidable autoblocantes<\/b><\/strong>:<\/p>\n<p>Resistencia a la corrosi\u00f3n: Fabricados en acero inoxidable de alta calidad, lo que les proporciona resistencia a la oxidaci\u00f3n y la corrosi\u00f3n, haci\u00e9ndolos adecuados para exteriores y entornos dif\u00edciles.<\/p>\n<p>Alta resistencia a la tracci\u00f3n: Dise\u00f1ado para soportar grandes cargas y tensiones, garantizando un rendimiento fiable en condiciones exigentes.<\/p>\n<p>Resistencia a la temperatura: Pueden soportar temperaturas extremas, por lo que son ideales para aplicaciones de alta y baja temperatura.<\/p>\n<p>Variedad de tama\u00f1os: Disponibles en varias longitudes y anchuras para adaptarse a diferentes tama\u00f1os de cable y aplicaciones.<\/p>\n<p>Durabilidad: Rendimiento duradero en comparaci\u00f3n con las bridas de pl\u00e1stico, especialmente en entornos dif\u00edciles.<\/p>\n<p>Seguridad: Proporciona una sujeci\u00f3n segura que no se afloja con el tiempo, reduciendo el riesgo de desconexiones accidentales.<\/p>\n<p>Versatilidad: Adecuado para una amplia gama de aplicaciones, desde entornos industriales hasta uso dom\u00e9stico.<\/p>\n<p>Ecol\u00f3gicas: El acero inoxidable es reciclable, lo que las convierte en una opci\u00f3n m\u00e1s respetuosa con el medio ambiente.<\/p>\n<p>&nbsp;<\/p>\n<p>Longitud: 300 mm\/11.8 Inches(standard\uff09support150-1200mm or customized<\/p>\n<p>Anchura: 4,6 mm\/0,18 pulgadas (est\u00e1ndar\uff09support4.6\/7.9\/10\/12\/16mm<\/p>\n<p>Grosor: 0,25 mm\/0,01 pulgadas (est\u00e1ndar\uff09<\/p>\n<p>50\/100 unidades de bridas met\u00e1licas en bolsas selladas<\/p>\n<p>&nbsp;<\/p>\n<p>Usos comunes de <strong><b>Bridas de acero inoxidable autoblocantes<\/b><\/strong>:<\/p>\n<p>Electricidad y telecomunicaciones: Organizaci\u00f3n y sujeci\u00f3n de cables en centros de datos, instalaciones de telecomunicaciones y cuadros el\u00e9ctricos.<\/p>\n<p>Construcci\u00f3n y fabricaci\u00f3n: Se utiliza para agrupar y asegurar materiales, tuber\u00edas y cables en obras de construcci\u00f3n y plantas de fabricaci\u00f3n.<\/p>\n<p>Transporte: Se utiliza en las industrias automovil\u00edstica y aeroespacial para fijar componentes y mazos de cables.<\/p>\n<p>Sistemas HVAC: Ideal para asegurar conductos, tuber\u00edas y cableado el\u00e9ctrico en sistemas de calefacci\u00f3n, ventilaci\u00f3n y aire acondicionado.<\/p>\n<p>&nbsp;<\/p>\n<p>Las bridas met\u00e1licas de acero inoxidable ign\u00edfugas de grado 304 ofrecen una mayor protecci\u00f3n a sus pertenencias en comparaci\u00f3n con las bridas de pl\u00e1stico normales, proporcionando protecci\u00f3n cuando se utilizan en entornos corrosivos y a temperaturas extremas.<\/p>\n<p>Esta cremallera de alta resistencia <strong><b>Bridas de acero inoxidable<\/b><\/strong>\u00a0Mecanismo de bloqueo autom\u00e1tico con rodamiento de bolas, que garantiza una resistencia m\u00ednima a la tracci\u00f3n de 200 LBS y una f\u00e1cil inserci\u00f3n para sujetar mangueras, cables, tuber\u00edas, etc.<\/p>\n<p>Los bordes redondeados y la superficie lisa hacen que estas bridas sean c\u00f3modas para las manos, la cabeza totalmente cerrada no permite que la suciedad o la arenilla interfieran con el mecanismo de cierre<\/p>\n<p>Alta resistencia a la tracci\u00f3n para mayor fiabilidad y seguridad en aplicaciones pesadas como envoltura de escapes, vallas, refuerzo de toldos, trabajos en exteriores e industriales.<\/p>\n<p>&nbsp;<\/p>","protected":false},"excerpt":{"rendered":"<p>Las bridas met\u00e1licas de acero inoxidable ign\u00edfugas de grado 304 ofrecen una mayor protecci\u00f3n a sus pertenencias en comparaci\u00f3n con las bridas de pl\u00e1stico normales, proporcionando protecci\u00f3n cuando se utilizan en entornos corrosivos y a temperaturas extremas.<br \/>\nEstas bridas de alta resistencia cuentan con un mecanismo de autocierre y rodamiento de bolas que garantiza una resistencia m\u00ednima a la tracci\u00f3n de 200 LBS y una f\u00e1cil inserci\u00f3n para sujetar mangueras, cables, tuber\u00edas y mucho m\u00e1s.<br \/>\nLos bordes redondeados y la superficie lisa hacen que estas bridas sean c\u00f3modas para las manos, la cabeza totalmente cerrada no permite que la suciedad o la arenilla interfieran con el mecanismo de cierre<br \/>\nAlta resistencia a la tracci\u00f3n para mayor fiabilidad y seguridad en aplicaciones pesadas como envoltura de escapes, vallas, refuerzo de toldos, trabajos en exteriores e industriales.<\/p>\n<div class=\"wp-block-button popmake-1937\"><a class=\"wp-block-button__link wp-element-button\">comprobaci\u00f3n de precios<\/a><\/div>","protected":false},"featured_media":2552,"template":"","meta":{"_uag_custom_page_level_css":"","site-sidebar-layout":"default","site-content-layout":"","ast-site-content-layout":"default","site-content-style":"default","site-sidebar-style":"default","ast-global-header-display":"","ast-banner-title-visibility":"","ast-main-header-display":"","ast-hfb-above-header-display":"","ast-hfb-below-header-display":"","ast-hfb-mobile-header-display":"","site-post-title":"","ast-breadcrumbs-content":"","ast-featured-img":"","footer-sml-layout":"","ast-disable-related-posts":"","theme-transparent-header-meta":"default","adv-header-id-meta":"","stick-header-meta":"","header-above-stick-meta":"","header-main-stick-meta":"","header-below-stick-meta":"","astra-migrate-meta-layouts":"set","ast-page-background-enabled":"default","ast-page-background-meta":{"desktop":{"background-color":"","background-image":"","background-repeat":"repeat","background-position":"center center","background-size":"auto","background-attachment":"scroll","background-type":"","background-media":"","overlay-type":"","overlay-color":"","overlay-opacity":"","overlay-gradient":""},"tablet":{"background-color":"","background-image":"","background-repeat":"repeat","background-position":"center center","background-size":"auto","background-attachment":"scroll","background-type":"","background-media":"","overlay-type":"","overlay-color":"","overlay-opacity":"","overlay-gradient":""},"mobile":{"background-color":"","background-image":"","background-repeat":"repeat","background-position":"center center","background-size":"auto","background-attachment":"scroll","background-type":"","background-media":"","overlay-type":"","overlay-color":"","overlay-opacity":"","overlay-gradient":""}},"ast-content-background-meta":{"desktop":{"background-color":"var(--ast-global-color-5)","background-image":"","background-repeat":"repeat","background-position":"center center","background-size":"auto","background-attachment":"scroll","background-type":"","background-media":"","overlay-type":"","overlay-color":"","overlay-opacity":"","overlay-gradient":""},"tablet":{"background-color":"var(--ast-global-color-5)","background-image":"","background-repeat":"repeat","background-position":"center center","background-size":"auto","background-attachment":"scroll","background-type":"","background-media":"","overlay-type":"","overlay-color":"","overlay-opacity":"","overlay-gradient":""},"mobile":{"background-color":"var(--ast-global-color-5)","background-image":"","background-repeat":"repeat","background-position":"center center","background-size":"auto","background-attachment":"scroll","background-type":"","background-media":"","overlay-type":"","overlay-color":"","overlay-opacity":"","overlay-gradient":""}}},"product_brand":[],"product_cat":[25,23,132,33],"product_tag":[171,173,169,174,168,34,36,65,119,170,175,172,176],"class_list":{"0":"post-2550","1":"product","2":"type-product","3":"status-publish","4":"has-post-thumbnail","6":"product_cat-excellent","7":"product_cat-solar-accessories","8":"product_cat-solar-mounting-components","9":"product_cat-solar-panel-accessories","10":"product_tag-cable-ties","11":"product_tag-cable-ties-metal","12":"product_tag-metal-cable-ties","13":"product_tag-metal-zip-tie","14":"product_tag-solar-cable-ties","15":"product_tag-solar-panel","16":"product_tag-solar-panel-clip","17":"product_tag-solar-pv-clip","18":"product_tag-solar-system","19":"product_tag-stainless-steel-metal-cable-ties","20":"product_tag-stainless-steel-zip","21":"product_tag-wire-cable-ties","22":"product_tag-zip-ties","23":"desktop-align-left","24":"tablet-align-left","25":"mobile-align-left","27":"first","28":"instock","29":"shipping-taxable","30":"product-type-simple"},"spectra_custom_meta":{"_uabb_version":["1.36.1"],"_edit_last":["1"],"_edit_lock":["1752375513:1"],"_thumbnail_id":["2552"],"total_sales":["0"],"_tax_status":["taxable"],"_tax_class":[""],"_manage_stock":["no"],"_backorders":["no"],"_sold_individually":["no"],"_virtual":["no"],"_downloadable":["no"],"_download_limit":["-1"],"_download_expiry":["-1"],"_stock":[null],"_stock_status":["instock"],"_wc_average_rating":["0"],"_wc_review_count":["0"],"_product_version":["9.6.2"],"_product_image_gallery":["2554,2551,2556,2555,2553"],"site-sidebar-layout":["default"],"ast-site-content-layout":["default"],"site-content-style":["default"],"site-sidebar-style":["default"],"theme-transparent-header-meta":["default"],"astra-migrate-meta-layouts":["set"],"_uag_page_assets":["a:9:{s:3:\"css\";s:5318:\".uag-blocks-common-selector{z-index:var(--z-index-desktop) !important}@media (max-width: 976px){.uag-blocks-common-selector{z-index:var(--z-index-tablet) !important}}@media (max-width: 767px){.uag-blocks-common-selector{z-index:var(--z-index-mobile) !important}}\n.wp-block-uagb-faq{width:100%}.wp-block-uagb-faq.uagb-faq-layout-accordion .uagb-faq-child__outer-wrap .uagb-faq-questions-button{cursor:pointer}.wp-block-uagb-faq .uagb-faq-content{margin-bottom:0}.wp-block-uagb-faq .uagb-faq-content p{margin:auto}.uagb-faq-layout-grid.uagb-faq-equal-height.uagb-faq__wrap .uagb-faq-child__outer-wrap,.uagb-faq-layout-grid.uagb-faq-equal-height.uagb-faq__wrap .uagb-faq-item{height:100%}body[class*=\"astra\"] .uagb-faq-questions{line-height:normal}.uagb-faq-item{overflow:hidden}\n.wp-block-uagb-faq-child .uagb-faq-questions-button{display:flex;align-items:center}.wp-block-uagb-faq-child .uagb-faq-questions-button .uagb-faq-icon-wrap{display:flex;align-items:center}.wp-block-uagb-faq-child .uagb-faq-questions-button .uagb-question{width:100%;margin-top:0;margin-bottom:0}.wp-block-uagb-faq-child .uagb-icon svg,.wp-block-uagb-faq-child .uagb-icon-active svg{width:15px;height:15px;font-size:15px}.wp-block-uagb-faq-child.uagb-faq-child__outer-wrap.uagb-faq-item .uagb-icon-active,.wp-block-uagb-faq-child.uagb-faq-child__outer-wrap.uagb-faq-item.uagb-faq-item-active .uagb-icon,.wp-block-uagb-faq-child.uagb-faq-child__outer-wrap .uagb-faq-item .uagb-icon-active,.wp-block-uagb-faq-child.uagb-faq-child__outer-wrap .uagb-faq-item.uagb-faq-item-active .uagb-icon{display:none;width:0;padding:0;height:0;margin:0}.wp-block-uagb-faq-child.uagb-faq-child__outer-wrap.uagb-faq-item .uagb-icon,.wp-block-uagb-faq-child.uagb-faq-child__outer-wrap.uagb-faq-item.uagb-faq-item-active .uagb-icon-active,.wp-block-uagb-faq-child.uagb-faq-child__outer-wrap .uagb-faq-item .uagb-icon,.wp-block-uagb-faq-child.uagb-faq-child__outer-wrap .uagb-faq-item.uagb-faq-item-active .uagb-icon-active{display:flex;width:auto;height:auto}.uagb-faq-layout-grid .uagb-faq-child__outer-wrap.uagb-faq-item .uagb-icon,.uagb-faq-layout-grid .uagb-faq-child__outer-wrap.uagb-faq-item.uagb-faq-item-active .uagb-icon-active,.uagb-faq-layout-grid .uagb-faq-child__outer-wrap .uagb-faq-item .uagb-icon,.uagb-faq-layout-grid .uagb-faq-child__outer-wrap .uagb-faq-item.uagb-faq-item-active .uagb-icon-active{display:none}.uagb-faq-layout-grid .uagb-faq-child__outer-wrap.uagb-faq-item span.uagb-icon-active.uagb-faq-icon-wrap,.uagb-faq-layout-grid .uagb-faq-child__outer-wrap.uagb-faq-item.uagb-faq-item-active .uagb-icon-active,.uagb-faq-layout-grid .uagb-faq-child__outer-wrap .uagb-faq-item span.uagb-icon-active.uagb-faq-icon-wrap,.uagb-faq-layout-grid .uagb-faq-child__outer-wrap .uagb-faq-item.uagb-faq-item-active .uagb-icon-active{display:none}\n.uagb-block-55b5edaf .uagb-icon svg{width: 12px;height: 12px;font-size: 12px;}.uagb-block-55b5edaf .uagb-icon-active svg{width: 12px;height: 12px;font-size: 12px;}.uagb-block-55b5edaf .uagb-faq-child__outer-wrap{margin-bottom: 10px;}.uagb-block-55b5edaf .uagb-faq-item{border-top-width: 1px;border-left-width: 1px;border-right-width: 1px;border-bottom-width: 1px;border-top-left-radius: 2px;border-top-right-radius: 2px;border-bottom-left-radius: 2px;border-bottom-right-radius: 2px;border-color: #1e1e1e;border-style: solid;}.uagb-block-55b5edaf .uagb-faq-questions-button{padding-top: 10px;padding-bottom: 10px;padding-right: 10px;padding-left: 10px;}.uagb-block-55b5edaf .uagb-faq-content{padding-top: 10px;padding-bottom: 10px;padding-right: 10px;padding-left: 10px;}.uagb-block-55b5edaf .uagb-faq-content span{margin-top: 10px;margin-bottom: 10px;margin-right: 10px;margin-left: 10px;}.uagb-block-55b5edaf.uagb-faq-icon-row .uagb-faq-item .uagb-faq-icon-wrap{margin-right: 10px;}.uagb-block-55b5edaf.uagb-faq-icon-row-reverse .uagb-faq-item .uagb-faq-icon-wrap{margin-left: 10px;}.uagb-block-55b5edaf .uagb-faq-item .uagb-faq-questions-button.uagb-faq-questions{flex-direction: row;}.uagb-block-55b5edaf .wp-block-uagb-faq-child.uagb-faq-child__outer-wrap .uagb-faq-content {display: none;}@media only screen and (max-width: 976px) {.uagb-block-55b5edaf.uagb-faq-icon-row .uagb-faq-item .uagb-faq-icon-wrap{margin-right: 10px;}.uagb-block-55b5edaf.uagb-faq-icon-row-reverse .uagb-faq-item .uagb-faq-icon-wrap{margin-left: 10px;}.uagb-block-55b5edaf .uagb-faq-questions-button{padding-top: 10px;padding-bottom: 10px;padding-right: 10px;padding-left: 10px;}.uagb-block-55b5edaf .uagb-faq-content{padding-top: 10px;padding-bottom: 10px;padding-right: 10px;padding-left: 10px;}.uagb-block-55b5edaf .uagb-faq-content span{margin-top: 10px;margin-bottom: 10px;margin-right: 10px;margin-left: 10px;}}@media only screen and (max-width: 767px) {.uagb-block-55b5edaf.uagb-faq-icon-row .uagb-faq-item .uagb-faq-icon-wrap{margin-right: 10px;}.uagb-block-55b5edaf.uagb-faq-icon-row-reverse .uagb-faq-item .uagb-faq-icon-wrap{margin-left: 10px;}.uagb-block-55b5edaf .uagb-faq-questions-button{padding-top: 10px;padding-bottom: 10px;padding-right: 10px;padding-left: 10px;}.uagb-block-55b5edaf .uagb-faq-content{padding-top: 10px;padding-bottom: 10px;padding-right: 10px;padding-left: 10px;}.uagb-block-55b5edaf .uagb-faq-content span{margin-top: 10px;margin-bottom: 10px;margin-right: 10px;margin-left: 10px;}}\";s:2:\"js\";s:0:\"\";s:18:\"current_block_list\";a:10:{i:0;s:11:\"core\/search\";i:1;s:10:\"core\/group\";i:2;s:12:\"core\/heading\";i:3;s:17:\"core\/latest-posts\";i:4;s:20:\"core\/latest-comments\";i:5;s:13:\"core\/archives\";i:6;s:15:\"core\/categories\";i:7;s:14:\"core\/paragraph\";i:8;s:8:\"uagb\/faq\";i:9;s:14:\"uagb\/faq-child\";}s:8:\"uag_flag\";b:1;s:11:\"uag_version\";s:10:\"1775829763\";s:6:\"gfonts\";a:0:{}s:10:\"gfonts_url\";s:0:\"\";s:12:\"gfonts_files\";a:0:{}s:14:\"uag_faq_layout\";b:1;}"],"_uag_css_file_name":["uag-css-2550.css"]},"uagb_featured_image_src":{"full":["https:\/\/senyenergy.com\/wp-content\/uploads\/2025\/06\/Stainless-Steel-Metal-Cable-Ties.jpg",800,800,false],"thumbnail":["https:\/\/senyenergy.com\/wp-content\/uploads\/2025\/06\/Stainless-Steel-Metal-Cable-Ties-150x150.jpg",150,150,true],"medium":["https:\/\/senyenergy.com\/wp-content\/uploads\/2025\/06\/Stainless-Steel-Metal-Cable-Ties-300x300.jpg",300,300,true],"medium_large":["https:\/\/senyenergy.com\/wp-content\/uploads\/2025\/06\/Stainless-Steel-Metal-Cable-Ties-768x768.jpg",768,768,true],"large":["https:\/\/senyenergy.com\/wp-content\/uploads\/2025\/06\/Stainless-Steel-Metal-Cable-Ties.jpg",800,800,false],"1536x1536":["https:\/\/senyenergy.com\/wp-content\/uploads\/2025\/06\/Stainless-Steel-Metal-Cable-Ties.jpg",800,800,false],"2048x2048":["https:\/\/senyenergy.com\/wp-content\/uploads\/2025\/06\/Stainless-Steel-Metal-Cable-Ties.jpg",800,800,false],"trp-custom-language-flag":["https:\/\/senyenergy.com\/wp-content\/uploads\/2025\/06\/Stainless-Steel-Metal-Cable-Ties-12x12.jpg",12,12,true],"woocommerce_thumbnail":["https:\/\/senyenergy.com\/wp-content\/uploads\/2025\/06\/Stainless-Steel-Metal-Cable-Ties-300x300.jpg",300,300,true],"woocommerce_single":["https:\/\/senyenergy.com\/wp-content\/uploads\/2025\/06\/Stainless-Steel-Metal-Cable-Ties-600x600.jpg",600,600,true],"woocommerce_gallery_thumbnail":["https:\/\/senyenergy.com\/wp-content\/uploads\/2025\/06\/Stainless-Steel-Metal-Cable-Ties-100x100.jpg",100,100,true]},"uagb_author_info":{"display_name":"wp-admin","author_link":"https:\/\/senyenergy.com\/es\/author\/"},"uagb_comment_info":0,"uagb_excerpt":"304 grade fire proof stainless steel metal zip ties offer better protection to your belongs compared to ordinary plastic ties, providing protection when used in corrosive environments and extreme temperature This heavy duty zip ties features Self locking, ball bearing mechanism, which assures 200 LBS min tensile strength and easy insertion when securing hoses, cables,&hellip;","_links":{"self":[{"href":"https:\/\/senyenergy.com\/es\/wp-json\/wp\/v2\/product\/2550","targetHints":{"allow":["GET"]}}],"collection":[{"href":"https:\/\/senyenergy.com\/es\/wp-json\/wp\/v2\/product"}],"about":[{"href":"https:\/\/senyenergy.com\/es\/wp-json\/wp\/v2\/types\/product"}],"wp:featuredmedia":[{"embeddable":true,"href":"https:\/\/senyenergy.com\/es\/wp-json\/wp\/v2\/media\/2552"}],"wp:attachment":[{"href":"https:\/\/senyenergy.com\/es\/wp-json\/wp\/v2\/media?parent=2550"}],"wp:term":[{"taxonomy":"product_brand","embeddable":true,"href":"https:\/\/senyenergy.com\/es\/wp-json\/wp\/v2\/product_brand?post=2550"},{"taxonomy":"product_cat","embeddable":true,"href":"https:\/\/senyenergy.com\/es\/wp-json\/wp\/v2\/product_cat?post=2550"},{"taxonomy":"product_tag","embeddable":true,"href":"https:\/\/senyenergy.com\/es\/wp-json\/wp\/v2\/product_tag?post=2550"}],"curies":[{"name":"wp","href":"https:\/\/api.w.org\/{rel}","templated":true}]}}