{"id":2544,"date":"2025-06-06T15:56:25","date_gmt":"2025-06-06T07:56:25","guid":{"rendered":"https:\/\/senyenergy.com\/?post_type=product&#038;p=2544"},"modified":"2025-06-06T15:56:26","modified_gmt":"2025-06-06T07:56:26","slug":"sistema-de-montaje-solar-klip-lok-700-clamp","status":"publish","type":"product","link":"https:\/\/senyenergy.com\/es\/product\/sistema-de-montaje-solar-klip-lok-700-clamp\/","title":{"rendered":"Sistema de montaje Solar Klip Lok 700 Clamp"},"content":{"rendered":"<p>En <strong>Solar Klip Lok 700 Montaje con abrazadera<\/strong> El sistema est\u00e1 dise\u00f1ado para fijar de forma segura los paneles solares a los tejados de chapa trapezoidal Klip Lok 700, un perfil muy popular en Australia, Nueva Zelanda, los pa\u00edses del sudeste asi\u00e1tico, etc. A diferencia de los tejados de junta alzada, Klip Lok 700 tiene una forma de nervadura trapezoidal distintiva, que requiere abrazaderas especializadas para instalaciones sin perforaciones y seguras para la garant\u00eda.<\/p>\n<p>&nbsp;<\/p>\n<p>En <strong>Montaje con pinza Solar Klip Lok 700<\/strong> El sistema Klip-lok de Lysaght es una abrazadera basada en ra\u00edles para la instalaci\u00f3n solar en tejados de junta alzada de metal para tejados Lysaght Klip-lok, fabricada espec\u00edficamente para tejados de junta alzada de metal Lysaght Klip-lok 700 con dimensiones similares. La abrazadera mantiene la elegancia de su tejado met\u00e1lico de junta alzada sin da\u00f1ar el material de la cubierta. Ning\u00fan da\u00f1o equivale a ninguna penetraci\u00f3n, lo que significa que es resistente a la intemperie para garantizar una mayor vida \u00fatil del tejado. Y tambi\u00e9n asegurar que debe ser montado en el techo con la permanencia y durabilidad. Es simplemente compatible con L pies sistema de montaje para hacer el sistema m\u00e1s fuerte y robusto. La instalaci\u00f3n es tan simple como colocar la abrazadera en la costura y apretar el tornillo de fijaci\u00f3n a la tensi\u00f3n especificada para alcanzar la m\u00e1xima fuerza de sujeci\u00f3n.<\/p>\n<p>&nbsp;<\/p>\n<p>Caracter\u00edsticas de <strong>Montaje con pinza Solar Klip Lok 700<\/strong>:<\/p>\n<p>Compatibilidad de costuras: Hecho a medida para adaptarse a los perfiles de techo Klip Lok 700, garantizando una fijaci\u00f3n segura y estable.<\/p>\n<p>Dise\u00f1o no penetrante: Se adhiere a las costuras del tejado sin penetrar en ellas, evitando fugas y protegiendo el tejado.<\/p>\n<p>Construcci\u00f3n duradera: Fabricado en aluminio y acero inoxidable de alta calidad, materiales resistentes a la corrosi\u00f3n.<\/p>\n<p>Prevenci\u00f3n de fugas: Reduce el riesgo de intrusi\u00f3n de agua, manteniendo la integridad de la cubierta.<\/p>\n<p>F\u00e1cilmente compatible con L pies sistema de montaje para hacer tanto retrato y paisaje instalaci\u00f3n son avaliables de paneles solares.<\/p>\n<p>Instalaci\u00f3n r\u00e1pida: Dise\u00f1ado para una instalaci\u00f3n f\u00e1cil y r\u00e1pida, reduciendo los costes de mano de obra y el tiempo.<\/p>\n<p>&nbsp;<\/p>\n<p>Adem\u00e1s, tambi\u00e9n disponemos de la soluci\u00f3n de abrazadera sin ra\u00edl Klip Lok 700, que es un montaje sin ra\u00edl para la instalaci\u00f3n fotovoltaica en tejados met\u00e1licos de junta alzada para tejados Lysaght Klip-lok, fabricado espec\u00edficamente para tejados de junta met\u00e1lica Lysaght Klip-lok 700 con dimensiones similares. Con nuestras abrazaderas universales se consigue un montaje apaisado sin ra\u00edles con s\u00f3lo 3 componentes. La abrazadera mantiene la elegancia de su tejado de junta alzada sin penetrar en el material del tejado. Sin penetraci\u00f3n significa que el tejado es resistente a la intemperie para garantizar una mayor vida \u00fatil. Y tambi\u00e9n asegurar que debe ser montado en el techo con la permanencia y durabilidad. M\u00ednimo n\u00famero de componentes y pre-ensamblados dos tornillos de fijaci\u00f3n para una instalaci\u00f3n s\u00faper r\u00e1pida.<\/p>\n<p>&nbsp;<\/p>\n<p>En <strong>Montaje con pinza Solar Klip Lok 700<\/strong> proporciona una soluci\u00f3n fiable y eficaz para el montaje de paneles solares en tejados Klip Lok. Su dise\u00f1o duradero y su facilidad de instalaci\u00f3n lo convierten en una excelente opci\u00f3n para el montaje solar en tejados Klip-lok de Lysaght.<\/p>\n<p>\u00bfNecesita contactos de proveedores o gu\u00edas de instalaci\u00f3n? Comun\u00edqueme la ubicaci\u00f3n de su proyecto.<\/p>","protected":false},"excerpt":{"rendered":"<p>El sistema de montaje Solar Klip Lok 700 es una abrazadera basada en ra\u00edles para la instalaci\u00f3n solar en tejados met\u00e1licos de junta alzada para tejados Lysaght Klip-lok, fabricada espec\u00edficamente para tejados de junta alzada Lysaght Klip-lok 700 con dimensiones similares. La abrazadera mantiene la elegancia de su tejado met\u00e1lico de junta alzada sin da\u00f1ar el material de la cubierta. Ning\u00fan da\u00f1o equivale a ninguna penetraci\u00f3n, lo que significa que es resistente a la intemperie para garantizar una mayor vida \u00fatil del tejado. Y tambi\u00e9n asegurar que debe ser montado en el techo con la permanencia y durabilidad. Es simplemente compatible con L pies sistema de montaje para hacer el sistema m\u00e1s fuerte y robusto. La instalaci\u00f3n es tan simple como colocar la abrazadera en la costura y apretar el tornillo de fijaci\u00f3n a la tensi\u00f3n especificada para alcanzar la m\u00e1xima fuerza de sujeci\u00f3n.<\/p>\n<div class=\"wp-block-button popmake-1937\"><a class=\"wp-block-button__link wp-element-button\">comprobaci\u00f3n de precios<\/a><\/div>","protected":false},"featured_media":2545,"template":"","meta":{"_uag_custom_page_level_css":"","site-sidebar-layout":"default","site-content-layout":"","ast-site-content-layout":"default","site-content-style":"default","site-sidebar-style":"default","ast-global-header-display":"","ast-banner-title-visibility":"","ast-main-header-display":"","ast-hfb-above-header-display":"","ast-hfb-below-header-display":"","ast-hfb-mobile-header-display":"","site-post-title":"","ast-breadcrumbs-content":"","ast-featured-img":"","footer-sml-layout":"","ast-disable-related-posts":"","theme-transparent-header-meta":"default","adv-header-id-meta":"","stick-header-meta":"","header-above-stick-meta":"","header-main-stick-meta":"","header-below-stick-meta":"","astra-migrate-meta-layouts":"set","ast-page-background-enabled":"default","ast-page-background-meta":{"desktop":{"background-color":"","background-image":"","background-repeat":"repeat","background-position":"center center","background-size":"auto","background-attachment":"scroll","background-type":"","background-media":"","overlay-type":"","overlay-color":"","overlay-opacity":"","overlay-gradient":""},"tablet":{"background-color":"","background-image":"","background-repeat":"repeat","background-position":"center center","background-size":"auto","background-attachment":"scroll","background-type":"","background-media":"","overlay-type":"","overlay-color":"","overlay-opacity":"","overlay-gradient":""},"mobile":{"background-color":"","background-image":"","background-repeat":"repeat","background-position":"center center","background-size":"auto","background-attachment":"scroll","background-type":"","background-media":"","overlay-type":"","overlay-color":"","overlay-opacity":"","overlay-gradient":""}},"ast-content-background-meta":{"desktop":{"background-color":"var(--ast-global-color-5)","background-image":"","background-repeat":"repeat","background-position":"center center","background-size":"auto","background-attachment":"scroll","background-type":"","background-media":"","overlay-type":"","overlay-color":"","overlay-opacity":"","overlay-gradient":""},"tablet":{"background-color":"var(--ast-global-color-5)","background-image":"","background-repeat":"repeat","background-position":"center center","background-size":"auto","background-attachment":"scroll","background-type":"","background-media":"","overlay-type":"","overlay-color":"","overlay-opacity":"","overlay-gradient":""},"mobile":{"background-color":"var(--ast-global-color-5)","background-image":"","background-repeat":"repeat","background-position":"center center","background-size":"auto","background-attachment":"scroll","background-type":"","background-media":"","overlay-type":"","overlay-color":"","overlay-opacity":"","overlay-gradient":""}}},"product_brand":[],"product_cat":[25,61,132,24],"product_tag":[51,141,55,120,53,39,117],"class_list":{"0":"post-2544","1":"product","2":"type-product","3":"status-publish","4":"has-post-thumbnail","6":"product_cat-excellent","7":"product_cat-solar-metal-roof-mounting-system","8":"product_cat-solar-mounting-components","9":"product_cat-solar-mounting-system","10":"product_tag-metal-roof-solar-mounting","11":"product_tag-roof-solar-mounting","12":"product_tag-solar-clamp","13":"product_tag-solar-energy","14":"product_tag-solar-mounting-system","15":"product_tag-solar-waterproof-solutions","16":"product_tag-tin-roof-solar-mounting","17":"desktop-align-left","18":"tablet-align-left","19":"mobile-align-left","21":"first","22":"instock","23":"shipping-taxable","24":"product-type-simple"},"spectra_custom_meta":{"_uabb_version":["1.36.1"],"_edit_last":["1"],"_edit_lock":["1749437769:1"],"_thumbnail_id":["2545"],"total_sales":["0"],"_tax_status":["taxable"],"_tax_class":[""],"_manage_stock":["no"],"_backorders":["no"],"_sold_individually":["no"],"_virtual":["no"],"_downloadable":["no"],"_download_limit":["-1"],"_download_expiry":["-1"],"_stock":[null],"_stock_status":["instock"],"_wc_average_rating":["0"],"_wc_review_count":["0"],"_product_version":["9.6.2"],"_product_image_gallery":["2547,2546,2548,2549"],"site-sidebar-layout":["default"],"ast-site-content-layout":["default"],"site-content-style":["default"],"site-sidebar-style":["default"],"theme-transparent-header-meta":["default"],"astra-migrate-meta-layouts":["set"],"_uag_page_assets":["a:9:{s:3:\"css\";s:5318:\".uag-blocks-common-selector{z-index:var(--z-index-desktop) !important}@media (max-width: 976px){.uag-blocks-common-selector{z-index:var(--z-index-tablet) !important}}@media (max-width: 767px){.uag-blocks-common-selector{z-index:var(--z-index-mobile) !important}}\n.wp-block-uagb-faq{width:100%}.wp-block-uagb-faq.uagb-faq-layout-accordion .uagb-faq-child__outer-wrap .uagb-faq-questions-button{cursor:pointer}.wp-block-uagb-faq .uagb-faq-content{margin-bottom:0}.wp-block-uagb-faq .uagb-faq-content p{margin:auto}.uagb-faq-layout-grid.uagb-faq-equal-height.uagb-faq__wrap .uagb-faq-child__outer-wrap,.uagb-faq-layout-grid.uagb-faq-equal-height.uagb-faq__wrap .uagb-faq-item{height:100%}body[class*=\"astra\"] .uagb-faq-questions{line-height:normal}.uagb-faq-item{overflow:hidden}\n.wp-block-uagb-faq-child .uagb-faq-questions-button{display:flex;align-items:center}.wp-block-uagb-faq-child .uagb-faq-questions-button .uagb-faq-icon-wrap{display:flex;align-items:center}.wp-block-uagb-faq-child .uagb-faq-questions-button .uagb-question{width:100%;margin-top:0;margin-bottom:0}.wp-block-uagb-faq-child .uagb-icon svg,.wp-block-uagb-faq-child .uagb-icon-active svg{width:15px;height:15px;font-size:15px}.wp-block-uagb-faq-child.uagb-faq-child__outer-wrap.uagb-faq-item .uagb-icon-active,.wp-block-uagb-faq-child.uagb-faq-child__outer-wrap.uagb-faq-item.uagb-faq-item-active .uagb-icon,.wp-block-uagb-faq-child.uagb-faq-child__outer-wrap .uagb-faq-item .uagb-icon-active,.wp-block-uagb-faq-child.uagb-faq-child__outer-wrap .uagb-faq-item.uagb-faq-item-active .uagb-icon{display:none;width:0;padding:0;height:0;margin:0}.wp-block-uagb-faq-child.uagb-faq-child__outer-wrap.uagb-faq-item .uagb-icon,.wp-block-uagb-faq-child.uagb-faq-child__outer-wrap.uagb-faq-item.uagb-faq-item-active .uagb-icon-active,.wp-block-uagb-faq-child.uagb-faq-child__outer-wrap .uagb-faq-item .uagb-icon,.wp-block-uagb-faq-child.uagb-faq-child__outer-wrap .uagb-faq-item.uagb-faq-item-active .uagb-icon-active{display:flex;width:auto;height:auto}.uagb-faq-layout-grid .uagb-faq-child__outer-wrap.uagb-faq-item .uagb-icon,.uagb-faq-layout-grid .uagb-faq-child__outer-wrap.uagb-faq-item.uagb-faq-item-active .uagb-icon-active,.uagb-faq-layout-grid .uagb-faq-child__outer-wrap .uagb-faq-item .uagb-icon,.uagb-faq-layout-grid .uagb-faq-child__outer-wrap .uagb-faq-item.uagb-faq-item-active .uagb-icon-active{display:none}.uagb-faq-layout-grid .uagb-faq-child__outer-wrap.uagb-faq-item span.uagb-icon-active.uagb-faq-icon-wrap,.uagb-faq-layout-grid .uagb-faq-child__outer-wrap.uagb-faq-item.uagb-faq-item-active .uagb-icon-active,.uagb-faq-layout-grid .uagb-faq-child__outer-wrap .uagb-faq-item span.uagb-icon-active.uagb-faq-icon-wrap,.uagb-faq-layout-grid .uagb-faq-child__outer-wrap .uagb-faq-item.uagb-faq-item-active .uagb-icon-active{display:none}\n.uagb-block-55b5edaf .uagb-icon svg{width: 12px;height: 12px;font-size: 12px;}.uagb-block-55b5edaf .uagb-icon-active svg{width: 12px;height: 12px;font-size: 12px;}.uagb-block-55b5edaf .uagb-faq-child__outer-wrap{margin-bottom: 10px;}.uagb-block-55b5edaf .uagb-faq-item{border-top-width: 1px;border-left-width: 1px;border-right-width: 1px;border-bottom-width: 1px;border-top-left-radius: 2px;border-top-right-radius: 2px;border-bottom-left-radius: 2px;border-bottom-right-radius: 2px;border-color: #1e1e1e;border-style: solid;}.uagb-block-55b5edaf .uagb-faq-questions-button{padding-top: 10px;padding-bottom: 10px;padding-right: 10px;padding-left: 10px;}.uagb-block-55b5edaf .uagb-faq-content{padding-top: 10px;padding-bottom: 10px;padding-right: 10px;padding-left: 10px;}.uagb-block-55b5edaf .uagb-faq-content span{margin-top: 10px;margin-bottom: 10px;margin-right: 10px;margin-left: 10px;}.uagb-block-55b5edaf.uagb-faq-icon-row .uagb-faq-item .uagb-faq-icon-wrap{margin-right: 10px;}.uagb-block-55b5edaf.uagb-faq-icon-row-reverse .uagb-faq-item .uagb-faq-icon-wrap{margin-left: 10px;}.uagb-block-55b5edaf .uagb-faq-item .uagb-faq-questions-button.uagb-faq-questions{flex-direction: row;}.uagb-block-55b5edaf .wp-block-uagb-faq-child.uagb-faq-child__outer-wrap .uagb-faq-content {display: none;}@media only screen and (max-width: 976px) {.uagb-block-55b5edaf.uagb-faq-icon-row .uagb-faq-item .uagb-faq-icon-wrap{margin-right: 10px;}.uagb-block-55b5edaf.uagb-faq-icon-row-reverse .uagb-faq-item .uagb-faq-icon-wrap{margin-left: 10px;}.uagb-block-55b5edaf .uagb-faq-questions-button{padding-top: 10px;padding-bottom: 10px;padding-right: 10px;padding-left: 10px;}.uagb-block-55b5edaf .uagb-faq-content{padding-top: 10px;padding-bottom: 10px;padding-right: 10px;padding-left: 10px;}.uagb-block-55b5edaf .uagb-faq-content span{margin-top: 10px;margin-bottom: 10px;margin-right: 10px;margin-left: 10px;}}@media only screen and (max-width: 767px) {.uagb-block-55b5edaf.uagb-faq-icon-row .uagb-faq-item .uagb-faq-icon-wrap{margin-right: 10px;}.uagb-block-55b5edaf.uagb-faq-icon-row-reverse .uagb-faq-item .uagb-faq-icon-wrap{margin-left: 10px;}.uagb-block-55b5edaf .uagb-faq-questions-button{padding-top: 10px;padding-bottom: 10px;padding-right: 10px;padding-left: 10px;}.uagb-block-55b5edaf .uagb-faq-content{padding-top: 10px;padding-bottom: 10px;padding-right: 10px;padding-left: 10px;}.uagb-block-55b5edaf .uagb-faq-content span{margin-top: 10px;margin-bottom: 10px;margin-right: 10px;margin-left: 10px;}}\";s:2:\"js\";s:0:\"\";s:18:\"current_block_list\";a:10:{i:0;s:11:\"core\/search\";i:1;s:10:\"core\/group\";i:2;s:12:\"core\/heading\";i:3;s:17:\"core\/latest-posts\";i:4;s:20:\"core\/latest-comments\";i:5;s:13:\"core\/archives\";i:6;s:15:\"core\/categories\";i:7;s:14:\"core\/paragraph\";i:8;s:8:\"uagb\/faq\";i:9;s:14:\"uagb\/faq-child\";}s:8:\"uag_flag\";b:1;s:11:\"uag_version\";s:10:\"1775829763\";s:6:\"gfonts\";a:0:{}s:10:\"gfonts_url\";s:0:\"\";s:12:\"gfonts_files\";a:0:{}s:14:\"uag_faq_layout\";b:1;}"],"_uag_css_file_name":["uag-css-2544.css"]},"uagb_featured_image_src":{"full":["https:\/\/senyenergy.com\/wp-content\/uploads\/2025\/06\/Solar-Klip-Lok-700.jpg",800,800,false],"thumbnail":["https:\/\/senyenergy.com\/wp-content\/uploads\/2025\/06\/Solar-Klip-Lok-700-150x150.jpg",150,150,true],"medium":["https:\/\/senyenergy.com\/wp-content\/uploads\/2025\/06\/Solar-Klip-Lok-700-300x300.jpg",300,300,true],"medium_large":["https:\/\/senyenergy.com\/wp-content\/uploads\/2025\/06\/Solar-Klip-Lok-700-768x768.jpg",768,768,true],"large":["https:\/\/senyenergy.com\/wp-content\/uploads\/2025\/06\/Solar-Klip-Lok-700.jpg",800,800,false],"1536x1536":["https:\/\/senyenergy.com\/wp-content\/uploads\/2025\/06\/Solar-Klip-Lok-700.jpg",800,800,false],"2048x2048":["https:\/\/senyenergy.com\/wp-content\/uploads\/2025\/06\/Solar-Klip-Lok-700.jpg",800,800,false],"trp-custom-language-flag":["https:\/\/senyenergy.com\/wp-content\/uploads\/2025\/06\/Solar-Klip-Lok-700-12x12.jpg",12,12,true],"woocommerce_thumbnail":["https:\/\/senyenergy.com\/wp-content\/uploads\/2025\/06\/Solar-Klip-Lok-700-300x300.jpg",300,300,true],"woocommerce_single":["https:\/\/senyenergy.com\/wp-content\/uploads\/2025\/06\/Solar-Klip-Lok-700-600x600.jpg",600,600,true],"woocommerce_gallery_thumbnail":["https:\/\/senyenergy.com\/wp-content\/uploads\/2025\/06\/Solar-Klip-Lok-700-100x100.jpg",100,100,true]},"uagb_author_info":{"display_name":"wp-admin","author_link":"https:\/\/senyenergy.com\/es\/author\/"},"uagb_comment_info":0,"uagb_excerpt":"The Solar Klip Lok 700 clamp mounting system is rail-based clamp for solar installation on standing seam metal roof for Lysaght Klip-lok roofing, specifically made for Lysaght Klip-lok 700 metal seam roofing with similar dimension. The clamp maintains the elegance of your standing seam metal roof with no harm to the rood material. No harm&hellip;","_links":{"self":[{"href":"https:\/\/senyenergy.com\/es\/wp-json\/wp\/v2\/product\/2544","targetHints":{"allow":["GET"]}}],"collection":[{"href":"https:\/\/senyenergy.com\/es\/wp-json\/wp\/v2\/product"}],"about":[{"href":"https:\/\/senyenergy.com\/es\/wp-json\/wp\/v2\/types\/product"}],"wp:featuredmedia":[{"embeddable":true,"href":"https:\/\/senyenergy.com\/es\/wp-json\/wp\/v2\/media\/2545"}],"wp:attachment":[{"href":"https:\/\/senyenergy.com\/es\/wp-json\/wp\/v2\/media?parent=2544"}],"wp:term":[{"taxonomy":"product_brand","embeddable":true,"href":"https:\/\/senyenergy.com\/es\/wp-json\/wp\/v2\/product_brand?post=2544"},{"taxonomy":"product_cat","embeddable":true,"href":"https:\/\/senyenergy.com\/es\/wp-json\/wp\/v2\/product_cat?post=2544"},{"taxonomy":"product_tag","embeddable":true,"href":"https:\/\/senyenergy.com\/es\/wp-json\/wp\/v2\/product_tag?post=2544"}],"curies":[{"name":"wp","href":"https:\/\/api.w.org\/{rel}","templated":true}]}}