{"id":2538,"date":"2025-06-05T16:44:24","date_gmt":"2025-06-05T08:44:24","guid":{"rendered":"https:\/\/senyenergy.com\/?post_type=product&#038;p=2538"},"modified":"2025-06-05T16:44:24","modified_gmt":"2025-06-05T08:44:24","slug":"sistema-de-montaje-de-pinza-solar-klip-lok-406","status":"publish","type":"product","link":"https:\/\/senyenergy.com\/es\/product\/sistema-de-montaje-de-pinza-solar-klip-lok-406\/","title":{"rendered":"Sistema de montaje con abrazadera Solar Klip Lok 406"},"content":{"rendered":"<p>En <strong><b>Solar Klip Lok 406 Montaje con abrazadera<\/b><\/strong> Sistema dise\u00f1ado espec\u00edficamente para la instalaci\u00f3n segura de paneles solares en tejados de chapa Klip Lok 406. El montaje de paneles solares en un tejado de chapa ondulada Klip Lok 406 requiere un sistema no penetrante basado en abrazaderas dise\u00f1ado espec\u00edficamente para este perfil.<\/p>\n<p>&nbsp;<\/p>\n<p>Caracter\u00edsticas de <strong><b>Solar Klip Lok 406 Montaje con abrazadera<\/b><\/strong>:<\/p>\n<p>Dise\u00f1o compatible: Hecho a medida para adaptarse a los perfiles de techo Klip Lok 406, garantizando una fijaci\u00f3n segura.<\/p>\n<p>No penetrante: Se fija a las costuras sin penetrar en el tejado, lo que evita las goteras y mantiene la integridad del tejado.<\/p>\n<p>Materiales duraderos: Fabricado en aluminio de alta calidad resistente a la corrosi\u00f3n .<\/p>\n<p>Prevenci\u00f3n de fugas: Reduce el riesgo de intrusi\u00f3n de agua, protegiendo la estructura del tejado.<\/p>\n<p>Resistencia al viento: Dise\u00f1ado para soportar fuertes vientos, garantizando la estabilidad de los paneles solares.<\/p>\n<p>F\u00e1cil instalaci\u00f3n: Instalaci\u00f3n r\u00e1pida con herramientas m\u00ednimas, lo que reduce los costes de mano de obra.<\/p>\n<p>Fuerte y seguro: Las abrazaderas de ingenier\u00eda proporcionan una excelente resistencia al levantamiento por viento.<\/p>\n<p>&nbsp;<\/p>\n<p>Identifique al fabricante del techo: \u00bfQui\u00e9n fabric\u00f3 su techo Klip Lok 406? (por ejemplo, Bluescope\/John Lysaght, Metroll, etc.?)<\/p>\n<p>&nbsp;<\/p>\n<p>SENYANG puede ofrecer sonido y buen montaje Solar componentes de montaje para diferentes tipos de techo.<\/p>\n<p>Las chapas onduladas son muy populares en proyectos comerciales e industriales.<\/p>\n<p>LYSAGHE es un fabricante famoso en el mercado de techos met\u00e1licos de Australia, KLIP-LOK\u00ae es una de sus marcas.<\/p>\n<p>Este soporte Kliplok 406 puede utilizarse tanto para tejados planos de hierro como para tejados ondulados inclinados,<\/p>\n<p>Con esta abrazadera Kliplock PV, puede montar de forma r\u00e1pida y rentable paneles solares enmarcados \/ sin enmarcar en techos de metal.<\/p>\n<p>No es necesario penetrar en las chapas del tejado, protegiendo los sistemas de tejado ocultos originales .<\/p>\n<p>&nbsp;<\/p>\n<p>Ventajas\u00a0<strong><b>Solar<\/b><\/strong>\u00a0<strong><b>Pinza solar KlipLok 406<\/b><\/strong>\u00a0:<\/p>\n<p>- Uso perfecto para el perfil de chapa de tejado Klip-Lok 406 ;<\/p>\n<p>- Puede ajustarse a paneles solares apaisados y portrados;<\/p>\n<p>- Soporte en L \/ ganchos de techo compatibles con orificios M8 X 20 mm y arandelas;<\/p>\n<p>- Puede instalarse en tejados inclinados \/ planos de hojalata ;<\/p>\n<p>- 10 a\u00f1os de garant\u00eda con nuestras pinzas para tejados de junta alzada Lysaght klip-lok 406 o 700 ;<\/p>\n<p>&nbsp;<\/p>\n<p>En<strong><b>\u00a0Solar Klip Lok 406 Montaje con abrazadera<\/b><\/strong>\u00a0ofrece una soluci\u00f3n fiable para instalar paneles solares en tejados Klip Lok. Su dise\u00f1o duradero y su facilidad de instalaci\u00f3n lo convierten en una excelente opci\u00f3n para maximizar la producci\u00f3n de energ\u00eda solar. Si tiene m\u00e1s preguntas o necesita recomendaciones espec\u00edficas, \u00a1no dude en preguntarnos!<\/p>","protected":false},"excerpt":{"rendered":"<p>Este soporte Kliplok 406 puede utilizarse tanto para tejados planos de hierro como para tejados ondulados inclinados,<\/p>\n<p>s\u00f3lo con nuestro soporte L pies emparejados, carril, interior \/ abrazaderas finales.<\/p>\n<p>&nbsp;<\/p>\n<p>Con esta abrazadera Kliplock PV, puede r\u00e1pida y rentable monta enmarcado \/ paneles solares sin marco en techos de metal.<\/p>\n<p>Soporte en L \/ ganchos de techo compatibles con orificios M8 X 20mm y arandelas<\/p>\n<p>No es necesario penetrar en las chapas del tejado, protegiendo los sistemas de tejado ocultos originales .<\/p>\n<div class=\"wp-block-button popmake-1937\"><a class=\"wp-block-button__link wp-element-button\">comprobaci\u00f3n de precios<\/a><\/div>","protected":false},"featured_media":2539,"template":"","meta":{"_uag_custom_page_level_css":"","site-sidebar-layout":"default","site-content-layout":"","ast-site-content-layout":"default","site-content-style":"default","site-sidebar-style":"default","ast-global-header-display":"","ast-banner-title-visibility":"","ast-main-header-display":"","ast-hfb-above-header-display":"","ast-hfb-below-header-display":"","ast-hfb-mobile-header-display":"","site-post-title":"","ast-breadcrumbs-content":"","ast-featured-img":"","footer-sml-layout":"","ast-disable-related-posts":"","theme-transparent-header-meta":"default","adv-header-id-meta":"","stick-header-meta":"","header-above-stick-meta":"","header-main-stick-meta":"","header-below-stick-meta":"","astra-migrate-meta-layouts":"set","ast-page-background-enabled":"default","ast-page-background-meta":{"desktop":{"background-color":"","background-image":"","background-repeat":"repeat","background-position":"center center","background-size":"auto","background-attachment":"scroll","background-type":"","background-media":"","overlay-type":"","overlay-color":"","overlay-opacity":"","overlay-gradient":""},"tablet":{"background-color":"","background-image":"","background-repeat":"repeat","background-position":"center center","background-size":"auto","background-attachment":"scroll","background-type":"","background-media":"","overlay-type":"","overlay-color":"","overlay-opacity":"","overlay-gradient":""},"mobile":{"background-color":"","background-image":"","background-repeat":"repeat","background-position":"center center","background-size":"auto","background-attachment":"scroll","background-type":"","background-media":"","overlay-type":"","overlay-color":"","overlay-opacity":"","overlay-gradient":""}},"ast-content-background-meta":{"desktop":{"background-color":"var(--ast-global-color-5)","background-image":"","background-repeat":"repeat","background-position":"center center","background-size":"auto","background-attachment":"scroll","background-type":"","background-media":"","overlay-type":"","overlay-color":"","overlay-opacity":"","overlay-gradient":""},"tablet":{"background-color":"var(--ast-global-color-5)","background-image":"","background-repeat":"repeat","background-position":"center center","background-size":"auto","background-attachment":"scroll","background-type":"","background-media":"","overlay-type":"","overlay-color":"","overlay-opacity":"","overlay-gradient":""},"mobile":{"background-color":"var(--ast-global-color-5)","background-image":"","background-repeat":"repeat","background-position":"center center","background-size":"auto","background-attachment":"scroll","background-type":"","background-media":"","overlay-type":"","overlay-color":"","overlay-opacity":"","overlay-gradient":""}}},"product_brand":[],"product_cat":[25,61,132,24],"product_tag":[51,54,55,166,120,167,53,119,39,38],"class_list":{"0":"post-2538","1":"product","2":"type-product","3":"status-publish","4":"has-post-thumbnail","6":"product_cat-excellent","7":"product_cat-solar-metal-roof-mounting-system","8":"product_cat-solar-mounting-components","9":"product_cat-solar-mounting-system","10":"product_tag-metal-roof-solar-mounting","11":"product_tag-rooftop-solar-mounting","12":"product_tag-solar-clamp","13":"product_tag-solar-corrugated-roof-mounting","14":"product_tag-solar-energy","15":"product_tag-solar-klip-lok-clamp","16":"product_tag-solar-mounting-system","17":"product_tag-solar-system","18":"product_tag-solar-waterproof-solutions","19":"product_tag-solar-waterproof-system","20":"desktop-align-left","21":"tablet-align-left","22":"mobile-align-left","24":"first","25":"instock","26":"shipping-taxable","27":"product-type-simple"},"spectra_custom_meta":{"_uabb_version":["1.36.1"],"_edit_last":["1"],"_edit_lock":["1749195699:1"],"_thumbnail_id":["2539"],"total_sales":["0"],"_tax_status":["taxable"],"_tax_class":[""],"_manage_stock":["no"],"_backorders":["no"],"_sold_individually":["no"],"_virtual":["no"],"_downloadable":["no"],"_download_limit":["-1"],"_download_expiry":["-1"],"_stock":[null],"_stock_status":["instock"],"_wc_average_rating":["0"],"_wc_review_count":["0"],"_product_version":["9.6.2"],"_product_image_gallery":["2543,2540,2542,2541"],"site-sidebar-layout":["default"],"ast-site-content-layout":["default"],"site-content-style":["default"],"site-sidebar-style":["default"],"theme-transparent-header-meta":["default"],"astra-migrate-meta-layouts":["set"],"_uag_page_assets":["a:9:{s:3:\"css\";s:5318:\".uag-blocks-common-selector{z-index:var(--z-index-desktop) !important}@media (max-width: 976px){.uag-blocks-common-selector{z-index:var(--z-index-tablet) !important}}@media (max-width: 767px){.uag-blocks-common-selector{z-index:var(--z-index-mobile) !important}}\n.wp-block-uagb-faq{width:100%}.wp-block-uagb-faq.uagb-faq-layout-accordion .uagb-faq-child__outer-wrap .uagb-faq-questions-button{cursor:pointer}.wp-block-uagb-faq .uagb-faq-content{margin-bottom:0}.wp-block-uagb-faq .uagb-faq-content p{margin:auto}.uagb-faq-layout-grid.uagb-faq-equal-height.uagb-faq__wrap .uagb-faq-child__outer-wrap,.uagb-faq-layout-grid.uagb-faq-equal-height.uagb-faq__wrap .uagb-faq-item{height:100%}body[class*=\"astra\"] .uagb-faq-questions{line-height:normal}.uagb-faq-item{overflow:hidden}\n.wp-block-uagb-faq-child .uagb-faq-questions-button{display:flex;align-items:center}.wp-block-uagb-faq-child .uagb-faq-questions-button .uagb-faq-icon-wrap{display:flex;align-items:center}.wp-block-uagb-faq-child .uagb-faq-questions-button .uagb-question{width:100%;margin-top:0;margin-bottom:0}.wp-block-uagb-faq-child .uagb-icon svg,.wp-block-uagb-faq-child .uagb-icon-active svg{width:15px;height:15px;font-size:15px}.wp-block-uagb-faq-child.uagb-faq-child__outer-wrap.uagb-faq-item .uagb-icon-active,.wp-block-uagb-faq-child.uagb-faq-child__outer-wrap.uagb-faq-item.uagb-faq-item-active .uagb-icon,.wp-block-uagb-faq-child.uagb-faq-child__outer-wrap .uagb-faq-item .uagb-icon-active,.wp-block-uagb-faq-child.uagb-faq-child__outer-wrap .uagb-faq-item.uagb-faq-item-active .uagb-icon{display:none;width:0;padding:0;height:0;margin:0}.wp-block-uagb-faq-child.uagb-faq-child__outer-wrap.uagb-faq-item .uagb-icon,.wp-block-uagb-faq-child.uagb-faq-child__outer-wrap.uagb-faq-item.uagb-faq-item-active .uagb-icon-active,.wp-block-uagb-faq-child.uagb-faq-child__outer-wrap .uagb-faq-item .uagb-icon,.wp-block-uagb-faq-child.uagb-faq-child__outer-wrap .uagb-faq-item.uagb-faq-item-active .uagb-icon-active{display:flex;width:auto;height:auto}.uagb-faq-layout-grid .uagb-faq-child__outer-wrap.uagb-faq-item .uagb-icon,.uagb-faq-layout-grid .uagb-faq-child__outer-wrap.uagb-faq-item.uagb-faq-item-active .uagb-icon-active,.uagb-faq-layout-grid .uagb-faq-child__outer-wrap .uagb-faq-item .uagb-icon,.uagb-faq-layout-grid .uagb-faq-child__outer-wrap .uagb-faq-item.uagb-faq-item-active .uagb-icon-active{display:none}.uagb-faq-layout-grid .uagb-faq-child__outer-wrap.uagb-faq-item span.uagb-icon-active.uagb-faq-icon-wrap,.uagb-faq-layout-grid .uagb-faq-child__outer-wrap.uagb-faq-item.uagb-faq-item-active .uagb-icon-active,.uagb-faq-layout-grid .uagb-faq-child__outer-wrap .uagb-faq-item span.uagb-icon-active.uagb-faq-icon-wrap,.uagb-faq-layout-grid .uagb-faq-child__outer-wrap .uagb-faq-item.uagb-faq-item-active .uagb-icon-active{display:none}\n.uagb-block-55b5edaf .uagb-icon svg{width: 12px;height: 12px;font-size: 12px;}.uagb-block-55b5edaf .uagb-icon-active svg{width: 12px;height: 12px;font-size: 12px;}.uagb-block-55b5edaf .uagb-faq-child__outer-wrap{margin-bottom: 10px;}.uagb-block-55b5edaf .uagb-faq-item{border-top-width: 1px;border-left-width: 1px;border-right-width: 1px;border-bottom-width: 1px;border-top-left-radius: 2px;border-top-right-radius: 2px;border-bottom-left-radius: 2px;border-bottom-right-radius: 2px;border-color: #1e1e1e;border-style: solid;}.uagb-block-55b5edaf .uagb-faq-questions-button{padding-top: 10px;padding-bottom: 10px;padding-right: 10px;padding-left: 10px;}.uagb-block-55b5edaf .uagb-faq-content{padding-top: 10px;padding-bottom: 10px;padding-right: 10px;padding-left: 10px;}.uagb-block-55b5edaf .uagb-faq-content span{margin-top: 10px;margin-bottom: 10px;margin-right: 10px;margin-left: 10px;}.uagb-block-55b5edaf.uagb-faq-icon-row .uagb-faq-item .uagb-faq-icon-wrap{margin-right: 10px;}.uagb-block-55b5edaf.uagb-faq-icon-row-reverse .uagb-faq-item .uagb-faq-icon-wrap{margin-left: 10px;}.uagb-block-55b5edaf .uagb-faq-item .uagb-faq-questions-button.uagb-faq-questions{flex-direction: row;}.uagb-block-55b5edaf .wp-block-uagb-faq-child.uagb-faq-child__outer-wrap .uagb-faq-content {display: none;}@media only screen and (max-width: 976px) {.uagb-block-55b5edaf.uagb-faq-icon-row .uagb-faq-item .uagb-faq-icon-wrap{margin-right: 10px;}.uagb-block-55b5edaf.uagb-faq-icon-row-reverse .uagb-faq-item .uagb-faq-icon-wrap{margin-left: 10px;}.uagb-block-55b5edaf .uagb-faq-questions-button{padding-top: 10px;padding-bottom: 10px;padding-right: 10px;padding-left: 10px;}.uagb-block-55b5edaf .uagb-faq-content{padding-top: 10px;padding-bottom: 10px;padding-right: 10px;padding-left: 10px;}.uagb-block-55b5edaf .uagb-faq-content span{margin-top: 10px;margin-bottom: 10px;margin-right: 10px;margin-left: 10px;}}@media only screen and (max-width: 767px) {.uagb-block-55b5edaf.uagb-faq-icon-row .uagb-faq-item .uagb-faq-icon-wrap{margin-right: 10px;}.uagb-block-55b5edaf.uagb-faq-icon-row-reverse .uagb-faq-item .uagb-faq-icon-wrap{margin-left: 10px;}.uagb-block-55b5edaf .uagb-faq-questions-button{padding-top: 10px;padding-bottom: 10px;padding-right: 10px;padding-left: 10px;}.uagb-block-55b5edaf .uagb-faq-content{padding-top: 10px;padding-bottom: 10px;padding-right: 10px;padding-left: 10px;}.uagb-block-55b5edaf .uagb-faq-content span{margin-top: 10px;margin-bottom: 10px;margin-right: 10px;margin-left: 10px;}}\";s:2:\"js\";s:0:\"\";s:18:\"current_block_list\";a:10:{i:0;s:11:\"core\/search\";i:1;s:10:\"core\/group\";i:2;s:12:\"core\/heading\";i:3;s:17:\"core\/latest-posts\";i:4;s:20:\"core\/latest-comments\";i:5;s:13:\"core\/archives\";i:6;s:15:\"core\/categories\";i:7;s:14:\"core\/paragraph\";i:8;s:8:\"uagb\/faq\";i:9;s:14:\"uagb\/faq-child\";}s:8:\"uag_flag\";b:1;s:11:\"uag_version\";s:10:\"1775829763\";s:6:\"gfonts\";a:0:{}s:10:\"gfonts_url\";s:0:\"\";s:12:\"gfonts_files\";a:0:{}s:14:\"uag_faq_layout\";b:1;}"],"_uag_css_file_name":["uag-css-2538.css"]},"uagb_featured_image_src":{"full":["https:\/\/senyenergy.com\/wp-content\/uploads\/2025\/06\/Klip-Lok-406.jpg",800,800,false],"thumbnail":["https:\/\/senyenergy.com\/wp-content\/uploads\/2025\/06\/Klip-Lok-406-150x150.jpg",150,150,true],"medium":["https:\/\/senyenergy.com\/wp-content\/uploads\/2025\/06\/Klip-Lok-406-300x300.jpg",300,300,true],"medium_large":["https:\/\/senyenergy.com\/wp-content\/uploads\/2025\/06\/Klip-Lok-406-768x768.jpg",768,768,true],"large":["https:\/\/senyenergy.com\/wp-content\/uploads\/2025\/06\/Klip-Lok-406.jpg",800,800,false],"1536x1536":["https:\/\/senyenergy.com\/wp-content\/uploads\/2025\/06\/Klip-Lok-406.jpg",800,800,false],"2048x2048":["https:\/\/senyenergy.com\/wp-content\/uploads\/2025\/06\/Klip-Lok-406.jpg",800,800,false],"trp-custom-language-flag":["https:\/\/senyenergy.com\/wp-content\/uploads\/2025\/06\/Klip-Lok-406-12x12.jpg",12,12,true],"woocommerce_thumbnail":["https:\/\/senyenergy.com\/wp-content\/uploads\/2025\/06\/Klip-Lok-406-300x300.jpg",300,300,true],"woocommerce_single":["https:\/\/senyenergy.com\/wp-content\/uploads\/2025\/06\/Klip-Lok-406-600x600.jpg",600,600,true],"woocommerce_gallery_thumbnail":["https:\/\/senyenergy.com\/wp-content\/uploads\/2025\/06\/Klip-Lok-406-100x100.jpg",100,100,true]},"uagb_author_info":{"display_name":"wp-admin","author_link":"https:\/\/senyenergy.com\/es\/author\/"},"uagb_comment_info":0,"uagb_excerpt":"This Kliplok 406 bracket can be used for both flat iron roofs or slope tilted corrugated roofing, just with our matched L feet bracket, rail , inner \/ end clamps . &nbsp; With this Kliplock PV clamp, can quickly and cost effectively mounts framed \/ unframed solar panels on metal roofing . L bracket \/&hellip;","_links":{"self":[{"href":"https:\/\/senyenergy.com\/es\/wp-json\/wp\/v2\/product\/2538","targetHints":{"allow":["GET"]}}],"collection":[{"href":"https:\/\/senyenergy.com\/es\/wp-json\/wp\/v2\/product"}],"about":[{"href":"https:\/\/senyenergy.com\/es\/wp-json\/wp\/v2\/types\/product"}],"wp:featuredmedia":[{"embeddable":true,"href":"https:\/\/senyenergy.com\/es\/wp-json\/wp\/v2\/media\/2539"}],"wp:attachment":[{"href":"https:\/\/senyenergy.com\/es\/wp-json\/wp\/v2\/media?parent=2538"}],"wp:term":[{"taxonomy":"product_brand","embeddable":true,"href":"https:\/\/senyenergy.com\/es\/wp-json\/wp\/v2\/product_brand?post=2538"},{"taxonomy":"product_cat","embeddable":true,"href":"https:\/\/senyenergy.com\/es\/wp-json\/wp\/v2\/product_cat?post=2538"},{"taxonomy":"product_tag","embeddable":true,"href":"https:\/\/senyenergy.com\/es\/wp-json\/wp\/v2\/product_tag?post=2538"}],"curies":[{"name":"wp","href":"https:\/\/api.w.org\/{rel}","templated":true}]}}