{"id":2501,"date":"2025-05-28T16:41:40","date_gmt":"2025-05-28T08:41:40","guid":{"rendered":"https:\/\/senyenergy.com\/?post_type=product&#038;p=2501"},"modified":"2025-07-13T10:30:00","modified_gmt":"2025-07-13T02:30:00","slug":"nuevo-90-panel-solar-clip-de-cable-de-acero-inoxidable-304","status":"publish","type":"product","link":"https:\/\/senyenergy.com\/es\/product\/nuevo-90-panel-solar-clip-de-cable-de-acero-inoxidable-304\/","title":{"rendered":"Nuevo clip de 90\u00b0 para cable de panel solar de acero inoxidable 304"},"content":{"rendered":"<p>Nuevos 2 cables <strong>90\u00b0 <b>clip para cable de panel solar<\/b><\/strong>\u00a0est\u00e1 dise\u00f1ado para sujetar y organizar de forma segura los cables conectados a los paneles solares, garantizando una instalaci\u00f3n ordenada y eficiente.<\/p>\n<p>Nuestros 2 cables <strong>90\u00b0<\/strong> <strong><b>clip para cable de panel solar<\/b><\/strong>\u00a0Dise\u00f1o retorcido para facilitar al m\u00e1ximo su uso y extracci\u00f3n sin herramientas para un despliegue r\u00e1pido. Adem\u00e1s, se adapta a marcos de panel est\u00e1ndar de 1 a 3 mm de grosor. Adem\u00e1s, el dise\u00f1o de doble compresi\u00f3n admite cables de 4 a 7 mm de di\u00e1metro. La parte posterior est\u00e1 dise\u00f1ada con p\u00faas para evitar que el clip se caiga despu\u00e9s de la instalaci\u00f3n. Es adecuado para cables de componentes y cables de inversores. Y los bordes sin rebabas evitan da\u00f1os en el aislamiento de los cables.<\/p>\n<p>&nbsp;<\/p>\n<p>Caracter\u00edsticas de 2 hilos 90 <strong><b>clip para cable de panel solar<\/b><\/strong><\/p>\n<ol>\n<li>MEJORA DE LA EFICIENCIA: Las pinzas para cables mejoran eficazmente la eficiencia de la instalaci\u00f3n in situ, ahorran tiempo y mano de obra en los proyectos de instalaci\u00f3n de sistemas fotovoltaicos.<\/li>\n<li>ACERO INOXIDABLE 304: Los sujetacables est\u00e1n fabricados en acero inoxidable 304, con una gran resistencia al desgaste y a la oxidaci\u00f3n.<\/li>\n<li>DISE\u00d1O DE BARBA: La parte trasera est\u00e1 dise\u00f1ada con una barba para evitar que el clip de alambre se caiga despu\u00e9s de la instalaci\u00f3n, asegurando una fijaci\u00f3n firme.<\/li>\n<li>DISE\u00d1O RAZONABLE: El dise\u00f1o especial de la leng\u00fceta facilita la instalaci\u00f3n y el desmontaje sin herramientas, con bordes con rebabas puede prevenir eficazmente el da\u00f1o al aislamiento del cable.<\/li>\n<li>Y FIABLE: El clip de cable fotovoltaico tiene una fuerte capacidad de carga, el viento, la vibraci\u00f3n y el agua para garantizar la seguridad y fiabilidad.<\/li>\n<li>DISE\u00d1O DE \u00c1NGULO RECTO\uff1aSujeta los cables en giros de 90\u00b0 contra paneles\/marcos, evitando que se comben o enganchen.<\/li>\n<li>COMPATIBILIDAD UNIVERSAL\uff1aSe adapta a cables solares de 4-7 mm de di\u00e1metro (los conectores MC4 se deslizan f\u00e1cilmente).<\/li>\n<\/ol>\n<p>&nbsp;<\/p>\n<p>Especificaci\u00f3n de 2 hilos <strong>90\u00b0<\/strong> <strong><b>clip para cable de panel solar<\/b><\/strong>:<\/p>\n<p>Tipo de art\u00edculo: Clip para cable de panel solar<\/p>\n<p>Material: Acero inoxidable 304<\/p>\n<p>&nbsp;<\/p>\n<p>Aplicaciones de 90 <strong><b>clip para cable de panel solar<\/b><\/strong>:<\/p>\n<p>Instalaciones solares residenciales: Ideal para organizar cables en tejados y a lo largo de paredes.<\/p>\n<p>Proyectos solares comerciales: \u00datil en instalaciones m\u00e1s grandes donde la gesti\u00f3n del cableado es crucial.<\/p>\n<p>Aplicaciones marinas y para veh\u00edculos recreativos: Ayuda a mantener los cables ordenados y seguros en configuraciones m\u00f3viles.<\/p>\n<p>&nbsp;<\/p>\n<p>Los 2 hilos de acero inoxidable 304\u00a0<strong>90\u00b0<\/strong> <strong><b>clip para cable de panel solar <\/b><\/strong>es una herramienta eficaz para organizar y fijar los cables en los sistemas de paneles solares. Su dise\u00f1o y durabilidad lo convierten en un valioso complemento para cualquier instalaci\u00f3n solar, mejorando tanto la funcionalidad como la est\u00e9tica.  Disponemos de otras series de sujetacables para m\u00f3dulos fotovoltaicos con y sin marco en varios tama\u00f1os. Le invitamos a consultar nuestros clips de cable de acero inoxidable para energ\u00eda solar fotovoltaica. Si tiene m\u00e1s preguntas o necesita recomendaciones espec\u00edficas, no dude en consultarnos.<\/p>","protected":false},"excerpt":{"rendered":"<p>Nuestro 90 <strong><b>clip para cable de panel solar<\/b><\/strong>\u00a0Dise\u00f1o retorcido para facilitar al m\u00e1ximo su uso y extracci\u00f3n sin herramientas para un despliegue r\u00e1pido. Adem\u00e1s, se adapta a marcos de panel est\u00e1ndar de 1 a 3 mm de grosor. Adem\u00e1s, el dise\u00f1o de doble compresi\u00f3n admite cables de 4 a 7 mm de di\u00e1metro. La parte posterior est\u00e1 dise\u00f1ada con p\u00faas para evitar que el clip se caiga despu\u00e9s de la instalaci\u00f3n. Es adecuado para cables de componentes y cables de inversores. Y los bordes sin rebabas evitan da\u00f1os en el aislamiento de los cables.<\/p>\n<div class=\"wp-block-button popmake-1937\"><a class=\"wp-block-button__link wp-element-button\">comprobaci\u00f3n de precios<\/a><\/div>","protected":false},"featured_media":2502,"template":"","meta":{"_uag_custom_page_level_css":"","site-sidebar-layout":"default","site-content-layout":"","ast-site-content-layout":"default","site-content-style":"default","site-sidebar-style":"default","ast-global-header-display":"","ast-banner-title-visibility":"","ast-main-header-display":"","ast-hfb-above-header-display":"","ast-hfb-below-header-display":"","ast-hfb-mobile-header-display":"","site-post-title":"","ast-breadcrumbs-content":"","ast-featured-img":"","footer-sml-layout":"","ast-disable-related-posts":"","theme-transparent-header-meta":"default","adv-header-id-meta":"","stick-header-meta":"","header-above-stick-meta":"","header-main-stick-meta":"","header-below-stick-meta":"","astra-migrate-meta-layouts":"set","ast-page-background-enabled":"default","ast-page-background-meta":{"desktop":{"background-color":"","background-image":"","background-repeat":"repeat","background-position":"center center","background-size":"auto","background-attachment":"scroll","background-type":"","background-media":"","overlay-type":"","overlay-color":"","overlay-opacity":"","overlay-gradient":""},"tablet":{"background-color":"","background-image":"","background-repeat":"repeat","background-position":"center center","background-size":"auto","background-attachment":"scroll","background-type":"","background-media":"","overlay-type":"","overlay-color":"","overlay-opacity":"","overlay-gradient":""},"mobile":{"background-color":"","background-image":"","background-repeat":"repeat","background-position":"center center","background-size":"auto","background-attachment":"scroll","background-type":"","background-media":"","overlay-type":"","overlay-color":"","overlay-opacity":"","overlay-gradient":""}},"ast-content-background-meta":{"desktop":{"background-color":"var(--ast-global-color-5)","background-image":"","background-repeat":"repeat","background-position":"center center","background-size":"auto","background-attachment":"scroll","background-type":"","background-media":"","overlay-type":"","overlay-color":"","overlay-opacity":"","overlay-gradient":""},"tablet":{"background-color":"var(--ast-global-color-5)","background-image":"","background-repeat":"repeat","background-position":"center center","background-size":"auto","background-attachment":"scroll","background-type":"","background-media":"","overlay-type":"","overlay-color":"","overlay-opacity":"","overlay-gradient":""},"mobile":{"background-color":"var(--ast-global-color-5)","background-image":"","background-repeat":"repeat","background-position":"center center","background-size":"auto","background-attachment":"scroll","background-type":"","background-media":"","overlay-type":"","overlay-color":"","overlay-opacity":"","overlay-gradient":""}}},"product_brand":[],"product_cat":[25,23,132,33],"product_tag":[151,152,77,55,150,34,148,36,149,65,153],"class_list":{"0":"post-2501","1":"product","2":"type-product","3":"status-publish","4":"has-post-thumbnail","6":"product_cat-excellent","7":"product_cat-solar-accessories","8":"product_cat-solar-mounting-components","9":"product_cat-solar-panel-accessories","10":"product_tag-2-wires-solar-cable-clip","11":"product_tag-4-wires-solar-panel-cable-clip","12":"product_tag-solar-cable-clip","13":"product_tag-solar-clamp","14":"product_tag-solar-mc4-cable-clip","15":"product_tag-solar-panel","16":"product_tag-solar-panel-cable-clip","17":"product_tag-solar-panel-clip","18":"product_tag-solar-pv-cable-clip","19":"product_tag-solar-pv-clip","20":"product_tag-sus304-solar-cable-clip","21":"desktop-align-left","22":"tablet-align-left","23":"mobile-align-left","25":"first","26":"instock","27":"shipping-taxable","28":"product-type-simple"},"spectra_custom_meta":{"_uabb_version":["1.36.1"],"_edit_last":["1"],"_edit_lock":["1752373745:1"],"_thumbnail_id":["2502"],"total_sales":["0"],"_tax_status":["taxable"],"_tax_class":[""],"_manage_stock":["no"],"_backorders":["no"],"_sold_individually":["no"],"_virtual":["no"],"_downloadable":["no"],"_download_limit":["-1"],"_download_expiry":["-1"],"_stock":[null],"_stock_status":["instock"],"_wc_average_rating":["0"],"_wc_review_count":["0"],"_product_version":["9.6.2"],"_product_image_gallery":["2504,2503,2505,2506"],"site-sidebar-layout":["default"],"ast-site-content-layout":["default"],"site-content-style":["default"],"site-sidebar-style":["default"],"theme-transparent-header-meta":["default"],"astra-migrate-meta-layouts":["set"],"_uag_page_assets":["a:9:{s:3:\"css\";s:5318:\".uag-blocks-common-selector{z-index:var(--z-index-desktop) !important}@media (max-width: 976px){.uag-blocks-common-selector{z-index:var(--z-index-tablet) !important}}@media (max-width: 767px){.uag-blocks-common-selector{z-index:var(--z-index-mobile) !important}}\n.wp-block-uagb-faq{width:100%}.wp-block-uagb-faq.uagb-faq-layout-accordion .uagb-faq-child__outer-wrap .uagb-faq-questions-button{cursor:pointer}.wp-block-uagb-faq .uagb-faq-content{margin-bottom:0}.wp-block-uagb-faq .uagb-faq-content p{margin:auto}.uagb-faq-layout-grid.uagb-faq-equal-height.uagb-faq__wrap .uagb-faq-child__outer-wrap,.uagb-faq-layout-grid.uagb-faq-equal-height.uagb-faq__wrap .uagb-faq-item{height:100%}body[class*=\"astra\"] .uagb-faq-questions{line-height:normal}.uagb-faq-item{overflow:hidden}\n.wp-block-uagb-faq-child .uagb-faq-questions-button{display:flex;align-items:center}.wp-block-uagb-faq-child .uagb-faq-questions-button .uagb-faq-icon-wrap{display:flex;align-items:center}.wp-block-uagb-faq-child .uagb-faq-questions-button .uagb-question{width:100%;margin-top:0;margin-bottom:0}.wp-block-uagb-faq-child .uagb-icon svg,.wp-block-uagb-faq-child .uagb-icon-active svg{width:15px;height:15px;font-size:15px}.wp-block-uagb-faq-child.uagb-faq-child__outer-wrap.uagb-faq-item .uagb-icon-active,.wp-block-uagb-faq-child.uagb-faq-child__outer-wrap.uagb-faq-item.uagb-faq-item-active .uagb-icon,.wp-block-uagb-faq-child.uagb-faq-child__outer-wrap .uagb-faq-item .uagb-icon-active,.wp-block-uagb-faq-child.uagb-faq-child__outer-wrap .uagb-faq-item.uagb-faq-item-active .uagb-icon{display:none;width:0;padding:0;height:0;margin:0}.wp-block-uagb-faq-child.uagb-faq-child__outer-wrap.uagb-faq-item .uagb-icon,.wp-block-uagb-faq-child.uagb-faq-child__outer-wrap.uagb-faq-item.uagb-faq-item-active .uagb-icon-active,.wp-block-uagb-faq-child.uagb-faq-child__outer-wrap .uagb-faq-item .uagb-icon,.wp-block-uagb-faq-child.uagb-faq-child__outer-wrap .uagb-faq-item.uagb-faq-item-active .uagb-icon-active{display:flex;width:auto;height:auto}.uagb-faq-layout-grid .uagb-faq-child__outer-wrap.uagb-faq-item .uagb-icon,.uagb-faq-layout-grid .uagb-faq-child__outer-wrap.uagb-faq-item.uagb-faq-item-active .uagb-icon-active,.uagb-faq-layout-grid .uagb-faq-child__outer-wrap .uagb-faq-item .uagb-icon,.uagb-faq-layout-grid .uagb-faq-child__outer-wrap .uagb-faq-item.uagb-faq-item-active .uagb-icon-active{display:none}.uagb-faq-layout-grid .uagb-faq-child__outer-wrap.uagb-faq-item span.uagb-icon-active.uagb-faq-icon-wrap,.uagb-faq-layout-grid .uagb-faq-child__outer-wrap.uagb-faq-item.uagb-faq-item-active .uagb-icon-active,.uagb-faq-layout-grid .uagb-faq-child__outer-wrap .uagb-faq-item span.uagb-icon-active.uagb-faq-icon-wrap,.uagb-faq-layout-grid .uagb-faq-child__outer-wrap .uagb-faq-item.uagb-faq-item-active .uagb-icon-active{display:none}\n.uagb-block-55b5edaf .uagb-icon svg{width: 12px;height: 12px;font-size: 12px;}.uagb-block-55b5edaf .uagb-icon-active svg{width: 12px;height: 12px;font-size: 12px;}.uagb-block-55b5edaf .uagb-faq-child__outer-wrap{margin-bottom: 10px;}.uagb-block-55b5edaf .uagb-faq-item{border-top-width: 1px;border-left-width: 1px;border-right-width: 1px;border-bottom-width: 1px;border-top-left-radius: 2px;border-top-right-radius: 2px;border-bottom-left-radius: 2px;border-bottom-right-radius: 2px;border-color: #1e1e1e;border-style: solid;}.uagb-block-55b5edaf .uagb-faq-questions-button{padding-top: 10px;padding-bottom: 10px;padding-right: 10px;padding-left: 10px;}.uagb-block-55b5edaf .uagb-faq-content{padding-top: 10px;padding-bottom: 10px;padding-right: 10px;padding-left: 10px;}.uagb-block-55b5edaf .uagb-faq-content span{margin-top: 10px;margin-bottom: 10px;margin-right: 10px;margin-left: 10px;}.uagb-block-55b5edaf.uagb-faq-icon-row .uagb-faq-item .uagb-faq-icon-wrap{margin-right: 10px;}.uagb-block-55b5edaf.uagb-faq-icon-row-reverse .uagb-faq-item .uagb-faq-icon-wrap{margin-left: 10px;}.uagb-block-55b5edaf .uagb-faq-item .uagb-faq-questions-button.uagb-faq-questions{flex-direction: row;}.uagb-block-55b5edaf .wp-block-uagb-faq-child.uagb-faq-child__outer-wrap .uagb-faq-content {display: none;}@media only screen and (max-width: 976px) {.uagb-block-55b5edaf.uagb-faq-icon-row .uagb-faq-item .uagb-faq-icon-wrap{margin-right: 10px;}.uagb-block-55b5edaf.uagb-faq-icon-row-reverse .uagb-faq-item .uagb-faq-icon-wrap{margin-left: 10px;}.uagb-block-55b5edaf .uagb-faq-questions-button{padding-top: 10px;padding-bottom: 10px;padding-right: 10px;padding-left: 10px;}.uagb-block-55b5edaf .uagb-faq-content{padding-top: 10px;padding-bottom: 10px;padding-right: 10px;padding-left: 10px;}.uagb-block-55b5edaf .uagb-faq-content span{margin-top: 10px;margin-bottom: 10px;margin-right: 10px;margin-left: 10px;}}@media only screen and (max-width: 767px) {.uagb-block-55b5edaf.uagb-faq-icon-row .uagb-faq-item .uagb-faq-icon-wrap{margin-right: 10px;}.uagb-block-55b5edaf.uagb-faq-icon-row-reverse .uagb-faq-item .uagb-faq-icon-wrap{margin-left: 10px;}.uagb-block-55b5edaf .uagb-faq-questions-button{padding-top: 10px;padding-bottom: 10px;padding-right: 10px;padding-left: 10px;}.uagb-block-55b5edaf .uagb-faq-content{padding-top: 10px;padding-bottom: 10px;padding-right: 10px;padding-left: 10px;}.uagb-block-55b5edaf .uagb-faq-content span{margin-top: 10px;margin-bottom: 10px;margin-right: 10px;margin-left: 10px;}}\";s:2:\"js\";s:0:\"\";s:18:\"current_block_list\";a:10:{i:0;s:11:\"core\/search\";i:1;s:10:\"core\/group\";i:2;s:12:\"core\/heading\";i:3;s:17:\"core\/latest-posts\";i:4;s:20:\"core\/latest-comments\";i:5;s:13:\"core\/archives\";i:6;s:15:\"core\/categories\";i:7;s:14:\"core\/paragraph\";i:8;s:8:\"uagb\/faq\";i:9;s:14:\"uagb\/faq-child\";}s:8:\"uag_flag\";b:1;s:11:\"uag_version\";s:10:\"1775829763\";s:6:\"gfonts\";a:0:{}s:10:\"gfonts_url\";s:0:\"\";s:12:\"gfonts_files\";a:0:{}s:14:\"uag_faq_layout\";b:1;}"],"_uag_css_file_name":["uag-css-2501.css"]},"uagb_featured_image_src":{"full":["https:\/\/senyenergy.com\/wp-content\/uploads\/2025\/05\/90-degree-cable-clip.jpg",800,800,false],"thumbnail":["https:\/\/senyenergy.com\/wp-content\/uploads\/2025\/05\/90-degree-cable-clip-150x150.jpg",150,150,true],"medium":["https:\/\/senyenergy.com\/wp-content\/uploads\/2025\/05\/90-degree-cable-clip-300x300.jpg",300,300,true],"medium_large":["https:\/\/senyenergy.com\/wp-content\/uploads\/2025\/05\/90-degree-cable-clip-768x768.jpg",768,768,true],"large":["https:\/\/senyenergy.com\/wp-content\/uploads\/2025\/05\/90-degree-cable-clip.jpg",800,800,false],"1536x1536":["https:\/\/senyenergy.com\/wp-content\/uploads\/2025\/05\/90-degree-cable-clip.jpg",800,800,false],"2048x2048":["https:\/\/senyenergy.com\/wp-content\/uploads\/2025\/05\/90-degree-cable-clip.jpg",800,800,false],"trp-custom-language-flag":["https:\/\/senyenergy.com\/wp-content\/uploads\/2025\/05\/90-degree-cable-clip-12x12.jpg",12,12,true],"woocommerce_thumbnail":["https:\/\/senyenergy.com\/wp-content\/uploads\/2025\/05\/90-degree-cable-clip-300x300.jpg",300,300,true],"woocommerce_single":["https:\/\/senyenergy.com\/wp-content\/uploads\/2025\/05\/90-degree-cable-clip-600x600.jpg",600,600,true],"woocommerce_gallery_thumbnail":["https:\/\/senyenergy.com\/wp-content\/uploads\/2025\/05\/90-degree-cable-clip-100x100.jpg",100,100,true]},"uagb_author_info":{"display_name":"wp-admin","author_link":"https:\/\/senyenergy.com\/es\/author\/"},"uagb_comment_info":0,"uagb_excerpt":"Our 90\u00b0 solar panel cable clip\u00a0twisted design for ultimate ease of use and and removal without tools for fast deployment. Besides, it can fits standard panel frames from 1 to 3 mm thick. Furthermore, Double-compression design supports cables from 4 to 7 mm in diameter. The back is designed with barbs to prevent the clip&hellip;","_links":{"self":[{"href":"https:\/\/senyenergy.com\/es\/wp-json\/wp\/v2\/product\/2501","targetHints":{"allow":["GET"]}}],"collection":[{"href":"https:\/\/senyenergy.com\/es\/wp-json\/wp\/v2\/product"}],"about":[{"href":"https:\/\/senyenergy.com\/es\/wp-json\/wp\/v2\/types\/product"}],"wp:featuredmedia":[{"embeddable":true,"href":"https:\/\/senyenergy.com\/es\/wp-json\/wp\/v2\/media\/2502"}],"wp:attachment":[{"href":"https:\/\/senyenergy.com\/es\/wp-json\/wp\/v2\/media?parent=2501"}],"wp:term":[{"taxonomy":"product_brand","embeddable":true,"href":"https:\/\/senyenergy.com\/es\/wp-json\/wp\/v2\/product_brand?post=2501"},{"taxonomy":"product_cat","embeddable":true,"href":"https:\/\/senyenergy.com\/es\/wp-json\/wp\/v2\/product_cat?post=2501"},{"taxonomy":"product_tag","embeddable":true,"href":"https:\/\/senyenergy.com\/es\/wp-json\/wp\/v2\/product_tag?post=2501"}],"curies":[{"name":"wp","href":"https:\/\/api.w.org\/{rel}","templated":true}]}}