{"id":2494,"date":"2025-05-28T12:03:25","date_gmt":"2025-05-28T04:03:25","guid":{"rendered":"https:\/\/senyenergy.com\/?post_type=product&#038;p=2494"},"modified":"2025-07-13T12:00:56","modified_gmt":"2025-07-13T04:00:56","slug":"nuevo-panel-solar-ajustable-z-soporte-kit-para-rvs-remolques-barcos-yates-techo","status":"publish","type":"product","link":"https:\/\/senyenergy.com\/es\/product\/nuevo-panel-solar-ajustable-z-soporte-kit-para-rvs-remolques-barcos-yates-techo\/","title":{"rendered":"Nuevo kit de soporte de panel solar ajustable para veh\u00edculos recreativos, remolques, barcos, yates, techo"},"content":{"rendered":"<p>\u00bfCansado de soportes solares poco fiables? Nuestro sistema Ne<strong>w Soporte ajustable para panel solar<\/strong> ofrece una soluci\u00f3n robusta para maximizar su inversi\u00f3n solar. Dise\u00f1ados para ofrecer durabilidad y flexibilidad, estos soportes permiten realizar ajustes angulares precisos para captar la m\u00e1xima luz solar, tanto si est\u00e1n estacionados, anclados o en movimiento. Ideales para superficies irregulares, su construcci\u00f3n resistente a la corrosi\u00f3n garantiza su longevidad en entornos marinos y exteriores.<\/p>\n<p>El nuevo <strong>Ajustable <b>Soporte para panel solar <\/b><\/strong>kit puede ajustar el \u00e1ngulo y la altura, ideal para la instalaci\u00f3n en superficies irregulares y para el \u00e1ngulo de inclinaci\u00f3n \u00f3ptimo de los paneles solares.Estos soportes cuentan con un dise\u00f1o en forma de Z que proporciona una resistencia y estabilidad \u00f3ptimas con rango de ajuste del \u00e1ngulo: 0\u00b0-180\u00b0Rango de ajuste de altura del soporte: 4,7\u2033-6,7\u2033(120-170mm) asegurando que sus paneles solares est\u00e9n firmemente fijados en su lugar, incluso en condiciones dif\u00edciles como aguas bravas o sitios de camping RV ventosos.<\/p>\n<p>&nbsp;<\/p>\n<p>Caracter\u00edsticas del nuevo <strong>Ajustable<b> Soporte para panel solar <\/b><\/strong>kit<\/p>\n<ol>\n<li>Dise\u00f1o ajustable: Permite ajustes de \u00e1ngulo para optimizar el posicionamiento del panel solar para una m\u00e1xima exposici\u00f3n a la luz solar.<\/li>\n<li>Compatibilidad vers\u00e1til: Adecuado para varios tama\u00f1os y tipos de paneles solares, por lo que es flexible para diferentes aplicaciones.<\/li>\n<li>Kit completo: Normalmente incluye toda la torniller\u00eda necesaria para la instalaci\u00f3n, como tornillos, arandelas y soportes de montaje.<\/li>\n<li>F\u00e1cil de usar: Dise\u00f1o \u00fanico, Perfecto para superficies irregulares , Ideal para montar peque\u00f1os paneles solares<\/li>\n<li>Ahorro de espacio: El dise\u00f1o compacto es ideal para espacios limitados en veh\u00edculos RVs, Remolques, Barcos, Autocaravanas, Yates, Pared, Caba\u00f1as, Cobertizos, Garajes y Otros Off Gird Techos<\/li>\n<\/ol>\n<p>Aleaci\u00f3n de aluminio, anodizado superficial (anticorrosi\u00f3n, aislamiento antidesgaste, alta resistencia y tenacidad)<\/p>\n<p>Longitud flexible: 4,7\u2033-6,7\u2033 (120-170mm),<\/p>\n<p>\u00c1ngulo ajustable 20\u00b0~160\u00b0.<\/p>\n<p>Paquete: 4 piezas panel solar inclinaci\u00f3n soporte de montaje, 3pcs tuercas y 3pcs tornillos<\/p>\n<p>&nbsp;<\/p>\n<p>Aplicaciones de la nueva <strong>Ajustable<b> Soporte para panel solar <\/b><\/strong>kit<\/p>\n<p>El nuevo <strong>Ajustable<b> Soporte para panel solar <\/b><\/strong>Kit adecuado para: RV Solar Panel Mounts, RV Solar Panel Bracket. Autocaravana Solar Panel Mounts, Autocaravana Solar Panel Bracket. Soportes de paneles solares para camping, Soportes de paneles solares para camping. Z-forma de aluminio RV Solar Panel Mounts para la instalaci\u00f3n de m\u00f3dulos planos fijos. Tambi\u00e9n se puede utilizar para la instalaci\u00f3n de m\u00f3dulos solares con diferentes especificaciones, tales como sem\u00e1foros, luces de advertencia, luces indicadoras y la energ\u00eda de reserva de iluminaci\u00f3n de seguridad.<\/p>\n<p>&nbsp;<\/p>\n<p>Este producto es una buena elecci\u00f3n para sistemas montados en tejados planos o curvos. Compatible con todo tipo de tejados y m\u00f3dulos solares.<\/p>\n<p><strong><b>Soporte ajustable para panel solar <\/b><\/strong>kits est\u00e1n dise\u00f1ados idealmente para instalar paneles solares individuales de 50w ~ 200w en RVs, remolques, barcos, autocaravanas, yates, pared, caba\u00f1as, cobertizos, garajes y otros techos Off Gird. Para grandes sistemas de paneles solares, le recomendamos que elija 4 soportes (2 pares) para una instalaci\u00f3n m\u00e1s estable.<\/p>\n<p>&nbsp;<\/p>\n<p>&nbsp;<\/p>","protected":false},"excerpt":{"rendered":"<p>El nuevo ajustable <strong><b>Kit de soporte Z para panel solar<\/b><\/strong>\u00a0puede ajustar el \u00e1ngulo y la altura, ideal para la instalaci\u00f3n en superficies irregulares y para el \u00e1ngulo de inclinaci\u00f3n \u00f3ptimo de los paneles solares.Estos soportes cuentan con un dise\u00f1o en forma de Z que proporciona una resistencia y estabilidad \u00f3ptimas con rango de ajuste del \u00e1ngulo: 0\u00b0-180\u00b0Rango de ajuste de altura del soporte: 4,7\u2033-6,7\u2033(120-170mm) asegurando que sus paneles solares est\u00e9n firmemente fijados en su lugar, incluso en condiciones dif\u00edciles como aguas bravas o sitios de camping RV ventosos.<\/p>\n<div class=\"wp-block-button popmake-1937\"><a class=\"wp-block-button__link wp-element-button\">comprobaci\u00f3n de precios<\/a><\/div>","protected":false},"featured_media":2495,"template":"","meta":{"_uag_custom_page_level_css":"","site-sidebar-layout":"default","site-content-layout":"","ast-site-content-layout":"default","site-content-style":"default","site-sidebar-style":"default","ast-global-header-display":"","ast-banner-title-visibility":"","ast-main-header-display":"","ast-hfb-above-header-display":"","ast-hfb-below-header-display":"","ast-hfb-mobile-header-display":"","site-post-title":"","ast-breadcrumbs-content":"","ast-featured-img":"","footer-sml-layout":"","ast-disable-related-posts":"","theme-transparent-header-meta":"default","adv-header-id-meta":"","stick-header-meta":"","header-above-stick-meta":"","header-main-stick-meta":"","header-below-stick-meta":"","astra-migrate-meta-layouts":"set","ast-page-background-enabled":"default","ast-page-background-meta":{"desktop":{"background-color":"","background-image":"","background-repeat":"repeat","background-position":"center center","background-size":"auto","background-attachment":"scroll","background-type":"","background-media":"","overlay-type":"","overlay-color":"","overlay-opacity":"","overlay-gradient":""},"tablet":{"background-color":"","background-image":"","background-repeat":"repeat","background-position":"center center","background-size":"auto","background-attachment":"scroll","background-type":"","background-media":"","overlay-type":"","overlay-color":"","overlay-opacity":"","overlay-gradient":""},"mobile":{"background-color":"","background-image":"","background-repeat":"repeat","background-position":"center center","background-size":"auto","background-attachment":"scroll","background-type":"","background-media":"","overlay-type":"","overlay-color":"","overlay-opacity":"","overlay-gradient":""}},"ast-content-background-meta":{"desktop":{"background-color":"var(--ast-global-color-5)","background-image":"","background-repeat":"repeat","background-position":"center center","background-size":"auto","background-attachment":"scroll","background-type":"","background-media":"","overlay-type":"","overlay-color":"","overlay-opacity":"","overlay-gradient":""},"tablet":{"background-color":"var(--ast-global-color-5)","background-image":"","background-repeat":"repeat","background-position":"center center","background-size":"auto","background-attachment":"scroll","background-type":"","background-media":"","overlay-type":"","overlay-color":"","overlay-opacity":"","overlay-gradient":""},"mobile":{"background-color":"var(--ast-global-color-5)","background-image":"","background-repeat":"repeat","background-position":"center center","background-size":"auto","background-attachment":"scroll","background-type":"","background-media":"","overlay-type":"","overlay-color":"","overlay-opacity":"","overlay-gradient":""}}},"product_brand":[],"product_cat":[25,132,24],"product_tag":[147,144,139,80,143,142,137,47,46,138,145,140],"class_list":{"0":"post-2494","1":"product","2":"type-product","3":"status-publish","4":"has-post-thumbnail","6":"product_cat-excellent","7":"product_cat-solar-mounting-components","8":"product_cat-solar-mounting-system","9":"product_tag-adjustable-solar-panel-brackets","10":"product_tag-boat-solar-installation","11":"product_tag-boats-solar-mounting","12":"product_tag-rail-free-solar-mounting","13":"product_tag-rv-solar-mounting-kit","14":"product_tag-rv-solar-panel-mount","15":"product_tag-rvs-solar-mounting","16":"product_tag-solar-adjustable-kits","17":"product_tag-solar-adjustable-mounting","18":"product_tag-trailers-solar-system","19":"product_tag-universal-z-brackets","20":"product_tag-yachts-solar-brackets","21":"desktop-align-left","22":"tablet-align-left","23":"mobile-align-left","25":"first","26":"instock","27":"shipping-taxable","28":"product-type-simple"},"spectra_custom_meta":{"_uabb_version":["1.36.1"],"_edit_last":["1"],"_edit_lock":["1752379184:1"],"_thumbnail_id":["2495"],"total_sales":["0"],"_tax_status":["taxable"],"_tax_class":[""],"_manage_stock":["no"],"_backorders":["no"],"_sold_individually":["no"],"_virtual":["no"],"_downloadable":["no"],"_download_limit":["-1"],"_download_expiry":["-1"],"_stock":[null],"_stock_status":["instock"],"_wc_average_rating":["0"],"_wc_review_count":["0"],"_product_version":["9.6.2"],"_product_image_gallery":["2497,2496,2498,2499,2500"],"site-sidebar-layout":["default"],"ast-site-content-layout":["default"],"site-content-style":["default"],"site-sidebar-style":["default"],"theme-transparent-header-meta":["default"],"astra-migrate-meta-layouts":["set"],"_uag_page_assets":["a:9:{s:3:\"css\";s:5318:\".uag-blocks-common-selector{z-index:var(--z-index-desktop) !important}@media (max-width: 976px){.uag-blocks-common-selector{z-index:var(--z-index-tablet) !important}}@media (max-width: 767px){.uag-blocks-common-selector{z-index:var(--z-index-mobile) !important}}\n.wp-block-uagb-faq{width:100%}.wp-block-uagb-faq.uagb-faq-layout-accordion .uagb-faq-child__outer-wrap .uagb-faq-questions-button{cursor:pointer}.wp-block-uagb-faq .uagb-faq-content{margin-bottom:0}.wp-block-uagb-faq .uagb-faq-content p{margin:auto}.uagb-faq-layout-grid.uagb-faq-equal-height.uagb-faq__wrap .uagb-faq-child__outer-wrap,.uagb-faq-layout-grid.uagb-faq-equal-height.uagb-faq__wrap .uagb-faq-item{height:100%}body[class*=\"astra\"] .uagb-faq-questions{line-height:normal}.uagb-faq-item{overflow:hidden}\n.wp-block-uagb-faq-child .uagb-faq-questions-button{display:flex;align-items:center}.wp-block-uagb-faq-child .uagb-faq-questions-button .uagb-faq-icon-wrap{display:flex;align-items:center}.wp-block-uagb-faq-child .uagb-faq-questions-button .uagb-question{width:100%;margin-top:0;margin-bottom:0}.wp-block-uagb-faq-child .uagb-icon svg,.wp-block-uagb-faq-child .uagb-icon-active svg{width:15px;height:15px;font-size:15px}.wp-block-uagb-faq-child.uagb-faq-child__outer-wrap.uagb-faq-item .uagb-icon-active,.wp-block-uagb-faq-child.uagb-faq-child__outer-wrap.uagb-faq-item.uagb-faq-item-active .uagb-icon,.wp-block-uagb-faq-child.uagb-faq-child__outer-wrap .uagb-faq-item .uagb-icon-active,.wp-block-uagb-faq-child.uagb-faq-child__outer-wrap .uagb-faq-item.uagb-faq-item-active .uagb-icon{display:none;width:0;padding:0;height:0;margin:0}.wp-block-uagb-faq-child.uagb-faq-child__outer-wrap.uagb-faq-item .uagb-icon,.wp-block-uagb-faq-child.uagb-faq-child__outer-wrap.uagb-faq-item.uagb-faq-item-active .uagb-icon-active,.wp-block-uagb-faq-child.uagb-faq-child__outer-wrap .uagb-faq-item .uagb-icon,.wp-block-uagb-faq-child.uagb-faq-child__outer-wrap .uagb-faq-item.uagb-faq-item-active .uagb-icon-active{display:flex;width:auto;height:auto}.uagb-faq-layout-grid .uagb-faq-child__outer-wrap.uagb-faq-item .uagb-icon,.uagb-faq-layout-grid .uagb-faq-child__outer-wrap.uagb-faq-item.uagb-faq-item-active .uagb-icon-active,.uagb-faq-layout-grid .uagb-faq-child__outer-wrap .uagb-faq-item .uagb-icon,.uagb-faq-layout-grid .uagb-faq-child__outer-wrap .uagb-faq-item.uagb-faq-item-active .uagb-icon-active{display:none}.uagb-faq-layout-grid .uagb-faq-child__outer-wrap.uagb-faq-item span.uagb-icon-active.uagb-faq-icon-wrap,.uagb-faq-layout-grid .uagb-faq-child__outer-wrap.uagb-faq-item.uagb-faq-item-active .uagb-icon-active,.uagb-faq-layout-grid .uagb-faq-child__outer-wrap .uagb-faq-item span.uagb-icon-active.uagb-faq-icon-wrap,.uagb-faq-layout-grid .uagb-faq-child__outer-wrap .uagb-faq-item.uagb-faq-item-active .uagb-icon-active{display:none}\n.uagb-block-55b5edaf .uagb-icon svg{width: 12px;height: 12px;font-size: 12px;}.uagb-block-55b5edaf .uagb-icon-active svg{width: 12px;height: 12px;font-size: 12px;}.uagb-block-55b5edaf .uagb-faq-child__outer-wrap{margin-bottom: 10px;}.uagb-block-55b5edaf .uagb-faq-item{border-top-width: 1px;border-left-width: 1px;border-right-width: 1px;border-bottom-width: 1px;border-top-left-radius: 2px;border-top-right-radius: 2px;border-bottom-left-radius: 2px;border-bottom-right-radius: 2px;border-color: #1e1e1e;border-style: solid;}.uagb-block-55b5edaf .uagb-faq-questions-button{padding-top: 10px;padding-bottom: 10px;padding-right: 10px;padding-left: 10px;}.uagb-block-55b5edaf .uagb-faq-content{padding-top: 10px;padding-bottom: 10px;padding-right: 10px;padding-left: 10px;}.uagb-block-55b5edaf .uagb-faq-content span{margin-top: 10px;margin-bottom: 10px;margin-right: 10px;margin-left: 10px;}.uagb-block-55b5edaf.uagb-faq-icon-row .uagb-faq-item .uagb-faq-icon-wrap{margin-right: 10px;}.uagb-block-55b5edaf.uagb-faq-icon-row-reverse .uagb-faq-item .uagb-faq-icon-wrap{margin-left: 10px;}.uagb-block-55b5edaf .uagb-faq-item .uagb-faq-questions-button.uagb-faq-questions{flex-direction: row;}.uagb-block-55b5edaf .wp-block-uagb-faq-child.uagb-faq-child__outer-wrap .uagb-faq-content {display: none;}@media only screen and (max-width: 976px) {.uagb-block-55b5edaf.uagb-faq-icon-row .uagb-faq-item .uagb-faq-icon-wrap{margin-right: 10px;}.uagb-block-55b5edaf.uagb-faq-icon-row-reverse .uagb-faq-item .uagb-faq-icon-wrap{margin-left: 10px;}.uagb-block-55b5edaf .uagb-faq-questions-button{padding-top: 10px;padding-bottom: 10px;padding-right: 10px;padding-left: 10px;}.uagb-block-55b5edaf .uagb-faq-content{padding-top: 10px;padding-bottom: 10px;padding-right: 10px;padding-left: 10px;}.uagb-block-55b5edaf .uagb-faq-content span{margin-top: 10px;margin-bottom: 10px;margin-right: 10px;margin-left: 10px;}}@media only screen and (max-width: 767px) {.uagb-block-55b5edaf.uagb-faq-icon-row .uagb-faq-item .uagb-faq-icon-wrap{margin-right: 10px;}.uagb-block-55b5edaf.uagb-faq-icon-row-reverse .uagb-faq-item .uagb-faq-icon-wrap{margin-left: 10px;}.uagb-block-55b5edaf .uagb-faq-questions-button{padding-top: 10px;padding-bottom: 10px;padding-right: 10px;padding-left: 10px;}.uagb-block-55b5edaf .uagb-faq-content{padding-top: 10px;padding-bottom: 10px;padding-right: 10px;padding-left: 10px;}.uagb-block-55b5edaf .uagb-faq-content span{margin-top: 10px;margin-bottom: 10px;margin-right: 10px;margin-left: 10px;}}\";s:2:\"js\";s:0:\"\";s:18:\"current_block_list\";a:10:{i:0;s:11:\"core\/search\";i:1;s:10:\"core\/group\";i:2;s:12:\"core\/heading\";i:3;s:17:\"core\/latest-posts\";i:4;s:20:\"core\/latest-comments\";i:5;s:13:\"core\/archives\";i:6;s:15:\"core\/categories\";i:7;s:14:\"core\/paragraph\";i:8;s:8:\"uagb\/faq\";i:9;s:14:\"uagb\/faq-child\";}s:8:\"uag_flag\";b:1;s:11:\"uag_version\";s:10:\"1775829763\";s:6:\"gfonts\";a:0:{}s:10:\"gfonts_url\";s:0:\"\";s:12:\"gfonts_files\";a:0:{}s:14:\"uag_faq_layout\";b:1;}"],"_uag_css_file_name":["uag-css-2494.css"]},"uagb_featured_image_src":{"full":["https:\/\/senyenergy.com\/wp-content\/uploads\/2025\/05\/Adjustable-Solar-Panel-Z-Brackets-kit.jpg",800,800,false],"thumbnail":["https:\/\/senyenergy.com\/wp-content\/uploads\/2025\/05\/Adjustable-Solar-Panel-Z-Brackets-kit-150x150.jpg",150,150,true],"medium":["https:\/\/senyenergy.com\/wp-content\/uploads\/2025\/05\/Adjustable-Solar-Panel-Z-Brackets-kit-300x300.jpg",300,300,true],"medium_large":["https:\/\/senyenergy.com\/wp-content\/uploads\/2025\/05\/Adjustable-Solar-Panel-Z-Brackets-kit-768x768.jpg",768,768,true],"large":["https:\/\/senyenergy.com\/wp-content\/uploads\/2025\/05\/Adjustable-Solar-Panel-Z-Brackets-kit.jpg",800,800,false],"1536x1536":["https:\/\/senyenergy.com\/wp-content\/uploads\/2025\/05\/Adjustable-Solar-Panel-Z-Brackets-kit.jpg",800,800,false],"2048x2048":["https:\/\/senyenergy.com\/wp-content\/uploads\/2025\/05\/Adjustable-Solar-Panel-Z-Brackets-kit.jpg",800,800,false],"trp-custom-language-flag":["https:\/\/senyenergy.com\/wp-content\/uploads\/2025\/05\/Adjustable-Solar-Panel-Z-Brackets-kit-12x12.jpg",12,12,true],"woocommerce_thumbnail":["https:\/\/senyenergy.com\/wp-content\/uploads\/2025\/05\/Adjustable-Solar-Panel-Z-Brackets-kit-300x300.jpg",300,300,true],"woocommerce_single":["https:\/\/senyenergy.com\/wp-content\/uploads\/2025\/05\/Adjustable-Solar-Panel-Z-Brackets-kit-600x600.jpg",600,600,true],"woocommerce_gallery_thumbnail":["https:\/\/senyenergy.com\/wp-content\/uploads\/2025\/05\/Adjustable-Solar-Panel-Z-Brackets-kit-100x100.jpg",100,100,true]},"uagb_author_info":{"display_name":"wp-admin","author_link":"https:\/\/senyenergy.com\/es\/author\/"},"uagb_comment_info":0,"uagb_excerpt":"The New Adjustable Solar Panel Z Bracket kit\u00a0can adjust angle and height, ideal for the installation on irregular surfaces and for the optimal tilt angle of solar panels.These brackets feature a Z-shaped design that provides optimal strength and stability with angle adjustment range: 0\u00b0-180\u00b0Bracket height adjustment range: 4.7\"-6.7\"(120-170mm) ensuring your solar panels are firmly fixed&hellip;","_links":{"self":[{"href":"https:\/\/senyenergy.com\/es\/wp-json\/wp\/v2\/product\/2494","targetHints":{"allow":["GET"]}}],"collection":[{"href":"https:\/\/senyenergy.com\/es\/wp-json\/wp\/v2\/product"}],"about":[{"href":"https:\/\/senyenergy.com\/es\/wp-json\/wp\/v2\/types\/product"}],"wp:featuredmedia":[{"embeddable":true,"href":"https:\/\/senyenergy.com\/es\/wp-json\/wp\/v2\/media\/2495"}],"wp:attachment":[{"href":"https:\/\/senyenergy.com\/es\/wp-json\/wp\/v2\/media?parent=2494"}],"wp:term":[{"taxonomy":"product_brand","embeddable":true,"href":"https:\/\/senyenergy.com\/es\/wp-json\/wp\/v2\/product_brand?post=2494"},{"taxonomy":"product_cat","embeddable":true,"href":"https:\/\/senyenergy.com\/es\/wp-json\/wp\/v2\/product_cat?post=2494"},{"taxonomy":"product_tag","embeddable":true,"href":"https:\/\/senyenergy.com\/es\/wp-json\/wp\/v2\/product_tag?post=2494"}],"curies":[{"name":"wp","href":"https:\/\/api.w.org\/{rel}","templated":true}]}}