{"id":2476,"date":"2025-05-23T10:11:51","date_gmt":"2025-05-23T02:11:51","guid":{"rendered":"https:\/\/senyenergy.com\/?post_type=product&#038;p=2476"},"modified":"2025-07-13T10:53:01","modified_gmt":"2025-07-13T02:53:01","slug":"125mm-altura-l-pies-soporte-para-montaje-en-tejado-metalico-solar","status":"publish","type":"product","link":"https:\/\/senyenergy.com\/es\/product\/125mm-altura-l-pies-soporte-para-montaje-en-tejado-metalico-solar\/","title":{"rendered":"125mm Solar L Pies Soporte para Montaje en Techo Met\u00e1lico"},"content":{"rendered":"<p><strong><b>125mm Solar L Pies Soporte <\/b><\/strong>para montaje solar en tejado met\u00e1lico es una pieza de componentes de montaje solar muy universal, ya que puede utilizarse para la mayor\u00eda de tipos de montaje fotovoltaico en tejado met\u00e1lico. Los \u00e1ngulos de instalaci\u00f3n est\u00e1n disponibles de 0 grados a 60 grados. El soporte de pie en L para montaje solar proporciona una instalaci\u00f3n sencilla para el montaje solar en tejados met\u00e1licos. Adem\u00e1s, tambi\u00e9n es una de las soluciones m\u00e1s rentables aplicada para el techo de chapa ondulada y trapezoidal universal.<\/p>\n<p>&nbsp;<\/p>\n<p><strong><b>Este soporte solar de 125 mm en L<\/b><\/strong>El dise\u00f1o de agujero largo es flexible para ajustar la altura del carril, hacer la instalaci\u00f3n m\u00e1s r\u00e1pida. El dise\u00f1o del agujero largo es flexible para ajustar la altura del carril, hacer la instalaci\u00f3n m\u00e1s r\u00e1pida.<\/p>\n<p>&nbsp;<\/p>\n<p>Este soporte de montaje de pies en L est\u00e1 hecho de material AL6005-T5 de buena calidad, ligero, resistente a la corrosi\u00f3n y duradero. El tratamiento de superficie dentada de la parte superior se puede fijar con el carril firmemente para evitar el deslizamiento. La almohadilla de caucho EPDM de alta calidad es muy duradera para un servicio de larga duraci\u00f3n.<\/p>\n<p>&nbsp;<\/p>\n<p>Caracter\u00edsticas de <strong><b>125mm Solar L Pies Soporte<\/b><\/strong><strong><b> para montaje en tejado met\u00e1lico<\/b><\/strong>:<\/p>\n<p>Dise\u00f1o en forma de L: Proporciona un punto de anclaje fuerte y estable para los paneles solares, garantizando una fijaci\u00f3n segura.<\/p>\n<p>125 mm de altura: Ofrece un espacio libre adecuado para una correcta ventilaci\u00f3n y drenaje debajo de los paneles solares.<\/p>\n<p>Compatibilidad vers\u00e1til: Adecuado para diversas configuraciones de paneles solares y tipos de tejado.<\/p>\n<p>Estabilidad: Garantiza una fijaci\u00f3n segura, reduciendo el riesgo de movimiento del panel con vientos fuertes.<\/p>\n<p>Facilidad de instalaci\u00f3n: Dise\u00f1ado para una instalaci\u00f3n r\u00e1pida y sencilla, minimizando el tiempo de mano de obra.<\/p>\n<p>Mayor rendimiento: Permite la ventilaci\u00f3n, ayudando a mantener temperaturas de funcionamiento \u00f3ptimas para los paneles solares.<\/p>\n<p>Resistencia a la corrosi\u00f3n: Los materiales duraderos garantizan un rendimiento a largo plazo en diversas condiciones clim\u00e1ticas.<\/p>\n<p>&nbsp;<\/p>\n<p>En <strong><b>125mm Solar L Pies Soporte <\/b><\/strong>puede matem\u00e1ticas con madera y tornillos autoperforantes o nuestros pernos de suspensi\u00f3n para satisfacer diferentes correas del techo y el requisito, y la almohadilla de goma EPDM puede evitar fugas de agua causadas por la perforaci\u00f3n. Pies L se monta en el techo de metal directamente y conectar con los carriles que es de montaje lateral, simple y f\u00e1cil de instalar.<\/p>\n<p>&nbsp;<\/p>\n<p>Preguntas frecuentes<\/p>\n<p>P: \u00bfPuedo apilar los pies en L para aumentar la altura?<\/p>\n<p>R: No se recomienda; utilice un soporte m\u00e1s alto o consulte al fabricante.<\/p>\n<p>&nbsp;<\/p>\n<p>P: \u00bfEs 125 mm adecuado para tejados planos?<\/p>\n<p>R: S\u00ed, pero aseg\u00farese de que el \u00e1ngulo de inclinaci\u00f3n es adecuado para el drenaje.<\/p>\n<p>&nbsp;<\/p>\n<p>P: \u00bfCu\u00e1ntos pies en L por panel?<\/p>\n<p>R: Normalmente 4-8, dependiendo del tama\u00f1o del panel y el espaciado.<\/p>\n<p>Para conocer los requisitos exactos, comparte los detalles de tu proyecto (tipo de tejado, ubicaci\u00f3n, especificaciones de los paneles) con un instalador o proveedor de energ\u00eda solar para confirmar la compatibilidad.<\/p>","protected":false},"excerpt":{"rendered":"<p>125mm de altura de este <strong><b>Pie en L para soporte solar<\/b><\/strong>El dise\u00f1o de agujero largo es flexible para ajustar la altura del carril, hacer la instalaci\u00f3n m\u00e1s r\u00e1pida.<\/p>\n<div class=\"wp-block-button popmake-1937\"><a class=\"wp-block-button__link wp-element-button\">comprobaci\u00f3n de precios<\/a><\/div>","protected":false},"featured_media":2477,"template":"","meta":{"_uag_custom_page_level_css":"","site-sidebar-layout":"default","site-content-layout":"","ast-site-content-layout":"default","site-content-style":"default","site-sidebar-style":"default","ast-global-header-display":"","ast-banner-title-visibility":"","ast-main-header-display":"","ast-hfb-above-header-display":"","ast-hfb-below-header-display":"","ast-hfb-mobile-header-display":"","site-post-title":"","ast-breadcrumbs-content":"","ast-featured-img":"","footer-sml-layout":"","ast-disable-related-posts":"","theme-transparent-header-meta":"default","adv-header-id-meta":"","stick-header-meta":"","header-above-stick-meta":"","header-main-stick-meta":"","header-below-stick-meta":"","astra-migrate-meta-layouts":"set","ast-page-background-enabled":"default","ast-page-background-meta":{"desktop":{"background-color":"","background-image":"","background-repeat":"repeat","background-position":"center center","background-size":"auto","background-attachment":"scroll","background-type":"","background-media":"","overlay-type":"","overlay-color":"","overlay-opacity":"","overlay-gradient":""},"tablet":{"background-color":"","background-image":"","background-repeat":"repeat","background-position":"center center","background-size":"auto","background-attachment":"scroll","background-type":"","background-media":"","overlay-type":"","overlay-color":"","overlay-opacity":"","overlay-gradient":""},"mobile":{"background-color":"","background-image":"","background-repeat":"repeat","background-position":"center center","background-size":"auto","background-attachment":"scroll","background-type":"","background-media":"","overlay-type":"","overlay-color":"","overlay-opacity":"","overlay-gradient":""}},"ast-content-background-meta":{"desktop":{"background-color":"var(--ast-global-color-5)","background-image":"","background-repeat":"repeat","background-position":"center center","background-size":"auto","background-attachment":"scroll","background-type":"","background-media":"","overlay-type":"","overlay-color":"","overlay-opacity":"","overlay-gradient":""},"tablet":{"background-color":"var(--ast-global-color-5)","background-image":"","background-repeat":"repeat","background-position":"center center","background-size":"auto","background-attachment":"scroll","background-type":"","background-media":"","overlay-type":"","overlay-color":"","overlay-opacity":"","overlay-gradient":""},"mobile":{"background-color":"var(--ast-global-color-5)","background-image":"","background-repeat":"repeat","background-position":"center center","background-size":"auto","background-attachment":"scroll","background-type":"","background-media":"","overlay-type":"","overlay-color":"","overlay-opacity":"","overlay-gradient":""}}},"product_brand":[],"product_cat":[25,23,33],"product_tag":[123,124,51,54,120,125,53,34,119,117,52,118],"class_list":{"0":"post-2476","1":"product","2":"type-product","3":"status-publish","4":"has-post-thumbnail","6":"product_cat-excellent","7":"product_cat-solar-accessories","8":"product_cat-solar-panel-accessories","9":"product_tag-l-foot-solar-bracket","10":"product_tag-l-foot-solar-mounting","11":"product_tag-metal-roof-solar-mounting","12":"product_tag-rooftop-solar-mounting","13":"product_tag-solar-energy","14":"product_tag-solar-l-foot-system","15":"product_tag-solar-mounting-system","16":"product_tag-solar-panel","17":"product_tag-solar-system","18":"product_tag-tin-roof-solar-mounting","19":"product_tag-trapezoidal-metal-roof-solar-mounting","20":"product_tag-trapezoidal-sheet-solar-mounting","21":"desktop-align-left","22":"tablet-align-left","23":"mobile-align-left","25":"first","26":"instock","27":"shipping-taxable","28":"product-type-simple"},"spectra_custom_meta":{"_uabb_version":["1.36.1"],"_edit_last":["1"],"_edit_lock":["1752375205:1"],"_thumbnail_id":["2477"],"total_sales":["0"],"_tax_status":["taxable"],"_tax_class":[""],"_manage_stock":["no"],"_backorders":["no"],"_sold_individually":["no"],"_virtual":["no"],"_downloadable":["no"],"_download_limit":["-1"],"_download_expiry":["-1"],"_stock":[null],"_stock_status":["instock"],"_wc_average_rating":["0"],"_wc_review_count":["0"],"_product_version":["9.6.2"],"_product_image_gallery":["2481,2478,2479,2480"],"site-sidebar-layout":["default"],"ast-site-content-layout":["default"],"site-content-style":["default"],"site-sidebar-style":["default"],"theme-transparent-header-meta":["default"],"astra-migrate-meta-layouts":["set"],"_uag_page_assets":["a:9:{s:3:\"css\";s:5055:\".wp-block-uagb-faq{width:100%}.wp-block-uagb-faq.uagb-faq-layout-accordion .uagb-faq-child__outer-wrap .uagb-faq-questions-button{cursor:pointer}.wp-block-uagb-faq .uagb-faq-content{margin-bottom:0}.wp-block-uagb-faq .uagb-faq-content p{margin:auto}.uagb-faq-layout-grid.uagb-faq-equal-height.uagb-faq__wrap .uagb-faq-child__outer-wrap,.uagb-faq-layout-grid.uagb-faq-equal-height.uagb-faq__wrap .uagb-faq-item{height:100%}body[class*=\"astra\"] .uagb-faq-questions{line-height:normal}.uagb-faq-item{overflow:hidden}\n.wp-block-uagb-faq-child .uagb-faq-questions-button{display:flex;align-items:center}.wp-block-uagb-faq-child .uagb-faq-questions-button .uagb-faq-icon-wrap{display:flex;align-items:center}.wp-block-uagb-faq-child .uagb-faq-questions-button .uagb-question{width:100%;margin-top:0;margin-bottom:0}.wp-block-uagb-faq-child .uagb-icon svg,.wp-block-uagb-faq-child .uagb-icon-active svg{width:15px;height:15px;font-size:15px}.wp-block-uagb-faq-child.uagb-faq-child__outer-wrap.uagb-faq-item .uagb-icon-active,.wp-block-uagb-faq-child.uagb-faq-child__outer-wrap.uagb-faq-item.uagb-faq-item-active .uagb-icon,.wp-block-uagb-faq-child.uagb-faq-child__outer-wrap .uagb-faq-item .uagb-icon-active,.wp-block-uagb-faq-child.uagb-faq-child__outer-wrap .uagb-faq-item.uagb-faq-item-active .uagb-icon{display:none;width:0;padding:0;height:0;margin:0}.wp-block-uagb-faq-child.uagb-faq-child__outer-wrap.uagb-faq-item .uagb-icon,.wp-block-uagb-faq-child.uagb-faq-child__outer-wrap.uagb-faq-item.uagb-faq-item-active .uagb-icon-active,.wp-block-uagb-faq-child.uagb-faq-child__outer-wrap .uagb-faq-item .uagb-icon,.wp-block-uagb-faq-child.uagb-faq-child__outer-wrap .uagb-faq-item.uagb-faq-item-active .uagb-icon-active{display:flex;width:auto;height:auto}.uagb-faq-layout-grid .uagb-faq-child__outer-wrap.uagb-faq-item .uagb-icon,.uagb-faq-layout-grid .uagb-faq-child__outer-wrap.uagb-faq-item.uagb-faq-item-active .uagb-icon-active,.uagb-faq-layout-grid .uagb-faq-child__outer-wrap .uagb-faq-item .uagb-icon,.uagb-faq-layout-grid .uagb-faq-child__outer-wrap .uagb-faq-item.uagb-faq-item-active .uagb-icon-active{display:none}.uagb-faq-layout-grid .uagb-faq-child__outer-wrap.uagb-faq-item span.uagb-icon-active.uagb-faq-icon-wrap,.uagb-faq-layout-grid .uagb-faq-child__outer-wrap.uagb-faq-item.uagb-faq-item-active .uagb-icon-active,.uagb-faq-layout-grid .uagb-faq-child__outer-wrap .uagb-faq-item span.uagb-icon-active.uagb-faq-icon-wrap,.uagb-faq-layout-grid .uagb-faq-child__outer-wrap .uagb-faq-item.uagb-faq-item-active .uagb-icon-active{display:none}\n.uagb-block-55b5edaf .uagb-icon svg{width: 12px;height: 12px;font-size: 12px;}.uagb-block-55b5edaf .uagb-icon-active svg{width: 12px;height: 12px;font-size: 12px;}.uagb-block-55b5edaf .uagb-faq-child__outer-wrap{margin-bottom: 10px;}.uagb-block-55b5edaf .uagb-faq-item{border-top-width: 1px;border-left-width: 1px;border-right-width: 1px;border-bottom-width: 1px;border-top-left-radius: 2px;border-top-right-radius: 2px;border-bottom-left-radius: 2px;border-bottom-right-radius: 2px;border-color: #1e1e1e;border-style: solid;}.uagb-block-55b5edaf .uagb-faq-questions-button{padding-top: 10px;padding-bottom: 10px;padding-right: 10px;padding-left: 10px;}.uagb-block-55b5edaf .uagb-faq-content{padding-top: 10px;padding-bottom: 10px;padding-right: 10px;padding-left: 10px;}.uagb-block-55b5edaf .uagb-faq-content span{margin-top: 10px;margin-bottom: 10px;margin-right: 10px;margin-left: 10px;}.uagb-block-55b5edaf.uagb-faq-icon-row .uagb-faq-item .uagb-faq-icon-wrap{margin-right: 10px;}.uagb-block-55b5edaf.uagb-faq-icon-row-reverse .uagb-faq-item .uagb-faq-icon-wrap{margin-left: 10px;}.uagb-block-55b5edaf .uagb-faq-item .uagb-faq-questions-button.uagb-faq-questions{flex-direction: row;}.uagb-block-55b5edaf .wp-block-uagb-faq-child.uagb-faq-child__outer-wrap .uagb-faq-content {display: none;}@media only screen and (max-width: 976px) {.uagb-block-55b5edaf.uagb-faq-icon-row .uagb-faq-item .uagb-faq-icon-wrap{margin-right: 10px;}.uagb-block-55b5edaf.uagb-faq-icon-row-reverse .uagb-faq-item .uagb-faq-icon-wrap{margin-left: 10px;}.uagb-block-55b5edaf .uagb-faq-questions-button{padding-top: 10px;padding-bottom: 10px;padding-right: 10px;padding-left: 10px;}.uagb-block-55b5edaf .uagb-faq-content{padding-top: 10px;padding-bottom: 10px;padding-right: 10px;padding-left: 10px;}.uagb-block-55b5edaf .uagb-faq-content span{margin-top: 10px;margin-bottom: 10px;margin-right: 10px;margin-left: 10px;}}@media only screen and (max-width: 767px) {.uagb-block-55b5edaf.uagb-faq-icon-row .uagb-faq-item .uagb-faq-icon-wrap{margin-right: 10px;}.uagb-block-55b5edaf.uagb-faq-icon-row-reverse .uagb-faq-item .uagb-faq-icon-wrap{margin-left: 10px;}.uagb-block-55b5edaf .uagb-faq-questions-button{padding-top: 10px;padding-bottom: 10px;padding-right: 10px;padding-left: 10px;}.uagb-block-55b5edaf .uagb-faq-content{padding-top: 10px;padding-bottom: 10px;padding-right: 10px;padding-left: 10px;}.uagb-block-55b5edaf .uagb-faq-content span{margin-top: 10px;margin-bottom: 10px;margin-right: 10px;margin-left: 10px;}}\";s:2:\"js\";s:0:\"\";s:18:\"current_block_list\";a:10:{i:0;s:11:\"core\/search\";i:1;s:10:\"core\/group\";i:2;s:12:\"core\/heading\";i:3;s:17:\"core\/latest-posts\";i:4;s:20:\"core\/latest-comments\";i:5;s:13:\"core\/archives\";i:6;s:15:\"core\/categories\";i:7;s:14:\"core\/paragraph\";i:8;s:8:\"uagb\/faq\";i:9;s:14:\"uagb\/faq-child\";}s:8:\"uag_flag\";b:1;s:11:\"uag_version\";s:10:\"1775829763\";s:6:\"gfonts\";a:0:{}s:10:\"gfonts_url\";s:0:\"\";s:12:\"gfonts_files\";a:0:{}s:14:\"uag_faq_layout\";b:1;}"],"_uag_css_file_name":["uag-css-2476.css"]},"uagb_featured_image_src":{"full":["https:\/\/senyenergy.com\/wp-content\/uploads\/2025\/05\/125mm-L-foot-bracket-for-solar-metal-roof-mounting.jpg",800,800,false],"thumbnail":["https:\/\/senyenergy.com\/wp-content\/uploads\/2025\/05\/125mm-L-foot-bracket-for-solar-metal-roof-mounting-150x150.jpg",150,150,true],"medium":["https:\/\/senyenergy.com\/wp-content\/uploads\/2025\/05\/125mm-L-foot-bracket-for-solar-metal-roof-mounting-300x300.jpg",300,300,true],"medium_large":["https:\/\/senyenergy.com\/wp-content\/uploads\/2025\/05\/125mm-L-foot-bracket-for-solar-metal-roof-mounting-768x768.jpg",768,768,true],"large":["https:\/\/senyenergy.com\/wp-content\/uploads\/2025\/05\/125mm-L-foot-bracket-for-solar-metal-roof-mounting.jpg",800,800,false],"1536x1536":["https:\/\/senyenergy.com\/wp-content\/uploads\/2025\/05\/125mm-L-foot-bracket-for-solar-metal-roof-mounting.jpg",800,800,false],"2048x2048":["https:\/\/senyenergy.com\/wp-content\/uploads\/2025\/05\/125mm-L-foot-bracket-for-solar-metal-roof-mounting.jpg",800,800,false],"trp-custom-language-flag":["https:\/\/senyenergy.com\/wp-content\/uploads\/2025\/05\/125mm-L-foot-bracket-for-solar-metal-roof-mounting-12x12.jpg",12,12,true],"woocommerce_thumbnail":["https:\/\/senyenergy.com\/wp-content\/uploads\/2025\/05\/125mm-L-foot-bracket-for-solar-metal-roof-mounting-300x300.jpg",300,300,true],"woocommerce_single":["https:\/\/senyenergy.com\/wp-content\/uploads\/2025\/05\/125mm-L-foot-bracket-for-solar-metal-roof-mounting-600x600.jpg",600,600,true],"woocommerce_gallery_thumbnail":["https:\/\/senyenergy.com\/wp-content\/uploads\/2025\/05\/125mm-L-foot-bracket-for-solar-metal-roof-mounting-100x100.jpg",100,100,true]},"uagb_author_info":{"display_name":"wp-admin","author_link":"https:\/\/senyenergy.com\/es\/author\/"},"uagb_comment_info":0,"uagb_excerpt":"125mm height of this L foot for solar bracket, make more space between solar panel and roofing,conducive to the heat dissipation of solar panels.Ensure the service life of solar panels and the most efficient power generation output.The long hole design is flexible for adjusting the height of \u00a0the rail, make the installation more faster. price&hellip;","_links":{"self":[{"href":"https:\/\/senyenergy.com\/es\/wp-json\/wp\/v2\/product\/2476","targetHints":{"allow":["GET"]}}],"collection":[{"href":"https:\/\/senyenergy.com\/es\/wp-json\/wp\/v2\/product"}],"about":[{"href":"https:\/\/senyenergy.com\/es\/wp-json\/wp\/v2\/types\/product"}],"wp:featuredmedia":[{"embeddable":true,"href":"https:\/\/senyenergy.com\/es\/wp-json\/wp\/v2\/media\/2477"}],"wp:attachment":[{"href":"https:\/\/senyenergy.com\/es\/wp-json\/wp\/v2\/media?parent=2476"}],"wp:term":[{"taxonomy":"product_brand","embeddable":true,"href":"https:\/\/senyenergy.com\/es\/wp-json\/wp\/v2\/product_brand?post=2476"},{"taxonomy":"product_cat","embeddable":true,"href":"https:\/\/senyenergy.com\/es\/wp-json\/wp\/v2\/product_cat?post=2476"},{"taxonomy":"product_tag","embeddable":true,"href":"https:\/\/senyenergy.com\/es\/wp-json\/wp\/v2\/product_tag?post=2476"}],"curies":[{"name":"wp","href":"https:\/\/api.w.org\/{rel}","templated":true}]}}