{"id":2442,"date":"2025-05-15T15:57:59","date_gmt":"2025-05-15T07:57:59","guid":{"rendered":"https:\/\/senyenergy.com\/?post_type=product&#038;p=2442"},"modified":"2025-05-15T15:57:59","modified_gmt":"2025-05-15T07:57:59","slug":"montaje-solar-en-tejado-plano-de-tpo-impermeable-y-flexible","status":"publish","type":"product","link":"https:\/\/senyenergy.com\/es\/product\/montaje-solar-en-tejado-plano-de-tpo-impermeable-y-flexible\/","title":{"rendered":"Techo Plano TPO Montaje Solar Impermeable y Flexible"},"content":{"rendered":"<p>Las cubiertas planas de TPO (olefina termopl\u00e1stica) se utilizan habitualmente en tejados comerciales e industriales y pueden utilizarse eficazmente para instalaciones de paneles solares.<\/p>\n<p>Hemos desarrollado una nueva estructura de montaje fotovoltaico fabricada en acero inoxidable y aluminio, que ofrece una combinaci\u00f3n perfecta entre los soportes de fijaci\u00f3n de TPO y los tejados met\u00e1licos trapezoidales. El aparato incluye un ra\u00edl, kits de abrazaderas, un kit de soporte, el soporte de fijaci\u00f3n para tejados de TPO y una placa de cubierta de TPO.<\/p>\n<p>Nuestra <strong><b>Montaje solar en tejado plano de TPO<\/b><\/strong>\u00a0La cubierta impermeable flexible est\u00e1 dise\u00f1ada principalmente para cubiertas de tejas de acero de color, abordando cuestiones clave como la impermeabilizaci\u00f3n y el envejecimiento. A\u00f1ade una capa aislante y una capa de material TPO\/PVC de larga duraci\u00f3n sobre la capa estructural. La estructura principal del sistema de soporte solar para tejados impermeables de TPO (base de TPO) est\u00e1 hecha de acero inoxidable y aleaci\u00f3n de aluminio. Su dise\u00f1o impermeable profesional garantiza que los propietarios no tengan que preocuparse por las filtraciones del tejado, satisfaciendo eficazmente la doble necesidad de instalaci\u00f3n de la estaci\u00f3n de energ\u00eda solar y de protecci\u00f3n del tejado.<\/p>\n<p>&nbsp;<\/p>\n<p>Caracter\u00edsticas del <strong><b>Montaje solar en tejado plano de TPO<\/b><\/strong>\u00a0:<\/p>\n<p>Sistemas de montaje no penetrantes: Dise\u00f1ados para fijar los paneles solares sin penetrar en la membrana, reduciendo el riesgo de fugas. Excelente rendimiento impermeable<\/p>\n<p>Bastidores ajustables: Muchos sistemas ofrecen \u00e1ngulos ajustables para optimizar la orientaci\u00f3n de los paneles solares y obtener la m\u00e1xima exposici\u00f3n a la luz solar.<\/p>\n<p>Materiales resistentes a la corrosi\u00f3n: Construido en aluminio y acero inoxidable para soportar las condiciones clim\u00e1ticas.<\/p>\n<p>Integridad del tejado: Minimiza el riesgo de da\u00f1ar la membrana del tejado, preservando la garant\u00eda y la integridad del tejado.<\/p>\n<p>Facilidad de instalaci\u00f3n: Los sistemas no penetrantes pueden instalarse r\u00e1pidamente, por lo que suelen requerir menos mano de obra y tiempo.<\/p>\n<p>Flexibilidad: Las estanter\u00edas ajustables permiten una colocaci\u00f3n \u00f3ptima de los paneles, lo que mejora la generaci\u00f3n de energ\u00eda.<\/p>\n<p>&nbsp;<\/p>\n<p>Pasos de la instalaci\u00f3n de <strong><b>Montaje solar en tejado plano de TPO <\/b><\/strong>:<\/p>\n<p>1.Posicionamiento y perforaci\u00f3n.<\/p>\n<p>2.Limpieza de los orificios y lavado de la superficie.<\/p>\n<p>3.Instalaci\u00f3n de los soportes.<\/p>\n<p>4.Realizaci\u00f3n de la soldadura por aire caliente.<\/p>\n<p>5.Instalaci\u00f3n de los ra\u00edles.<\/p>\n<p>La membrana impermeable TPO, o membrana impermeable de poliolefina termopl\u00e1stica, es un nuevo tipo de material impermeabilizante. Est\u00e1 fabricada con resina sint\u00e9tica de poliolefina termopl\u00e1stica (TPO), que combina caucho de etileno propileno y polipropileno mediante una avanzada tecnolog\u00eda de polimerizaci\u00f3n. Se le a\u00f1aden antioxidantes, agentes antienvejecimiento y suavizantes para mejorar sus propiedades. Adem\u00e1s, se puede utilizar tela de malla de fibra de poli\u00e9ster como material de refuerzo interno para crear una membrana impermeable mejorada. Este producto pertenece a la categor\u00eda de membranas impermeables de pol\u00edmeros sint\u00e9ticos.<\/p>\n<p>&nbsp;<\/p>\n<p><strong><b>Montaje solar en tejado plano de TPO<\/b><\/strong>\u00a0Las principales caracter\u00edsticas de la soluci\u00f3n impermeable son su gran adaptabilidad al entorno, su alta resistencia a la descascarilladura de las costuras, su excelente resistencia al envejecimiento, su resistencia a la corrosi\u00f3n qu\u00edmica, su buena plasticidad, la ausencia de necesidad de una capa protectora cuando est\u00e1 expuesta, su construcci\u00f3n c\u00f3moda y sin contaminaci\u00f3n, y su extraordinaria resistencia a la perforaci\u00f3n.<\/p>","protected":false},"excerpt":{"rendered":"<p>Nuestra <strong><b>Montaje solar en tejado plano de TPO<\/b><\/strong> La cubierta impermeable flexible est\u00e1 dise\u00f1ada principalmente para cubiertas de tejas de acero de color, abordando cuestiones clave como la impermeabilizaci\u00f3n y el envejecimiento. A\u00f1ade una capa aislante y una capa de material TPO\/PVC de larga duraci\u00f3n sobre la capa estructural. La estructura principal del sistema de soporte solar para tejados impermeables de TPO (base de TPO) est\u00e1 hecha de acero inoxidable y aleaci\u00f3n de aluminio. Su dise\u00f1o impermeable profesional garantiza que los propietarios no tengan que preocuparse por las filtraciones del tejado, satisfaciendo eficazmente la doble necesidad de instalaci\u00f3n de la estaci\u00f3n de energ\u00eda solar y de protecci\u00f3n del tejado.<\/p>\n<div class=\"wp-block-button popmake-1937\"><a class=\"wp-block-button__link wp-element-button\">comprobaci\u00f3n de precios<\/a><\/div>","protected":false},"featured_media":2448,"template":"","meta":{"_uag_custom_page_level_css":"","site-sidebar-layout":"default","site-content-layout":"","ast-site-content-layout":"default","site-content-style":"default","site-sidebar-style":"default","ast-global-header-display":"","ast-banner-title-visibility":"","ast-main-header-display":"","ast-hfb-above-header-display":"","ast-hfb-below-header-display":"","ast-hfb-mobile-header-display":"","site-post-title":"","ast-breadcrumbs-content":"","ast-featured-img":"","footer-sml-layout":"","ast-disable-related-posts":"","theme-transparent-header-meta":"default","adv-header-id-meta":"","stick-header-meta":"","header-above-stick-meta":"","header-main-stick-meta":"","header-below-stick-meta":"","astra-migrate-meta-layouts":"set","ast-page-background-enabled":"default","ast-page-background-meta":{"desktop":{"background-color":"","background-image":"","background-repeat":"repeat","background-position":"center center","background-size":"auto","background-attachment":"scroll","background-type":"","background-media":"","overlay-type":"","overlay-color":"","overlay-opacity":"","overlay-gradient":""},"tablet":{"background-color":"","background-image":"","background-repeat":"repeat","background-position":"center center","background-size":"auto","background-attachment":"scroll","background-type":"","background-media":"","overlay-type":"","overlay-color":"","overlay-opacity":"","overlay-gradient":""},"mobile":{"background-color":"","background-image":"","background-repeat":"repeat","background-position":"center center","background-size":"auto","background-attachment":"scroll","background-type":"","background-media":"","overlay-type":"","overlay-color":"","overlay-opacity":"","overlay-gradient":""}},"ast-content-background-meta":{"desktop":{"background-color":"var(--ast-global-color-5)","background-image":"","background-repeat":"repeat","background-position":"center center","background-size":"auto","background-attachment":"scroll","background-type":"","background-media":"","overlay-type":"","overlay-color":"","overlay-opacity":"","overlay-gradient":""},"tablet":{"background-color":"var(--ast-global-color-5)","background-image":"","background-repeat":"repeat","background-position":"center center","background-size":"auto","background-attachment":"scroll","background-type":"","background-media":"","overlay-type":"","overlay-color":"","overlay-opacity":"","overlay-gradient":""},"mobile":{"background-color":"var(--ast-global-color-5)","background-image":"","background-repeat":"repeat","background-position":"center center","background-size":"auto","background-attachment":"scroll","background-type":"","background-media":"","overlay-type":"","overlay-color":"","overlay-opacity":"","overlay-gradient":""}}},"product_brand":[],"product_cat":[25,61,24],"product_tag":[54,46,53,34,101,98,100,99],"class_list":{"0":"post-2442","1":"product","2":"type-product","3":"status-publish","4":"has-post-thumbnail","6":"product_cat-excellent","7":"product_cat-solar-metal-roof-mounting-system","8":"product_cat-solar-mounting-system","9":"product_tag-rooftop-solar-mounting","10":"product_tag-solar-adjustable-mounting","11":"product_tag-solar-mounting-system","12":"product_tag-solar-panel","13":"product_tag-thermoplastic-polyolefin-tpo-waterproof-membrane","14":"product_tag-tpo-roof-solar-mounting","15":"product_tag-tpo-solar-solution","16":"product_tag-tpo-solar-system","17":"desktop-align-left","18":"tablet-align-left","19":"mobile-align-left","21":"first","22":"instock","23":"shipping-taxable","24":"product-type-simple"},"spectra_custom_meta":{"_uabb_version":["1.36.1"],"_edit_last":["1"],"_edit_lock":["1747295803:1"],"_thumbnail_id":["2448"],"total_sales":["0"],"_tax_status":["taxable"],"_tax_class":[""],"_manage_stock":["no"],"_backorders":["no"],"_sold_individually":["no"],"_virtual":["no"],"_downloadable":["no"],"_download_limit":["-1"],"_download_expiry":["-1"],"_stock":[null],"_stock_status":["instock"],"_wc_average_rating":["0"],"_wc_review_count":["0"],"_product_version":["9.6.2"],"_product_image_gallery":["2444,2445,2446,2443,2447"],"site-sidebar-layout":["default"],"ast-site-content-layout":["default"],"site-content-style":["default"],"site-sidebar-style":["default"],"theme-transparent-header-meta":["default"],"astra-migrate-meta-layouts":["set"],"_uag_page_assets":["a:9:{s:3:\"css\";s:5318:\".uag-blocks-common-selector{z-index:var(--z-index-desktop) !important}@media (max-width: 976px){.uag-blocks-common-selector{z-index:var(--z-index-tablet) !important}}@media (max-width: 767px){.uag-blocks-common-selector{z-index:var(--z-index-mobile) !important}}\n.wp-block-uagb-faq{width:100%}.wp-block-uagb-faq.uagb-faq-layout-accordion .uagb-faq-child__outer-wrap .uagb-faq-questions-button{cursor:pointer}.wp-block-uagb-faq .uagb-faq-content{margin-bottom:0}.wp-block-uagb-faq .uagb-faq-content p{margin:auto}.uagb-faq-layout-grid.uagb-faq-equal-height.uagb-faq__wrap .uagb-faq-child__outer-wrap,.uagb-faq-layout-grid.uagb-faq-equal-height.uagb-faq__wrap .uagb-faq-item{height:100%}body[class*=\"astra\"] .uagb-faq-questions{line-height:normal}.uagb-faq-item{overflow:hidden}\n.wp-block-uagb-faq-child .uagb-faq-questions-button{display:flex;align-items:center}.wp-block-uagb-faq-child .uagb-faq-questions-button .uagb-faq-icon-wrap{display:flex;align-items:center}.wp-block-uagb-faq-child .uagb-faq-questions-button .uagb-question{width:100%;margin-top:0;margin-bottom:0}.wp-block-uagb-faq-child .uagb-icon svg,.wp-block-uagb-faq-child .uagb-icon-active svg{width:15px;height:15px;font-size:15px}.wp-block-uagb-faq-child.uagb-faq-child__outer-wrap.uagb-faq-item .uagb-icon-active,.wp-block-uagb-faq-child.uagb-faq-child__outer-wrap.uagb-faq-item.uagb-faq-item-active .uagb-icon,.wp-block-uagb-faq-child.uagb-faq-child__outer-wrap .uagb-faq-item .uagb-icon-active,.wp-block-uagb-faq-child.uagb-faq-child__outer-wrap .uagb-faq-item.uagb-faq-item-active .uagb-icon{display:none;width:0;padding:0;height:0;margin:0}.wp-block-uagb-faq-child.uagb-faq-child__outer-wrap.uagb-faq-item .uagb-icon,.wp-block-uagb-faq-child.uagb-faq-child__outer-wrap.uagb-faq-item.uagb-faq-item-active .uagb-icon-active,.wp-block-uagb-faq-child.uagb-faq-child__outer-wrap .uagb-faq-item .uagb-icon,.wp-block-uagb-faq-child.uagb-faq-child__outer-wrap .uagb-faq-item.uagb-faq-item-active .uagb-icon-active{display:flex;width:auto;height:auto}.uagb-faq-layout-grid .uagb-faq-child__outer-wrap.uagb-faq-item .uagb-icon,.uagb-faq-layout-grid .uagb-faq-child__outer-wrap.uagb-faq-item.uagb-faq-item-active .uagb-icon-active,.uagb-faq-layout-grid .uagb-faq-child__outer-wrap .uagb-faq-item .uagb-icon,.uagb-faq-layout-grid .uagb-faq-child__outer-wrap .uagb-faq-item.uagb-faq-item-active .uagb-icon-active{display:none}.uagb-faq-layout-grid .uagb-faq-child__outer-wrap.uagb-faq-item span.uagb-icon-active.uagb-faq-icon-wrap,.uagb-faq-layout-grid .uagb-faq-child__outer-wrap.uagb-faq-item.uagb-faq-item-active .uagb-icon-active,.uagb-faq-layout-grid .uagb-faq-child__outer-wrap .uagb-faq-item span.uagb-icon-active.uagb-faq-icon-wrap,.uagb-faq-layout-grid .uagb-faq-child__outer-wrap .uagb-faq-item.uagb-faq-item-active .uagb-icon-active{display:none}\n.uagb-block-55b5edaf .uagb-icon svg{width: 12px;height: 12px;font-size: 12px;}.uagb-block-55b5edaf .uagb-icon-active svg{width: 12px;height: 12px;font-size: 12px;}.uagb-block-55b5edaf .uagb-faq-child__outer-wrap{margin-bottom: 10px;}.uagb-block-55b5edaf .uagb-faq-item{border-top-width: 1px;border-left-width: 1px;border-right-width: 1px;border-bottom-width: 1px;border-top-left-radius: 2px;border-top-right-radius: 2px;border-bottom-left-radius: 2px;border-bottom-right-radius: 2px;border-color: #1e1e1e;border-style: solid;}.uagb-block-55b5edaf .uagb-faq-questions-button{padding-top: 10px;padding-bottom: 10px;padding-right: 10px;padding-left: 10px;}.uagb-block-55b5edaf .uagb-faq-content{padding-top: 10px;padding-bottom: 10px;padding-right: 10px;padding-left: 10px;}.uagb-block-55b5edaf .uagb-faq-content span{margin-top: 10px;margin-bottom: 10px;margin-right: 10px;margin-left: 10px;}.uagb-block-55b5edaf.uagb-faq-icon-row .uagb-faq-item .uagb-faq-icon-wrap{margin-right: 10px;}.uagb-block-55b5edaf.uagb-faq-icon-row-reverse .uagb-faq-item .uagb-faq-icon-wrap{margin-left: 10px;}.uagb-block-55b5edaf .uagb-faq-item .uagb-faq-questions-button.uagb-faq-questions{flex-direction: row;}.uagb-block-55b5edaf .wp-block-uagb-faq-child.uagb-faq-child__outer-wrap .uagb-faq-content {display: none;}@media only screen and (max-width: 976px) {.uagb-block-55b5edaf.uagb-faq-icon-row .uagb-faq-item .uagb-faq-icon-wrap{margin-right: 10px;}.uagb-block-55b5edaf.uagb-faq-icon-row-reverse .uagb-faq-item .uagb-faq-icon-wrap{margin-left: 10px;}.uagb-block-55b5edaf .uagb-faq-questions-button{padding-top: 10px;padding-bottom: 10px;padding-right: 10px;padding-left: 10px;}.uagb-block-55b5edaf .uagb-faq-content{padding-top: 10px;padding-bottom: 10px;padding-right: 10px;padding-left: 10px;}.uagb-block-55b5edaf .uagb-faq-content span{margin-top: 10px;margin-bottom: 10px;margin-right: 10px;margin-left: 10px;}}@media only screen and (max-width: 767px) {.uagb-block-55b5edaf.uagb-faq-icon-row .uagb-faq-item .uagb-faq-icon-wrap{margin-right: 10px;}.uagb-block-55b5edaf.uagb-faq-icon-row-reverse .uagb-faq-item .uagb-faq-icon-wrap{margin-left: 10px;}.uagb-block-55b5edaf .uagb-faq-questions-button{padding-top: 10px;padding-bottom: 10px;padding-right: 10px;padding-left: 10px;}.uagb-block-55b5edaf .uagb-faq-content{padding-top: 10px;padding-bottom: 10px;padding-right: 10px;padding-left: 10px;}.uagb-block-55b5edaf .uagb-faq-content span{margin-top: 10px;margin-bottom: 10px;margin-right: 10px;margin-left: 10px;}}\";s:2:\"js\";s:0:\"\";s:18:\"current_block_list\";a:10:{i:0;s:11:\"core\/search\";i:1;s:10:\"core\/group\";i:2;s:12:\"core\/heading\";i:3;s:17:\"core\/latest-posts\";i:4;s:20:\"core\/latest-comments\";i:5;s:13:\"core\/archives\";i:6;s:15:\"core\/categories\";i:7;s:14:\"core\/paragraph\";i:8;s:8:\"uagb\/faq\";i:9;s:14:\"uagb\/faq-child\";}s:8:\"uag_flag\";b:1;s:11:\"uag_version\";s:10:\"1775829763\";s:6:\"gfonts\";a:0:{}s:10:\"gfonts_url\";s:0:\"\";s:12:\"gfonts_files\";a:0:{}s:14:\"uag_faq_layout\";b:1;}"],"_uag_css_file_name":["uag-css-2442.css"]},"uagb_featured_image_src":{"full":["https:\/\/senyenergy.com\/wp-content\/uploads\/2025\/05\/TPO-solar-mounting-structures.jpg",800,800,false],"thumbnail":["https:\/\/senyenergy.com\/wp-content\/uploads\/2025\/05\/TPO-solar-mounting-structures-150x150.jpg",150,150,true],"medium":["https:\/\/senyenergy.com\/wp-content\/uploads\/2025\/05\/TPO-solar-mounting-structures-300x300.jpg",300,300,true],"medium_large":["https:\/\/senyenergy.com\/wp-content\/uploads\/2025\/05\/TPO-solar-mounting-structures-768x768.jpg",768,768,true],"large":["https:\/\/senyenergy.com\/wp-content\/uploads\/2025\/05\/TPO-solar-mounting-structures.jpg",800,800,false],"1536x1536":["https:\/\/senyenergy.com\/wp-content\/uploads\/2025\/05\/TPO-solar-mounting-structures.jpg",800,800,false],"2048x2048":["https:\/\/senyenergy.com\/wp-content\/uploads\/2025\/05\/TPO-solar-mounting-structures.jpg",800,800,false],"trp-custom-language-flag":["https:\/\/senyenergy.com\/wp-content\/uploads\/2025\/05\/TPO-solar-mounting-structures-12x12.jpg",12,12,true],"woocommerce_thumbnail":["https:\/\/senyenergy.com\/wp-content\/uploads\/2025\/05\/TPO-solar-mounting-structures-300x300.jpg",300,300,true],"woocommerce_single":["https:\/\/senyenergy.com\/wp-content\/uploads\/2025\/05\/TPO-solar-mounting-structures-600x600.jpg",600,600,true],"woocommerce_gallery_thumbnail":["https:\/\/senyenergy.com\/wp-content\/uploads\/2025\/05\/TPO-solar-mounting-structures-100x100.jpg",100,100,true]},"uagb_author_info":{"display_name":"wp-admin","author_link":"https:\/\/senyenergy.com\/es\/author\/"},"uagb_comment_info":0,"uagb_excerpt":"Our Flat TPO Roof Solar Mounting flexible waterproof roof is primarily designed for color steel tile roofs, addressing key issues such as waterproofing and aging. It adds an insulation layer and a long-life TPO\/PVC material layer on top of the structural layer. The main structure of the TPO waterproof roof solar bracket system (TPO base)&hellip;","_links":{"self":[{"href":"https:\/\/senyenergy.com\/es\/wp-json\/wp\/v2\/product\/2442","targetHints":{"allow":["GET"]}}],"collection":[{"href":"https:\/\/senyenergy.com\/es\/wp-json\/wp\/v2\/product"}],"about":[{"href":"https:\/\/senyenergy.com\/es\/wp-json\/wp\/v2\/types\/product"}],"wp:featuredmedia":[{"embeddable":true,"href":"https:\/\/senyenergy.com\/es\/wp-json\/wp\/v2\/media\/2448"}],"wp:attachment":[{"href":"https:\/\/senyenergy.com\/es\/wp-json\/wp\/v2\/media?parent=2442"}],"wp:term":[{"taxonomy":"product_brand","embeddable":true,"href":"https:\/\/senyenergy.com\/es\/wp-json\/wp\/v2\/product_brand?post=2442"},{"taxonomy":"product_cat","embeddable":true,"href":"https:\/\/senyenergy.com\/es\/wp-json\/wp\/v2\/product_cat?post=2442"},{"taxonomy":"product_tag","embeddable":true,"href":"https:\/\/senyenergy.com\/es\/wp-json\/wp\/v2\/product_tag?post=2442"}],"curies":[{"name":"wp","href":"https:\/\/api.w.org\/{rel}","templated":true}]}}