{"id":2429,"date":"2025-05-13T15:49:59","date_gmt":"2025-05-13T07:49:59","guid":{"rendered":"https:\/\/senyenergy.com\/?post_type=product&#038;p=2429"},"modified":"2025-06-30T15:27:39","modified_gmt":"2025-06-30T07:27:39","slug":"puente-de-cobre-para-toma-de-tierra-solar","status":"publish","type":"product","link":"https:\/\/senyenergy.com\/es\/product\/puente-de-cobre-para-toma-de-tierra-solar\/","title":{"rendered":"Puente de conexi\u00f3n a tierra de cobre para sistemas solares de puesta a tierra"},"content":{"rendered":"<p>En <strong><b>Cobre<\/b><\/strong> <strong><b>Conexi\u00f3n a tierra solar Jumpe<\/b><\/strong><strong><b>r<\/b><\/strong> se utiliza para crear una conexi\u00f3n el\u00e9ctrica entre dos piezas de aluminio anodizado, acero galvanizado o cualquier metal conductor de electricidad que se haya empalmado mec\u00e1nicamente. Adem\u00e1s, conecta los ra\u00edles de montaje y ayuda a que los m\u00f3dulos fotovoltaicos se conecten a tierra. Adem\u00e1s, una correcta conexi\u00f3n a tierra es fundamental para la seguridad, la prevenci\u00f3n de descargas el\u00e9ctricas y la protecci\u00f3n de los equipos solares contra rayos y sobretensiones.  El puente de uni\u00f3n se compone de alambre de cobre trenzado esta\u00f1ado, y WEEB est\u00e1 conectado a ambos extremos del puente. WEEB proporciona conexiones el\u00e9ctricas herm\u00e9ticas fiables, mientras que los cables de cobre trenzado permiten la expansi\u00f3n t\u00e9rmica.<\/p>\n<p>El conjunto forma una conexi\u00f3n el\u00e9ctrica flexible entre los carriles unidos por el soporte. Utilice uno en cada uni\u00f3n. El pegado del m\u00f3dulo fotovoltaico al puente de uni\u00f3n elimina la necesidad de cablear los m\u00f3dulos por separado: basta con conectar a tierra la estructura de la instalaci\u00f3n. Es un conductor fiable para garantizar la conductividad necesaria entre los carriles que necesitan conexi\u00f3n el\u00e9ctrica. Un sistema de instalaci\u00f3n de puesta a tierra de alta calidad desempe\u00f1a un papel importante en el funcionamiento normal de los equipos electr\u00f3nicos solares sensibles.<\/p>\n<p>En<strong><b> Puente de conexi\u00f3n a tierra solar <\/b><\/strong>para sistema de montaje solar est\u00e1 dise\u00f1ado para ser f\u00e1cil de instalar y tiene una excelente durabilidad. En el proceso de fabricaci\u00f3n se utilizan materiales de la mejor calidad para garantizar el mejor rendimiento en las condiciones ambientales m\u00e1s extremas.<\/p>\n<p>Caracter\u00edstica de este <strong>Puente de conexi\u00f3n a tierra solar<\/strong><\/p>\n<ol>\n<li>Sistema de conexi\u00f3n muy premontado;<\/li>\n<li>Dise\u00f1o fijo, montaje r\u00e1pido;<\/li>\n<li>Tiene una resistencia a la corrosi\u00f3n extremadamente alta;<\/li>\n<li>Fabricado en cobre de alta resistencia;<\/li>\n<li>Montaje completo del puente;<\/li>\n<\/ol>\n<p>Aplicaciones de esta <strong>Puente de conexi\u00f3n a tierra solar<\/strong><\/p>\n<ul>\n<li>Sistemas solares residenciales: Se utiliza en instalaciones solares dom\u00e9sticas para conectar a tierra los componentes del sistema de forma eficaz.<\/li>\n<li>Instalaciones comerciales: Imprescindible en proyectos solares de mayor envergadura para garantizar la seguridad y el cumplimiento de la normativa.<\/li>\n<li>Huertos solares p\u00fablicos: Fundamental para la puesta a tierra de grandes grupos e inversores en sistemas de energ\u00eda solar a escala comercial.<\/li>\n<\/ul>\n<p>El puente de uni\u00f3n del kit de toma de tierra solar se utiliza para unir m\u00f3dulos solares a soportes de aluminio y rieles de montaje. A continuaci\u00f3n, conecta a tierra el m\u00f3dulo solar y el sistema de soporte, y conecta a tierra e interconecta todo el conjunto en un \u00fanico sistema de conexi\u00f3n a tierra. El uso del puente de uni\u00f3n elimina la necesidad de utilizar orejetas empotradas y\/o tornillos autorroscantes en cada m\u00f3dulo. El uso de este componente tambi\u00e9n elimina la necesidad de cableado continuo para cada m\u00f3dulo.<\/p>\n<p>En <strong>Puente de conexi\u00f3n a tierra solar<\/strong>\u00a0La puesta a tierra de m\u00f3dulos fotovoltaicos ofrece una soluci\u00f3n innovadora y rentable. La l\u00ednea de productos solares puede reducir el balance de instalaci\u00f3n del coste del sistema simplificando la instalaci\u00f3n. Nuestros productos tienen una durabilidad y compatibilidad perfectas. Fije el conjunto de puente a la ranura de montaje superior del carril y apri\u00e9telo con tuercas de brida. La punta de la arandela con toma de tierra y el perno en T con toma de tierra penetrar\u00e1n en la capa anodizada del ra\u00edl gu\u00eda y formar\u00e1n una ruta de toma de tierra que ir\u00e1 hasta el ra\u00edl gu\u00eda y a trav\u00e9s del puente de conexi\u00f3n.<\/p>\n<p>La l\u00ednea SY de puentes de uni\u00f3n de cobre esta\u00f1ado resistentes a la corrosi\u00f3n son soluciones de alta calidad para que su sistema cree una uni\u00f3n el\u00e9ctrica entre dos piezas de metal galvanizado u otros metales conductores de electricidad sin recubrimiento. Las longitudes est\u00e1ndar oscilan entre 150 mm y 300 mm, con o sin accesorios de instalaci\u00f3n montados o sin montar. Tambi\u00e9n hay disponibles longitudes personalizadas bajo pedido.<\/p>\n<p>Para accesorios de sistemas solares de puesta a tierra, como: placa de puesta a tierra, orejeta de puesta a tierra... Le invitamos a ponerse en contacto con nosotros.  Somos fabricantes profesionales de soportes y piezas solares.  Nuestros ingenieros profesionales y equipo de ventas proporcionan el mejor servicio para su instalaci\u00f3n solar.<\/p>","protected":false},"excerpt":{"rendered":"<p>La l\u00ednea SY de puentes de uni\u00f3n de cobre esta\u00f1ado resistentes a la corrosi\u00f3n son soluciones de alta calidad para que su sistema cree una uni\u00f3n el\u00e9ctrica entre dos piezas de metal galvanizado u otros metales conductores de electricidad sin recubrimiento. Las longitudes est\u00e1ndar oscilan entre 150 mm y 300 mm, con o sin accesorios de instalaci\u00f3n montados o sin montar. Tambi\u00e9n hay disponibles longitudes personalizadas bajo pedido.<\/p>\n<div class=\"wp-block-button popmake-1937\"><a class=\"wp-block-button__link wp-element-button\">comprobaci\u00f3n de precios<\/a><\/div>","protected":false},"featured_media":2430,"template":"","meta":{"_uag_custom_page_level_css":"","site-sidebar-layout":"default","site-content-layout":"","ast-site-content-layout":"default","site-content-style":"default","site-sidebar-style":"default","ast-global-header-display":"","ast-banner-title-visibility":"","ast-main-header-display":"","ast-hfb-above-header-display":"","ast-hfb-below-header-display":"","ast-hfb-mobile-header-display":"","site-post-title":"","ast-breadcrumbs-content":"","ast-featured-img":"","footer-sml-layout":"","ast-disable-related-posts":"","theme-transparent-header-meta":"default","adv-header-id-meta":"","stick-header-meta":"","header-above-stick-meta":"","header-main-stick-meta":"","header-below-stick-meta":"","astra-migrate-meta-layouts":"set","ast-page-background-enabled":"default","ast-page-background-meta":{"desktop":{"background-color":"","background-image":"","background-repeat":"repeat","background-position":"center center","background-size":"auto","background-attachment":"scroll","background-type":"","background-media":"","overlay-type":"","overlay-color":"","overlay-opacity":"","overlay-gradient":""},"tablet":{"background-color":"","background-image":"","background-repeat":"repeat","background-position":"center center","background-size":"auto","background-attachment":"scroll","background-type":"","background-media":"","overlay-type":"","overlay-color":"","overlay-opacity":"","overlay-gradient":""},"mobile":{"background-color":"","background-image":"","background-repeat":"repeat","background-position":"center center","background-size":"auto","background-attachment":"scroll","background-type":"","background-media":"","overlay-type":"","overlay-color":"","overlay-opacity":"","overlay-gradient":""}},"ast-content-background-meta":{"desktop":{"background-color":"var(--ast-global-color-5)","background-image":"","background-repeat":"repeat","background-position":"center center","background-size":"auto","background-attachment":"scroll","background-type":"","background-media":"","overlay-type":"","overlay-color":"","overlay-opacity":"","overlay-gradient":""},"tablet":{"background-color":"var(--ast-global-color-5)","background-image":"","background-repeat":"repeat","background-position":"center center","background-size":"auto","background-attachment":"scroll","background-type":"","background-media":"","overlay-type":"","overlay-color":"","overlay-opacity":"","overlay-gradient":""},"mobile":{"background-color":"var(--ast-global-color-5)","background-image":"","background-repeat":"repeat","background-position":"center center","background-size":"auto","background-attachment":"scroll","background-type":"","background-media":"","overlay-type":"","overlay-color":"","overlay-opacity":"","overlay-gradient":""}}},"product_brand":[],"product_cat":[25,23,33],"product_tag":[85,88,86,89,87],"class_list":{"0":"post-2429","1":"product","2":"type-product","3":"status-publish","4":"has-post-thumbnail","6":"product_cat-excellent","7":"product_cat-solar-accessories","8":"product_cat-solar-panel-accessories","9":"product_tag-copper-bonding-jumper","10":"product_tag-solar-bonding-jumper","11":"product_tag-solar-grounding-bonding-jumper","12":"product_tag-solar-grounding-system","13":"product_tag-solar-panel-grounding-copper-bonding-jumper","14":"desktop-align-left","15":"tablet-align-left","16":"mobile-align-left","18":"first","19":"instock","20":"shipping-taxable","21":"product-type-simple"},"spectra_custom_meta":{"_uabb_version":["1.36.1"],"_edit_last":["1"],"_edit_lock":["1751268393:1"],"_thumbnail_id":["2430"],"total_sales":["0"],"_tax_status":["taxable"],"_tax_class":[""],"_manage_stock":["no"],"_backorders":["no"],"_sold_individually":["no"],"_virtual":["no"],"_downloadable":["no"],"_download_limit":["-1"],"_download_expiry":["-1"],"_stock":[null],"_stock_status":["instock"],"_wc_average_rating":["0"],"_wc_review_count":["0"],"_product_version":["9.6.2"],"_product_image_gallery":["2431,2432,2434,2433"],"site-sidebar-layout":["default"],"ast-site-content-layout":["default"],"site-content-style":["default"],"site-sidebar-style":["default"],"theme-transparent-header-meta":["default"],"astra-migrate-meta-layouts":["set"],"_uag_page_assets":["a:9:{s:3:\"css\";s:5318:\".uag-blocks-common-selector{z-index:var(--z-index-desktop) !important}@media (max-width: 976px){.uag-blocks-common-selector{z-index:var(--z-index-tablet) !important}}@media (max-width: 767px){.uag-blocks-common-selector{z-index:var(--z-index-mobile) !important}}\n.wp-block-uagb-faq{width:100%}.wp-block-uagb-faq.uagb-faq-layout-accordion .uagb-faq-child__outer-wrap .uagb-faq-questions-button{cursor:pointer}.wp-block-uagb-faq .uagb-faq-content{margin-bottom:0}.wp-block-uagb-faq .uagb-faq-content p{margin:auto}.uagb-faq-layout-grid.uagb-faq-equal-height.uagb-faq__wrap .uagb-faq-child__outer-wrap,.uagb-faq-layout-grid.uagb-faq-equal-height.uagb-faq__wrap .uagb-faq-item{height:100%}body[class*=\"astra\"] .uagb-faq-questions{line-height:normal}.uagb-faq-item{overflow:hidden}\n.wp-block-uagb-faq-child .uagb-faq-questions-button{display:flex;align-items:center}.wp-block-uagb-faq-child .uagb-faq-questions-button .uagb-faq-icon-wrap{display:flex;align-items:center}.wp-block-uagb-faq-child .uagb-faq-questions-button .uagb-question{width:100%;margin-top:0;margin-bottom:0}.wp-block-uagb-faq-child .uagb-icon svg,.wp-block-uagb-faq-child .uagb-icon-active svg{width:15px;height:15px;font-size:15px}.wp-block-uagb-faq-child.uagb-faq-child__outer-wrap.uagb-faq-item .uagb-icon-active,.wp-block-uagb-faq-child.uagb-faq-child__outer-wrap.uagb-faq-item.uagb-faq-item-active .uagb-icon,.wp-block-uagb-faq-child.uagb-faq-child__outer-wrap .uagb-faq-item .uagb-icon-active,.wp-block-uagb-faq-child.uagb-faq-child__outer-wrap .uagb-faq-item.uagb-faq-item-active .uagb-icon{display:none;width:0;padding:0;height:0;margin:0}.wp-block-uagb-faq-child.uagb-faq-child__outer-wrap.uagb-faq-item .uagb-icon,.wp-block-uagb-faq-child.uagb-faq-child__outer-wrap.uagb-faq-item.uagb-faq-item-active .uagb-icon-active,.wp-block-uagb-faq-child.uagb-faq-child__outer-wrap .uagb-faq-item .uagb-icon,.wp-block-uagb-faq-child.uagb-faq-child__outer-wrap .uagb-faq-item.uagb-faq-item-active .uagb-icon-active{display:flex;width:auto;height:auto}.uagb-faq-layout-grid .uagb-faq-child__outer-wrap.uagb-faq-item .uagb-icon,.uagb-faq-layout-grid .uagb-faq-child__outer-wrap.uagb-faq-item.uagb-faq-item-active .uagb-icon-active,.uagb-faq-layout-grid .uagb-faq-child__outer-wrap .uagb-faq-item .uagb-icon,.uagb-faq-layout-grid .uagb-faq-child__outer-wrap .uagb-faq-item.uagb-faq-item-active .uagb-icon-active{display:none}.uagb-faq-layout-grid .uagb-faq-child__outer-wrap.uagb-faq-item span.uagb-icon-active.uagb-faq-icon-wrap,.uagb-faq-layout-grid .uagb-faq-child__outer-wrap.uagb-faq-item.uagb-faq-item-active .uagb-icon-active,.uagb-faq-layout-grid .uagb-faq-child__outer-wrap .uagb-faq-item span.uagb-icon-active.uagb-faq-icon-wrap,.uagb-faq-layout-grid .uagb-faq-child__outer-wrap .uagb-faq-item.uagb-faq-item-active .uagb-icon-active{display:none}\n.uagb-block-55b5edaf .uagb-icon svg{width: 12px;height: 12px;font-size: 12px;}.uagb-block-55b5edaf .uagb-icon-active svg{width: 12px;height: 12px;font-size: 12px;}.uagb-block-55b5edaf .uagb-faq-child__outer-wrap{margin-bottom: 10px;}.uagb-block-55b5edaf .uagb-faq-item{border-top-width: 1px;border-left-width: 1px;border-right-width: 1px;border-bottom-width: 1px;border-top-left-radius: 2px;border-top-right-radius: 2px;border-bottom-left-radius: 2px;border-bottom-right-radius: 2px;border-color: #1e1e1e;border-style: solid;}.uagb-block-55b5edaf .uagb-faq-questions-button{padding-top: 10px;padding-bottom: 10px;padding-right: 10px;padding-left: 10px;}.uagb-block-55b5edaf .uagb-faq-content{padding-top: 10px;padding-bottom: 10px;padding-right: 10px;padding-left: 10px;}.uagb-block-55b5edaf .uagb-faq-content span{margin-top: 10px;margin-bottom: 10px;margin-right: 10px;margin-left: 10px;}.uagb-block-55b5edaf.uagb-faq-icon-row .uagb-faq-item .uagb-faq-icon-wrap{margin-right: 10px;}.uagb-block-55b5edaf.uagb-faq-icon-row-reverse .uagb-faq-item .uagb-faq-icon-wrap{margin-left: 10px;}.uagb-block-55b5edaf .uagb-faq-item .uagb-faq-questions-button.uagb-faq-questions{flex-direction: row;}.uagb-block-55b5edaf .wp-block-uagb-faq-child.uagb-faq-child__outer-wrap .uagb-faq-content {display: none;}@media only screen and (max-width: 976px) {.uagb-block-55b5edaf.uagb-faq-icon-row .uagb-faq-item .uagb-faq-icon-wrap{margin-right: 10px;}.uagb-block-55b5edaf.uagb-faq-icon-row-reverse .uagb-faq-item .uagb-faq-icon-wrap{margin-left: 10px;}.uagb-block-55b5edaf .uagb-faq-questions-button{padding-top: 10px;padding-bottom: 10px;padding-right: 10px;padding-left: 10px;}.uagb-block-55b5edaf .uagb-faq-content{padding-top: 10px;padding-bottom: 10px;padding-right: 10px;padding-left: 10px;}.uagb-block-55b5edaf .uagb-faq-content span{margin-top: 10px;margin-bottom: 10px;margin-right: 10px;margin-left: 10px;}}@media only screen and (max-width: 767px) {.uagb-block-55b5edaf.uagb-faq-icon-row .uagb-faq-item .uagb-faq-icon-wrap{margin-right: 10px;}.uagb-block-55b5edaf.uagb-faq-icon-row-reverse .uagb-faq-item .uagb-faq-icon-wrap{margin-left: 10px;}.uagb-block-55b5edaf .uagb-faq-questions-button{padding-top: 10px;padding-bottom: 10px;padding-right: 10px;padding-left: 10px;}.uagb-block-55b5edaf .uagb-faq-content{padding-top: 10px;padding-bottom: 10px;padding-right: 10px;padding-left: 10px;}.uagb-block-55b5edaf .uagb-faq-content span{margin-top: 10px;margin-bottom: 10px;margin-right: 10px;margin-left: 10px;}}\";s:2:\"js\";s:0:\"\";s:18:\"current_block_list\";a:10:{i:0;s:11:\"core\/search\";i:1;s:10:\"core\/group\";i:2;s:12:\"core\/heading\";i:3;s:17:\"core\/latest-posts\";i:4;s:20:\"core\/latest-comments\";i:5;s:13:\"core\/archives\";i:6;s:15:\"core\/categories\";i:7;s:14:\"core\/paragraph\";i:8;s:8:\"uagb\/faq\";i:9;s:14:\"uagb\/faq-child\";}s:8:\"uag_flag\";b:1;s:11:\"uag_version\";s:10:\"1775829763\";s:6:\"gfonts\";a:0:{}s:10:\"gfonts_url\";s:0:\"\";s:12:\"gfonts_files\";a:0:{}s:14:\"uag_faq_layout\";b:1;}"],"_uag_css_file_name":["uag-css-2429.css"]},"uagb_featured_image_src":{"full":["https:\/\/senyenergy.com\/wp-content\/uploads\/2025\/05\/1-2.jpg",800,800,false],"thumbnail":["https:\/\/senyenergy.com\/wp-content\/uploads\/2025\/05\/1-2-150x150.jpg",150,150,true],"medium":["https:\/\/senyenergy.com\/wp-content\/uploads\/2025\/05\/1-2-300x300.jpg",300,300,true],"medium_large":["https:\/\/senyenergy.com\/wp-content\/uploads\/2025\/05\/1-2-768x768.jpg",768,768,true],"large":["https:\/\/senyenergy.com\/wp-content\/uploads\/2025\/05\/1-2.jpg",800,800,false],"1536x1536":["https:\/\/senyenergy.com\/wp-content\/uploads\/2025\/05\/1-2.jpg",800,800,false],"2048x2048":["https:\/\/senyenergy.com\/wp-content\/uploads\/2025\/05\/1-2.jpg",800,800,false],"trp-custom-language-flag":["https:\/\/senyenergy.com\/wp-content\/uploads\/2025\/05\/1-2-12x12.jpg",12,12,true],"woocommerce_thumbnail":["https:\/\/senyenergy.com\/wp-content\/uploads\/2025\/05\/1-2-300x300.jpg",300,300,true],"woocommerce_single":["https:\/\/senyenergy.com\/wp-content\/uploads\/2025\/05\/1-2-600x600.jpg",600,600,true],"woocommerce_gallery_thumbnail":["https:\/\/senyenergy.com\/wp-content\/uploads\/2025\/05\/1-2-100x100.jpg",100,100,true]},"uagb_author_info":{"display_name":"wp-admin","author_link":"https:\/\/senyenergy.com\/es\/author\/"},"uagb_comment_info":0,"uagb_excerpt":"The corrosion resistant, tin plated copper SY line of bonding jumpers are high quality solutions for your system to create an electrical bond between two pieces of galvanized or other uncoated electrically conductive metals. Standard lengths range from 150mm to 300mm, with or without installation hardware assembled or unassembled. Custom lengths are also available on&hellip;","_links":{"self":[{"href":"https:\/\/senyenergy.com\/es\/wp-json\/wp\/v2\/product\/2429","targetHints":{"allow":["GET"]}}],"collection":[{"href":"https:\/\/senyenergy.com\/es\/wp-json\/wp\/v2\/product"}],"about":[{"href":"https:\/\/senyenergy.com\/es\/wp-json\/wp\/v2\/types\/product"}],"wp:featuredmedia":[{"embeddable":true,"href":"https:\/\/senyenergy.com\/es\/wp-json\/wp\/v2\/media\/2430"}],"wp:attachment":[{"href":"https:\/\/senyenergy.com\/es\/wp-json\/wp\/v2\/media?parent=2429"}],"wp:term":[{"taxonomy":"product_brand","embeddable":true,"href":"https:\/\/senyenergy.com\/es\/wp-json\/wp\/v2\/product_brand?post=2429"},{"taxonomy":"product_cat","embeddable":true,"href":"https:\/\/senyenergy.com\/es\/wp-json\/wp\/v2\/product_cat?post=2429"},{"taxonomy":"product_tag","embeddable":true,"href":"https:\/\/senyenergy.com\/es\/wp-json\/wp\/v2\/product_tag?post=2429"}],"curies":[{"name":"wp","href":"https:\/\/api.w.org\/{rel}","templated":true}]}}