{"id":2330,"date":"2025-03-29T20:15:38","date_gmt":"2025-03-29T12:15:38","guid":{"rendered":"https:\/\/senyenergy.com\/?post_type=product&#038;p=2330"},"modified":"2025-09-08T11:34:11","modified_gmt":"2025-09-08T03:34:11","slug":"panel-solar-de-aluminio-clips-de-drenaje-de-agua-y-polvo","status":"publish","type":"product","link":"https:\/\/senyenergy.com\/es\/product\/panel-solar-de-aluminio-clips-de-drenaje-de-agua-y-polvo\/","title":{"rendered":"paneles solares fotovoltaicos de aluminio solar de drenaje de agua Clips F\u00e1brica"},"content":{"rendered":"<p>Cuando llueve, debido a la ligera proyecci\u00f3n del borde de los paneles, el agua estancada no se drena a tiempo, y el barro del agua estancada se precipita ensuciando los bordes o las esquinas de los m\u00f3dulos. La acumulaci\u00f3n de suciedad en el borde de los paneles o en las esquinas, puede tener consecuencias dram\u00e1ticas en el buen funcionamiento del sistema fotovoltaico, reduce la generaci\u00f3n de energ\u00eda de los paneles fotovoltaicos, y formar\u00e1 efecto de puntos calientes, reduciendo la vida \u00fatil de los paneles.<\/p>\n<p>Nuestros paneles solares fotovoltaicos Aluminio <strong>Solar<\/strong> <strong><b>Clips de drenaje de agua<\/b><\/strong> son un clip de auto-fijaci\u00f3n, de aluminio. La longitud es de unos 60 mm, peso 7,8 gramos, y la anchura se basa en el espesor del marco de aleaci\u00f3n de aluminio paneles. Sujetado el clip de agua en el borde inferior del panel fotovoltaico, el agua estancada fluye lejos, no hay ensuciamiento de nuevo.<\/p>\n<p>El aluminio <strong>Solar<\/strong> <strong><b>Clips de drenaje de agua <\/b><\/strong>La abrazadera se utiliza para guiar el agua y el barro por encima del panel solar y limpiar el polvo y la arena de la superficie. El m\u00e9todo de instalaci\u00f3n es sencillo. Basta con sujetar la pinza en el marco del panel para fijarlo.<\/p>\n<p>Caracter\u00edsticas del aluminio <strong>Solar<\/strong> <strong><b>Clips de drenaje de agua<\/b><\/strong>:<\/p>\n<p>Material - Fabricado en aluminio de alta calidad (a menudo anodizado para una mayor resistencia a la corrosi\u00f3n).<\/p>\n<ol>\n<li>Instalaci\u00f3n r\u00e1pida, basta con encajarlo en el marco del m\u00f3dulo, no se necesitan accesorios ni herramientas adicionales, se puede mantener en la mejor posici\u00f3n de instalaci\u00f3n de forma continua, y es estable y no se desplaza<\/li>\n<li>Dise\u00f1o antibloqueo patentado, desv\u00edo de agua y descarga de lodo m\u00e1s eficientes, se a\u00f1aden 8 orificios antibloqueo, no temen los polvos grandes como los amentos, y las cintas de acumulaci\u00f3n de polvo pueden retirarse evitando el bloqueo<\/li>\n<li>Instalaci\u00f3n \u00fanica, uso de por vida. Fabricada en aleaci\u00f3n de aluminio, es ligera y delgada, ahorra energ\u00eda y es respetuosa con el medio ambiente, adem\u00e1s de resistente a las altas y bajas temperaturas y a la corrosi\u00f3n. Puede utilizarse en exteriores durante mucho tiempo, m\u00e1s de 30 a\u00f1os.<\/li>\n<li>Puede reducir los costes y aumentar la eficiencia, con bajo coste y alta eficiencia, y puede reducir el n\u00famero de veces de limpieza de la central a lo largo del a\u00f1o.<\/li>\n<li>Inversi\u00f3n \u00fanica y beneficios a largo plazo. Puede aumentar la generaci\u00f3n de energ\u00eda de la central el\u00e9ctrica en 5%~10% al a\u00f1o cuando se utiliza solo. Cuando se utiliza con el sistema fotovoltaico de limpieza por pulverizaci\u00f3n, la generaci\u00f3n de energ\u00eda de la central el\u00e9ctrica puede aumentar en m\u00e1s de 18%, y se puede lograr f\u00e1cilmente un funcionamiento y mantenimiento sin preocupaciones.<\/li>\n<li>Reduce el riesgo de microfisuras causadas por la exposici\u00f3n prolongada a la humedad.<\/li>\n<\/ol>\n<p>El aluminio <strong>Solar<\/strong> <strong><b>Clips de drenaje de agua<\/b><\/strong>\u00a0es un dispositivo que se conecta al m\u00f3dulo solar para evitar la acumulaci\u00f3n de polvo y suciedad. Es ideal para evitar que la suciedad se adhiera al marco del panel solar. Es adecuado para paneles solares de 30 mm, 33 mm, 35 mm y 40 mm de grosor.<\/p>","protected":false},"excerpt":{"rendered":"<p>En <strong><b>Clip de drenaje de agua y polvo de aluminio<\/b><\/strong>\u00a0es un dispositivo que se conecta al m\u00f3dulo solar para evitar la acumulaci\u00f3n de polvo y suciedad. Es ideal para evitar que la suciedad se adhiera al marco del panel solar. Es adecuado para paneles solares de 30 mm, 33 mm, 35 mm y 40 mm de grosor.<\/p>\n<div class=\"wp-block-button popmake-1937\"><a class=\"wp-block-button__link wp-element-button\">comprobaci\u00f3n de precios<\/a><\/div>","protected":false},"featured_media":2331,"template":"","meta":{"_uag_custom_page_level_css":"","site-sidebar-layout":"default","site-content-layout":"","ast-site-content-layout":"default","site-content-style":"default","site-sidebar-style":"default","ast-global-header-display":"","ast-banner-title-visibility":"","ast-main-header-display":"","ast-hfb-above-header-display":"","ast-hfb-below-header-display":"","ast-hfb-mobile-header-display":"","site-post-title":"","ast-breadcrumbs-content":"","ast-featured-img":"","footer-sml-layout":"","ast-disable-related-posts":"","theme-transparent-header-meta":"default","adv-header-id-meta":"","stick-header-meta":"","header-above-stick-meta":"","header-main-stick-meta":"","header-below-stick-meta":"","astra-migrate-meta-layouts":"set","ast-page-background-enabled":"default","ast-page-background-meta":{"desktop":{"background-color":"","background-image":"","background-repeat":"repeat","background-position":"center center","background-size":"auto","background-attachment":"scroll","background-type":"","background-media":"","overlay-type":"","overlay-color":"","overlay-opacity":"","overlay-gradient":""},"tablet":{"background-color":"","background-image":"","background-repeat":"repeat","background-position":"center center","background-size":"auto","background-attachment":"scroll","background-type":"","background-media":"","overlay-type":"","overlay-color":"","overlay-opacity":"","overlay-gradient":""},"mobile":{"background-color":"","background-image":"","background-repeat":"repeat","background-position":"center center","background-size":"auto","background-attachment":"scroll","background-type":"","background-media":"","overlay-type":"","overlay-color":"","overlay-opacity":"","overlay-gradient":""}},"ast-content-background-meta":{"desktop":{"background-color":"var(--ast-global-color-5)","background-image":"","background-repeat":"repeat","background-position":"center center","background-size":"auto","background-attachment":"scroll","background-type":"","background-media":"","overlay-type":"","overlay-color":"","overlay-opacity":"","overlay-gradient":""},"tablet":{"background-color":"var(--ast-global-color-5)","background-image":"","background-repeat":"repeat","background-position":"center center","background-size":"auto","background-attachment":"scroll","background-type":"","background-media":"","overlay-type":"","overlay-color":"","overlay-opacity":"","overlay-gradient":""},"mobile":{"background-color":"var(--ast-global-color-5)","background-image":"","background-repeat":"repeat","background-position":"center center","background-size":"auto","background-attachment":"scroll","background-type":"","background-media":"","overlay-type":"","overlay-color":"","overlay-opacity":"","overlay-gradient":""}}},"product_brand":[],"product_cat":[25,33],"product_tag":[305,64,66,63],"class_list":{"0":"post-2330","1":"product","2":"type-product","3":"status-publish","4":"has-post-thumbnail","6":"product_cat-excellent","7":"product_cat-solar-panel-accessories","8":"product_tag-aluminum-solar-water-drain-clips","9":"product_tag-solar-panel-solar-pv-water-drainage-clip","10":"product_tag-solar-panel-water-clip","11":"product_tag-solar-pv-water-drainage-clip","12":"desktop-align-left","13":"tablet-align-left","14":"mobile-align-left","16":"first","17":"instock","18":"shipping-taxable","19":"product-type-simple"},"spectra_custom_meta":{"_uabb_version":["1.36.1"],"_edit_last":["1"],"_edit_lock":["1757661003:1"],"_thumbnail_id":["2331"],"total_sales":["0"],"_tax_status":["taxable"],"_tax_class":[""],"_manage_stock":["no"],"_backorders":["no"],"_sold_individually":["no"],"_virtual":["no"],"_downloadable":["no"],"_download_limit":["-1"],"_download_expiry":["-1"],"_stock":[null],"_stock_status":["instock"],"_wc_average_rating":["0"],"_wc_review_count":["0"],"_product_version":["9.6.2"],"_product_image_gallery":["2335,2333,2334,2332"],"site-sidebar-layout":["default"],"ast-site-content-layout":["default"],"site-content-style":["default"],"site-sidebar-style":["default"],"theme-transparent-header-meta":["default"],"wb_custom_tabs":["a:0:{}"],"astra-migrate-meta-layouts":["set"],"_uag_page_assets":["a:9:{s:3:\"css\";s:5318:\".uag-blocks-common-selector{z-index:var(--z-index-desktop) !important}@media (max-width: 976px){.uag-blocks-common-selector{z-index:var(--z-index-tablet) !important}}@media (max-width: 767px){.uag-blocks-common-selector{z-index:var(--z-index-mobile) !important}}\n.wp-block-uagb-faq{width:100%}.wp-block-uagb-faq.uagb-faq-layout-accordion .uagb-faq-child__outer-wrap .uagb-faq-questions-button{cursor:pointer}.wp-block-uagb-faq .uagb-faq-content{margin-bottom:0}.wp-block-uagb-faq .uagb-faq-content p{margin:auto}.uagb-faq-layout-grid.uagb-faq-equal-height.uagb-faq__wrap .uagb-faq-child__outer-wrap,.uagb-faq-layout-grid.uagb-faq-equal-height.uagb-faq__wrap .uagb-faq-item{height:100%}body[class*=\"astra\"] .uagb-faq-questions{line-height:normal}.uagb-faq-item{overflow:hidden}\n.wp-block-uagb-faq-child .uagb-faq-questions-button{display:flex;align-items:center}.wp-block-uagb-faq-child .uagb-faq-questions-button .uagb-faq-icon-wrap{display:flex;align-items:center}.wp-block-uagb-faq-child .uagb-faq-questions-button .uagb-question{width:100%;margin-top:0;margin-bottom:0}.wp-block-uagb-faq-child .uagb-icon svg,.wp-block-uagb-faq-child .uagb-icon-active svg{width:15px;height:15px;font-size:15px}.wp-block-uagb-faq-child.uagb-faq-child__outer-wrap.uagb-faq-item .uagb-icon-active,.wp-block-uagb-faq-child.uagb-faq-child__outer-wrap.uagb-faq-item.uagb-faq-item-active .uagb-icon,.wp-block-uagb-faq-child.uagb-faq-child__outer-wrap .uagb-faq-item .uagb-icon-active,.wp-block-uagb-faq-child.uagb-faq-child__outer-wrap .uagb-faq-item.uagb-faq-item-active .uagb-icon{display:none;width:0;padding:0;height:0;margin:0}.wp-block-uagb-faq-child.uagb-faq-child__outer-wrap.uagb-faq-item .uagb-icon,.wp-block-uagb-faq-child.uagb-faq-child__outer-wrap.uagb-faq-item.uagb-faq-item-active .uagb-icon-active,.wp-block-uagb-faq-child.uagb-faq-child__outer-wrap .uagb-faq-item .uagb-icon,.wp-block-uagb-faq-child.uagb-faq-child__outer-wrap .uagb-faq-item.uagb-faq-item-active .uagb-icon-active{display:flex;width:auto;height:auto}.uagb-faq-layout-grid .uagb-faq-child__outer-wrap.uagb-faq-item .uagb-icon,.uagb-faq-layout-grid .uagb-faq-child__outer-wrap.uagb-faq-item.uagb-faq-item-active .uagb-icon-active,.uagb-faq-layout-grid .uagb-faq-child__outer-wrap .uagb-faq-item .uagb-icon,.uagb-faq-layout-grid .uagb-faq-child__outer-wrap .uagb-faq-item.uagb-faq-item-active .uagb-icon-active{display:none}.uagb-faq-layout-grid .uagb-faq-child__outer-wrap.uagb-faq-item span.uagb-icon-active.uagb-faq-icon-wrap,.uagb-faq-layout-grid .uagb-faq-child__outer-wrap.uagb-faq-item.uagb-faq-item-active .uagb-icon-active,.uagb-faq-layout-grid .uagb-faq-child__outer-wrap .uagb-faq-item span.uagb-icon-active.uagb-faq-icon-wrap,.uagb-faq-layout-grid .uagb-faq-child__outer-wrap .uagb-faq-item.uagb-faq-item-active .uagb-icon-active{display:none}\n.uagb-block-55b5edaf .uagb-icon svg{width: 12px;height: 12px;font-size: 12px;}.uagb-block-55b5edaf .uagb-icon-active svg{width: 12px;height: 12px;font-size: 12px;}.uagb-block-55b5edaf .uagb-faq-child__outer-wrap{margin-bottom: 10px;}.uagb-block-55b5edaf .uagb-faq-item{border-top-width: 1px;border-left-width: 1px;border-right-width: 1px;border-bottom-width: 1px;border-top-left-radius: 2px;border-top-right-radius: 2px;border-bottom-left-radius: 2px;border-bottom-right-radius: 2px;border-color: #1e1e1e;border-style: solid;}.uagb-block-55b5edaf .uagb-faq-questions-button{padding-top: 10px;padding-bottom: 10px;padding-right: 10px;padding-left: 10px;}.uagb-block-55b5edaf .uagb-faq-content{padding-top: 10px;padding-bottom: 10px;padding-right: 10px;padding-left: 10px;}.uagb-block-55b5edaf .uagb-faq-content span{margin-top: 10px;margin-bottom: 10px;margin-right: 10px;margin-left: 10px;}.uagb-block-55b5edaf.uagb-faq-icon-row .uagb-faq-item .uagb-faq-icon-wrap{margin-right: 10px;}.uagb-block-55b5edaf.uagb-faq-icon-row-reverse .uagb-faq-item .uagb-faq-icon-wrap{margin-left: 10px;}.uagb-block-55b5edaf .uagb-faq-item .uagb-faq-questions-button.uagb-faq-questions{flex-direction: row;}.uagb-block-55b5edaf .wp-block-uagb-faq-child.uagb-faq-child__outer-wrap .uagb-faq-content {display: none;}@media only screen and (max-width: 976px) {.uagb-block-55b5edaf.uagb-faq-icon-row .uagb-faq-item .uagb-faq-icon-wrap{margin-right: 10px;}.uagb-block-55b5edaf.uagb-faq-icon-row-reverse .uagb-faq-item .uagb-faq-icon-wrap{margin-left: 10px;}.uagb-block-55b5edaf .uagb-faq-questions-button{padding-top: 10px;padding-bottom: 10px;padding-right: 10px;padding-left: 10px;}.uagb-block-55b5edaf .uagb-faq-content{padding-top: 10px;padding-bottom: 10px;padding-right: 10px;padding-left: 10px;}.uagb-block-55b5edaf .uagb-faq-content span{margin-top: 10px;margin-bottom: 10px;margin-right: 10px;margin-left: 10px;}}@media only screen and (max-width: 767px) {.uagb-block-55b5edaf.uagb-faq-icon-row .uagb-faq-item .uagb-faq-icon-wrap{margin-right: 10px;}.uagb-block-55b5edaf.uagb-faq-icon-row-reverse .uagb-faq-item .uagb-faq-icon-wrap{margin-left: 10px;}.uagb-block-55b5edaf .uagb-faq-questions-button{padding-top: 10px;padding-bottom: 10px;padding-right: 10px;padding-left: 10px;}.uagb-block-55b5edaf .uagb-faq-content{padding-top: 10px;padding-bottom: 10px;padding-right: 10px;padding-left: 10px;}.uagb-block-55b5edaf .uagb-faq-content span{margin-top: 10px;margin-bottom: 10px;margin-right: 10px;margin-left: 10px;}}\";s:2:\"js\";s:0:\"\";s:18:\"current_block_list\";a:10:{i:0;s:11:\"core\/search\";i:1;s:10:\"core\/group\";i:2;s:12:\"core\/heading\";i:3;s:17:\"core\/latest-posts\";i:4;s:20:\"core\/latest-comments\";i:5;s:13:\"core\/archives\";i:6;s:15:\"core\/categories\";i:7;s:14:\"core\/paragraph\";i:8;s:8:\"uagb\/faq\";i:9;s:14:\"uagb\/faq-child\";}s:8:\"uag_flag\";b:1;s:11:\"uag_version\";s:10:\"1775829763\";s:6:\"gfonts\";a:0:{}s:10:\"gfonts_url\";s:0:\"\";s:12:\"gfonts_files\";a:0:{}s:14:\"uag_faq_layout\";b:1;}"],"_uag_css_file_name":["uag-css-2330.css"]},"uagb_featured_image_src":{"full":["https:\/\/senyenergy.com\/wp-content\/uploads\/2025\/03\/Aluminum-Water-and-Dust-Drain-Clip.jpg",800,800,false],"thumbnail":["https:\/\/senyenergy.com\/wp-content\/uploads\/2025\/03\/Aluminum-Water-and-Dust-Drain-Clip-150x150.jpg",150,150,true],"medium":["https:\/\/senyenergy.com\/wp-content\/uploads\/2025\/03\/Aluminum-Water-and-Dust-Drain-Clip-300x300.jpg",300,300,true],"medium_large":["https:\/\/senyenergy.com\/wp-content\/uploads\/2025\/03\/Aluminum-Water-and-Dust-Drain-Clip-768x768.jpg",768,768,true],"large":["https:\/\/senyenergy.com\/wp-content\/uploads\/2025\/03\/Aluminum-Water-and-Dust-Drain-Clip.jpg",800,800,false],"1536x1536":["https:\/\/senyenergy.com\/wp-content\/uploads\/2025\/03\/Aluminum-Water-and-Dust-Drain-Clip.jpg",800,800,false],"2048x2048":["https:\/\/senyenergy.com\/wp-content\/uploads\/2025\/03\/Aluminum-Water-and-Dust-Drain-Clip.jpg",800,800,false],"trp-custom-language-flag":["https:\/\/senyenergy.com\/wp-content\/uploads\/2025\/03\/Aluminum-Water-and-Dust-Drain-Clip-12x12.jpg",12,12,true],"woocommerce_thumbnail":["https:\/\/senyenergy.com\/wp-content\/uploads\/2025\/03\/Aluminum-Water-and-Dust-Drain-Clip-300x300.jpg",300,300,true],"woocommerce_single":["https:\/\/senyenergy.com\/wp-content\/uploads\/2025\/03\/Aluminum-Water-and-Dust-Drain-Clip-600x600.jpg",600,600,true],"woocommerce_gallery_thumbnail":["https:\/\/senyenergy.com\/wp-content\/uploads\/2025\/03\/Aluminum-Water-and-Dust-Drain-Clip-100x100.jpg",100,100,true]},"uagb_author_info":{"display_name":"wp-admin","author_link":"https:\/\/senyenergy.com\/es\/author\/"},"uagb_comment_info":0,"uagb_excerpt":"The Aluminum Water and Dust Drain Clip\u00a0is a device that is plugged to the solar module to prevent the accumulation of dust and soiling. Ideal for preventing the dirt pattern that gets stuck in the solar panel frame, It is suitable for 30mm; 33mm; 35 mm; 40mm thickness solar panel. price check","_links":{"self":[{"href":"https:\/\/senyenergy.com\/es\/wp-json\/wp\/v2\/product\/2330","targetHints":{"allow":["GET"]}}],"collection":[{"href":"https:\/\/senyenergy.com\/es\/wp-json\/wp\/v2\/product"}],"about":[{"href":"https:\/\/senyenergy.com\/es\/wp-json\/wp\/v2\/types\/product"}],"wp:featuredmedia":[{"embeddable":true,"href":"https:\/\/senyenergy.com\/es\/wp-json\/wp\/v2\/media\/2331"}],"wp:attachment":[{"href":"https:\/\/senyenergy.com\/es\/wp-json\/wp\/v2\/media?parent=2330"}],"wp:term":[{"taxonomy":"product_brand","embeddable":true,"href":"https:\/\/senyenergy.com\/es\/wp-json\/wp\/v2\/product_brand?post=2330"},{"taxonomy":"product_cat","embeddable":true,"href":"https:\/\/senyenergy.com\/es\/wp-json\/wp\/v2\/product_cat?post=2330"},{"taxonomy":"product_tag","embeddable":true,"href":"https:\/\/senyenergy.com\/es\/wp-json\/wp\/v2\/product_tag?post=2330"}],"curies":[{"name":"wp","href":"https:\/\/api.w.org\/{rel}","templated":true}]}}