{"id":2322,"date":"2025-03-27T21:39:41","date_gmt":"2025-03-27T13:39:41","guid":{"rendered":"https:\/\/senyenergy.com\/?post_type=product&#038;p=2322"},"modified":"2025-06-30T15:15:08","modified_gmt":"2025-06-30T07:15:08","slug":"la-actualizacion-sus304-solar-pv-clip-de-drenaje-de-agua","status":"publish","type":"product","link":"https:\/\/senyenergy.com\/es\/product\/la-actualizacion-sus304-solar-pv-clip-de-drenaje-de-agua\/","title":{"rendered":"The Update Solar PV Clips de limpieza de abrazaderas de drenaje de agua"},"content":{"rendered":"<p>The Update SUS304\u00a0 Solar <strong>PV Water Drain Clip<\/strong>\u00a0es un accesorio de montaje resistente a la corrosi\u00f3n dise\u00f1ado para mejorar el drenaje del agua por debajo de los paneles solares al tiempo que los sujeta con seguridad a los ra\u00edles de montaje. Fabricado en acero inoxidable de alta calidad (SUS304), este clip garantiza durabilidad a largo plazo y resistencia a las inclemencias meteorol\u00f3gicas.<\/p>\n<p>&nbsp;<\/p>\n<p>The Update Solar <strong>PV Water Drain Clip <\/strong>Cleaning Clips\u00a0with rust-proof, durable, component protection, efficient drainage, cost-effective than old solar panel Water Drainage off Clip. There are 30mm\uff0c33mm, 35mm\uff0c40mm thickness solar panel frame optional.<\/p>\n<p>&nbsp;<\/p>\n<p>Features &amp; Benefits of the Update Solar <strong>PV Water Drain Clip<\/strong><\/p>\n<ol>\n<li>Material superior: acero inoxidable SUS304<\/li>\n<\/ol>\n<p>Gran resistencia a la corrosi\u00f3n (ideal para zonas costeras, h\u00famedas o industriales).<\/p>\n<p>A prueba de \u00f3xido y resistente a la intemperie, lo que garantiza su longevidad incluso en condiciones extremas.<\/p>\n<p>M\u00e1s resistente que el aluminio o el acero galvanizado, proporcionando un mejor soporte estructural.<\/p>\n<p>&nbsp;<\/p>\n<ol start=\"2\">\n<li>Dise\u00f1o eficiente del drenaje del agua<\/li>\n<\/ol>\n<p>Evita que el agua se acumule bajo los paneles solares, reduciendo el riesgo de:<\/p>\n<p>Corrosi\u00f3n en los sistemas de montaje.<\/p>\n<p>Acumulaci\u00f3n de algas o suciedad, que puede afectar a la eficiencia del panel.<\/p>\n<p>Acumulaci\u00f3n de hielo en climas fr\u00edos.<\/p>\n<p>Mejora la autolimpieza durante las precipitaciones.<\/p>\n<p>&nbsp;<\/p>\n<ol start=\"3\">\n<li>Seguro y resistente a las vibraciones<\/li>\n<\/ol>\n<p>Garantiza una sujeci\u00f3n firme de los paneles solares, evitando que se muevan debido al viento o a la dilataci\u00f3n t\u00e9rmica.<\/p>\n<p>Reduce el riesgo de aflojamiento con el tiempo, manteniendo la estabilidad del sistema.<\/p>\n<p>&nbsp;<\/p>\n<ol start=\"4\">\n<li>Compatibilidad y facilidad de instalaci\u00f3n<\/li>\n<\/ol>\n<p>Funciona con la mayor\u00eda de los bastidores de paneles solares y rieles de montaje est\u00e1ndar.<\/p>\n<p>Orificios pretaladrados para facilitar la alineaci\u00f3n y la fijaci\u00f3n.<\/p>\n<p>Puede utilizarse en instalaciones solares sobre tejado, suelo y cochera.<\/p>\n<p>&nbsp;<\/p>\n<ol start=\"5\">\n<li>Dise\u00f1o est\u00e9tico y de perfil bajo<\/li>\n<\/ol>\n<p>M\u00ednima visibilidad, manteniendo un aspecto limpio y profesional.<\/p>\n<p>Sin bordes afilados, lo que reduce el riesgo de lesiones durante la instalaci\u00f3n.<\/p>\n<p>&nbsp;<\/p>\n<p>Applications of the Update SUS304 Solar <strong>PV Water Drain Clip<\/strong><\/p>\n<p>\u2714 Energ\u00eda solar para tejados residenciales y comerciales<\/p>\n<p>Parques solares en suelo<\/p>\n<p>\u2714 Instalaciones solares en cocheras y p\u00e9rgolas<\/p>\n<p>\u2714 Entornos de alta humedad o costeros<\/p>\n<p>&nbsp;<\/p>\n<p>Conclusi\u00f3n: El SUS304 ofrece el mejor equilibrio entre durabilidad, resistencia a la corrosi\u00f3n y solidez, por lo que es ideal para instalaciones solares de larga duraci\u00f3n.<\/p>\n<p>&nbsp;<\/p>\n<p>Installation Tips of the Update SUS304 Solar <strong>PV Water Drain Clip<\/strong><\/p>\n<p>Aseg\u00farese de que haya un espacio adecuado entre las abrazaderas para un drenaje \u00f3ptimo del agua.<\/p>\n<p>Utilice fijaciones de acero inoxidable para evitar la corrosi\u00f3n galv\u00e1nica.<\/p>\n<p>Compruebe si hay residuos despu\u00e9s de la instalaci\u00f3n para evitar obstrucciones.<\/p>\n<p>&nbsp;<\/p>\n<p>Finally, The Update SUS304 Solar <strong>PV Water Drain Clip<\/strong>\u00a0es una soluci\u00f3n duradera y de alto rendimiento para sistemas de montaje solar, especialmente en entornos dif\u00edciles. Su dise\u00f1o de drenaje de agua mejora la eficiencia del sistema, mientras que su construcci\u00f3n en acero inoxidable garantiza la fiabilidad durante d\u00e9cadas.<\/p>\n<p>\u00bfDesea obtener m\u00e1s informaci\u00f3n sobre la actualizaci\u00f3n SUS304 Solar PV Water Drainage Clip ?<\/p>","protected":false},"excerpt":{"rendered":"<p>La actualizaci\u00f3n SUS304 Solar PV Drenaje de Agua Clip con antioxidante, durable, la protecci\u00f3n de los componentes, el drenaje eficiente, rentable que el panel solar de edad Drenaje de Agua fuera Clip.<\/p>\n<div class=\"wp-block-button popmake-1937\"><a class=\"wp-block-button__link wp-element-button\">comprobaci\u00f3n de precios<\/a><\/div>","protected":false},"featured_media":2324,"template":"","meta":{"_uag_custom_page_level_css":"","site-sidebar-layout":"default","site-content-layout":"","ast-site-content-layout":"default","site-content-style":"default","site-sidebar-style":"default","ast-global-header-display":"","ast-banner-title-visibility":"","ast-main-header-display":"","ast-hfb-above-header-display":"","ast-hfb-below-header-display":"","ast-hfb-mobile-header-display":"","site-post-title":"","ast-breadcrumbs-content":"","ast-featured-img":"","footer-sml-layout":"","ast-disable-related-posts":"","theme-transparent-header-meta":"default","adv-header-id-meta":"","stick-header-meta":"","header-above-stick-meta":"","header-main-stick-meta":"","header-below-stick-meta":"","astra-migrate-meta-layouts":"set","ast-page-background-enabled":"default","ast-page-background-meta":{"desktop":{"background-color":"","background-image":"","background-repeat":"repeat","background-position":"center center","background-size":"auto","background-attachment":"scroll","background-type":"","background-media":"","overlay-type":"","overlay-color":"","overlay-opacity":"","overlay-gradient":""},"tablet":{"background-color":"","background-image":"","background-repeat":"repeat","background-position":"center center","background-size":"auto","background-attachment":"scroll","background-type":"","background-media":"","overlay-type":"","overlay-color":"","overlay-opacity":"","overlay-gradient":""},"mobile":{"background-color":"","background-image":"","background-repeat":"repeat","background-position":"center center","background-size":"auto","background-attachment":"scroll","background-type":"","background-media":"","overlay-type":"","overlay-color":"","overlay-opacity":"","overlay-gradient":""}},"ast-content-background-meta":{"desktop":{"background-color":"var(--ast-global-color-5)","background-image":"","background-repeat":"repeat","background-position":"center center","background-size":"auto","background-attachment":"scroll","background-type":"","background-media":"","overlay-type":"","overlay-color":"","overlay-opacity":"","overlay-gradient":""},"tablet":{"background-color":"var(--ast-global-color-5)","background-image":"","background-repeat":"repeat","background-position":"center center","background-size":"auto","background-attachment":"scroll","background-type":"","background-media":"","overlay-type":"","overlay-color":"","overlay-opacity":"","overlay-gradient":""},"mobile":{"background-color":"var(--ast-global-color-5)","background-image":"","background-repeat":"repeat","background-position":"center center","background-size":"auto","background-attachment":"scroll","background-type":"","background-media":"","overlay-type":"","overlay-color":"","overlay-opacity":"","overlay-gradient":""}}},"product_brand":[],"product_cat":[25,33],"product_tag":[36,64,66,65,63],"class_list":{"0":"post-2322","1":"product","2":"type-product","3":"status-publish","4":"has-post-thumbnail","6":"product_cat-excellent","7":"product_cat-solar-panel-accessories","8":"product_tag-solar-panel-clip","9":"product_tag-solar-panel-solar-pv-water-drainage-clip","10":"product_tag-solar-panel-water-clip","11":"product_tag-solar-pv-clip","12":"product_tag-solar-pv-water-drainage-clip","13":"desktop-align-left","14":"tablet-align-left","15":"mobile-align-left","17":"first","18":"instock","19":"shipping-taxable","20":"product-type-simple"},"spectra_custom_meta":{"_uabb_version":["1.36.1"],"_edit_last":["1"],"_edit_lock":["1751267619:1"],"_thumbnail_id":["2324"],"total_sales":["0"],"_tax_status":["taxable"],"_tax_class":[""],"_manage_stock":["no"],"_backorders":["no"],"_sold_individually":["no"],"_virtual":["no"],"_downloadable":["no"],"_download_limit":["-1"],"_download_expiry":["-1"],"_stock":[null],"_stock_status":["instock"],"_wc_average_rating":["0"],"_wc_review_count":["0"],"_product_version":["9.6.2"],"_product_image_gallery":["2323,2325,2326,2327,2328"],"site-sidebar-layout":["default"],"ast-site-content-layout":["default"],"site-content-style":["default"],"site-sidebar-style":["default"],"theme-transparent-header-meta":["default"],"astra-migrate-meta-layouts":["set"],"_uag_page_assets":["a:9:{s:3:\"css\";s:5318:\".uag-blocks-common-selector{z-index:var(--z-index-desktop) !important}@media (max-width: 976px){.uag-blocks-common-selector{z-index:var(--z-index-tablet) !important}}@media (max-width: 767px){.uag-blocks-common-selector{z-index:var(--z-index-mobile) !important}}\n.wp-block-uagb-faq{width:100%}.wp-block-uagb-faq.uagb-faq-layout-accordion .uagb-faq-child__outer-wrap .uagb-faq-questions-button{cursor:pointer}.wp-block-uagb-faq .uagb-faq-content{margin-bottom:0}.wp-block-uagb-faq .uagb-faq-content p{margin:auto}.uagb-faq-layout-grid.uagb-faq-equal-height.uagb-faq__wrap .uagb-faq-child__outer-wrap,.uagb-faq-layout-grid.uagb-faq-equal-height.uagb-faq__wrap .uagb-faq-item{height:100%}body[class*=\"astra\"] .uagb-faq-questions{line-height:normal}.uagb-faq-item{overflow:hidden}\n.wp-block-uagb-faq-child .uagb-faq-questions-button{display:flex;align-items:center}.wp-block-uagb-faq-child .uagb-faq-questions-button .uagb-faq-icon-wrap{display:flex;align-items:center}.wp-block-uagb-faq-child .uagb-faq-questions-button .uagb-question{width:100%;margin-top:0;margin-bottom:0}.wp-block-uagb-faq-child .uagb-icon svg,.wp-block-uagb-faq-child .uagb-icon-active svg{width:15px;height:15px;font-size:15px}.wp-block-uagb-faq-child.uagb-faq-child__outer-wrap.uagb-faq-item .uagb-icon-active,.wp-block-uagb-faq-child.uagb-faq-child__outer-wrap.uagb-faq-item.uagb-faq-item-active .uagb-icon,.wp-block-uagb-faq-child.uagb-faq-child__outer-wrap .uagb-faq-item .uagb-icon-active,.wp-block-uagb-faq-child.uagb-faq-child__outer-wrap .uagb-faq-item.uagb-faq-item-active .uagb-icon{display:none;width:0;padding:0;height:0;margin:0}.wp-block-uagb-faq-child.uagb-faq-child__outer-wrap.uagb-faq-item .uagb-icon,.wp-block-uagb-faq-child.uagb-faq-child__outer-wrap.uagb-faq-item.uagb-faq-item-active .uagb-icon-active,.wp-block-uagb-faq-child.uagb-faq-child__outer-wrap .uagb-faq-item .uagb-icon,.wp-block-uagb-faq-child.uagb-faq-child__outer-wrap .uagb-faq-item.uagb-faq-item-active .uagb-icon-active{display:flex;width:auto;height:auto}.uagb-faq-layout-grid .uagb-faq-child__outer-wrap.uagb-faq-item .uagb-icon,.uagb-faq-layout-grid .uagb-faq-child__outer-wrap.uagb-faq-item.uagb-faq-item-active .uagb-icon-active,.uagb-faq-layout-grid .uagb-faq-child__outer-wrap .uagb-faq-item .uagb-icon,.uagb-faq-layout-grid .uagb-faq-child__outer-wrap .uagb-faq-item.uagb-faq-item-active .uagb-icon-active{display:none}.uagb-faq-layout-grid .uagb-faq-child__outer-wrap.uagb-faq-item span.uagb-icon-active.uagb-faq-icon-wrap,.uagb-faq-layout-grid .uagb-faq-child__outer-wrap.uagb-faq-item.uagb-faq-item-active .uagb-icon-active,.uagb-faq-layout-grid .uagb-faq-child__outer-wrap .uagb-faq-item span.uagb-icon-active.uagb-faq-icon-wrap,.uagb-faq-layout-grid .uagb-faq-child__outer-wrap .uagb-faq-item.uagb-faq-item-active .uagb-icon-active{display:none}\n.uagb-block-55b5edaf .uagb-icon svg{width: 12px;height: 12px;font-size: 12px;}.uagb-block-55b5edaf .uagb-icon-active svg{width: 12px;height: 12px;font-size: 12px;}.uagb-block-55b5edaf .uagb-faq-child__outer-wrap{margin-bottom: 10px;}.uagb-block-55b5edaf .uagb-faq-item{border-top-width: 1px;border-left-width: 1px;border-right-width: 1px;border-bottom-width: 1px;border-top-left-radius: 2px;border-top-right-radius: 2px;border-bottom-left-radius: 2px;border-bottom-right-radius: 2px;border-color: #1e1e1e;border-style: solid;}.uagb-block-55b5edaf .uagb-faq-questions-button{padding-top: 10px;padding-bottom: 10px;padding-right: 10px;padding-left: 10px;}.uagb-block-55b5edaf .uagb-faq-content{padding-top: 10px;padding-bottom: 10px;padding-right: 10px;padding-left: 10px;}.uagb-block-55b5edaf .uagb-faq-content span{margin-top: 10px;margin-bottom: 10px;margin-right: 10px;margin-left: 10px;}.uagb-block-55b5edaf.uagb-faq-icon-row .uagb-faq-item .uagb-faq-icon-wrap{margin-right: 10px;}.uagb-block-55b5edaf.uagb-faq-icon-row-reverse .uagb-faq-item .uagb-faq-icon-wrap{margin-left: 10px;}.uagb-block-55b5edaf .uagb-faq-item .uagb-faq-questions-button.uagb-faq-questions{flex-direction: row;}.uagb-block-55b5edaf .wp-block-uagb-faq-child.uagb-faq-child__outer-wrap .uagb-faq-content {display: none;}@media only screen and (max-width: 976px) {.uagb-block-55b5edaf.uagb-faq-icon-row .uagb-faq-item .uagb-faq-icon-wrap{margin-right: 10px;}.uagb-block-55b5edaf.uagb-faq-icon-row-reverse .uagb-faq-item .uagb-faq-icon-wrap{margin-left: 10px;}.uagb-block-55b5edaf .uagb-faq-questions-button{padding-top: 10px;padding-bottom: 10px;padding-right: 10px;padding-left: 10px;}.uagb-block-55b5edaf .uagb-faq-content{padding-top: 10px;padding-bottom: 10px;padding-right: 10px;padding-left: 10px;}.uagb-block-55b5edaf .uagb-faq-content span{margin-top: 10px;margin-bottom: 10px;margin-right: 10px;margin-left: 10px;}}@media only screen and (max-width: 767px) {.uagb-block-55b5edaf.uagb-faq-icon-row .uagb-faq-item .uagb-faq-icon-wrap{margin-right: 10px;}.uagb-block-55b5edaf.uagb-faq-icon-row-reverse .uagb-faq-item .uagb-faq-icon-wrap{margin-left: 10px;}.uagb-block-55b5edaf .uagb-faq-questions-button{padding-top: 10px;padding-bottom: 10px;padding-right: 10px;padding-left: 10px;}.uagb-block-55b5edaf .uagb-faq-content{padding-top: 10px;padding-bottom: 10px;padding-right: 10px;padding-left: 10px;}.uagb-block-55b5edaf .uagb-faq-content span{margin-top: 10px;margin-bottom: 10px;margin-right: 10px;margin-left: 10px;}}\";s:2:\"js\";s:0:\"\";s:18:\"current_block_list\";a:10:{i:0;s:11:\"core\/search\";i:1;s:10:\"core\/group\";i:2;s:12:\"core\/heading\";i:3;s:17:\"core\/latest-posts\";i:4;s:20:\"core\/latest-comments\";i:5;s:13:\"core\/archives\";i:6;s:15:\"core\/categories\";i:7;s:14:\"core\/paragraph\";i:8;s:8:\"uagb\/faq\";i:9;s:14:\"uagb\/faq-child\";}s:8:\"uag_flag\";b:1;s:11:\"uag_version\";s:10:\"1775829763\";s:6:\"gfonts\";a:0:{}s:10:\"gfonts_url\";s:0:\"\";s:12:\"gfonts_files\";a:0:{}s:14:\"uag_faq_layout\";b:1;}"],"_uag_css_file_name":["uag-css-2322.css"]},"uagb_featured_image_src":{"full":["https:\/\/senyenergy.com\/wp-content\/uploads\/2025\/03\/Solar-PV-Water-Drainage-Clip.jpg",800,800,false],"thumbnail":["https:\/\/senyenergy.com\/wp-content\/uploads\/2025\/03\/Solar-PV-Water-Drainage-Clip-150x150.jpg",150,150,true],"medium":["https:\/\/senyenergy.com\/wp-content\/uploads\/2025\/03\/Solar-PV-Water-Drainage-Clip-300x300.jpg",300,300,true],"medium_large":["https:\/\/senyenergy.com\/wp-content\/uploads\/2025\/03\/Solar-PV-Water-Drainage-Clip-768x768.jpg",768,768,true],"large":["https:\/\/senyenergy.com\/wp-content\/uploads\/2025\/03\/Solar-PV-Water-Drainage-Clip.jpg",800,800,false],"1536x1536":["https:\/\/senyenergy.com\/wp-content\/uploads\/2025\/03\/Solar-PV-Water-Drainage-Clip.jpg",800,800,false],"2048x2048":["https:\/\/senyenergy.com\/wp-content\/uploads\/2025\/03\/Solar-PV-Water-Drainage-Clip.jpg",800,800,false],"trp-custom-language-flag":["https:\/\/senyenergy.com\/wp-content\/uploads\/2025\/03\/Solar-PV-Water-Drainage-Clip-12x12.jpg",12,12,true],"woocommerce_thumbnail":["https:\/\/senyenergy.com\/wp-content\/uploads\/2025\/03\/Solar-PV-Water-Drainage-Clip-300x300.jpg",300,300,true],"woocommerce_single":["https:\/\/senyenergy.com\/wp-content\/uploads\/2025\/03\/Solar-PV-Water-Drainage-Clip-600x600.jpg",600,600,true],"woocommerce_gallery_thumbnail":["https:\/\/senyenergy.com\/wp-content\/uploads\/2025\/03\/Solar-PV-Water-Drainage-Clip-100x100.jpg",100,100,true]},"uagb_author_info":{"display_name":"wp-admin","author_link":"https:\/\/senyenergy.com\/es\/author\/"},"uagb_comment_info":0,"uagb_excerpt":"The update\u00a0SUS304 Solar PV Water Drainage Clip\u00a0with rust-proof, durable, component protection, efficient drainage, cost-effective than old solar panel Water Drainage off Clip. price check","_links":{"self":[{"href":"https:\/\/senyenergy.com\/es\/wp-json\/wp\/v2\/product\/2322","targetHints":{"allow":["GET"]}}],"collection":[{"href":"https:\/\/senyenergy.com\/es\/wp-json\/wp\/v2\/product"}],"about":[{"href":"https:\/\/senyenergy.com\/es\/wp-json\/wp\/v2\/types\/product"}],"wp:featuredmedia":[{"embeddable":true,"href":"https:\/\/senyenergy.com\/es\/wp-json\/wp\/v2\/media\/2324"}],"wp:attachment":[{"href":"https:\/\/senyenergy.com\/es\/wp-json\/wp\/v2\/media?parent=2322"}],"wp:term":[{"taxonomy":"product_brand","embeddable":true,"href":"https:\/\/senyenergy.com\/es\/wp-json\/wp\/v2\/product_brand?post=2322"},{"taxonomy":"product_cat","embeddable":true,"href":"https:\/\/senyenergy.com\/es\/wp-json\/wp\/v2\/product_cat?post=2322"},{"taxonomy":"product_tag","embeddable":true,"href":"https:\/\/senyenergy.com\/es\/wp-json\/wp\/v2\/product_tag?post=2322"}],"curies":[{"name":"wp","href":"https:\/\/api.w.org\/{rel}","templated":true}]}}