{"id":2838,"date":"2025-09-12T12:16:46","date_gmt":"2025-09-12T04:16:46","guid":{"rendered":"https:\/\/senyenergy.com\/?post_type=product&#038;p=2838"},"modified":"2025-09-12T12:16:47","modified_gmt":"2025-09-12T04:16:47","slug":"solarmodul-vogelschutzgitter-bausatz-fabrik","status":"publish","type":"product","link":"https:\/\/senyenergy.com\/de\/product\/solarmodul-vogelschutzgitter-bausatz-fabrik\/","title":{"rendered":"Solarmodul Vogelschutzgitter Bausatz Fabrik"},"content":{"rendered":"<p>Die <strong><b>Solarmodul-Vogelschutzgitter-Bausatz<\/b><\/strong>\u00a0wurde entwickelt, um V\u00f6gel und Nagetiere davon abzuhalten, unter die Solarmodule zu gelangen und diese zu besch\u00e4digen.<\/p>\n<p>Dach und elektrische Verkabelung. Dieses System sch\u00fctzt die Paneele sicher, indem es eine physische Barriere schafft, die Sch\u00e4dlinge von den Montagebereichen der Solarmodule fernh\u00e4lt. Das Solar Kit l\u00e4sst sich sicher auf den Solarmodulen befestigen, ohne diese zu besch\u00e4digen oder die Garantie f\u00fcr die Module zu verlieren. Es verhindert, dass V\u00f6gel, Ungeziefer und gro\u00dfer Schmutz sich unter den Modulen einnisten oder ansammeln und sch\u00fctzt so die Integrit\u00e4t und Leistung des Systems.<\/p>\n<p>&nbsp;<\/p>\n<p><strong><b>Merkmale des Bausatzes f\u00fcr Vogelschutzgitter f\u00fcr Solarmodule<\/b><\/strong><\/p>\n<ol>\n<li>Nicht-invasive Installation: Kein Bohren erforderlich. Die Clips werden direkt am Panelrahmen befestigt, der weder das Solarmodul noch die Dachabdeckung durchdringt.<\/li>\n<li>Langlebig und wetterfest: Hergestellt aus UV-best\u00e4ndigen Materialien, die extremen Temperaturen, Regen und Schnee standhalten k\u00f6nnen, ohne sich zu verschlechtern.<\/li>\n<li>Optimaler Luftstrom: Das spezielle Maschendesign verhindert V\u00f6gel, schr\u00e4nkt aber den Luftstrom nicht ein, der f\u00fcr die K\u00fchlung der Platte notwendig ist.<\/li>\n<li>Umweltfreundlich und sicher: Eine humane L\u00f6sung zur Abschreckung von V\u00f6geln, die den Tieren nicht schadet.<\/li>\n<li>Einfache Installation\uff1a Kann auf die richtige Gr\u00f6\u00dfe zugeschnitten werden und franst nicht aus<\/li>\n<li>Kosteneffizienter Schutz: Eine kleine, einmalige Investition sch\u00fctzt einen bedeutenden, einkommensgenerierenden Verm\u00f6genswert f\u00fcr mehr als 10-15 Jahre.<\/li>\n<li>Universelle Passform: Entwickelt, um mit den meisten Standard-Solarmodulrahmen auf dem Markt kompatibel zu sein.<\/li>\n<\/ol>\n<p>&nbsp;<\/p>\n<p>Dieses Vogelschutzgitter f\u00fcr Solarmodule besteht aus verzinktem Stahldraht, der zu einem Gitter verschwei\u00dft und mit einer PVC-Beschichtung versehen ist, die eine robuste Haltbarkeit, Stabilit\u00e4t und Rostbest\u00e4ndigkeit gew\u00e4hrleistet. Es dient als Schutzbarriere, um V\u00f6gel und andere kleine Tiere abzuhalten. Geeignet f\u00fcr verschiedene Schutzbed\u00fcrfnisse.<\/p>\n<p>&nbsp;<\/p>\n<p>Diese <strong><b>Solarmodul-Vogelschutzgitter-Bausatz<\/b><\/strong>\u00a0ist die einfache Montage. Sie erfolgt in wenigen Minuten mit einfachen Installationsschritten ohne kompliziertes Werkzeug oder professionelle F\u00e4higkeiten. Au\u00dferdem kann er an verschiedenen Orten eingesetzt werden, z. B. in Gem\u00fcseg\u00e4rten und auf D\u00e4chern.<\/p>\n<p>Dieser Schutz f\u00fcr Solarmodule sch\u00fctzt Solarmodule vor V\u00f6geln und anderen Kleintieren und kann an verschiedenen Stellen eingesetzt werden, z. B. an Rohr\u00f6ffnungen, Schornsteinen, Gartenzaunb\u00f6den und Gem\u00fcseg\u00e4rten.<\/p>\n<p>&nbsp;<\/p>\n<p><strong><b>Solarmodul-Vogelschutzgitter-Bausatz<\/b><\/strong>\u00a0ist ideal f\u00fcr Betreiber von Solarparks, private Installateure und gewerbliche Immobilienverwalter.<\/p>","protected":false},"excerpt":{"rendered":"<p>Dieses Vogelschutzgitter f\u00fcr Solarmodule besteht aus verzinktem Stahldraht, der zu einem Gitter verschwei\u00dft und mit einer PVC-Beschichtung versehen ist, die eine robuste Haltbarkeit, Stabilit\u00e4t und Rostbest\u00e4ndigkeit gew\u00e4hrleistet. Es dient als Schutzbarriere, um V\u00f6gel und andere kleine Tiere abzuhalten. Geeignet f\u00fcr verschiedene Schutzbed\u00fcrfnisse. Ideal f\u00fcr Betreiber von Solarparks, Installateure von Wohngeb\u00e4uden und gewerbliche Immobilienverwalter.<\/p>\n<div class=\"wp-block-button popmake-1937\"><a class=\"wp-block-button__link wp-element-button\">Preispr\u00fcfung<\/a><\/div>","protected":false},"featured_media":2841,"template":"","meta":{"_uag_custom_page_level_css":"","site-sidebar-layout":"default","site-content-layout":"","ast-site-content-layout":"default","site-content-style":"default","site-sidebar-style":"default","ast-global-header-display":"","ast-banner-title-visibility":"","ast-main-header-display":"","ast-hfb-above-header-display":"","ast-hfb-below-header-display":"","ast-hfb-mobile-header-display":"","site-post-title":"","ast-breadcrumbs-content":"","ast-featured-img":"","footer-sml-layout":"","ast-disable-related-posts":"","theme-transparent-header-meta":"default","adv-header-id-meta":"","stick-header-meta":"","header-above-stick-meta":"","header-main-stick-meta":"","header-below-stick-meta":"","astra-migrate-meta-layouts":"set","ast-page-background-enabled":"default","ast-page-background-meta":{"desktop":{"background-color":"","background-image":"","background-repeat":"repeat","background-position":"center center","background-size":"auto","background-attachment":"scroll","background-type":"","background-media":"","overlay-type":"","overlay-color":"","overlay-opacity":"","overlay-gradient":""},"tablet":{"background-color":"","background-image":"","background-repeat":"repeat","background-position":"center center","background-size":"auto","background-attachment":"scroll","background-type":"","background-media":"","overlay-type":"","overlay-color":"","overlay-opacity":"","overlay-gradient":""},"mobile":{"background-color":"","background-image":"","background-repeat":"repeat","background-position":"center center","background-size":"auto","background-attachment":"scroll","background-type":"","background-media":"","overlay-type":"","overlay-color":"","overlay-opacity":"","overlay-gradient":""}},"ast-content-background-meta":{"desktop":{"background-color":"var(--ast-global-color-5)","background-image":"","background-repeat":"repeat","background-position":"center center","background-size":"auto","background-attachment":"scroll","background-type":"","background-media":"","overlay-type":"","overlay-color":"","overlay-opacity":"","overlay-gradient":""},"tablet":{"background-color":"var(--ast-global-color-5)","background-image":"","background-repeat":"repeat","background-position":"center center","background-size":"auto","background-attachment":"scroll","background-type":"","background-media":"","overlay-type":"","overlay-color":"","overlay-opacity":"","overlay-gradient":""},"mobile":{"background-color":"var(--ast-global-color-5)","background-image":"","background-repeat":"repeat","background-position":"center center","background-size":"auto","background-attachment":"scroll","background-type":"","background-media":"","overlay-type":"","overlay-color":"","overlay-opacity":"","overlay-gradient":""}}},"product_brand":[],"product_cat":[25,23,33],"product_tag":[325,320,324,321,323,322],"class_list":{"0":"post-2838","1":"product","2":"type-product","3":"status-publish","4":"has-post-thumbnail","6":"product_cat-excellent","7":"product_cat-solar-accessories","8":"product_cat-solar-panel-accessories","9":"product_tag-guard-kit-for-bird-netting-solar-mesh-panels","10":"product_tag-solar-panel-bird-mesh-guard","11":"product_tag-solar-panel-bird-protection","12":"product_tag-solar-panel-bird-protection-kit","13":"product_tag-solar-panel-mesh-installation","14":"product_tag-solar-panels-bird-mesh","15":"desktop-align-left","16":"tablet-align-left","17":"mobile-align-left","19":"first","20":"instock","21":"shipping-taxable","22":"product-type-simple"},"spectra_custom_meta":{"_uabb_version":["1.36.1"],"_edit_last":["1"],"_edit_lock":["1757656900:1"],"_thumbnail_id":["2841"],"wb_custom_tabs":["a:0:{}"],"total_sales":["0"],"_tax_status":["taxable"],"_tax_class":[""],"_manage_stock":["no"],"_backorders":["no"],"_sold_individually":["no"],"_virtual":["no"],"_downloadable":["no"],"_download_limit":["-1"],"_download_expiry":["-1"],"_stock":[null],"_stock_status":["instock"],"_wc_average_rating":["0"],"_wc_review_count":["0"],"_product_version":["9.6.2"],"_product_image_gallery":["2843,2840,2839,2842"],"site-sidebar-layout":["default"],"ast-site-content-layout":["default"],"site-content-style":["default"],"site-sidebar-style":["default"],"theme-transparent-header-meta":["default"],"astra-migrate-meta-layouts":["set"],"_uag_page_assets":["a:9:{s:3:\"css\";s:5318:\".uag-blocks-common-selector{z-index:var(--z-index-desktop) !important}@media (max-width: 976px){.uag-blocks-common-selector{z-index:var(--z-index-tablet) !important}}@media (max-width: 767px){.uag-blocks-common-selector{z-index:var(--z-index-mobile) !important}}\n.wp-block-uagb-faq{width:100%}.wp-block-uagb-faq.uagb-faq-layout-accordion .uagb-faq-child__outer-wrap .uagb-faq-questions-button{cursor:pointer}.wp-block-uagb-faq .uagb-faq-content{margin-bottom:0}.wp-block-uagb-faq .uagb-faq-content p{margin:auto}.uagb-faq-layout-grid.uagb-faq-equal-height.uagb-faq__wrap .uagb-faq-child__outer-wrap,.uagb-faq-layout-grid.uagb-faq-equal-height.uagb-faq__wrap .uagb-faq-item{height:100%}body[class*=\"astra\"] .uagb-faq-questions{line-height:normal}.uagb-faq-item{overflow:hidden}\n.wp-block-uagb-faq-child .uagb-faq-questions-button{display:flex;align-items:center}.wp-block-uagb-faq-child .uagb-faq-questions-button .uagb-faq-icon-wrap{display:flex;align-items:center}.wp-block-uagb-faq-child .uagb-faq-questions-button .uagb-question{width:100%;margin-top:0;margin-bottom:0}.wp-block-uagb-faq-child .uagb-icon svg,.wp-block-uagb-faq-child .uagb-icon-active svg{width:15px;height:15px;font-size:15px}.wp-block-uagb-faq-child.uagb-faq-child__outer-wrap.uagb-faq-item .uagb-icon-active,.wp-block-uagb-faq-child.uagb-faq-child__outer-wrap.uagb-faq-item.uagb-faq-item-active .uagb-icon,.wp-block-uagb-faq-child.uagb-faq-child__outer-wrap .uagb-faq-item .uagb-icon-active,.wp-block-uagb-faq-child.uagb-faq-child__outer-wrap .uagb-faq-item.uagb-faq-item-active .uagb-icon{display:none;width:0;padding:0;height:0;margin:0}.wp-block-uagb-faq-child.uagb-faq-child__outer-wrap.uagb-faq-item .uagb-icon,.wp-block-uagb-faq-child.uagb-faq-child__outer-wrap.uagb-faq-item.uagb-faq-item-active .uagb-icon-active,.wp-block-uagb-faq-child.uagb-faq-child__outer-wrap .uagb-faq-item .uagb-icon,.wp-block-uagb-faq-child.uagb-faq-child__outer-wrap .uagb-faq-item.uagb-faq-item-active .uagb-icon-active{display:flex;width:auto;height:auto}.uagb-faq-layout-grid .uagb-faq-child__outer-wrap.uagb-faq-item .uagb-icon,.uagb-faq-layout-grid .uagb-faq-child__outer-wrap.uagb-faq-item.uagb-faq-item-active .uagb-icon-active,.uagb-faq-layout-grid .uagb-faq-child__outer-wrap .uagb-faq-item .uagb-icon,.uagb-faq-layout-grid .uagb-faq-child__outer-wrap .uagb-faq-item.uagb-faq-item-active .uagb-icon-active{display:none}.uagb-faq-layout-grid .uagb-faq-child__outer-wrap.uagb-faq-item span.uagb-icon-active.uagb-faq-icon-wrap,.uagb-faq-layout-grid .uagb-faq-child__outer-wrap.uagb-faq-item.uagb-faq-item-active .uagb-icon-active,.uagb-faq-layout-grid .uagb-faq-child__outer-wrap .uagb-faq-item span.uagb-icon-active.uagb-faq-icon-wrap,.uagb-faq-layout-grid .uagb-faq-child__outer-wrap .uagb-faq-item.uagb-faq-item-active .uagb-icon-active{display:none}\n.uagb-block-55b5edaf .uagb-icon svg{width: 12px;height: 12px;font-size: 12px;}.uagb-block-55b5edaf .uagb-icon-active svg{width: 12px;height: 12px;font-size: 12px;}.uagb-block-55b5edaf .uagb-faq-child__outer-wrap{margin-bottom: 10px;}.uagb-block-55b5edaf .uagb-faq-item{border-top-width: 1px;border-left-width: 1px;border-right-width: 1px;border-bottom-width: 1px;border-top-left-radius: 2px;border-top-right-radius: 2px;border-bottom-left-radius: 2px;border-bottom-right-radius: 2px;border-color: #1e1e1e;border-style: solid;}.uagb-block-55b5edaf .uagb-faq-questions-button{padding-top: 10px;padding-bottom: 10px;padding-right: 10px;padding-left: 10px;}.uagb-block-55b5edaf .uagb-faq-content{padding-top: 10px;padding-bottom: 10px;padding-right: 10px;padding-left: 10px;}.uagb-block-55b5edaf .uagb-faq-content span{margin-top: 10px;margin-bottom: 10px;margin-right: 10px;margin-left: 10px;}.uagb-block-55b5edaf.uagb-faq-icon-row .uagb-faq-item .uagb-faq-icon-wrap{margin-right: 10px;}.uagb-block-55b5edaf.uagb-faq-icon-row-reverse .uagb-faq-item .uagb-faq-icon-wrap{margin-left: 10px;}.uagb-block-55b5edaf .uagb-faq-item .uagb-faq-questions-button.uagb-faq-questions{flex-direction: row;}.uagb-block-55b5edaf .wp-block-uagb-faq-child.uagb-faq-child__outer-wrap .uagb-faq-content {display: none;}@media only screen and (max-width: 976px) {.uagb-block-55b5edaf.uagb-faq-icon-row .uagb-faq-item .uagb-faq-icon-wrap{margin-right: 10px;}.uagb-block-55b5edaf.uagb-faq-icon-row-reverse .uagb-faq-item .uagb-faq-icon-wrap{margin-left: 10px;}.uagb-block-55b5edaf .uagb-faq-questions-button{padding-top: 10px;padding-bottom: 10px;padding-right: 10px;padding-left: 10px;}.uagb-block-55b5edaf .uagb-faq-content{padding-top: 10px;padding-bottom: 10px;padding-right: 10px;padding-left: 10px;}.uagb-block-55b5edaf .uagb-faq-content span{margin-top: 10px;margin-bottom: 10px;margin-right: 10px;margin-left: 10px;}}@media only screen and (max-width: 767px) {.uagb-block-55b5edaf.uagb-faq-icon-row .uagb-faq-item .uagb-faq-icon-wrap{margin-right: 10px;}.uagb-block-55b5edaf.uagb-faq-icon-row-reverse .uagb-faq-item .uagb-faq-icon-wrap{margin-left: 10px;}.uagb-block-55b5edaf .uagb-faq-questions-button{padding-top: 10px;padding-bottom: 10px;padding-right: 10px;padding-left: 10px;}.uagb-block-55b5edaf .uagb-faq-content{padding-top: 10px;padding-bottom: 10px;padding-right: 10px;padding-left: 10px;}.uagb-block-55b5edaf .uagb-faq-content span{margin-top: 10px;margin-bottom: 10px;margin-right: 10px;margin-left: 10px;}}\";s:2:\"js\";s:0:\"\";s:18:\"current_block_list\";a:10:{i:0;s:11:\"core\/search\";i:1;s:10:\"core\/group\";i:2;s:12:\"core\/heading\";i:3;s:17:\"core\/latest-posts\";i:4;s:20:\"core\/latest-comments\";i:5;s:13:\"core\/archives\";i:6;s:15:\"core\/categories\";i:7;s:14:\"core\/paragraph\";i:8;s:8:\"uagb\/faq\";i:9;s:14:\"uagb\/faq-child\";}s:8:\"uag_flag\";b:1;s:11:\"uag_version\";s:10:\"1775829763\";s:6:\"gfonts\";a:0:{}s:10:\"gfonts_url\";s:0:\"\";s:12:\"gfonts_files\";a:0:{}s:14:\"uag_faq_layout\";b:1;}"],"_uag_css_file_name":["uag-css-2838.css"]},"uagb_featured_image_src":{"full":["https:\/\/senyenergy.com\/wp-content\/uploads\/2025\/09\/Solar-Panel-Bird-Mesh-Guard-Kit-Factory.jpg",800,800,false],"thumbnail":["https:\/\/senyenergy.com\/wp-content\/uploads\/2025\/09\/Solar-Panel-Bird-Mesh-Guard-Kit-Factory-150x150.jpg",150,150,true],"medium":["https:\/\/senyenergy.com\/wp-content\/uploads\/2025\/09\/Solar-Panel-Bird-Mesh-Guard-Kit-Factory-300x300.jpg",300,300,true],"medium_large":["https:\/\/senyenergy.com\/wp-content\/uploads\/2025\/09\/Solar-Panel-Bird-Mesh-Guard-Kit-Factory-768x768.jpg",768,768,true],"large":["https:\/\/senyenergy.com\/wp-content\/uploads\/2025\/09\/Solar-Panel-Bird-Mesh-Guard-Kit-Factory.jpg",800,800,false],"1536x1536":["https:\/\/senyenergy.com\/wp-content\/uploads\/2025\/09\/Solar-Panel-Bird-Mesh-Guard-Kit-Factory.jpg",800,800,false],"2048x2048":["https:\/\/senyenergy.com\/wp-content\/uploads\/2025\/09\/Solar-Panel-Bird-Mesh-Guard-Kit-Factory.jpg",800,800,false],"trp-custom-language-flag":["https:\/\/senyenergy.com\/wp-content\/uploads\/2025\/09\/Solar-Panel-Bird-Mesh-Guard-Kit-Factory-12x12.jpg",12,12,true],"woocommerce_thumbnail":["https:\/\/senyenergy.com\/wp-content\/uploads\/2025\/09\/Solar-Panel-Bird-Mesh-Guard-Kit-Factory-300x300.jpg",300,300,true],"woocommerce_single":["https:\/\/senyenergy.com\/wp-content\/uploads\/2025\/09\/Solar-Panel-Bird-Mesh-Guard-Kit-Factory-600x600.jpg",600,600,true],"woocommerce_gallery_thumbnail":["https:\/\/senyenergy.com\/wp-content\/uploads\/2025\/09\/Solar-Panel-Bird-Mesh-Guard-Kit-Factory-100x100.jpg",100,100,true]},"uagb_author_info":{"display_name":"wp-admin","author_link":"https:\/\/senyenergy.com\/de\/author\/"},"uagb_comment_info":0,"uagb_excerpt":"This Solar Panel Bird Mesh Guard Kit is constructed with galvanized steel wire welded into a grid and covered with PVC coating, ensuring robust durability, stability, and rust resistance. It serves as a protective barrier to prevent birds and other small animals. Suitable for various protective needs. Ideal for solar farm operators, residential installers, and&hellip;","_links":{"self":[{"href":"https:\/\/senyenergy.com\/de\/wp-json\/wp\/v2\/product\/2838","targetHints":{"allow":["GET"]}}],"collection":[{"href":"https:\/\/senyenergy.com\/de\/wp-json\/wp\/v2\/product"}],"about":[{"href":"https:\/\/senyenergy.com\/de\/wp-json\/wp\/v2\/types\/product"}],"wp:featuredmedia":[{"embeddable":true,"href":"https:\/\/senyenergy.com\/de\/wp-json\/wp\/v2\/media\/2841"}],"wp:attachment":[{"href":"https:\/\/senyenergy.com\/de\/wp-json\/wp\/v2\/media?parent=2838"}],"wp:term":[{"taxonomy":"product_brand","embeddable":true,"href":"https:\/\/senyenergy.com\/de\/wp-json\/wp\/v2\/product_brand?post=2838"},{"taxonomy":"product_cat","embeddable":true,"href":"https:\/\/senyenergy.com\/de\/wp-json\/wp\/v2\/product_cat?post=2838"},{"taxonomy":"product_tag","embeddable":true,"href":"https:\/\/senyenergy.com\/de\/wp-json\/wp\/v2\/product_tag?post=2838"}],"curies":[{"name":"wp","href":"https:\/\/api.w.org\/{rel}","templated":true}]}}