{"id":2800,"date":"2025-08-14T15:57:17","date_gmt":"2025-08-14T07:57:17","guid":{"rendered":"https:\/\/senyenergy.com\/?post_type=product&#038;p=2800"},"modified":"2025-08-15T10:25:44","modified_gmt":"2025-08-15T02:25:44","slug":"selbstbohrende-sechskantschrauben-mit-unterlegscheibe-fur-die-solarmontage","status":"publish","type":"product","link":"https:\/\/senyenergy.com\/de\/product\/selbstbohrende-sechskantschrauben-mit-unterlegscheibe-fur-die-solarmontage\/","title":{"rendered":"Selbstbohrende Sechskantschrauben mit Unterlegscheibe f\u00fcr die Solarmontage"},"content":{"rendered":"<p>Die<strong><b>\u00a0Selbstschneidende Schrauben<\/b><\/strong>\u00a0oder selbstschneidende Schrauben f\u00fcr die Solarmontage werden haupts\u00e4chlich zur Befestigung der Dachhalterungen verwendet. Die hochwertigen Schrauben werden zur Befestigung von Dachhalterungen bei der Anbringung von Solarmodulen verwendet. Diese Schrauben machen die Montage einfacher und schneller.<\/p>\n<p>Selbstbohrende Schrauben f\u00fcr Holzbalken und Stahltr\u00e4ger sind wesentliche Bestandteile von Solarinstallationssystemen, die f\u00fcr eine starke und zuverl\u00e4ssige Verbindung zwischen Installationskonsolen, Balken und anderen Strukturelementen sorgen sollen.<\/p>\n<p>&nbsp;<\/p>\n<p>Die wichtigsten Bestandteile von <strong><b>Selbstbohrende Schrauben mit Sechskant-Scheibenkopf<\/b><\/strong><\/p>\n<p>Sechskant-Scheibenkopf (HWH):<\/p>\n<p>Hohe Drehmomente: Der Innensechskantantrieb (6-lobe) erm\u00f6glicht eine wesentlich h\u00f6here Drehmomentanwendung als Phillips- oder Torx-Antriebe. Dies ist wichtig, um die Schraube durch dicke Stahl- oder Holzsparren zu treiben, ohne den Antrieb zu besch\u00e4digen.<\/p>\n<p>Integrierte Unterlegscheibe: Die integrierte Unterlegscheibe bietet eine gro\u00dfe Auflagefl\u00e4che. Verteilt die Klemmkraft effektiv. Hilft, das Loch gegen eindringendes Wasser abzudichten (wichtig f\u00fcr die Langlebigkeit des Daches). Und verhindert, dass der Kopf durch d\u00fcnnere Blechteile gezogen wird. Wirkt wie eine Sicherungsscheibe gegen Lockerung (besonders bei gezackter Unterseite).<\/p>\n<p>Selbstbohrende Spitze: Kein Vorbohren erforderlich: Die Spitze verh\u00e4lt sich wie ein Bohrer und bohrt selbst ein Vorbohrloch in das Grundmetall (in der Regel Stahlpfetten, Sparren oder Schienen). Dies beschleunigt die Installation erheblich und reduziert die Arbeitskosten.<\/p>\n<p>Werkstoffe: Verzinkter Kohlenstoffstahl oder rostfreier Stahl, die ihre Festigkeit und Korrosionsbest\u00e4ndigkeit gew\u00e4hrleisten.<\/p>\n<p>&nbsp;<\/p>\n<p>Mit unseren innovativen selbstbohrenden Solarschrauben definieren wir die Zukunft der Installation von Solarmodulen neu. Diese bemerkenswerten Schrauben sind so konstruiert, dass sie m\u00fchelos verschiedene Materialien durchdringen k\u00f6nnen, was sie zur ultimativen Wahl f\u00fcr die Befestigung von Solarmodulen macht. Entdecken Sie, wie unsere selbstbohrenden Schrauben die Solarbranche ver\u00e4ndern.<\/p>\n<p>&nbsp;<\/p>\n<p><strong><b>Merkmale von selbstbohrenden Sechskantschrauben mit Unterlegscheibe f\u00fcr die Solarmontage<\/b><\/strong><\/p>\n<ol>\n<li>Modernste selbstbohrende Konstruktion:<\/li>\n<\/ol>\n<p>Unsere selbstbohrenden Solarschrauben verf\u00fcgen \u00fcber ein hochmodernes Design, das das Vorbohren von L\u00f6chern \u00fcberfl\u00fcssig macht. Wenn sie in die Oberfl\u00e4che getrieben werden, erzeugen sie ihre eigenen pr\u00e4zisen Vorbohrungen, was die Installationszeit und den Aufwand reduziert.<\/p>\n<ol start=\"2\">\n<li>Hervorragende Materialkompatibilit\u00e4t:<\/li>\n<\/ol>\n<p>Diese Schrauben eignen sich hervorragend f\u00fcr verschiedene Materialien, darunter Metall, Holz und Verbundwerkstoffe. Ganz gleich, ob Sie Solarmodule auf D\u00e4chern oder anderen Strukturen montieren, unsere Schrauben bieten eine unvergleichliche Vielseitigkeit.<\/p>\n<ol start=\"3\">\n<li>Un\u00fcbertroffene Haltekraft:<\/li>\n<\/ol>\n<p>Erleben Sie das Vertrauen in eine sichere Befestigung der Solarmodule. Unsere selbstbohrenden Schrauben bieten eine un\u00fcbertroffene Haltekraft und sorgen daf\u00fcr, dass Ihre Module auch bei schwierigen Wetterbedingungen fest an ihrem Platz bleiben.<\/p>\n<ol start=\"4\">\n<li>Umfassendes Angebot:<\/li>\n<\/ol>\n<p>W\u00e4hlen Sie aus unserem umfangreichen Angebot an selbstbohrenden Solarschrauben, die auf die unterschiedlichen Anforderungen Ihrer Solarprojekte zugeschnitten sind. Ganz gleich, ob Sie an privaten oder gewerblichen Installationen arbeiten, wir haben die richtige Schraube f\u00fcr Ihre Aufgabe.<\/p>\n<ol start=\"5\">\n<li>Effizienz und Pr\u00e4zision:<\/li>\n<\/ol>\n<p>Diese Schrauben sind der Inbegriff von Effizienz und Pr\u00e4zision. Da kein zeitaufw\u00e4ndiges Vorbohren erforderlich ist, k\u00f6nnen Sie Installationen schneller abschlie\u00dfen und so Arbeitskosten und Projektlaufzeiten reduzieren.<\/p>\n<ol start=\"6\">\n<li>Langlebigkeit trifft auf Nachhaltigkeit:<\/li>\n<\/ol>\n<p>Wir haben uns der Nachhaltigkeit verschrieben, und unsere Schrauben spiegeln dieses Engagement wider. Sie werden aus hochwertigen, korrosionsbest\u00e4ndigen Materialien hergestellt und sind so gebaut, dass sie dem Test der Zeit standhalten und zur Langlebigkeit Ihrer Solaranlagen beitragen.<\/p>\n<p>&nbsp;<\/p>\n<p>Die <strong><b>Selbstschneidende Schrauben<\/b><\/strong>\u00a0f\u00fcr Holz- und Stahltr\u00e4ger werden von unseren Kunden normalerweise f\u00fcr alle Arten von D\u00e4chern verwendet, wie z.B. Ziegeld\u00e4cher, Blechd\u00e4cher, trapezf\u00f6rmige Metalld\u00e4cher usw. Die Spezifikationen der selbstbohrenden Schrauben k\u00f6nnen angepasst werden.<\/p>\n<p>&nbsp;<\/p>\n<p>Fachleute der Solarbranche vertrauen unserem\u00a0<strong><b>Selbstschneidende Schrauben<\/b><\/strong>\u00a0f\u00fcr ihre un\u00fcbertroffene Qualit\u00e4t und Zuverl\u00e4ssigkeit. Schlie\u00dfen Sie sich den Reihen der zufriedenen Kunden an, die sich bei erfolgreichen Solarprojekten auf unsere Schrauben verlassen.<\/p>\n<p>&nbsp;<\/p>","protected":false},"excerpt":{"rendered":"<p>Die <strong><b>Selbstschneidende Schrauben<\/b><\/strong>\u00a0f\u00fcr Holzbalken und Stahltr\u00e4ger werden von unseren Kunden normalerweise f\u00fcr alle Arten von D\u00e4chern verwendet, wie z.B. Ziegeld\u00e4cher, Blechd\u00e4cher, Trapezblechd\u00e4cher usw. Die Spezifikationen der selbstbohrenden Schrauben k\u00f6nnen individuell angepasst werden.<\/p>\n<div class=\"wp-block-button popmake-1937\"><a class=\"wp-block-button__link wp-element-button\">Preispr\u00fcfung<\/a><\/div>","protected":false},"featured_media":2801,"template":"","meta":{"_uag_custom_page_level_css":"","site-sidebar-layout":"default","site-content-layout":"","ast-site-content-layout":"default","site-content-style":"default","site-sidebar-style":"default","ast-global-header-display":"","ast-banner-title-visibility":"","ast-main-header-display":"","ast-hfb-above-header-display":"","ast-hfb-below-header-display":"","ast-hfb-mobile-header-display":"","site-post-title":"","ast-breadcrumbs-content":"","ast-featured-img":"","footer-sml-layout":"","ast-disable-related-posts":"","theme-transparent-header-meta":"default","adv-header-id-meta":"","stick-header-meta":"","header-above-stick-meta":"","header-main-stick-meta":"","header-below-stick-meta":"","astra-migrate-meta-layouts":"set","ast-page-background-enabled":"default","ast-page-background-meta":{"desktop":{"background-color":"","background-image":"","background-repeat":"repeat","background-position":"center center","background-size":"auto","background-attachment":"scroll","background-type":"","background-media":"","overlay-type":"","overlay-color":"","overlay-opacity":"","overlay-gradient":""},"tablet":{"background-color":"","background-image":"","background-repeat":"repeat","background-position":"center center","background-size":"auto","background-attachment":"scroll","background-type":"","background-media":"","overlay-type":"","overlay-color":"","overlay-opacity":"","overlay-gradient":""},"mobile":{"background-color":"","background-image":"","background-repeat":"repeat","background-position":"center center","background-size":"auto","background-attachment":"scroll","background-type":"","background-media":"","overlay-type":"","overlay-color":"","overlay-opacity":"","overlay-gradient":""}},"ast-content-background-meta":{"desktop":{"background-color":"var(--ast-global-color-5)","background-image":"","background-repeat":"repeat","background-position":"center center","background-size":"auto","background-attachment":"scroll","background-type":"","background-media":"","overlay-type":"","overlay-color":"","overlay-opacity":"","overlay-gradient":""},"tablet":{"background-color":"var(--ast-global-color-5)","background-image":"","background-repeat":"repeat","background-position":"center center","background-size":"auto","background-attachment":"scroll","background-type":"","background-media":"","overlay-type":"","overlay-color":"","overlay-opacity":"","overlay-gradient":""},"mobile":{"background-color":"var(--ast-global-color-5)","background-image":"","background-repeat":"repeat","background-position":"center center","background-size":"auto","background-attachment":"scroll","background-type":"","background-media":"","overlay-type":"","overlay-color":"","overlay-opacity":"","overlay-gradient":""}}},"product_brand":[],"product_cat":[25,23],"product_tag":[297,295,298,292,293,294,296],"class_list":{"0":"post-2800","1":"product","2":"type-product","3":"status-publish","4":"has-post-thumbnail","6":"product_cat-excellent","7":"product_cat-solar-accessories","8":"product_tag-drywall-screw","9":"product_tag-metal-screws","10":"product_tag-roofing-screws","11":"product_tag-self-drilling-screws","12":"product_tag-self-tapping-screws","13":"product_tag-solar-screws","14":"product_tag-wood-screws","15":"desktop-align-left","16":"tablet-align-left","17":"mobile-align-left","19":"first","20":"instock","21":"shipping-taxable","22":"product-type-simple"},"spectra_custom_meta":{"_uabb_version":["1.36.1"],"_edit_last":["1"],"_edit_lock":["1755224744:1"],"_thumbnail_id":["2801"],"wb_custom_tabs":["a:0:{}"],"total_sales":["0"],"_tax_status":["taxable"],"_tax_class":[""],"_manage_stock":["no"],"_backorders":["no"],"_sold_individually":["no"],"_virtual":["no"],"_downloadable":["no"],"_download_limit":["-1"],"_download_expiry":["-1"],"_stock":[null],"_stock_status":["instock"],"_wc_average_rating":["0"],"_wc_review_count":["0"],"_product_version":["9.6.2"],"_product_image_gallery":["2802,2803,2804,2805"],"site-sidebar-layout":["default"],"ast-site-content-layout":["default"],"site-content-style":["default"],"site-sidebar-style":["default"],"theme-transparent-header-meta":["default"],"astra-migrate-meta-layouts":["set"],"_uag_page_assets":["a:9:{s:3:\"css\";s:5318:\".uag-blocks-common-selector{z-index:var(--z-index-desktop) !important}@media (max-width: 976px){.uag-blocks-common-selector{z-index:var(--z-index-tablet) !important}}@media (max-width: 767px){.uag-blocks-common-selector{z-index:var(--z-index-mobile) !important}}\n.wp-block-uagb-faq{width:100%}.wp-block-uagb-faq.uagb-faq-layout-accordion .uagb-faq-child__outer-wrap .uagb-faq-questions-button{cursor:pointer}.wp-block-uagb-faq .uagb-faq-content{margin-bottom:0}.wp-block-uagb-faq .uagb-faq-content p{margin:auto}.uagb-faq-layout-grid.uagb-faq-equal-height.uagb-faq__wrap .uagb-faq-child__outer-wrap,.uagb-faq-layout-grid.uagb-faq-equal-height.uagb-faq__wrap .uagb-faq-item{height:100%}body[class*=\"astra\"] .uagb-faq-questions{line-height:normal}.uagb-faq-item{overflow:hidden}\n.wp-block-uagb-faq-child .uagb-faq-questions-button{display:flex;align-items:center}.wp-block-uagb-faq-child .uagb-faq-questions-button .uagb-faq-icon-wrap{display:flex;align-items:center}.wp-block-uagb-faq-child .uagb-faq-questions-button .uagb-question{width:100%;margin-top:0;margin-bottom:0}.wp-block-uagb-faq-child .uagb-icon svg,.wp-block-uagb-faq-child .uagb-icon-active svg{width:15px;height:15px;font-size:15px}.wp-block-uagb-faq-child.uagb-faq-child__outer-wrap.uagb-faq-item .uagb-icon-active,.wp-block-uagb-faq-child.uagb-faq-child__outer-wrap.uagb-faq-item.uagb-faq-item-active .uagb-icon,.wp-block-uagb-faq-child.uagb-faq-child__outer-wrap .uagb-faq-item .uagb-icon-active,.wp-block-uagb-faq-child.uagb-faq-child__outer-wrap .uagb-faq-item.uagb-faq-item-active .uagb-icon{display:none;width:0;padding:0;height:0;margin:0}.wp-block-uagb-faq-child.uagb-faq-child__outer-wrap.uagb-faq-item .uagb-icon,.wp-block-uagb-faq-child.uagb-faq-child__outer-wrap.uagb-faq-item.uagb-faq-item-active .uagb-icon-active,.wp-block-uagb-faq-child.uagb-faq-child__outer-wrap .uagb-faq-item .uagb-icon,.wp-block-uagb-faq-child.uagb-faq-child__outer-wrap .uagb-faq-item.uagb-faq-item-active .uagb-icon-active{display:flex;width:auto;height:auto}.uagb-faq-layout-grid .uagb-faq-child__outer-wrap.uagb-faq-item .uagb-icon,.uagb-faq-layout-grid .uagb-faq-child__outer-wrap.uagb-faq-item.uagb-faq-item-active .uagb-icon-active,.uagb-faq-layout-grid .uagb-faq-child__outer-wrap .uagb-faq-item .uagb-icon,.uagb-faq-layout-grid .uagb-faq-child__outer-wrap .uagb-faq-item.uagb-faq-item-active .uagb-icon-active{display:none}.uagb-faq-layout-grid .uagb-faq-child__outer-wrap.uagb-faq-item span.uagb-icon-active.uagb-faq-icon-wrap,.uagb-faq-layout-grid .uagb-faq-child__outer-wrap.uagb-faq-item.uagb-faq-item-active .uagb-icon-active,.uagb-faq-layout-grid .uagb-faq-child__outer-wrap .uagb-faq-item span.uagb-icon-active.uagb-faq-icon-wrap,.uagb-faq-layout-grid .uagb-faq-child__outer-wrap .uagb-faq-item.uagb-faq-item-active .uagb-icon-active{display:none}\n.uagb-block-55b5edaf .uagb-icon svg{width: 12px;height: 12px;font-size: 12px;}.uagb-block-55b5edaf .uagb-icon-active svg{width: 12px;height: 12px;font-size: 12px;}.uagb-block-55b5edaf .uagb-faq-child__outer-wrap{margin-bottom: 10px;}.uagb-block-55b5edaf .uagb-faq-item{border-top-width: 1px;border-left-width: 1px;border-right-width: 1px;border-bottom-width: 1px;border-top-left-radius: 2px;border-top-right-radius: 2px;border-bottom-left-radius: 2px;border-bottom-right-radius: 2px;border-color: #1e1e1e;border-style: solid;}.uagb-block-55b5edaf .uagb-faq-questions-button{padding-top: 10px;padding-bottom: 10px;padding-right: 10px;padding-left: 10px;}.uagb-block-55b5edaf .uagb-faq-content{padding-top: 10px;padding-bottom: 10px;padding-right: 10px;padding-left: 10px;}.uagb-block-55b5edaf .uagb-faq-content span{margin-top: 10px;margin-bottom: 10px;margin-right: 10px;margin-left: 10px;}.uagb-block-55b5edaf.uagb-faq-icon-row .uagb-faq-item .uagb-faq-icon-wrap{margin-right: 10px;}.uagb-block-55b5edaf.uagb-faq-icon-row-reverse .uagb-faq-item .uagb-faq-icon-wrap{margin-left: 10px;}.uagb-block-55b5edaf .uagb-faq-item .uagb-faq-questions-button.uagb-faq-questions{flex-direction: row;}.uagb-block-55b5edaf .wp-block-uagb-faq-child.uagb-faq-child__outer-wrap .uagb-faq-content {display: none;}@media only screen and (max-width: 976px) {.uagb-block-55b5edaf.uagb-faq-icon-row .uagb-faq-item .uagb-faq-icon-wrap{margin-right: 10px;}.uagb-block-55b5edaf.uagb-faq-icon-row-reverse .uagb-faq-item .uagb-faq-icon-wrap{margin-left: 10px;}.uagb-block-55b5edaf .uagb-faq-questions-button{padding-top: 10px;padding-bottom: 10px;padding-right: 10px;padding-left: 10px;}.uagb-block-55b5edaf .uagb-faq-content{padding-top: 10px;padding-bottom: 10px;padding-right: 10px;padding-left: 10px;}.uagb-block-55b5edaf .uagb-faq-content span{margin-top: 10px;margin-bottom: 10px;margin-right: 10px;margin-left: 10px;}}@media only screen and (max-width: 767px) {.uagb-block-55b5edaf.uagb-faq-icon-row .uagb-faq-item .uagb-faq-icon-wrap{margin-right: 10px;}.uagb-block-55b5edaf.uagb-faq-icon-row-reverse .uagb-faq-item .uagb-faq-icon-wrap{margin-left: 10px;}.uagb-block-55b5edaf .uagb-faq-questions-button{padding-top: 10px;padding-bottom: 10px;padding-right: 10px;padding-left: 10px;}.uagb-block-55b5edaf .uagb-faq-content{padding-top: 10px;padding-bottom: 10px;padding-right: 10px;padding-left: 10px;}.uagb-block-55b5edaf .uagb-faq-content span{margin-top: 10px;margin-bottom: 10px;margin-right: 10px;margin-left: 10px;}}\";s:2:\"js\";s:0:\"\";s:18:\"current_block_list\";a:10:{i:0;s:11:\"core\/search\";i:1;s:10:\"core\/group\";i:2;s:12:\"core\/heading\";i:3;s:17:\"core\/latest-posts\";i:4;s:20:\"core\/latest-comments\";i:5;s:13:\"core\/archives\";i:6;s:15:\"core\/categories\";i:7;s:14:\"core\/paragraph\";i:8;s:8:\"uagb\/faq\";i:9;s:14:\"uagb\/faq-child\";}s:8:\"uag_flag\";b:1;s:11:\"uag_version\";s:10:\"1775829763\";s:6:\"gfonts\";a:0:{}s:10:\"gfonts_url\";s:0:\"\";s:12:\"gfonts_files\";a:0:{}s:14:\"uag_faq_layout\";b:1;}"],"_uag_css_file_name":["uag-css-2800.css"]},"uagb_featured_image_src":{"full":["https:\/\/senyenergy.com\/wp-content\/uploads\/2025\/08\/stainless-steel-Self-Drilling-Screws-for-solar-system.jpg",800,800,false],"thumbnail":["https:\/\/senyenergy.com\/wp-content\/uploads\/2025\/08\/stainless-steel-Self-Drilling-Screws-for-solar-system-150x150.jpg",150,150,true],"medium":["https:\/\/senyenergy.com\/wp-content\/uploads\/2025\/08\/stainless-steel-Self-Drilling-Screws-for-solar-system-300x300.jpg",300,300,true],"medium_large":["https:\/\/senyenergy.com\/wp-content\/uploads\/2025\/08\/stainless-steel-Self-Drilling-Screws-for-solar-system-768x768.jpg",768,768,true],"large":["https:\/\/senyenergy.com\/wp-content\/uploads\/2025\/08\/stainless-steel-Self-Drilling-Screws-for-solar-system.jpg",800,800,false],"1536x1536":["https:\/\/senyenergy.com\/wp-content\/uploads\/2025\/08\/stainless-steel-Self-Drilling-Screws-for-solar-system.jpg",800,800,false],"2048x2048":["https:\/\/senyenergy.com\/wp-content\/uploads\/2025\/08\/stainless-steel-Self-Drilling-Screws-for-solar-system.jpg",800,800,false],"trp-custom-language-flag":["https:\/\/senyenergy.com\/wp-content\/uploads\/2025\/08\/stainless-steel-Self-Drilling-Screws-for-solar-system-12x12.jpg",12,12,true],"woocommerce_thumbnail":["https:\/\/senyenergy.com\/wp-content\/uploads\/2025\/08\/stainless-steel-Self-Drilling-Screws-for-solar-system-300x300.jpg",300,300,true],"woocommerce_single":["https:\/\/senyenergy.com\/wp-content\/uploads\/2025\/08\/stainless-steel-Self-Drilling-Screws-for-solar-system-600x600.jpg",600,600,true],"woocommerce_gallery_thumbnail":["https:\/\/senyenergy.com\/wp-content\/uploads\/2025\/08\/stainless-steel-Self-Drilling-Screws-for-solar-system-100x100.jpg",100,100,true]},"uagb_author_info":{"display_name":"wp-admin","author_link":"https:\/\/senyenergy.com\/de\/author\/"},"uagb_comment_info":0,"uagb_excerpt":"The Self-Drilling Screws\u00a0for wooden beams and steel beams are normally used by our customers for all kinds of roofs, such as tile roof, metal tin roof, trapezoidal metal roofs and etc. The specifications of Self-Drilling Screws can be customized. price check","_links":{"self":[{"href":"https:\/\/senyenergy.com\/de\/wp-json\/wp\/v2\/product\/2800","targetHints":{"allow":["GET"]}}],"collection":[{"href":"https:\/\/senyenergy.com\/de\/wp-json\/wp\/v2\/product"}],"about":[{"href":"https:\/\/senyenergy.com\/de\/wp-json\/wp\/v2\/types\/product"}],"wp:featuredmedia":[{"embeddable":true,"href":"https:\/\/senyenergy.com\/de\/wp-json\/wp\/v2\/media\/2801"}],"wp:attachment":[{"href":"https:\/\/senyenergy.com\/de\/wp-json\/wp\/v2\/media?parent=2800"}],"wp:term":[{"taxonomy":"product_brand","embeddable":true,"href":"https:\/\/senyenergy.com\/de\/wp-json\/wp\/v2\/product_brand?post=2800"},{"taxonomy":"product_cat","embeddable":true,"href":"https:\/\/senyenergy.com\/de\/wp-json\/wp\/v2\/product_cat?post=2800"},{"taxonomy":"product_tag","embeddable":true,"href":"https:\/\/senyenergy.com\/de\/wp-json\/wp\/v2\/product_tag?post=2800"}],"curies":[{"name":"wp","href":"https:\/\/api.w.org\/{rel}","templated":true}]}}