{"id":2793,"date":"2025-08-13T17:57:04","date_gmt":"2025-08-13T09:57:04","guid":{"rendered":"https:\/\/senyenergy.com\/?post_type=product&#038;p=2793"},"modified":"2025-08-15T10:26:44","modified_gmt":"2025-08-15T02:26:44","slug":"neue-pv-solarmodul-schneehaken-schneeklemmen-fur-schneeraumung","status":"publish","type":"product","link":"https:\/\/senyenergy.com\/de\/product\/neue-pv-solarmodul-schneehaken-schneeklemmen-fur-schneeraumung\/","title":{"rendered":"Neue PV-Solarmodul-Schneehaken Schneeklemmen f\u00fcr die Schneer\u00e4umung"},"content":{"rendered":"<p><strong><b>Solarmodul Schneehaken Schneeklemmen<\/b><\/strong>\u00a0auch Solarpanel-PV-Schneebremse genannt, um zu verhindern, dass Schnee von den Solarmodulen auf dem Dach herunterf\u00e4llt. Speziell f\u00fcr Solaranlagen in Regionen mit rauem Winterklima entwickelt, sind unsere neuen Solarpanel-Schneehaken-Schneeklemmen-Schneeschutzvorrichtungen einfach auf bestehenden Photovoltaik (PV)-Panels zu installieren. Sie verhindern sehr effektiv, dass der Schnee Ihre Solarmodule vollst\u00e4ndig bedeckt.<\/p>\n<p>&nbsp;<\/p>\n<p><strong><b>Eigenschaften der Solar Panel Snow Hooks Snow Clips<\/b><\/strong>:<\/p>\n<p>&nbsp;<\/p>\n<p>*Schneestau-L\u00f6sung: Diese Clips bek\u00e4mpfen effektiv das Problem der Schneeanh\u00e4ufung auf den Solarmodulen und senken die Arbeitskosten f\u00fcr die Schneer\u00e4umung in den Wintermonaten erheblich.<\/p>\n<p>&nbsp;<\/p>\n<p>Verwalten Sie den Schneeabwurf: Wirken als Schneeblocker und Schneebrecher auf PV-Modulen und verhindern so gef\u00e4hrliche, pl\u00f6tzliche Schnee- und Eislawinen.<\/p>\n<p>&nbsp;<\/p>\n<p>*Konstruktion: Diese Clips sind aus zuverl\u00e4ssigem und wiederverwendbarem, hochwertigem Kunststoff hergestellt und so konzipiert, dass sie extremen Temperaturen standhalten und alterungsbest\u00e4ndig sind. Sie zeichnen sich durch Langlebigkeit und gleichbleibende Leistung bei der Verbesserung der Effizienz von Solarmodulen aus.<\/p>\n<p>&nbsp;<\/p>\n<p>*Werkzeuglose Installation: Der Installationsprozess ist unkompliziert und erfordert keine speziellen Werkzeuge. Befestigen Sie die Clips einfach an den R\u00e4ndern der Photovoltaik-Paneele, um eine sichere und effiziente Installation zu gew\u00e4hrleisten.<\/p>\n<p>&nbsp;<\/p>\n<p>*Erh\u00f6hte Stromerzeugung: Das innovative Design dieser Schneer\u00e4umungsclips hilft, den Schnee zu durchschneiden und abzuwerfen, wodurch die Energieerzeugung verbessert und die Lebensdauer der Solarmodule verl\u00e4ngert wird.<\/p>\n<p>&nbsp;<\/p>\n<p>*Optimale Installationsanweisung: Um optimale Ergebnisse zu erzielen, wird empfohlen, 3-5 Schneer\u00e4umungsclips pro Solarmodul zu installieren, die speziell f\u00fcr die effektive Bew\u00e4ltigung von Schneeansammlungen entwickelt wurden.<\/p>\n<p>&nbsp;<\/p>\n<p>Spezifikationen:<\/p>\n<p>*Produktname: Solarmodul Schnee Guide Clip<\/p>\n<p>*Material: Hochwertiger technischer Kunststoff<\/p>\n<p>*Gr\u00f6\u00dfe:50*94 mm<\/p>\n<p>*Farbe: Blau oder Schwarz<\/p>\n<p>&nbsp;<\/p>\n<p>Diese <strong><b>Solarmodul Schneehaken Schneeklemmen<\/b><\/strong>\u00a0sind eine praktische L\u00f6sung f\u00fcr die Ablagerung von Schnee auf Sonnenkollektoren und minimieren die Arbeitskosten f\u00fcr die Schneer\u00e4umung im Winter. Es wird empfohlen, dass jeder Hausbesitzer PV-Solarmodul Schneehaken Schneeklemmen zu installieren, um Schnee f\u00fcr die Entladung f\u00fcr Schnee bei kaltem Wetter zu helfen, weil dies Ihre Zeit und Kosten f\u00fcr die Beseitigung von Schnee selbst im kalten Winter reduzieren kann.<\/p>\n<p>&nbsp;<\/p>","protected":false},"excerpt":{"rendered":"<p>Diese <strong><b>Solarmodul Schneehaken Schneeklemmen<\/b><\/strong>\u00a0sind eine praktische L\u00f6sung f\u00fcr die Ablagerung von Schnee auf Sonnenkollektoren und minimieren die Arbeitskosten f\u00fcr die Schneer\u00e4umung im Winter. Es wird empfohlen, dass jeder Hausbesitzer PV-Solarmodul Schneehaken Schneeklemmen zu installieren, um Schnee f\u00fcr die Entladung f\u00fcr Schnee bei kaltem Wetter zu helfen, weil dies Ihre Zeit und Kosten f\u00fcr die Beseitigung von Schnee selbst im kalten Winter reduzieren kann.<\/p>\n<div class=\"wp-block-button popmake-1937\"><a class=\"wp-block-button__link wp-element-button\">Preispr\u00fcfung<\/a><\/div>","protected":false},"featured_media":2794,"template":"","meta":{"_uag_custom_page_level_css":"","site-sidebar-layout":"default","site-content-layout":"","ast-site-content-layout":"default","site-content-style":"default","site-sidebar-style":"default","ast-global-header-display":"","ast-banner-title-visibility":"","ast-main-header-display":"","ast-hfb-above-header-display":"","ast-hfb-below-header-display":"","ast-hfb-mobile-header-display":"","site-post-title":"","ast-breadcrumbs-content":"","ast-featured-img":"","footer-sml-layout":"","ast-disable-related-posts":"","theme-transparent-header-meta":"default","adv-header-id-meta":"","stick-header-meta":"","header-above-stick-meta":"","header-main-stick-meta":"","header-below-stick-meta":"","astra-migrate-meta-layouts":"set","ast-page-background-enabled":"default","ast-page-background-meta":{"desktop":{"background-color":"","background-image":"","background-repeat":"repeat","background-position":"center center","background-size":"auto","background-attachment":"scroll","background-type":"","background-media":"","overlay-type":"","overlay-color":"","overlay-opacity":"","overlay-gradient":""},"tablet":{"background-color":"","background-image":"","background-repeat":"repeat","background-position":"center center","background-size":"auto","background-attachment":"scroll","background-type":"","background-media":"","overlay-type":"","overlay-color":"","overlay-opacity":"","overlay-gradient":""},"mobile":{"background-color":"","background-image":"","background-repeat":"repeat","background-position":"center center","background-size":"auto","background-attachment":"scroll","background-type":"","background-media":"","overlay-type":"","overlay-color":"","overlay-opacity":"","overlay-gradient":""}},"ast-content-background-meta":{"desktop":{"background-color":"var(--ast-global-color-5)","background-image":"","background-repeat":"repeat","background-position":"center center","background-size":"auto","background-attachment":"scroll","background-type":"","background-media":"","overlay-type":"","overlay-color":"","overlay-opacity":"","overlay-gradient":""},"tablet":{"background-color":"var(--ast-global-color-5)","background-image":"","background-repeat":"repeat","background-position":"center center","background-size":"auto","background-attachment":"scroll","background-type":"","background-media":"","overlay-type":"","overlay-color":"","overlay-opacity":"","overlay-gradient":""},"mobile":{"background-color":"var(--ast-global-color-5)","background-image":"","background-repeat":"repeat","background-position":"center center","background-size":"auto","background-attachment":"scroll","background-type":"","background-media":"","overlay-type":"","overlay-color":"","overlay-opacity":"","overlay-gradient":""}}},"product_brand":[],"product_cat":[25,23,33],"product_tag":[291,290,289,286,288,287,285],"class_list":{"0":"post-2793","1":"product","2":"type-product","3":"status-publish","4":"has-post-thumbnail","6":"product_cat-excellent","7":"product_cat-solar-accessories","8":"product_cat-solar-panel-accessories","9":"product_tag-pv-snow-removal-clips","10":"product_tag-snow-accumulation-solution","11":"product_tag-solar-panel-pv-snow-brake","12":"product_tag-solar-panel-snow-clips","13":"product_tag-solar-panel-snow-guide-clamp","14":"product_tag-solar-panel-snow-guide-clip","15":"product_tag-solar-panel-snow-hooks","16":"desktop-align-left","17":"tablet-align-left","18":"mobile-align-left","20":"first","21":"instock","22":"shipping-taxable","23":"product-type-simple"},"spectra_custom_meta":{"_uabb_version":["1.36.1"],"_edit_last":["1"],"_edit_lock":["1756888344:1"],"_thumbnail_id":["2794"],"wb_custom_tabs":["a:0:{}"],"total_sales":["0"],"_tax_status":["taxable"],"_tax_class":[""],"_manage_stock":["no"],"_backorders":["no"],"_sold_individually":["no"],"_virtual":["no"],"_downloadable":["no"],"_download_limit":["-1"],"_download_expiry":["-1"],"_stock":[null],"_stock_status":["instock"],"_wc_average_rating":["0"],"_wc_review_count":["0"],"_product_version":["9.6.2"],"_product_image_gallery":["2797,2796,2795,2798"],"site-sidebar-layout":["default"],"ast-site-content-layout":["default"],"site-content-style":["default"],"site-sidebar-style":["default"],"theme-transparent-header-meta":["default"],"astra-migrate-meta-layouts":["set"],"_uag_page_assets":["a:9:{s:3:\"css\";s:5318:\".uag-blocks-common-selector{z-index:var(--z-index-desktop) !important}@media (max-width: 976px){.uag-blocks-common-selector{z-index:var(--z-index-tablet) !important}}@media (max-width: 767px){.uag-blocks-common-selector{z-index:var(--z-index-mobile) !important}}\n.wp-block-uagb-faq{width:100%}.wp-block-uagb-faq.uagb-faq-layout-accordion .uagb-faq-child__outer-wrap .uagb-faq-questions-button{cursor:pointer}.wp-block-uagb-faq .uagb-faq-content{margin-bottom:0}.wp-block-uagb-faq .uagb-faq-content p{margin:auto}.uagb-faq-layout-grid.uagb-faq-equal-height.uagb-faq__wrap .uagb-faq-child__outer-wrap,.uagb-faq-layout-grid.uagb-faq-equal-height.uagb-faq__wrap .uagb-faq-item{height:100%}body[class*=\"astra\"] .uagb-faq-questions{line-height:normal}.uagb-faq-item{overflow:hidden}\n.wp-block-uagb-faq-child .uagb-faq-questions-button{display:flex;align-items:center}.wp-block-uagb-faq-child .uagb-faq-questions-button .uagb-faq-icon-wrap{display:flex;align-items:center}.wp-block-uagb-faq-child .uagb-faq-questions-button .uagb-question{width:100%;margin-top:0;margin-bottom:0}.wp-block-uagb-faq-child .uagb-icon svg,.wp-block-uagb-faq-child .uagb-icon-active svg{width:15px;height:15px;font-size:15px}.wp-block-uagb-faq-child.uagb-faq-child__outer-wrap.uagb-faq-item .uagb-icon-active,.wp-block-uagb-faq-child.uagb-faq-child__outer-wrap.uagb-faq-item.uagb-faq-item-active .uagb-icon,.wp-block-uagb-faq-child.uagb-faq-child__outer-wrap .uagb-faq-item .uagb-icon-active,.wp-block-uagb-faq-child.uagb-faq-child__outer-wrap .uagb-faq-item.uagb-faq-item-active .uagb-icon{display:none;width:0;padding:0;height:0;margin:0}.wp-block-uagb-faq-child.uagb-faq-child__outer-wrap.uagb-faq-item .uagb-icon,.wp-block-uagb-faq-child.uagb-faq-child__outer-wrap.uagb-faq-item.uagb-faq-item-active .uagb-icon-active,.wp-block-uagb-faq-child.uagb-faq-child__outer-wrap .uagb-faq-item .uagb-icon,.wp-block-uagb-faq-child.uagb-faq-child__outer-wrap .uagb-faq-item.uagb-faq-item-active .uagb-icon-active{display:flex;width:auto;height:auto}.uagb-faq-layout-grid .uagb-faq-child__outer-wrap.uagb-faq-item .uagb-icon,.uagb-faq-layout-grid .uagb-faq-child__outer-wrap.uagb-faq-item.uagb-faq-item-active .uagb-icon-active,.uagb-faq-layout-grid .uagb-faq-child__outer-wrap .uagb-faq-item .uagb-icon,.uagb-faq-layout-grid .uagb-faq-child__outer-wrap .uagb-faq-item.uagb-faq-item-active .uagb-icon-active{display:none}.uagb-faq-layout-grid .uagb-faq-child__outer-wrap.uagb-faq-item span.uagb-icon-active.uagb-faq-icon-wrap,.uagb-faq-layout-grid .uagb-faq-child__outer-wrap.uagb-faq-item.uagb-faq-item-active .uagb-icon-active,.uagb-faq-layout-grid .uagb-faq-child__outer-wrap .uagb-faq-item span.uagb-icon-active.uagb-faq-icon-wrap,.uagb-faq-layout-grid .uagb-faq-child__outer-wrap .uagb-faq-item.uagb-faq-item-active .uagb-icon-active{display:none}\n.uagb-block-55b5edaf .uagb-icon svg{width: 12px;height: 12px;font-size: 12px;}.uagb-block-55b5edaf .uagb-icon-active svg{width: 12px;height: 12px;font-size: 12px;}.uagb-block-55b5edaf .uagb-faq-child__outer-wrap{margin-bottom: 10px;}.uagb-block-55b5edaf .uagb-faq-item{border-top-width: 1px;border-left-width: 1px;border-right-width: 1px;border-bottom-width: 1px;border-top-left-radius: 2px;border-top-right-radius: 2px;border-bottom-left-radius: 2px;border-bottom-right-radius: 2px;border-color: #1e1e1e;border-style: solid;}.uagb-block-55b5edaf .uagb-faq-questions-button{padding-top: 10px;padding-bottom: 10px;padding-right: 10px;padding-left: 10px;}.uagb-block-55b5edaf .uagb-faq-content{padding-top: 10px;padding-bottom: 10px;padding-right: 10px;padding-left: 10px;}.uagb-block-55b5edaf .uagb-faq-content span{margin-top: 10px;margin-bottom: 10px;margin-right: 10px;margin-left: 10px;}.uagb-block-55b5edaf.uagb-faq-icon-row .uagb-faq-item .uagb-faq-icon-wrap{margin-right: 10px;}.uagb-block-55b5edaf.uagb-faq-icon-row-reverse .uagb-faq-item .uagb-faq-icon-wrap{margin-left: 10px;}.uagb-block-55b5edaf .uagb-faq-item .uagb-faq-questions-button.uagb-faq-questions{flex-direction: row;}.uagb-block-55b5edaf .wp-block-uagb-faq-child.uagb-faq-child__outer-wrap .uagb-faq-content {display: none;}@media only screen and (max-width: 976px) {.uagb-block-55b5edaf.uagb-faq-icon-row .uagb-faq-item .uagb-faq-icon-wrap{margin-right: 10px;}.uagb-block-55b5edaf.uagb-faq-icon-row-reverse .uagb-faq-item .uagb-faq-icon-wrap{margin-left: 10px;}.uagb-block-55b5edaf .uagb-faq-questions-button{padding-top: 10px;padding-bottom: 10px;padding-right: 10px;padding-left: 10px;}.uagb-block-55b5edaf .uagb-faq-content{padding-top: 10px;padding-bottom: 10px;padding-right: 10px;padding-left: 10px;}.uagb-block-55b5edaf .uagb-faq-content span{margin-top: 10px;margin-bottom: 10px;margin-right: 10px;margin-left: 10px;}}@media only screen and (max-width: 767px) {.uagb-block-55b5edaf.uagb-faq-icon-row .uagb-faq-item .uagb-faq-icon-wrap{margin-right: 10px;}.uagb-block-55b5edaf.uagb-faq-icon-row-reverse .uagb-faq-item .uagb-faq-icon-wrap{margin-left: 10px;}.uagb-block-55b5edaf .uagb-faq-questions-button{padding-top: 10px;padding-bottom: 10px;padding-right: 10px;padding-left: 10px;}.uagb-block-55b5edaf .uagb-faq-content{padding-top: 10px;padding-bottom: 10px;padding-right: 10px;padding-left: 10px;}.uagb-block-55b5edaf .uagb-faq-content span{margin-top: 10px;margin-bottom: 10px;margin-right: 10px;margin-left: 10px;}}\";s:2:\"js\";s:0:\"\";s:18:\"current_block_list\";a:10:{i:0;s:11:\"core\/search\";i:1;s:10:\"core\/group\";i:2;s:12:\"core\/heading\";i:3;s:17:\"core\/latest-posts\";i:4;s:20:\"core\/latest-comments\";i:5;s:13:\"core\/archives\";i:6;s:15:\"core\/categories\";i:7;s:14:\"core\/paragraph\";i:8;s:8:\"uagb\/faq\";i:9;s:14:\"uagb\/faq-child\";}s:8:\"uag_flag\";b:1;s:11:\"uag_version\";s:10:\"1775829763\";s:6:\"gfonts\";a:0:{}s:10:\"gfonts_url\";s:0:\"\";s:12:\"gfonts_files\";a:0:{}s:14:\"uag_faq_layout\";b:1;}"],"_uag_css_file_name":["uag-css-2793.css"]},"uagb_featured_image_src":{"full":["https:\/\/senyenergy.com\/wp-content\/uploads\/2025\/08\/Blue-or-Black-Solar-Panel-Snow-Hooks-Snow-Clip.jpg",800,800,false],"thumbnail":["https:\/\/senyenergy.com\/wp-content\/uploads\/2025\/08\/Blue-or-Black-Solar-Panel-Snow-Hooks-Snow-Clip-150x150.jpg",150,150,true],"medium":["https:\/\/senyenergy.com\/wp-content\/uploads\/2025\/08\/Blue-or-Black-Solar-Panel-Snow-Hooks-Snow-Clip-300x300.jpg",300,300,true],"medium_large":["https:\/\/senyenergy.com\/wp-content\/uploads\/2025\/08\/Blue-or-Black-Solar-Panel-Snow-Hooks-Snow-Clip-768x768.jpg",768,768,true],"large":["https:\/\/senyenergy.com\/wp-content\/uploads\/2025\/08\/Blue-or-Black-Solar-Panel-Snow-Hooks-Snow-Clip.jpg",800,800,false],"1536x1536":["https:\/\/senyenergy.com\/wp-content\/uploads\/2025\/08\/Blue-or-Black-Solar-Panel-Snow-Hooks-Snow-Clip.jpg",800,800,false],"2048x2048":["https:\/\/senyenergy.com\/wp-content\/uploads\/2025\/08\/Blue-or-Black-Solar-Panel-Snow-Hooks-Snow-Clip.jpg",800,800,false],"trp-custom-language-flag":["https:\/\/senyenergy.com\/wp-content\/uploads\/2025\/08\/Blue-or-Black-Solar-Panel-Snow-Hooks-Snow-Clip-12x12.jpg",12,12,true],"woocommerce_thumbnail":["https:\/\/senyenergy.com\/wp-content\/uploads\/2025\/08\/Blue-or-Black-Solar-Panel-Snow-Hooks-Snow-Clip-300x300.jpg",300,300,true],"woocommerce_single":["https:\/\/senyenergy.com\/wp-content\/uploads\/2025\/08\/Blue-or-Black-Solar-Panel-Snow-Hooks-Snow-Clip-600x600.jpg",600,600,true],"woocommerce_gallery_thumbnail":["https:\/\/senyenergy.com\/wp-content\/uploads\/2025\/08\/Blue-or-Black-Solar-Panel-Snow-Hooks-Snow-Clip-100x100.jpg",100,100,true]},"uagb_author_info":{"display_name":"wp-admin","author_link":"https:\/\/senyenergy.com\/de\/author\/"},"uagb_comment_info":0,"uagb_excerpt":"These Solar Panel Snow Hooks Snow Clips\u00a0are a practical solution to snow buildup on solar panels, minimizing labor costs for winter snow removal. Installing snow guards for solar panels can prevent this issue, It is recommended that every homeowner install PV Solar Panel Snow Hooks Snow Clips to help drain snow for discharging for snow&hellip;","_links":{"self":[{"href":"https:\/\/senyenergy.com\/de\/wp-json\/wp\/v2\/product\/2793","targetHints":{"allow":["GET"]}}],"collection":[{"href":"https:\/\/senyenergy.com\/de\/wp-json\/wp\/v2\/product"}],"about":[{"href":"https:\/\/senyenergy.com\/de\/wp-json\/wp\/v2\/types\/product"}],"wp:featuredmedia":[{"embeddable":true,"href":"https:\/\/senyenergy.com\/de\/wp-json\/wp\/v2\/media\/2794"}],"wp:attachment":[{"href":"https:\/\/senyenergy.com\/de\/wp-json\/wp\/v2\/media?parent=2793"}],"wp:term":[{"taxonomy":"product_brand","embeddable":true,"href":"https:\/\/senyenergy.com\/de\/wp-json\/wp\/v2\/product_brand?post=2793"},{"taxonomy":"product_cat","embeddable":true,"href":"https:\/\/senyenergy.com\/de\/wp-json\/wp\/v2\/product_cat?post=2793"},{"taxonomy":"product_tag","embeddable":true,"href":"https:\/\/senyenergy.com\/de\/wp-json\/wp\/v2\/product_tag?post=2793"}],"curies":[{"name":"wp","href":"https:\/\/api.w.org\/{rel}","templated":true}]}}