{"id":2658,"date":"2025-07-08T15:43:40","date_gmt":"2025-07-08T07:43:40","guid":{"rendered":"https:\/\/senyenergy.com\/?post_type=product&#038;p=2658"},"modified":"2025-07-13T12:10:53","modified_gmt":"2025-07-13T04:10:53","slug":"aluminium-solarmittelklemme-fur-solarmodul-30mm-35mm","status":"publish","type":"product","link":"https:\/\/senyenergy.com\/de\/product\/aluminium-solarmittelklemme-fur-solarmodul-30mm-35mm\/","title":{"rendered":"Aluminium Solar Mid Clamp f\u00fcr Solarmodul 30mm \/35mm"},"content":{"rendered":"<p><strong><b>Aluminium S<\/b><\/strong><strong><b>olar <\/b><\/strong><strong><b>M<\/b><\/strong><strong><b>id <\/b><\/strong><strong><b>C<\/b><\/strong><strong><b>Lampe<\/b><\/strong>\u00a0ist eine wesentliche Komponente zur Befestigung von Solarmodulen an Montageschienen in Solaranlagen. Diese Klemmen sorgen f\u00fcr eine zuverl\u00e4ssige Verbindung und gew\u00e4hrleisten, dass die Solarmodule stabil und richtig ausgerichtet bleiben. Die mittlere Klemme wird auch als Mittelklemme bezeichnet, die zur Befestigung von Solarmodulen zwischen zwei Solarmodulen verwendet wird. Sie wird mit Schraube und Mutter zusammengebaut und mit einer Schiene befestigt, um die Paneele vor Wind und anderen Ersch\u00fctterungen zu sch\u00fctzen. Mid Klemme ist aus Aluminium 6005 T5 mit eloxiert und es ist kompatibel 30-50mm Solarmodule.<\/p>\n<p>&nbsp;<\/p>\n<p>Die aus korrosionsbest\u00e4ndigem, eloxiertem Aluminium gefertigte Klemme ist leicht, witterungsbest\u00e4ndig und so konstruiert, dass sie den dynamischen Belastungen und Umweltbedingungen standh\u00e4lt. Sie ist ideal f\u00fcr Installateure, die eine schnelle, wiederholbare Befestigung von Platten mit langfristiger Zuverl\u00e4ssigkeit ben\u00f6tigen.<\/p>\n<p>&nbsp;<\/p>\n<p>Unser <strong><b>Aluminium S<\/b><\/strong><strong><b>olar <\/b><\/strong><strong><b>M<\/b><\/strong><strong><b>id <\/b><\/strong><strong><b>C<\/b><\/strong><strong><b>Lampe<\/b><\/strong>\u00a0f\u00fcr Solarpanel ist aus stranggepresstem, eloxiertem Aluminium hergestellt, das einen guten Rost- und Korrosionsschutz bietet. Die mittlere Klammer ist auf der Oberfl\u00e4che normalerweise eloxiert. Wir k\u00f6nnen auch schwarz eloxiert auf der Oberfl\u00e4che tun, um mit schwarz gerahmten Solarpanels zu treffen. Es kann auch auf Kundenwunsch maschinell bearbeitet werden. Wir haben Silber und Schwarz f\u00fcr Ihre Wahl oder angepasst, um Ihre Anforderungen zu erf\u00fcllen. Unsere Fabrik bietet verschiedene Serien von Mittelklemmen an, einschlie\u00dflich 30\/35\/40\/45\/50mm und mehr, die zu den Solarpanels passen. Die Alu-Mittelklemme f\u00fcr Solarmodule ist mit einer Innensechskantschraube, einer flachen Unterlegscheibe, einer Federscheibe und einer Gleitmutter ausgestattet. Sie kann auch mit einer Erdungsklemme ausgestattet werden, die in der Montageschiene befestigt wird, um die Erdung zu erreichen. Wir sind seri\u00f6s mit der Qualit\u00e4t der Mittelklemmen und bieten die Garantie f\u00fcr unsere anderen Produkte.<\/p>\n<p>&nbsp;<\/p>\n<p>Merkmale von <strong><b>Aluminium S<\/b><\/strong><strong><b>olar <\/b><\/strong><strong><b>M<\/b><\/strong><strong><b>id <\/b><\/strong><strong><b>C<\/b><\/strong><strong><b>Lampe<\/b><\/strong>\u00a0f\u00fcr Sonnenkollektoren:<\/p>\n<ol>\n<li>Einfache und leichte Installation;<\/li>\n<li>Hoch vormontiert im Werk;<\/li>\n<li>Hohe Korrosionsbest\u00e4ndigkeit, lange Nutzungsdauer;<\/li>\n<li>Gute Qualit\u00e4t und hohe Festigkeit;<\/li>\n<li>Sie m\u00fcssen verschiedene Gr\u00f6\u00dfen haben, damit sie zu den Solarmodulen passen;<\/li>\n<li>\u00c4u\u00dferst kosteneffizient und zum Fabrikpreis;<\/li>\n<\/ol>\n<p>&nbsp;<\/p>\n<p>Bestandteile dieses Aluminiums <strong><b>Aluminium S<\/b><\/strong><strong><b>olar <\/b><\/strong><strong><b>M<\/b><\/strong><strong><b>id <\/b><\/strong><strong><b>C<\/b><\/strong><strong><b>Lampe<\/b><\/strong><\/p>\n<p>Es kommt mit Montage Aluminium-Basis, Edelstahl Sechskantschraube und Senyang T-Modul, kann es mit kundenspezifischen Mutter kommen<\/p>\n<p>und Schraube, falls gew\u00fcnscht.<\/p>\n<p>&nbsp;<\/p>\n<p>Spezifikation dieser <strong><b>Aluminium S<\/b><\/strong><strong><b>olar <\/b><\/strong><strong><b>M<\/b><\/strong><strong><b>id <\/b><\/strong><strong><b>C<\/b><\/strong><strong><b>Lampe<\/b><\/strong><\/p>\n<p>- Standardl\u00e4nge der Klemme: 40mm, andere kundenspezifische Gr\u00f6\u00dfe: 40 \/ 50 \/60 \/80... verf\u00fcgbar<\/p>\n<p>- Schraubenbolzen: M8\u00d7450mm,M8\u00d745mm,M8\u00d750mm,M8\u00d755mm,M8\u00d760mm,M8\u00d765mm\u2026<\/p>\n<p>- Oberfl\u00e4chenbehandlung: Eloxiert;<\/p>\n<p>- Farbe: Silber \/ schwarz ...<\/p>\n<p>&nbsp;<\/p>\n<p><strong><b>S<\/b><\/strong><strong><b>olar <\/b><\/strong><strong><b>M<\/b><\/strong><strong><b>id <\/b><\/strong><strong><b>C<\/b><\/strong><strong><b>Lampe<\/b><\/strong> kann auch mit einer Erdungsklammer ausgestattet werden, die in der Montageschiene zu befestigen ist, um die Erdung zu erreichen, f\u00fcr weitere Informationen zur Erdung, bitte<\/p>\n<p>siehe Solarmontage Erdungssysteme<\/p>\n<p>&nbsp;<\/p>\n<p>SENYANG f\u00fchren gerahmte oder D\u00fcnnfilm-Mittel-\/Endklemmen, sowohl feste als auch verstellbare Typen. Und entwerfen verschiedene <strong><b>Aluminium S<\/b><\/strong><strong><b>olar <\/b><\/strong><strong><b>M<\/b><\/strong><strong><b>id <\/b><\/strong><strong><b>C<\/b><\/strong><strong><b>Lampe<\/b><\/strong>\u00a0f\u00fcr verschiedene Schienen, bitte kontaktieren Sie uns f\u00fcr kundenspezifische Mittelklemme, wir bieten OEM-Service!<\/p>\n<p>&nbsp;<\/p>","protected":false},"excerpt":{"rendered":"<p>Unser Aluminium <strong><b>S<\/b><\/strong><strong><b>olar <\/b><\/strong><strong><b>M<\/b><\/strong><strong><b>id <\/b><\/strong><strong><b>C<\/b><\/strong><strong><b>Lampe<\/b><\/strong>\u00a0f\u00fcr Solarpanel ist aus stranggepresstem eloxiertem Aluminium Material, das gute rostfrei und Korrosionsschutz hat gemacht. Die mittlere Klammer ist eloxiert auf der Oberfl\u00e4che normalerweise.wir k\u00f6nnen auch schwarz eloxiert auf der Oberfl\u00e4che tun, um mit schwarz gerahmten Solarpanels zu treffen. Es kann auch M\u00fchle Oberfl\u00e4che als Kundenwunsch sein. Wir haben Silber und Schwarz f\u00fcr Ihre Wahl oder angepasst, um Ihre Anforderungen zu erf\u00fcllen. Unsere Fabrik bietet verschiedene Serien von Mittelklemmen an, einschlie\u00dflich 30\/35\/40\/45\/50mm und mehr, die zu den Solarpanels passen. Die Alu-Mittelklemme f\u00fcr Solarmodule ist mit einer Innensechskantschraube, einer flachen Unterlegscheibe, einer Federscheibe und einer Gleitmutter ausgestattet. Sie kann auch mit einer Erdungsklemme ausgestattet werden, die in der Montageschiene befestigt wird, um die Erdung zu erreichen. Wir sind seri\u00f6s mit der Qualit\u00e4t der Mittelklemmen und bieten die Garantie f\u00fcr unsere anderen Produkte.<\/p>\n<div class=\"wp-block-button popmake-1937\"><a class=\"wp-block-button__link wp-element-button\">Preispr\u00fcfung<\/a><\/div>","protected":false},"featured_media":2663,"template":"","meta":{"_uag_custom_page_level_css":"","site-sidebar-layout":"default","site-content-layout":"","ast-site-content-layout":"default","site-content-style":"default","site-sidebar-style":"default","ast-global-header-display":"","ast-banner-title-visibility":"","ast-main-header-display":"","ast-hfb-above-header-display":"","ast-hfb-below-header-display":"","ast-hfb-mobile-header-display":"","site-post-title":"","ast-breadcrumbs-content":"","ast-featured-img":"","footer-sml-layout":"","ast-disable-related-posts":"","theme-transparent-header-meta":"default","adv-header-id-meta":"","stick-header-meta":"","header-above-stick-meta":"","header-main-stick-meta":"","header-below-stick-meta":"","astra-migrate-meta-layouts":"set","ast-page-background-enabled":"default","ast-page-background-meta":{"desktop":{"background-color":"","background-image":"","background-repeat":"repeat","background-position":"center center","background-size":"auto","background-attachment":"scroll","background-type":"","background-media":"","overlay-type":"","overlay-color":"","overlay-opacity":"","overlay-gradient":""},"tablet":{"background-color":"","background-image":"","background-repeat":"repeat","background-position":"center center","background-size":"auto","background-attachment":"scroll","background-type":"","background-media":"","overlay-type":"","overlay-color":"","overlay-opacity":"","overlay-gradient":""},"mobile":{"background-color":"","background-image":"","background-repeat":"repeat","background-position":"center center","background-size":"auto","background-attachment":"scroll","background-type":"","background-media":"","overlay-type":"","overlay-color":"","overlay-opacity":"","overlay-gradient":""}},"ast-content-background-meta":{"desktop":{"background-color":"var(--ast-global-color-5)","background-image":"","background-repeat":"repeat","background-position":"center center","background-size":"auto","background-attachment":"scroll","background-type":"","background-media":"","overlay-type":"","overlay-color":"","overlay-opacity":"","overlay-gradient":""},"tablet":{"background-color":"var(--ast-global-color-5)","background-image":"","background-repeat":"repeat","background-position":"center center","background-size":"auto","background-attachment":"scroll","background-type":"","background-media":"","overlay-type":"","overlay-color":"","overlay-opacity":"","overlay-gradient":""},"mobile":{"background-color":"var(--ast-global-color-5)","background-image":"","background-repeat":"repeat","background-position":"center center","background-size":"auto","background-attachment":"scroll","background-type":"","background-media":"","overlay-type":"","overlay-color":"","overlay-opacity":"","overlay-gradient":""}}},"product_brand":[],"product_cat":[25,23,132,33],"product_tag":[238,240,58,239],"class_list":{"0":"post-2658","1":"product","2":"type-product","3":"status-publish","4":"has-post-thumbnail","6":"product_cat-excellent","7":"product_cat-solar-accessories","8":"product_cat-solar-mounting-components","9":"product_cat-solar-panel-accessories","10":"product_tag-mid-clamp","11":"product_tag-solar-inter-clamp","12":"product_tag-solar-mid-clamp","13":"product_tag-solar-middle-clamp","14":"desktop-align-left","15":"tablet-align-left","16":"mobile-align-left","18":"first","19":"instock","20":"shipping-taxable","21":"product-type-simple"},"spectra_custom_meta":{"_uabb_version":["1.36.1"],"_edit_last":["1"],"_edit_lock":["1752484926:1"],"_thumbnail_id":["2663"],"total_sales":["0"],"_tax_status":["taxable"],"_tax_class":[""],"_manage_stock":["no"],"_backorders":["no"],"_sold_individually":["no"],"_virtual":["no"],"_downloadable":["no"],"_download_limit":["-1"],"_download_expiry":["-1"],"_stock":[null],"_stock_status":["instock"],"_wc_average_rating":["0"],"_wc_review_count":["0"],"_product_version":["9.6.2"],"_product_image_gallery":["2662,2660,2661,2659"],"site-sidebar-layout":["default"],"ast-site-content-layout":["default"],"site-content-style":["default"],"site-sidebar-style":["default"],"theme-transparent-header-meta":["default"],"astra-migrate-meta-layouts":["set"],"_uag_page_assets":["a:9:{s:3:\"css\";s:5318:\".uag-blocks-common-selector{z-index:var(--z-index-desktop) !important}@media (max-width: 976px){.uag-blocks-common-selector{z-index:var(--z-index-tablet) !important}}@media (max-width: 767px){.uag-blocks-common-selector{z-index:var(--z-index-mobile) !important}}\n.wp-block-uagb-faq{width:100%}.wp-block-uagb-faq.uagb-faq-layout-accordion .uagb-faq-child__outer-wrap .uagb-faq-questions-button{cursor:pointer}.wp-block-uagb-faq .uagb-faq-content{margin-bottom:0}.wp-block-uagb-faq .uagb-faq-content p{margin:auto}.uagb-faq-layout-grid.uagb-faq-equal-height.uagb-faq__wrap .uagb-faq-child__outer-wrap,.uagb-faq-layout-grid.uagb-faq-equal-height.uagb-faq__wrap .uagb-faq-item{height:100%}body[class*=\"astra\"] .uagb-faq-questions{line-height:normal}.uagb-faq-item{overflow:hidden}\n.wp-block-uagb-faq-child .uagb-faq-questions-button{display:flex;align-items:center}.wp-block-uagb-faq-child .uagb-faq-questions-button .uagb-faq-icon-wrap{display:flex;align-items:center}.wp-block-uagb-faq-child .uagb-faq-questions-button .uagb-question{width:100%;margin-top:0;margin-bottom:0}.wp-block-uagb-faq-child .uagb-icon svg,.wp-block-uagb-faq-child .uagb-icon-active svg{width:15px;height:15px;font-size:15px}.wp-block-uagb-faq-child.uagb-faq-child__outer-wrap.uagb-faq-item .uagb-icon-active,.wp-block-uagb-faq-child.uagb-faq-child__outer-wrap.uagb-faq-item.uagb-faq-item-active .uagb-icon,.wp-block-uagb-faq-child.uagb-faq-child__outer-wrap .uagb-faq-item .uagb-icon-active,.wp-block-uagb-faq-child.uagb-faq-child__outer-wrap .uagb-faq-item.uagb-faq-item-active .uagb-icon{display:none;width:0;padding:0;height:0;margin:0}.wp-block-uagb-faq-child.uagb-faq-child__outer-wrap.uagb-faq-item .uagb-icon,.wp-block-uagb-faq-child.uagb-faq-child__outer-wrap.uagb-faq-item.uagb-faq-item-active .uagb-icon-active,.wp-block-uagb-faq-child.uagb-faq-child__outer-wrap .uagb-faq-item .uagb-icon,.wp-block-uagb-faq-child.uagb-faq-child__outer-wrap .uagb-faq-item.uagb-faq-item-active .uagb-icon-active{display:flex;width:auto;height:auto}.uagb-faq-layout-grid .uagb-faq-child__outer-wrap.uagb-faq-item .uagb-icon,.uagb-faq-layout-grid .uagb-faq-child__outer-wrap.uagb-faq-item.uagb-faq-item-active .uagb-icon-active,.uagb-faq-layout-grid .uagb-faq-child__outer-wrap .uagb-faq-item .uagb-icon,.uagb-faq-layout-grid .uagb-faq-child__outer-wrap .uagb-faq-item.uagb-faq-item-active .uagb-icon-active{display:none}.uagb-faq-layout-grid .uagb-faq-child__outer-wrap.uagb-faq-item span.uagb-icon-active.uagb-faq-icon-wrap,.uagb-faq-layout-grid .uagb-faq-child__outer-wrap.uagb-faq-item.uagb-faq-item-active .uagb-icon-active,.uagb-faq-layout-grid .uagb-faq-child__outer-wrap .uagb-faq-item span.uagb-icon-active.uagb-faq-icon-wrap,.uagb-faq-layout-grid .uagb-faq-child__outer-wrap .uagb-faq-item.uagb-faq-item-active .uagb-icon-active{display:none}\n.uagb-block-55b5edaf .uagb-icon svg{width: 12px;height: 12px;font-size: 12px;}.uagb-block-55b5edaf .uagb-icon-active svg{width: 12px;height: 12px;font-size: 12px;}.uagb-block-55b5edaf .uagb-faq-child__outer-wrap{margin-bottom: 10px;}.uagb-block-55b5edaf .uagb-faq-item{border-top-width: 1px;border-left-width: 1px;border-right-width: 1px;border-bottom-width: 1px;border-top-left-radius: 2px;border-top-right-radius: 2px;border-bottom-left-radius: 2px;border-bottom-right-radius: 2px;border-color: #1e1e1e;border-style: solid;}.uagb-block-55b5edaf .uagb-faq-questions-button{padding-top: 10px;padding-bottom: 10px;padding-right: 10px;padding-left: 10px;}.uagb-block-55b5edaf .uagb-faq-content{padding-top: 10px;padding-bottom: 10px;padding-right: 10px;padding-left: 10px;}.uagb-block-55b5edaf .uagb-faq-content span{margin-top: 10px;margin-bottom: 10px;margin-right: 10px;margin-left: 10px;}.uagb-block-55b5edaf.uagb-faq-icon-row .uagb-faq-item .uagb-faq-icon-wrap{margin-right: 10px;}.uagb-block-55b5edaf.uagb-faq-icon-row-reverse .uagb-faq-item .uagb-faq-icon-wrap{margin-left: 10px;}.uagb-block-55b5edaf .uagb-faq-item .uagb-faq-questions-button.uagb-faq-questions{flex-direction: row;}.uagb-block-55b5edaf .wp-block-uagb-faq-child.uagb-faq-child__outer-wrap .uagb-faq-content {display: none;}@media only screen and (max-width: 976px) {.uagb-block-55b5edaf.uagb-faq-icon-row .uagb-faq-item .uagb-faq-icon-wrap{margin-right: 10px;}.uagb-block-55b5edaf.uagb-faq-icon-row-reverse .uagb-faq-item .uagb-faq-icon-wrap{margin-left: 10px;}.uagb-block-55b5edaf .uagb-faq-questions-button{padding-top: 10px;padding-bottom: 10px;padding-right: 10px;padding-left: 10px;}.uagb-block-55b5edaf .uagb-faq-content{padding-top: 10px;padding-bottom: 10px;padding-right: 10px;padding-left: 10px;}.uagb-block-55b5edaf .uagb-faq-content span{margin-top: 10px;margin-bottom: 10px;margin-right: 10px;margin-left: 10px;}}@media only screen and (max-width: 767px) {.uagb-block-55b5edaf.uagb-faq-icon-row .uagb-faq-item .uagb-faq-icon-wrap{margin-right: 10px;}.uagb-block-55b5edaf.uagb-faq-icon-row-reverse .uagb-faq-item .uagb-faq-icon-wrap{margin-left: 10px;}.uagb-block-55b5edaf .uagb-faq-questions-button{padding-top: 10px;padding-bottom: 10px;padding-right: 10px;padding-left: 10px;}.uagb-block-55b5edaf .uagb-faq-content{padding-top: 10px;padding-bottom: 10px;padding-right: 10px;padding-left: 10px;}.uagb-block-55b5edaf .uagb-faq-content span{margin-top: 10px;margin-bottom: 10px;margin-right: 10px;margin-left: 10px;}}\";s:2:\"js\";s:0:\"\";s:18:\"current_block_list\";a:10:{i:0;s:11:\"core\/search\";i:1;s:10:\"core\/group\";i:2;s:12:\"core\/heading\";i:3;s:17:\"core\/latest-posts\";i:4;s:20:\"core\/latest-comments\";i:5;s:13:\"core\/archives\";i:6;s:15:\"core\/categories\";i:7;s:14:\"core\/paragraph\";i:8;s:8:\"uagb\/faq\";i:9;s:14:\"uagb\/faq-child\";}s:8:\"uag_flag\";b:1;s:11:\"uag_version\";s:10:\"1775829763\";s:6:\"gfonts\";a:0:{}s:10:\"gfonts_url\";s:0:\"\";s:12:\"gfonts_files\";a:0:{}s:14:\"uag_faq_layout\";b:1;}"],"_uag_css_file_name":["uag-css-2658.css"]},"uagb_featured_image_src":{"full":["https:\/\/senyenergy.com\/wp-content\/uploads\/2025\/07\/Solar-Mid-Clamp-size.jpg",800,800,false],"thumbnail":["https:\/\/senyenergy.com\/wp-content\/uploads\/2025\/07\/Solar-Mid-Clamp-size-150x150.jpg",150,150,true],"medium":["https:\/\/senyenergy.com\/wp-content\/uploads\/2025\/07\/Solar-Mid-Clamp-size-300x300.jpg",300,300,true],"medium_large":["https:\/\/senyenergy.com\/wp-content\/uploads\/2025\/07\/Solar-Mid-Clamp-size-768x768.jpg",768,768,true],"large":["https:\/\/senyenergy.com\/wp-content\/uploads\/2025\/07\/Solar-Mid-Clamp-size.jpg",800,800,false],"1536x1536":["https:\/\/senyenergy.com\/wp-content\/uploads\/2025\/07\/Solar-Mid-Clamp-size.jpg",800,800,false],"2048x2048":["https:\/\/senyenergy.com\/wp-content\/uploads\/2025\/07\/Solar-Mid-Clamp-size.jpg",800,800,false],"trp-custom-language-flag":["https:\/\/senyenergy.com\/wp-content\/uploads\/2025\/07\/Solar-Mid-Clamp-size-12x12.jpg",12,12,true],"woocommerce_thumbnail":["https:\/\/senyenergy.com\/wp-content\/uploads\/2025\/07\/Solar-Mid-Clamp-size-300x300.jpg",300,300,true],"woocommerce_single":["https:\/\/senyenergy.com\/wp-content\/uploads\/2025\/07\/Solar-Mid-Clamp-size-600x600.jpg",600,600,true],"woocommerce_gallery_thumbnail":["https:\/\/senyenergy.com\/wp-content\/uploads\/2025\/07\/Solar-Mid-Clamp-size-100x100.jpg",100,100,true]},"uagb_author_info":{"display_name":"wp-admin","author_link":"https:\/\/senyenergy.com\/de\/author\/"},"uagb_comment_info":0,"uagb_excerpt":"Our aluminum Solar Mid Clamp\u00a0for solar panel is made of extruded anodized aluminum material, which has good rust-proof and corrosion protection. The mid clamp is anodized on surface finish normally.We can also do black anodized on the surface to meet with black framed solar panels. It can be mill finish as customer\u2019s request also. We&hellip;","_links":{"self":[{"href":"https:\/\/senyenergy.com\/de\/wp-json\/wp\/v2\/product\/2658","targetHints":{"allow":["GET"]}}],"collection":[{"href":"https:\/\/senyenergy.com\/de\/wp-json\/wp\/v2\/product"}],"about":[{"href":"https:\/\/senyenergy.com\/de\/wp-json\/wp\/v2\/types\/product"}],"wp:featuredmedia":[{"embeddable":true,"href":"https:\/\/senyenergy.com\/de\/wp-json\/wp\/v2\/media\/2663"}],"wp:attachment":[{"href":"https:\/\/senyenergy.com\/de\/wp-json\/wp\/v2\/media?parent=2658"}],"wp:term":[{"taxonomy":"product_brand","embeddable":true,"href":"https:\/\/senyenergy.com\/de\/wp-json\/wp\/v2\/product_brand?post=2658"},{"taxonomy":"product_cat","embeddable":true,"href":"https:\/\/senyenergy.com\/de\/wp-json\/wp\/v2\/product_cat?post=2658"},{"taxonomy":"product_tag","embeddable":true,"href":"https:\/\/senyenergy.com\/de\/wp-json\/wp\/v2\/product_tag?post=2658"}],"curies":[{"name":"wp","href":"https:\/\/api.w.org\/{rel}","templated":true}]}}