{"id":2631,"date":"2025-06-30T14:49:16","date_gmt":"2025-06-30T06:49:16","guid":{"rendered":"https:\/\/senyenergy.com\/?post_type=product&#038;p=2631"},"modified":"2025-06-30T14:49:16","modified_gmt":"2025-06-30T06:49:16","slug":"edelstahl-solarmodul-erdungsscheibe-fabrik","status":"publish","type":"product","link":"https:\/\/senyenergy.com\/de\/product\/edelstahl-solarmodul-erdungsscheibe-fabrik\/","title":{"rendered":"Edelstahl Solarpanel Erdungsscheibe Fabrik"},"content":{"rendered":"<p><strong><b>Solarmodul-Erdungsscheibe<\/b><\/strong>\u00a0(auch Erdungsunterlegscheibe, Erdungssternunterlegscheibe oder Bonding-Unterlegscheibe genannt) ist eine spezielle Hardwarekomponente, die f\u00fcr die sichere und gesetzeskonforme elektrische Erdung von Solarmodulrahmen innerhalb einer Photovoltaikanlage (PV) entscheidend ist.<\/p>\n<p><strong><b>Solarmodul Erdungsscheibe Clip<\/b><\/strong>\u00a0ist eine kritische Komponente, die f\u00fcr die ordnungsgem\u00e4\u00dfe Erdung von Solarmodulen und Montagesystemen sorgt. Diese Unterlegscheiben stellen eine sichere elektrische Verbindung zwischen den Solarmodulen und den metallischen Montagestrukturen her, verhindern elektrische Fehler und erh\u00f6hen die Sicherheit des Gesamtsystems, indem sie einen zuverl\u00e4ssigen Erdungspfad erm\u00f6glichen.<\/p>\n<p>&nbsp;<\/p>\n<p><strong><b>Solarmodul-Erdungsscheibe<\/b><\/strong><strong><b>\u00a0<\/b><\/strong>Erdungsklammer hat seine intelligente und eine Vielzahl von Designs, die zwischen Modulrahmen und Montageschiene eingef\u00fcgt wird, die Z\u00e4hne der Erdungsklammer durchbohren die Eloxalschicht gut. Das Ergebnis ist eine hervorragende Leitf\u00e4higkeit ohne Oxidation, Solar-Panel Erdungsklammer Erdungsscheibe f\u00fcr Solar-Montage, die das Modul und Schiene zu einem einzigen St\u00fcck Metall, Edelstahl Erdungsklammer Schaffung eines elektrischen Pfad der Boden macht.<\/p>\n<p>&nbsp;<\/p>\n<p>Merkmale von<strong><b>\u00a0Solarmodul-Erdungsscheibe<\/b><\/strong>:<\/p>\n<ol>\n<li>Leitf\u00e4higes Material: In der Regel aus rostfreiem Stahl, der eine ausgezeichnete elektrische Leitf\u00e4higkeit aufweist.<\/li>\n<li>Korrosionsbest\u00e4ndigkeit: Entwickelt, um Korrosion zu widerstehen, was eine langfristige Zuverl\u00e4ssigkeit gew\u00e4hrleistet, insbesondere in Au\u00dfenumgebungen.<\/li>\n<li>Vielf\u00e4ltige Gr\u00f6\u00dfen: Erh\u00e4ltlich in verschiedenen Gr\u00f6\u00dfen, um unterschiedliche Schraubendurchmesser und Installationsanforderungen zu erf\u00fcllen.<\/li>\n<li>Flaches Design: Die flache Form erm\u00f6glicht eine einfache Installation und einen effektiven Kontakt mit geerdeten Oberfl\u00e4chen.<\/li>\n<li>Erh\u00f6hte Sicherheit: Bietet eine sichere Erdungsverbindung, die das Risiko von elektrischen Fehlern verringert und die Sicherheit des gesamten Systems erh\u00f6ht.<\/li>\n<li>Blitzschutz: Hilft bei der Ableitung von \u00dcberspannungen durch Blitzeinschl\u00e4ge und sch\u00fctzt so Solarmodule und zugeh\u00f6rige Ger\u00e4te.<\/li>\n<li>Langlebigkeit: Entwickelt f\u00fcr dauerhafte Leistung, die zur Lebensdauer des Solarsystems beitr\u00e4gt.<\/li>\n<\/ol>\n<p>&nbsp;<\/p>\n<p>Die Erdungsklemme f\u00fcr Solarmodule wird in der Regel zwischen der Montageschiene und der Mittelklemme installiert. Das bedeutet, dass jede Mittelklemme f\u00fcr das Solar-Dachmontagesystem mit einer Erdungsklemme ausgestattet sein sollte.<\/p>\n<p>&nbsp;<\/p>\n<p>Au\u00dferdem bietet SENYANG viele verschiedene Arten von Erdungsscheiben f\u00fcr Solarpanels zur Auswahl, unsere <strong><b>Solarmodul-Erdungswaschanlage<\/b><\/strong>r ist f\u00fcr verschiedene Arten von Solar-Erdungs-Montagesystemen konzipiert. Wir bieten mehrere Arten von Solarpanel Erdungsscheiben f\u00fcr Ihre Optionen. Alle von ihnen sind mit hoher Qualit\u00e4t, hohe Festigkeit und kosteng\u00fcnstig. Wir hoffen, dass unsere Produkte Ihre Zufriedenheit erf\u00fcllen werden.<\/p>","protected":false},"excerpt":{"rendered":"<p>SENYANG bietet viele verschiedene Arten von Solarpanel Erdungsscheiben zur Auswahl, Unsere <strong><b>Solarmodul-Erdungswaschanlage<\/b><\/strong>r ist f\u00fcr verschiedene Arten von Solar-Erdungs-Montagesystemen konzipiert. Wir bieten mehrere Arten von Solarpanel Erdungsscheiben f\u00fcr Ihre Optionen. Alle von ihnen sind mit hoher Qualit\u00e4t, hohe Festigkeit und kosteng\u00fcnstig. Wir hoffen, dass unsere Produkte Ihre Zufriedenheit erf\u00fcllen werden.<\/p>\n<div class=\"wp-block-button popmake-1937\"><a class=\"wp-block-button__link wp-element-button\">Preispr\u00fcfung<\/a><\/div>","protected":false},"featured_media":2634,"template":"","meta":{"_uag_custom_page_level_css":"","site-sidebar-layout":"default","site-content-layout":"","ast-site-content-layout":"default","site-content-style":"default","site-sidebar-style":"default","ast-global-header-display":"","ast-banner-title-visibility":"","ast-main-header-display":"","ast-hfb-above-header-display":"","ast-hfb-below-header-display":"","ast-hfb-mobile-header-display":"","site-post-title":"","ast-breadcrumbs-content":"","ast-featured-img":"","footer-sml-layout":"","ast-disable-related-posts":"","theme-transparent-header-meta":"default","adv-header-id-meta":"","stick-header-meta":"","header-above-stick-meta":"","header-main-stick-meta":"","header-below-stick-meta":"","astra-migrate-meta-layouts":"set","ast-page-background-enabled":"default","ast-page-background-meta":{"desktop":{"background-color":"","background-image":"","background-repeat":"repeat","background-position":"center center","background-size":"auto","background-attachment":"scroll","background-type":"","background-media":"","overlay-type":"","overlay-color":"","overlay-opacity":"","overlay-gradient":""},"tablet":{"background-color":"","background-image":"","background-repeat":"repeat","background-position":"center center","background-size":"auto","background-attachment":"scroll","background-type":"","background-media":"","overlay-type":"","overlay-color":"","overlay-opacity":"","overlay-gradient":""},"mobile":{"background-color":"","background-image":"","background-repeat":"repeat","background-position":"center center","background-size":"auto","background-attachment":"scroll","background-type":"","background-media":"","overlay-type":"","overlay-color":"","overlay-opacity":"","overlay-gradient":""}},"ast-content-background-meta":{"desktop":{"background-color":"var(--ast-global-color-5)","background-image":"","background-repeat":"repeat","background-position":"center center","background-size":"auto","background-attachment":"scroll","background-type":"","background-media":"","overlay-type":"","overlay-color":"","overlay-opacity":"","overlay-gradient":""},"tablet":{"background-color":"var(--ast-global-color-5)","background-image":"","background-repeat":"repeat","background-position":"center center","background-size":"auto","background-attachment":"scroll","background-type":"","background-media":"","overlay-type":"","overlay-color":"","overlay-opacity":"","overlay-gradient":""},"mobile":{"background-color":"var(--ast-global-color-5)","background-image":"","background-repeat":"repeat","background-position":"center center","background-size":"auto","background-attachment":"scroll","background-type":"","background-media":"","overlay-type":"","overlay-color":"","overlay-opacity":"","overlay-gradient":""}}},"product_brand":[],"product_cat":[25,23,132,33],"product_tag":[225,198,223,224,222,55,120,226,36,65],"class_list":{"0":"post-2631","1":"product","2":"type-product","3":"status-publish","4":"has-post-thumbnail","6":"product_cat-excellent","7":"product_cat-solar-accessories","8":"product_cat-solar-mounting-components","9":"product_cat-solar-panel-accessories","10":"product_tag-bonding-washer","11":"product_tag-grounding-clip","12":"product_tag-grounding-lug-washer","13":"product_tag-grounding-star-washer","14":"product_tag-grounding-washer","15":"product_tag-solar-clamp","16":"product_tag-solar-energy","17":"product_tag-solar-grounding-washers","18":"product_tag-solar-panel-clip","19":"product_tag-solar-pv-clip","20":"desktop-align-left","21":"tablet-align-left","22":"mobile-align-left","24":"first","25":"instock","26":"shipping-taxable","27":"product-type-simple"},"spectra_custom_meta":{"_uabb_version":["1.36.1"],"_edit_last":["1"],"_edit_lock":["1751266263:1"],"_thumbnail_id":["2634"],"total_sales":["0"],"_tax_status":["taxable"],"_tax_class":[""],"_manage_stock":["no"],"_backorders":["no"],"_sold_individually":["no"],"_virtual":["no"],"_downloadable":["no"],"_download_limit":["-1"],"_download_expiry":["-1"],"_stock":[null],"_stock_status":["instock"],"_wc_average_rating":["0"],"_wc_review_count":["0"],"_product_version":["9.6.2"],"_product_image_gallery":["2635,2632,2633,2636"],"site-sidebar-layout":["default"],"ast-site-content-layout":["default"],"site-content-style":["default"],"site-sidebar-style":["default"],"theme-transparent-header-meta":["default"],"astra-migrate-meta-layouts":["set"],"_uag_css_file_name":["uag-css-2631.css"],"_uag_page_assets":["a:9:{s:3:\"css\";s:5311:\".uag-blocks-common-selector{z-index:var(--z-index-desktop) !important}@media(max-width: 976px){.uag-blocks-common-selector{z-index:var(--z-index-tablet) !important}}@media(max-width: 767px){.uag-blocks-common-selector{z-index:var(--z-index-mobile) !important}}.wp-block-uagb-faq{width:100%}.wp-block-uagb-faq.uagb-faq-layout-accordion .uagb-faq-child__outer-wrap .uagb-faq-questions-button{cursor:pointer}.wp-block-uagb-faq .uagb-faq-content{margin-bottom:0}.wp-block-uagb-faq .uagb-faq-content p{margin:auto}.uagb-faq-layout-grid.uagb-faq-equal-height.uagb-faq__wrap .uagb-faq-child__outer-wrap,.uagb-faq-layout-grid.uagb-faq-equal-height.uagb-faq__wrap .uagb-faq-item{height:100%}body[class*=astra] .uagb-faq-questions{line-height:normal}.uagb-faq-item{overflow:hidden}.wp-block-uagb-faq-child .uagb-faq-questions-button{display:flex;align-items:center}.wp-block-uagb-faq-child .uagb-faq-questions-button .uagb-faq-icon-wrap{display:flex;align-items:center}.wp-block-uagb-faq-child .uagb-faq-questions-button .uagb-question{width:100%;margin-top:0;margin-bottom:0}.wp-block-uagb-faq-child .uagb-icon svg,.wp-block-uagb-faq-child .uagb-icon-active svg{width:15px;height:15px;font-size:15px}.wp-block-uagb-faq-child.uagb-faq-child__outer-wrap.uagb-faq-item .uagb-icon-active,.wp-block-uagb-faq-child.uagb-faq-child__outer-wrap.uagb-faq-item.uagb-faq-item-active .uagb-icon,.wp-block-uagb-faq-child.uagb-faq-child__outer-wrap .uagb-faq-item .uagb-icon-active,.wp-block-uagb-faq-child.uagb-faq-child__outer-wrap .uagb-faq-item.uagb-faq-item-active .uagb-icon{display:none;width:0;padding:0;height:0;margin:0}.wp-block-uagb-faq-child.uagb-faq-child__outer-wrap.uagb-faq-item .uagb-icon,.wp-block-uagb-faq-child.uagb-faq-child__outer-wrap.uagb-faq-item.uagb-faq-item-active .uagb-icon-active,.wp-block-uagb-faq-child.uagb-faq-child__outer-wrap .uagb-faq-item .uagb-icon,.wp-block-uagb-faq-child.uagb-faq-child__outer-wrap .uagb-faq-item.uagb-faq-item-active .uagb-icon-active{display:flex;width:auto;height:auto}.uagb-faq-layout-grid .uagb-faq-child__outer-wrap.uagb-faq-item .uagb-icon,.uagb-faq-layout-grid .uagb-faq-child__outer-wrap.uagb-faq-item.uagb-faq-item-active .uagb-icon-active,.uagb-faq-layout-grid .uagb-faq-child__outer-wrap .uagb-faq-item .uagb-icon,.uagb-faq-layout-grid .uagb-faq-child__outer-wrap .uagb-faq-item.uagb-faq-item-active .uagb-icon-active{display:none}.uagb-faq-layout-grid .uagb-faq-child__outer-wrap.uagb-faq-item span.uagb-icon-active.uagb-faq-icon-wrap,.uagb-faq-layout-grid .uagb-faq-child__outer-wrap.uagb-faq-item.uagb-faq-item-active .uagb-icon-active,.uagb-faq-layout-grid .uagb-faq-child__outer-wrap .uagb-faq-item span.uagb-icon-active.uagb-faq-icon-wrap,.uagb-faq-layout-grid .uagb-faq-child__outer-wrap .uagb-faq-item.uagb-faq-item-active .uagb-icon-active{display:none}.uagb-block-55b5edaf .uagb-icon svg{width: 12px;height: 12px;font-size: 12px;}.uagb-block-55b5edaf .uagb-icon-active svg{width: 12px;height: 12px;font-size: 12px;}.uagb-block-55b5edaf .uagb-faq-child__outer-wrap{margin-bottom: 10px;}.uagb-block-55b5edaf .uagb-faq-item{border-top-width: 1px;border-left-width: 1px;border-right-width: 1px;border-bottom-width: 1px;border-top-left-radius: 2px;border-top-right-radius: 2px;border-bottom-left-radius: 2px;border-bottom-right-radius: 2px;border-color: #1e1e1e;border-style: solid;}.uagb-block-55b5edaf .uagb-faq-questions-button{padding-top: 10px;padding-bottom: 10px;padding-right: 10px;padding-left: 10px;}.uagb-block-55b5edaf .uagb-faq-content{padding-top: 10px;padding-bottom: 10px;padding-right: 10px;padding-left: 10px;}.uagb-block-55b5edaf .uagb-faq-content span{margin-top: 10px;margin-bottom: 10px;margin-right: 10px;margin-left: 10px;}.uagb-block-55b5edaf.uagb-faq-icon-row .uagb-faq-item .uagb-faq-icon-wrap{margin-right: 10px;}.uagb-block-55b5edaf.uagb-faq-icon-row-reverse .uagb-faq-item .uagb-faq-icon-wrap{margin-left: 10px;}.uagb-block-55b5edaf .uagb-faq-item .uagb-faq-questions-button.uagb-faq-questions{flex-direction: row;}.uagb-block-55b5edaf .wp-block-uagb-faq-child.uagb-faq-child__outer-wrap .uagb-faq-content {display: none;}@media only screen and (max-width: 976px) {.uagb-block-55b5edaf.uagb-faq-icon-row .uagb-faq-item .uagb-faq-icon-wrap{margin-right: 10px;}.uagb-block-55b5edaf.uagb-faq-icon-row-reverse .uagb-faq-item .uagb-faq-icon-wrap{margin-left: 10px;}.uagb-block-55b5edaf .uagb-faq-questions-button{padding-top: 10px;padding-bottom: 10px;padding-right: 10px;padding-left: 10px;}.uagb-block-55b5edaf .uagb-faq-content{padding-top: 10px;padding-bottom: 10px;padding-right: 10px;padding-left: 10px;}.uagb-block-55b5edaf .uagb-faq-content span{margin-top: 10px;margin-bottom: 10px;margin-right: 10px;margin-left: 10px;}}@media only screen and (max-width: 767px) {.uagb-block-55b5edaf.uagb-faq-icon-row .uagb-faq-item .uagb-faq-icon-wrap{margin-right: 10px;}.uagb-block-55b5edaf.uagb-faq-icon-row-reverse .uagb-faq-item .uagb-faq-icon-wrap{margin-left: 10px;}.uagb-block-55b5edaf .uagb-faq-questions-button{padding-top: 10px;padding-bottom: 10px;padding-right: 10px;padding-left: 10px;}.uagb-block-55b5edaf .uagb-faq-content{padding-top: 10px;padding-bottom: 10px;padding-right: 10px;padding-left: 10px;}.uagb-block-55b5edaf .uagb-faq-content span{margin-top: 10px;margin-bottom: 10px;margin-right: 10px;margin-left: 10px;}}\";s:2:\"js\";s:0:\"\";s:18:\"current_block_list\";a:10:{i:0;s:11:\"core\/search\";i:1;s:10:\"core\/group\";i:2;s:12:\"core\/heading\";i:3;s:17:\"core\/latest-posts\";i:4;s:20:\"core\/latest-comments\";i:5;s:13:\"core\/archives\";i:6;s:15:\"core\/categories\";i:7;s:14:\"core\/paragraph\";i:8;s:8:\"uagb\/faq\";i:9;s:14:\"uagb\/faq-child\";}s:8:\"uag_flag\";b:1;s:11:\"uag_version\";s:10:\"1777556832\";s:6:\"gfonts\";a:0:{}s:10:\"gfonts_url\";s:0:\"\";s:12:\"gfonts_files\";a:0:{}s:14:\"uag_faq_layout\";b:1;}"]},"uagb_featured_image_src":{"full":["https:\/\/senyenergy.com\/wp-content\/uploads\/2025\/06\/Solar-Panel-Grounding-Washer-Grounding-clip.jpg",800,800,false],"thumbnail":["https:\/\/senyenergy.com\/wp-content\/uploads\/2025\/06\/Solar-Panel-Grounding-Washer-Grounding-clip-150x150.jpg",150,150,true],"medium":["https:\/\/senyenergy.com\/wp-content\/uploads\/2025\/06\/Solar-Panel-Grounding-Washer-Grounding-clip-300x300.jpg",300,300,true],"medium_large":["https:\/\/senyenergy.com\/wp-content\/uploads\/2025\/06\/Solar-Panel-Grounding-Washer-Grounding-clip-768x768.jpg",768,768,true],"large":["https:\/\/senyenergy.com\/wp-content\/uploads\/2025\/06\/Solar-Panel-Grounding-Washer-Grounding-clip.jpg",800,800,false],"1536x1536":["https:\/\/senyenergy.com\/wp-content\/uploads\/2025\/06\/Solar-Panel-Grounding-Washer-Grounding-clip.jpg",800,800,false],"2048x2048":["https:\/\/senyenergy.com\/wp-content\/uploads\/2025\/06\/Solar-Panel-Grounding-Washer-Grounding-clip.jpg",800,800,false],"trp-custom-language-flag":["https:\/\/senyenergy.com\/wp-content\/uploads\/2025\/06\/Solar-Panel-Grounding-Washer-Grounding-clip-12x12.jpg",12,12,true],"woocommerce_thumbnail":["https:\/\/senyenergy.com\/wp-content\/uploads\/2025\/06\/Solar-Panel-Grounding-Washer-Grounding-clip-300x300.jpg",300,300,true],"woocommerce_single":["https:\/\/senyenergy.com\/wp-content\/uploads\/2025\/06\/Solar-Panel-Grounding-Washer-Grounding-clip-600x600.jpg",600,600,true],"woocommerce_gallery_thumbnail":["https:\/\/senyenergy.com\/wp-content\/uploads\/2025\/06\/Solar-Panel-Grounding-Washer-Grounding-clip-100x100.jpg",100,100,true]},"uagb_author_info":{"display_name":"wp-admin","author_link":"https:\/\/senyenergy.com\/de\/author\/"},"uagb_comment_info":0,"uagb_excerpt":"SENYANG provides many different styles of solar panel earthing washers for choice, Our Solar Panel Grounding Washer is designed for different kinds of solar grounding mounting system. We provide several kinds of solar panel grounding washers for your options. All of them are with high quality, high strength and cost effective. Hope that our products&hellip;","_links":{"self":[{"href":"https:\/\/senyenergy.com\/de\/wp-json\/wp\/v2\/product\/2631","targetHints":{"allow":["GET"]}}],"collection":[{"href":"https:\/\/senyenergy.com\/de\/wp-json\/wp\/v2\/product"}],"about":[{"href":"https:\/\/senyenergy.com\/de\/wp-json\/wp\/v2\/types\/product"}],"wp:featuredmedia":[{"embeddable":true,"href":"https:\/\/senyenergy.com\/de\/wp-json\/wp\/v2\/media\/2634"}],"wp:attachment":[{"href":"https:\/\/senyenergy.com\/de\/wp-json\/wp\/v2\/media?parent=2631"}],"wp:term":[{"taxonomy":"product_brand","embeddable":true,"href":"https:\/\/senyenergy.com\/de\/wp-json\/wp\/v2\/product_brand?post=2631"},{"taxonomy":"product_cat","embeddable":true,"href":"https:\/\/senyenergy.com\/de\/wp-json\/wp\/v2\/product_cat?post=2631"},{"taxonomy":"product_tag","embeddable":true,"href":"https:\/\/senyenergy.com\/de\/wp-json\/wp\/v2\/product_tag?post=2631"}],"curies":[{"name":"wp","href":"https:\/\/api.w.org\/{rel}","templated":true}]}}