{"id":2625,"date":"2025-06-27T11:58:12","date_gmt":"2025-06-27T03:58:12","guid":{"rendered":"https:\/\/senyenergy.com\/?post_type=product&#038;p=2625"},"modified":"2025-11-24T16:37:09","modified_gmt":"2025-11-24T08:37:09","slug":"selbstbohrende-solar-stockschraube-fur-welldach-stahlpfetten","status":"publish","type":"product","link":"https:\/\/senyenergy.com\/de\/product\/selbstbohrende-solar-stockschraube-fur-welldach-stahlpfetten\/","title":{"rendered":"Selbstbohrende Solarbefestigungsschraube f\u00fcr Welldach-Stahlpfetten"},"content":{"rendered":"<p><strong>Selbstbohrend<\/strong> <strong>Solaraufh\u00e4ngeschraube<\/strong>\u00a0for steel purlins\u00a0are essential for securely mounting solar panels to steel purlins. These bolts simplify installation and provide a robust solution for anchoring solar mounting systems. This solar hanger bolt for steel purlins is designed with self-drilling point. It is applicable for metal or corrugated cement roofs with steel supports. It usually use with aluminum L bracket or SUS304 connecting plate to fix the mounting rail.<\/p>\n<p><strong>Selbstbohrend <\/strong><strong>Solaraufh\u00e4ngeschraube <\/strong>for steel purlin is made of zinc-nickel alloys which the strength is higher than copper material and high corrosion resistance. It comes supplied with EPDM rubber gasket and three stainless steel M10 flange nuts. The bracket is locked between the upper two nuts and the height is adjustable, the bottom nut is used for fix the metal sheet of the roof.<\/p>\n<p>&nbsp;<\/p>\n<p>Merkmale dieser <strong>Selbstbohrend <\/strong><strong>Solaraufh\u00e4ngeschraube<\/strong>\u00a0f\u00fcr Stahltr\u00e4ger:<\/p>\n<ol>\n<li>Selbstbohrende Spitze: Entwickelt mit einer scharfen, selbstbohrenden Spitze, die das Vorbohren \u00fcberfl\u00fcssig macht, wodurch die Installation schneller und einfacher wird.<\/li>\n<li>Hochfestes Material: In der Regel aus hochwertigem Stahl mit einer korrosionsbest\u00e4ndigen Beschichtung, die Haltbarkeit und Langlebigkeit gew\u00e4hrleistet.<\/li>\n<li>Verschiedene L\u00e4ngen und Durchmesser: Erh\u00e4ltlich in verschiedenen Gr\u00f6\u00dfen, um unterschiedlichen Installationsanforderungen und Plattenkonfigurationen gerecht zu werden.<\/li>\n<li>Kompatibel mit Solar-Montagesystemen: Funktioniert nahtlos mit verschiedenen Solar-Montagehalterungen und Strukturen.<\/li>\n<li>Zeitsparend: Die selbstbohrende Funktion reduziert die Installationszeit und die Arbeitskosten.<\/li>\n<li>Stark und sicher: Bietet eine zuverl\u00e4ssige Verbindung zu den Stahlpfetten und sorgt daf\u00fcr, dass die Solarmodule sicher verankert sind.<\/li>\n<li>Korrosionsbest\u00e4ndigkeit: Die Schutzbeschichtung verhindert Rost und Korrosion und verl\u00e4ngert die Lebensdauer des Befestigungssystems.<\/li>\n<li>Vielseitig einsetzbar: Geeignet f\u00fcr eine Vielzahl von Solarpanel-Installationen auf Stahlkonstruktionen.<\/li>\n<\/ol>\n<p><strong>Selbstbohrend <\/strong><strong>Solaraufh\u00e4ngeschraube<\/strong>\u00a0ist ein Spezialbefestigungselement, das speziell f\u00fcr die schnelle und sichere Befestigung von Solarmodul-Montageschienen direkt an den Stahlpfetten eines Metalldachs entwickelt wurde. Sie kombiniert Bohren, Gewindeschneiden und Befestigen in einem einzigen Arbeitsgang. Es erm\u00f6glicht eine schnelle Installation f\u00fcr die Montage von Solaranlagen auf Metalldachpfetten. Aufgrund der\u00a0<strong>Selbstbohrend <\/strong><strong>Solaraufh\u00e4ngeschraube<\/strong>\u00a0f\u00fcr Stahlst\u00fctzen haben die Selbstbohrung selbst, k\u00f6nnen in das Blech und die Stahlpfette oder Zement direkt bohren, brauchen nicht die L\u00f6cher vorzubohren. Auf diese Weise sparen sie viel von der Installationszeit w\u00e4hrend der Montage vor Ort.<\/p>\n<p>&nbsp;<\/p>\n<p>Solar Stockschraube Gro\u00dfhandel Fabrik, f\u00fchren wir einige Art von Stockschraube f\u00fcr Metalldach Solar Montage f\u00fcr beide Holz-und Stahlpfetten.<\/p>\n<p>Au\u00dferdem bietet unsere Fabrik komplette Montagesysteme f\u00fcr Metalld\u00e4cher und Ziegeld\u00e4cher, Bodenmontage, Carport.....<\/p>\n<p>Wenn Sie sich f\u00fcr unsere Produkte interessieren oder ein Solarprojekt haben, k\u00f6nnen Sie sich gerne an uns wenden, wir helfen Ihnen bei der Ausarbeitung und empfehlen Ihnen die schl\u00fcsselfertige L\u00f6sung f\u00fcr Sie.<\/p>\n<p>&nbsp;<\/p>\n<p>&nbsp;<\/p>","protected":false},"excerpt":{"rendered":"<p>Solar Stockschraube f\u00fcr Stahl Pfette ist aus Zink-Nickel-Legierungen, die die St\u00e4rke ist h\u00f6her als Kupfer Material und hohe Korrosionsbest\u00e4ndigkeit.es kommt mit EPDM-Gummi-Dichtung und drei Edelstahl M10 Flansch Muttern geliefert. Die Halterung wird zwischen den oberen zwei Muttern verriegelt und die H\u00f6he ist einstellbar, die untere Mutter wird f\u00fcr die Befestigung des Metallblechs des Daches verwendet.<\/p>\n<p>Es ist f\u00fcr Metall- oder Wellzementd\u00e4cher mit Stahlst\u00fctzen geeignet. In der Regel wird die Montageschiene mit einem L-B\u00fcgel aus Aluminium oder einer Verbindungsplatte aus SUS304 befestigt.<\/p>\n<div class=\"wp-block-button popmake-1937\"><a class=\"wp-block-button__link wp-element-button\">Preispr\u00fcfung<\/a><\/div>","protected":false},"featured_media":2628,"template":"","meta":{"_uag_custom_page_level_css":"","site-sidebar-layout":"default","site-content-layout":"","ast-site-content-layout":"default","site-content-style":"default","site-sidebar-style":"default","ast-global-header-display":"","ast-banner-title-visibility":"","ast-main-header-display":"","ast-hfb-above-header-display":"","ast-hfb-below-header-display":"","ast-hfb-mobile-header-display":"","site-post-title":"","ast-breadcrumbs-content":"","ast-featured-img":"","footer-sml-layout":"","ast-disable-related-posts":"","theme-transparent-header-meta":"default","adv-header-id-meta":"","stick-header-meta":"","header-above-stick-meta":"","header-main-stick-meta":"","header-below-stick-meta":"","astra-migrate-meta-layouts":"set","ast-page-background-enabled":"default","ast-page-background-meta":{"desktop":{"background-color":"","background-image":"","background-repeat":"repeat","background-position":"center center","background-size":"auto","background-attachment":"scroll","background-type":"","background-media":"","overlay-type":"","overlay-color":"","overlay-opacity":"","overlay-gradient":""},"tablet":{"background-color":"","background-image":"","background-repeat":"repeat","background-position":"center center","background-size":"auto","background-attachment":"scroll","background-type":"","background-media":"","overlay-type":"","overlay-color":"","overlay-opacity":"","overlay-gradient":""},"mobile":{"background-color":"","background-image":"","background-repeat":"repeat","background-position":"center center","background-size":"auto","background-attachment":"scroll","background-type":"","background-media":"","overlay-type":"","overlay-color":"","overlay-opacity":"","overlay-gradient":""}},"ast-content-background-meta":{"desktop":{"background-color":"var(--ast-global-color-5)","background-image":"","background-repeat":"repeat","background-position":"center center","background-size":"auto","background-attachment":"scroll","background-type":"","background-media":"","overlay-type":"","overlay-color":"","overlay-opacity":"","overlay-gradient":""},"tablet":{"background-color":"var(--ast-global-color-5)","background-image":"","background-repeat":"repeat","background-position":"center center","background-size":"auto","background-attachment":"scroll","background-type":"","background-media":"","overlay-type":"","overlay-color":"","overlay-opacity":"","overlay-gradient":""},"mobile":{"background-color":"var(--ast-global-color-5)","background-image":"","background-repeat":"repeat","background-position":"center center","background-size":"auto","background-attachment":"scroll","background-type":"","background-media":"","overlay-type":"","overlay-color":"","overlay-opacity":"","overlay-gradient":""}}},"product_brand":[],"product_cat":[25,23,132],"product_tag":[378,221,218,220],"class_list":{"0":"post-2625","1":"product","2":"type-product","3":"status-publish","4":"has-post-thumbnail","6":"product_cat-excellent","7":"product_cat-solar-accessories","8":"product_cat-solar-mounting-components","9":"product_tag-double-head-hanger-bolt","10":"product_tag-hanger-bolt-and-hex-flange-nut","11":"product_tag-solar-hanger-bolt","12":"product_tag-solar-mounting-fastener","13":"desktop-align-left","14":"tablet-align-left","15":"mobile-align-left","17":"first","18":"instock","19":"shipping-taxable","20":"product-type-simple"},"spectra_custom_meta":{"_uabb_version":["1.36.1"],"_edit_last":["1"],"_edit_lock":["1763973382:1"],"_thumbnail_id":["2628"],"total_sales":["0"],"_tax_status":["taxable"],"_tax_class":[""],"_manage_stock":["no"],"_backorders":["no"],"_sold_individually":["no"],"_virtual":["no"],"_downloadable":["no"],"_download_limit":["-1"],"_download_expiry":["-1"],"_stock":[null],"_stock_status":["instock"],"_wc_average_rating":["0"],"_wc_review_count":["0"],"_product_version":["9.6.2"],"_product_image_gallery":["2627,2630,2626,2629"],"site-sidebar-layout":["default"],"ast-site-content-layout":["default"],"site-content-style":["default"],"site-sidebar-style":["default"],"theme-transparent-header-meta":["default"],"wb_custom_tabs":["a:0:{}"],"astra-migrate-meta-layouts":["set"],"_uag_page_assets":["a:9:{s:3:\"css\";s:5318:\".uag-blocks-common-selector{z-index:var(--z-index-desktop) !important}@media (max-width: 976px){.uag-blocks-common-selector{z-index:var(--z-index-tablet) !important}}@media (max-width: 767px){.uag-blocks-common-selector{z-index:var(--z-index-mobile) !important}}\n.wp-block-uagb-faq{width:100%}.wp-block-uagb-faq.uagb-faq-layout-accordion .uagb-faq-child__outer-wrap .uagb-faq-questions-button{cursor:pointer}.wp-block-uagb-faq .uagb-faq-content{margin-bottom:0}.wp-block-uagb-faq .uagb-faq-content p{margin:auto}.uagb-faq-layout-grid.uagb-faq-equal-height.uagb-faq__wrap .uagb-faq-child__outer-wrap,.uagb-faq-layout-grid.uagb-faq-equal-height.uagb-faq__wrap .uagb-faq-item{height:100%}body[class*=\"astra\"] .uagb-faq-questions{line-height:normal}.uagb-faq-item{overflow:hidden}\n.wp-block-uagb-faq-child .uagb-faq-questions-button{display:flex;align-items:center}.wp-block-uagb-faq-child .uagb-faq-questions-button .uagb-faq-icon-wrap{display:flex;align-items:center}.wp-block-uagb-faq-child .uagb-faq-questions-button .uagb-question{width:100%;margin-top:0;margin-bottom:0}.wp-block-uagb-faq-child .uagb-icon svg,.wp-block-uagb-faq-child .uagb-icon-active svg{width:15px;height:15px;font-size:15px}.wp-block-uagb-faq-child.uagb-faq-child__outer-wrap.uagb-faq-item .uagb-icon-active,.wp-block-uagb-faq-child.uagb-faq-child__outer-wrap.uagb-faq-item.uagb-faq-item-active .uagb-icon,.wp-block-uagb-faq-child.uagb-faq-child__outer-wrap .uagb-faq-item .uagb-icon-active,.wp-block-uagb-faq-child.uagb-faq-child__outer-wrap .uagb-faq-item.uagb-faq-item-active .uagb-icon{display:none;width:0;padding:0;height:0;margin:0}.wp-block-uagb-faq-child.uagb-faq-child__outer-wrap.uagb-faq-item .uagb-icon,.wp-block-uagb-faq-child.uagb-faq-child__outer-wrap.uagb-faq-item.uagb-faq-item-active .uagb-icon-active,.wp-block-uagb-faq-child.uagb-faq-child__outer-wrap .uagb-faq-item .uagb-icon,.wp-block-uagb-faq-child.uagb-faq-child__outer-wrap .uagb-faq-item.uagb-faq-item-active .uagb-icon-active{display:flex;width:auto;height:auto}.uagb-faq-layout-grid .uagb-faq-child__outer-wrap.uagb-faq-item .uagb-icon,.uagb-faq-layout-grid .uagb-faq-child__outer-wrap.uagb-faq-item.uagb-faq-item-active .uagb-icon-active,.uagb-faq-layout-grid .uagb-faq-child__outer-wrap .uagb-faq-item .uagb-icon,.uagb-faq-layout-grid .uagb-faq-child__outer-wrap .uagb-faq-item.uagb-faq-item-active .uagb-icon-active{display:none}.uagb-faq-layout-grid .uagb-faq-child__outer-wrap.uagb-faq-item span.uagb-icon-active.uagb-faq-icon-wrap,.uagb-faq-layout-grid .uagb-faq-child__outer-wrap.uagb-faq-item.uagb-faq-item-active .uagb-icon-active,.uagb-faq-layout-grid .uagb-faq-child__outer-wrap .uagb-faq-item span.uagb-icon-active.uagb-faq-icon-wrap,.uagb-faq-layout-grid .uagb-faq-child__outer-wrap .uagb-faq-item.uagb-faq-item-active .uagb-icon-active{display:none}\n.uagb-block-55b5edaf .uagb-icon svg{width: 12px;height: 12px;font-size: 12px;}.uagb-block-55b5edaf .uagb-icon-active svg{width: 12px;height: 12px;font-size: 12px;}.uagb-block-55b5edaf .uagb-faq-child__outer-wrap{margin-bottom: 10px;}.uagb-block-55b5edaf .uagb-faq-item{border-top-width: 1px;border-left-width: 1px;border-right-width: 1px;border-bottom-width: 1px;border-top-left-radius: 2px;border-top-right-radius: 2px;border-bottom-left-radius: 2px;border-bottom-right-radius: 2px;border-color: #1e1e1e;border-style: solid;}.uagb-block-55b5edaf .uagb-faq-questions-button{padding-top: 10px;padding-bottom: 10px;padding-right: 10px;padding-left: 10px;}.uagb-block-55b5edaf .uagb-faq-content{padding-top: 10px;padding-bottom: 10px;padding-right: 10px;padding-left: 10px;}.uagb-block-55b5edaf .uagb-faq-content span{margin-top: 10px;margin-bottom: 10px;margin-right: 10px;margin-left: 10px;}.uagb-block-55b5edaf.uagb-faq-icon-row .uagb-faq-item .uagb-faq-icon-wrap{margin-right: 10px;}.uagb-block-55b5edaf.uagb-faq-icon-row-reverse .uagb-faq-item .uagb-faq-icon-wrap{margin-left: 10px;}.uagb-block-55b5edaf .uagb-faq-item .uagb-faq-questions-button.uagb-faq-questions{flex-direction: row;}.uagb-block-55b5edaf .wp-block-uagb-faq-child.uagb-faq-child__outer-wrap .uagb-faq-content {display: none;}@media only screen and (max-width: 976px) {.uagb-block-55b5edaf.uagb-faq-icon-row .uagb-faq-item .uagb-faq-icon-wrap{margin-right: 10px;}.uagb-block-55b5edaf.uagb-faq-icon-row-reverse .uagb-faq-item .uagb-faq-icon-wrap{margin-left: 10px;}.uagb-block-55b5edaf .uagb-faq-questions-button{padding-top: 10px;padding-bottom: 10px;padding-right: 10px;padding-left: 10px;}.uagb-block-55b5edaf .uagb-faq-content{padding-top: 10px;padding-bottom: 10px;padding-right: 10px;padding-left: 10px;}.uagb-block-55b5edaf .uagb-faq-content span{margin-top: 10px;margin-bottom: 10px;margin-right: 10px;margin-left: 10px;}}@media only screen and (max-width: 767px) {.uagb-block-55b5edaf.uagb-faq-icon-row .uagb-faq-item .uagb-faq-icon-wrap{margin-right: 10px;}.uagb-block-55b5edaf.uagb-faq-icon-row-reverse .uagb-faq-item .uagb-faq-icon-wrap{margin-left: 10px;}.uagb-block-55b5edaf .uagb-faq-questions-button{padding-top: 10px;padding-bottom: 10px;padding-right: 10px;padding-left: 10px;}.uagb-block-55b5edaf .uagb-faq-content{padding-top: 10px;padding-bottom: 10px;padding-right: 10px;padding-left: 10px;}.uagb-block-55b5edaf .uagb-faq-content span{margin-top: 10px;margin-bottom: 10px;margin-right: 10px;margin-left: 10px;}}\";s:2:\"js\";s:0:\"\";s:18:\"current_block_list\";a:10:{i:0;s:11:\"core\/search\";i:1;s:10:\"core\/group\";i:2;s:12:\"core\/heading\";i:3;s:17:\"core\/latest-posts\";i:4;s:20:\"core\/latest-comments\";i:5;s:13:\"core\/archives\";i:6;s:15:\"core\/categories\";i:7;s:14:\"core\/paragraph\";i:8;s:8:\"uagb\/faq\";i:9;s:14:\"uagb\/faq-child\";}s:8:\"uag_flag\";b:1;s:11:\"uag_version\";s:10:\"1775829763\";s:6:\"gfonts\";a:0:{}s:10:\"gfonts_url\";s:0:\"\";s:12:\"gfonts_files\";a:0:{}s:14:\"uag_faq_layout\";b:1;}"],"_uag_css_file_name":["uag-css-2625.css"]},"uagb_featured_image_src":{"full":["https:\/\/senyenergy.com\/wp-content\/uploads\/2025\/06\/Solar-Hanger-Bolt-use-with-L-bracket-and-connecting-plate.jpg",800,800,false],"thumbnail":["https:\/\/senyenergy.com\/wp-content\/uploads\/2025\/06\/Solar-Hanger-Bolt-use-with-L-bracket-and-connecting-plate-150x150.jpg",150,150,true],"medium":["https:\/\/senyenergy.com\/wp-content\/uploads\/2025\/06\/Solar-Hanger-Bolt-use-with-L-bracket-and-connecting-plate-300x300.jpg",300,300,true],"medium_large":["https:\/\/senyenergy.com\/wp-content\/uploads\/2025\/06\/Solar-Hanger-Bolt-use-with-L-bracket-and-connecting-plate-768x768.jpg",768,768,true],"large":["https:\/\/senyenergy.com\/wp-content\/uploads\/2025\/06\/Solar-Hanger-Bolt-use-with-L-bracket-and-connecting-plate.jpg",800,800,false],"1536x1536":["https:\/\/senyenergy.com\/wp-content\/uploads\/2025\/06\/Solar-Hanger-Bolt-use-with-L-bracket-and-connecting-plate.jpg",800,800,false],"2048x2048":["https:\/\/senyenergy.com\/wp-content\/uploads\/2025\/06\/Solar-Hanger-Bolt-use-with-L-bracket-and-connecting-plate.jpg",800,800,false],"trp-custom-language-flag":["https:\/\/senyenergy.com\/wp-content\/uploads\/2025\/06\/Solar-Hanger-Bolt-use-with-L-bracket-and-connecting-plate-12x12.jpg",12,12,true],"woocommerce_thumbnail":["https:\/\/senyenergy.com\/wp-content\/uploads\/2025\/06\/Solar-Hanger-Bolt-use-with-L-bracket-and-connecting-plate-300x300.jpg",300,300,true],"woocommerce_single":["https:\/\/senyenergy.com\/wp-content\/uploads\/2025\/06\/Solar-Hanger-Bolt-use-with-L-bracket-and-connecting-plate-600x600.jpg",600,600,true],"woocommerce_gallery_thumbnail":["https:\/\/senyenergy.com\/wp-content\/uploads\/2025\/06\/Solar-Hanger-Bolt-use-with-L-bracket-and-connecting-plate-100x100.jpg",100,100,true]},"uagb_author_info":{"display_name":"wp-admin","author_link":"https:\/\/senyenergy.com\/de\/author\/"},"uagb_comment_info":0,"uagb_excerpt":"Solar hanger bolt for steel purlin is made of zinc-nickel alloys which the strength is higher than copper material and high corrosion resistance.It comes supplied with EPDM rubber gasket and three stainless steel M10 flange nuts. The bracket is locked between the upper two nuts and the height is adjustable, the bottom nut is used&hellip;","_links":{"self":[{"href":"https:\/\/senyenergy.com\/de\/wp-json\/wp\/v2\/product\/2625","targetHints":{"allow":["GET"]}}],"collection":[{"href":"https:\/\/senyenergy.com\/de\/wp-json\/wp\/v2\/product"}],"about":[{"href":"https:\/\/senyenergy.com\/de\/wp-json\/wp\/v2\/types\/product"}],"wp:featuredmedia":[{"embeddable":true,"href":"https:\/\/senyenergy.com\/de\/wp-json\/wp\/v2\/media\/2628"}],"wp:attachment":[{"href":"https:\/\/senyenergy.com\/de\/wp-json\/wp\/v2\/media?parent=2625"}],"wp:term":[{"taxonomy":"product_brand","embeddable":true,"href":"https:\/\/senyenergy.com\/de\/wp-json\/wp\/v2\/product_brand?post=2625"},{"taxonomy":"product_cat","embeddable":true,"href":"https:\/\/senyenergy.com\/de\/wp-json\/wp\/v2\/product_cat?post=2625"},{"taxonomy":"product_tag","embeddable":true,"href":"https:\/\/senyenergy.com\/de\/wp-json\/wp\/v2\/product_tag?post=2625"}],"curies":[{"name":"wp","href":"https:\/\/api.w.org\/{rel}","templated":true}]}}