{"id":2615,"date":"2025-06-24T16:45:20","date_gmt":"2025-06-24T08:45:20","guid":{"rendered":"https:\/\/senyenergy.com\/?post_type=product&#038;p=2615"},"modified":"2025-07-13T11:30:39","modified_gmt":"2025-07-13T03:30:39","slug":"t-formiges-solarpanel-wasserdichtes-epdm-gummidichtungsband","status":"publish","type":"product","link":"https:\/\/senyenergy.com\/de\/product\/t-formiges-solarpanel-wasserdichtes-epdm-gummidichtungsband\/","title":{"rendered":"T-f\u00f6rmiger EPDM-Gummidichtungsstreifen f\u00fcr Solarmodule"},"content":{"rendered":"<p>A<strong> Solarmodul EPDM-Gummidichtungsstreifen\u00a0<\/strong>ist eine wesentliche Komponente zur Gew\u00e4hrleistung der Integrit\u00e4t und Langlebigkeit von Solarmodulanlagen. Sie bietet eine zuverl\u00e4ssige Abdichtung gegen Wasser, Staub und Schmutz und verbessert so die Gesamtleistung von Solarenergiesystemen.<\/p>\n<p>&nbsp;<\/p>\n<p>Hauptzweck und Funktion von <strong>Solarmodul EPDM-Gummidichtungsstreifen<\/strong>:<\/p>\n<ul>\n<li>Wasserdichtigkeit: Schafft eine wasserdichte Barriere zwischen den Solarmodulen und den Montageschienen\/-rahmen, die das Eindringen von Regen, Schnee und Feuchtigkeit verhindert.<\/li>\n<li>Schutz vor Ablagerungen: Verhindert die Ansammlung von Staub, Bl\u00e4ttern, Insekten und kleinen Ablagerungen unter den Platten.<\/li>\n<li>Widerstandsf\u00e4higkeit gegen Windverwehungen: Sichert die Paneele durch das Ausf\u00fcllen von L\u00fccken und reduziert windbedingte Vibrationen oder Hebungen.<\/li>\n<li>Puffer f\u00fcr thermische Ausdehnung: Nimmt die nat\u00fcrliche Ausdehnung\/Kontraktion von Paneelen und Metallrahmen aufgrund von Temperaturschwankungen auf.<\/li>\n<\/ul>\n<p>&nbsp;<\/p>\n<p>T-f\u00f6rmig <strong>Solarmodul EPDM-Gummidichtungsstreifen<\/strong> wird f\u00fcr photovoltaische Solarmodule verwendet. Der EPDM-Gummistreifen passt zwischen die Paneele, um die L\u00fccken abzudichten, wodurch die Solarabdeckung zu einem wasserdichten Schutzraum wird, ideal f\u00fcr Solar-Carports oder Strukturen. Es ist sehr hitzebest\u00e4ndig. Silikonkautschuk-Extrusionsdichtungen haben ausgezeichnete chemische und physikalische Eigenschaften, sind best\u00e4ndig gegen hohe und niedrige Temperaturen, verschlei\u00dffest, \u00f6lbest\u00e4ndig, staubbest\u00e4ndig usw. Au\u00dferdem kann es auch im Schiffsbau, in der Telekommunikation, in der Luftfahrt, in Haushaltsger\u00e4ten, in der Beleuchtung, in der Medizin, in Sch\u00f6nheitssalons usw. verwendet werden.<\/p>\n<p>&nbsp;<\/p>\n<p>Eigenschaften von T-f\u00f6rmig wasserdicht <strong>Solarmodul EPDM-Gummidichtungsstreifen<\/strong>:<\/p>\n<ol>\n<li>Hochwertiges EPDM-Material: Hergestellt aus langlebigem EPDM-Kautschuk (Ethylen-Propylen-Dien-Monomer), der f\u00fcr seine hervorragende Wetterbest\u00e4ndigkeit und Elastizit\u00e4t bekannt ist.<\/li>\n<li>Wasserdichte Eigenschaften: Entwickelt, um eine wasserdichte Versiegelung zu schaffen, die das Eindringen von Feuchtigkeit verhindert, die Solarmodule und Befestigungsstrukturen besch\u00e4digen k\u00f6nnte.<\/li>\n<li>UV-Best\u00e4ndigkeit: Widersteht der Beeintr\u00e4chtigung durch UV-Strahlung und gew\u00e4hrleistet eine lang anhaltende Leistung im Freien.<\/li>\n<li>Flexibel und leicht zu schneiden: Kann f\u00fcr kundenspezifische Anwendungen leicht auf die gew\u00fcnschte L\u00e4nge zugeschnitten werden.<\/li>\n<li>Verbesserte Leistung: Hilft, optimale Betriebsbedingungen aufrechtzuerhalten, indem es Feuchtigkeitsansammlungen und Korrosion verhindert.<\/li>\n<li>Einfache Installation: Die einfache Anbringung macht sie sowohl f\u00fcr professionelle Installateure als auch f\u00fcr Heimwerker zug\u00e4nglich.<\/li>\n<li>Kosteneffiziente L\u00f6sung: Verringert das Risiko von Wassersch\u00e4den und spart so m\u00f6glicherweise Kosten f\u00fcr Reparaturen und Ersatzbeschaffungen.<\/li>\n<li>Breite Anwendbarkeit: Geeignet f\u00fcr alle Arten von allgemeinen gerahmten Solarmodulen auf dem Markt heute von kleinen Solaranlagen bis zu gro\u00dfen sogar mehrere Megawatt-Systeme k\u00f6nnen als seine Service-Bereich verwendet werden<\/li>\n<\/ol>\n<p>&nbsp;<\/p>\n<p>Unsere Gummis werden vor Ort f\u00fcr uns hergestellt. Sie bestehen aus hochmodifiziertem, elastischem, UV-best\u00e4ndigem PVC-Gummi aus 3 verschiedenen Rohstoffgruppen, die alle den EU-Richtlinien entsprechen, und k\u00f6nnen auf Bestellung eingef\u00e4rbt und in der Gr\u00f6\u00dfe angepasst werden.<\/p>\n<p>&nbsp;<\/p>\n<p>Einbauverfahren f\u00fcr die Nahtabdichtung von Solarmodulen :<\/p>\n<ol>\n<li>Reinigen Sie das Aluminium an den R\u00e4ndern der Platten.<\/li>\n<li>Rollen Sie die Gummidichtung auf die richtige L\u00e4nge aus.<\/li>\n<li>Wenn Sie zu einer Klemme kommen, schneiden Sie das Gummi mit einem Stanley-Messer oder einer Schere durch.<\/li>\n<li>Schneiden Sie das Gummi so zu, dass die obere wasserdichte Kante um die Klemme herum passt.<\/li>\n<li>Reiben Sie einen d\u00fcnnen Streifen davon auf die Unterseite der Gummidichtung und klemmen Sie ihn in den Spalt, um eine wasserdichte Abdichtung zu schaffen.<\/li>\n<\/ol>\n<p>Die wasserdichte PV-Solaranlage <strong>Solarmodul EPDM-Gummidichtungsstreifen<\/strong>\u00a0ist entscheidend f\u00fcr die Erhaltung der Integrit\u00e4t und Leistung von Solaranlagen. Ihr haltbares und flexibles Design bietet wirksamen Schutz gegen Feuchtigkeit und Umwelteinfl\u00fcsse. Die EPDM-Gummidichtungsstreifen f\u00fcr Solarmoduln\u00e4hte sind unverzichtbar f\u00fcr dauerhafte, wasserdichte Solaranlagen. Sie verhindern Feuchtigkeitssch\u00e4den, erh\u00f6hen die Sicherheit und verl\u00e4ngern die Lebensdauer des Systems, indem sie die au\u00dfergew\u00f6hnliche Wetterbest\u00e4ndigkeit von EPDM nutzen.<\/p>","protected":false},"excerpt":{"rendered":"<p>T-f\u00f6rmige, wasserdichte EPDM-Gummidichtungsstreifen werden f\u00fcr Solar-Photovoltaik-Paneele verwendet. Der EPDM-Gummi-Dichtungsstreifen passt zwischen die Paneele, um die L\u00fccken abzudichten und macht eine Solarabdeckung zu einem wasserdichten Schutz, ideal f\u00fcr Solar-Carports oder Strukturen. Es hat eine hohe Hitzebest\u00e4ndigkeit. Silikonkautschuk-Extrusionsdichtungen haben ausgezeichnete chemische und physikalische Eigenschaften, sind best\u00e4ndig gegen hohe und niedrige Temperaturen, verschlei\u00dffest, \u00f6lbest\u00e4ndig, staubbest\u00e4ndig usw. Au\u00dferdem kann es auch im Schiffsbau, in der Telekommunikation, in der Luftfahrt, in Haushaltsger\u00e4ten, in der Beleuchtung, in der Medizin, in Sch\u00f6nheitssalons usw. verwendet werden.<\/p>\n<div class=\"wp-block-button popmake-1937\"><a class=\"wp-block-button__link wp-element-button\">Preispr\u00fcfung<\/a><\/div>","protected":false},"featured_media":2618,"template":"","meta":{"_uag_custom_page_level_css":"","site-sidebar-layout":"default","site-content-layout":"","ast-site-content-layout":"default","site-content-style":"default","site-sidebar-style":"default","ast-global-header-display":"","ast-banner-title-visibility":"","ast-main-header-display":"","ast-hfb-above-header-display":"","ast-hfb-below-header-display":"","ast-hfb-mobile-header-display":"","site-post-title":"","ast-breadcrumbs-content":"","ast-featured-img":"","footer-sml-layout":"","ast-disable-related-posts":"","theme-transparent-header-meta":"default","adv-header-id-meta":"","stick-header-meta":"","header-above-stick-meta":"","header-main-stick-meta":"","header-below-stick-meta":"","astra-migrate-meta-layouts":"set","ast-page-background-enabled":"default","ast-page-background-meta":{"desktop":{"background-color":"","background-image":"","background-repeat":"repeat","background-position":"center center","background-size":"auto","background-attachment":"scroll","background-type":"","background-media":"","overlay-type":"","overlay-color":"","overlay-opacity":"","overlay-gradient":""},"tablet":{"background-color":"","background-image":"","background-repeat":"repeat","background-position":"center center","background-size":"auto","background-attachment":"scroll","background-type":"","background-media":"","overlay-type":"","overlay-color":"","overlay-opacity":"","overlay-gradient":""},"mobile":{"background-color":"","background-image":"","background-repeat":"repeat","background-position":"center center","background-size":"auto","background-attachment":"scroll","background-type":"","background-media":"","overlay-type":"","overlay-color":"","overlay-opacity":"","overlay-gradient":""}},"ast-content-background-meta":{"desktop":{"background-color":"var(--ast-global-color-5)","background-image":"","background-repeat":"repeat","background-position":"center center","background-size":"auto","background-attachment":"scroll","background-type":"","background-media":"","overlay-type":"","overlay-color":"","overlay-opacity":"","overlay-gradient":""},"tablet":{"background-color":"var(--ast-global-color-5)","background-image":"","background-repeat":"repeat","background-position":"center center","background-size":"auto","background-attachment":"scroll","background-type":"","background-media":"","overlay-type":"","overlay-color":"","overlay-opacity":"","overlay-gradient":""},"mobile":{"background-color":"var(--ast-global-color-5)","background-image":"","background-repeat":"repeat","background-position":"center center","background-size":"auto","background-attachment":"scroll","background-type":"","background-media":"","overlay-type":"","overlay-color":"","overlay-opacity":"","overlay-gradient":""}}},"product_brand":[],"product_cat":[25,23,132,33],"product_tag":[216,215,217,39,38,37,214],"class_list":{"0":"post-2615","1":"product","2":"type-product","3":"status-publish","4":"has-post-thumbnail","6":"product_cat-excellent","7":"product_cat-solar-accessories","8":"product_cat-solar-mounting-components","9":"product_cat-solar-panel-accessories","10":"product_tag-epdm-rubber-pad","11":"product_tag-solar-panel-seam-gasket","12":"product_tag-solar-panel-waterproof","13":"product_tag-solar-waterproof-solutions","14":"product_tag-solar-waterproof-system","15":"product_tag-waterproof-mounting","16":"product_tag-waterproof-rubber-seal-strip","17":"desktop-align-left","18":"tablet-align-left","19":"mobile-align-left","21":"first","22":"instock","23":"shipping-taxable","24":"product-type-simple"},"spectra_custom_meta":{"_uabb_version":["1.36.1"],"_edit_last":["1"],"_edit_lock":["1752377432:1"],"_thumbnail_id":["2618"],"total_sales":["0"],"_tax_status":["taxable"],"_tax_class":[""],"_manage_stock":["no"],"_backorders":["no"],"_sold_individually":["no"],"_virtual":["no"],"_downloadable":["no"],"_download_limit":["-1"],"_download_expiry":["-1"],"_stock":[null],"_stock_status":["instock"],"_wc_average_rating":["0"],"_wc_review_count":["0"],"_product_version":["9.6.2"],"_product_image_gallery":["2616,2619,2617,2620"],"site-sidebar-layout":["default"],"ast-site-content-layout":["default"],"site-content-style":["default"],"site-sidebar-style":["default"],"theme-transparent-header-meta":["default"],"astra-migrate-meta-layouts":["set"],"_uag_page_assets":["a:9:{s:3:\"css\";s:5318:\".uag-blocks-common-selector{z-index:var(--z-index-desktop) !important}@media (max-width: 976px){.uag-blocks-common-selector{z-index:var(--z-index-tablet) !important}}@media (max-width: 767px){.uag-blocks-common-selector{z-index:var(--z-index-mobile) !important}}\n.wp-block-uagb-faq{width:100%}.wp-block-uagb-faq.uagb-faq-layout-accordion .uagb-faq-child__outer-wrap .uagb-faq-questions-button{cursor:pointer}.wp-block-uagb-faq .uagb-faq-content{margin-bottom:0}.wp-block-uagb-faq .uagb-faq-content p{margin:auto}.uagb-faq-layout-grid.uagb-faq-equal-height.uagb-faq__wrap .uagb-faq-child__outer-wrap,.uagb-faq-layout-grid.uagb-faq-equal-height.uagb-faq__wrap .uagb-faq-item{height:100%}body[class*=\"astra\"] .uagb-faq-questions{line-height:normal}.uagb-faq-item{overflow:hidden}\n.wp-block-uagb-faq-child .uagb-faq-questions-button{display:flex;align-items:center}.wp-block-uagb-faq-child .uagb-faq-questions-button .uagb-faq-icon-wrap{display:flex;align-items:center}.wp-block-uagb-faq-child .uagb-faq-questions-button .uagb-question{width:100%;margin-top:0;margin-bottom:0}.wp-block-uagb-faq-child .uagb-icon svg,.wp-block-uagb-faq-child .uagb-icon-active svg{width:15px;height:15px;font-size:15px}.wp-block-uagb-faq-child.uagb-faq-child__outer-wrap.uagb-faq-item .uagb-icon-active,.wp-block-uagb-faq-child.uagb-faq-child__outer-wrap.uagb-faq-item.uagb-faq-item-active .uagb-icon,.wp-block-uagb-faq-child.uagb-faq-child__outer-wrap .uagb-faq-item .uagb-icon-active,.wp-block-uagb-faq-child.uagb-faq-child__outer-wrap .uagb-faq-item.uagb-faq-item-active .uagb-icon{display:none;width:0;padding:0;height:0;margin:0}.wp-block-uagb-faq-child.uagb-faq-child__outer-wrap.uagb-faq-item .uagb-icon,.wp-block-uagb-faq-child.uagb-faq-child__outer-wrap.uagb-faq-item.uagb-faq-item-active .uagb-icon-active,.wp-block-uagb-faq-child.uagb-faq-child__outer-wrap .uagb-faq-item .uagb-icon,.wp-block-uagb-faq-child.uagb-faq-child__outer-wrap .uagb-faq-item.uagb-faq-item-active .uagb-icon-active{display:flex;width:auto;height:auto}.uagb-faq-layout-grid .uagb-faq-child__outer-wrap.uagb-faq-item .uagb-icon,.uagb-faq-layout-grid .uagb-faq-child__outer-wrap.uagb-faq-item.uagb-faq-item-active .uagb-icon-active,.uagb-faq-layout-grid .uagb-faq-child__outer-wrap .uagb-faq-item .uagb-icon,.uagb-faq-layout-grid .uagb-faq-child__outer-wrap .uagb-faq-item.uagb-faq-item-active .uagb-icon-active{display:none}.uagb-faq-layout-grid .uagb-faq-child__outer-wrap.uagb-faq-item span.uagb-icon-active.uagb-faq-icon-wrap,.uagb-faq-layout-grid .uagb-faq-child__outer-wrap.uagb-faq-item.uagb-faq-item-active .uagb-icon-active,.uagb-faq-layout-grid .uagb-faq-child__outer-wrap .uagb-faq-item span.uagb-icon-active.uagb-faq-icon-wrap,.uagb-faq-layout-grid .uagb-faq-child__outer-wrap .uagb-faq-item.uagb-faq-item-active .uagb-icon-active{display:none}\n.uagb-block-55b5edaf .uagb-icon svg{width: 12px;height: 12px;font-size: 12px;}.uagb-block-55b5edaf .uagb-icon-active svg{width: 12px;height: 12px;font-size: 12px;}.uagb-block-55b5edaf .uagb-faq-child__outer-wrap{margin-bottom: 10px;}.uagb-block-55b5edaf .uagb-faq-item{border-top-width: 1px;border-left-width: 1px;border-right-width: 1px;border-bottom-width: 1px;border-top-left-radius: 2px;border-top-right-radius: 2px;border-bottom-left-radius: 2px;border-bottom-right-radius: 2px;border-color: #1e1e1e;border-style: solid;}.uagb-block-55b5edaf .uagb-faq-questions-button{padding-top: 10px;padding-bottom: 10px;padding-right: 10px;padding-left: 10px;}.uagb-block-55b5edaf .uagb-faq-content{padding-top: 10px;padding-bottom: 10px;padding-right: 10px;padding-left: 10px;}.uagb-block-55b5edaf .uagb-faq-content span{margin-top: 10px;margin-bottom: 10px;margin-right: 10px;margin-left: 10px;}.uagb-block-55b5edaf.uagb-faq-icon-row .uagb-faq-item .uagb-faq-icon-wrap{margin-right: 10px;}.uagb-block-55b5edaf.uagb-faq-icon-row-reverse .uagb-faq-item .uagb-faq-icon-wrap{margin-left: 10px;}.uagb-block-55b5edaf .uagb-faq-item .uagb-faq-questions-button.uagb-faq-questions{flex-direction: row;}.uagb-block-55b5edaf .wp-block-uagb-faq-child.uagb-faq-child__outer-wrap .uagb-faq-content {display: none;}@media only screen and (max-width: 976px) {.uagb-block-55b5edaf.uagb-faq-icon-row .uagb-faq-item .uagb-faq-icon-wrap{margin-right: 10px;}.uagb-block-55b5edaf.uagb-faq-icon-row-reverse .uagb-faq-item .uagb-faq-icon-wrap{margin-left: 10px;}.uagb-block-55b5edaf .uagb-faq-questions-button{padding-top: 10px;padding-bottom: 10px;padding-right: 10px;padding-left: 10px;}.uagb-block-55b5edaf .uagb-faq-content{padding-top: 10px;padding-bottom: 10px;padding-right: 10px;padding-left: 10px;}.uagb-block-55b5edaf .uagb-faq-content span{margin-top: 10px;margin-bottom: 10px;margin-right: 10px;margin-left: 10px;}}@media only screen and (max-width: 767px) {.uagb-block-55b5edaf.uagb-faq-icon-row .uagb-faq-item .uagb-faq-icon-wrap{margin-right: 10px;}.uagb-block-55b5edaf.uagb-faq-icon-row-reverse .uagb-faq-item .uagb-faq-icon-wrap{margin-left: 10px;}.uagb-block-55b5edaf .uagb-faq-questions-button{padding-top: 10px;padding-bottom: 10px;padding-right: 10px;padding-left: 10px;}.uagb-block-55b5edaf .uagb-faq-content{padding-top: 10px;padding-bottom: 10px;padding-right: 10px;padding-left: 10px;}.uagb-block-55b5edaf .uagb-faq-content span{margin-top: 10px;margin-bottom: 10px;margin-right: 10px;margin-left: 10px;}}\";s:2:\"js\";s:0:\"\";s:18:\"current_block_list\";a:10:{i:0;s:11:\"core\/search\";i:1;s:10:\"core\/group\";i:2;s:12:\"core\/heading\";i:3;s:17:\"core\/latest-posts\";i:4;s:20:\"core\/latest-comments\";i:5;s:13:\"core\/archives\";i:6;s:15:\"core\/categories\";i:7;s:14:\"core\/paragraph\";i:8;s:8:\"uagb\/faq\";i:9;s:14:\"uagb\/faq-child\";}s:8:\"uag_flag\";b:1;s:11:\"uag_version\";s:10:\"1775829763\";s:6:\"gfonts\";a:0:{}s:10:\"gfonts_url\";s:0:\"\";s:12:\"gfonts_files\";a:0:{}s:14:\"uag_faq_layout\";b:1;}"],"_uag_css_file_name":["uag-css-2615.css"]},"uagb_featured_image_src":{"full":["https:\/\/senyenergy.com\/wp-content\/uploads\/2025\/06\/Solar-panel-seam-gasket.jpg",800,800,false],"thumbnail":["https:\/\/senyenergy.com\/wp-content\/uploads\/2025\/06\/Solar-panel-seam-gasket-150x150.jpg",150,150,true],"medium":["https:\/\/senyenergy.com\/wp-content\/uploads\/2025\/06\/Solar-panel-seam-gasket-300x300.jpg",300,300,true],"medium_large":["https:\/\/senyenergy.com\/wp-content\/uploads\/2025\/06\/Solar-panel-seam-gasket-768x768.jpg",768,768,true],"large":["https:\/\/senyenergy.com\/wp-content\/uploads\/2025\/06\/Solar-panel-seam-gasket.jpg",800,800,false],"1536x1536":["https:\/\/senyenergy.com\/wp-content\/uploads\/2025\/06\/Solar-panel-seam-gasket.jpg",800,800,false],"2048x2048":["https:\/\/senyenergy.com\/wp-content\/uploads\/2025\/06\/Solar-panel-seam-gasket.jpg",800,800,false],"trp-custom-language-flag":["https:\/\/senyenergy.com\/wp-content\/uploads\/2025\/06\/Solar-panel-seam-gasket-12x12.jpg",12,12,true],"woocommerce_thumbnail":["https:\/\/senyenergy.com\/wp-content\/uploads\/2025\/06\/Solar-panel-seam-gasket-300x300.jpg",300,300,true],"woocommerce_single":["https:\/\/senyenergy.com\/wp-content\/uploads\/2025\/06\/Solar-panel-seam-gasket-600x600.jpg",600,600,true],"woocommerce_gallery_thumbnail":["https:\/\/senyenergy.com\/wp-content\/uploads\/2025\/06\/Solar-panel-seam-gasket-100x100.jpg",100,100,true]},"uagb_author_info":{"display_name":"wp-admin","author_link":"https:\/\/senyenergy.com\/de\/author\/"},"uagb_comment_info":0,"uagb_excerpt":"T-shaped waterproof EPDM rubber seal strip is used for solar photovoltaic panels. And EPDM rubber seal strip fits in between the panels to seal the gaps, making a Solar cover a water - tight shelter, ideal for Solar car ports or structures. It has great heat resistance. Silicone rubber extrusion seal has excellent chemical and&hellip;","_links":{"self":[{"href":"https:\/\/senyenergy.com\/de\/wp-json\/wp\/v2\/product\/2615","targetHints":{"allow":["GET"]}}],"collection":[{"href":"https:\/\/senyenergy.com\/de\/wp-json\/wp\/v2\/product"}],"about":[{"href":"https:\/\/senyenergy.com\/de\/wp-json\/wp\/v2\/types\/product"}],"wp:featuredmedia":[{"embeddable":true,"href":"https:\/\/senyenergy.com\/de\/wp-json\/wp\/v2\/media\/2618"}],"wp:attachment":[{"href":"https:\/\/senyenergy.com\/de\/wp-json\/wp\/v2\/media?parent=2615"}],"wp:term":[{"taxonomy":"product_brand","embeddable":true,"href":"https:\/\/senyenergy.com\/de\/wp-json\/wp\/v2\/product_brand?post=2615"},{"taxonomy":"product_cat","embeddable":true,"href":"https:\/\/senyenergy.com\/de\/wp-json\/wp\/v2\/product_cat?post=2615"},{"taxonomy":"product_tag","embeddable":true,"href":"https:\/\/senyenergy.com\/de\/wp-json\/wp\/v2\/product_tag?post=2615"}],"curies":[{"name":"wp","href":"https:\/\/api.w.org\/{rel}","templated":true}]}}