{"id":2588,"date":"2025-06-18T17:03:16","date_gmt":"2025-06-18T09:03:16","guid":{"rendered":"https:\/\/senyenergy.com\/?post_type=product&#038;p=2588"},"modified":"2025-07-13T11:05:43","modified_gmt":"2025-07-13T03:05:43","slug":"solar-erdungsfahne-solarpanel-erdungsbausatze","status":"publish","type":"product","link":"https:\/\/senyenergy.com\/de\/product\/solar-erdungsfahne-solarpanel-erdungsbausatze\/","title":{"rendered":"Solar-Erdungsklemmen-Sets f\u00fcr Solarmodule"},"content":{"rendered":"<p>A <strong>Baus\u00e4tze f\u00fcr Solar-Erdungsklemmen<\/strong> \u00a0ist ein wesentlicher Bestandteil der Erdungss\u00e4tze f\u00fcr Solarmodule, um die elektrische Sicherheit und den Schutz vor Blitzeinschl\u00e4gen und \u00dcberspannungen zu gew\u00e4hrleisten. Sie wird auch als Solar-Erdungs\u00f6se bezeichnet und ist ein Mitglied unserer Erdungsfamilie. Sie ist f\u00fcr die Montage auf der Schiene zur Aufnahme des Erdungsdrahtes vorgesehen. Das Erdungsklammer-Kit besteht aus einer verzinnten Erdungsklammer, einer speziell entwickelten Unterlegscheibe, einem Edelstahlbolzen und einer Unterlage. Die scharfen Z\u00e4hne der Unterlegscheibe sind so konstruiert, dass sie sich in die eloxierte Aluminiumschiene einbetten, um einen Erdungspfad zu schaffen. Mit der Erdungsklammer kann die Erdungslasche einfach an den Kupfererdungsdraht angeschlossen werden, ohne dass der Draht von einem einzelnen Modul aus verlegt werden muss.<\/p>\n<p>&nbsp;<\/p>\n<p><strong>Baus\u00e4tze f\u00fcr Solar-Erdungsklemmen<\/strong> wird zur Montage auf der Aluminiumschiene verwendet, um das Kupfererdungskabel zu halten. Es ist ein wichtiges Mitglied unserer Erdungsfamilie. Durch die Verwendung mit anderen Erdungskomponenten wird die Erdung von PV-Anlagen erleichtert. Unser ganzes \u00a0<strong>Baus\u00e4tze f\u00fcr Solar-Erdungsklemmen<\/strong>\u00a0Das Set besteht aus einer Unterlegscheibe, einer Erdungslasche, einem Edelstahlbolzen und einer Edelstahlunterlage.<\/p>\n<p>&nbsp;<\/p>\n<p>Es ist einfach, ganze Solar PV Array Erdung zu machen, montieren Sie einfach die Erdungslasche am Ende jeder Montageschiene, dann ziehen Sie die Sechskantschraube. es wird Kraft Unterlegscheibe Z\u00e4hne in die eloxierte Montageschiene eindringen, wird die leitende Erdung Kreis gemacht werden!<\/p>\n<p>&nbsp;<\/p>\n<p>Merkmale von \u00a0<strong>Baus\u00e4tze f\u00fcr Solar-Erdungsklemmen<\/strong><strong><b>\u00a0<\/b><\/strong>f\u00fcr Solaranlagen:<\/p>\n<p>Robuste Konstruktion: Wir haben hochwertige Materialien<\/p>\n<p>Kupfer oder Aluminium f\u00fcr hervorragende Leitf\u00e4higkeit und Haltbarkeit.<\/p>\n<p>Korrosionsbest\u00e4ndigkeit: Oft beschichtet oder korrosionsbest\u00e4ndig behandelt, um eine langfristige Leistung in Au\u00dfenbereichen zu gew\u00e4hrleisten.<\/p>\n<p>Vielf\u00e4ltige Gr\u00f6\u00dfen: Erh\u00e4ltlich in verschiedenen Gr\u00f6\u00dfen und Konfigurationen, um unterschiedlichen Kabelgr\u00f6\u00dfen und Installationsanforderungen gerecht zu werden.<\/p>\n<p>Einfache Installation: Konzipiert f\u00fcr die einfache Befestigung an Solarmodulrahmen oder Montagestrukturen.<\/p>\n<p>Elektrische Sicherheit: Bietet einen zuverl\u00e4ssigen Erdungspunkt zum Schutz von Solarsystemen vor elektrischen Fehlern und \u00dcberspannungen.<\/p>\n<p>Blitzschutz: Hilft bei der Ableitung elektrischer Ladungen durch Blitzeinschl\u00e4ge und verringert so das Risiko von Sch\u00e4den an Solaranlagen.<\/p>\n<p>Verbesserte Langlebigkeit des Systems: Sch\u00fctzt die Solarmodule und die dazugeh\u00f6rigen Ger\u00e4te und tr\u00e4gt so zu einer l\u00e4ngeren Lebensdauer des gesamten Systems bei.<\/p>\n<p>&nbsp;<\/p>\n<p>A \u00a0<strong>Baus\u00e4tze f\u00fcr Solar-Erdungsklemmen<\/strong>\u00a0ist eine wichtige Komponente zur Gew\u00e4hrleistung der elektrischen Sicherheit von Solarmodulsystemen. Sie k\u00f6nnen den Schutz Ihres Solarenergiesystems vor elektrischen Fehlern und Umweltgefahren verbessern. Unsere Familie der Solar-Erdungssysteme umfasst Solar-PV-Erdungsklemmen, Solar-Erdungsklemmen. Bonding-Jumper und verschiedene Kabelschellen. Bitte z\u00f6gern Sie nicht, uns zu kontaktieren, um mehr \u00fcber das gesamte Erdungs-System zu erfahren.<\/p>","protected":false},"excerpt":{"rendered":"<p>Solar PV Erdungsfahne wird verwendet, um auf der Aluminiumschiene montiert, um die coppe!Erdungsdraht zu halten. Es ist ein wichtiges Mitglied unserer Erdung Familie, durch die Verwendung mit anderen Erdungskomponenten, es machen die Solar PV-Systeme Erdung einfach.<\/p>\n<p>Unser komplettes Solar-Erdungsset besteht aus einer Unterlegscheibe, einer Erdungslasche, einem Edelstahlbolzen und einem Edelstahlpad.<\/p>\n<div class=\"wp-block-button popmake-1937\"><a class=\"wp-block-button__link wp-element-button\">Preispr\u00fcfung<\/a><\/div>","protected":false},"featured_media":2589,"template":"","meta":{"_uag_custom_page_level_css":"","site-sidebar-layout":"default","site-content-layout":"","ast-site-content-layout":"default","site-content-style":"default","site-sidebar-style":"default","ast-global-header-display":"","ast-banner-title-visibility":"","ast-main-header-display":"","ast-hfb-above-header-display":"","ast-hfb-below-header-display":"","ast-hfb-mobile-header-display":"","site-post-title":"","ast-breadcrumbs-content":"","ast-featured-img":"","footer-sml-layout":"","ast-disable-related-posts":"","theme-transparent-header-meta":"default","adv-header-id-meta":"","stick-header-meta":"","header-above-stick-meta":"","header-main-stick-meta":"","header-below-stick-meta":"","astra-migrate-meta-layouts":"set","ast-page-background-enabled":"default","ast-page-background-meta":{"desktop":{"background-color":"","background-image":"","background-repeat":"repeat","background-position":"center center","background-size":"auto","background-attachment":"scroll","background-type":"","background-media":"","overlay-type":"","overlay-color":"","overlay-opacity":"","overlay-gradient":""},"tablet":{"background-color":"","background-image":"","background-repeat":"repeat","background-position":"center center","background-size":"auto","background-attachment":"scroll","background-type":"","background-media":"","overlay-type":"","overlay-color":"","overlay-opacity":"","overlay-gradient":""},"mobile":{"background-color":"","background-image":"","background-repeat":"repeat","background-position":"center center","background-size":"auto","background-attachment":"scroll","background-type":"","background-media":"","overlay-type":"","overlay-color":"","overlay-opacity":"","overlay-gradient":""}},"ast-content-background-meta":{"desktop":{"background-color":"var(--ast-global-color-5)","background-image":"","background-repeat":"repeat","background-position":"center center","background-size":"auto","background-attachment":"scroll","background-type":"","background-media":"","overlay-type":"","overlay-color":"","overlay-opacity":"","overlay-gradient":""},"tablet":{"background-color":"var(--ast-global-color-5)","background-image":"","background-repeat":"repeat","background-position":"center center","background-size":"auto","background-attachment":"scroll","background-type":"","background-media":"","overlay-type":"","overlay-color":"","overlay-opacity":"","overlay-gradient":""},"mobile":{"background-color":"var(--ast-global-color-5)","background-image":"","background-repeat":"repeat","background-position":"center center","background-size":"auto","background-attachment":"scroll","background-type":"","background-media":"","overlay-type":"","overlay-color":"","overlay-opacity":"","overlay-gradient":""}}},"product_brand":[],"product_cat":[25,23,132,33],"product_tag":[197,198,59,203,202,201,199,200],"class_list":{"0":"post-2588","1":"product","2":"type-product","3":"status-publish","4":"has-post-thumbnail","6":"product_cat-excellent","7":"product_cat-solar-accessories","8":"product_cat-solar-mounting-components","9":"product_cat-solar-panel-accessories","10":"product_tag-earthing-lug","11":"product_tag-grounding-clip","12":"product_tag-grounding-lug","13":"product_tag-solar-earthing-clip","14":"product_tag-solar-grounding-clip","15":"product_tag-solar-grounding-system-kits","16":"product_tag-solar-panel-earthing","17":"product_tag-solar-panel-grounding-lug","18":"desktop-align-left","19":"tablet-align-left","20":"mobile-align-left","22":"first","23":"instock","24":"shipping-taxable","25":"product-type-simple"},"spectra_custom_meta":{"_uabb_version":["1.36.1"],"_edit_last":["1"],"_edit_lock":["1752375988:1"],"_thumbnail_id":["2589"],"total_sales":["0"],"_tax_status":["taxable"],"_tax_class":[""],"_manage_stock":["no"],"_backorders":["no"],"_sold_individually":["no"],"_virtual":["no"],"_downloadable":["no"],"_download_limit":["-1"],"_download_expiry":["-1"],"_stock":[null],"_stock_status":["instock"],"_wc_average_rating":["0"],"_wc_review_count":["0"],"_product_version":["9.6.2"],"_product_image_gallery":["2593,2590,2592,2591"],"site-sidebar-layout":["default"],"ast-site-content-layout":["default"],"site-content-style":["default"],"site-sidebar-style":["default"],"theme-transparent-header-meta":["default"],"astra-migrate-meta-layouts":["set"],"_uag_page_assets":["a:9:{s:3:\"css\";s:5318:\".uag-blocks-common-selector{z-index:var(--z-index-desktop) !important}@media (max-width: 976px){.uag-blocks-common-selector{z-index:var(--z-index-tablet) !important}}@media (max-width: 767px){.uag-blocks-common-selector{z-index:var(--z-index-mobile) !important}}\n.wp-block-uagb-faq{width:100%}.wp-block-uagb-faq.uagb-faq-layout-accordion .uagb-faq-child__outer-wrap .uagb-faq-questions-button{cursor:pointer}.wp-block-uagb-faq .uagb-faq-content{margin-bottom:0}.wp-block-uagb-faq .uagb-faq-content p{margin:auto}.uagb-faq-layout-grid.uagb-faq-equal-height.uagb-faq__wrap .uagb-faq-child__outer-wrap,.uagb-faq-layout-grid.uagb-faq-equal-height.uagb-faq__wrap .uagb-faq-item{height:100%}body[class*=\"astra\"] .uagb-faq-questions{line-height:normal}.uagb-faq-item{overflow:hidden}\n.wp-block-uagb-faq-child .uagb-faq-questions-button{display:flex;align-items:center}.wp-block-uagb-faq-child .uagb-faq-questions-button .uagb-faq-icon-wrap{display:flex;align-items:center}.wp-block-uagb-faq-child .uagb-faq-questions-button .uagb-question{width:100%;margin-top:0;margin-bottom:0}.wp-block-uagb-faq-child .uagb-icon svg,.wp-block-uagb-faq-child .uagb-icon-active svg{width:15px;height:15px;font-size:15px}.wp-block-uagb-faq-child.uagb-faq-child__outer-wrap.uagb-faq-item .uagb-icon-active,.wp-block-uagb-faq-child.uagb-faq-child__outer-wrap.uagb-faq-item.uagb-faq-item-active .uagb-icon,.wp-block-uagb-faq-child.uagb-faq-child__outer-wrap .uagb-faq-item .uagb-icon-active,.wp-block-uagb-faq-child.uagb-faq-child__outer-wrap .uagb-faq-item.uagb-faq-item-active .uagb-icon{display:none;width:0;padding:0;height:0;margin:0}.wp-block-uagb-faq-child.uagb-faq-child__outer-wrap.uagb-faq-item .uagb-icon,.wp-block-uagb-faq-child.uagb-faq-child__outer-wrap.uagb-faq-item.uagb-faq-item-active .uagb-icon-active,.wp-block-uagb-faq-child.uagb-faq-child__outer-wrap .uagb-faq-item .uagb-icon,.wp-block-uagb-faq-child.uagb-faq-child__outer-wrap .uagb-faq-item.uagb-faq-item-active .uagb-icon-active{display:flex;width:auto;height:auto}.uagb-faq-layout-grid .uagb-faq-child__outer-wrap.uagb-faq-item .uagb-icon,.uagb-faq-layout-grid .uagb-faq-child__outer-wrap.uagb-faq-item.uagb-faq-item-active .uagb-icon-active,.uagb-faq-layout-grid .uagb-faq-child__outer-wrap .uagb-faq-item .uagb-icon,.uagb-faq-layout-grid .uagb-faq-child__outer-wrap .uagb-faq-item.uagb-faq-item-active .uagb-icon-active{display:none}.uagb-faq-layout-grid .uagb-faq-child__outer-wrap.uagb-faq-item span.uagb-icon-active.uagb-faq-icon-wrap,.uagb-faq-layout-grid .uagb-faq-child__outer-wrap.uagb-faq-item.uagb-faq-item-active .uagb-icon-active,.uagb-faq-layout-grid .uagb-faq-child__outer-wrap .uagb-faq-item span.uagb-icon-active.uagb-faq-icon-wrap,.uagb-faq-layout-grid .uagb-faq-child__outer-wrap .uagb-faq-item.uagb-faq-item-active .uagb-icon-active{display:none}\n.uagb-block-55b5edaf .uagb-icon svg{width: 12px;height: 12px;font-size: 12px;}.uagb-block-55b5edaf .uagb-icon-active svg{width: 12px;height: 12px;font-size: 12px;}.uagb-block-55b5edaf .uagb-faq-child__outer-wrap{margin-bottom: 10px;}.uagb-block-55b5edaf .uagb-faq-item{border-top-width: 1px;border-left-width: 1px;border-right-width: 1px;border-bottom-width: 1px;border-top-left-radius: 2px;border-top-right-radius: 2px;border-bottom-left-radius: 2px;border-bottom-right-radius: 2px;border-color: #1e1e1e;border-style: solid;}.uagb-block-55b5edaf .uagb-faq-questions-button{padding-top: 10px;padding-bottom: 10px;padding-right: 10px;padding-left: 10px;}.uagb-block-55b5edaf .uagb-faq-content{padding-top: 10px;padding-bottom: 10px;padding-right: 10px;padding-left: 10px;}.uagb-block-55b5edaf .uagb-faq-content span{margin-top: 10px;margin-bottom: 10px;margin-right: 10px;margin-left: 10px;}.uagb-block-55b5edaf.uagb-faq-icon-row .uagb-faq-item .uagb-faq-icon-wrap{margin-right: 10px;}.uagb-block-55b5edaf.uagb-faq-icon-row-reverse .uagb-faq-item .uagb-faq-icon-wrap{margin-left: 10px;}.uagb-block-55b5edaf .uagb-faq-item .uagb-faq-questions-button.uagb-faq-questions{flex-direction: row;}.uagb-block-55b5edaf .wp-block-uagb-faq-child.uagb-faq-child__outer-wrap .uagb-faq-content {display: none;}@media only screen and (max-width: 976px) {.uagb-block-55b5edaf.uagb-faq-icon-row .uagb-faq-item .uagb-faq-icon-wrap{margin-right: 10px;}.uagb-block-55b5edaf.uagb-faq-icon-row-reverse .uagb-faq-item .uagb-faq-icon-wrap{margin-left: 10px;}.uagb-block-55b5edaf .uagb-faq-questions-button{padding-top: 10px;padding-bottom: 10px;padding-right: 10px;padding-left: 10px;}.uagb-block-55b5edaf .uagb-faq-content{padding-top: 10px;padding-bottom: 10px;padding-right: 10px;padding-left: 10px;}.uagb-block-55b5edaf .uagb-faq-content span{margin-top: 10px;margin-bottom: 10px;margin-right: 10px;margin-left: 10px;}}@media only screen and (max-width: 767px) {.uagb-block-55b5edaf.uagb-faq-icon-row .uagb-faq-item .uagb-faq-icon-wrap{margin-right: 10px;}.uagb-block-55b5edaf.uagb-faq-icon-row-reverse .uagb-faq-item .uagb-faq-icon-wrap{margin-left: 10px;}.uagb-block-55b5edaf .uagb-faq-questions-button{padding-top: 10px;padding-bottom: 10px;padding-right: 10px;padding-left: 10px;}.uagb-block-55b5edaf .uagb-faq-content{padding-top: 10px;padding-bottom: 10px;padding-right: 10px;padding-left: 10px;}.uagb-block-55b5edaf .uagb-faq-content span{margin-top: 10px;margin-bottom: 10px;margin-right: 10px;margin-left: 10px;}}\";s:2:\"js\";s:0:\"\";s:18:\"current_block_list\";a:10:{i:0;s:11:\"core\/search\";i:1;s:10:\"core\/group\";i:2;s:12:\"core\/heading\";i:3;s:17:\"core\/latest-posts\";i:4;s:20:\"core\/latest-comments\";i:5;s:13:\"core\/archives\";i:6;s:15:\"core\/categories\";i:7;s:14:\"core\/paragraph\";i:8;s:8:\"uagb\/faq\";i:9;s:14:\"uagb\/faq-child\";}s:8:\"uag_flag\";b:1;s:11:\"uag_version\";s:10:\"1775829763\";s:6:\"gfonts\";a:0:{}s:10:\"gfonts_url\";s:0:\"\";s:12:\"gfonts_files\";a:0:{}s:14:\"uag_faq_layout\";b:1;}"],"_uag_css_file_name":["uag-css-2588.css"]},"uagb_featured_image_src":{"full":["https:\/\/senyenergy.com\/wp-content\/uploads\/2025\/06\/Anodized-aluminum-Solar-Grounding-Lugs.jpg",800,800,false],"thumbnail":["https:\/\/senyenergy.com\/wp-content\/uploads\/2025\/06\/Anodized-aluminum-Solar-Grounding-Lugs-150x150.jpg",150,150,true],"medium":["https:\/\/senyenergy.com\/wp-content\/uploads\/2025\/06\/Anodized-aluminum-Solar-Grounding-Lugs-300x300.jpg",300,300,true],"medium_large":["https:\/\/senyenergy.com\/wp-content\/uploads\/2025\/06\/Anodized-aluminum-Solar-Grounding-Lugs-768x768.jpg",768,768,true],"large":["https:\/\/senyenergy.com\/wp-content\/uploads\/2025\/06\/Anodized-aluminum-Solar-Grounding-Lugs.jpg",800,800,false],"1536x1536":["https:\/\/senyenergy.com\/wp-content\/uploads\/2025\/06\/Anodized-aluminum-Solar-Grounding-Lugs.jpg",800,800,false],"2048x2048":["https:\/\/senyenergy.com\/wp-content\/uploads\/2025\/06\/Anodized-aluminum-Solar-Grounding-Lugs.jpg",800,800,false],"trp-custom-language-flag":["https:\/\/senyenergy.com\/wp-content\/uploads\/2025\/06\/Anodized-aluminum-Solar-Grounding-Lugs-12x12.jpg",12,12,true],"woocommerce_thumbnail":["https:\/\/senyenergy.com\/wp-content\/uploads\/2025\/06\/Anodized-aluminum-Solar-Grounding-Lugs-300x300.jpg",300,300,true],"woocommerce_single":["https:\/\/senyenergy.com\/wp-content\/uploads\/2025\/06\/Anodized-aluminum-Solar-Grounding-Lugs-600x600.jpg",600,600,true],"woocommerce_gallery_thumbnail":["https:\/\/senyenergy.com\/wp-content\/uploads\/2025\/06\/Anodized-aluminum-Solar-Grounding-Lugs-100x100.jpg",100,100,true]},"uagb_author_info":{"display_name":"wp-admin","author_link":"https:\/\/senyenergy.com\/de\/author\/"},"uagb_comment_info":0,"uagb_excerpt":"Solar PV grounding lug is used to mounted on the aluminum rail to hold the coppe!grounding wire. lt is important member of our earthing family,by using with other earthingcomponents, it make the solar PV systems grounding easy. Our whole solar grounding lug set is including washer, lay-in earthing lug, stainless steel bolt and stainless steel&hellip;","_links":{"self":[{"href":"https:\/\/senyenergy.com\/de\/wp-json\/wp\/v2\/product\/2588","targetHints":{"allow":["GET"]}}],"collection":[{"href":"https:\/\/senyenergy.com\/de\/wp-json\/wp\/v2\/product"}],"about":[{"href":"https:\/\/senyenergy.com\/de\/wp-json\/wp\/v2\/types\/product"}],"wp:featuredmedia":[{"embeddable":true,"href":"https:\/\/senyenergy.com\/de\/wp-json\/wp\/v2\/media\/2589"}],"wp:attachment":[{"href":"https:\/\/senyenergy.com\/de\/wp-json\/wp\/v2\/media?parent=2588"}],"wp:term":[{"taxonomy":"product_brand","embeddable":true,"href":"https:\/\/senyenergy.com\/de\/wp-json\/wp\/v2\/product_brand?post=2588"},{"taxonomy":"product_cat","embeddable":true,"href":"https:\/\/senyenergy.com\/de\/wp-json\/wp\/v2\/product_cat?post=2588"},{"taxonomy":"product_tag","embeddable":true,"href":"https:\/\/senyenergy.com\/de\/wp-json\/wp\/v2\/product_tag?post=2588"}],"curies":[{"name":"wp","href":"https:\/\/api.w.org\/{rel}","templated":true}]}}