{"id":2550,"date":"2025-06-09T11:13:08","date_gmt":"2025-06-09T03:13:08","guid":{"rendered":"https:\/\/senyenergy.com\/?post_type=product&#038;p=2550"},"modified":"2025-07-13T10:58:54","modified_gmt":"2025-07-13T02:58:54","slug":"solar-edelstahl-metall-kabelbinder-selbstschliesend","status":"publish","type":"product","link":"https:\/\/senyenergy.com\/de\/product\/solar-edelstahl-metall-kabelbinder-selbstschliesend\/","title":{"rendered":"Solar-Edelstahl-Kabelbinder selbstsichernd"},"content":{"rendered":"<p>Alle 304 <strong><b>Edelstahl-Kabelbinder selbstverriegelnd<\/b><\/strong>\u00a0Konstruktion im Vergleich zu den traditionellen Nylon-Rei\u00dfverschlussb\u00e4ndern, Metall-Rei\u00dfverschlussbinder haben teurere Herstellungskosten, aber offensichtlich bessere Leistung. es hat eine h\u00f6here Zugfestigkeit, Abriebfestigkeit und kann Korrosion ertragen, nicht leicht zu bekommen Alterung und Verformung, kann unter hohen Temperaturen f\u00fcr einige spezielle Anwendung wie Auto Auspuff Verpackung verwendet werden...<\/p>\n<p>&nbsp;<\/p>\n<p>Merkmale von <strong><b>Edelstahl-Kabelbinder selbstverriegelnd<\/b><\/strong>:<\/p>\n<p>Korrosionsbest\u00e4ndigkeit: Aus hochwertigem Edelstahl gefertigt, rost- und korrosionsbest\u00e4ndig und daher f\u00fcr den Einsatz im Freien und in rauen Umgebungen geeignet.<\/p>\n<p>Hohe Zugfestigkeit: Entwickelt, um hohen Belastungen und Spannungen standzuhalten und eine zuverl\u00e4ssige Leistung unter anspruchsvollen Bedingungen zu gew\u00e4hrleisten.<\/p>\n<p>Temperaturbest\u00e4ndigkeit: Sie k\u00f6nnen extremen Temperaturen standhalten und eignen sich daher sowohl f\u00fcr Hoch- als auch f\u00fcr Tieftemperaturanwendungen.<\/p>\n<p>Vielf\u00e4ltige Gr\u00f6\u00dfen: Erh\u00e4ltlich in verschiedenen L\u00e4ngen und Breiten zur Anpassung an unterschiedliche Kabelgr\u00f6\u00dfen und Anwendungen.<\/p>\n<p>Langlebigkeit: Langlebige Leistung im Vergleich zu Kunststoffbindern, insbesondere in schwierigen Umgebungen.<\/p>\n<p>Sicherheit: Bietet einen sicheren Halt, der sich mit der Zeit nicht lockert, und verringert so das Risiko versehentlicher Unterbrechungen der Verbindung.<\/p>\n<p>Vielseitigkeit: Geeignet f\u00fcr eine breite Palette von Anwendungen, von der Industrie bis zum Hausgebrauch.<\/p>\n<p>Umweltfreundlich: Edelstahl ist recycelbar, was diese Krawatten zu einer umweltfreundlichen Option macht.<\/p>\n<p>&nbsp;<\/p>\n<p>L\u00e4nge: 300 mm\/11,8 Zoll (Standard: 150-1200 mm oder kundenspezifisch)<\/p>\n<p>Breite: 4,6 mm\/0,18 Zoll (standard\uff09unterst\u00fctzt 4,6\/7,9\/10\/12\/16mm<\/p>\n<p>Dicke: 0,25mm\/0,01 Zoll (Standard\uff09)<\/p>\n<p>50\/100 St\u00fcck Metall-Rei\u00dfverschlussbinder verpackt in versiegelten Beuteln<\/p>\n<p>&nbsp;<\/p>\n<p>H\u00e4ufige Verwendungen von <strong><b>Edelstahl-Kabelbinder selbstverriegelnd<\/b><\/strong>:<\/p>\n<p>Elektrotechnik und Telekommunikation: Organisation und Sicherung von Kabeln in Datenzentren, Telekommunikationseinrichtungen und Schalttafeln.<\/p>\n<p>Bauwesen und Fertigung: Zur B\u00fcndelung und Sicherung von Materialien, Rohren und Dr\u00e4hten auf Baustellen und in Fertigungsbetrieben.<\/p>\n<p>Transport: Wird in der Automobil- und Luft- und Raumfahrtindustrie zur Befestigung von Bauteilen und Kabelb\u00e4umen verwendet.<\/p>\n<p>HVAC-Systeme: Ideal f\u00fcr die Befestigung von Kan\u00e4len, Rohrleitungen und elektrischen Leitungen in Heizungs-, L\u00fcftungs- und Klimaanlagen.<\/p>\n<p>&nbsp;<\/p>\n<p>Die feuerfesten Edelstahl-Rei\u00dfverschlussbinder der G\u00fcteklasse 304 bieten im Vergleich zu gew\u00f6hnlichen Kunststoffbindern einen besseren Schutz f\u00fcr Ihr Eigentum und bieten Schutz beim Einsatz in korrosiven Umgebungen und bei extremen Temperaturen.<\/p>\n<p>Dieser strapazierf\u00e4hige Rei\u00dfverschluss <strong><b>Kabelbinder aus Edelstahl<\/b><\/strong>\u00a0verf\u00fcgt \u00fcber einen selbstsichernden, kugelgelagerten Mechanismus, der eine minimale Zugfestigkeit von 200 LBS und ein einfaches Einf\u00fchren beim Sichern von Schl\u00e4uchen, Kabeln, Rohren und mehr gew\u00e4hrleistet<\/p>\n<p>Abgerundete Kanten und eine glatte Oberfl\u00e4che machen diese Kabelbinder handfreundlich, der vollst\u00e4ndig geschlossene Kopf verhindert, dass Schmutz oder Sand den Verschlussmechanismus beeintr\u00e4chtigen<\/p>\n<p>Hohe Zugfestigkeit f\u00fcr Zuverl\u00e4ssigkeit und Sicherheit bei schweren Anwendungen wie Auspuffverkleidungen, Z\u00e4une, \u00dcberdachungen, Arbeiten im Freien und in der Industrie<\/p>\n<p>&nbsp;<\/p>","protected":false},"excerpt":{"rendered":"<p>Die feuerfesten Edelstahl-Rei\u00dfverschlussbinder der G\u00fcteklasse 304 bieten im Vergleich zu gew\u00f6hnlichen Kunststoffbindern einen besseren Schutz f\u00fcr Ihr Eigentum und bieten Schutz beim Einsatz in korrosiven Umgebungen und bei extremen Temperaturen.<br \/>\nDiese Hochleistungs-Rei\u00dfverschlussbinder verf\u00fcgen \u00fcber einen selbstsichernden, kugelgelagerten Mechanismus, der eine minimale Zugfestigkeit von 200 LBS und ein einfaches Einf\u00fchren beim Sichern von Schl\u00e4uchen, Kabeln, Rohren und mehr gew\u00e4hrleistet.<br \/>\nAbgerundete Kanten und eine glatte Oberfl\u00e4che machen diese Kabelbinder handfreundlich, der vollst\u00e4ndig geschlossene Kopf verhindert, dass Schmutz oder Sand den Verschlussmechanismus beeintr\u00e4chtigen<br \/>\nHohe Zugfestigkeit f\u00fcr Zuverl\u00e4ssigkeit und Sicherheit bei schweren Anwendungen wie Auspuffverkleidungen, Z\u00e4une, \u00dcberdachungen, Arbeiten im Freien und in der Industrie<\/p>\n<div class=\"wp-block-button popmake-1937\"><a class=\"wp-block-button__link wp-element-button\">Preispr\u00fcfung<\/a><\/div>","protected":false},"featured_media":2552,"template":"","meta":{"_uag_custom_page_level_css":"","site-sidebar-layout":"default","site-content-layout":"","ast-site-content-layout":"default","site-content-style":"default","site-sidebar-style":"default","ast-global-header-display":"","ast-banner-title-visibility":"","ast-main-header-display":"","ast-hfb-above-header-display":"","ast-hfb-below-header-display":"","ast-hfb-mobile-header-display":"","site-post-title":"","ast-breadcrumbs-content":"","ast-featured-img":"","footer-sml-layout":"","ast-disable-related-posts":"","theme-transparent-header-meta":"default","adv-header-id-meta":"","stick-header-meta":"","header-above-stick-meta":"","header-main-stick-meta":"","header-below-stick-meta":"","astra-migrate-meta-layouts":"set","ast-page-background-enabled":"default","ast-page-background-meta":{"desktop":{"background-color":"","background-image":"","background-repeat":"repeat","background-position":"center center","background-size":"auto","background-attachment":"scroll","background-type":"","background-media":"","overlay-type":"","overlay-color":"","overlay-opacity":"","overlay-gradient":""},"tablet":{"background-color":"","background-image":"","background-repeat":"repeat","background-position":"center center","background-size":"auto","background-attachment":"scroll","background-type":"","background-media":"","overlay-type":"","overlay-color":"","overlay-opacity":"","overlay-gradient":""},"mobile":{"background-color":"","background-image":"","background-repeat":"repeat","background-position":"center center","background-size":"auto","background-attachment":"scroll","background-type":"","background-media":"","overlay-type":"","overlay-color":"","overlay-opacity":"","overlay-gradient":""}},"ast-content-background-meta":{"desktop":{"background-color":"var(--ast-global-color-5)","background-image":"","background-repeat":"repeat","background-position":"center center","background-size":"auto","background-attachment":"scroll","background-type":"","background-media":"","overlay-type":"","overlay-color":"","overlay-opacity":"","overlay-gradient":""},"tablet":{"background-color":"var(--ast-global-color-5)","background-image":"","background-repeat":"repeat","background-position":"center center","background-size":"auto","background-attachment":"scroll","background-type":"","background-media":"","overlay-type":"","overlay-color":"","overlay-opacity":"","overlay-gradient":""},"mobile":{"background-color":"var(--ast-global-color-5)","background-image":"","background-repeat":"repeat","background-position":"center center","background-size":"auto","background-attachment":"scroll","background-type":"","background-media":"","overlay-type":"","overlay-color":"","overlay-opacity":"","overlay-gradient":""}}},"product_brand":[],"product_cat":[25,23,132,33],"product_tag":[171,173,169,174,168,34,36,65,119,170,175,172,176],"class_list":{"0":"post-2550","1":"product","2":"type-product","3":"status-publish","4":"has-post-thumbnail","6":"product_cat-excellent","7":"product_cat-solar-accessories","8":"product_cat-solar-mounting-components","9":"product_cat-solar-panel-accessories","10":"product_tag-cable-ties","11":"product_tag-cable-ties-metal","12":"product_tag-metal-cable-ties","13":"product_tag-metal-zip-tie","14":"product_tag-solar-cable-ties","15":"product_tag-solar-panel","16":"product_tag-solar-panel-clip","17":"product_tag-solar-pv-clip","18":"product_tag-solar-system","19":"product_tag-stainless-steel-metal-cable-ties","20":"product_tag-stainless-steel-zip","21":"product_tag-wire-cable-ties","22":"product_tag-zip-ties","23":"desktop-align-left","24":"tablet-align-left","25":"mobile-align-left","27":"first","28":"instock","29":"shipping-taxable","30":"product-type-simple"},"spectra_custom_meta":{"_uabb_version":["1.36.1"],"_edit_last":["1"],"_edit_lock":["1752375513:1"],"_thumbnail_id":["2552"],"total_sales":["0"],"_tax_status":["taxable"],"_tax_class":[""],"_manage_stock":["no"],"_backorders":["no"],"_sold_individually":["no"],"_virtual":["no"],"_downloadable":["no"],"_download_limit":["-1"],"_download_expiry":["-1"],"_stock":[null],"_stock_status":["instock"],"_wc_average_rating":["0"],"_wc_review_count":["0"],"_product_version":["9.6.2"],"_product_image_gallery":["2554,2551,2556,2555,2553"],"site-sidebar-layout":["default"],"ast-site-content-layout":["default"],"site-content-style":["default"],"site-sidebar-style":["default"],"theme-transparent-header-meta":["default"],"astra-migrate-meta-layouts":["set"],"_uag_page_assets":["a:9:{s:3:\"css\";s:5318:\".uag-blocks-common-selector{z-index:var(--z-index-desktop) !important}@media (max-width: 976px){.uag-blocks-common-selector{z-index:var(--z-index-tablet) !important}}@media (max-width: 767px){.uag-blocks-common-selector{z-index:var(--z-index-mobile) !important}}\n.wp-block-uagb-faq{width:100%}.wp-block-uagb-faq.uagb-faq-layout-accordion .uagb-faq-child__outer-wrap .uagb-faq-questions-button{cursor:pointer}.wp-block-uagb-faq .uagb-faq-content{margin-bottom:0}.wp-block-uagb-faq .uagb-faq-content p{margin:auto}.uagb-faq-layout-grid.uagb-faq-equal-height.uagb-faq__wrap .uagb-faq-child__outer-wrap,.uagb-faq-layout-grid.uagb-faq-equal-height.uagb-faq__wrap .uagb-faq-item{height:100%}body[class*=\"astra\"] .uagb-faq-questions{line-height:normal}.uagb-faq-item{overflow:hidden}\n.wp-block-uagb-faq-child .uagb-faq-questions-button{display:flex;align-items:center}.wp-block-uagb-faq-child .uagb-faq-questions-button .uagb-faq-icon-wrap{display:flex;align-items:center}.wp-block-uagb-faq-child .uagb-faq-questions-button .uagb-question{width:100%;margin-top:0;margin-bottom:0}.wp-block-uagb-faq-child .uagb-icon svg,.wp-block-uagb-faq-child .uagb-icon-active svg{width:15px;height:15px;font-size:15px}.wp-block-uagb-faq-child.uagb-faq-child__outer-wrap.uagb-faq-item .uagb-icon-active,.wp-block-uagb-faq-child.uagb-faq-child__outer-wrap.uagb-faq-item.uagb-faq-item-active .uagb-icon,.wp-block-uagb-faq-child.uagb-faq-child__outer-wrap .uagb-faq-item .uagb-icon-active,.wp-block-uagb-faq-child.uagb-faq-child__outer-wrap .uagb-faq-item.uagb-faq-item-active .uagb-icon{display:none;width:0;padding:0;height:0;margin:0}.wp-block-uagb-faq-child.uagb-faq-child__outer-wrap.uagb-faq-item .uagb-icon,.wp-block-uagb-faq-child.uagb-faq-child__outer-wrap.uagb-faq-item.uagb-faq-item-active .uagb-icon-active,.wp-block-uagb-faq-child.uagb-faq-child__outer-wrap .uagb-faq-item .uagb-icon,.wp-block-uagb-faq-child.uagb-faq-child__outer-wrap .uagb-faq-item.uagb-faq-item-active .uagb-icon-active{display:flex;width:auto;height:auto}.uagb-faq-layout-grid .uagb-faq-child__outer-wrap.uagb-faq-item .uagb-icon,.uagb-faq-layout-grid .uagb-faq-child__outer-wrap.uagb-faq-item.uagb-faq-item-active .uagb-icon-active,.uagb-faq-layout-grid .uagb-faq-child__outer-wrap .uagb-faq-item .uagb-icon,.uagb-faq-layout-grid .uagb-faq-child__outer-wrap .uagb-faq-item.uagb-faq-item-active .uagb-icon-active{display:none}.uagb-faq-layout-grid .uagb-faq-child__outer-wrap.uagb-faq-item span.uagb-icon-active.uagb-faq-icon-wrap,.uagb-faq-layout-grid .uagb-faq-child__outer-wrap.uagb-faq-item.uagb-faq-item-active .uagb-icon-active,.uagb-faq-layout-grid .uagb-faq-child__outer-wrap .uagb-faq-item span.uagb-icon-active.uagb-faq-icon-wrap,.uagb-faq-layout-grid .uagb-faq-child__outer-wrap .uagb-faq-item.uagb-faq-item-active .uagb-icon-active{display:none}\n.uagb-block-55b5edaf .uagb-icon svg{width: 12px;height: 12px;font-size: 12px;}.uagb-block-55b5edaf .uagb-icon-active svg{width: 12px;height: 12px;font-size: 12px;}.uagb-block-55b5edaf .uagb-faq-child__outer-wrap{margin-bottom: 10px;}.uagb-block-55b5edaf .uagb-faq-item{border-top-width: 1px;border-left-width: 1px;border-right-width: 1px;border-bottom-width: 1px;border-top-left-radius: 2px;border-top-right-radius: 2px;border-bottom-left-radius: 2px;border-bottom-right-radius: 2px;border-color: #1e1e1e;border-style: solid;}.uagb-block-55b5edaf .uagb-faq-questions-button{padding-top: 10px;padding-bottom: 10px;padding-right: 10px;padding-left: 10px;}.uagb-block-55b5edaf .uagb-faq-content{padding-top: 10px;padding-bottom: 10px;padding-right: 10px;padding-left: 10px;}.uagb-block-55b5edaf .uagb-faq-content span{margin-top: 10px;margin-bottom: 10px;margin-right: 10px;margin-left: 10px;}.uagb-block-55b5edaf.uagb-faq-icon-row .uagb-faq-item .uagb-faq-icon-wrap{margin-right: 10px;}.uagb-block-55b5edaf.uagb-faq-icon-row-reverse .uagb-faq-item .uagb-faq-icon-wrap{margin-left: 10px;}.uagb-block-55b5edaf .uagb-faq-item .uagb-faq-questions-button.uagb-faq-questions{flex-direction: row;}.uagb-block-55b5edaf .wp-block-uagb-faq-child.uagb-faq-child__outer-wrap .uagb-faq-content {display: none;}@media only screen and (max-width: 976px) {.uagb-block-55b5edaf.uagb-faq-icon-row .uagb-faq-item .uagb-faq-icon-wrap{margin-right: 10px;}.uagb-block-55b5edaf.uagb-faq-icon-row-reverse .uagb-faq-item .uagb-faq-icon-wrap{margin-left: 10px;}.uagb-block-55b5edaf .uagb-faq-questions-button{padding-top: 10px;padding-bottom: 10px;padding-right: 10px;padding-left: 10px;}.uagb-block-55b5edaf .uagb-faq-content{padding-top: 10px;padding-bottom: 10px;padding-right: 10px;padding-left: 10px;}.uagb-block-55b5edaf .uagb-faq-content span{margin-top: 10px;margin-bottom: 10px;margin-right: 10px;margin-left: 10px;}}@media only screen and (max-width: 767px) {.uagb-block-55b5edaf.uagb-faq-icon-row .uagb-faq-item .uagb-faq-icon-wrap{margin-right: 10px;}.uagb-block-55b5edaf.uagb-faq-icon-row-reverse .uagb-faq-item .uagb-faq-icon-wrap{margin-left: 10px;}.uagb-block-55b5edaf .uagb-faq-questions-button{padding-top: 10px;padding-bottom: 10px;padding-right: 10px;padding-left: 10px;}.uagb-block-55b5edaf .uagb-faq-content{padding-top: 10px;padding-bottom: 10px;padding-right: 10px;padding-left: 10px;}.uagb-block-55b5edaf .uagb-faq-content span{margin-top: 10px;margin-bottom: 10px;margin-right: 10px;margin-left: 10px;}}\";s:2:\"js\";s:0:\"\";s:18:\"current_block_list\";a:10:{i:0;s:11:\"core\/search\";i:1;s:10:\"core\/group\";i:2;s:12:\"core\/heading\";i:3;s:17:\"core\/latest-posts\";i:4;s:20:\"core\/latest-comments\";i:5;s:13:\"core\/archives\";i:6;s:15:\"core\/categories\";i:7;s:14:\"core\/paragraph\";i:8;s:8:\"uagb\/faq\";i:9;s:14:\"uagb\/faq-child\";}s:8:\"uag_flag\";b:1;s:11:\"uag_version\";s:10:\"1775829763\";s:6:\"gfonts\";a:0:{}s:10:\"gfonts_url\";s:0:\"\";s:12:\"gfonts_files\";a:0:{}s:14:\"uag_faq_layout\";b:1;}"],"_uag_css_file_name":["uag-css-2550.css"]},"uagb_featured_image_src":{"full":["https:\/\/senyenergy.com\/wp-content\/uploads\/2025\/06\/Stainless-Steel-Metal-Cable-Ties.jpg",800,800,false],"thumbnail":["https:\/\/senyenergy.com\/wp-content\/uploads\/2025\/06\/Stainless-Steel-Metal-Cable-Ties-150x150.jpg",150,150,true],"medium":["https:\/\/senyenergy.com\/wp-content\/uploads\/2025\/06\/Stainless-Steel-Metal-Cable-Ties-300x300.jpg",300,300,true],"medium_large":["https:\/\/senyenergy.com\/wp-content\/uploads\/2025\/06\/Stainless-Steel-Metal-Cable-Ties-768x768.jpg",768,768,true],"large":["https:\/\/senyenergy.com\/wp-content\/uploads\/2025\/06\/Stainless-Steel-Metal-Cable-Ties.jpg",800,800,false],"1536x1536":["https:\/\/senyenergy.com\/wp-content\/uploads\/2025\/06\/Stainless-Steel-Metal-Cable-Ties.jpg",800,800,false],"2048x2048":["https:\/\/senyenergy.com\/wp-content\/uploads\/2025\/06\/Stainless-Steel-Metal-Cable-Ties.jpg",800,800,false],"trp-custom-language-flag":["https:\/\/senyenergy.com\/wp-content\/uploads\/2025\/06\/Stainless-Steel-Metal-Cable-Ties-12x12.jpg",12,12,true],"woocommerce_thumbnail":["https:\/\/senyenergy.com\/wp-content\/uploads\/2025\/06\/Stainless-Steel-Metal-Cable-Ties-300x300.jpg",300,300,true],"woocommerce_single":["https:\/\/senyenergy.com\/wp-content\/uploads\/2025\/06\/Stainless-Steel-Metal-Cable-Ties-600x600.jpg",600,600,true],"woocommerce_gallery_thumbnail":["https:\/\/senyenergy.com\/wp-content\/uploads\/2025\/06\/Stainless-Steel-Metal-Cable-Ties-100x100.jpg",100,100,true]},"uagb_author_info":{"display_name":"wp-admin","author_link":"https:\/\/senyenergy.com\/de\/author\/"},"uagb_comment_info":0,"uagb_excerpt":"304 grade fire proof stainless steel metal zip ties offer better protection to your belongs compared to ordinary plastic ties, providing protection when used in corrosive environments and extreme temperature This heavy duty zip ties features Self locking, ball bearing mechanism, which assures 200 LBS min tensile strength and easy insertion when securing hoses, cables,&hellip;","_links":{"self":[{"href":"https:\/\/senyenergy.com\/de\/wp-json\/wp\/v2\/product\/2550","targetHints":{"allow":["GET"]}}],"collection":[{"href":"https:\/\/senyenergy.com\/de\/wp-json\/wp\/v2\/product"}],"about":[{"href":"https:\/\/senyenergy.com\/de\/wp-json\/wp\/v2\/types\/product"}],"wp:featuredmedia":[{"embeddable":true,"href":"https:\/\/senyenergy.com\/de\/wp-json\/wp\/v2\/media\/2552"}],"wp:attachment":[{"href":"https:\/\/senyenergy.com\/de\/wp-json\/wp\/v2\/media?parent=2550"}],"wp:term":[{"taxonomy":"product_brand","embeddable":true,"href":"https:\/\/senyenergy.com\/de\/wp-json\/wp\/v2\/product_brand?post=2550"},{"taxonomy":"product_cat","embeddable":true,"href":"https:\/\/senyenergy.com\/de\/wp-json\/wp\/v2\/product_cat?post=2550"},{"taxonomy":"product_tag","embeddable":true,"href":"https:\/\/senyenergy.com\/de\/wp-json\/wp\/v2\/product_tag?post=2550"}],"curies":[{"name":"wp","href":"https:\/\/api.w.org\/{rel}","templated":true}]}}