{"id":2544,"date":"2025-06-06T15:56:25","date_gmt":"2025-06-06T07:56:25","guid":{"rendered":"https:\/\/senyenergy.com\/?post_type=product&#038;p=2544"},"modified":"2025-06-06T15:56:26","modified_gmt":"2025-06-06T07:56:26","slug":"solar-klip-lok-700-klemmen-montagesystem","status":"publish","type":"product","link":"https:\/\/senyenergy.com\/de\/product\/solar-klip-lok-700-klemmen-montagesystem\/","title":{"rendered":"Solar Klip Lok 700 Klemmenbefestigungssystem"},"content":{"rendered":"<p>Die <strong>Solar Klip Lok 700 Klemmenbefestigung<\/strong> Das System wurde f\u00fcr die sichere Befestigung von Solarmodulen auf Metalld\u00e4chern mit trapezf\u00f6rmigen Rippen des Typs Klip Lok 700 entwickelt - ein beliebtes Profil in Australien, Neuseeland, S\u00fcdostasien usw. Im Gegensatz zu Stehfalzd\u00e4chern hat Klip Lok 700 eine ausgepr\u00e4gte trapezf\u00f6rmige Rippenform, die spezielle Klemmen f\u00fcr eine durchdringungsfreie, garantiesichere Installation erfordert.<\/p>\n<p>&nbsp;<\/p>\n<p>Die <strong>Solar Klip Lok 700 Klemmhalterung<\/strong> System ist eine schienenbasierte Klemme f\u00fcr die Solarinstallation auf Stehfalz-Metalld\u00e4chern f\u00fcr Lysaght Klip-lok-D\u00e4cher, die speziell f\u00fcr Lysaght Klip-lok 700 Metallfalzd\u00e4cher mit \u00e4hnlichen Abmessungen hergestellt wurde. Die Klemme bewahrt die Eleganz Ihres Stehfalz-Metalldaches, ohne das Dachmaterial zu besch\u00e4digen. Keine Besch\u00e4digung ist gleichbedeutend mit keiner Durchdringung, d.h. sie ist witterungsbest\u00e4ndig f\u00fcr das Dach, um eine l\u00e4ngere Lebensdauer des Daches zu gew\u00e4hrleisten. Und auch sicherstellen, dass muss auf dem Dach mit Dauerhaftigkeit und Haltbarkeit montiert werden. Es ist einfach kompatibel mit L-F\u00fc\u00dfe montieren System, um das System mehr stark und robust zu machen. Vormontierte Stellschraube f\u00fcr superschnelle Installation Die Installation ist so einfach wie die Klammer auf der Naht zu platzieren und die Stellschraube auf die angegebene Spannung anziehen, um maximale Haltekraft zu erreichen.<\/p>\n<p>&nbsp;<\/p>\n<p>Merkmale von <strong>Solar Klip Lok 700 Klemmhalterung<\/strong>:<\/p>\n<p>Kompatibilit\u00e4t der N\u00e4hte: Ma\u00dfgeschneidert f\u00fcr die Klip Lok 700 Dachprofile, um eine sichere und stabile Befestigung zu gew\u00e4hrleisten.<\/p>\n<p>Nicht-durchdringendes Design: Wird an den Dachn\u00e4hten befestigt, ohne diese zu durchdringen, verhindert Lecks und sch\u00fctzt das Dach.<\/p>\n<p>Langlebige Konstruktion: Hergestellt aus hochwertigen, korrosionsbest\u00e4ndigen Materialien wie Aluminium und Edelstahl.<\/p>\n<p>Verhinderung von Lecks: Verringert das Risiko eines Wassereinbruchs und erh\u00e4lt die Integrit\u00e4t des Daches.<\/p>\n<p>Einfache Kompatibilit\u00e4t mit L-Fu\u00df-Montage-System, um sowohl Hoch-und Querformat Installation sind avaliablestability von Solarmodulen.<\/p>\n<p>Schnelle Installation: Entwickelt f\u00fcr eine einfache und schnelle Installation, die Arbeitskosten und Zeit spart.<\/p>\n<p>&nbsp;<\/p>\n<p>Au\u00dferdem haben wir auch die schienenlose Klip Lok 700 Klemmenl\u00f6sung, eine schienenlose Halterung f\u00fcr die PV-Installation auf Stehfalz-Metalld\u00e4chern f\u00fcr Lysaght Klip-lok Bedachungen, die speziell f\u00fcr Lysaght Klip-lok 700 Metallfalzd\u00e4cher mit \u00e4hnlichen Abmessungen hergestellt wurde. Mit unseren Universalklemmen wird eine schienenlose Landschaftsmontage mit nur 3 Komponenten erreicht. Die Klemme bewahrt die Eleganz Ihres Stehfalzdaches, ohne das Dachmaterial zu durchdringen. Keine Durchdringung bedeutet Witterungsbest\u00e4ndigkeit f\u00fcr das Dach, um eine l\u00e4ngere Lebensdauer des Daches zu gew\u00e4hrleisten. Und auch sicherstellen, dass muss auf dem Dach mit Dauerhaftigkeit und Haltbarkeit montiert werden. Minimale Anzahl von Komponenten und vormontiert zwei Stellschrauben f\u00fcr super schnelle Installation.<\/p>\n<p>&nbsp;<\/p>\n<p>Die <strong>Solar Klip Lok 700 Klemmhalterung<\/strong> System bietet eine zuverl\u00e4ssige und effiziente L\u00f6sung f\u00fcr die Montage von Solarmodulen auf Klip-Lok-D\u00e4chern. Sein langlebiges Design und seine einfache Installation machen es zu einer ausgezeichneten Wahl f\u00fcr die Lysaght Klip-Lok-Dachsolarmontage.<\/p>\n<p>Ben\u00f6tigen Sie Lieferantenkontakte oder Installationsanleitungen? Teilen Sie mir Ihren Projektstandort mit!<\/p>","protected":false},"excerpt":{"rendered":"<p>Das Solar Klip Lok 700 Klemmsystem ist eine schienenbasierte Klemme f\u00fcr die Solarinstallation auf Stehfalzmetalld\u00e4chern f\u00fcr Lysaght Klip-lok Bedachungen, die speziell f\u00fcr Lysaght Klip-lok 700 Metallfalzd\u00e4cher mit \u00e4hnlichen Abmessungen hergestellt wurde. Die Klemme bewahrt die Eleganz Ihres Stehfalz-Metalldaches, ohne das Dachmaterial zu besch\u00e4digen. Keine Besch\u00e4digung ist gleichbedeutend mit keiner Durchdringung, d.h. sie ist witterungsbest\u00e4ndig f\u00fcr das Dach, um eine l\u00e4ngere Lebensdauer des Daches zu gew\u00e4hrleisten. Und auch sicherstellen, dass muss auf dem Dach mit Dauerhaftigkeit und Haltbarkeit montiert werden. Es ist einfach kompatibel mit L-F\u00fc\u00dfe montieren System, um das System mehr stark und robust zu machen. Vormontierte Stellschraube f\u00fcr superschnelle Installation Die Installation ist so einfach wie die Klammer auf der Naht zu platzieren und die Stellschraube auf die angegebene Spannung anziehen, um maximale Haltekraft zu erreichen.<\/p>\n<div class=\"wp-block-button popmake-1937\"><a class=\"wp-block-button__link wp-element-button\">Preispr\u00fcfung<\/a><\/div>","protected":false},"featured_media":2545,"template":"","meta":{"_uag_custom_page_level_css":"","site-sidebar-layout":"default","site-content-layout":"","ast-site-content-layout":"default","site-content-style":"default","site-sidebar-style":"default","ast-global-header-display":"","ast-banner-title-visibility":"","ast-main-header-display":"","ast-hfb-above-header-display":"","ast-hfb-below-header-display":"","ast-hfb-mobile-header-display":"","site-post-title":"","ast-breadcrumbs-content":"","ast-featured-img":"","footer-sml-layout":"","ast-disable-related-posts":"","theme-transparent-header-meta":"default","adv-header-id-meta":"","stick-header-meta":"","header-above-stick-meta":"","header-main-stick-meta":"","header-below-stick-meta":"","astra-migrate-meta-layouts":"set","ast-page-background-enabled":"default","ast-page-background-meta":{"desktop":{"background-color":"","background-image":"","background-repeat":"repeat","background-position":"center center","background-size":"auto","background-attachment":"scroll","background-type":"","background-media":"","overlay-type":"","overlay-color":"","overlay-opacity":"","overlay-gradient":""},"tablet":{"background-color":"","background-image":"","background-repeat":"repeat","background-position":"center center","background-size":"auto","background-attachment":"scroll","background-type":"","background-media":"","overlay-type":"","overlay-color":"","overlay-opacity":"","overlay-gradient":""},"mobile":{"background-color":"","background-image":"","background-repeat":"repeat","background-position":"center center","background-size":"auto","background-attachment":"scroll","background-type":"","background-media":"","overlay-type":"","overlay-color":"","overlay-opacity":"","overlay-gradient":""}},"ast-content-background-meta":{"desktop":{"background-color":"var(--ast-global-color-5)","background-image":"","background-repeat":"repeat","background-position":"center center","background-size":"auto","background-attachment":"scroll","background-type":"","background-media":"","overlay-type":"","overlay-color":"","overlay-opacity":"","overlay-gradient":""},"tablet":{"background-color":"var(--ast-global-color-5)","background-image":"","background-repeat":"repeat","background-position":"center center","background-size":"auto","background-attachment":"scroll","background-type":"","background-media":"","overlay-type":"","overlay-color":"","overlay-opacity":"","overlay-gradient":""},"mobile":{"background-color":"var(--ast-global-color-5)","background-image":"","background-repeat":"repeat","background-position":"center center","background-size":"auto","background-attachment":"scroll","background-type":"","background-media":"","overlay-type":"","overlay-color":"","overlay-opacity":"","overlay-gradient":""}}},"product_brand":[],"product_cat":[25,61,132,24],"product_tag":[51,141,55,120,53,39,117],"class_list":{"0":"post-2544","1":"product","2":"type-product","3":"status-publish","4":"has-post-thumbnail","6":"product_cat-excellent","7":"product_cat-solar-metal-roof-mounting-system","8":"product_cat-solar-mounting-components","9":"product_cat-solar-mounting-system","10":"product_tag-metal-roof-solar-mounting","11":"product_tag-roof-solar-mounting","12":"product_tag-solar-clamp","13":"product_tag-solar-energy","14":"product_tag-solar-mounting-system","15":"product_tag-solar-waterproof-solutions","16":"product_tag-tin-roof-solar-mounting","17":"desktop-align-left","18":"tablet-align-left","19":"mobile-align-left","21":"first","22":"instock","23":"shipping-taxable","24":"product-type-simple"},"spectra_custom_meta":{"_uabb_version":["1.36.1"],"_edit_last":["1"],"_edit_lock":["1749437769:1"],"_thumbnail_id":["2545"],"total_sales":["0"],"_tax_status":["taxable"],"_tax_class":[""],"_manage_stock":["no"],"_backorders":["no"],"_sold_individually":["no"],"_virtual":["no"],"_downloadable":["no"],"_download_limit":["-1"],"_download_expiry":["-1"],"_stock":[null],"_stock_status":["instock"],"_wc_average_rating":["0"],"_wc_review_count":["0"],"_product_version":["9.6.2"],"_product_image_gallery":["2547,2546,2548,2549"],"site-sidebar-layout":["default"],"ast-site-content-layout":["default"],"site-content-style":["default"],"site-sidebar-style":["default"],"theme-transparent-header-meta":["default"],"astra-migrate-meta-layouts":["set"],"_uag_page_assets":["a:9:{s:3:\"css\";s:5318:\".uag-blocks-common-selector{z-index:var(--z-index-desktop) !important}@media (max-width: 976px){.uag-blocks-common-selector{z-index:var(--z-index-tablet) !important}}@media (max-width: 767px){.uag-blocks-common-selector{z-index:var(--z-index-mobile) !important}}\n.wp-block-uagb-faq{width:100%}.wp-block-uagb-faq.uagb-faq-layout-accordion .uagb-faq-child__outer-wrap .uagb-faq-questions-button{cursor:pointer}.wp-block-uagb-faq .uagb-faq-content{margin-bottom:0}.wp-block-uagb-faq .uagb-faq-content p{margin:auto}.uagb-faq-layout-grid.uagb-faq-equal-height.uagb-faq__wrap .uagb-faq-child__outer-wrap,.uagb-faq-layout-grid.uagb-faq-equal-height.uagb-faq__wrap .uagb-faq-item{height:100%}body[class*=\"astra\"] .uagb-faq-questions{line-height:normal}.uagb-faq-item{overflow:hidden}\n.wp-block-uagb-faq-child .uagb-faq-questions-button{display:flex;align-items:center}.wp-block-uagb-faq-child .uagb-faq-questions-button .uagb-faq-icon-wrap{display:flex;align-items:center}.wp-block-uagb-faq-child .uagb-faq-questions-button .uagb-question{width:100%;margin-top:0;margin-bottom:0}.wp-block-uagb-faq-child .uagb-icon svg,.wp-block-uagb-faq-child .uagb-icon-active svg{width:15px;height:15px;font-size:15px}.wp-block-uagb-faq-child.uagb-faq-child__outer-wrap.uagb-faq-item .uagb-icon-active,.wp-block-uagb-faq-child.uagb-faq-child__outer-wrap.uagb-faq-item.uagb-faq-item-active .uagb-icon,.wp-block-uagb-faq-child.uagb-faq-child__outer-wrap .uagb-faq-item .uagb-icon-active,.wp-block-uagb-faq-child.uagb-faq-child__outer-wrap .uagb-faq-item.uagb-faq-item-active .uagb-icon{display:none;width:0;padding:0;height:0;margin:0}.wp-block-uagb-faq-child.uagb-faq-child__outer-wrap.uagb-faq-item .uagb-icon,.wp-block-uagb-faq-child.uagb-faq-child__outer-wrap.uagb-faq-item.uagb-faq-item-active .uagb-icon-active,.wp-block-uagb-faq-child.uagb-faq-child__outer-wrap .uagb-faq-item .uagb-icon,.wp-block-uagb-faq-child.uagb-faq-child__outer-wrap .uagb-faq-item.uagb-faq-item-active .uagb-icon-active{display:flex;width:auto;height:auto}.uagb-faq-layout-grid .uagb-faq-child__outer-wrap.uagb-faq-item .uagb-icon,.uagb-faq-layout-grid .uagb-faq-child__outer-wrap.uagb-faq-item.uagb-faq-item-active .uagb-icon-active,.uagb-faq-layout-grid .uagb-faq-child__outer-wrap .uagb-faq-item .uagb-icon,.uagb-faq-layout-grid .uagb-faq-child__outer-wrap .uagb-faq-item.uagb-faq-item-active .uagb-icon-active{display:none}.uagb-faq-layout-grid .uagb-faq-child__outer-wrap.uagb-faq-item span.uagb-icon-active.uagb-faq-icon-wrap,.uagb-faq-layout-grid .uagb-faq-child__outer-wrap.uagb-faq-item.uagb-faq-item-active .uagb-icon-active,.uagb-faq-layout-grid .uagb-faq-child__outer-wrap .uagb-faq-item span.uagb-icon-active.uagb-faq-icon-wrap,.uagb-faq-layout-grid .uagb-faq-child__outer-wrap .uagb-faq-item.uagb-faq-item-active .uagb-icon-active{display:none}\n.uagb-block-55b5edaf .uagb-icon svg{width: 12px;height: 12px;font-size: 12px;}.uagb-block-55b5edaf .uagb-icon-active svg{width: 12px;height: 12px;font-size: 12px;}.uagb-block-55b5edaf .uagb-faq-child__outer-wrap{margin-bottom: 10px;}.uagb-block-55b5edaf .uagb-faq-item{border-top-width: 1px;border-left-width: 1px;border-right-width: 1px;border-bottom-width: 1px;border-top-left-radius: 2px;border-top-right-radius: 2px;border-bottom-left-radius: 2px;border-bottom-right-radius: 2px;border-color: #1e1e1e;border-style: solid;}.uagb-block-55b5edaf .uagb-faq-questions-button{padding-top: 10px;padding-bottom: 10px;padding-right: 10px;padding-left: 10px;}.uagb-block-55b5edaf .uagb-faq-content{padding-top: 10px;padding-bottom: 10px;padding-right: 10px;padding-left: 10px;}.uagb-block-55b5edaf .uagb-faq-content span{margin-top: 10px;margin-bottom: 10px;margin-right: 10px;margin-left: 10px;}.uagb-block-55b5edaf.uagb-faq-icon-row .uagb-faq-item .uagb-faq-icon-wrap{margin-right: 10px;}.uagb-block-55b5edaf.uagb-faq-icon-row-reverse .uagb-faq-item .uagb-faq-icon-wrap{margin-left: 10px;}.uagb-block-55b5edaf .uagb-faq-item .uagb-faq-questions-button.uagb-faq-questions{flex-direction: row;}.uagb-block-55b5edaf .wp-block-uagb-faq-child.uagb-faq-child__outer-wrap .uagb-faq-content {display: none;}@media only screen and (max-width: 976px) {.uagb-block-55b5edaf.uagb-faq-icon-row .uagb-faq-item .uagb-faq-icon-wrap{margin-right: 10px;}.uagb-block-55b5edaf.uagb-faq-icon-row-reverse .uagb-faq-item .uagb-faq-icon-wrap{margin-left: 10px;}.uagb-block-55b5edaf .uagb-faq-questions-button{padding-top: 10px;padding-bottom: 10px;padding-right: 10px;padding-left: 10px;}.uagb-block-55b5edaf .uagb-faq-content{padding-top: 10px;padding-bottom: 10px;padding-right: 10px;padding-left: 10px;}.uagb-block-55b5edaf .uagb-faq-content span{margin-top: 10px;margin-bottom: 10px;margin-right: 10px;margin-left: 10px;}}@media only screen and (max-width: 767px) {.uagb-block-55b5edaf.uagb-faq-icon-row .uagb-faq-item .uagb-faq-icon-wrap{margin-right: 10px;}.uagb-block-55b5edaf.uagb-faq-icon-row-reverse .uagb-faq-item .uagb-faq-icon-wrap{margin-left: 10px;}.uagb-block-55b5edaf .uagb-faq-questions-button{padding-top: 10px;padding-bottom: 10px;padding-right: 10px;padding-left: 10px;}.uagb-block-55b5edaf .uagb-faq-content{padding-top: 10px;padding-bottom: 10px;padding-right: 10px;padding-left: 10px;}.uagb-block-55b5edaf .uagb-faq-content span{margin-top: 10px;margin-bottom: 10px;margin-right: 10px;margin-left: 10px;}}\";s:2:\"js\";s:0:\"\";s:18:\"current_block_list\";a:10:{i:0;s:11:\"core\/search\";i:1;s:10:\"core\/group\";i:2;s:12:\"core\/heading\";i:3;s:17:\"core\/latest-posts\";i:4;s:20:\"core\/latest-comments\";i:5;s:13:\"core\/archives\";i:6;s:15:\"core\/categories\";i:7;s:14:\"core\/paragraph\";i:8;s:8:\"uagb\/faq\";i:9;s:14:\"uagb\/faq-child\";}s:8:\"uag_flag\";b:1;s:11:\"uag_version\";s:10:\"1775829763\";s:6:\"gfonts\";a:0:{}s:10:\"gfonts_url\";s:0:\"\";s:12:\"gfonts_files\";a:0:{}s:14:\"uag_faq_layout\";b:1;}"],"_uag_css_file_name":["uag-css-2544.css"]},"uagb_featured_image_src":{"full":["https:\/\/senyenergy.com\/wp-content\/uploads\/2025\/06\/Solar-Klip-Lok-700.jpg",800,800,false],"thumbnail":["https:\/\/senyenergy.com\/wp-content\/uploads\/2025\/06\/Solar-Klip-Lok-700-150x150.jpg",150,150,true],"medium":["https:\/\/senyenergy.com\/wp-content\/uploads\/2025\/06\/Solar-Klip-Lok-700-300x300.jpg",300,300,true],"medium_large":["https:\/\/senyenergy.com\/wp-content\/uploads\/2025\/06\/Solar-Klip-Lok-700-768x768.jpg",768,768,true],"large":["https:\/\/senyenergy.com\/wp-content\/uploads\/2025\/06\/Solar-Klip-Lok-700.jpg",800,800,false],"1536x1536":["https:\/\/senyenergy.com\/wp-content\/uploads\/2025\/06\/Solar-Klip-Lok-700.jpg",800,800,false],"2048x2048":["https:\/\/senyenergy.com\/wp-content\/uploads\/2025\/06\/Solar-Klip-Lok-700.jpg",800,800,false],"trp-custom-language-flag":["https:\/\/senyenergy.com\/wp-content\/uploads\/2025\/06\/Solar-Klip-Lok-700-12x12.jpg",12,12,true],"woocommerce_thumbnail":["https:\/\/senyenergy.com\/wp-content\/uploads\/2025\/06\/Solar-Klip-Lok-700-300x300.jpg",300,300,true],"woocommerce_single":["https:\/\/senyenergy.com\/wp-content\/uploads\/2025\/06\/Solar-Klip-Lok-700-600x600.jpg",600,600,true],"woocommerce_gallery_thumbnail":["https:\/\/senyenergy.com\/wp-content\/uploads\/2025\/06\/Solar-Klip-Lok-700-100x100.jpg",100,100,true]},"uagb_author_info":{"display_name":"wp-admin","author_link":"https:\/\/senyenergy.com\/de\/author\/"},"uagb_comment_info":0,"uagb_excerpt":"The Solar Klip Lok 700 clamp mounting system is rail-based clamp for solar installation on standing seam metal roof for Lysaght Klip-lok roofing, specifically made for Lysaght Klip-lok 700 metal seam roofing with similar dimension. The clamp maintains the elegance of your standing seam metal roof with no harm to the rood material. No harm&hellip;","_links":{"self":[{"href":"https:\/\/senyenergy.com\/de\/wp-json\/wp\/v2\/product\/2544","targetHints":{"allow":["GET"]}}],"collection":[{"href":"https:\/\/senyenergy.com\/de\/wp-json\/wp\/v2\/product"}],"about":[{"href":"https:\/\/senyenergy.com\/de\/wp-json\/wp\/v2\/types\/product"}],"wp:featuredmedia":[{"embeddable":true,"href":"https:\/\/senyenergy.com\/de\/wp-json\/wp\/v2\/media\/2545"}],"wp:attachment":[{"href":"https:\/\/senyenergy.com\/de\/wp-json\/wp\/v2\/media?parent=2544"}],"wp:term":[{"taxonomy":"product_brand","embeddable":true,"href":"https:\/\/senyenergy.com\/de\/wp-json\/wp\/v2\/product_brand?post=2544"},{"taxonomy":"product_cat","embeddable":true,"href":"https:\/\/senyenergy.com\/de\/wp-json\/wp\/v2\/product_cat?post=2544"},{"taxonomy":"product_tag","embeddable":true,"href":"https:\/\/senyenergy.com\/de\/wp-json\/wp\/v2\/product_tag?post=2544"}],"curies":[{"name":"wp","href":"https:\/\/api.w.org\/{rel}","templated":true}]}}