{"id":2538,"date":"2025-06-05T16:44:24","date_gmt":"2025-06-05T08:44:24","guid":{"rendered":"https:\/\/senyenergy.com\/?post_type=product&#038;p=2538"},"modified":"2025-06-05T16:44:24","modified_gmt":"2025-06-05T08:44:24","slug":"solar-klip-lok-406-klemmen-montage-system","status":"publish","type":"product","link":"https:\/\/senyenergy.com\/de\/product\/solar-klip-lok-406-klemmen-montage-system\/","title":{"rendered":"Solar Klip Lok 406 Klemmenbefestigungssystem"},"content":{"rendered":"<p>Die <strong><b>Solar Klip Lok 406 Klemmenbefestigung<\/b><\/strong> Das System ist speziell f\u00fcr die sichere Montage von Solarmodulen auf Klip Lok 406 Blechd\u00e4chern konzipiert. Die Montage von Solarmodulen auf einem Klip Lok 406 Wellblechdach erfordert ein nicht durchdringendes, auf Klemmen basierendes System, das speziell f\u00fcr dieses Profil entwickelt wurde.<\/p>\n<p>&nbsp;<\/p>\n<p>Merkmale von <strong><b>Solar Klip Lok 406 Klemmenbefestigung<\/b><\/strong>:<\/p>\n<p>Kompatibles Design: Ma\u00dfgeschneidert f\u00fcr die Klip Lok 406 Dachprofile, um eine sichere Befestigung zu gew\u00e4hrleisten.<\/p>\n<p>Nicht-durchdringend: Wird an den N\u00e4hten befestigt, ohne das Dach zu durchdringen, verhindert Lecks und erh\u00e4lt die Integrit\u00e4t des Daches.<\/p>\n<p>Langlebige Materialien: Hergestellt aus hochwertigem, korrosionsbest\u00e4ndigem Aluminium.<\/p>\n<p>Verhinderung von Lecks: Verringert das Risiko des Eindringens von Wasser und sch\u00fctzt die Dachstruktur.<\/p>\n<p>Windbest\u00e4ndigkeit: Entwickelt, um starken Winden zu widerstehen und die Stabilit\u00e4t der Solarmodule zu gew\u00e4hrleisten.<\/p>\n<p>Einfache Installation: Schneller Aufbau mit minimalem Werkzeug, wodurch die Arbeitskosten gesenkt werden.<\/p>\n<p>Stark und sicher: Hochentwickelte Klammern bieten einen hervorragenden Widerstand gegen Winddruck.<\/p>\n<p>&nbsp;<\/p>\n<p>Identifizieren Sie den Dachhersteller: Wer hat Ihr Klip Lok 406-Dach hergestellt (z. B. Bluescope\/John Lysaght, Metroll, usw.)?<\/p>\n<p>&nbsp;<\/p>\n<p>SENYANG kann solide und gute Montagekomponenten f\u00fcr verschiedene Bedachungsarten anbieten.<\/p>\n<p>Wellblech ist eine sehr beliebte Bedachung in gewerblichen und industriellen Projekten.<\/p>\n<p>LYSAGHE ist ein bekannter Hersteller auf dem australischen Markt f\u00fcr Metalld\u00e4cher, KLIP-LOK\u00ae ist eine seiner Marken.<\/p>\n<p>Dieser Kliplok 406-B\u00fcgel kann sowohl f\u00fcr flache Eisend\u00e4cher als auch f\u00fcr geneigte Welld\u00e4cher verwendet werden,<\/p>\n<p>Mit dieser Kliplock PV-Klemme k\u00f6nnen Sie schnell und kosteng\u00fcnstig gerahmte \/ ungerahmte Solarmodule auf Metalld\u00e4chern montieren.<\/p>\n<p>Keine Notwendigkeit, Dachbahnen zu durchdringen, um originale verdeckte Dachsysteme zu sch\u00fctzen.<\/p>\n<p>&nbsp;<\/p>\n<p>Vorteile dieser Methode\u00a0<strong><b>Solar<\/b><\/strong>\u00a0<strong><b>KlipLok 406 Solarklemme<\/b><\/strong>\u00a0:<\/p>\n<p>- Perfekte Verwendung f\u00fcr das Klip-Lok 406 Dachblechprofil;<\/p>\n<p>- Passt f\u00fcr Landschafts- und Portrate-Solarmodule;<\/p>\n<p>- L-B\u00fcgel \/ Dachhaken kompatibel mit M8 L\u00f6cher X 20mm und Unterlegscheiben;<\/p>\n<p>- Kann auf geneigten \/ flachen Blechd\u00e4chern installiert werden;<\/p>\n<p>- 10 Jahre Garantie auf unsere Lysaght klip-lok 406 oder 700 Stehfalzdachklemmen;<\/p>\n<p>&nbsp;<\/p>\n<p>Die<strong><b>\u00a0Solar Klip Lok 406 Klemmenbefestigung<\/b><\/strong>\u00a0bietet eine zuverl\u00e4ssige L\u00f6sung f\u00fcr die Installation von Solarmodulen auf Klip Lok-D\u00e4chern. Sein langlebiges Design und seine einfache Installation machen ihn zu einer ausgezeichneten Wahl f\u00fcr die Maximierung der Solarenergieproduktion. Wenn Sie weitere Fragen haben oder spezifische Empfehlungen ben\u00f6tigen, fragen Sie uns einfach!<\/p>","protected":false},"excerpt":{"rendered":"<p>Dieser Kliplok 406-B\u00fcgel kann sowohl f\u00fcr flache Eisend\u00e4cher als auch f\u00fcr geneigte Welld\u00e4cher verwendet werden,<\/p>\n<p>nur mit unseren abgestimmten L-F\u00fc\u00dfen, Schiene, Innen- und Endklammern.<\/p>\n<p>&nbsp;<\/p>\n<p>Mit dieser Kliplock PV-Klemme k\u00f6nnen Sie schnell und kosteng\u00fcnstig gerahmte\/ungerahmte Solarmodule auf Metalld\u00e4chern befestigen.<\/p>\n<p>L-B\u00fcgel \/ Dachhaken kompatibel mit M8 L\u00f6cher X 20mm und Unterlegscheiben<\/p>\n<p>Keine Notwendigkeit, Dachbahnen zu durchdringen, um originale verdeckte Dachsysteme zu sch\u00fctzen.<\/p>\n<div class=\"wp-block-button popmake-1937\"><a class=\"wp-block-button__link wp-element-button\">Preispr\u00fcfung<\/a><\/div>","protected":false},"featured_media":2539,"template":"","meta":{"_uag_custom_page_level_css":"","site-sidebar-layout":"default","site-content-layout":"","ast-site-content-layout":"default","site-content-style":"default","site-sidebar-style":"default","ast-global-header-display":"","ast-banner-title-visibility":"","ast-main-header-display":"","ast-hfb-above-header-display":"","ast-hfb-below-header-display":"","ast-hfb-mobile-header-display":"","site-post-title":"","ast-breadcrumbs-content":"","ast-featured-img":"","footer-sml-layout":"","ast-disable-related-posts":"","theme-transparent-header-meta":"default","adv-header-id-meta":"","stick-header-meta":"","header-above-stick-meta":"","header-main-stick-meta":"","header-below-stick-meta":"","astra-migrate-meta-layouts":"set","ast-page-background-enabled":"default","ast-page-background-meta":{"desktop":{"background-color":"","background-image":"","background-repeat":"repeat","background-position":"center center","background-size":"auto","background-attachment":"scroll","background-type":"","background-media":"","overlay-type":"","overlay-color":"","overlay-opacity":"","overlay-gradient":""},"tablet":{"background-color":"","background-image":"","background-repeat":"repeat","background-position":"center center","background-size":"auto","background-attachment":"scroll","background-type":"","background-media":"","overlay-type":"","overlay-color":"","overlay-opacity":"","overlay-gradient":""},"mobile":{"background-color":"","background-image":"","background-repeat":"repeat","background-position":"center center","background-size":"auto","background-attachment":"scroll","background-type":"","background-media":"","overlay-type":"","overlay-color":"","overlay-opacity":"","overlay-gradient":""}},"ast-content-background-meta":{"desktop":{"background-color":"var(--ast-global-color-5)","background-image":"","background-repeat":"repeat","background-position":"center center","background-size":"auto","background-attachment":"scroll","background-type":"","background-media":"","overlay-type":"","overlay-color":"","overlay-opacity":"","overlay-gradient":""},"tablet":{"background-color":"var(--ast-global-color-5)","background-image":"","background-repeat":"repeat","background-position":"center center","background-size":"auto","background-attachment":"scroll","background-type":"","background-media":"","overlay-type":"","overlay-color":"","overlay-opacity":"","overlay-gradient":""},"mobile":{"background-color":"var(--ast-global-color-5)","background-image":"","background-repeat":"repeat","background-position":"center center","background-size":"auto","background-attachment":"scroll","background-type":"","background-media":"","overlay-type":"","overlay-color":"","overlay-opacity":"","overlay-gradient":""}}},"product_brand":[],"product_cat":[25,61,132,24],"product_tag":[51,54,55,166,120,167,53,119,39,38],"class_list":{"0":"post-2538","1":"product","2":"type-product","3":"status-publish","4":"has-post-thumbnail","6":"product_cat-excellent","7":"product_cat-solar-metal-roof-mounting-system","8":"product_cat-solar-mounting-components","9":"product_cat-solar-mounting-system","10":"product_tag-metal-roof-solar-mounting","11":"product_tag-rooftop-solar-mounting","12":"product_tag-solar-clamp","13":"product_tag-solar-corrugated-roof-mounting","14":"product_tag-solar-energy","15":"product_tag-solar-klip-lok-clamp","16":"product_tag-solar-mounting-system","17":"product_tag-solar-system","18":"product_tag-solar-waterproof-solutions","19":"product_tag-solar-waterproof-system","20":"desktop-align-left","21":"tablet-align-left","22":"mobile-align-left","24":"first","25":"instock","26":"shipping-taxable","27":"product-type-simple"},"spectra_custom_meta":{"_uabb_version":["1.36.1"],"_edit_last":["1"],"_edit_lock":["1749195699:1"],"_thumbnail_id":["2539"],"total_sales":["0"],"_tax_status":["taxable"],"_tax_class":[""],"_manage_stock":["no"],"_backorders":["no"],"_sold_individually":["no"],"_virtual":["no"],"_downloadable":["no"],"_download_limit":["-1"],"_download_expiry":["-1"],"_stock":[null],"_stock_status":["instock"],"_wc_average_rating":["0"],"_wc_review_count":["0"],"_product_version":["9.6.2"],"_product_image_gallery":["2543,2540,2542,2541"],"site-sidebar-layout":["default"],"ast-site-content-layout":["default"],"site-content-style":["default"],"site-sidebar-style":["default"],"theme-transparent-header-meta":["default"],"astra-migrate-meta-layouts":["set"],"_uag_page_assets":["a:9:{s:3:\"css\";s:5318:\".uag-blocks-common-selector{z-index:var(--z-index-desktop) !important}@media (max-width: 976px){.uag-blocks-common-selector{z-index:var(--z-index-tablet) !important}}@media (max-width: 767px){.uag-blocks-common-selector{z-index:var(--z-index-mobile) !important}}\n.wp-block-uagb-faq{width:100%}.wp-block-uagb-faq.uagb-faq-layout-accordion .uagb-faq-child__outer-wrap .uagb-faq-questions-button{cursor:pointer}.wp-block-uagb-faq .uagb-faq-content{margin-bottom:0}.wp-block-uagb-faq .uagb-faq-content p{margin:auto}.uagb-faq-layout-grid.uagb-faq-equal-height.uagb-faq__wrap .uagb-faq-child__outer-wrap,.uagb-faq-layout-grid.uagb-faq-equal-height.uagb-faq__wrap .uagb-faq-item{height:100%}body[class*=\"astra\"] .uagb-faq-questions{line-height:normal}.uagb-faq-item{overflow:hidden}\n.wp-block-uagb-faq-child .uagb-faq-questions-button{display:flex;align-items:center}.wp-block-uagb-faq-child .uagb-faq-questions-button .uagb-faq-icon-wrap{display:flex;align-items:center}.wp-block-uagb-faq-child .uagb-faq-questions-button .uagb-question{width:100%;margin-top:0;margin-bottom:0}.wp-block-uagb-faq-child .uagb-icon svg,.wp-block-uagb-faq-child .uagb-icon-active svg{width:15px;height:15px;font-size:15px}.wp-block-uagb-faq-child.uagb-faq-child__outer-wrap.uagb-faq-item .uagb-icon-active,.wp-block-uagb-faq-child.uagb-faq-child__outer-wrap.uagb-faq-item.uagb-faq-item-active .uagb-icon,.wp-block-uagb-faq-child.uagb-faq-child__outer-wrap .uagb-faq-item .uagb-icon-active,.wp-block-uagb-faq-child.uagb-faq-child__outer-wrap .uagb-faq-item.uagb-faq-item-active .uagb-icon{display:none;width:0;padding:0;height:0;margin:0}.wp-block-uagb-faq-child.uagb-faq-child__outer-wrap.uagb-faq-item .uagb-icon,.wp-block-uagb-faq-child.uagb-faq-child__outer-wrap.uagb-faq-item.uagb-faq-item-active .uagb-icon-active,.wp-block-uagb-faq-child.uagb-faq-child__outer-wrap .uagb-faq-item .uagb-icon,.wp-block-uagb-faq-child.uagb-faq-child__outer-wrap .uagb-faq-item.uagb-faq-item-active .uagb-icon-active{display:flex;width:auto;height:auto}.uagb-faq-layout-grid .uagb-faq-child__outer-wrap.uagb-faq-item .uagb-icon,.uagb-faq-layout-grid .uagb-faq-child__outer-wrap.uagb-faq-item.uagb-faq-item-active .uagb-icon-active,.uagb-faq-layout-grid .uagb-faq-child__outer-wrap .uagb-faq-item .uagb-icon,.uagb-faq-layout-grid .uagb-faq-child__outer-wrap .uagb-faq-item.uagb-faq-item-active .uagb-icon-active{display:none}.uagb-faq-layout-grid .uagb-faq-child__outer-wrap.uagb-faq-item span.uagb-icon-active.uagb-faq-icon-wrap,.uagb-faq-layout-grid .uagb-faq-child__outer-wrap.uagb-faq-item.uagb-faq-item-active .uagb-icon-active,.uagb-faq-layout-grid .uagb-faq-child__outer-wrap .uagb-faq-item span.uagb-icon-active.uagb-faq-icon-wrap,.uagb-faq-layout-grid .uagb-faq-child__outer-wrap .uagb-faq-item.uagb-faq-item-active .uagb-icon-active{display:none}\n.uagb-block-55b5edaf .uagb-icon svg{width: 12px;height: 12px;font-size: 12px;}.uagb-block-55b5edaf .uagb-icon-active svg{width: 12px;height: 12px;font-size: 12px;}.uagb-block-55b5edaf .uagb-faq-child__outer-wrap{margin-bottom: 10px;}.uagb-block-55b5edaf .uagb-faq-item{border-top-width: 1px;border-left-width: 1px;border-right-width: 1px;border-bottom-width: 1px;border-top-left-radius: 2px;border-top-right-radius: 2px;border-bottom-left-radius: 2px;border-bottom-right-radius: 2px;border-color: #1e1e1e;border-style: solid;}.uagb-block-55b5edaf .uagb-faq-questions-button{padding-top: 10px;padding-bottom: 10px;padding-right: 10px;padding-left: 10px;}.uagb-block-55b5edaf .uagb-faq-content{padding-top: 10px;padding-bottom: 10px;padding-right: 10px;padding-left: 10px;}.uagb-block-55b5edaf .uagb-faq-content span{margin-top: 10px;margin-bottom: 10px;margin-right: 10px;margin-left: 10px;}.uagb-block-55b5edaf.uagb-faq-icon-row .uagb-faq-item .uagb-faq-icon-wrap{margin-right: 10px;}.uagb-block-55b5edaf.uagb-faq-icon-row-reverse .uagb-faq-item .uagb-faq-icon-wrap{margin-left: 10px;}.uagb-block-55b5edaf .uagb-faq-item .uagb-faq-questions-button.uagb-faq-questions{flex-direction: row;}.uagb-block-55b5edaf .wp-block-uagb-faq-child.uagb-faq-child__outer-wrap .uagb-faq-content {display: none;}@media only screen and (max-width: 976px) {.uagb-block-55b5edaf.uagb-faq-icon-row .uagb-faq-item .uagb-faq-icon-wrap{margin-right: 10px;}.uagb-block-55b5edaf.uagb-faq-icon-row-reverse .uagb-faq-item .uagb-faq-icon-wrap{margin-left: 10px;}.uagb-block-55b5edaf .uagb-faq-questions-button{padding-top: 10px;padding-bottom: 10px;padding-right: 10px;padding-left: 10px;}.uagb-block-55b5edaf .uagb-faq-content{padding-top: 10px;padding-bottom: 10px;padding-right: 10px;padding-left: 10px;}.uagb-block-55b5edaf .uagb-faq-content span{margin-top: 10px;margin-bottom: 10px;margin-right: 10px;margin-left: 10px;}}@media only screen and (max-width: 767px) {.uagb-block-55b5edaf.uagb-faq-icon-row .uagb-faq-item .uagb-faq-icon-wrap{margin-right: 10px;}.uagb-block-55b5edaf.uagb-faq-icon-row-reverse .uagb-faq-item .uagb-faq-icon-wrap{margin-left: 10px;}.uagb-block-55b5edaf .uagb-faq-questions-button{padding-top: 10px;padding-bottom: 10px;padding-right: 10px;padding-left: 10px;}.uagb-block-55b5edaf .uagb-faq-content{padding-top: 10px;padding-bottom: 10px;padding-right: 10px;padding-left: 10px;}.uagb-block-55b5edaf .uagb-faq-content span{margin-top: 10px;margin-bottom: 10px;margin-right: 10px;margin-left: 10px;}}\";s:2:\"js\";s:0:\"\";s:18:\"current_block_list\";a:10:{i:0;s:11:\"core\/search\";i:1;s:10:\"core\/group\";i:2;s:12:\"core\/heading\";i:3;s:17:\"core\/latest-posts\";i:4;s:20:\"core\/latest-comments\";i:5;s:13:\"core\/archives\";i:6;s:15:\"core\/categories\";i:7;s:14:\"core\/paragraph\";i:8;s:8:\"uagb\/faq\";i:9;s:14:\"uagb\/faq-child\";}s:8:\"uag_flag\";b:1;s:11:\"uag_version\";s:10:\"1775829763\";s:6:\"gfonts\";a:0:{}s:10:\"gfonts_url\";s:0:\"\";s:12:\"gfonts_files\";a:0:{}s:14:\"uag_faq_layout\";b:1;}"],"_uag_css_file_name":["uag-css-2538.css"]},"uagb_featured_image_src":{"full":["https:\/\/senyenergy.com\/wp-content\/uploads\/2025\/06\/Klip-Lok-406.jpg",800,800,false],"thumbnail":["https:\/\/senyenergy.com\/wp-content\/uploads\/2025\/06\/Klip-Lok-406-150x150.jpg",150,150,true],"medium":["https:\/\/senyenergy.com\/wp-content\/uploads\/2025\/06\/Klip-Lok-406-300x300.jpg",300,300,true],"medium_large":["https:\/\/senyenergy.com\/wp-content\/uploads\/2025\/06\/Klip-Lok-406-768x768.jpg",768,768,true],"large":["https:\/\/senyenergy.com\/wp-content\/uploads\/2025\/06\/Klip-Lok-406.jpg",800,800,false],"1536x1536":["https:\/\/senyenergy.com\/wp-content\/uploads\/2025\/06\/Klip-Lok-406.jpg",800,800,false],"2048x2048":["https:\/\/senyenergy.com\/wp-content\/uploads\/2025\/06\/Klip-Lok-406.jpg",800,800,false],"trp-custom-language-flag":["https:\/\/senyenergy.com\/wp-content\/uploads\/2025\/06\/Klip-Lok-406-12x12.jpg",12,12,true],"woocommerce_thumbnail":["https:\/\/senyenergy.com\/wp-content\/uploads\/2025\/06\/Klip-Lok-406-300x300.jpg",300,300,true],"woocommerce_single":["https:\/\/senyenergy.com\/wp-content\/uploads\/2025\/06\/Klip-Lok-406-600x600.jpg",600,600,true],"woocommerce_gallery_thumbnail":["https:\/\/senyenergy.com\/wp-content\/uploads\/2025\/06\/Klip-Lok-406-100x100.jpg",100,100,true]},"uagb_author_info":{"display_name":"wp-admin","author_link":"https:\/\/senyenergy.com\/de\/author\/"},"uagb_comment_info":0,"uagb_excerpt":"This Kliplok 406 bracket can be used for both flat iron roofs or slope tilted corrugated roofing, just with our matched L feet bracket, rail , inner \/ end clamps . &nbsp; With this Kliplock PV clamp, can quickly and cost effectively mounts framed \/ unframed solar panels on metal roofing . L bracket \/&hellip;","_links":{"self":[{"href":"https:\/\/senyenergy.com\/de\/wp-json\/wp\/v2\/product\/2538","targetHints":{"allow":["GET"]}}],"collection":[{"href":"https:\/\/senyenergy.com\/de\/wp-json\/wp\/v2\/product"}],"about":[{"href":"https:\/\/senyenergy.com\/de\/wp-json\/wp\/v2\/types\/product"}],"wp:featuredmedia":[{"embeddable":true,"href":"https:\/\/senyenergy.com\/de\/wp-json\/wp\/v2\/media\/2539"}],"wp:attachment":[{"href":"https:\/\/senyenergy.com\/de\/wp-json\/wp\/v2\/media?parent=2538"}],"wp:term":[{"taxonomy":"product_brand","embeddable":true,"href":"https:\/\/senyenergy.com\/de\/wp-json\/wp\/v2\/product_brand?post=2538"},{"taxonomy":"product_cat","embeddable":true,"href":"https:\/\/senyenergy.com\/de\/wp-json\/wp\/v2\/product_cat?post=2538"},{"taxonomy":"product_tag","embeddable":true,"href":"https:\/\/senyenergy.com\/de\/wp-json\/wp\/v2\/product_tag?post=2538"}],"curies":[{"name":"wp","href":"https:\/\/api.w.org\/{rel}","templated":true}]}}