{"id":2529,"date":"2025-06-03T15:48:07","date_gmt":"2025-06-03T07:48:07","guid":{"rendered":"https:\/\/senyenergy.com\/?post_type=product&#038;p=2529"},"modified":"2025-06-03T15:48:08","modified_gmt":"2025-06-03T07:48:08","slug":"aufdach-windbestandige-solarstehfalzklemme-mit-widerhaken","status":"publish","type":"product","link":"https:\/\/senyenergy.com\/de\/product\/aufdach-windbestandige-solarstehfalzklemme-mit-widerhaken\/","title":{"rendered":"Windsichere Solar-Dachfalzklemme mit Widerhaken"},"content":{"rendered":"<p>Dieses winddichte Dach <strong><b>Solarstehfalzklemme<\/b><\/strong>\u00a0ist f\u00fcr die sichere Befestigung von Solarmodulen auf Metalld\u00e4chern mit Stehfalz konzipiert und minimiert gleichzeitig das Risiko von Windsch\u00e4den.<\/p>\n<p>&nbsp;<\/p>\n<p>Dach windbest\u00e4ndig <strong><b>Solar-Stehfalzklemme<\/b><\/strong>\u00a0ist eine wichtige Komponente f\u00fcr die sichere Befestigung von Solarpanel-Montageschienen auf Stehfalz-Metalld\u00e4chern (SSMR) ohne Durchdringung der Dachmembran. Ihre Hauptfunktion besteht darin, erheblichen Windauftriebskr\u00e4ften zu widerstehen, was besonders in Regionen mit starkem Wind oder bei gro\u00dfen Solaranlagen wichtig ist.<\/p>\n<p>&nbsp;<\/p>\n<p>Eigenschaften von High Wind Resistant <strong><b>Solar-Stehfalzklemme<\/b><\/strong>\u00a0:<\/p>\n<p>Windsicheres Design: Entwickelt, um starken Winden zu widerstehen und die Stabilit\u00e4t der Solarmodule zu gew\u00e4hrleisten.<\/p>\n<p>Nicht-durchdringende Befestigung: Wird an den Dachn\u00e4hten befestigt, ohne das Dachmaterial zu durchdringen, und verhindert so Undichtigkeiten.<\/p>\n<p>Langlebige Materialien: Hergestellt aus korrosionsbest\u00e4ndigem Aluminium oder Edelstahl f\u00fcr dauerhafte Leistung.<\/p>\n<p>Kompatibilit\u00e4t: Speziell f\u00fcr verschiedene Stehfalzprofile entwickelt, daher vielseitig f\u00fcr verschiedene D\u00e4cher einsetzbar.<\/p>\n<p>&nbsp;<\/p>\n<p>Vorteile von Wind Resistant <strong><b>Solar-Stehfalzklemme<\/b><\/strong>:<\/p>\n<p>Erh\u00f6hte Stabilit\u00e4t: Bietet einen sicheren Befestigungspunkt, der ein Verrutschen der Solarmodule bei St\u00fcrmen oder starkem Wind verhindert.<\/p>\n<p>Verhinderung von Lecks: Die nicht durchdringende Konstruktion verhindert das Eindringen von Wasser und sch\u00fctzt die Dachstruktur.<\/p>\n<p>Einfache Installation: Schnell zu installieren, was Arbeitszeit und Kosten reduziert.<\/p>\n<p>Widerstandsf\u00e4higkeit gegen Winddruck: Entwickelt, um den starken Aufw\u00e4rtskr\u00e4ften zu widerstehen, die durch den Wind \u00fcber\/unter der Solaranlage und der Dachfl\u00e4che entstehen. Dadurch wird verhindert, dass sich das Array abl\u00f6st.<\/p>\n<p>Bewahrt die Integrit\u00e4t des Daches: Da keine Dachdurchdringungen erforderlich sind, bleibt die Garantie f\u00fcr die Dichtigkeit des Daches erhalten.<\/p>\n<p>Robustes Material: In der Regel aus hochfesten, korrosionsbest\u00e4ndigen Materialien hergestellt: Edelstahl 304 und stranggepresstes, eloxiertes Aluminium, leichter, aber dennoch stabil<\/p>\n<p>&nbsp;<\/p>\n<p>Zusammenfassend l\u00e4sst sich sagen, dass das Dach Wind Resistant <strong><b>Solar-Stehfalzklemme<\/b><\/strong>\u00a0ist eine effektive L\u00f6sung f\u00fcr die Montage von Solarmodulen auf Metalld\u00e4chern und bietet Haltbarkeit und Stabilit\u00e4t gegen Windkr\u00e4fte. Unsere windfesten Stehfalzklemmen sind technisch ausgereifte, streng getestete und zertifizierte Beschl\u00e4ge, die Solaranlagen sicher auf Metalld\u00e4chern gegen starke Auftriebskr\u00e4fte verankern.<\/p>","protected":false},"excerpt":{"rendered":"<p>Das Dach Windresistent <strong><b>Solar-Stehfalzklemme<\/b><\/strong>\u00a0ist eine effektive L\u00f6sung f\u00fcr die Montage von Solarmodulen auf Metalld\u00e4chern und bietet Haltbarkeit und Stabilit\u00e4t gegen Windkr\u00e4fte. Unsere windfesten Stehfalzklemmen sind technisch ausgereifte, streng getestete und zertifizierte Beschl\u00e4ge, die Solaranlagen sicher auf Metalld\u00e4chern gegen starke Auftriebskr\u00e4fte verankern.<\/p>\n<div class=\"wp-block-button popmake-1937\"><a class=\"wp-block-button__link wp-element-button\">Preispr\u00fcfung<\/a><\/div>","protected":false},"featured_media":2531,"template":"","meta":{"_uag_custom_page_level_css":"","site-sidebar-layout":"default","site-content-layout":"","ast-site-content-layout":"default","site-content-style":"default","site-sidebar-style":"default","ast-global-header-display":"","ast-banner-title-visibility":"","ast-main-header-display":"","ast-hfb-above-header-display":"","ast-hfb-below-header-display":"","ast-hfb-mobile-header-display":"","site-post-title":"","ast-breadcrumbs-content":"","ast-featured-img":"","footer-sml-layout":"","ast-disable-related-posts":"","theme-transparent-header-meta":"default","adv-header-id-meta":"","stick-header-meta":"","header-above-stick-meta":"","header-main-stick-meta":"","header-below-stick-meta":"","astra-migrate-meta-layouts":"set","ast-page-background-enabled":"default","ast-page-background-meta":{"desktop":{"background-color":"","background-image":"","background-repeat":"repeat","background-position":"center center","background-size":"auto","background-attachment":"scroll","background-type":"","background-media":"","overlay-type":"","overlay-color":"","overlay-opacity":"","overlay-gradient":""},"tablet":{"background-color":"","background-image":"","background-repeat":"repeat","background-position":"center center","background-size":"auto","background-attachment":"scroll","background-type":"","background-media":"","overlay-type":"","overlay-color":"","overlay-opacity":"","overlay-gradient":""},"mobile":{"background-color":"","background-image":"","background-repeat":"repeat","background-position":"center center","background-size":"auto","background-attachment":"scroll","background-type":"","background-media":"","overlay-type":"","overlay-color":"","overlay-opacity":"","overlay-gradient":""}},"ast-content-background-meta":{"desktop":{"background-color":"var(--ast-global-color-5)","background-image":"","background-repeat":"repeat","background-position":"center center","background-size":"auto","background-attachment":"scroll","background-type":"","background-media":"","overlay-type":"","overlay-color":"","overlay-opacity":"","overlay-gradient":""},"tablet":{"background-color":"var(--ast-global-color-5)","background-image":"","background-repeat":"repeat","background-position":"center center","background-size":"auto","background-attachment":"scroll","background-type":"","background-media":"","overlay-type":"","overlay-color":"","overlay-opacity":"","overlay-gradient":""},"mobile":{"background-color":"var(--ast-global-color-5)","background-image":"","background-repeat":"repeat","background-position":"center center","background-size":"auto","background-attachment":"scroll","background-type":"","background-media":"","overlay-type":"","overlay-color":"","overlay-opacity":"","overlay-gradient":""}}},"product_brand":[],"product_cat":[25,61,132,24],"product_tag":[51,141,54,55,120,53,119,39,38,40],"class_list":{"0":"post-2529","1":"product","2":"type-product","3":"status-publish","4":"has-post-thumbnail","6":"product_cat-excellent","7":"product_cat-solar-metal-roof-mounting-system","8":"product_cat-solar-mounting-components","9":"product_cat-solar-mounting-system","10":"product_tag-metal-roof-solar-mounting","11":"product_tag-roof-solar-mounting","12":"product_tag-rooftop-solar-mounting","13":"product_tag-solar-clamp","14":"product_tag-solar-energy","15":"product_tag-solar-mounting-system","16":"product_tag-solar-system","17":"product_tag-solar-waterproof-solutions","18":"product_tag-solar-waterproof-system","19":"product_tag-waterproof-solar-structure","20":"desktop-align-left","21":"tablet-align-left","22":"mobile-align-left","24":"first","25":"instock","26":"shipping-taxable","27":"product-type-simple"},"spectra_custom_meta":{"_uabb_version":["1.36.1"],"_edit_last":["1"],"_edit_lock":["1749112164:1"],"_thumbnail_id":["2531"],"total_sales":["0"],"_tax_status":["taxable"],"_tax_class":[""],"_manage_stock":["no"],"_backorders":["no"],"_sold_individually":["no"],"_virtual":["no"],"_downloadable":["no"],"_download_limit":["-1"],"_download_expiry":["-1"],"_stock":[null],"_stock_status":["instock"],"_wc_average_rating":["0"],"_wc_review_count":["0"],"_product_version":["9.6.2"],"_product_image_gallery":["2534,2533,2532,2530"],"site-sidebar-layout":["default"],"ast-site-content-layout":["default"],"site-content-style":["default"],"site-sidebar-style":["default"],"theme-transparent-header-meta":["default"],"astra-migrate-meta-layouts":["set"],"_uag_page_assets":["a:9:{s:3:\"css\";s:5318:\".uag-blocks-common-selector{z-index:var(--z-index-desktop) !important}@media (max-width: 976px){.uag-blocks-common-selector{z-index:var(--z-index-tablet) !important}}@media (max-width: 767px){.uag-blocks-common-selector{z-index:var(--z-index-mobile) !important}}\n.wp-block-uagb-faq{width:100%}.wp-block-uagb-faq.uagb-faq-layout-accordion .uagb-faq-child__outer-wrap .uagb-faq-questions-button{cursor:pointer}.wp-block-uagb-faq .uagb-faq-content{margin-bottom:0}.wp-block-uagb-faq .uagb-faq-content p{margin:auto}.uagb-faq-layout-grid.uagb-faq-equal-height.uagb-faq__wrap .uagb-faq-child__outer-wrap,.uagb-faq-layout-grid.uagb-faq-equal-height.uagb-faq__wrap .uagb-faq-item{height:100%}body[class*=\"astra\"] .uagb-faq-questions{line-height:normal}.uagb-faq-item{overflow:hidden}\n.wp-block-uagb-faq-child .uagb-faq-questions-button{display:flex;align-items:center}.wp-block-uagb-faq-child .uagb-faq-questions-button .uagb-faq-icon-wrap{display:flex;align-items:center}.wp-block-uagb-faq-child .uagb-faq-questions-button .uagb-question{width:100%;margin-top:0;margin-bottom:0}.wp-block-uagb-faq-child .uagb-icon svg,.wp-block-uagb-faq-child .uagb-icon-active svg{width:15px;height:15px;font-size:15px}.wp-block-uagb-faq-child.uagb-faq-child__outer-wrap.uagb-faq-item .uagb-icon-active,.wp-block-uagb-faq-child.uagb-faq-child__outer-wrap.uagb-faq-item.uagb-faq-item-active .uagb-icon,.wp-block-uagb-faq-child.uagb-faq-child__outer-wrap .uagb-faq-item .uagb-icon-active,.wp-block-uagb-faq-child.uagb-faq-child__outer-wrap .uagb-faq-item.uagb-faq-item-active .uagb-icon{display:none;width:0;padding:0;height:0;margin:0}.wp-block-uagb-faq-child.uagb-faq-child__outer-wrap.uagb-faq-item .uagb-icon,.wp-block-uagb-faq-child.uagb-faq-child__outer-wrap.uagb-faq-item.uagb-faq-item-active .uagb-icon-active,.wp-block-uagb-faq-child.uagb-faq-child__outer-wrap .uagb-faq-item .uagb-icon,.wp-block-uagb-faq-child.uagb-faq-child__outer-wrap .uagb-faq-item.uagb-faq-item-active .uagb-icon-active{display:flex;width:auto;height:auto}.uagb-faq-layout-grid .uagb-faq-child__outer-wrap.uagb-faq-item .uagb-icon,.uagb-faq-layout-grid .uagb-faq-child__outer-wrap.uagb-faq-item.uagb-faq-item-active .uagb-icon-active,.uagb-faq-layout-grid .uagb-faq-child__outer-wrap .uagb-faq-item .uagb-icon,.uagb-faq-layout-grid .uagb-faq-child__outer-wrap .uagb-faq-item.uagb-faq-item-active .uagb-icon-active{display:none}.uagb-faq-layout-grid .uagb-faq-child__outer-wrap.uagb-faq-item span.uagb-icon-active.uagb-faq-icon-wrap,.uagb-faq-layout-grid .uagb-faq-child__outer-wrap.uagb-faq-item.uagb-faq-item-active .uagb-icon-active,.uagb-faq-layout-grid .uagb-faq-child__outer-wrap .uagb-faq-item span.uagb-icon-active.uagb-faq-icon-wrap,.uagb-faq-layout-grid .uagb-faq-child__outer-wrap .uagb-faq-item.uagb-faq-item-active .uagb-icon-active{display:none}\n.uagb-block-55b5edaf .uagb-icon svg{width: 12px;height: 12px;font-size: 12px;}.uagb-block-55b5edaf .uagb-icon-active svg{width: 12px;height: 12px;font-size: 12px;}.uagb-block-55b5edaf .uagb-faq-child__outer-wrap{margin-bottom: 10px;}.uagb-block-55b5edaf .uagb-faq-item{border-top-width: 1px;border-left-width: 1px;border-right-width: 1px;border-bottom-width: 1px;border-top-left-radius: 2px;border-top-right-radius: 2px;border-bottom-left-radius: 2px;border-bottom-right-radius: 2px;border-color: #1e1e1e;border-style: solid;}.uagb-block-55b5edaf .uagb-faq-questions-button{padding-top: 10px;padding-bottom: 10px;padding-right: 10px;padding-left: 10px;}.uagb-block-55b5edaf .uagb-faq-content{padding-top: 10px;padding-bottom: 10px;padding-right: 10px;padding-left: 10px;}.uagb-block-55b5edaf .uagb-faq-content span{margin-top: 10px;margin-bottom: 10px;margin-right: 10px;margin-left: 10px;}.uagb-block-55b5edaf.uagb-faq-icon-row .uagb-faq-item .uagb-faq-icon-wrap{margin-right: 10px;}.uagb-block-55b5edaf.uagb-faq-icon-row-reverse .uagb-faq-item .uagb-faq-icon-wrap{margin-left: 10px;}.uagb-block-55b5edaf .uagb-faq-item .uagb-faq-questions-button.uagb-faq-questions{flex-direction: row;}.uagb-block-55b5edaf .wp-block-uagb-faq-child.uagb-faq-child__outer-wrap .uagb-faq-content {display: none;}@media only screen and (max-width: 976px) {.uagb-block-55b5edaf.uagb-faq-icon-row .uagb-faq-item .uagb-faq-icon-wrap{margin-right: 10px;}.uagb-block-55b5edaf.uagb-faq-icon-row-reverse .uagb-faq-item .uagb-faq-icon-wrap{margin-left: 10px;}.uagb-block-55b5edaf .uagb-faq-questions-button{padding-top: 10px;padding-bottom: 10px;padding-right: 10px;padding-left: 10px;}.uagb-block-55b5edaf .uagb-faq-content{padding-top: 10px;padding-bottom: 10px;padding-right: 10px;padding-left: 10px;}.uagb-block-55b5edaf .uagb-faq-content span{margin-top: 10px;margin-bottom: 10px;margin-right: 10px;margin-left: 10px;}}@media only screen and (max-width: 767px) {.uagb-block-55b5edaf.uagb-faq-icon-row .uagb-faq-item .uagb-faq-icon-wrap{margin-right: 10px;}.uagb-block-55b5edaf.uagb-faq-icon-row-reverse .uagb-faq-item .uagb-faq-icon-wrap{margin-left: 10px;}.uagb-block-55b5edaf .uagb-faq-questions-button{padding-top: 10px;padding-bottom: 10px;padding-right: 10px;padding-left: 10px;}.uagb-block-55b5edaf .uagb-faq-content{padding-top: 10px;padding-bottom: 10px;padding-right: 10px;padding-left: 10px;}.uagb-block-55b5edaf .uagb-faq-content span{margin-top: 10px;margin-bottom: 10px;margin-right: 10px;margin-left: 10px;}}\";s:2:\"js\";s:0:\"\";s:18:\"current_block_list\";a:10:{i:0;s:11:\"core\/search\";i:1;s:10:\"core\/group\";i:2;s:12:\"core\/heading\";i:3;s:17:\"core\/latest-posts\";i:4;s:20:\"core\/latest-comments\";i:5;s:13:\"core\/archives\";i:6;s:15:\"core\/categories\";i:7;s:14:\"core\/paragraph\";i:8;s:8:\"uagb\/faq\";i:9;s:14:\"uagb\/faq-child\";}s:8:\"uag_flag\";b:1;s:11:\"uag_version\";s:10:\"1775829763\";s:6:\"gfonts\";a:0:{}s:10:\"gfonts_url\";s:0:\"\";s:12:\"gfonts_files\";a:0:{}s:14:\"uag_faq_layout\";b:1;}"],"_uag_css_file_name":["uag-css-2529.css"]},"uagb_featured_image_src":{"full":["https:\/\/senyenergy.com\/wp-content\/uploads\/2025\/06\/Standing-Seam-Clamp.jpg",800,800,false],"thumbnail":["https:\/\/senyenergy.com\/wp-content\/uploads\/2025\/06\/Standing-Seam-Clamp-150x150.jpg",150,150,true],"medium":["https:\/\/senyenergy.com\/wp-content\/uploads\/2025\/06\/Standing-Seam-Clamp-300x300.jpg",300,300,true],"medium_large":["https:\/\/senyenergy.com\/wp-content\/uploads\/2025\/06\/Standing-Seam-Clamp-768x768.jpg",768,768,true],"large":["https:\/\/senyenergy.com\/wp-content\/uploads\/2025\/06\/Standing-Seam-Clamp.jpg",800,800,false],"1536x1536":["https:\/\/senyenergy.com\/wp-content\/uploads\/2025\/06\/Standing-Seam-Clamp.jpg",800,800,false],"2048x2048":["https:\/\/senyenergy.com\/wp-content\/uploads\/2025\/06\/Standing-Seam-Clamp.jpg",800,800,false],"trp-custom-language-flag":["https:\/\/senyenergy.com\/wp-content\/uploads\/2025\/06\/Standing-Seam-Clamp-12x12.jpg",12,12,true],"woocommerce_thumbnail":["https:\/\/senyenergy.com\/wp-content\/uploads\/2025\/06\/Standing-Seam-Clamp-300x300.jpg",300,300,true],"woocommerce_single":["https:\/\/senyenergy.com\/wp-content\/uploads\/2025\/06\/Standing-Seam-Clamp-600x600.jpg",600,600,true],"woocommerce_gallery_thumbnail":["https:\/\/senyenergy.com\/wp-content\/uploads\/2025\/06\/Standing-Seam-Clamp-100x100.jpg",100,100,true]},"uagb_author_info":{"display_name":"wp-admin","author_link":"https:\/\/senyenergy.com\/de\/author\/"},"uagb_comment_info":0,"uagb_excerpt":"The rooftop Wind Resistant Solar Standing Seam Clamp\u00a0is an effective solution for mounting solar panels on metal roofs, offering durability and stability against wind forces. Our Wind-resistant standing seam clamps are engineered hardware, rigorously tested and certified, designed to anchor solar arrays securely to metal roofs against powerful uplift forces. price check","_links":{"self":[{"href":"https:\/\/senyenergy.com\/de\/wp-json\/wp\/v2\/product\/2529","targetHints":{"allow":["GET"]}}],"collection":[{"href":"https:\/\/senyenergy.com\/de\/wp-json\/wp\/v2\/product"}],"about":[{"href":"https:\/\/senyenergy.com\/de\/wp-json\/wp\/v2\/types\/product"}],"wp:featuredmedia":[{"embeddable":true,"href":"https:\/\/senyenergy.com\/de\/wp-json\/wp\/v2\/media\/2531"}],"wp:attachment":[{"href":"https:\/\/senyenergy.com\/de\/wp-json\/wp\/v2\/media?parent=2529"}],"wp:term":[{"taxonomy":"product_brand","embeddable":true,"href":"https:\/\/senyenergy.com\/de\/wp-json\/wp\/v2\/product_brand?post=2529"},{"taxonomy":"product_cat","embeddable":true,"href":"https:\/\/senyenergy.com\/de\/wp-json\/wp\/v2\/product_cat?post=2529"},{"taxonomy":"product_tag","embeddable":true,"href":"https:\/\/senyenergy.com\/de\/wp-json\/wp\/v2\/product_tag?post=2529"}],"curies":[{"name":"wp","href":"https:\/\/api.w.org\/{rel}","templated":true}]}}