{"id":2521,"date":"2025-05-30T17:09:28","date_gmt":"2025-05-30T09:09:28","guid":{"rendered":"https:\/\/senyenergy.com\/?post_type=product&#038;p=2521"},"modified":"2026-03-04T16:34:59","modified_gmt":"2026-03-04T08:34:59","slug":"adjustable-solar-triangle-bracket-for-roof","status":"publish","type":"product","link":"https:\/\/senyenergy.com\/de\/product\/adjustable-solar-triangle-bracket-for-roof\/","title":{"rendered":"Adjustable Solar Triangle Bracket for Roof"},"content":{"rendered":"<p><strong>Einstellbar<b>\u00a0<\/b><\/strong><strong><b>Solar<\/b><\/strong><strong><b>\u00a0T<\/b><\/strong><strong><b>Dreieck <\/b><\/strong><strong><b>B<\/b><\/strong><strong><b>Schl\u00e4ger <\/b><\/strong>ist eine vielseitige Montagel\u00f6sung, die f\u00fcr tragbare, semi-permanente Solarmodul-Installationen auf D\u00e4chern, Wohnmobilen, Booten und netzunabh\u00e4ngigen Standorten entwickelt wurde und Stabilit\u00e4t und Flexibilit\u00e4t bietet.<\/p>\n<p>&nbsp;<\/p>\n<p>Merkmale von <strong>Einstellbar<b>\u00a0<\/b><\/strong><strong><b>Solar<\/b><\/strong><strong><b>\u00a0T<\/b><\/strong><strong><b>Dreieck <\/b><\/strong><strong><b>B<\/b><\/strong><strong><b>Schl\u00e4ger <\/b><\/strong><\/p>\n<p>[Mehr Effizienz] - Steigern Sie den Wirkungsgrad Ihrer Solarmodule um bis zu 25% mit unserem Neigungssystem, mit dem Sie Ihre Module f\u00fcr eine optimale Energieerzeugung zur Sonne ausrichten k\u00f6nnen.<\/p>\n<p>[Vielseitige Anwendung] - Unser Solarpanel-Montagesatz ist perfekt f\u00fcr eine Vielzahl von netzunabh\u00e4ngigen Systemen, einschlie\u00dflich Wohnmobilen, Booten, Wohnmobilen, Schuppen und mehr. (vermeiden Sie den Schatten, um mehr Sonnenlicht zu erhalten)<\/p>\n<p>[Improve Adaptability ] &#8211; The newly upgraded triangle tripod bracket can accommodate solar panel arrays ranging from 100W to 400W or panels with a width of approximately 45 inches. One bracket can support a solar panel ranging from 100W to 400W<\/p>\n<p>[Einfachere Montage] -Die neu aktualisierte 45 Halterung hat bereits den Hauptteil der Halterung vorinstalliert. Nachdem Sie die Halterung erhalten haben, m\u00fcssen Sie sie nur noch gem\u00e4\u00df den Anweisungen zusammenbauen<\/p>\n<p>[Dreieckiges Design]- Bietet Stabilit\u00e4t und Halt und erm\u00f6glicht eine optimale Positionierung der Platten.<\/p>\n<p>[Einstellbare Winkel]- Erm\u00f6glicht die Einstellung des Winkels, um die Sonneneinstrahlung je nach Jahreszeit und Standort zu maximieren.<\/p>\n<p>[Langlebige Materialien]-Hergestellt aus korrosionsbest\u00e4ndigem Aluminium und rostfreiem Stahl, um eine lange Lebensdauer im Freien zu gew\u00e4hrleisten.<\/p>\n<p>[Leicht und tragbar]-Einfach zu transportieren und zu installieren, daher ideal f\u00fcr mobile Anwendungen wie Wohnmobile und Boote.<\/p>\n<p>&nbsp;<\/p>\n<p>New <strong>Einstellbar<b>\u00a0<\/b><\/strong><strong><b>Solar<\/b><\/strong><strong><b>\u00a0T<\/b><\/strong><strong><b>Dreieck <\/b><\/strong><strong><b>B<\/b><\/strong><strong><b>Schl\u00e4ger <\/b><\/strong>bietet eine flexible, nicht-invasive und tragbare M\u00f6glichkeit, Solarmodule dort zu montieren, wo traditionelle Gestelle nicht machbar oder w\u00fcnschenswert sind. Seine Stabilit\u00e4t und Neigungsverstellbarkeit machen ihn zu einer beliebten Wahl f\u00fcr Wohnmobilisten, Bootsfahrer, Inselbewohner und alle, die eine semi-permanente Boden- oder Dachmontage ben\u00f6tigen.<\/p>","protected":false},"excerpt":{"rendered":"<p><strong>Einstellbar<b>\u00a0<\/b><\/strong><strong><b>Solar<\/b><\/strong><strong><b>\u00a0T<\/b><\/strong><strong><b>Dreieck<\/b><\/strong><strong><b>\u00a0B<\/b><\/strong><strong><b>Schl\u00e4ger <\/b><\/strong>ist eine vielseitige Montagel\u00f6sung, die f\u00fcr tragbare, semi-permanente Solarmodulinstallationen auf D\u00e4chern, Wohnmobilen, Booten und netzunabh\u00e4ngigen Standorten entwickelt wurde und Stabilit\u00e4t und Flexibilit\u00e4t bietet.<\/p>\n<p>The newly upgraded triangle tripod bracket can accommodate solar panel arrays ranging from 100W to 400W or panels with a width of approximately 45 inches. One bracket can support a solar panel ranging from 100W to 400W<\/p>\n<div class=\"wp-block-button popmake-1937\"><a class=\"wp-block-button__link wp-element-button\">Preispr\u00fcfung<\/a><\/div>","protected":false},"featured_media":2523,"template":"","meta":{"_uag_custom_page_level_css":"","site-sidebar-layout":"default","site-content-layout":"","ast-site-content-layout":"default","site-content-style":"default","site-sidebar-style":"default","ast-global-header-display":"","ast-banner-title-visibility":"","ast-main-header-display":"","ast-hfb-above-header-display":"","ast-hfb-below-header-display":"","ast-hfb-mobile-header-display":"","site-post-title":"","ast-breadcrumbs-content":"","ast-featured-img":"","footer-sml-layout":"","ast-disable-related-posts":"","theme-transparent-header-meta":"default","adv-header-id-meta":"","stick-header-meta":"default","header-above-stick-meta":"","header-main-stick-meta":"","header-below-stick-meta":"","astra-migrate-meta-layouts":"set","ast-page-background-enabled":"default","ast-page-background-meta":{"desktop":{"background-color":"","background-image":"","background-repeat":"repeat","background-position":"center center","background-size":"auto","background-attachment":"scroll","background-type":"","background-media":"","overlay-type":"","overlay-color":"","overlay-opacity":"","overlay-gradient":""},"tablet":{"background-color":"","background-image":"","background-repeat":"repeat","background-position":"center center","background-size":"auto","background-attachment":"scroll","background-type":"","background-media":"","overlay-type":"","overlay-color":"","overlay-opacity":"","overlay-gradient":""},"mobile":{"background-color":"","background-image":"","background-repeat":"repeat","background-position":"center center","background-size":"auto","background-attachment":"scroll","background-type":"","background-media":"","overlay-type":"","overlay-color":"","overlay-opacity":"","overlay-gradient":""}},"ast-content-background-meta":{"desktop":{"background-color":"var(--ast-global-color-5)","background-image":"","background-repeat":"repeat","background-position":"center center","background-size":"auto","background-attachment":"scroll","background-type":"","background-media":"","overlay-type":"","overlay-color":"","overlay-opacity":"","overlay-gradient":""},"tablet":{"background-color":"var(--ast-global-color-5)","background-image":"","background-repeat":"repeat","background-position":"center center","background-size":"auto","background-attachment":"scroll","background-type":"","background-media":"","overlay-type":"","overlay-color":"","overlay-opacity":"","overlay-gradient":""},"mobile":{"background-color":"var(--ast-global-color-5)","background-image":"","background-repeat":"repeat","background-position":"center center","background-size":"auto","background-attachment":"scroll","background-type":"","background-media":"","overlay-type":"","overlay-color":"","overlay-opacity":"","overlay-gradient":""}}},"product_brand":[],"product_cat":[25,24],"product_tag":[165,449,54,163],"class_list":{"0":"post-2521","1":"product","2":"type-product","3":"status-publish","4":"has-post-thumbnail","6":"product_cat-excellent","7":"product_cat-solar-mounting-system","8":"product_tag-adjustable-solar-mounting","9":"product_tag-adjustable-solar-triangle-bracket","10":"product_tag-rooftop-solar-mounting","11":"product_tag-solar-triangle-mounting","12":"desktop-align-left","13":"tablet-align-left","14":"mobile-align-left","16":"first","17":"instock","18":"shipping-taxable","19":"product-type-simple"},"spectra_custom_meta":{"_uabb_version":["1.36.1"],"_edit_last":["1"],"_edit_lock":["1772613405:1"],"_thumbnail_id":["2523"],"total_sales":["0"],"_tax_status":["taxable"],"_tax_class":[""],"_manage_stock":["no"],"_backorders":["no"],"_sold_individually":["no"],"_virtual":["no"],"_downloadable":["no"],"_download_limit":["-1"],"_download_expiry":["-1"],"_stock":[null],"_stock_status":["instock"],"_wc_average_rating":["0"],"_wc_review_count":["0"],"_product_version":["10.4.3"],"_product_image_gallery":["2524,2526,2527,2525"],"site-sidebar-layout":["default"],"ast-site-content-layout":["default"],"site-content-style":["default"],"site-sidebar-style":["default"],"theme-transparent-header-meta":["default"],"wb_custom_tabs":["a:0:{}"],"stick-header-meta":["default"],"_wp_old_slug":["aluminum-adjustable-solar-triangle-tripod-bracket-for-roof-rv-boat-and-off-grid"],"astra-migrate-meta-layouts":["set"],"_uag_page_assets":["a:9:{s:3:\"css\";s:5055:\".wp-block-uagb-faq{width:100%}.wp-block-uagb-faq.uagb-faq-layout-accordion .uagb-faq-child__outer-wrap .uagb-faq-questions-button{cursor:pointer}.wp-block-uagb-faq .uagb-faq-content{margin-bottom:0}.wp-block-uagb-faq .uagb-faq-content p{margin:auto}.uagb-faq-layout-grid.uagb-faq-equal-height.uagb-faq__wrap .uagb-faq-child__outer-wrap,.uagb-faq-layout-grid.uagb-faq-equal-height.uagb-faq__wrap .uagb-faq-item{height:100%}body[class*=\"astra\"] .uagb-faq-questions{line-height:normal}.uagb-faq-item{overflow:hidden}\n.wp-block-uagb-faq-child .uagb-faq-questions-button{display:flex;align-items:center}.wp-block-uagb-faq-child .uagb-faq-questions-button .uagb-faq-icon-wrap{display:flex;align-items:center}.wp-block-uagb-faq-child .uagb-faq-questions-button .uagb-question{width:100%;margin-top:0;margin-bottom:0}.wp-block-uagb-faq-child .uagb-icon svg,.wp-block-uagb-faq-child .uagb-icon-active svg{width:15px;height:15px;font-size:15px}.wp-block-uagb-faq-child.uagb-faq-child__outer-wrap.uagb-faq-item .uagb-icon-active,.wp-block-uagb-faq-child.uagb-faq-child__outer-wrap.uagb-faq-item.uagb-faq-item-active .uagb-icon,.wp-block-uagb-faq-child.uagb-faq-child__outer-wrap .uagb-faq-item .uagb-icon-active,.wp-block-uagb-faq-child.uagb-faq-child__outer-wrap .uagb-faq-item.uagb-faq-item-active .uagb-icon{display:none;width:0;padding:0;height:0;margin:0}.wp-block-uagb-faq-child.uagb-faq-child__outer-wrap.uagb-faq-item .uagb-icon,.wp-block-uagb-faq-child.uagb-faq-child__outer-wrap.uagb-faq-item.uagb-faq-item-active .uagb-icon-active,.wp-block-uagb-faq-child.uagb-faq-child__outer-wrap .uagb-faq-item .uagb-icon,.wp-block-uagb-faq-child.uagb-faq-child__outer-wrap .uagb-faq-item.uagb-faq-item-active .uagb-icon-active{display:flex;width:auto;height:auto}.uagb-faq-layout-grid .uagb-faq-child__outer-wrap.uagb-faq-item .uagb-icon,.uagb-faq-layout-grid .uagb-faq-child__outer-wrap.uagb-faq-item.uagb-faq-item-active .uagb-icon-active,.uagb-faq-layout-grid .uagb-faq-child__outer-wrap .uagb-faq-item .uagb-icon,.uagb-faq-layout-grid .uagb-faq-child__outer-wrap .uagb-faq-item.uagb-faq-item-active .uagb-icon-active{display:none}.uagb-faq-layout-grid .uagb-faq-child__outer-wrap.uagb-faq-item span.uagb-icon-active.uagb-faq-icon-wrap,.uagb-faq-layout-grid .uagb-faq-child__outer-wrap.uagb-faq-item.uagb-faq-item-active .uagb-icon-active,.uagb-faq-layout-grid .uagb-faq-child__outer-wrap .uagb-faq-item span.uagb-icon-active.uagb-faq-icon-wrap,.uagb-faq-layout-grid .uagb-faq-child__outer-wrap .uagb-faq-item.uagb-faq-item-active .uagb-icon-active{display:none}\n.uagb-block-55b5edaf .uagb-icon svg{width: 12px;height: 12px;font-size: 12px;}.uagb-block-55b5edaf .uagb-icon-active svg{width: 12px;height: 12px;font-size: 12px;}.uagb-block-55b5edaf .uagb-faq-child__outer-wrap{margin-bottom: 10px;}.uagb-block-55b5edaf .uagb-faq-item{border-top-width: 1px;border-left-width: 1px;border-right-width: 1px;border-bottom-width: 1px;border-top-left-radius: 2px;border-top-right-radius: 2px;border-bottom-left-radius: 2px;border-bottom-right-radius: 2px;border-color: #1e1e1e;border-style: solid;}.uagb-block-55b5edaf .uagb-faq-questions-button{padding-top: 10px;padding-bottom: 10px;padding-right: 10px;padding-left: 10px;}.uagb-block-55b5edaf .uagb-faq-content{padding-top: 10px;padding-bottom: 10px;padding-right: 10px;padding-left: 10px;}.uagb-block-55b5edaf .uagb-faq-content span{margin-top: 10px;margin-bottom: 10px;margin-right: 10px;margin-left: 10px;}.uagb-block-55b5edaf.uagb-faq-icon-row .uagb-faq-item .uagb-faq-icon-wrap{margin-right: 10px;}.uagb-block-55b5edaf.uagb-faq-icon-row-reverse .uagb-faq-item .uagb-faq-icon-wrap{margin-left: 10px;}.uagb-block-55b5edaf .uagb-faq-item .uagb-faq-questions-button.uagb-faq-questions{flex-direction: row;}.uagb-block-55b5edaf .wp-block-uagb-faq-child.uagb-faq-child__outer-wrap .uagb-faq-content {display: none;}@media only screen and (max-width: 976px) {.uagb-block-55b5edaf.uagb-faq-icon-row .uagb-faq-item .uagb-faq-icon-wrap{margin-right: 10px;}.uagb-block-55b5edaf.uagb-faq-icon-row-reverse .uagb-faq-item .uagb-faq-icon-wrap{margin-left: 10px;}.uagb-block-55b5edaf .uagb-faq-questions-button{padding-top: 10px;padding-bottom: 10px;padding-right: 10px;padding-left: 10px;}.uagb-block-55b5edaf .uagb-faq-content{padding-top: 10px;padding-bottom: 10px;padding-right: 10px;padding-left: 10px;}.uagb-block-55b5edaf .uagb-faq-content span{margin-top: 10px;margin-bottom: 10px;margin-right: 10px;margin-left: 10px;}}@media only screen and (max-width: 767px) {.uagb-block-55b5edaf.uagb-faq-icon-row .uagb-faq-item .uagb-faq-icon-wrap{margin-right: 10px;}.uagb-block-55b5edaf.uagb-faq-icon-row-reverse .uagb-faq-item .uagb-faq-icon-wrap{margin-left: 10px;}.uagb-block-55b5edaf .uagb-faq-questions-button{padding-top: 10px;padding-bottom: 10px;padding-right: 10px;padding-left: 10px;}.uagb-block-55b5edaf .uagb-faq-content{padding-top: 10px;padding-bottom: 10px;padding-right: 10px;padding-left: 10px;}.uagb-block-55b5edaf .uagb-faq-content span{margin-top: 10px;margin-bottom: 10px;margin-right: 10px;margin-left: 10px;}}\";s:2:\"js\";s:0:\"\";s:18:\"current_block_list\";a:10:{i:0;s:11:\"core\/search\";i:1;s:10:\"core\/group\";i:2;s:12:\"core\/heading\";i:3;s:17:\"core\/latest-posts\";i:4;s:20:\"core\/latest-comments\";i:5;s:13:\"core\/archives\";i:6;s:15:\"core\/categories\";i:7;s:14:\"core\/paragraph\";i:8;s:8:\"uagb\/faq\";i:9;s:14:\"uagb\/faq-child\";}s:8:\"uag_flag\";b:1;s:11:\"uag_version\";s:10:\"1775829763\";s:6:\"gfonts\";a:0:{}s:10:\"gfonts_url\";s:0:\"\";s:12:\"gfonts_files\";a:0:{}s:14:\"uag_faq_layout\";b:1;}"],"_uag_css_file_name":["uag-css-2521.css"]},"uagb_featured_image_src":{"full":["https:\/\/senyenergy.com\/wp-content\/uploads\/2025\/05\/Solar-Triangle-Tripod-Bracket.jpg",800,800,false],"thumbnail":["https:\/\/senyenergy.com\/wp-content\/uploads\/2025\/05\/Solar-Triangle-Tripod-Bracket-150x150.jpg",150,150,true],"medium":["https:\/\/senyenergy.com\/wp-content\/uploads\/2025\/05\/Solar-Triangle-Tripod-Bracket-300x300.jpg",300,300,true],"medium_large":["https:\/\/senyenergy.com\/wp-content\/uploads\/2025\/05\/Solar-Triangle-Tripod-Bracket-768x768.jpg",768,768,true],"large":["https:\/\/senyenergy.com\/wp-content\/uploads\/2025\/05\/Solar-Triangle-Tripod-Bracket.jpg",800,800,false],"1536x1536":["https:\/\/senyenergy.com\/wp-content\/uploads\/2025\/05\/Solar-Triangle-Tripod-Bracket.jpg",800,800,false],"2048x2048":["https:\/\/senyenergy.com\/wp-content\/uploads\/2025\/05\/Solar-Triangle-Tripod-Bracket.jpg",800,800,false],"trp-custom-language-flag":["https:\/\/senyenergy.com\/wp-content\/uploads\/2025\/05\/Solar-Triangle-Tripod-Bracket-12x12.jpg",12,12,true],"woocommerce_thumbnail":["https:\/\/senyenergy.com\/wp-content\/uploads\/2025\/05\/Solar-Triangle-Tripod-Bracket-300x300.jpg",300,300,true],"woocommerce_single":["https:\/\/senyenergy.com\/wp-content\/uploads\/2025\/05\/Solar-Triangle-Tripod-Bracket-600x600.jpg",600,600,true],"woocommerce_gallery_thumbnail":["https:\/\/senyenergy.com\/wp-content\/uploads\/2025\/05\/Solar-Triangle-Tripod-Bracket-100x100.jpg",100,100,true]},"uagb_author_info":{"display_name":"wp-admin","author_link":"https:\/\/senyenergy.com\/de\/author\/"},"uagb_comment_info":0,"uagb_excerpt":"Adjustable\u00a0Solar\u00a0Triangle\u00a0Bracket is a versatile mounting solution designed for portable, semi-permanent solar panel installations on roofs, RVs, boats, and off-grid sites, offering stability and flexibility The newly upgraded triangle tripod bracket can accommodate solar panel arrays ranging from 100W to 400W or panels with a width of approximately 45 inches. One bracket can support a solar&hellip;","_links":{"self":[{"href":"https:\/\/senyenergy.com\/de\/wp-json\/wp\/v2\/product\/2521","targetHints":{"allow":["GET"]}}],"collection":[{"href":"https:\/\/senyenergy.com\/de\/wp-json\/wp\/v2\/product"}],"about":[{"href":"https:\/\/senyenergy.com\/de\/wp-json\/wp\/v2\/types\/product"}],"wp:featuredmedia":[{"embeddable":true,"href":"https:\/\/senyenergy.com\/de\/wp-json\/wp\/v2\/media\/2523"}],"wp:attachment":[{"href":"https:\/\/senyenergy.com\/de\/wp-json\/wp\/v2\/media?parent=2521"}],"wp:term":[{"taxonomy":"product_brand","embeddable":true,"href":"https:\/\/senyenergy.com\/de\/wp-json\/wp\/v2\/product_brand?post=2521"},{"taxonomy":"product_cat","embeddable":true,"href":"https:\/\/senyenergy.com\/de\/wp-json\/wp\/v2\/product_cat?post=2521"},{"taxonomy":"product_tag","embeddable":true,"href":"https:\/\/senyenergy.com\/de\/wp-json\/wp\/v2\/product_tag?post=2521"}],"curies":[{"name":"wp","href":"https:\/\/api.w.org\/{rel}","templated":true}]}}