{"id":2508,"date":"2025-05-29T11:44:24","date_gmt":"2025-05-29T03:44:24","guid":{"rendered":"https:\/\/senyenergy.com\/?post_type=product&#038;p=2508"},"modified":"2026-02-12T16:13:15","modified_gmt":"2026-02-12T08:13:15","slug":"rutschhemmende-verzinkte-solar-stahlroste-fur-gehwege","status":"publish","type":"product","link":"https:\/\/senyenergy.com\/de\/product\/rutschhemmende-verzinkte-solar-stahlroste-fur-gehwege\/","title":{"rendered":"New Anti-slide HDG Steel Grating Walkway for Solar"},"content":{"rendered":"<p>Die <strong>Anti-slide HDG Steel Grating Walkway<\/strong>\u00a0ist ein aktualisiertes Produkt, bei dem das Material von verst\u00e4rktem Glasfaser zu Stahl gewechselt wurde, was leichter ist und die Installation vor Ort erleichtert. Kombiniert mit unserer Klammer, Seitenschiene, H-Schiene und Kliplock oder L-Fu\u00df. Die \u00fcbliche Abmessung ist 3000*300*30mm.  Kann angepasst werden.  Die Spannweite kann 500mm bis 1200mm betragen.<\/p>\n<p>&nbsp;<\/p>\n<p><strong>Anti-slide HDG Steel Grating Walkway<\/strong> for solar Roof is a steel plate with a pattern design. The surface is non-slip and beautiful, with high strength and good corrosion resistance. Used for roof photovoltaic maintenance channel walkway, roof maintenance pedal<\/p>\n<p>&nbsp;<\/p>\n<p>Beim Designkonzept haben wir die Anti-Rutsch-Eigenschaft der Oberfl\u00e4che der photovoltaischen Gehwegplatten ber\u00fccksichtigt und das Musterdesign sowie die Form- und Winkel\u00e4nderungen \u00fcbernommen, um den Komfort, die Geschwindigkeit und die Sch\u00f6nheit der Konstruktion zu verbessern. Es gibt zwei optionale Firstpedale und Betriebs- und Wartungspedale, und sie k\u00f6nnen entsprechend den Zeichnungen angepasst werden.<\/p>\n<p>&nbsp;<\/p>\n<p>Merkmale des <strong>Anti-slide HDG Steel Grating Walkway for Solar<\/strong><\/p>\n<p>Langlebige Stahlkonstruktion: Hergestellt aus hochwertigem Stahl, der St\u00e4rke und Langlebigkeit bietet, geeignet f\u00fcr schweren Fu\u00dfverkehr und raue Wetterbedingungen.<\/p>\n<p>Anti-Rutsch-Oberfl\u00e4che: Ausgestattet mit strukturierten Oberfl\u00e4chen oder Beschichtungen, die die Traktion verbessern und das Risiko von Ausrutschern und St\u00fcrzen verringern, insbesondere bei N\u00e4sse oder Eis.<\/p>\n<p>Integrierte Solarmodule: Solarmodule k\u00f6nnen in den Gehweg eingelassen oder entlang des Gehweges montiert werden, um die Sonnenenergie f\u00fcr die Beleuchtung, Beschilderung oder andere elektrische Zwecke in der N\u00e4he zu nutzen.<\/p>\n<p>Modularer Aufbau: Oft in Abschnitten konzipiert, um die Installation zu erleichtern und die M\u00f6glichkeit zu bieten, L\u00e4ngen und Konfigurationen an bestimmte Bereiche anzupassen.<\/p>\n<p>Vorteile f\u00fcr die Umwelt: Erzeugt erneuerbare Energie und f\u00f6rdert gleichzeitig den sicheren Zugang f\u00fcr Fu\u00dfg\u00e4nger, was zu den Bem\u00fchungen um Nachhaltigkeit beitr\u00e4gt.<\/p>\n<p>&nbsp;<\/p>\n<p>Die <strong>Anti-slide HDG Steel Grating Walkway<\/strong>\u00a0for Roof sind speziell entwickelte Wege, die Solarzellen mit einer rutschfesten Oberfl\u00e4che verbinden. Diese Wege sind ideal f\u00fcr Au\u00dfenanwendungen, bei denen Sicherheit, Langlebigkeit und die Erzeugung erneuerbarer Energie wichtig sind.<\/p>","protected":false},"excerpt":{"rendered":"<p>Die <strong>Anti-slide HDG Steel Grating Walkway <\/strong>ist ein aktualisiertes Produkt, bei dem das Material von verst\u00e4rktem Fiberglas auf Stahl umgestellt wurde, was leichter ist und die Installation vor Ort erleichtert. Kombiniert mit unserer Endklemme, Seitenschiene und L-Fu\u00df. Die \u00fcbliche Abmessung ist 3000*350*30mm.  Kann individuell angepasst werden.  Die Spannweite kann 500mm bis 1200mm betragen.<\/p>\n<div class=\"wp-block-button popmake-1937\"><a class=\"wp-block-button__link wp-element-button\">Preispr\u00fcfung<\/a><\/div>","protected":false},"featured_media":2513,"template":"","meta":{"_uag_custom_page_level_css":"","site-sidebar-layout":"default","site-content-layout":"","ast-site-content-layout":"default","site-content-style":"default","site-sidebar-style":"default","ast-global-header-display":"","ast-banner-title-visibility":"","ast-main-header-display":"","ast-hfb-above-header-display":"","ast-hfb-below-header-display":"","ast-hfb-mobile-header-display":"","site-post-title":"","ast-breadcrumbs-content":"","ast-featured-img":"","footer-sml-layout":"","ast-disable-related-posts":"","theme-transparent-header-meta":"default","adv-header-id-meta":"","stick-header-meta":"default","header-above-stick-meta":"","header-main-stick-meta":"","header-below-stick-meta":"","astra-migrate-meta-layouts":"set","ast-page-background-enabled":"default","ast-page-background-meta":{"desktop":{"background-color":"","background-image":"","background-repeat":"repeat","background-position":"center center","background-size":"auto","background-attachment":"scroll","background-type":"","background-media":"","overlay-type":"","overlay-color":"","overlay-opacity":"","overlay-gradient":""},"tablet":{"background-color":"","background-image":"","background-repeat":"repeat","background-position":"center center","background-size":"auto","background-attachment":"scroll","background-type":"","background-media":"","overlay-type":"","overlay-color":"","overlay-opacity":"","overlay-gradient":""},"mobile":{"background-color":"","background-image":"","background-repeat":"repeat","background-position":"center center","background-size":"auto","background-attachment":"scroll","background-type":"","background-media":"","overlay-type":"","overlay-color":"","overlay-opacity":"","overlay-gradient":""}},"ast-content-background-meta":{"desktop":{"background-color":"var(--ast-global-color-5)","background-image":"","background-repeat":"repeat","background-position":"center center","background-size":"auto","background-attachment":"scroll","background-type":"","background-media":"","overlay-type":"","overlay-color":"","overlay-opacity":"","overlay-gradient":""},"tablet":{"background-color":"var(--ast-global-color-5)","background-image":"","background-repeat":"repeat","background-position":"center center","background-size":"auto","background-attachment":"scroll","background-type":"","background-media":"","overlay-type":"","overlay-color":"","overlay-opacity":"","overlay-gradient":""},"mobile":{"background-color":"var(--ast-global-color-5)","background-image":"","background-repeat":"repeat","background-position":"center center","background-size":"auto","background-attachment":"scroll","background-type":"","background-media":"","overlay-type":"","overlay-color":"","overlay-opacity":"","overlay-gradient":""}}},"product_brand":[],"product_cat":[25,23,132],"product_tag":[434,154,157,158,160,43,155],"class_list":{"0":"post-2508","1":"product","2":"type-product","3":"status-publish","4":"has-post-thumbnail","6":"product_cat-excellent","7":"product_cat-solar-accessories","8":"product_cat-solar-mounting-components","9":"product_tag-anti-slide-hdg-steel-grating-walkway","10":"product_tag-anti-slide-walkway","11":"product_tag-galvanized-steel-walkway","12":"product_tag-grating-walkway-pathways","13":"product_tag-solar-pathways","14":"product_tag-solar-walkways","15":"product_tag-steel-walkway","16":"desktop-align-left","17":"tablet-align-left","18":"mobile-align-left","20":"first","21":"instock","22":"shipping-taxable","23":"product-type-simple"},"spectra_custom_meta":{"_uabb_version":["1.36.1"],"_edit_last":["1"],"_edit_lock":["1770883995:1"],"_thumbnail_id":["2513"],"total_sales":["0"],"_tax_status":["taxable"],"_tax_class":[""],"_manage_stock":["no"],"_backorders":["no"],"_sold_individually":["no"],"_virtual":["no"],"_downloadable":["no"],"_download_limit":["-1"],"_download_expiry":["-1"],"_stock":[null],"_stock_status":["instock"],"_wc_average_rating":["0"],"_wc_review_count":["0"],"_product_version":["10.4.3"],"_product_image_gallery":["2512,2510,2511,2509"],"site-sidebar-layout":["default"],"ast-site-content-layout":["default"],"site-content-style":["default"],"site-sidebar-style":["default"],"theme-transparent-header-meta":["default"],"wb_custom_tabs":["a:0:{}"],"stick-header-meta":["default"],"astra-migrate-meta-layouts":["set"],"_uag_page_assets":["a:9:{s:3:\"css\";s:5318:\".uag-blocks-common-selector{z-index:var(--z-index-desktop) !important}@media (max-width: 976px){.uag-blocks-common-selector{z-index:var(--z-index-tablet) !important}}@media (max-width: 767px){.uag-blocks-common-selector{z-index:var(--z-index-mobile) !important}}\n.wp-block-uagb-faq{width:100%}.wp-block-uagb-faq.uagb-faq-layout-accordion .uagb-faq-child__outer-wrap .uagb-faq-questions-button{cursor:pointer}.wp-block-uagb-faq .uagb-faq-content{margin-bottom:0}.wp-block-uagb-faq .uagb-faq-content p{margin:auto}.uagb-faq-layout-grid.uagb-faq-equal-height.uagb-faq__wrap .uagb-faq-child__outer-wrap,.uagb-faq-layout-grid.uagb-faq-equal-height.uagb-faq__wrap .uagb-faq-item{height:100%}body[class*=\"astra\"] .uagb-faq-questions{line-height:normal}.uagb-faq-item{overflow:hidden}\n.wp-block-uagb-faq-child .uagb-faq-questions-button{display:flex;align-items:center}.wp-block-uagb-faq-child .uagb-faq-questions-button .uagb-faq-icon-wrap{display:flex;align-items:center}.wp-block-uagb-faq-child .uagb-faq-questions-button .uagb-question{width:100%;margin-top:0;margin-bottom:0}.wp-block-uagb-faq-child .uagb-icon svg,.wp-block-uagb-faq-child .uagb-icon-active svg{width:15px;height:15px;font-size:15px}.wp-block-uagb-faq-child.uagb-faq-child__outer-wrap.uagb-faq-item .uagb-icon-active,.wp-block-uagb-faq-child.uagb-faq-child__outer-wrap.uagb-faq-item.uagb-faq-item-active .uagb-icon,.wp-block-uagb-faq-child.uagb-faq-child__outer-wrap .uagb-faq-item .uagb-icon-active,.wp-block-uagb-faq-child.uagb-faq-child__outer-wrap .uagb-faq-item.uagb-faq-item-active .uagb-icon{display:none;width:0;padding:0;height:0;margin:0}.wp-block-uagb-faq-child.uagb-faq-child__outer-wrap.uagb-faq-item .uagb-icon,.wp-block-uagb-faq-child.uagb-faq-child__outer-wrap.uagb-faq-item.uagb-faq-item-active .uagb-icon-active,.wp-block-uagb-faq-child.uagb-faq-child__outer-wrap .uagb-faq-item .uagb-icon,.wp-block-uagb-faq-child.uagb-faq-child__outer-wrap .uagb-faq-item.uagb-faq-item-active .uagb-icon-active{display:flex;width:auto;height:auto}.uagb-faq-layout-grid .uagb-faq-child__outer-wrap.uagb-faq-item .uagb-icon,.uagb-faq-layout-grid .uagb-faq-child__outer-wrap.uagb-faq-item.uagb-faq-item-active .uagb-icon-active,.uagb-faq-layout-grid .uagb-faq-child__outer-wrap .uagb-faq-item .uagb-icon,.uagb-faq-layout-grid .uagb-faq-child__outer-wrap .uagb-faq-item.uagb-faq-item-active .uagb-icon-active{display:none}.uagb-faq-layout-grid .uagb-faq-child__outer-wrap.uagb-faq-item span.uagb-icon-active.uagb-faq-icon-wrap,.uagb-faq-layout-grid .uagb-faq-child__outer-wrap.uagb-faq-item.uagb-faq-item-active .uagb-icon-active,.uagb-faq-layout-grid .uagb-faq-child__outer-wrap .uagb-faq-item span.uagb-icon-active.uagb-faq-icon-wrap,.uagb-faq-layout-grid .uagb-faq-child__outer-wrap .uagb-faq-item.uagb-faq-item-active .uagb-icon-active{display:none}\n.uagb-block-55b5edaf .uagb-icon svg{width: 12px;height: 12px;font-size: 12px;}.uagb-block-55b5edaf .uagb-icon-active svg{width: 12px;height: 12px;font-size: 12px;}.uagb-block-55b5edaf .uagb-faq-child__outer-wrap{margin-bottom: 10px;}.uagb-block-55b5edaf .uagb-faq-item{border-top-width: 1px;border-left-width: 1px;border-right-width: 1px;border-bottom-width: 1px;border-top-left-radius: 2px;border-top-right-radius: 2px;border-bottom-left-radius: 2px;border-bottom-right-radius: 2px;border-color: #1e1e1e;border-style: solid;}.uagb-block-55b5edaf .uagb-faq-questions-button{padding-top: 10px;padding-bottom: 10px;padding-right: 10px;padding-left: 10px;}.uagb-block-55b5edaf .uagb-faq-content{padding-top: 10px;padding-bottom: 10px;padding-right: 10px;padding-left: 10px;}.uagb-block-55b5edaf .uagb-faq-content span{margin-top: 10px;margin-bottom: 10px;margin-right: 10px;margin-left: 10px;}.uagb-block-55b5edaf.uagb-faq-icon-row .uagb-faq-item .uagb-faq-icon-wrap{margin-right: 10px;}.uagb-block-55b5edaf.uagb-faq-icon-row-reverse .uagb-faq-item .uagb-faq-icon-wrap{margin-left: 10px;}.uagb-block-55b5edaf .uagb-faq-item .uagb-faq-questions-button.uagb-faq-questions{flex-direction: row;}.uagb-block-55b5edaf .wp-block-uagb-faq-child.uagb-faq-child__outer-wrap .uagb-faq-content {display: none;}@media only screen and (max-width: 976px) {.uagb-block-55b5edaf.uagb-faq-icon-row .uagb-faq-item .uagb-faq-icon-wrap{margin-right: 10px;}.uagb-block-55b5edaf.uagb-faq-icon-row-reverse .uagb-faq-item .uagb-faq-icon-wrap{margin-left: 10px;}.uagb-block-55b5edaf .uagb-faq-questions-button{padding-top: 10px;padding-bottom: 10px;padding-right: 10px;padding-left: 10px;}.uagb-block-55b5edaf .uagb-faq-content{padding-top: 10px;padding-bottom: 10px;padding-right: 10px;padding-left: 10px;}.uagb-block-55b5edaf .uagb-faq-content span{margin-top: 10px;margin-bottom: 10px;margin-right: 10px;margin-left: 10px;}}@media only screen and (max-width: 767px) {.uagb-block-55b5edaf.uagb-faq-icon-row .uagb-faq-item .uagb-faq-icon-wrap{margin-right: 10px;}.uagb-block-55b5edaf.uagb-faq-icon-row-reverse .uagb-faq-item .uagb-faq-icon-wrap{margin-left: 10px;}.uagb-block-55b5edaf .uagb-faq-questions-button{padding-top: 10px;padding-bottom: 10px;padding-right: 10px;padding-left: 10px;}.uagb-block-55b5edaf .uagb-faq-content{padding-top: 10px;padding-bottom: 10px;padding-right: 10px;padding-left: 10px;}.uagb-block-55b5edaf .uagb-faq-content span{margin-top: 10px;margin-bottom: 10px;margin-right: 10px;margin-left: 10px;}}\";s:2:\"js\";s:0:\"\";s:18:\"current_block_list\";a:10:{i:0;s:11:\"core\/search\";i:1;s:10:\"core\/group\";i:2;s:12:\"core\/heading\";i:3;s:17:\"core\/latest-posts\";i:4;s:20:\"core\/latest-comments\";i:5;s:13:\"core\/archives\";i:6;s:15:\"core\/categories\";i:7;s:14:\"core\/paragraph\";i:8;s:8:\"uagb\/faq\";i:9;s:14:\"uagb\/faq-child\";}s:8:\"uag_flag\";b:1;s:11:\"uag_version\";s:10:\"1775829763\";s:6:\"gfonts\";a:0:{}s:10:\"gfonts_url\";s:0:\"\";s:12:\"gfonts_files\";a:0:{}s:14:\"uag_faq_layout\";b:1;}"],"_uag_css_file_name":["uag-css-2508.css"]},"uagb_featured_image_src":{"full":["https:\/\/senyenergy.com\/wp-content\/uploads\/2025\/05\/Solar-steel-walkway-with-structure.jpg",800,800,false],"thumbnail":["https:\/\/senyenergy.com\/wp-content\/uploads\/2025\/05\/Solar-steel-walkway-with-structure-150x150.jpg",150,150,true],"medium":["https:\/\/senyenergy.com\/wp-content\/uploads\/2025\/05\/Solar-steel-walkway-with-structure-300x300.jpg",300,300,true],"medium_large":["https:\/\/senyenergy.com\/wp-content\/uploads\/2025\/05\/Solar-steel-walkway-with-structure-768x768.jpg",768,768,true],"large":["https:\/\/senyenergy.com\/wp-content\/uploads\/2025\/05\/Solar-steel-walkway-with-structure.jpg",800,800,false],"1536x1536":["https:\/\/senyenergy.com\/wp-content\/uploads\/2025\/05\/Solar-steel-walkway-with-structure.jpg",800,800,false],"2048x2048":["https:\/\/senyenergy.com\/wp-content\/uploads\/2025\/05\/Solar-steel-walkway-with-structure.jpg",800,800,false],"trp-custom-language-flag":["https:\/\/senyenergy.com\/wp-content\/uploads\/2025\/05\/Solar-steel-walkway-with-structure-12x12.jpg",12,12,true],"woocommerce_thumbnail":["https:\/\/senyenergy.com\/wp-content\/uploads\/2025\/05\/Solar-steel-walkway-with-structure-300x300.jpg",300,300,true],"woocommerce_single":["https:\/\/senyenergy.com\/wp-content\/uploads\/2025\/05\/Solar-steel-walkway-with-structure-600x600.jpg",600,600,true],"woocommerce_gallery_thumbnail":["https:\/\/senyenergy.com\/wp-content\/uploads\/2025\/05\/Solar-steel-walkway-with-structure-100x100.jpg",100,100,true]},"uagb_author_info":{"display_name":"wp-admin","author_link":"https:\/\/senyenergy.com\/de\/author\/"},"uagb_comment_info":0,"uagb_excerpt":"The Anti-slide HDG Steel Grating Walkway is an updated product changed the material from reinforced fiber glass to steel, which is lighter, much easier for installation on site. Combined with our end clamp, side rail and L foot. Common dimension is 3000*350*30mm. \u00a0Can be customized. \u00a0Span could be 500mm to 1200mm price check","_links":{"self":[{"href":"https:\/\/senyenergy.com\/de\/wp-json\/wp\/v2\/product\/2508","targetHints":{"allow":["GET"]}}],"collection":[{"href":"https:\/\/senyenergy.com\/de\/wp-json\/wp\/v2\/product"}],"about":[{"href":"https:\/\/senyenergy.com\/de\/wp-json\/wp\/v2\/types\/product"}],"wp:featuredmedia":[{"embeddable":true,"href":"https:\/\/senyenergy.com\/de\/wp-json\/wp\/v2\/media\/2513"}],"wp:attachment":[{"href":"https:\/\/senyenergy.com\/de\/wp-json\/wp\/v2\/media?parent=2508"}],"wp:term":[{"taxonomy":"product_brand","embeddable":true,"href":"https:\/\/senyenergy.com\/de\/wp-json\/wp\/v2\/product_brand?post=2508"},{"taxonomy":"product_cat","embeddable":true,"href":"https:\/\/senyenergy.com\/de\/wp-json\/wp\/v2\/product_cat?post=2508"},{"taxonomy":"product_tag","embeddable":true,"href":"https:\/\/senyenergy.com\/de\/wp-json\/wp\/v2\/product_tag?post=2508"}],"curies":[{"name":"wp","href":"https:\/\/api.w.org\/{rel}","templated":true}]}}