{"id":2501,"date":"2025-05-28T16:41:40","date_gmt":"2025-05-28T08:41:40","guid":{"rendered":"https:\/\/senyenergy.com\/?post_type=product&#038;p=2501"},"modified":"2025-07-13T10:30:00","modified_gmt":"2025-07-13T02:30:00","slug":"neue-90-solarmodul-kabelklemme-aus-edelstahl-304","status":"publish","type":"product","link":"https:\/\/senyenergy.com\/de\/product\/neue-90-solarmodul-kabelklemme-aus-edelstahl-304\/","title":{"rendered":"Neue 90\u00b0 Solarmodul-Kabelklemme aus Edelstahl 304"},"content":{"rendered":"<p>Neue 2 Dr\u00e4hte <strong>90\u00b0 <b>Solarmodul-Kabelklemme<\/b><\/strong>\u00a0wurde entwickelt, um die an die Solarmodule angeschlossenen Kabel sicher zu halten und zu organisieren und eine saubere und effiziente Installation zu gew\u00e4hrleisten.<\/p>\n<p>Unsere 2 Dr\u00e4hte <strong>90\u00b0<\/strong> <strong><b>Solarmodul-Kabelklemme<\/b><\/strong>\u00a0verdrehte Design f\u00fcr ultimative Benutzerfreundlichkeit und und Entfernung ohne Werkzeug f\u00fcr den schnellen Einsatz. Au\u00dferdem passt es in Standard-Panelrahmen von 1 bis 3 mm Dicke. Dar\u00fcber hinaus unterst\u00fctzt das Doppelkompressionsdesign Kabel mit einem Durchmesser von 4 bis 7 mm. Die R\u00fcckseite ist mit Widerhaken versehen, um zu verhindern, dass die Klemme nach der Installation abf\u00e4llt. Sie ist f\u00fcr Kabel an Komponenten und Wechselrichterkabel geeignet. Gratfreie Kanten verhindern eine Besch\u00e4digung der Kabelisolierung.<\/p>\n<p>&nbsp;<\/p>\n<p>Eigenschaften von 2 Dr\u00e4hten 90\u00b0 <strong><b>Solarmodul-Kabelklemme<\/b><\/strong><\/p>\n<ol>\n<li>EFFIZIENZ VERBESSERN: Die Kabelklemmen verbessern die Effizienz der Installation vor Ort und sparen Zeit und Arbeit bei der Installation von PV-Anlagen.<\/li>\n<li>304 EDELSTAHL: Die Kabelklemmen sind aus 304er Edelstahl gefertigt, der stark, verschlei\u00dffest und rostbest\u00e4ndig ist.<\/li>\n<li>BARB DESIGN: Die R\u00fcckseite ist mit Widerhaken versehen, um zu verhindern, dass die Drahtklammer nach der Installation abf\u00e4llt, und um eine sichere Befestigung zu gew\u00e4hrleisten.<\/li>\n<li>NACHHALTIGES DESIGN: Spezielles Zungen-Design erleichtert die einfache Montage und Demontage ohne Werkzeug, mit Gratkanten k\u00f6nnen Sch\u00e4den an der Kabelisolierung effektiv verhindert werden.<\/li>\n<li>UND ZUVERL\u00c4SSIG: Die PV-Kabelklemme hat eine hohe Belastbarkeit, Wind, Vibration und Wasser, um Sicherheit und Zuverl\u00e4ssigkeit zu gew\u00e4hrleisten.<\/li>\n<li>RIGHT ANGLE DESIGN\uff1aH\u00e4lt die Kabel in 90\u00b0-Drehungen an den Platten\/Rahmen und verhindert so ein Durchh\u00e4ngen oder H\u00e4ngenbleiben.<\/li>\n<li>UNIVERSALKOMPATIBILIT\u00c4T\uff1aPasst f\u00fcr Solarkabel mit einem Durchmesser von 4-7 mm (MC4-Stecker lassen sich leicht durchschieben).<\/li>\n<\/ol>\n<p>&nbsp;<\/p>\n<p>Spezifikation von 2 Dr\u00e4hten <strong>90\u00b0<\/strong> <strong><b>Solarmodul-Kabelklemme<\/b><\/strong>:<\/p>\n<p>Artikel Typ: Solarmodul-Kabelklemme<\/p>\n<p>Material: 304 Edelstahl<\/p>\n<p>&nbsp;<\/p>\n<p>Anwendungen von 90\u00b0 <strong><b>Solarmodul-Kabelklemme<\/b><\/strong>:<\/p>\n<p>Solaranlagen f\u00fcr Wohnh\u00e4user: Ideal f\u00fcr die Organisation von Kabeln auf D\u00e4chern und entlang von W\u00e4nden.<\/p>\n<p>Kommerzielle Solarprojekte: N\u00fctzlich bei gr\u00f6\u00dferen Installationen, bei denen das Kabelmanagement entscheidend ist.<\/p>\n<p>Anwendungen f\u00fcr Wohnmobile und Schiffe: Sorgt f\u00fcr Ordnung und Sicherheit in mobilen Einrichtungen.<\/p>\n<p>&nbsp;<\/p>\n<p>Die 304 Edelstahl 2 Dr\u00e4hte\u00a0<strong>90\u00b0<\/strong> <strong><b>Solarmodul-Kabelklemme <\/b><\/strong>ist ein effektives Hilfsmittel f\u00fcr die Organisation und Sicherung von Kabeln in Solarmodulsystemen. Ihr Design und ihre Langlebigkeit machen sie zu einer wertvollen Erg\u00e4nzung f\u00fcr jede Solaranlage und verbessern sowohl die Funktionalit\u00e4t als auch die \u00c4sthetik.  Andere Serien von Kabelklemmen sind sowohl f\u00fcr gerahmte als auch f\u00fcr rahmenlose PV-Module in verschiedenen Gr\u00f6\u00dfen erh\u00e4ltlich. Wir freuen uns auf Ihre Anfrage zu unseren Edelstahl-Solar-PV-Kabelklemmen. Wenn Sie weitere Fragen haben oder spezifische Empfehlungen ben\u00f6tigen, fragen Sie uns einfach!<\/p>","protected":false},"excerpt":{"rendered":"<p>Unser 90\u00b0 <strong><b>Solarmodul-Kabelklemme<\/b><\/strong>\u00a0verdrehte Design f\u00fcr ultimative Benutzerfreundlichkeit und und Entfernung ohne Werkzeug f\u00fcr den schnellen Einsatz. Au\u00dferdem passt es in Standard-Panelrahmen von 1 bis 3 mm Dicke. Dar\u00fcber hinaus unterst\u00fctzt das Doppelkompressionsdesign Kabel mit einem Durchmesser von 4 bis 7 mm. Die R\u00fcckseite ist mit Widerhaken versehen, um zu verhindern, dass die Klemme nach der Installation abf\u00e4llt. Sie ist f\u00fcr Kabel an Komponenten und Wechselrichterkabel geeignet. Gratfreie Kanten verhindern eine Besch\u00e4digung der Kabelisolierung.<\/p>\n<div class=\"wp-block-button popmake-1937\"><a class=\"wp-block-button__link wp-element-button\">Preispr\u00fcfung<\/a><\/div>","protected":false},"featured_media":2502,"template":"","meta":{"_uag_custom_page_level_css":"","site-sidebar-layout":"default","site-content-layout":"","ast-site-content-layout":"default","site-content-style":"default","site-sidebar-style":"default","ast-global-header-display":"","ast-banner-title-visibility":"","ast-main-header-display":"","ast-hfb-above-header-display":"","ast-hfb-below-header-display":"","ast-hfb-mobile-header-display":"","site-post-title":"","ast-breadcrumbs-content":"","ast-featured-img":"","footer-sml-layout":"","ast-disable-related-posts":"","theme-transparent-header-meta":"default","adv-header-id-meta":"","stick-header-meta":"","header-above-stick-meta":"","header-main-stick-meta":"","header-below-stick-meta":"","astra-migrate-meta-layouts":"set","ast-page-background-enabled":"default","ast-page-background-meta":{"desktop":{"background-color":"","background-image":"","background-repeat":"repeat","background-position":"center center","background-size":"auto","background-attachment":"scroll","background-type":"","background-media":"","overlay-type":"","overlay-color":"","overlay-opacity":"","overlay-gradient":""},"tablet":{"background-color":"","background-image":"","background-repeat":"repeat","background-position":"center center","background-size":"auto","background-attachment":"scroll","background-type":"","background-media":"","overlay-type":"","overlay-color":"","overlay-opacity":"","overlay-gradient":""},"mobile":{"background-color":"","background-image":"","background-repeat":"repeat","background-position":"center center","background-size":"auto","background-attachment":"scroll","background-type":"","background-media":"","overlay-type":"","overlay-color":"","overlay-opacity":"","overlay-gradient":""}},"ast-content-background-meta":{"desktop":{"background-color":"var(--ast-global-color-5)","background-image":"","background-repeat":"repeat","background-position":"center center","background-size":"auto","background-attachment":"scroll","background-type":"","background-media":"","overlay-type":"","overlay-color":"","overlay-opacity":"","overlay-gradient":""},"tablet":{"background-color":"var(--ast-global-color-5)","background-image":"","background-repeat":"repeat","background-position":"center center","background-size":"auto","background-attachment":"scroll","background-type":"","background-media":"","overlay-type":"","overlay-color":"","overlay-opacity":"","overlay-gradient":""},"mobile":{"background-color":"var(--ast-global-color-5)","background-image":"","background-repeat":"repeat","background-position":"center center","background-size":"auto","background-attachment":"scroll","background-type":"","background-media":"","overlay-type":"","overlay-color":"","overlay-opacity":"","overlay-gradient":""}}},"product_brand":[],"product_cat":[25,23,132,33],"product_tag":[151,152,77,55,150,34,148,36,149,65,153],"class_list":{"0":"post-2501","1":"product","2":"type-product","3":"status-publish","4":"has-post-thumbnail","6":"product_cat-excellent","7":"product_cat-solar-accessories","8":"product_cat-solar-mounting-components","9":"product_cat-solar-panel-accessories","10":"product_tag-2-wires-solar-cable-clip","11":"product_tag-4-wires-solar-panel-cable-clip","12":"product_tag-solar-cable-clip","13":"product_tag-solar-clamp","14":"product_tag-solar-mc4-cable-clip","15":"product_tag-solar-panel","16":"product_tag-solar-panel-cable-clip","17":"product_tag-solar-panel-clip","18":"product_tag-solar-pv-cable-clip","19":"product_tag-solar-pv-clip","20":"product_tag-sus304-solar-cable-clip","21":"desktop-align-left","22":"tablet-align-left","23":"mobile-align-left","25":"first","26":"instock","27":"shipping-taxable","28":"product-type-simple"},"spectra_custom_meta":{"_uabb_version":["1.36.1"],"_edit_last":["1"],"_edit_lock":["1752373745:1"],"_thumbnail_id":["2502"],"total_sales":["0"],"_tax_status":["taxable"],"_tax_class":[""],"_manage_stock":["no"],"_backorders":["no"],"_sold_individually":["no"],"_virtual":["no"],"_downloadable":["no"],"_download_limit":["-1"],"_download_expiry":["-1"],"_stock":[null],"_stock_status":["instock"],"_wc_average_rating":["0"],"_wc_review_count":["0"],"_product_version":["9.6.2"],"_product_image_gallery":["2504,2503,2505,2506"],"site-sidebar-layout":["default"],"ast-site-content-layout":["default"],"site-content-style":["default"],"site-sidebar-style":["default"],"theme-transparent-header-meta":["default"],"astra-migrate-meta-layouts":["set"],"_uag_page_assets":["a:9:{s:3:\"css\";s:5318:\".uag-blocks-common-selector{z-index:var(--z-index-desktop) !important}@media (max-width: 976px){.uag-blocks-common-selector{z-index:var(--z-index-tablet) !important}}@media (max-width: 767px){.uag-blocks-common-selector{z-index:var(--z-index-mobile) !important}}\n.wp-block-uagb-faq{width:100%}.wp-block-uagb-faq.uagb-faq-layout-accordion .uagb-faq-child__outer-wrap .uagb-faq-questions-button{cursor:pointer}.wp-block-uagb-faq .uagb-faq-content{margin-bottom:0}.wp-block-uagb-faq .uagb-faq-content p{margin:auto}.uagb-faq-layout-grid.uagb-faq-equal-height.uagb-faq__wrap .uagb-faq-child__outer-wrap,.uagb-faq-layout-grid.uagb-faq-equal-height.uagb-faq__wrap .uagb-faq-item{height:100%}body[class*=\"astra\"] .uagb-faq-questions{line-height:normal}.uagb-faq-item{overflow:hidden}\n.wp-block-uagb-faq-child .uagb-faq-questions-button{display:flex;align-items:center}.wp-block-uagb-faq-child .uagb-faq-questions-button .uagb-faq-icon-wrap{display:flex;align-items:center}.wp-block-uagb-faq-child .uagb-faq-questions-button .uagb-question{width:100%;margin-top:0;margin-bottom:0}.wp-block-uagb-faq-child .uagb-icon svg,.wp-block-uagb-faq-child .uagb-icon-active svg{width:15px;height:15px;font-size:15px}.wp-block-uagb-faq-child.uagb-faq-child__outer-wrap.uagb-faq-item .uagb-icon-active,.wp-block-uagb-faq-child.uagb-faq-child__outer-wrap.uagb-faq-item.uagb-faq-item-active .uagb-icon,.wp-block-uagb-faq-child.uagb-faq-child__outer-wrap .uagb-faq-item .uagb-icon-active,.wp-block-uagb-faq-child.uagb-faq-child__outer-wrap .uagb-faq-item.uagb-faq-item-active .uagb-icon{display:none;width:0;padding:0;height:0;margin:0}.wp-block-uagb-faq-child.uagb-faq-child__outer-wrap.uagb-faq-item .uagb-icon,.wp-block-uagb-faq-child.uagb-faq-child__outer-wrap.uagb-faq-item.uagb-faq-item-active .uagb-icon-active,.wp-block-uagb-faq-child.uagb-faq-child__outer-wrap .uagb-faq-item .uagb-icon,.wp-block-uagb-faq-child.uagb-faq-child__outer-wrap .uagb-faq-item.uagb-faq-item-active .uagb-icon-active{display:flex;width:auto;height:auto}.uagb-faq-layout-grid .uagb-faq-child__outer-wrap.uagb-faq-item .uagb-icon,.uagb-faq-layout-grid .uagb-faq-child__outer-wrap.uagb-faq-item.uagb-faq-item-active .uagb-icon-active,.uagb-faq-layout-grid .uagb-faq-child__outer-wrap .uagb-faq-item .uagb-icon,.uagb-faq-layout-grid .uagb-faq-child__outer-wrap .uagb-faq-item.uagb-faq-item-active .uagb-icon-active{display:none}.uagb-faq-layout-grid .uagb-faq-child__outer-wrap.uagb-faq-item span.uagb-icon-active.uagb-faq-icon-wrap,.uagb-faq-layout-grid .uagb-faq-child__outer-wrap.uagb-faq-item.uagb-faq-item-active .uagb-icon-active,.uagb-faq-layout-grid .uagb-faq-child__outer-wrap .uagb-faq-item span.uagb-icon-active.uagb-faq-icon-wrap,.uagb-faq-layout-grid .uagb-faq-child__outer-wrap .uagb-faq-item.uagb-faq-item-active .uagb-icon-active{display:none}\n.uagb-block-55b5edaf .uagb-icon svg{width: 12px;height: 12px;font-size: 12px;}.uagb-block-55b5edaf .uagb-icon-active svg{width: 12px;height: 12px;font-size: 12px;}.uagb-block-55b5edaf .uagb-faq-child__outer-wrap{margin-bottom: 10px;}.uagb-block-55b5edaf .uagb-faq-item{border-top-width: 1px;border-left-width: 1px;border-right-width: 1px;border-bottom-width: 1px;border-top-left-radius: 2px;border-top-right-radius: 2px;border-bottom-left-radius: 2px;border-bottom-right-radius: 2px;border-color: #1e1e1e;border-style: solid;}.uagb-block-55b5edaf .uagb-faq-questions-button{padding-top: 10px;padding-bottom: 10px;padding-right: 10px;padding-left: 10px;}.uagb-block-55b5edaf .uagb-faq-content{padding-top: 10px;padding-bottom: 10px;padding-right: 10px;padding-left: 10px;}.uagb-block-55b5edaf .uagb-faq-content span{margin-top: 10px;margin-bottom: 10px;margin-right: 10px;margin-left: 10px;}.uagb-block-55b5edaf.uagb-faq-icon-row .uagb-faq-item .uagb-faq-icon-wrap{margin-right: 10px;}.uagb-block-55b5edaf.uagb-faq-icon-row-reverse .uagb-faq-item .uagb-faq-icon-wrap{margin-left: 10px;}.uagb-block-55b5edaf .uagb-faq-item .uagb-faq-questions-button.uagb-faq-questions{flex-direction: row;}.uagb-block-55b5edaf .wp-block-uagb-faq-child.uagb-faq-child__outer-wrap .uagb-faq-content {display: none;}@media only screen and (max-width: 976px) {.uagb-block-55b5edaf.uagb-faq-icon-row .uagb-faq-item .uagb-faq-icon-wrap{margin-right: 10px;}.uagb-block-55b5edaf.uagb-faq-icon-row-reverse .uagb-faq-item .uagb-faq-icon-wrap{margin-left: 10px;}.uagb-block-55b5edaf .uagb-faq-questions-button{padding-top: 10px;padding-bottom: 10px;padding-right: 10px;padding-left: 10px;}.uagb-block-55b5edaf .uagb-faq-content{padding-top: 10px;padding-bottom: 10px;padding-right: 10px;padding-left: 10px;}.uagb-block-55b5edaf .uagb-faq-content span{margin-top: 10px;margin-bottom: 10px;margin-right: 10px;margin-left: 10px;}}@media only screen and (max-width: 767px) {.uagb-block-55b5edaf.uagb-faq-icon-row .uagb-faq-item .uagb-faq-icon-wrap{margin-right: 10px;}.uagb-block-55b5edaf.uagb-faq-icon-row-reverse .uagb-faq-item .uagb-faq-icon-wrap{margin-left: 10px;}.uagb-block-55b5edaf .uagb-faq-questions-button{padding-top: 10px;padding-bottom: 10px;padding-right: 10px;padding-left: 10px;}.uagb-block-55b5edaf .uagb-faq-content{padding-top: 10px;padding-bottom: 10px;padding-right: 10px;padding-left: 10px;}.uagb-block-55b5edaf .uagb-faq-content span{margin-top: 10px;margin-bottom: 10px;margin-right: 10px;margin-left: 10px;}}\";s:2:\"js\";s:0:\"\";s:18:\"current_block_list\";a:10:{i:0;s:11:\"core\/search\";i:1;s:10:\"core\/group\";i:2;s:12:\"core\/heading\";i:3;s:17:\"core\/latest-posts\";i:4;s:20:\"core\/latest-comments\";i:5;s:13:\"core\/archives\";i:6;s:15:\"core\/categories\";i:7;s:14:\"core\/paragraph\";i:8;s:8:\"uagb\/faq\";i:9;s:14:\"uagb\/faq-child\";}s:8:\"uag_flag\";b:1;s:11:\"uag_version\";s:10:\"1775829763\";s:6:\"gfonts\";a:0:{}s:10:\"gfonts_url\";s:0:\"\";s:12:\"gfonts_files\";a:0:{}s:14:\"uag_faq_layout\";b:1;}"],"_uag_css_file_name":["uag-css-2501.css"]},"uagb_featured_image_src":{"full":["https:\/\/senyenergy.com\/wp-content\/uploads\/2025\/05\/90-degree-cable-clip.jpg",800,800,false],"thumbnail":["https:\/\/senyenergy.com\/wp-content\/uploads\/2025\/05\/90-degree-cable-clip-150x150.jpg",150,150,true],"medium":["https:\/\/senyenergy.com\/wp-content\/uploads\/2025\/05\/90-degree-cable-clip-300x300.jpg",300,300,true],"medium_large":["https:\/\/senyenergy.com\/wp-content\/uploads\/2025\/05\/90-degree-cable-clip-768x768.jpg",768,768,true],"large":["https:\/\/senyenergy.com\/wp-content\/uploads\/2025\/05\/90-degree-cable-clip.jpg",800,800,false],"1536x1536":["https:\/\/senyenergy.com\/wp-content\/uploads\/2025\/05\/90-degree-cable-clip.jpg",800,800,false],"2048x2048":["https:\/\/senyenergy.com\/wp-content\/uploads\/2025\/05\/90-degree-cable-clip.jpg",800,800,false],"trp-custom-language-flag":["https:\/\/senyenergy.com\/wp-content\/uploads\/2025\/05\/90-degree-cable-clip-12x12.jpg",12,12,true],"woocommerce_thumbnail":["https:\/\/senyenergy.com\/wp-content\/uploads\/2025\/05\/90-degree-cable-clip-300x300.jpg",300,300,true],"woocommerce_single":["https:\/\/senyenergy.com\/wp-content\/uploads\/2025\/05\/90-degree-cable-clip-600x600.jpg",600,600,true],"woocommerce_gallery_thumbnail":["https:\/\/senyenergy.com\/wp-content\/uploads\/2025\/05\/90-degree-cable-clip-100x100.jpg",100,100,true]},"uagb_author_info":{"display_name":"wp-admin","author_link":"https:\/\/senyenergy.com\/de\/author\/"},"uagb_comment_info":0,"uagb_excerpt":"Our 90\u00b0 solar panel cable clip\u00a0twisted design for ultimate ease of use and and removal without tools for fast deployment. Besides, it can fits standard panel frames from 1 to 3 mm thick. Furthermore, Double-compression design supports cables from 4 to 7 mm in diameter. The back is designed with barbs to prevent the clip&hellip;","_links":{"self":[{"href":"https:\/\/senyenergy.com\/de\/wp-json\/wp\/v2\/product\/2501","targetHints":{"allow":["GET"]}}],"collection":[{"href":"https:\/\/senyenergy.com\/de\/wp-json\/wp\/v2\/product"}],"about":[{"href":"https:\/\/senyenergy.com\/de\/wp-json\/wp\/v2\/types\/product"}],"wp:featuredmedia":[{"embeddable":true,"href":"https:\/\/senyenergy.com\/de\/wp-json\/wp\/v2\/media\/2502"}],"wp:attachment":[{"href":"https:\/\/senyenergy.com\/de\/wp-json\/wp\/v2\/media?parent=2501"}],"wp:term":[{"taxonomy":"product_brand","embeddable":true,"href":"https:\/\/senyenergy.com\/de\/wp-json\/wp\/v2\/product_brand?post=2501"},{"taxonomy":"product_cat","embeddable":true,"href":"https:\/\/senyenergy.com\/de\/wp-json\/wp\/v2\/product_cat?post=2501"},{"taxonomy":"product_tag","embeddable":true,"href":"https:\/\/senyenergy.com\/de\/wp-json\/wp\/v2\/product_tag?post=2501"}],"curies":[{"name":"wp","href":"https:\/\/api.w.org\/{rel}","templated":true}]}}