{"id":2494,"date":"2025-05-28T12:03:25","date_gmt":"2025-05-28T04:03:25","guid":{"rendered":"https:\/\/senyenergy.com\/?post_type=product&#038;p=2494"},"modified":"2025-07-13T12:00:56","modified_gmt":"2025-07-13T04:00:56","slug":"neue-verstellbare-solarpanel-z-halterung-kit-fur-wohnmobile-anhanger-boote-yachten-dach","status":"publish","type":"product","link":"https:\/\/senyenergy.com\/de\/product\/neue-verstellbare-solarpanel-z-halterung-kit-fur-wohnmobile-anhanger-boote-yachten-dach\/","title":{"rendered":"Neuer verstellbarer Solarpanel-Halterungssatz f\u00fcr Wohnmobile, Anh\u00e4nger, Boote, Yachten, D\u00e4cher"},"content":{"rendered":"<p>Haben Sie genug von unzuverl\u00e4ssigen Solarhalterungen? Unser Ne<strong>w Verstellbare Solarmodulhalterung<\/strong> bietet eine robuste L\u00f6sung zur Maximierung Ihrer Solarinvestition. Die auf Langlebigkeit und Flexibilit\u00e4t ausgelegten Halterungen erm\u00f6glichen eine pr\u00e4zise Winkelanpassung, um das maximale Sonnenlicht einzufangen, egal ob sie geparkt, verankert oder in Bewegung sind. Sie sind ideal f\u00fcr unebene Oberfl\u00e4chen und ihre korrosionsbest\u00e4ndige Konstruktion gew\u00e4hrleistet eine lange Lebensdauer im Wasser und im Freien.<\/p>\n<p>Die neue <strong>Einstellbar <b>Solarmodul-Halterung <\/b><\/strong>Diese Halterungen verf\u00fcgen \u00fcber ein Z-f\u00f6rmiges Design, das f\u00fcr optimale Festigkeit und Stabilit\u00e4t sorgt und einen Winkelverstellbereich aufweist: 0\u00b0-180\u00b0H\u00f6henverstellbereich der Halterung: 4,7\u2033-6,7\u2033(120-170mm), um sicherzustellen, dass Ihre Solarmodule fest an ihrem Platz befestigt sind, auch unter schwierigen Bedingungen wie rauen Gew\u00e4ssern oder windigen Wohnmobilstellpl\u00e4tzen.<\/p>\n<p>&nbsp;<\/p>\n<p>Merkmale von New <strong>Einstellbar<b> Solarmodul-Halterung <\/b><\/strong>Bausatz<\/p>\n<ol>\n<li>Einstellbares Design: Erm\u00f6glicht die Einstellung des Winkels zur optimalen Positionierung des Solarpanels f\u00fcr maximale Sonneneinstrahlung.<\/li>\n<li>Vielseitige Kompatibilit\u00e4t: Geeignet f\u00fcr verschiedene Solarmodulgr\u00f6\u00dfen und -typen, dadurch flexibel f\u00fcr verschiedene Anwendungen.<\/li>\n<li>Kompletter Bausatz: Enth\u00e4lt in der Regel alle f\u00fcr die Installation erforderlichen Teile wie Schrauben, Unterlegscheiben und Montagehalterungen.<\/li>\n<li>Einfach zu benutzen: Einzigartiges Design, perfekt f\u00fcr unregelm\u00e4\u00dfige Oberfl\u00e4chen, ideal f\u00fcr die Montage kleiner Solarmodule<\/li>\n<li>Platzsparend: Kompaktes Design ist ideal f\u00fcr begrenzte R\u00e4ume auf Fahrzeuge RVs, Anh\u00e4nger, Boote, Wohnmobil, Yachten, Wand, Kabinen, Schuppen, Garagen und andere Off Gird D\u00e4cher<\/li>\n<\/ol>\n<p>Aluminium-Legierung, Oberfl\u00e4che eloxiert ( Anti-Korrosion, Verschlei\u00dffestigkeit Isolierung, hohe Festigkeit und Z\u00e4higkeit)<\/p>\n<p>Flexible L\u00e4nge: 4,7\u2033-6,7\u2033 (120-170mm),<\/p>\n<p>Einstellbarer Winkelbereich 20\u00b0~160\u00b0<\/p>\n<p>Paket: 4 St\u00fcck Solarpanel Kipphalterung, 3 St\u00fcck Muttern und 3 St\u00fcck Bolzen<\/p>\n<p>&nbsp;<\/p>\n<p>Anwendungen der neuen <strong>Einstellbar<b> Solarmodul-Halterung <\/b><\/strong>Bausatz<\/p>\n<p>Die neue <strong>Einstellbar<b> Solarmodul-Halterung <\/b><\/strong>Kit Passend f\u00fcr: Wohnmobil-Solarmodul-Halterungen, Wohnmobil-Solarmodul-Halterung. Wohnmobil-Solarmodul-Halterungen, Wohnmobil-Solarmodul-Halterung. Camping-Solarmodul-Halterungen, Camping-Solarmodul-Halterungen. Z-f\u00f6rmige Aluminium-Halterungen f\u00fcr Wohnmobil-Solarmodule f\u00fcr die Installation von festen flachen Modulen. Es kann auch f\u00fcr die Installation von Solarmodulen mit verschiedenen Spezifikationen wie Ampeln, Warnleuchten, Anzeigeleuchten und Sicherheitsbeleuchtung Backup-Strom verwendet werden.<\/p>\n<p>&nbsp;<\/p>\n<p>Dieses Produkt ist eine gute Wahl f\u00fcr flach montierte Systeme auf flachen oder gew\u00f6lbten D\u00e4chern. Kompatibel mit allen Dachtypen und Solarmodulen.<\/p>\n<p><strong><b>Verstellbare Solarmodulhalterung <\/b><\/strong>Kits sind ideal f\u00fcr die Installation einzelner Solarmodule von 50w~200w auf Wohnmobilen, Anh\u00e4ngern, Booten, Wohnmobilen, Yachten, W\u00e4nden, H\u00fctten, Schuppen, Garagen und anderen D\u00e4chern au\u00dferhalb des Daches geeignet. F\u00fcr gro\u00dfe Solarpanel-System, empfehlen wir, dass Sie 4 Klammern (2 Paare) f\u00fcr eine stabilere Installation w\u00e4hlen<\/p>\n<p>&nbsp;<\/p>\n<p>&nbsp;<\/p>","protected":false},"excerpt":{"rendered":"<p>Die neue einstellbare <strong><b>Bausatz Solarmodul Z-Halterung<\/b><\/strong>\u00a0Diese Halterungen verf\u00fcgen \u00fcber ein Z-f\u00f6rmiges Design, das f\u00fcr optimale Festigkeit und Stabilit\u00e4t sorgt und einen Winkelverstellbereich aufweist: 0\u00b0-180\u00b0H\u00f6henverstellbereich der Halterung: 4.7\u2033-6.7\u2033(120-170mm), um sicherzustellen, dass Ihre Solarmodule fest an ihrem Platz befestigt sind, auch unter schwierigen Bedingungen wie rauen Gew\u00e4ssern oder windigen Wohnmobilstellpl\u00e4tzen.<\/p>\n<div class=\"wp-block-button popmake-1937\"><a class=\"wp-block-button__link wp-element-button\">Preispr\u00fcfung<\/a><\/div>","protected":false},"featured_media":2495,"template":"","meta":{"_uag_custom_page_level_css":"","site-sidebar-layout":"default","site-content-layout":"","ast-site-content-layout":"default","site-content-style":"default","site-sidebar-style":"default","ast-global-header-display":"","ast-banner-title-visibility":"","ast-main-header-display":"","ast-hfb-above-header-display":"","ast-hfb-below-header-display":"","ast-hfb-mobile-header-display":"","site-post-title":"","ast-breadcrumbs-content":"","ast-featured-img":"","footer-sml-layout":"","ast-disable-related-posts":"","theme-transparent-header-meta":"default","adv-header-id-meta":"","stick-header-meta":"","header-above-stick-meta":"","header-main-stick-meta":"","header-below-stick-meta":"","astra-migrate-meta-layouts":"set","ast-page-background-enabled":"default","ast-page-background-meta":{"desktop":{"background-color":"","background-image":"","background-repeat":"repeat","background-position":"center center","background-size":"auto","background-attachment":"scroll","background-type":"","background-media":"","overlay-type":"","overlay-color":"","overlay-opacity":"","overlay-gradient":""},"tablet":{"background-color":"","background-image":"","background-repeat":"repeat","background-position":"center center","background-size":"auto","background-attachment":"scroll","background-type":"","background-media":"","overlay-type":"","overlay-color":"","overlay-opacity":"","overlay-gradient":""},"mobile":{"background-color":"","background-image":"","background-repeat":"repeat","background-position":"center center","background-size":"auto","background-attachment":"scroll","background-type":"","background-media":"","overlay-type":"","overlay-color":"","overlay-opacity":"","overlay-gradient":""}},"ast-content-background-meta":{"desktop":{"background-color":"var(--ast-global-color-5)","background-image":"","background-repeat":"repeat","background-position":"center center","background-size":"auto","background-attachment":"scroll","background-type":"","background-media":"","overlay-type":"","overlay-color":"","overlay-opacity":"","overlay-gradient":""},"tablet":{"background-color":"var(--ast-global-color-5)","background-image":"","background-repeat":"repeat","background-position":"center center","background-size":"auto","background-attachment":"scroll","background-type":"","background-media":"","overlay-type":"","overlay-color":"","overlay-opacity":"","overlay-gradient":""},"mobile":{"background-color":"var(--ast-global-color-5)","background-image":"","background-repeat":"repeat","background-position":"center center","background-size":"auto","background-attachment":"scroll","background-type":"","background-media":"","overlay-type":"","overlay-color":"","overlay-opacity":"","overlay-gradient":""}}},"product_brand":[],"product_cat":[25,132,24],"product_tag":[147,144,139,80,143,142,137,47,46,138,145,140],"class_list":{"0":"post-2494","1":"product","2":"type-product","3":"status-publish","4":"has-post-thumbnail","6":"product_cat-excellent","7":"product_cat-solar-mounting-components","8":"product_cat-solar-mounting-system","9":"product_tag-adjustable-solar-panel-brackets","10":"product_tag-boat-solar-installation","11":"product_tag-boats-solar-mounting","12":"product_tag-rail-free-solar-mounting","13":"product_tag-rv-solar-mounting-kit","14":"product_tag-rv-solar-panel-mount","15":"product_tag-rvs-solar-mounting","16":"product_tag-solar-adjustable-kits","17":"product_tag-solar-adjustable-mounting","18":"product_tag-trailers-solar-system","19":"product_tag-universal-z-brackets","20":"product_tag-yachts-solar-brackets","21":"desktop-align-left","22":"tablet-align-left","23":"mobile-align-left","25":"first","26":"instock","27":"shipping-taxable","28":"product-type-simple"},"spectra_custom_meta":{"_uabb_version":["1.36.1"],"_edit_last":["1"],"_edit_lock":["1752379184:1"],"_thumbnail_id":["2495"],"total_sales":["0"],"_tax_status":["taxable"],"_tax_class":[""],"_manage_stock":["no"],"_backorders":["no"],"_sold_individually":["no"],"_virtual":["no"],"_downloadable":["no"],"_download_limit":["-1"],"_download_expiry":["-1"],"_stock":[null],"_stock_status":["instock"],"_wc_average_rating":["0"],"_wc_review_count":["0"],"_product_version":["9.6.2"],"_product_image_gallery":["2497,2496,2498,2499,2500"],"site-sidebar-layout":["default"],"ast-site-content-layout":["default"],"site-content-style":["default"],"site-sidebar-style":["default"],"theme-transparent-header-meta":["default"],"astra-migrate-meta-layouts":["set"],"_uag_page_assets":["a:9:{s:3:\"css\";s:5318:\".uag-blocks-common-selector{z-index:var(--z-index-desktop) !important}@media (max-width: 976px){.uag-blocks-common-selector{z-index:var(--z-index-tablet) !important}}@media (max-width: 767px){.uag-blocks-common-selector{z-index:var(--z-index-mobile) !important}}\n.wp-block-uagb-faq{width:100%}.wp-block-uagb-faq.uagb-faq-layout-accordion .uagb-faq-child__outer-wrap .uagb-faq-questions-button{cursor:pointer}.wp-block-uagb-faq .uagb-faq-content{margin-bottom:0}.wp-block-uagb-faq .uagb-faq-content p{margin:auto}.uagb-faq-layout-grid.uagb-faq-equal-height.uagb-faq__wrap .uagb-faq-child__outer-wrap,.uagb-faq-layout-grid.uagb-faq-equal-height.uagb-faq__wrap .uagb-faq-item{height:100%}body[class*=\"astra\"] .uagb-faq-questions{line-height:normal}.uagb-faq-item{overflow:hidden}\n.wp-block-uagb-faq-child .uagb-faq-questions-button{display:flex;align-items:center}.wp-block-uagb-faq-child .uagb-faq-questions-button .uagb-faq-icon-wrap{display:flex;align-items:center}.wp-block-uagb-faq-child .uagb-faq-questions-button .uagb-question{width:100%;margin-top:0;margin-bottom:0}.wp-block-uagb-faq-child .uagb-icon svg,.wp-block-uagb-faq-child .uagb-icon-active svg{width:15px;height:15px;font-size:15px}.wp-block-uagb-faq-child.uagb-faq-child__outer-wrap.uagb-faq-item .uagb-icon-active,.wp-block-uagb-faq-child.uagb-faq-child__outer-wrap.uagb-faq-item.uagb-faq-item-active .uagb-icon,.wp-block-uagb-faq-child.uagb-faq-child__outer-wrap .uagb-faq-item .uagb-icon-active,.wp-block-uagb-faq-child.uagb-faq-child__outer-wrap .uagb-faq-item.uagb-faq-item-active .uagb-icon{display:none;width:0;padding:0;height:0;margin:0}.wp-block-uagb-faq-child.uagb-faq-child__outer-wrap.uagb-faq-item .uagb-icon,.wp-block-uagb-faq-child.uagb-faq-child__outer-wrap.uagb-faq-item.uagb-faq-item-active .uagb-icon-active,.wp-block-uagb-faq-child.uagb-faq-child__outer-wrap .uagb-faq-item .uagb-icon,.wp-block-uagb-faq-child.uagb-faq-child__outer-wrap .uagb-faq-item.uagb-faq-item-active .uagb-icon-active{display:flex;width:auto;height:auto}.uagb-faq-layout-grid .uagb-faq-child__outer-wrap.uagb-faq-item .uagb-icon,.uagb-faq-layout-grid .uagb-faq-child__outer-wrap.uagb-faq-item.uagb-faq-item-active .uagb-icon-active,.uagb-faq-layout-grid .uagb-faq-child__outer-wrap .uagb-faq-item .uagb-icon,.uagb-faq-layout-grid .uagb-faq-child__outer-wrap .uagb-faq-item.uagb-faq-item-active .uagb-icon-active{display:none}.uagb-faq-layout-grid .uagb-faq-child__outer-wrap.uagb-faq-item span.uagb-icon-active.uagb-faq-icon-wrap,.uagb-faq-layout-grid .uagb-faq-child__outer-wrap.uagb-faq-item.uagb-faq-item-active .uagb-icon-active,.uagb-faq-layout-grid .uagb-faq-child__outer-wrap .uagb-faq-item span.uagb-icon-active.uagb-faq-icon-wrap,.uagb-faq-layout-grid .uagb-faq-child__outer-wrap .uagb-faq-item.uagb-faq-item-active .uagb-icon-active{display:none}\n.uagb-block-55b5edaf .uagb-icon svg{width: 12px;height: 12px;font-size: 12px;}.uagb-block-55b5edaf .uagb-icon-active svg{width: 12px;height: 12px;font-size: 12px;}.uagb-block-55b5edaf .uagb-faq-child__outer-wrap{margin-bottom: 10px;}.uagb-block-55b5edaf .uagb-faq-item{border-top-width: 1px;border-left-width: 1px;border-right-width: 1px;border-bottom-width: 1px;border-top-left-radius: 2px;border-top-right-radius: 2px;border-bottom-left-radius: 2px;border-bottom-right-radius: 2px;border-color: #1e1e1e;border-style: solid;}.uagb-block-55b5edaf .uagb-faq-questions-button{padding-top: 10px;padding-bottom: 10px;padding-right: 10px;padding-left: 10px;}.uagb-block-55b5edaf .uagb-faq-content{padding-top: 10px;padding-bottom: 10px;padding-right: 10px;padding-left: 10px;}.uagb-block-55b5edaf .uagb-faq-content span{margin-top: 10px;margin-bottom: 10px;margin-right: 10px;margin-left: 10px;}.uagb-block-55b5edaf.uagb-faq-icon-row .uagb-faq-item .uagb-faq-icon-wrap{margin-right: 10px;}.uagb-block-55b5edaf.uagb-faq-icon-row-reverse .uagb-faq-item .uagb-faq-icon-wrap{margin-left: 10px;}.uagb-block-55b5edaf .uagb-faq-item .uagb-faq-questions-button.uagb-faq-questions{flex-direction: row;}.uagb-block-55b5edaf .wp-block-uagb-faq-child.uagb-faq-child__outer-wrap .uagb-faq-content {display: none;}@media only screen and (max-width: 976px) {.uagb-block-55b5edaf.uagb-faq-icon-row .uagb-faq-item .uagb-faq-icon-wrap{margin-right: 10px;}.uagb-block-55b5edaf.uagb-faq-icon-row-reverse .uagb-faq-item .uagb-faq-icon-wrap{margin-left: 10px;}.uagb-block-55b5edaf .uagb-faq-questions-button{padding-top: 10px;padding-bottom: 10px;padding-right: 10px;padding-left: 10px;}.uagb-block-55b5edaf .uagb-faq-content{padding-top: 10px;padding-bottom: 10px;padding-right: 10px;padding-left: 10px;}.uagb-block-55b5edaf .uagb-faq-content span{margin-top: 10px;margin-bottom: 10px;margin-right: 10px;margin-left: 10px;}}@media only screen and (max-width: 767px) {.uagb-block-55b5edaf.uagb-faq-icon-row .uagb-faq-item .uagb-faq-icon-wrap{margin-right: 10px;}.uagb-block-55b5edaf.uagb-faq-icon-row-reverse .uagb-faq-item .uagb-faq-icon-wrap{margin-left: 10px;}.uagb-block-55b5edaf .uagb-faq-questions-button{padding-top: 10px;padding-bottom: 10px;padding-right: 10px;padding-left: 10px;}.uagb-block-55b5edaf .uagb-faq-content{padding-top: 10px;padding-bottom: 10px;padding-right: 10px;padding-left: 10px;}.uagb-block-55b5edaf .uagb-faq-content span{margin-top: 10px;margin-bottom: 10px;margin-right: 10px;margin-left: 10px;}}\";s:2:\"js\";s:0:\"\";s:18:\"current_block_list\";a:10:{i:0;s:11:\"core\/search\";i:1;s:10:\"core\/group\";i:2;s:12:\"core\/heading\";i:3;s:17:\"core\/latest-posts\";i:4;s:20:\"core\/latest-comments\";i:5;s:13:\"core\/archives\";i:6;s:15:\"core\/categories\";i:7;s:14:\"core\/paragraph\";i:8;s:8:\"uagb\/faq\";i:9;s:14:\"uagb\/faq-child\";}s:8:\"uag_flag\";b:1;s:11:\"uag_version\";s:10:\"1775186820\";s:6:\"gfonts\";a:0:{}s:10:\"gfonts_url\";s:0:\"\";s:12:\"gfonts_files\";a:0:{}s:14:\"uag_faq_layout\";b:1;}"],"_uag_css_file_name":["uag-css-2494.css"]},"uagb_featured_image_src":{"full":["https:\/\/senyenergy.com\/wp-content\/uploads\/2025\/05\/Adjustable-Solar-Panel-Z-Brackets-kit.jpg",800,800,false],"thumbnail":["https:\/\/senyenergy.com\/wp-content\/uploads\/2025\/05\/Adjustable-Solar-Panel-Z-Brackets-kit-150x150.jpg",150,150,true],"medium":["https:\/\/senyenergy.com\/wp-content\/uploads\/2025\/05\/Adjustable-Solar-Panel-Z-Brackets-kit-300x300.jpg",300,300,true],"medium_large":["https:\/\/senyenergy.com\/wp-content\/uploads\/2025\/05\/Adjustable-Solar-Panel-Z-Brackets-kit-768x768.jpg",768,768,true],"large":["https:\/\/senyenergy.com\/wp-content\/uploads\/2025\/05\/Adjustable-Solar-Panel-Z-Brackets-kit.jpg",800,800,false],"1536x1536":["https:\/\/senyenergy.com\/wp-content\/uploads\/2025\/05\/Adjustable-Solar-Panel-Z-Brackets-kit.jpg",800,800,false],"2048x2048":["https:\/\/senyenergy.com\/wp-content\/uploads\/2025\/05\/Adjustable-Solar-Panel-Z-Brackets-kit.jpg",800,800,false],"trp-custom-language-flag":["https:\/\/senyenergy.com\/wp-content\/uploads\/2025\/05\/Adjustable-Solar-Panel-Z-Brackets-kit-12x12.jpg",12,12,true],"woocommerce_thumbnail":["https:\/\/senyenergy.com\/wp-content\/uploads\/2025\/05\/Adjustable-Solar-Panel-Z-Brackets-kit-300x300.jpg",300,300,true],"woocommerce_single":["https:\/\/senyenergy.com\/wp-content\/uploads\/2025\/05\/Adjustable-Solar-Panel-Z-Brackets-kit-600x600.jpg",600,600,true],"woocommerce_gallery_thumbnail":["https:\/\/senyenergy.com\/wp-content\/uploads\/2025\/05\/Adjustable-Solar-Panel-Z-Brackets-kit-100x100.jpg",100,100,true]},"uagb_author_info":{"display_name":"wp-admin","author_link":"https:\/\/senyenergy.com\/de\/author\/"},"uagb_comment_info":0,"uagb_excerpt":"The New Adjustable Solar Panel Z Bracket kit\u00a0can adjust angle and height, ideal for the installation on irregular surfaces and for the optimal tilt angle of solar panels.These brackets feature a Z-shaped design that provides optimal strength and stability with angle adjustment range: 0\u00b0-180\u00b0Bracket height adjustment range: 4.7\"-6.7\"(120-170mm) ensuring your solar panels are firmly fixed&hellip;","_links":{"self":[{"href":"https:\/\/senyenergy.com\/de\/wp-json\/wp\/v2\/product\/2494","targetHints":{"allow":["GET"]}}],"collection":[{"href":"https:\/\/senyenergy.com\/de\/wp-json\/wp\/v2\/product"}],"about":[{"href":"https:\/\/senyenergy.com\/de\/wp-json\/wp\/v2\/types\/product"}],"wp:featuredmedia":[{"embeddable":true,"href":"https:\/\/senyenergy.com\/de\/wp-json\/wp\/v2\/media\/2495"}],"wp:attachment":[{"href":"https:\/\/senyenergy.com\/de\/wp-json\/wp\/v2\/media?parent=2494"}],"wp:term":[{"taxonomy":"product_brand","embeddable":true,"href":"https:\/\/senyenergy.com\/de\/wp-json\/wp\/v2\/product_brand?post=2494"},{"taxonomy":"product_cat","embeddable":true,"href":"https:\/\/senyenergy.com\/de\/wp-json\/wp\/v2\/product_cat?post=2494"},{"taxonomy":"product_tag","embeddable":true,"href":"https:\/\/senyenergy.com\/de\/wp-json\/wp\/v2\/product_tag?post=2494"}],"curies":[{"name":"wp","href":"https:\/\/api.w.org\/{rel}","templated":true}]}}