{"id":2470,"date":"2025-05-21T16:05:00","date_gmt":"2025-05-21T08:05:00","guid":{"rendered":"https:\/\/senyenergy.com\/?post_type=product&#038;p=2470"},"modified":"2025-05-21T16:05:01","modified_gmt":"2025-05-21T08:05:01","slug":"k2-typ-solar-kurze-schienenbefestigung-fur-trapezformiges-metalldach","status":"publish","type":"product","link":"https:\/\/senyenergy.com\/de\/product\/k2-typ-solar-kurze-schienenbefestigung-fur-trapezformiges-metalldach\/","title":{"rendered":"K2 Typ Solar Kurzschienenmontage f\u00fcr Trapezblechdach"},"content":{"rendered":"<p>Der Typ K2<strong><b>\u00a0Solar Kurzschienenmontage<\/b><\/strong>\u00a0ist eine Montagel\u00f6sung f\u00fcr trapezf\u00f6rmige Metalld\u00e4cher, die sich durch ihre sich wiederholenden, trapezf\u00f6rmigen Rippen auszeichnen. Dieses System verwendet k\u00fcrzere Schienen, um die Installation auf solchen Profilen zu optimieren. Das Solar Short Rail Mounting System f\u00fcr Metalld\u00e4cher wurde entwickelt, um die Installation von Solarmodulen zu erleichtern, ohne dass herk\u00f6mmliche Schienensysteme erforderlich sind.<\/p>\n<p>&nbsp;<\/p>\n<p>Hauptkomponenten des <strong><b>Solar Kurzschienenmontage<\/b><\/strong><\/p>\n<p>Kurze Schienen: Leichte schienenfreie Aluminiumschienen (k\u00fcrzer als herk\u00f6mmliche Schienen) f\u00fcr modulare Plattenausrichtung300mm-400mm L\u00e4nge\uff08Standard\uff09.<\/p>\n<p>Mittel- und Endklemmen: Befestigen Sie die Solarmodule an den Schienen.<\/p>\n<p>Dichtungsmittel: Werden bei durchdringenden Systemen verwendet, um die Wasserdichtigkeit zu erhalten.<\/p>\n<p>&nbsp;<\/p>\n<p>Vorteile des <strong><b>Solar Kurzschienenmontage<\/b><\/strong>\u00a0:<\/p>\n<p>Trapezdach-Kompatibilit\u00e4t: Ma\u00dfgeschneidert f\u00fcr g\u00e4ngige trapezf\u00f6rmige Rippenprofile.<\/p>\n<p>Modularer Aufbau: Kurze Schienen vereinfachen die Anpassung und reduzieren den Materialabfall.<\/p>\n<p>Strukturelle Flexibilit\u00e4t: Funktioniert mit Durchdringungs- oder Anklemmmethoden (je nach Konstruktion).<\/p>\n<p>Kosteneffektiv: K\u00fcrzere Schienen k\u00f6nnen die Versand- und Bearbeitungskosten senken.<\/p>\n<p>Hohe Festigkeit: Aluminium-Solarmodul-Montageschienen verwenden AL6005 T5 Aluminiumlegierung Material, das hohe Festigkeit und langlebig ist. rostfrei, in der Lage, Wetterbedingungen, wie starke Winde oder schwere Schneelasten zu widerstehen.<\/p>\n<p>GUTE STATISCHE LASTVERTEILUNG: Dieser trapezf\u00f6rmige Solarmodul-Dachschienentyp reduziert die Sogwirkung auf die Au\u00dfenhaut der Dacheindeckung durch das Gewicht des PV-Systems.<\/p>\n<p>&nbsp;<\/p>\n<p>ANWENDUNG des <strong>Solar Kurzschienenmontage<\/strong>: Kurze Schiene f\u00fcr Trapezblech PV-Solarmontageschiene auf begehbaren Trapezblechd\u00e4chern mit Blechau\u00dfenseite. Kann an verschiedenen Orten wie Yachten, Wohnmobilen, Gartenhausd\u00e4chern, Garagend\u00e4chern, Blechschuppen, Flachd\u00e4chern und Schr\u00e4gd\u00e4chern installiert werden.<\/p>\n<p>&nbsp;<\/p>\n<p>Der Typ K2 <strong><b>Solar Kurzschienenmontage<\/b><\/strong> Das System ist ideal f\u00fcr trapezf\u00f6rmige Metalld\u00e4cher und bietet Flexibilit\u00e4t bei den Installationsmethoden. Das U-Rail-Solarmontagesystem f\u00fcr Metalld\u00e4cher bietet eine praktische und effiziente L\u00f6sung f\u00fcr die Installation von Solarmodulen. Es macht herk\u00f6mmliche Schienensysteme \u00fcberfl\u00fcssig und rationalisiert den Prozess, w\u00e4hrend es gleichzeitig Stabilit\u00e4t und Haltbarkeit bietet. Wir vertreiben unsere Produkte direkt ab Werk, bieten verschiedene Schienentypen zur Auswahl an und unterst\u00fctzen kundenspezifische oder OEM-L\u00f6sungen.<\/p>","protected":false},"excerpt":{"rendered":"<p>Das Solar-Kurzschienen-Montagesystem Typ K2 ist ideal f\u00fcr trapezf\u00f6rmige Metalld\u00e4cher und bietet Flexibilit\u00e4t bei der Montage. Durch den Wegfall herk\u00f6mmlicher Schienensysteme rationalisiert es den Prozess und bietet gleichzeitig Stabilit\u00e4t und Haltbarkeit. Wir vertreiben das System direkt ab Werk, bieten verschiedene Schienentypen zur Auswahl an und unterst\u00fctzen kundenspezifische oder OEM-L\u00f6sungen.<\/p>\n<div class=\"wp-block-button popmake-1937\"><a class=\"wp-block-button__link wp-element-button\">Preispr\u00fcfung<\/a><\/div>","protected":false},"featured_media":2471,"template":"","meta":{"_uag_custom_page_level_css":"","site-sidebar-layout":"default","site-content-layout":"","ast-site-content-layout":"default","site-content-style":"default","site-sidebar-style":"default","ast-global-header-display":"","ast-banner-title-visibility":"","ast-main-header-display":"","ast-hfb-above-header-display":"","ast-hfb-below-header-display":"","ast-hfb-mobile-header-display":"","site-post-title":"","ast-breadcrumbs-content":"","ast-featured-img":"","footer-sml-layout":"","ast-disable-related-posts":"","theme-transparent-header-meta":"default","adv-header-id-meta":"","stick-header-meta":"","header-above-stick-meta":"","header-main-stick-meta":"","header-below-stick-meta":"","astra-migrate-meta-layouts":"set","ast-page-background-enabled":"default","ast-page-background-meta":{"desktop":{"background-color":"","background-image":"","background-repeat":"repeat","background-position":"center center","background-size":"auto","background-attachment":"scroll","background-type":"","background-media":"","overlay-type":"","overlay-color":"","overlay-opacity":"","overlay-gradient":""},"tablet":{"background-color":"","background-image":"","background-repeat":"repeat","background-position":"center center","background-size":"auto","background-attachment":"scroll","background-type":"","background-media":"","overlay-type":"","overlay-color":"","overlay-opacity":"","overlay-gradient":""},"mobile":{"background-color":"","background-image":"","background-repeat":"repeat","background-position":"center center","background-size":"auto","background-attachment":"scroll","background-type":"","background-media":"","overlay-type":"","overlay-color":"","overlay-opacity":"","overlay-gradient":""}},"ast-content-background-meta":{"desktop":{"background-color":"var(--ast-global-color-5)","background-image":"","background-repeat":"repeat","background-position":"center center","background-size":"auto","background-attachment":"scroll","background-type":"","background-media":"","overlay-type":"","overlay-color":"","overlay-opacity":"","overlay-gradient":""},"tablet":{"background-color":"var(--ast-global-color-5)","background-image":"","background-repeat":"repeat","background-position":"center center","background-size":"auto","background-attachment":"scroll","background-type":"","background-media":"","overlay-type":"","overlay-color":"","overlay-opacity":"","overlay-gradient":""},"mobile":{"background-color":"var(--ast-global-color-5)","background-image":"","background-repeat":"repeat","background-position":"center center","background-size":"auto","background-attachment":"scroll","background-type":"","background-media":"","overlay-type":"","overlay-color":"","overlay-opacity":"","overlay-gradient":""}}},"product_brand":[],"product_cat":[25,61,24],"product_tag":[51,80,122,54,120,53,121,119,117,52,118],"class_list":{"0":"post-2470","1":"product","2":"type-product","3":"status-publish","4":"has-post-thumbnail","6":"product_cat-excellent","7":"product_cat-solar-metal-roof-mounting-system","8":"product_cat-solar-mounting-system","9":"product_tag-metal-roof-solar-mounting","10":"product_tag-rail-free-solar-mounting","11":"product_tag-rail-less-solar-mounting","12":"product_tag-rooftop-solar-mounting","13":"product_tag-solar-energy","14":"product_tag-solar-mounting-system","15":"product_tag-solar-panel-mounting-solution","16":"product_tag-solar-system","17":"product_tag-tin-roof-solar-mounting","18":"product_tag-trapezoidal-metal-roof-solar-mounting","19":"product_tag-trapezoidal-sheet-solar-mounting","20":"desktop-align-left","21":"tablet-align-left","22":"mobile-align-left","24":"first","25":"instock","26":"shipping-taxable","27":"product-type-simple"},"spectra_custom_meta":{"_uabb_version":["1.36.1"],"_edit_last":["1"],"_edit_lock":["1747965397:1"],"_thumbnail_id":["2471"],"total_sales":["0"],"_tax_status":["taxable"],"_tax_class":[""],"_manage_stock":["no"],"_backorders":["no"],"_sold_individually":["no"],"_virtual":["no"],"_downloadable":["no"],"_download_limit":["-1"],"_download_expiry":["-1"],"_stock":[null],"_stock_status":["instock"],"_wc_average_rating":["0"],"_wc_review_count":["0"],"_product_version":["9.6.2"],"_product_image_gallery":["2472,2473,2474,2475"],"site-sidebar-layout":["default"],"ast-site-content-layout":["default"],"site-content-style":["default"],"site-sidebar-style":["default"],"theme-transparent-header-meta":["default"],"astra-migrate-meta-layouts":["set"],"_uag_page_assets":["a:9:{s:3:\"css\";s:5318:\".uag-blocks-common-selector{z-index:var(--z-index-desktop) !important}@media (max-width: 976px){.uag-blocks-common-selector{z-index:var(--z-index-tablet) !important}}@media (max-width: 767px){.uag-blocks-common-selector{z-index:var(--z-index-mobile) !important}}\n.wp-block-uagb-faq{width:100%}.wp-block-uagb-faq.uagb-faq-layout-accordion .uagb-faq-child__outer-wrap .uagb-faq-questions-button{cursor:pointer}.wp-block-uagb-faq .uagb-faq-content{margin-bottom:0}.wp-block-uagb-faq .uagb-faq-content p{margin:auto}.uagb-faq-layout-grid.uagb-faq-equal-height.uagb-faq__wrap .uagb-faq-child__outer-wrap,.uagb-faq-layout-grid.uagb-faq-equal-height.uagb-faq__wrap .uagb-faq-item{height:100%}body[class*=\"astra\"] .uagb-faq-questions{line-height:normal}.uagb-faq-item{overflow:hidden}\n.wp-block-uagb-faq-child .uagb-faq-questions-button{display:flex;align-items:center}.wp-block-uagb-faq-child .uagb-faq-questions-button .uagb-faq-icon-wrap{display:flex;align-items:center}.wp-block-uagb-faq-child .uagb-faq-questions-button .uagb-question{width:100%;margin-top:0;margin-bottom:0}.wp-block-uagb-faq-child .uagb-icon svg,.wp-block-uagb-faq-child .uagb-icon-active svg{width:15px;height:15px;font-size:15px}.wp-block-uagb-faq-child.uagb-faq-child__outer-wrap.uagb-faq-item .uagb-icon-active,.wp-block-uagb-faq-child.uagb-faq-child__outer-wrap.uagb-faq-item.uagb-faq-item-active .uagb-icon,.wp-block-uagb-faq-child.uagb-faq-child__outer-wrap .uagb-faq-item .uagb-icon-active,.wp-block-uagb-faq-child.uagb-faq-child__outer-wrap .uagb-faq-item.uagb-faq-item-active .uagb-icon{display:none;width:0;padding:0;height:0;margin:0}.wp-block-uagb-faq-child.uagb-faq-child__outer-wrap.uagb-faq-item .uagb-icon,.wp-block-uagb-faq-child.uagb-faq-child__outer-wrap.uagb-faq-item.uagb-faq-item-active .uagb-icon-active,.wp-block-uagb-faq-child.uagb-faq-child__outer-wrap .uagb-faq-item .uagb-icon,.wp-block-uagb-faq-child.uagb-faq-child__outer-wrap .uagb-faq-item.uagb-faq-item-active .uagb-icon-active{display:flex;width:auto;height:auto}.uagb-faq-layout-grid .uagb-faq-child__outer-wrap.uagb-faq-item .uagb-icon,.uagb-faq-layout-grid .uagb-faq-child__outer-wrap.uagb-faq-item.uagb-faq-item-active .uagb-icon-active,.uagb-faq-layout-grid .uagb-faq-child__outer-wrap .uagb-faq-item .uagb-icon,.uagb-faq-layout-grid .uagb-faq-child__outer-wrap .uagb-faq-item.uagb-faq-item-active .uagb-icon-active{display:none}.uagb-faq-layout-grid .uagb-faq-child__outer-wrap.uagb-faq-item span.uagb-icon-active.uagb-faq-icon-wrap,.uagb-faq-layout-grid .uagb-faq-child__outer-wrap.uagb-faq-item.uagb-faq-item-active .uagb-icon-active,.uagb-faq-layout-grid .uagb-faq-child__outer-wrap .uagb-faq-item span.uagb-icon-active.uagb-faq-icon-wrap,.uagb-faq-layout-grid .uagb-faq-child__outer-wrap .uagb-faq-item.uagb-faq-item-active .uagb-icon-active{display:none}\n.uagb-block-55b5edaf .uagb-icon svg{width: 12px;height: 12px;font-size: 12px;}.uagb-block-55b5edaf .uagb-icon-active svg{width: 12px;height: 12px;font-size: 12px;}.uagb-block-55b5edaf .uagb-faq-child__outer-wrap{margin-bottom: 10px;}.uagb-block-55b5edaf .uagb-faq-item{border-top-width: 1px;border-left-width: 1px;border-right-width: 1px;border-bottom-width: 1px;border-top-left-radius: 2px;border-top-right-radius: 2px;border-bottom-left-radius: 2px;border-bottom-right-radius: 2px;border-color: #1e1e1e;border-style: solid;}.uagb-block-55b5edaf .uagb-faq-questions-button{padding-top: 10px;padding-bottom: 10px;padding-right: 10px;padding-left: 10px;}.uagb-block-55b5edaf .uagb-faq-content{padding-top: 10px;padding-bottom: 10px;padding-right: 10px;padding-left: 10px;}.uagb-block-55b5edaf .uagb-faq-content span{margin-top: 10px;margin-bottom: 10px;margin-right: 10px;margin-left: 10px;}.uagb-block-55b5edaf.uagb-faq-icon-row .uagb-faq-item .uagb-faq-icon-wrap{margin-right: 10px;}.uagb-block-55b5edaf.uagb-faq-icon-row-reverse .uagb-faq-item .uagb-faq-icon-wrap{margin-left: 10px;}.uagb-block-55b5edaf .uagb-faq-item .uagb-faq-questions-button.uagb-faq-questions{flex-direction: row;}.uagb-block-55b5edaf .wp-block-uagb-faq-child.uagb-faq-child__outer-wrap .uagb-faq-content {display: none;}@media only screen and (max-width: 976px) {.uagb-block-55b5edaf.uagb-faq-icon-row .uagb-faq-item .uagb-faq-icon-wrap{margin-right: 10px;}.uagb-block-55b5edaf.uagb-faq-icon-row-reverse .uagb-faq-item .uagb-faq-icon-wrap{margin-left: 10px;}.uagb-block-55b5edaf .uagb-faq-questions-button{padding-top: 10px;padding-bottom: 10px;padding-right: 10px;padding-left: 10px;}.uagb-block-55b5edaf .uagb-faq-content{padding-top: 10px;padding-bottom: 10px;padding-right: 10px;padding-left: 10px;}.uagb-block-55b5edaf .uagb-faq-content span{margin-top: 10px;margin-bottom: 10px;margin-right: 10px;margin-left: 10px;}}@media only screen and (max-width: 767px) {.uagb-block-55b5edaf.uagb-faq-icon-row .uagb-faq-item .uagb-faq-icon-wrap{margin-right: 10px;}.uagb-block-55b5edaf.uagb-faq-icon-row-reverse .uagb-faq-item .uagb-faq-icon-wrap{margin-left: 10px;}.uagb-block-55b5edaf .uagb-faq-questions-button{padding-top: 10px;padding-bottom: 10px;padding-right: 10px;padding-left: 10px;}.uagb-block-55b5edaf .uagb-faq-content{padding-top: 10px;padding-bottom: 10px;padding-right: 10px;padding-left: 10px;}.uagb-block-55b5edaf .uagb-faq-content span{margin-top: 10px;margin-bottom: 10px;margin-right: 10px;margin-left: 10px;}}\";s:2:\"js\";s:0:\"\";s:18:\"current_block_list\";a:10:{i:0;s:11:\"core\/search\";i:1;s:10:\"core\/group\";i:2;s:12:\"core\/heading\";i:3;s:17:\"core\/latest-posts\";i:4;s:20:\"core\/latest-comments\";i:5;s:13:\"core\/archives\";i:6;s:15:\"core\/categories\";i:7;s:14:\"core\/paragraph\";i:8;s:8:\"uagb\/faq\";i:9;s:14:\"uagb\/faq-child\";}s:8:\"uag_flag\";b:1;s:11:\"uag_version\";s:10:\"1775829763\";s:6:\"gfonts\";a:0:{}s:10:\"gfonts_url\";s:0:\"\";s:12:\"gfonts_files\";a:0:{}s:14:\"uag_faq_layout\";b:1;}"],"_uag_css_file_name":["uag-css-2470.css"]},"uagb_featured_image_src":{"full":["https:\/\/senyenergy.com\/wp-content\/uploads\/2025\/05\/1-4.jpg",800,800,false],"thumbnail":["https:\/\/senyenergy.com\/wp-content\/uploads\/2025\/05\/1-4-150x150.jpg",150,150,true],"medium":["https:\/\/senyenergy.com\/wp-content\/uploads\/2025\/05\/1-4-300x300.jpg",300,300,true],"medium_large":["https:\/\/senyenergy.com\/wp-content\/uploads\/2025\/05\/1-4-768x768.jpg",768,768,true],"large":["https:\/\/senyenergy.com\/wp-content\/uploads\/2025\/05\/1-4.jpg",800,800,false],"1536x1536":["https:\/\/senyenergy.com\/wp-content\/uploads\/2025\/05\/1-4.jpg",800,800,false],"2048x2048":["https:\/\/senyenergy.com\/wp-content\/uploads\/2025\/05\/1-4.jpg",800,800,false],"trp-custom-language-flag":["https:\/\/senyenergy.com\/wp-content\/uploads\/2025\/05\/1-4-12x12.jpg",12,12,true],"woocommerce_thumbnail":["https:\/\/senyenergy.com\/wp-content\/uploads\/2025\/05\/1-4-300x300.jpg",300,300,true],"woocommerce_single":["https:\/\/senyenergy.com\/wp-content\/uploads\/2025\/05\/1-4-600x600.jpg",600,600,true],"woocommerce_gallery_thumbnail":["https:\/\/senyenergy.com\/wp-content\/uploads\/2025\/05\/1-4-100x100.jpg",100,100,true]},"uagb_author_info":{"display_name":"wp-admin","author_link":"https:\/\/senyenergy.com\/de\/author\/"},"uagb_comment_info":0,"uagb_excerpt":"The K2 Type Solar Short Rail Mounting System is ideal for trapezoidal metal roofs, offering flexibility in installation methods. By eliminating the need for traditional rail systems, it streamlines the process while providing stability and durability. We are factory direct sales, with various rail types to choose from and support customized or OEM. price check","_links":{"self":[{"href":"https:\/\/senyenergy.com\/de\/wp-json\/wp\/v2\/product\/2470","targetHints":{"allow":["GET"]}}],"collection":[{"href":"https:\/\/senyenergy.com\/de\/wp-json\/wp\/v2\/product"}],"about":[{"href":"https:\/\/senyenergy.com\/de\/wp-json\/wp\/v2\/types\/product"}],"wp:featuredmedia":[{"embeddable":true,"href":"https:\/\/senyenergy.com\/de\/wp-json\/wp\/v2\/media\/2471"}],"wp:attachment":[{"href":"https:\/\/senyenergy.com\/de\/wp-json\/wp\/v2\/media?parent=2470"}],"wp:term":[{"taxonomy":"product_brand","embeddable":true,"href":"https:\/\/senyenergy.com\/de\/wp-json\/wp\/v2\/product_brand?post=2470"},{"taxonomy":"product_cat","embeddable":true,"href":"https:\/\/senyenergy.com\/de\/wp-json\/wp\/v2\/product_cat?post=2470"},{"taxonomy":"product_tag","embeddable":true,"href":"https:\/\/senyenergy.com\/de\/wp-json\/wp\/v2\/product_tag?post=2470"}],"curies":[{"name":"wp","href":"https:\/\/api.w.org\/{rel}","templated":true}]}}