{"id":2442,"date":"2025-05-15T15:57:59","date_gmt":"2025-05-15T07:57:59","guid":{"rendered":"https:\/\/senyenergy.com\/?post_type=product&#038;p=2442"},"modified":"2025-05-15T15:57:59","modified_gmt":"2025-05-15T07:57:59","slug":"flache-tpo-dach-solarmontage-wasserdicht-und-flexibel","status":"publish","type":"product","link":"https:\/\/senyenergy.com\/de\/product\/flache-tpo-dach-solarmontage-wasserdicht-und-flexibel\/","title":{"rendered":"Flaches TPO-Dach Solarbefestigung Wasserdicht und flexibel"},"content":{"rendered":"<p>TPO-Flachd\u00e4cher (Thermoplastisches Olefin) werden h\u00e4ufig f\u00fcr gewerbliche und industrielle D\u00e4cher verwendet und k\u00f6nnen effektiv f\u00fcr die Installation von Solarzellen genutzt werden.<\/p>\n<p>Wir haben eine neue PV-Montagestruktur aus rostfreiem Stahl und Aluminium entwickelt, die eine perfekte Verbindung zwischen TPO-Befestigungstr\u00e4gern und trapezf\u00f6rmigen Metalld\u00e4chern erm\u00f6glicht. Das Ger\u00e4t umfasst eine Schiene, Klemms\u00e4tze, einen Halterungssatz, den TPO-Dachbefestigungstr\u00e4ger und eine TPO-Abdeckplatte.<\/p>\n<p>Unser <strong><b>Flaches TPO-Dach Solarmontage<\/b><\/strong>\u00a0Flexible Waterproof Roof ist in erster Linie f\u00fcr farbige Stahlziegeld\u00e4cher konzipiert, wobei wichtige Aspekte wie Wasserdichtigkeit und Alterung ber\u00fccksichtigt werden. Es f\u00fcgt eine Isolierschicht und eine langlebige TPO\/PVC-Materialschicht auf der Strukturschicht hinzu. Die Hauptstruktur des wasserdichten TPO-Dach-Solarhalterungssystems (TPO-Basis) besteht aus Edelstahl und einer Aluminiumlegierung. Das professionelle, wasserdichte Design sorgt daf\u00fcr, dass sich die Besitzer keine Sorgen \u00fcber undichte D\u00e4cher machen m\u00fcssen, und erf\u00fcllt effektiv die doppelten Anforderungen der Installation von Solarkraftwerken und des Dachschutzes.<\/p>\n<p>&nbsp;<\/p>\n<p>Merkmale des <strong><b>Flaches TPO-Dach Solarmontage<\/b><\/strong>\u00a0:<\/p>\n<p>Nicht-durchdringende Montagesysteme: Entwickelt, um Solarmodule zu befestigen, ohne die Membran zu durchdringen, was das Risiko von Leckagen reduziert. Ausgezeichnete wasserdichte Leistung<\/p>\n<p>Einstellbares Gestell: Viele Systeme bieten einstellbare Winkel, um die Ausrichtung der Solarmodule f\u00fcr eine maximale Sonneneinstrahlung zu optimieren.<\/p>\n<p>Korrosionsbest\u00e4ndige Materialien: Aus Aluminium und rostfreiem Stahl gefertigt, um Witterungseinfl\u00fcssen zu widerstehen.<\/p>\n<p>Integrit\u00e4t des Daches: Minimiert das Risiko einer Besch\u00e4digung der Dachabdichtung, wodurch die Garantie und die Integrit\u00e4t des Daches erhalten bleiben.<\/p>\n<p>Einfacher Einbau: Nicht-durchdringende Systeme k\u00f6nnen schnell installiert werden und erfordern oft weniger Arbeit und Zeit.<\/p>\n<p>Flexibel: Das verstellbare Gestell erm\u00f6glicht eine optimale Positionierung der Paneele und verbessert die Energieerzeugung.<\/p>\n<p>&nbsp;<\/p>\n<p>Installationsschritte von <strong><b>Flaches TPO-Dach Solarmontage <\/b><\/strong>:<\/p>\n<p>1. positionieren und bohren.<\/p>\n<p>2. das Reinigen der L\u00f6cher und das Waschen der Oberfl\u00e4che.<\/p>\n<p>3. die Montage der St\u00fctzen.<\/p>\n<p>4. die Durchf\u00fchrung von Hei\u00dfluftschwei\u00dfen.<\/p>\n<p>5. die Montage der Schienen.<\/p>\n<p>Die TPO-Dichtungsmembran oder thermoplastische Polyolefin-Dichtungsmembran ist eine neue Art von Abdichtungsmaterial. Sie wird aus thermoplastischem Polyolefin (TPO) hergestellt, einem Kunstharz, das Ethylen-Propylen-Kautschuk und Polypropylen durch eine fortschrittliche Polymerisationstechnologie kombiniert. Zur Verbesserung seiner Eigenschaften werden Antioxidantien, Alterungsschutzmittel und Weichmacher zugesetzt. Zus\u00e4tzlich kann Polyesterfasergewebe als internes Verst\u00e4rkungsmaterial verwendet werden, um eine verbesserte wasserdichte Membran zu schaffen. Dieses Produkt geh\u00f6rt zur Kategorie der wasserdichten synthetischen Polymermembranen.<\/p>\n<p>&nbsp;<\/p>\n<p><strong><b>Flaches TPO-Dach Solarmontage<\/b><\/strong>\u00a0Zu den Hauptmerkmalen der wasserdichten L\u00f6sung geh\u00f6ren eine hohe Anpassungsf\u00e4higkeit an die Umwelt, eine hohe Sch\u00e4lfestigkeit der Naht, eine ausgezeichnete Alterungsbest\u00e4ndigkeit, Best\u00e4ndigkeit gegen chemische Korrosion, gute Plastizit\u00e4t, keine Notwendigkeit f\u00fcr eine Schutzschicht, wenn sie freiliegt, eine bequeme und umweltfreundliche Konstruktion und eine hervorragende Durchsto\u00dffestigkeit.<\/p>","protected":false},"excerpt":{"rendered":"<p>Unser <strong><b>Flaches TPO-Dach Solarmontage<\/b><\/strong> Flexible Waterproof Roof ist in erster Linie f\u00fcr farbige Stahlziegeld\u00e4cher konzipiert, wobei wichtige Aspekte wie Wasserdichtigkeit und Alterung ber\u00fccksichtigt werden. Es f\u00fcgt eine Isolierschicht und eine langlebige TPO\/PVC-Materialschicht auf der Strukturschicht hinzu. Die Hauptstruktur des wasserdichten TPO-Dach-Solarhalterungssystems (TPO-Basis) besteht aus Edelstahl und einer Aluminiumlegierung. Das professionelle, wasserdichte Design sorgt daf\u00fcr, dass sich die Besitzer keine Sorgen \u00fcber undichte D\u00e4cher machen m\u00fcssen, und erf\u00fcllt effektiv die doppelten Anforderungen der Installation von Solarkraftwerken und des Dachschutzes.<\/p>\n<div class=\"wp-block-button popmake-1937\"><a class=\"wp-block-button__link wp-element-button\">Preispr\u00fcfung<\/a><\/div>","protected":false},"featured_media":2448,"template":"","meta":{"_uag_custom_page_level_css":"","site-sidebar-layout":"default","site-content-layout":"","ast-site-content-layout":"default","site-content-style":"default","site-sidebar-style":"default","ast-global-header-display":"","ast-banner-title-visibility":"","ast-main-header-display":"","ast-hfb-above-header-display":"","ast-hfb-below-header-display":"","ast-hfb-mobile-header-display":"","site-post-title":"","ast-breadcrumbs-content":"","ast-featured-img":"","footer-sml-layout":"","ast-disable-related-posts":"","theme-transparent-header-meta":"default","adv-header-id-meta":"","stick-header-meta":"","header-above-stick-meta":"","header-main-stick-meta":"","header-below-stick-meta":"","astra-migrate-meta-layouts":"set","ast-page-background-enabled":"default","ast-page-background-meta":{"desktop":{"background-color":"","background-image":"","background-repeat":"repeat","background-position":"center center","background-size":"auto","background-attachment":"scroll","background-type":"","background-media":"","overlay-type":"","overlay-color":"","overlay-opacity":"","overlay-gradient":""},"tablet":{"background-color":"","background-image":"","background-repeat":"repeat","background-position":"center center","background-size":"auto","background-attachment":"scroll","background-type":"","background-media":"","overlay-type":"","overlay-color":"","overlay-opacity":"","overlay-gradient":""},"mobile":{"background-color":"","background-image":"","background-repeat":"repeat","background-position":"center center","background-size":"auto","background-attachment":"scroll","background-type":"","background-media":"","overlay-type":"","overlay-color":"","overlay-opacity":"","overlay-gradient":""}},"ast-content-background-meta":{"desktop":{"background-color":"var(--ast-global-color-5)","background-image":"","background-repeat":"repeat","background-position":"center center","background-size":"auto","background-attachment":"scroll","background-type":"","background-media":"","overlay-type":"","overlay-color":"","overlay-opacity":"","overlay-gradient":""},"tablet":{"background-color":"var(--ast-global-color-5)","background-image":"","background-repeat":"repeat","background-position":"center center","background-size":"auto","background-attachment":"scroll","background-type":"","background-media":"","overlay-type":"","overlay-color":"","overlay-opacity":"","overlay-gradient":""},"mobile":{"background-color":"var(--ast-global-color-5)","background-image":"","background-repeat":"repeat","background-position":"center center","background-size":"auto","background-attachment":"scroll","background-type":"","background-media":"","overlay-type":"","overlay-color":"","overlay-opacity":"","overlay-gradient":""}}},"product_brand":[],"product_cat":[25,61,24],"product_tag":[54,46,53,34,101,98,100,99],"class_list":{"0":"post-2442","1":"product","2":"type-product","3":"status-publish","4":"has-post-thumbnail","6":"product_cat-excellent","7":"product_cat-solar-metal-roof-mounting-system","8":"product_cat-solar-mounting-system","9":"product_tag-rooftop-solar-mounting","10":"product_tag-solar-adjustable-mounting","11":"product_tag-solar-mounting-system","12":"product_tag-solar-panel","13":"product_tag-thermoplastic-polyolefin-tpo-waterproof-membrane","14":"product_tag-tpo-roof-solar-mounting","15":"product_tag-tpo-solar-solution","16":"product_tag-tpo-solar-system","17":"desktop-align-left","18":"tablet-align-left","19":"mobile-align-left","21":"first","22":"instock","23":"shipping-taxable","24":"product-type-simple"},"spectra_custom_meta":{"_uabb_version":["1.36.1"],"_edit_last":["1"],"_edit_lock":["1747295803:1"],"_thumbnail_id":["2448"],"total_sales":["0"],"_tax_status":["taxable"],"_tax_class":[""],"_manage_stock":["no"],"_backorders":["no"],"_sold_individually":["no"],"_virtual":["no"],"_downloadable":["no"],"_download_limit":["-1"],"_download_expiry":["-1"],"_stock":[null],"_stock_status":["instock"],"_wc_average_rating":["0"],"_wc_review_count":["0"],"_product_version":["9.6.2"],"_product_image_gallery":["2444,2445,2446,2443,2447"],"site-sidebar-layout":["default"],"ast-site-content-layout":["default"],"site-content-style":["default"],"site-sidebar-style":["default"],"theme-transparent-header-meta":["default"],"astra-migrate-meta-layouts":["set"],"_uag_page_assets":["a:9:{s:3:\"css\";s:5318:\".uag-blocks-common-selector{z-index:var(--z-index-desktop) !important}@media (max-width: 976px){.uag-blocks-common-selector{z-index:var(--z-index-tablet) !important}}@media (max-width: 767px){.uag-blocks-common-selector{z-index:var(--z-index-mobile) !important}}\n.wp-block-uagb-faq{width:100%}.wp-block-uagb-faq.uagb-faq-layout-accordion .uagb-faq-child__outer-wrap .uagb-faq-questions-button{cursor:pointer}.wp-block-uagb-faq .uagb-faq-content{margin-bottom:0}.wp-block-uagb-faq .uagb-faq-content p{margin:auto}.uagb-faq-layout-grid.uagb-faq-equal-height.uagb-faq__wrap .uagb-faq-child__outer-wrap,.uagb-faq-layout-grid.uagb-faq-equal-height.uagb-faq__wrap .uagb-faq-item{height:100%}body[class*=\"astra\"] .uagb-faq-questions{line-height:normal}.uagb-faq-item{overflow:hidden}\n.wp-block-uagb-faq-child .uagb-faq-questions-button{display:flex;align-items:center}.wp-block-uagb-faq-child .uagb-faq-questions-button .uagb-faq-icon-wrap{display:flex;align-items:center}.wp-block-uagb-faq-child .uagb-faq-questions-button .uagb-question{width:100%;margin-top:0;margin-bottom:0}.wp-block-uagb-faq-child .uagb-icon svg,.wp-block-uagb-faq-child .uagb-icon-active svg{width:15px;height:15px;font-size:15px}.wp-block-uagb-faq-child.uagb-faq-child__outer-wrap.uagb-faq-item .uagb-icon-active,.wp-block-uagb-faq-child.uagb-faq-child__outer-wrap.uagb-faq-item.uagb-faq-item-active .uagb-icon,.wp-block-uagb-faq-child.uagb-faq-child__outer-wrap .uagb-faq-item .uagb-icon-active,.wp-block-uagb-faq-child.uagb-faq-child__outer-wrap .uagb-faq-item.uagb-faq-item-active .uagb-icon{display:none;width:0;padding:0;height:0;margin:0}.wp-block-uagb-faq-child.uagb-faq-child__outer-wrap.uagb-faq-item .uagb-icon,.wp-block-uagb-faq-child.uagb-faq-child__outer-wrap.uagb-faq-item.uagb-faq-item-active .uagb-icon-active,.wp-block-uagb-faq-child.uagb-faq-child__outer-wrap .uagb-faq-item .uagb-icon,.wp-block-uagb-faq-child.uagb-faq-child__outer-wrap .uagb-faq-item.uagb-faq-item-active .uagb-icon-active{display:flex;width:auto;height:auto}.uagb-faq-layout-grid .uagb-faq-child__outer-wrap.uagb-faq-item .uagb-icon,.uagb-faq-layout-grid .uagb-faq-child__outer-wrap.uagb-faq-item.uagb-faq-item-active .uagb-icon-active,.uagb-faq-layout-grid .uagb-faq-child__outer-wrap .uagb-faq-item .uagb-icon,.uagb-faq-layout-grid .uagb-faq-child__outer-wrap .uagb-faq-item.uagb-faq-item-active .uagb-icon-active{display:none}.uagb-faq-layout-grid .uagb-faq-child__outer-wrap.uagb-faq-item span.uagb-icon-active.uagb-faq-icon-wrap,.uagb-faq-layout-grid .uagb-faq-child__outer-wrap.uagb-faq-item.uagb-faq-item-active .uagb-icon-active,.uagb-faq-layout-grid .uagb-faq-child__outer-wrap .uagb-faq-item span.uagb-icon-active.uagb-faq-icon-wrap,.uagb-faq-layout-grid .uagb-faq-child__outer-wrap .uagb-faq-item.uagb-faq-item-active .uagb-icon-active{display:none}\n.uagb-block-55b5edaf .uagb-icon svg{width: 12px;height: 12px;font-size: 12px;}.uagb-block-55b5edaf .uagb-icon-active svg{width: 12px;height: 12px;font-size: 12px;}.uagb-block-55b5edaf .uagb-faq-child__outer-wrap{margin-bottom: 10px;}.uagb-block-55b5edaf .uagb-faq-item{border-top-width: 1px;border-left-width: 1px;border-right-width: 1px;border-bottom-width: 1px;border-top-left-radius: 2px;border-top-right-radius: 2px;border-bottom-left-radius: 2px;border-bottom-right-radius: 2px;border-color: #1e1e1e;border-style: solid;}.uagb-block-55b5edaf .uagb-faq-questions-button{padding-top: 10px;padding-bottom: 10px;padding-right: 10px;padding-left: 10px;}.uagb-block-55b5edaf .uagb-faq-content{padding-top: 10px;padding-bottom: 10px;padding-right: 10px;padding-left: 10px;}.uagb-block-55b5edaf .uagb-faq-content span{margin-top: 10px;margin-bottom: 10px;margin-right: 10px;margin-left: 10px;}.uagb-block-55b5edaf.uagb-faq-icon-row .uagb-faq-item .uagb-faq-icon-wrap{margin-right: 10px;}.uagb-block-55b5edaf.uagb-faq-icon-row-reverse .uagb-faq-item .uagb-faq-icon-wrap{margin-left: 10px;}.uagb-block-55b5edaf .uagb-faq-item .uagb-faq-questions-button.uagb-faq-questions{flex-direction: row;}.uagb-block-55b5edaf .wp-block-uagb-faq-child.uagb-faq-child__outer-wrap .uagb-faq-content {display: none;}@media only screen and (max-width: 976px) {.uagb-block-55b5edaf.uagb-faq-icon-row .uagb-faq-item .uagb-faq-icon-wrap{margin-right: 10px;}.uagb-block-55b5edaf.uagb-faq-icon-row-reverse .uagb-faq-item .uagb-faq-icon-wrap{margin-left: 10px;}.uagb-block-55b5edaf .uagb-faq-questions-button{padding-top: 10px;padding-bottom: 10px;padding-right: 10px;padding-left: 10px;}.uagb-block-55b5edaf .uagb-faq-content{padding-top: 10px;padding-bottom: 10px;padding-right: 10px;padding-left: 10px;}.uagb-block-55b5edaf .uagb-faq-content span{margin-top: 10px;margin-bottom: 10px;margin-right: 10px;margin-left: 10px;}}@media only screen and (max-width: 767px) {.uagb-block-55b5edaf.uagb-faq-icon-row .uagb-faq-item .uagb-faq-icon-wrap{margin-right: 10px;}.uagb-block-55b5edaf.uagb-faq-icon-row-reverse .uagb-faq-item .uagb-faq-icon-wrap{margin-left: 10px;}.uagb-block-55b5edaf .uagb-faq-questions-button{padding-top: 10px;padding-bottom: 10px;padding-right: 10px;padding-left: 10px;}.uagb-block-55b5edaf .uagb-faq-content{padding-top: 10px;padding-bottom: 10px;padding-right: 10px;padding-left: 10px;}.uagb-block-55b5edaf .uagb-faq-content span{margin-top: 10px;margin-bottom: 10px;margin-right: 10px;margin-left: 10px;}}\";s:2:\"js\";s:0:\"\";s:18:\"current_block_list\";a:10:{i:0;s:11:\"core\/search\";i:1;s:10:\"core\/group\";i:2;s:12:\"core\/heading\";i:3;s:17:\"core\/latest-posts\";i:4;s:20:\"core\/latest-comments\";i:5;s:13:\"core\/archives\";i:6;s:15:\"core\/categories\";i:7;s:14:\"core\/paragraph\";i:8;s:8:\"uagb\/faq\";i:9;s:14:\"uagb\/faq-child\";}s:8:\"uag_flag\";b:1;s:11:\"uag_version\";s:10:\"1775829763\";s:6:\"gfonts\";a:0:{}s:10:\"gfonts_url\";s:0:\"\";s:12:\"gfonts_files\";a:0:{}s:14:\"uag_faq_layout\";b:1;}"],"_uag_css_file_name":["uag-css-2442.css"]},"uagb_featured_image_src":{"full":["https:\/\/senyenergy.com\/wp-content\/uploads\/2025\/05\/TPO-solar-mounting-structures.jpg",800,800,false],"thumbnail":["https:\/\/senyenergy.com\/wp-content\/uploads\/2025\/05\/TPO-solar-mounting-structures-150x150.jpg",150,150,true],"medium":["https:\/\/senyenergy.com\/wp-content\/uploads\/2025\/05\/TPO-solar-mounting-structures-300x300.jpg",300,300,true],"medium_large":["https:\/\/senyenergy.com\/wp-content\/uploads\/2025\/05\/TPO-solar-mounting-structures-768x768.jpg",768,768,true],"large":["https:\/\/senyenergy.com\/wp-content\/uploads\/2025\/05\/TPO-solar-mounting-structures.jpg",800,800,false],"1536x1536":["https:\/\/senyenergy.com\/wp-content\/uploads\/2025\/05\/TPO-solar-mounting-structures.jpg",800,800,false],"2048x2048":["https:\/\/senyenergy.com\/wp-content\/uploads\/2025\/05\/TPO-solar-mounting-structures.jpg",800,800,false],"trp-custom-language-flag":["https:\/\/senyenergy.com\/wp-content\/uploads\/2025\/05\/TPO-solar-mounting-structures-12x12.jpg",12,12,true],"woocommerce_thumbnail":["https:\/\/senyenergy.com\/wp-content\/uploads\/2025\/05\/TPO-solar-mounting-structures-300x300.jpg",300,300,true],"woocommerce_single":["https:\/\/senyenergy.com\/wp-content\/uploads\/2025\/05\/TPO-solar-mounting-structures-600x600.jpg",600,600,true],"woocommerce_gallery_thumbnail":["https:\/\/senyenergy.com\/wp-content\/uploads\/2025\/05\/TPO-solar-mounting-structures-100x100.jpg",100,100,true]},"uagb_author_info":{"display_name":"wp-admin","author_link":"https:\/\/senyenergy.com\/de\/author\/"},"uagb_comment_info":0,"uagb_excerpt":"Our Flat TPO Roof Solar Mounting flexible waterproof roof is primarily designed for color steel tile roofs, addressing key issues such as waterproofing and aging. It adds an insulation layer and a long-life TPO\/PVC material layer on top of the structural layer. The main structure of the TPO waterproof roof solar bracket system (TPO base)&hellip;","_links":{"self":[{"href":"https:\/\/senyenergy.com\/de\/wp-json\/wp\/v2\/product\/2442","targetHints":{"allow":["GET"]}}],"collection":[{"href":"https:\/\/senyenergy.com\/de\/wp-json\/wp\/v2\/product"}],"about":[{"href":"https:\/\/senyenergy.com\/de\/wp-json\/wp\/v2\/types\/product"}],"wp:featuredmedia":[{"embeddable":true,"href":"https:\/\/senyenergy.com\/de\/wp-json\/wp\/v2\/media\/2448"}],"wp:attachment":[{"href":"https:\/\/senyenergy.com\/de\/wp-json\/wp\/v2\/media?parent=2442"}],"wp:term":[{"taxonomy":"product_brand","embeddable":true,"href":"https:\/\/senyenergy.com\/de\/wp-json\/wp\/v2\/product_brand?post=2442"},{"taxonomy":"product_cat","embeddable":true,"href":"https:\/\/senyenergy.com\/de\/wp-json\/wp\/v2\/product_cat?post=2442"},{"taxonomy":"product_tag","embeddable":true,"href":"https:\/\/senyenergy.com\/de\/wp-json\/wp\/v2\/product_tag?post=2442"}],"curies":[{"name":"wp","href":"https:\/\/api.w.org\/{rel}","templated":true}]}}