{"id":2429,"date":"2025-05-13T15:49:59","date_gmt":"2025-05-13T07:49:59","guid":{"rendered":"https:\/\/senyenergy.com\/?post_type=product&#038;p=2429"},"modified":"2025-06-30T15:27:39","modified_gmt":"2025-06-30T07:27:39","slug":"kupfer-erdungsklemme-fur-solar-erdungssysteme","status":"publish","type":"product","link":"https:\/\/senyenergy.com\/de\/product\/kupfer-erdungsklemme-fur-solar-erdungssysteme\/","title":{"rendered":"Kupfer-Solar-Erdungsklemme f\u00fcr Solar-Erdungssysteme"},"content":{"rendered":"<p>Die <strong><b>Kupfer<\/b><\/strong> <strong><b>Solar Erdung Bonding Jumpe<\/b><\/strong><strong><b>r<\/b><\/strong> wird verwendet, um eine elektrische Verbindung zwischen zwei Teilen aus eloxiertem Aluminium, verzinktem Stahl oder einem anderen elektrisch leitenden Metall herzustellen, die mechanisch verbunden wurden. Au\u00dferdem verbindet es Montageschienen und hilft bei der Erdung von PV-Modulen mit der Erde. Au\u00dferdem sind eine ordnungsgem\u00e4\u00dfe Erdung und Erdung entscheidend f\u00fcr die Sicherheit, die Vermeidung von Stromschl\u00e4gen und den Schutz von Solaranlagen vor Blitzschlag\/\u00dcberspannungen.  Die Erdungsbr\u00fccke besteht aus verzinntem, geflochtenem Kupferdraht, und WEEB ist mit beiden Enden der Br\u00fccke verbunden. WEEB sorgt f\u00fcr zuverl\u00e4ssige, luftdichte elektrische Verbindungen, w\u00e4hrend geflochtene Kupferdr\u00e4hte eine W\u00e4rmeausdehnung zulassen.<\/p>\n<p>Die Baugruppe bildet eine flexible elektrische Verbindung zwischen den Schienen, die durch die Halterung verbunden sind. Verwenden Sie eine an jeder Verbindung. Durch das Verkleben des Photovoltaikmoduls mit der Klebebr\u00fccke entf\u00e4llt die Notwendigkeit, die Module separat zu verdrahten: Es gen\u00fcgt, die Installationsstruktur zu erden. Sie ist ein zuverl\u00e4ssiger Leiter, der die erforderliche Leitf\u00e4higkeit zwischen den Schienen, die elektrisch verbunden werden m\u00fcssen, gew\u00e4hrleistet. Ein qualitativ hochwertiges Erdungsinstallationssystem spielt eine wichtige Rolle f\u00fcr den normalen Betrieb empfindlicher elektronischer Solaranlagen.<\/p>\n<p>Die<strong><b> Solar Erdung Bonding Jumper <\/b><\/strong>f\u00fcr das Solarmontagesystem ist so konzipiert, dass es einfach zu installieren ist und eine ausgezeichnete Haltbarkeit aufweist. Bei der Herstellung werden die hochwertigsten Materialien verwendet, um die beste Leistung unter den extremsten Umweltbedingungen zu gew\u00e4hrleisten.<\/p>\n<p>Merkmal dieser <strong>Solar Erdung Bonding Jumper<\/strong><\/p>\n<ol>\n<li>Hochgradig vormontiertes Anschlusssystem;<\/li>\n<li>Feste Konstruktion, schnelle Montage;<\/li>\n<li>Hat eine extrem hohe Korrosionsbest\u00e4ndigkeit;<\/li>\n<li>Hergestellt aus hochfestem Kupfer;<\/li>\n<li>Komplette Baugruppe f\u00fcr den Jumper;<\/li>\n<\/ol>\n<p>Anwendungen dieser <strong>Solar Erdung Bonding Jumper<\/strong><\/p>\n<ul>\n<li>Solarsysteme f\u00fcr Privathaushalte: Wird in privaten Solaranlagen verwendet, um die Systemkomponenten effektiv zu erden.<\/li>\n<li>Kommerzielle Installationen: F\u00fcr gr\u00f6\u00dfere Solarprojekte unerl\u00e4sslich, um die Sicherheit und die Einhaltung von Vorschriften zu gew\u00e4hrleisten.<\/li>\n<li>Solarfarmen im Versorgungsma\u00dfstab: Entscheidend f\u00fcr die Erdung von gro\u00dfen Arrays und Wechselrichtern in Solarenergiesystemen im Versorgungsbereich.<\/li>\n<\/ul>\n<p>Die Erdungsbr\u00fccke des Solar-Erdungssatzes wird verwendet, um Solarmodule mit Aluminiumhalterungen und Montageschienen zu verbinden. Erden Sie dann das Solarmodul und das Tr\u00e4gersystem und erden und verbinden Sie die gesamte Baugruppe zu einem einzigen Erdungssystem. Durch die Verwendung des Bonding Jumper entf\u00e4llt die Notwendigkeit, an jedem Modul eingebettete Kabelschuhe und\/oder selbstschneidende Schrauben zu verwenden. Durch den Einsatz dieser Komponente entf\u00e4llt auch die Notwendigkeit einer durchgehenden Verdrahtung f\u00fcr jedes Modul.<\/p>\n<p>Die <strong>Solar Erdung Bonding Jumper<\/strong>\u00a0Die Erdung von Photovoltaik-Modulen bietet eine innovative und kosteng\u00fcnstige L\u00f6sung. Die Solarproduktreihe kann die Installationsbilanz der Systemkosten durch Vereinfachung der Installation reduzieren. Unsere Produkte haben eine perfekte Haltbarkeit und Kompatibilit\u00e4t. Befestigen Sie die \u00dcberbr\u00fcckungsbaugruppe an der oberen Befestigungsnut der Schiene und ziehen Sie sie mit Flanschmuttern fest. Die Spitze der geerdeten Unterlegscheibe und des geerdeten T-Bolzens durchdringen die Eloxalschicht der F\u00fchrungsschiene und bilden einen Erdungspfad, der zur F\u00fchrungsschiene und durch die Verbindungsbr\u00fccke f\u00fchrt.<\/p>\n<p>Die korrosionsbest\u00e4ndigen, verzinnten Kupferbr\u00fccken der SY-Reihe sind hochwertige L\u00f6sungen f\u00fcr Ihr System, um eine elektrische Verbindung zwischen zwei Teilen aus verzinktem oder anderem unbeschichtetem, elektrisch leitendem Metall herzustellen. Die Standardl\u00e4ngen reichen von 150 mm bis 300 mm, mit oder ohne Montagematerial, montiert oder unmontiert. Kundenspezifische L\u00e4ngen sind auf Anfrage ebenfalls erh\u00e4ltlich.<\/p>\n<p>F\u00fcr Solar-Erdung System Zubeh\u00f6r wie: Erdungsplatte, Erdungsfahne ... Willkommen, uns zu kontaktieren.  Wir sind ein professioneller Hersteller von Solarhalterungen und Teilen.  Unsere professionellen Ingenieure und Vertriebsteam bieten den besten Service f\u00fcr Ihre Solaranlage.<\/p>","protected":false},"excerpt":{"rendered":"<p>Die korrosionsbest\u00e4ndigen, verzinnten Kupferbr\u00fccken der SY-Reihe sind hochwertige L\u00f6sungen f\u00fcr Ihr System, um eine elektrische Verbindung zwischen zwei Teilen aus verzinktem oder anderem unbeschichtetem, elektrisch leitf\u00e4higem Metall herzustellen. Die Standardl\u00e4ngen reichen von 150 mm bis 300 mm, mit oder ohne Montagematerial, montiert oder unmontiert. Kundenspezifische L\u00e4ngen sind auf Anfrage ebenfalls erh\u00e4ltlich.<\/p>\n<div class=\"wp-block-button popmake-1937\"><a class=\"wp-block-button__link wp-element-button\">Preispr\u00fcfung<\/a><\/div>","protected":false},"featured_media":2430,"template":"","meta":{"_uag_custom_page_level_css":"","site-sidebar-layout":"default","site-content-layout":"","ast-site-content-layout":"default","site-content-style":"default","site-sidebar-style":"default","ast-global-header-display":"","ast-banner-title-visibility":"","ast-main-header-display":"","ast-hfb-above-header-display":"","ast-hfb-below-header-display":"","ast-hfb-mobile-header-display":"","site-post-title":"","ast-breadcrumbs-content":"","ast-featured-img":"","footer-sml-layout":"","ast-disable-related-posts":"","theme-transparent-header-meta":"default","adv-header-id-meta":"","stick-header-meta":"","header-above-stick-meta":"","header-main-stick-meta":"","header-below-stick-meta":"","astra-migrate-meta-layouts":"set","ast-page-background-enabled":"default","ast-page-background-meta":{"desktop":{"background-color":"","background-image":"","background-repeat":"repeat","background-position":"center center","background-size":"auto","background-attachment":"scroll","background-type":"","background-media":"","overlay-type":"","overlay-color":"","overlay-opacity":"","overlay-gradient":""},"tablet":{"background-color":"","background-image":"","background-repeat":"repeat","background-position":"center center","background-size":"auto","background-attachment":"scroll","background-type":"","background-media":"","overlay-type":"","overlay-color":"","overlay-opacity":"","overlay-gradient":""},"mobile":{"background-color":"","background-image":"","background-repeat":"repeat","background-position":"center center","background-size":"auto","background-attachment":"scroll","background-type":"","background-media":"","overlay-type":"","overlay-color":"","overlay-opacity":"","overlay-gradient":""}},"ast-content-background-meta":{"desktop":{"background-color":"var(--ast-global-color-5)","background-image":"","background-repeat":"repeat","background-position":"center center","background-size":"auto","background-attachment":"scroll","background-type":"","background-media":"","overlay-type":"","overlay-color":"","overlay-opacity":"","overlay-gradient":""},"tablet":{"background-color":"var(--ast-global-color-5)","background-image":"","background-repeat":"repeat","background-position":"center center","background-size":"auto","background-attachment":"scroll","background-type":"","background-media":"","overlay-type":"","overlay-color":"","overlay-opacity":"","overlay-gradient":""},"mobile":{"background-color":"var(--ast-global-color-5)","background-image":"","background-repeat":"repeat","background-position":"center center","background-size":"auto","background-attachment":"scroll","background-type":"","background-media":"","overlay-type":"","overlay-color":"","overlay-opacity":"","overlay-gradient":""}}},"product_brand":[],"product_cat":[25,23,33],"product_tag":[85,88,86,89,87],"class_list":{"0":"post-2429","1":"product","2":"type-product","3":"status-publish","4":"has-post-thumbnail","6":"product_cat-excellent","7":"product_cat-solar-accessories","8":"product_cat-solar-panel-accessories","9":"product_tag-copper-bonding-jumper","10":"product_tag-solar-bonding-jumper","11":"product_tag-solar-grounding-bonding-jumper","12":"product_tag-solar-grounding-system","13":"product_tag-solar-panel-grounding-copper-bonding-jumper","14":"desktop-align-left","15":"tablet-align-left","16":"mobile-align-left","18":"first","19":"instock","20":"shipping-taxable","21":"product-type-simple"},"spectra_custom_meta":{"_uabb_version":["1.36.1"],"_edit_last":["1"],"_edit_lock":["1751268393:1"],"_thumbnail_id":["2430"],"total_sales":["0"],"_tax_status":["taxable"],"_tax_class":[""],"_manage_stock":["no"],"_backorders":["no"],"_sold_individually":["no"],"_virtual":["no"],"_downloadable":["no"],"_download_limit":["-1"],"_download_expiry":["-1"],"_stock":[null],"_stock_status":["instock"],"_wc_average_rating":["0"],"_wc_review_count":["0"],"_product_version":["9.6.2"],"_product_image_gallery":["2431,2432,2434,2433"],"site-sidebar-layout":["default"],"ast-site-content-layout":["default"],"site-content-style":["default"],"site-sidebar-style":["default"],"theme-transparent-header-meta":["default"],"astra-migrate-meta-layouts":["set"],"_uag_page_assets":["a:9:{s:3:\"css\";s:5318:\".uag-blocks-common-selector{z-index:var(--z-index-desktop) !important}@media (max-width: 976px){.uag-blocks-common-selector{z-index:var(--z-index-tablet) !important}}@media (max-width: 767px){.uag-blocks-common-selector{z-index:var(--z-index-mobile) !important}}\n.wp-block-uagb-faq{width:100%}.wp-block-uagb-faq.uagb-faq-layout-accordion .uagb-faq-child__outer-wrap .uagb-faq-questions-button{cursor:pointer}.wp-block-uagb-faq .uagb-faq-content{margin-bottom:0}.wp-block-uagb-faq .uagb-faq-content p{margin:auto}.uagb-faq-layout-grid.uagb-faq-equal-height.uagb-faq__wrap .uagb-faq-child__outer-wrap,.uagb-faq-layout-grid.uagb-faq-equal-height.uagb-faq__wrap .uagb-faq-item{height:100%}body[class*=\"astra\"] .uagb-faq-questions{line-height:normal}.uagb-faq-item{overflow:hidden}\n.wp-block-uagb-faq-child .uagb-faq-questions-button{display:flex;align-items:center}.wp-block-uagb-faq-child .uagb-faq-questions-button .uagb-faq-icon-wrap{display:flex;align-items:center}.wp-block-uagb-faq-child .uagb-faq-questions-button .uagb-question{width:100%;margin-top:0;margin-bottom:0}.wp-block-uagb-faq-child .uagb-icon svg,.wp-block-uagb-faq-child .uagb-icon-active svg{width:15px;height:15px;font-size:15px}.wp-block-uagb-faq-child.uagb-faq-child__outer-wrap.uagb-faq-item .uagb-icon-active,.wp-block-uagb-faq-child.uagb-faq-child__outer-wrap.uagb-faq-item.uagb-faq-item-active .uagb-icon,.wp-block-uagb-faq-child.uagb-faq-child__outer-wrap .uagb-faq-item .uagb-icon-active,.wp-block-uagb-faq-child.uagb-faq-child__outer-wrap .uagb-faq-item.uagb-faq-item-active .uagb-icon{display:none;width:0;padding:0;height:0;margin:0}.wp-block-uagb-faq-child.uagb-faq-child__outer-wrap.uagb-faq-item .uagb-icon,.wp-block-uagb-faq-child.uagb-faq-child__outer-wrap.uagb-faq-item.uagb-faq-item-active .uagb-icon-active,.wp-block-uagb-faq-child.uagb-faq-child__outer-wrap .uagb-faq-item .uagb-icon,.wp-block-uagb-faq-child.uagb-faq-child__outer-wrap .uagb-faq-item.uagb-faq-item-active .uagb-icon-active{display:flex;width:auto;height:auto}.uagb-faq-layout-grid .uagb-faq-child__outer-wrap.uagb-faq-item .uagb-icon,.uagb-faq-layout-grid .uagb-faq-child__outer-wrap.uagb-faq-item.uagb-faq-item-active .uagb-icon-active,.uagb-faq-layout-grid .uagb-faq-child__outer-wrap .uagb-faq-item .uagb-icon,.uagb-faq-layout-grid .uagb-faq-child__outer-wrap .uagb-faq-item.uagb-faq-item-active .uagb-icon-active{display:none}.uagb-faq-layout-grid .uagb-faq-child__outer-wrap.uagb-faq-item span.uagb-icon-active.uagb-faq-icon-wrap,.uagb-faq-layout-grid .uagb-faq-child__outer-wrap.uagb-faq-item.uagb-faq-item-active .uagb-icon-active,.uagb-faq-layout-grid .uagb-faq-child__outer-wrap .uagb-faq-item span.uagb-icon-active.uagb-faq-icon-wrap,.uagb-faq-layout-grid .uagb-faq-child__outer-wrap .uagb-faq-item.uagb-faq-item-active .uagb-icon-active{display:none}\n.uagb-block-55b5edaf .uagb-icon svg{width: 12px;height: 12px;font-size: 12px;}.uagb-block-55b5edaf .uagb-icon-active svg{width: 12px;height: 12px;font-size: 12px;}.uagb-block-55b5edaf .uagb-faq-child__outer-wrap{margin-bottom: 10px;}.uagb-block-55b5edaf .uagb-faq-item{border-top-width: 1px;border-left-width: 1px;border-right-width: 1px;border-bottom-width: 1px;border-top-left-radius: 2px;border-top-right-radius: 2px;border-bottom-left-radius: 2px;border-bottom-right-radius: 2px;border-color: #1e1e1e;border-style: solid;}.uagb-block-55b5edaf .uagb-faq-questions-button{padding-top: 10px;padding-bottom: 10px;padding-right: 10px;padding-left: 10px;}.uagb-block-55b5edaf .uagb-faq-content{padding-top: 10px;padding-bottom: 10px;padding-right: 10px;padding-left: 10px;}.uagb-block-55b5edaf .uagb-faq-content span{margin-top: 10px;margin-bottom: 10px;margin-right: 10px;margin-left: 10px;}.uagb-block-55b5edaf.uagb-faq-icon-row .uagb-faq-item .uagb-faq-icon-wrap{margin-right: 10px;}.uagb-block-55b5edaf.uagb-faq-icon-row-reverse .uagb-faq-item .uagb-faq-icon-wrap{margin-left: 10px;}.uagb-block-55b5edaf .uagb-faq-item .uagb-faq-questions-button.uagb-faq-questions{flex-direction: row;}.uagb-block-55b5edaf .wp-block-uagb-faq-child.uagb-faq-child__outer-wrap .uagb-faq-content {display: none;}@media only screen and (max-width: 976px) {.uagb-block-55b5edaf.uagb-faq-icon-row .uagb-faq-item .uagb-faq-icon-wrap{margin-right: 10px;}.uagb-block-55b5edaf.uagb-faq-icon-row-reverse .uagb-faq-item .uagb-faq-icon-wrap{margin-left: 10px;}.uagb-block-55b5edaf .uagb-faq-questions-button{padding-top: 10px;padding-bottom: 10px;padding-right: 10px;padding-left: 10px;}.uagb-block-55b5edaf .uagb-faq-content{padding-top: 10px;padding-bottom: 10px;padding-right: 10px;padding-left: 10px;}.uagb-block-55b5edaf .uagb-faq-content span{margin-top: 10px;margin-bottom: 10px;margin-right: 10px;margin-left: 10px;}}@media only screen and (max-width: 767px) {.uagb-block-55b5edaf.uagb-faq-icon-row .uagb-faq-item .uagb-faq-icon-wrap{margin-right: 10px;}.uagb-block-55b5edaf.uagb-faq-icon-row-reverse .uagb-faq-item .uagb-faq-icon-wrap{margin-left: 10px;}.uagb-block-55b5edaf .uagb-faq-questions-button{padding-top: 10px;padding-bottom: 10px;padding-right: 10px;padding-left: 10px;}.uagb-block-55b5edaf .uagb-faq-content{padding-top: 10px;padding-bottom: 10px;padding-right: 10px;padding-left: 10px;}.uagb-block-55b5edaf .uagb-faq-content span{margin-top: 10px;margin-bottom: 10px;margin-right: 10px;margin-left: 10px;}}\";s:2:\"js\";s:0:\"\";s:18:\"current_block_list\";a:10:{i:0;s:11:\"core\/search\";i:1;s:10:\"core\/group\";i:2;s:12:\"core\/heading\";i:3;s:17:\"core\/latest-posts\";i:4;s:20:\"core\/latest-comments\";i:5;s:13:\"core\/archives\";i:6;s:15:\"core\/categories\";i:7;s:14:\"core\/paragraph\";i:8;s:8:\"uagb\/faq\";i:9;s:14:\"uagb\/faq-child\";}s:8:\"uag_flag\";b:1;s:11:\"uag_version\";s:10:\"1775829763\";s:6:\"gfonts\";a:0:{}s:10:\"gfonts_url\";s:0:\"\";s:12:\"gfonts_files\";a:0:{}s:14:\"uag_faq_layout\";b:1;}"],"_uag_css_file_name":["uag-css-2429.css"]},"uagb_featured_image_src":{"full":["https:\/\/senyenergy.com\/wp-content\/uploads\/2025\/05\/1-2.jpg",800,800,false],"thumbnail":["https:\/\/senyenergy.com\/wp-content\/uploads\/2025\/05\/1-2-150x150.jpg",150,150,true],"medium":["https:\/\/senyenergy.com\/wp-content\/uploads\/2025\/05\/1-2-300x300.jpg",300,300,true],"medium_large":["https:\/\/senyenergy.com\/wp-content\/uploads\/2025\/05\/1-2-768x768.jpg",768,768,true],"large":["https:\/\/senyenergy.com\/wp-content\/uploads\/2025\/05\/1-2.jpg",800,800,false],"1536x1536":["https:\/\/senyenergy.com\/wp-content\/uploads\/2025\/05\/1-2.jpg",800,800,false],"2048x2048":["https:\/\/senyenergy.com\/wp-content\/uploads\/2025\/05\/1-2.jpg",800,800,false],"trp-custom-language-flag":["https:\/\/senyenergy.com\/wp-content\/uploads\/2025\/05\/1-2-12x12.jpg",12,12,true],"woocommerce_thumbnail":["https:\/\/senyenergy.com\/wp-content\/uploads\/2025\/05\/1-2-300x300.jpg",300,300,true],"woocommerce_single":["https:\/\/senyenergy.com\/wp-content\/uploads\/2025\/05\/1-2-600x600.jpg",600,600,true],"woocommerce_gallery_thumbnail":["https:\/\/senyenergy.com\/wp-content\/uploads\/2025\/05\/1-2-100x100.jpg",100,100,true]},"uagb_author_info":{"display_name":"wp-admin","author_link":"https:\/\/senyenergy.com\/de\/author\/"},"uagb_comment_info":0,"uagb_excerpt":"The corrosion resistant, tin plated copper SY line of bonding jumpers are high quality solutions for your system to create an electrical bond between two pieces of galvanized or other uncoated electrically conductive metals. Standard lengths range from 150mm to 300mm, with or without installation hardware assembled or unassembled. Custom lengths are also available on&hellip;","_links":{"self":[{"href":"https:\/\/senyenergy.com\/de\/wp-json\/wp\/v2\/product\/2429","targetHints":{"allow":["GET"]}}],"collection":[{"href":"https:\/\/senyenergy.com\/de\/wp-json\/wp\/v2\/product"}],"about":[{"href":"https:\/\/senyenergy.com\/de\/wp-json\/wp\/v2\/types\/product"}],"wp:featuredmedia":[{"embeddable":true,"href":"https:\/\/senyenergy.com\/de\/wp-json\/wp\/v2\/media\/2430"}],"wp:attachment":[{"href":"https:\/\/senyenergy.com\/de\/wp-json\/wp\/v2\/media?parent=2429"}],"wp:term":[{"taxonomy":"product_brand","embeddable":true,"href":"https:\/\/senyenergy.com\/de\/wp-json\/wp\/v2\/product_brand?post=2429"},{"taxonomy":"product_cat","embeddable":true,"href":"https:\/\/senyenergy.com\/de\/wp-json\/wp\/v2\/product_cat?post=2429"},{"taxonomy":"product_tag","embeddable":true,"href":"https:\/\/senyenergy.com\/de\/wp-json\/wp\/v2\/product_tag?post=2429"}],"curies":[{"name":"wp","href":"https:\/\/api.w.org\/{rel}","templated":true}]}}