{"id":2417,"date":"2025-05-08T11:32:50","date_gmt":"2025-05-08T03:32:50","guid":{"rendered":"https:\/\/senyenergy.com\/?post_type=product&#038;p=2417"},"modified":"2025-07-13T11:58:13","modified_gmt":"2025-07-13T03:58:13","slug":"schienenlose-verstellbare-solarballasthalterung-fur-flachdacher","status":"publish","type":"product","link":"https:\/\/senyenergy.com\/de\/product\/schienenlose-verstellbare-solarballasthalterung-fur-flachdacher\/","title":{"rendered":"Schienenlose, verstellbare Solarballasthalterung f\u00fcr Flachd\u00e4cher"},"content":{"rendered":"<p>Schiene weniger\u00a0<strong><b>Einstellbare Montage des Solarballasts<\/b><\/strong>\u00a0sichert die Solarmodule auf einem Flachdach mit Gewichten (Ballastbl\u00f6cken, Betonsteinen oder Stahlgewichten) anstelle von Dachdurchdringungen. Das System beruht auf Schwerkraft und Reibung, um die Anlage an Ort und Stelle zu halten und gleichzeitig dem Aufwind zu widerstehen. Auf Ballast montierte Solarsysteme sind eine beliebte Wahl f\u00fcr Flachd\u00e4cher, da sie ohne Dachdurchdringungen auskommen, das Risiko von Leckagen verringern und die Installation vereinfachen.<\/p>\n<p>unsere Schiene weniger\u00a0<strong><b>Einstellbare Montage des Solarballasts<\/b><\/strong>\u00a0gilt f\u00fcr das Dach, wo das Loch nicht ge\u00f6ffnet werden kann. Der Betonblock wird im gesamten System platziert, um den Rahmen auf dem Dach zu fixieren, der Windkraft zu widerstehen und Bewegungen zu verhindern. Dar\u00fcber hinaus ist die Korrosionsbest\u00e4ndigkeit und die Bearbeitbarkeit ausgezeichnet in das Produkt mit ZAM Stahl der hohen Korrosionsbest\u00e4ndigkeit hei\u00dfen Zink-Aluminium-Aluminium-Legierung Legierung beschichtetes Stahlblech.<\/p>\n<p>Komponenten einer Schiene weniger\u00a0<strong><b>Einstellbare Montage des Solarballasts<\/b><\/strong><\/p>\n<ul>\n<li>Schienen\/Rahmen: unsere schienenfreie Ballaststruktur, die die Solarmodule h\u00e4lt.<\/li>\n<li>Ballastgewichte: Betonbl\u00f6cke, Pflastersteine oder Stahlplatten, die f\u00fcr Stabilit\u00e4t sorgen.<\/li>\n<li>Neigungss\u00e4tze (optional): Verstellbare Halterungen zur Neigung der Paneele f\u00fcr eine bessere Sonneneinstrahlung.<\/li>\n<li>Gummi- oder EPDM-Auflagen: Sch\u00fctzen die Dachabdichtung vor Abrieb.<\/li>\n<li>Windabweiser (falls erforderlich): Verringern die Auftriebskr\u00e4fte des Windes.<\/li>\n<\/ul>\n<p><strong><b>Merkmale von<\/b><\/strong>\u00a0<strong><b>Schiene weniger<\/b><\/strong><strong><b>\u00a0Einstellbare Montage des Solarballasts<\/b><\/strong><\/p>\n<p>\u2705 Keine Dachdurchdringungen - Minimiert Leckagen und Garantieprobleme.<\/p>\n<p>\u2705 Schnellerer Einbau - kein Bohren oder Versiegeln erforderlich.<\/p>\n<p>\u2705 Modular und anpassbar - Das System l\u00e4sst sich leicht verlegen oder erweitern.<\/p>\n<p>\u2705 Schutz des Daches - Schotter kann das Dach vor UV- und Wettersch\u00e4den sch\u00fctzen.<\/p>\n<p>\u2705 Einstellbar - unsere Struktur mit l\u00e4ngerem Loch und flexiblen Teilen, so dass sie bei der Installation angepasst werden kann<\/p>\n<p>\u2705 Wirtschaftlicher - das System braucht keine zus\u00e4tzlichen Schienen, um Material zu sparen und nur 3 Teile: Mittelklemme, Endklemme, Ballaststruktur, ca. 20% niedriger als Aluminiumrahmen<\/p>\n<p>\u2705 Universell anpassbar an jede Art von Platte<\/p>\n<p>&nbsp;<\/p>\n<p>Schiene weniger\u00a0<strong><b>Einstellbare Montage des Solarballasts<\/b><\/strong>\u00a0ist eine nicht-invasive, kosteng\u00fcnstige L\u00f6sung f\u00fcr Flachd\u00e4cher mit ausreichender Tragf\u00e4higkeit. Eine ordnungsgem\u00e4\u00dfe Planung, Windberechnung und Dachabsicherung sind f\u00fcr eine sichere und dauerhafte Installation unerl\u00e4sslich.<\/p>\n<p>M\u00f6chten Sie Hilfe bei der Berechnung des Ballastbedarfs f\u00fcr ein bestimmtes Projekt? Teilen Sie mir Ihre Dachabmessungen und den Standort mit!<\/p>","protected":false},"excerpt":{"rendered":"<p>unser <strong><b>Schiene weniger<\/b><\/strong><strong><b>\u00a0Einstellbare Montage des Solarballasts<\/b><\/strong>\u00a0gilt f\u00fcr das Dach, wo das Loch nicht ge\u00f6ffnet werden kann. Der Betonblock wird im gesamten System platziert, um den Rahmen auf dem Dach zu fixieren, der Windkraft zu widerstehen und Bewegungen zu verhindern. Dar\u00fcber hinaus ist die Korrosionsbest\u00e4ndigkeit und die Bearbeitbarkeit ausgezeichnet in das Produkt mit ZAM Stahl der hohen Korrosionsbest\u00e4ndigkeit hei\u00dfen Zink-Aluminium-Aluminium-Legierung Legierung beschichtetes Stahlblech.<\/p>\n<div class=\"wp-block-button popmake-1937\"><a class=\"wp-block-button__link wp-element-button\">Preispr\u00fcfung<\/a><\/div>","protected":false},"featured_media":2418,"template":"","meta":{"_uag_custom_page_level_css":"","site-sidebar-layout":"default","site-content-layout":"","ast-site-content-layout":"default","site-content-style":"default","site-sidebar-style":"default","ast-global-header-display":"","ast-banner-title-visibility":"","ast-main-header-display":"","ast-hfb-above-header-display":"","ast-hfb-below-header-display":"","ast-hfb-mobile-header-display":"","site-post-title":"","ast-breadcrumbs-content":"","ast-featured-img":"","footer-sml-layout":"","ast-disable-related-posts":"","theme-transparent-header-meta":"default","adv-header-id-meta":"","stick-header-meta":"","header-above-stick-meta":"","header-main-stick-meta":"","header-below-stick-meta":"","astra-migrate-meta-layouts":"set","ast-page-background-enabled":"default","ast-page-background-meta":{"desktop":{"background-color":"","background-image":"","background-repeat":"repeat","background-position":"center center","background-size":"auto","background-attachment":"scroll","background-type":"","background-media":"","overlay-type":"","overlay-color":"","overlay-opacity":"","overlay-gradient":""},"tablet":{"background-color":"","background-image":"","background-repeat":"repeat","background-position":"center center","background-size":"auto","background-attachment":"scroll","background-type":"","background-media":"","overlay-type":"","overlay-color":"","overlay-opacity":"","overlay-gradient":""},"mobile":{"background-color":"","background-image":"","background-repeat":"repeat","background-position":"center center","background-size":"auto","background-attachment":"scroll","background-type":"","background-media":"","overlay-type":"","overlay-color":"","overlay-opacity":"","overlay-gradient":""}},"ast-content-background-meta":{"desktop":{"background-color":"var(--ast-global-color-5)","background-image":"","background-repeat":"repeat","background-position":"center center","background-size":"auto","background-attachment":"scroll","background-type":"","background-media":"","overlay-type":"","overlay-color":"","overlay-opacity":"","overlay-gradient":""},"tablet":{"background-color":"var(--ast-global-color-5)","background-image":"","background-repeat":"repeat","background-position":"center center","background-size":"auto","background-attachment":"scroll","background-type":"","background-media":"","overlay-type":"","overlay-color":"","overlay-opacity":"","overlay-gradient":""},"mobile":{"background-color":"var(--ast-global-color-5)","background-image":"","background-repeat":"repeat","background-position":"center center","background-size":"auto","background-attachment":"scroll","background-type":"","background-media":"","overlay-type":"","overlay-color":"","overlay-opacity":"","overlay-gradient":""}}},"product_brand":[],"product_cat":[25,24],"product_tag":[256,254,255,257],"class_list":{"0":"post-2417","1":"product","2":"type-product","3":"status-publish","4":"has-post-thumbnail","6":"product_cat-excellent","7":"product_cat-solar-mounting-system","8":"product_tag-adjustable-solar-ballast-mount","9":"product_tag-solar-ballast-mounting","10":"product_tag-solar-ballast-mounting-system","11":"product_tag-solar-flat-roof-solar-ballast-mounting","12":"desktop-align-left","13":"tablet-align-left","14":"mobile-align-left","16":"first","17":"instock","18":"shipping-taxable","19":"product-type-simple"},"spectra_custom_meta":{"_uabb_version":["1.36.1"],"_edit_last":["1"],"_edit_lock":["1752379011:1"],"_thumbnail_id":["2418"],"total_sales":["0"],"_tax_status":["taxable"],"_tax_class":[""],"_manage_stock":["no"],"_backorders":["no"],"_sold_individually":["no"],"_virtual":["no"],"_downloadable":["no"],"_download_limit":["-1"],"_download_expiry":["-1"],"_stock":[null],"_stock_status":["instock"],"_wc_average_rating":["0"],"_wc_review_count":["0"],"_product_version":["9.6.2"],"_product_image_gallery":["2420,2421,2419,2422"],"site-sidebar-layout":["default"],"ast-site-content-layout":["default"],"site-content-style":["default"],"site-sidebar-style":["default"],"theme-transparent-header-meta":["default"],"astra-migrate-meta-layouts":["set"],"_uag_page_assets":["a:9:{s:3:\"css\";s:5318:\".uag-blocks-common-selector{z-index:var(--z-index-desktop) !important}@media (max-width: 976px){.uag-blocks-common-selector{z-index:var(--z-index-tablet) !important}}@media (max-width: 767px){.uag-blocks-common-selector{z-index:var(--z-index-mobile) !important}}\n.wp-block-uagb-faq{width:100%}.wp-block-uagb-faq.uagb-faq-layout-accordion .uagb-faq-child__outer-wrap .uagb-faq-questions-button{cursor:pointer}.wp-block-uagb-faq .uagb-faq-content{margin-bottom:0}.wp-block-uagb-faq .uagb-faq-content p{margin:auto}.uagb-faq-layout-grid.uagb-faq-equal-height.uagb-faq__wrap .uagb-faq-child__outer-wrap,.uagb-faq-layout-grid.uagb-faq-equal-height.uagb-faq__wrap .uagb-faq-item{height:100%}body[class*=\"astra\"] .uagb-faq-questions{line-height:normal}.uagb-faq-item{overflow:hidden}\n.wp-block-uagb-faq-child .uagb-faq-questions-button{display:flex;align-items:center}.wp-block-uagb-faq-child .uagb-faq-questions-button .uagb-faq-icon-wrap{display:flex;align-items:center}.wp-block-uagb-faq-child .uagb-faq-questions-button .uagb-question{width:100%;margin-top:0;margin-bottom:0}.wp-block-uagb-faq-child .uagb-icon svg,.wp-block-uagb-faq-child .uagb-icon-active svg{width:15px;height:15px;font-size:15px}.wp-block-uagb-faq-child.uagb-faq-child__outer-wrap.uagb-faq-item .uagb-icon-active,.wp-block-uagb-faq-child.uagb-faq-child__outer-wrap.uagb-faq-item.uagb-faq-item-active .uagb-icon,.wp-block-uagb-faq-child.uagb-faq-child__outer-wrap .uagb-faq-item .uagb-icon-active,.wp-block-uagb-faq-child.uagb-faq-child__outer-wrap .uagb-faq-item.uagb-faq-item-active .uagb-icon{display:none;width:0;padding:0;height:0;margin:0}.wp-block-uagb-faq-child.uagb-faq-child__outer-wrap.uagb-faq-item .uagb-icon,.wp-block-uagb-faq-child.uagb-faq-child__outer-wrap.uagb-faq-item.uagb-faq-item-active .uagb-icon-active,.wp-block-uagb-faq-child.uagb-faq-child__outer-wrap .uagb-faq-item .uagb-icon,.wp-block-uagb-faq-child.uagb-faq-child__outer-wrap .uagb-faq-item.uagb-faq-item-active .uagb-icon-active{display:flex;width:auto;height:auto}.uagb-faq-layout-grid .uagb-faq-child__outer-wrap.uagb-faq-item .uagb-icon,.uagb-faq-layout-grid .uagb-faq-child__outer-wrap.uagb-faq-item.uagb-faq-item-active .uagb-icon-active,.uagb-faq-layout-grid .uagb-faq-child__outer-wrap .uagb-faq-item .uagb-icon,.uagb-faq-layout-grid .uagb-faq-child__outer-wrap .uagb-faq-item.uagb-faq-item-active .uagb-icon-active{display:none}.uagb-faq-layout-grid .uagb-faq-child__outer-wrap.uagb-faq-item span.uagb-icon-active.uagb-faq-icon-wrap,.uagb-faq-layout-grid .uagb-faq-child__outer-wrap.uagb-faq-item.uagb-faq-item-active .uagb-icon-active,.uagb-faq-layout-grid .uagb-faq-child__outer-wrap .uagb-faq-item span.uagb-icon-active.uagb-faq-icon-wrap,.uagb-faq-layout-grid .uagb-faq-child__outer-wrap .uagb-faq-item.uagb-faq-item-active .uagb-icon-active{display:none}\n.uagb-block-55b5edaf .uagb-icon svg{width: 12px;height: 12px;font-size: 12px;}.uagb-block-55b5edaf .uagb-icon-active svg{width: 12px;height: 12px;font-size: 12px;}.uagb-block-55b5edaf .uagb-faq-child__outer-wrap{margin-bottom: 10px;}.uagb-block-55b5edaf .uagb-faq-item{border-top-width: 1px;border-left-width: 1px;border-right-width: 1px;border-bottom-width: 1px;border-top-left-radius: 2px;border-top-right-radius: 2px;border-bottom-left-radius: 2px;border-bottom-right-radius: 2px;border-color: #1e1e1e;border-style: solid;}.uagb-block-55b5edaf .uagb-faq-questions-button{padding-top: 10px;padding-bottom: 10px;padding-right: 10px;padding-left: 10px;}.uagb-block-55b5edaf .uagb-faq-content{padding-top: 10px;padding-bottom: 10px;padding-right: 10px;padding-left: 10px;}.uagb-block-55b5edaf .uagb-faq-content span{margin-top: 10px;margin-bottom: 10px;margin-right: 10px;margin-left: 10px;}.uagb-block-55b5edaf.uagb-faq-icon-row .uagb-faq-item .uagb-faq-icon-wrap{margin-right: 10px;}.uagb-block-55b5edaf.uagb-faq-icon-row-reverse .uagb-faq-item .uagb-faq-icon-wrap{margin-left: 10px;}.uagb-block-55b5edaf .uagb-faq-item .uagb-faq-questions-button.uagb-faq-questions{flex-direction: row;}.uagb-block-55b5edaf .wp-block-uagb-faq-child.uagb-faq-child__outer-wrap .uagb-faq-content {display: none;}@media only screen and (max-width: 976px) {.uagb-block-55b5edaf.uagb-faq-icon-row .uagb-faq-item .uagb-faq-icon-wrap{margin-right: 10px;}.uagb-block-55b5edaf.uagb-faq-icon-row-reverse .uagb-faq-item .uagb-faq-icon-wrap{margin-left: 10px;}.uagb-block-55b5edaf .uagb-faq-questions-button{padding-top: 10px;padding-bottom: 10px;padding-right: 10px;padding-left: 10px;}.uagb-block-55b5edaf .uagb-faq-content{padding-top: 10px;padding-bottom: 10px;padding-right: 10px;padding-left: 10px;}.uagb-block-55b5edaf .uagb-faq-content span{margin-top: 10px;margin-bottom: 10px;margin-right: 10px;margin-left: 10px;}}@media only screen and (max-width: 767px) {.uagb-block-55b5edaf.uagb-faq-icon-row .uagb-faq-item .uagb-faq-icon-wrap{margin-right: 10px;}.uagb-block-55b5edaf.uagb-faq-icon-row-reverse .uagb-faq-item .uagb-faq-icon-wrap{margin-left: 10px;}.uagb-block-55b5edaf .uagb-faq-questions-button{padding-top: 10px;padding-bottom: 10px;padding-right: 10px;padding-left: 10px;}.uagb-block-55b5edaf .uagb-faq-content{padding-top: 10px;padding-bottom: 10px;padding-right: 10px;padding-left: 10px;}.uagb-block-55b5edaf .uagb-faq-content span{margin-top: 10px;margin-bottom: 10px;margin-right: 10px;margin-left: 10px;}}\";s:2:\"js\";s:0:\"\";s:18:\"current_block_list\";a:10:{i:0;s:11:\"core\/search\";i:1;s:10:\"core\/group\";i:2;s:12:\"core\/heading\";i:3;s:17:\"core\/latest-posts\";i:4;s:20:\"core\/latest-comments\";i:5;s:13:\"core\/archives\";i:6;s:15:\"core\/categories\";i:7;s:14:\"core\/paragraph\";i:8;s:8:\"uagb\/faq\";i:9;s:14:\"uagb\/faq-child\";}s:8:\"uag_flag\";b:1;s:11:\"uag_version\";s:10:\"1775186820\";s:6:\"gfonts\";a:0:{}s:10:\"gfonts_url\";s:0:\"\";s:12:\"gfonts_files\";a:0:{}s:14:\"uag_faq_layout\";b:1;}"],"_uag_css_file_name":["uag-css-2417.css"]},"uagb_featured_image_src":{"full":["https:\/\/senyenergy.com\/wp-content\/uploads\/2025\/05\/1.jpg",800,800,false],"thumbnail":["https:\/\/senyenergy.com\/wp-content\/uploads\/2025\/05\/1-150x150.jpg",150,150,true],"medium":["https:\/\/senyenergy.com\/wp-content\/uploads\/2025\/05\/1-300x300.jpg",300,300,true],"medium_large":["https:\/\/senyenergy.com\/wp-content\/uploads\/2025\/05\/1-768x768.jpg",768,768,true],"large":["https:\/\/senyenergy.com\/wp-content\/uploads\/2025\/05\/1.jpg",800,800,false],"1536x1536":["https:\/\/senyenergy.com\/wp-content\/uploads\/2025\/05\/1.jpg",800,800,false],"2048x2048":["https:\/\/senyenergy.com\/wp-content\/uploads\/2025\/05\/1.jpg",800,800,false],"trp-custom-language-flag":["https:\/\/senyenergy.com\/wp-content\/uploads\/2025\/05\/1-12x12.jpg",12,12,true],"woocommerce_thumbnail":["https:\/\/senyenergy.com\/wp-content\/uploads\/2025\/05\/1-300x300.jpg",300,300,true],"woocommerce_single":["https:\/\/senyenergy.com\/wp-content\/uploads\/2025\/05\/1-600x600.jpg",600,600,true],"woocommerce_gallery_thumbnail":["https:\/\/senyenergy.com\/wp-content\/uploads\/2025\/05\/1-100x100.jpg",100,100,true]},"uagb_author_info":{"display_name":"wp-admin","author_link":"https:\/\/senyenergy.com\/de\/author\/"},"uagb_comment_info":0,"uagb_excerpt":"our Rail less\u00a0Adjustable Solar Ballast Mounting\u00a0applies to the roof where the hole cannot be opened. The concrete block is placed throughout the system to fix the frame to the roof, resisting wind force, and preventing movement. Moreover, the corrosion resistance and the machinability excellent in the product using ZAM steel of the high corrosion resistance&hellip;","_links":{"self":[{"href":"https:\/\/senyenergy.com\/de\/wp-json\/wp\/v2\/product\/2417","targetHints":{"allow":["GET"]}}],"collection":[{"href":"https:\/\/senyenergy.com\/de\/wp-json\/wp\/v2\/product"}],"about":[{"href":"https:\/\/senyenergy.com\/de\/wp-json\/wp\/v2\/types\/product"}],"wp:featuredmedia":[{"embeddable":true,"href":"https:\/\/senyenergy.com\/de\/wp-json\/wp\/v2\/media\/2418"}],"wp:attachment":[{"href":"https:\/\/senyenergy.com\/de\/wp-json\/wp\/v2\/media?parent=2417"}],"wp:term":[{"taxonomy":"product_brand","embeddable":true,"href":"https:\/\/senyenergy.com\/de\/wp-json\/wp\/v2\/product_brand?post=2417"},{"taxonomy":"product_cat","embeddable":true,"href":"https:\/\/senyenergy.com\/de\/wp-json\/wp\/v2\/product_cat?post=2417"},{"taxonomy":"product_tag","embeddable":true,"href":"https:\/\/senyenergy.com\/de\/wp-json\/wp\/v2\/product_tag?post=2417"}],"curies":[{"name":"wp","href":"https:\/\/api.w.org\/{rel}","templated":true}]}}