{"id":2322,"date":"2025-03-27T21:39:41","date_gmt":"2025-03-27T13:39:41","guid":{"rendered":"https:\/\/senyenergy.com\/?post_type=product&#038;p=2322"},"modified":"2025-06-30T15:15:08","modified_gmt":"2025-06-30T07:15:08","slug":"die-update-sus304-solar-pv-wasserabflussschelle","status":"publish","type":"product","link":"https:\/\/senyenergy.com\/de\/product\/die-update-sus304-solar-pv-wasserabflussschelle\/","title":{"rendered":"Das Update Solar PV-Wasserabfluss-Clip Reinigungsclips"},"content":{"rendered":"<p>The Update SUS304\u00a0 Solar <strong>PV Water Drain Clip<\/strong>\u00a0ist ein korrosionsbest\u00e4ndiges Montagezubeh\u00f6r, das die Wasserableitung unter den Solarmodulen verbessert und sie gleichzeitig sicher an den Montageschienen befestigt. Der aus hochwertigem Edelstahl (SUS304) gefertigte Clip gew\u00e4hrleistet eine lange Lebensdauer und Widerstandsf\u00e4higkeit gegen raue Wetterbedingungen.<\/p>\n<p>&nbsp;<\/p>\n<p>The Update Solar <strong>PV Water Drain Clip <\/strong>Cleaning Clips\u00a0with rust-proof, durable, component protection, efficient drainage, cost-effective than old solar panel Water Drainage off Clip. There are 30mm\uff0c33mm, 35mm\uff0c40mm thickness solar panel frame optional.<\/p>\n<p>&nbsp;<\/p>\n<p>Features &amp; Benefits of the Update Solar <strong>PV Water Drain Clip<\/strong><\/p>\n<ol>\n<li>\u00dcberlegenes Material - SUS304 Edelstahl<\/li>\n<\/ol>\n<p>Hohe Korrosionsbest\u00e4ndigkeit (ideal f\u00fcr k\u00fcstennahe, feuchte oder industrielle Gebiete).<\/p>\n<p>Rostfrei und witterungsbest\u00e4ndig, um eine lange Lebensdauer auch unter extremen Bedingungen zu gew\u00e4hrleisten.<\/p>\n<p>St\u00e4rker als Aluminium oder verzinkter Stahl, bietet eine bessere strukturelle Unterst\u00fctzung.<\/p>\n<p>&nbsp;<\/p>\n<ol start=\"2\">\n<li>Effiziente Gestaltung der Wasserableitung<\/li>\n<\/ol>\n<p>Verhindert Wasseransammlungen unter den Solarmodulen und verringert so das Risiko von Wassersch\u00e4den:<\/p>\n<p>Korrosion an Befestigungssystemen.<\/p>\n<p>Algen- oder Schmutzablagerungen, die die Effizienz der Paneele beeintr\u00e4chtigen k\u00f6nnen.<\/p>\n<p>Eisansammlung in kalten Klimazonen.<\/p>\n<p>Verbessert die Selbstreinigung bei Niederschl\u00e4gen.<\/p>\n<p>&nbsp;<\/p>\n<ol start=\"3\">\n<li>Sicher und vibrationsbest\u00e4ndig<\/li>\n<\/ol>\n<p>Sorgt f\u00fcr einen festen Halt der Solarmodule und verhindert Bewegungen aufgrund von Wind oder W\u00e4rmeausdehnung.<\/p>\n<p>Verringert das Risiko einer Lockerung im Laufe der Zeit und erh\u00e4lt die Systemstabilit\u00e4t.<\/p>\n<p>&nbsp;<\/p>\n<ol start=\"4\">\n<li>Kompatibilit\u00e4t und einfache Installation<\/li>\n<\/ol>\n<p>Geeignet f\u00fcr die meisten Solarmodulrahmen und Standard-Montageschienen.<\/p>\n<p>Vorgebohrte L\u00f6cher zur einfachen Ausrichtung und Befestigung.<\/p>\n<p>Kann in Dach-, Boden- und Carport-Solaranlagen verwendet werden.<\/p>\n<p>&nbsp;<\/p>\n<ol start=\"5\">\n<li>\u00c4sthetisches und unauff\u00e4lliges Design<\/li>\n<\/ol>\n<p>Minimale Sichtbarkeit, um ein sauberes und professionelles Aussehen zu gew\u00e4hrleisten.<\/p>\n<p>Keine scharfen Kanten, was die Verletzungsgefahr bei der Installation verringert.<\/p>\n<p>&nbsp;<\/p>\n<p>Applications of the Update SUS304 Solar <strong>PV Water Drain Clip<\/strong><\/p>\n<p>\u2714 Solarenergie auf D\u00e4chern f\u00fcr Privathaushalte und Unternehmen<\/p>\n<p>\u2714 Freifl\u00e4chen-Solarfarmen<\/p>\n<p>\u2714 Carport- und Pergola-Solaranlagen<\/p>\n<p>\u2714 Umgebungen mit hoher Luftfeuchtigkeit oder an der K\u00fcste<\/p>\n<p>&nbsp;<\/p>\n<p>Schlussfolgerung: SUS304 bietet das beste Gleichgewicht zwischen Haltbarkeit, Korrosionsbest\u00e4ndigkeit und Festigkeit und ist daher ideal f\u00fcr langfristige Solaranlagen.<\/p>\n<p>&nbsp;<\/p>\n<p>Installation Tips of the Update SUS304 Solar <strong>PV Water Drain Clip<\/strong><\/p>\n<p>Achten Sie auf den richtigen Abstand zwischen den Clips, damit das Wasser optimal abflie\u00dfen kann.<\/p>\n<p>Verwenden Sie Befestigungselemente aus rostfreiem Stahl, um galvanische Korrosion zu verhindern.<\/p>\n<p>Pr\u00fcfen Sie nach der Installation auf Verschmutzungen, um Verstopfungen zu vermeiden.<\/p>\n<p>&nbsp;<\/p>\n<p>Finally, The Update SUS304 Solar <strong>PV Water Drain Clip<\/strong>\u00a0ist eine leistungsstarke, langlebige L\u00f6sung f\u00fcr Solarmontagesysteme, insbesondere in rauen Umgebungen. Die Wasserableitung verbessert die Effizienz des Systems, w\u00e4hrend die Konstruktion aus Edelstahl jahrzehntelange Zuverl\u00e4ssigkeit gew\u00e4hrleistet.<\/p>\n<p>M\u00f6chten Sie weitere Informationen zu Update SUS304 Solar PV Water Drainage Clip ?<\/p>","protected":false},"excerpt":{"rendered":"<p>Das Update SUS304 Solar PV Wasser Drainage Clip mit rostfrei, langlebig, Komponentenschutz, effiziente Entw\u00e4sserung, kosteng\u00fcnstiger als alte Solarpanel Wasser Drainage aus Clip.<\/p>\n<div class=\"wp-block-button popmake-1937\"><a class=\"wp-block-button__link wp-element-button\">Preispr\u00fcfung<\/a><\/div>","protected":false},"featured_media":2324,"template":"","meta":{"_uag_custom_page_level_css":"","site-sidebar-layout":"default","site-content-layout":"","ast-site-content-layout":"default","site-content-style":"default","site-sidebar-style":"default","ast-global-header-display":"","ast-banner-title-visibility":"","ast-main-header-display":"","ast-hfb-above-header-display":"","ast-hfb-below-header-display":"","ast-hfb-mobile-header-display":"","site-post-title":"","ast-breadcrumbs-content":"","ast-featured-img":"","footer-sml-layout":"","ast-disable-related-posts":"","theme-transparent-header-meta":"default","adv-header-id-meta":"","stick-header-meta":"","header-above-stick-meta":"","header-main-stick-meta":"","header-below-stick-meta":"","astra-migrate-meta-layouts":"set","ast-page-background-enabled":"default","ast-page-background-meta":{"desktop":{"background-color":"","background-image":"","background-repeat":"repeat","background-position":"center center","background-size":"auto","background-attachment":"scroll","background-type":"","background-media":"","overlay-type":"","overlay-color":"","overlay-opacity":"","overlay-gradient":""},"tablet":{"background-color":"","background-image":"","background-repeat":"repeat","background-position":"center center","background-size":"auto","background-attachment":"scroll","background-type":"","background-media":"","overlay-type":"","overlay-color":"","overlay-opacity":"","overlay-gradient":""},"mobile":{"background-color":"","background-image":"","background-repeat":"repeat","background-position":"center center","background-size":"auto","background-attachment":"scroll","background-type":"","background-media":"","overlay-type":"","overlay-color":"","overlay-opacity":"","overlay-gradient":""}},"ast-content-background-meta":{"desktop":{"background-color":"var(--ast-global-color-5)","background-image":"","background-repeat":"repeat","background-position":"center center","background-size":"auto","background-attachment":"scroll","background-type":"","background-media":"","overlay-type":"","overlay-color":"","overlay-opacity":"","overlay-gradient":""},"tablet":{"background-color":"var(--ast-global-color-5)","background-image":"","background-repeat":"repeat","background-position":"center center","background-size":"auto","background-attachment":"scroll","background-type":"","background-media":"","overlay-type":"","overlay-color":"","overlay-opacity":"","overlay-gradient":""},"mobile":{"background-color":"var(--ast-global-color-5)","background-image":"","background-repeat":"repeat","background-position":"center center","background-size":"auto","background-attachment":"scroll","background-type":"","background-media":"","overlay-type":"","overlay-color":"","overlay-opacity":"","overlay-gradient":""}}},"product_brand":[],"product_cat":[25,33],"product_tag":[36,64,66,65,63],"class_list":{"0":"post-2322","1":"product","2":"type-product","3":"status-publish","4":"has-post-thumbnail","6":"product_cat-excellent","7":"product_cat-solar-panel-accessories","8":"product_tag-solar-panel-clip","9":"product_tag-solar-panel-solar-pv-water-drainage-clip","10":"product_tag-solar-panel-water-clip","11":"product_tag-solar-pv-clip","12":"product_tag-solar-pv-water-drainage-clip","13":"desktop-align-left","14":"tablet-align-left","15":"mobile-align-left","17":"first","18":"instock","19":"shipping-taxable","20":"product-type-simple"},"spectra_custom_meta":{"_uabb_version":["1.36.1"],"_edit_last":["1"],"_edit_lock":["1751267619:1"],"_thumbnail_id":["2324"],"total_sales":["0"],"_tax_status":["taxable"],"_tax_class":[""],"_manage_stock":["no"],"_backorders":["no"],"_sold_individually":["no"],"_virtual":["no"],"_downloadable":["no"],"_download_limit":["-1"],"_download_expiry":["-1"],"_stock":[null],"_stock_status":["instock"],"_wc_average_rating":["0"],"_wc_review_count":["0"],"_product_version":["9.6.2"],"_product_image_gallery":["2323,2325,2326,2327,2328"],"site-sidebar-layout":["default"],"ast-site-content-layout":["default"],"site-content-style":["default"],"site-sidebar-style":["default"],"theme-transparent-header-meta":["default"],"astra-migrate-meta-layouts":["set"],"_uag_page_assets":["a:9:{s:3:\"css\";s:5318:\".uag-blocks-common-selector{z-index:var(--z-index-desktop) !important}@media (max-width: 976px){.uag-blocks-common-selector{z-index:var(--z-index-tablet) !important}}@media (max-width: 767px){.uag-blocks-common-selector{z-index:var(--z-index-mobile) !important}}\n.wp-block-uagb-faq{width:100%}.wp-block-uagb-faq.uagb-faq-layout-accordion .uagb-faq-child__outer-wrap .uagb-faq-questions-button{cursor:pointer}.wp-block-uagb-faq .uagb-faq-content{margin-bottom:0}.wp-block-uagb-faq .uagb-faq-content p{margin:auto}.uagb-faq-layout-grid.uagb-faq-equal-height.uagb-faq__wrap .uagb-faq-child__outer-wrap,.uagb-faq-layout-grid.uagb-faq-equal-height.uagb-faq__wrap .uagb-faq-item{height:100%}body[class*=\"astra\"] .uagb-faq-questions{line-height:normal}.uagb-faq-item{overflow:hidden}\n.wp-block-uagb-faq-child .uagb-faq-questions-button{display:flex;align-items:center}.wp-block-uagb-faq-child .uagb-faq-questions-button .uagb-faq-icon-wrap{display:flex;align-items:center}.wp-block-uagb-faq-child .uagb-faq-questions-button .uagb-question{width:100%;margin-top:0;margin-bottom:0}.wp-block-uagb-faq-child .uagb-icon svg,.wp-block-uagb-faq-child .uagb-icon-active svg{width:15px;height:15px;font-size:15px}.wp-block-uagb-faq-child.uagb-faq-child__outer-wrap.uagb-faq-item .uagb-icon-active,.wp-block-uagb-faq-child.uagb-faq-child__outer-wrap.uagb-faq-item.uagb-faq-item-active .uagb-icon,.wp-block-uagb-faq-child.uagb-faq-child__outer-wrap .uagb-faq-item .uagb-icon-active,.wp-block-uagb-faq-child.uagb-faq-child__outer-wrap .uagb-faq-item.uagb-faq-item-active .uagb-icon{display:none;width:0;padding:0;height:0;margin:0}.wp-block-uagb-faq-child.uagb-faq-child__outer-wrap.uagb-faq-item .uagb-icon,.wp-block-uagb-faq-child.uagb-faq-child__outer-wrap.uagb-faq-item.uagb-faq-item-active .uagb-icon-active,.wp-block-uagb-faq-child.uagb-faq-child__outer-wrap .uagb-faq-item .uagb-icon,.wp-block-uagb-faq-child.uagb-faq-child__outer-wrap .uagb-faq-item.uagb-faq-item-active .uagb-icon-active{display:flex;width:auto;height:auto}.uagb-faq-layout-grid .uagb-faq-child__outer-wrap.uagb-faq-item .uagb-icon,.uagb-faq-layout-grid .uagb-faq-child__outer-wrap.uagb-faq-item.uagb-faq-item-active .uagb-icon-active,.uagb-faq-layout-grid .uagb-faq-child__outer-wrap .uagb-faq-item .uagb-icon,.uagb-faq-layout-grid .uagb-faq-child__outer-wrap .uagb-faq-item.uagb-faq-item-active .uagb-icon-active{display:none}.uagb-faq-layout-grid .uagb-faq-child__outer-wrap.uagb-faq-item span.uagb-icon-active.uagb-faq-icon-wrap,.uagb-faq-layout-grid .uagb-faq-child__outer-wrap.uagb-faq-item.uagb-faq-item-active .uagb-icon-active,.uagb-faq-layout-grid .uagb-faq-child__outer-wrap .uagb-faq-item span.uagb-icon-active.uagb-faq-icon-wrap,.uagb-faq-layout-grid .uagb-faq-child__outer-wrap .uagb-faq-item.uagb-faq-item-active .uagb-icon-active{display:none}\n.uagb-block-55b5edaf .uagb-icon svg{width: 12px;height: 12px;font-size: 12px;}.uagb-block-55b5edaf .uagb-icon-active svg{width: 12px;height: 12px;font-size: 12px;}.uagb-block-55b5edaf .uagb-faq-child__outer-wrap{margin-bottom: 10px;}.uagb-block-55b5edaf .uagb-faq-item{border-top-width: 1px;border-left-width: 1px;border-right-width: 1px;border-bottom-width: 1px;border-top-left-radius: 2px;border-top-right-radius: 2px;border-bottom-left-radius: 2px;border-bottom-right-radius: 2px;border-color: #1e1e1e;border-style: solid;}.uagb-block-55b5edaf .uagb-faq-questions-button{padding-top: 10px;padding-bottom: 10px;padding-right: 10px;padding-left: 10px;}.uagb-block-55b5edaf .uagb-faq-content{padding-top: 10px;padding-bottom: 10px;padding-right: 10px;padding-left: 10px;}.uagb-block-55b5edaf .uagb-faq-content span{margin-top: 10px;margin-bottom: 10px;margin-right: 10px;margin-left: 10px;}.uagb-block-55b5edaf.uagb-faq-icon-row .uagb-faq-item .uagb-faq-icon-wrap{margin-right: 10px;}.uagb-block-55b5edaf.uagb-faq-icon-row-reverse .uagb-faq-item .uagb-faq-icon-wrap{margin-left: 10px;}.uagb-block-55b5edaf .uagb-faq-item .uagb-faq-questions-button.uagb-faq-questions{flex-direction: row;}.uagb-block-55b5edaf .wp-block-uagb-faq-child.uagb-faq-child__outer-wrap .uagb-faq-content {display: none;}@media only screen and (max-width: 976px) {.uagb-block-55b5edaf.uagb-faq-icon-row .uagb-faq-item .uagb-faq-icon-wrap{margin-right: 10px;}.uagb-block-55b5edaf.uagb-faq-icon-row-reverse .uagb-faq-item .uagb-faq-icon-wrap{margin-left: 10px;}.uagb-block-55b5edaf .uagb-faq-questions-button{padding-top: 10px;padding-bottom: 10px;padding-right: 10px;padding-left: 10px;}.uagb-block-55b5edaf .uagb-faq-content{padding-top: 10px;padding-bottom: 10px;padding-right: 10px;padding-left: 10px;}.uagb-block-55b5edaf .uagb-faq-content span{margin-top: 10px;margin-bottom: 10px;margin-right: 10px;margin-left: 10px;}}@media only screen and (max-width: 767px) {.uagb-block-55b5edaf.uagb-faq-icon-row .uagb-faq-item .uagb-faq-icon-wrap{margin-right: 10px;}.uagb-block-55b5edaf.uagb-faq-icon-row-reverse .uagb-faq-item .uagb-faq-icon-wrap{margin-left: 10px;}.uagb-block-55b5edaf .uagb-faq-questions-button{padding-top: 10px;padding-bottom: 10px;padding-right: 10px;padding-left: 10px;}.uagb-block-55b5edaf .uagb-faq-content{padding-top: 10px;padding-bottom: 10px;padding-right: 10px;padding-left: 10px;}.uagb-block-55b5edaf .uagb-faq-content span{margin-top: 10px;margin-bottom: 10px;margin-right: 10px;margin-left: 10px;}}\";s:2:\"js\";s:0:\"\";s:18:\"current_block_list\";a:10:{i:0;s:11:\"core\/search\";i:1;s:10:\"core\/group\";i:2;s:12:\"core\/heading\";i:3;s:17:\"core\/latest-posts\";i:4;s:20:\"core\/latest-comments\";i:5;s:13:\"core\/archives\";i:6;s:15:\"core\/categories\";i:7;s:14:\"core\/paragraph\";i:8;s:8:\"uagb\/faq\";i:9;s:14:\"uagb\/faq-child\";}s:8:\"uag_flag\";b:1;s:11:\"uag_version\";s:10:\"1775829763\";s:6:\"gfonts\";a:0:{}s:10:\"gfonts_url\";s:0:\"\";s:12:\"gfonts_files\";a:0:{}s:14:\"uag_faq_layout\";b:1;}"],"_uag_css_file_name":["uag-css-2322.css"]},"uagb_featured_image_src":{"full":["https:\/\/senyenergy.com\/wp-content\/uploads\/2025\/03\/Solar-PV-Water-Drainage-Clip.jpg",800,800,false],"thumbnail":["https:\/\/senyenergy.com\/wp-content\/uploads\/2025\/03\/Solar-PV-Water-Drainage-Clip-150x150.jpg",150,150,true],"medium":["https:\/\/senyenergy.com\/wp-content\/uploads\/2025\/03\/Solar-PV-Water-Drainage-Clip-300x300.jpg",300,300,true],"medium_large":["https:\/\/senyenergy.com\/wp-content\/uploads\/2025\/03\/Solar-PV-Water-Drainage-Clip-768x768.jpg",768,768,true],"large":["https:\/\/senyenergy.com\/wp-content\/uploads\/2025\/03\/Solar-PV-Water-Drainage-Clip.jpg",800,800,false],"1536x1536":["https:\/\/senyenergy.com\/wp-content\/uploads\/2025\/03\/Solar-PV-Water-Drainage-Clip.jpg",800,800,false],"2048x2048":["https:\/\/senyenergy.com\/wp-content\/uploads\/2025\/03\/Solar-PV-Water-Drainage-Clip.jpg",800,800,false],"trp-custom-language-flag":["https:\/\/senyenergy.com\/wp-content\/uploads\/2025\/03\/Solar-PV-Water-Drainage-Clip-12x12.jpg",12,12,true],"woocommerce_thumbnail":["https:\/\/senyenergy.com\/wp-content\/uploads\/2025\/03\/Solar-PV-Water-Drainage-Clip-300x300.jpg",300,300,true],"woocommerce_single":["https:\/\/senyenergy.com\/wp-content\/uploads\/2025\/03\/Solar-PV-Water-Drainage-Clip-600x600.jpg",600,600,true],"woocommerce_gallery_thumbnail":["https:\/\/senyenergy.com\/wp-content\/uploads\/2025\/03\/Solar-PV-Water-Drainage-Clip-100x100.jpg",100,100,true]},"uagb_author_info":{"display_name":"wp-admin","author_link":"https:\/\/senyenergy.com\/de\/author\/"},"uagb_comment_info":0,"uagb_excerpt":"The update\u00a0SUS304 Solar PV Water Drainage Clip\u00a0with rust-proof, durable, component protection, efficient drainage, cost-effective than old solar panel Water Drainage off Clip. price check","_links":{"self":[{"href":"https:\/\/senyenergy.com\/de\/wp-json\/wp\/v2\/product\/2322","targetHints":{"allow":["GET"]}}],"collection":[{"href":"https:\/\/senyenergy.com\/de\/wp-json\/wp\/v2\/product"}],"about":[{"href":"https:\/\/senyenergy.com\/de\/wp-json\/wp\/v2\/types\/product"}],"wp:featuredmedia":[{"embeddable":true,"href":"https:\/\/senyenergy.com\/de\/wp-json\/wp\/v2\/media\/2324"}],"wp:attachment":[{"href":"https:\/\/senyenergy.com\/de\/wp-json\/wp\/v2\/media?parent=2322"}],"wp:term":[{"taxonomy":"product_brand","embeddable":true,"href":"https:\/\/senyenergy.com\/de\/wp-json\/wp\/v2\/product_brand?post=2322"},{"taxonomy":"product_cat","embeddable":true,"href":"https:\/\/senyenergy.com\/de\/wp-json\/wp\/v2\/product_cat?post=2322"},{"taxonomy":"product_tag","embeddable":true,"href":"https:\/\/senyenergy.com\/de\/wp-json\/wp\/v2\/product_tag?post=2322"}],"curies":[{"name":"wp","href":"https:\/\/api.w.org\/{rel}","templated":true}]}}