{"id":2285,"date":"2025-02-25T20:21:15","date_gmt":"2025-02-25T12:21:15","guid":{"rendered":"https:\/\/senyenergy.com\/?post_type=product&#038;p=2285"},"modified":"2025-02-25T20:21:15","modified_gmt":"2025-02-25T12:21:15","slug":"solar-kurz-mini-schienenmontage","status":"publish","type":"product","link":"https:\/\/senyenergy.com\/de\/product\/solar-kurz-mini-schienenmontage\/","title":{"rendered":"Solar Short Mini Rail Montage"},"content":{"rendered":"<p><strong>Solar Short Mini Rail Montage<\/strong> Systeme sind f\u00fcr kompakte Solarmodulinstallationen konzipiert und bieten eine vielseitige und effiziente M\u00f6glichkeit, Solarmodule auf begrenztem Raum zu befestigen.<\/p>\n<p>&nbsp;<\/p>\n<p>Die <strong>Solar Short Mini Rail Montage<\/strong> System ist eine Art von Befestigungselement, das bei der Installation von Solarmodulen verwendet wird. Es wurde entwickelt, um ein sicheres und stabiles Fundament f\u00fcr Solarmodule zu schaffen, insbesondere in Situationen, in denen der Platz begrenzt ist oder eine flache Montagel\u00f6sung gew\u00fcnscht ist.<\/p>\n<p>&nbsp;<\/p>\n<h5>Eigenschaften des Solar Short Mini Rail Mounting :<\/h5>\n<p>&nbsp;<\/p>\n<p>Kompaktes Design: Die Minischienen sind im Vergleich zu den Standardschienen k\u00fcrzer und eignen sich daher ideal f\u00fcr kleinere Installationen oder bei beengten Platzverh\u00e4ltnissen.<\/p>\n<p>&nbsp;<\/p>\n<p>Leichte Materialien: Trotz ihrer kompakten Gr\u00f6\u00dfe sind diese Schienen robust und langlebig. Sie werden h\u00e4ufig aus hochwertigem Aluminium hergestellt, das sowohl leicht als auch korrosionsbest\u00e4ndig ist.<\/p>\n<p>&nbsp;<\/p>\n<p>Einfache Installation: Einfache Montage mit minimalen Werkzeugen, die eine schnelle Einrichtung und Anpassung erm\u00f6glichen. Das System ist f\u00fcr eine schnelle und einfache Installation ausgelegt<\/p>\n<p>&nbsp;<\/p>\n<p>Vielseitigkeit: Geeignet f\u00fcr eine Vielzahl von Dachtypen, einschlie\u00dflich Ziegel-, Metall- und Flachd\u00e4chern. Sie k\u00f6nnen auch in Freifl\u00e4chenanlagen verwendet werden.<\/p>\n<p>&nbsp;<\/p>\n<p>Platzsparend: Perfekt f\u00fcr Installationen, bei denen nur wenig Platz zur Verf\u00fcgung steht, um die Energieerzeugung zu maximieren, ohne dass ein gro\u00dfer Grundst\u00fccksbedarf besteht.<\/p>\n<p>&nbsp;<\/p>\n<p>Kosteneffektiv: Sie sind in der Regel g\u00fcnstiger als gr\u00f6\u00dfere Montagesysteme und eignen sich daher f\u00fcr kleinere Projekte.<\/p>\n<p>Verbesserte \u00c4sthetik: Das flache Design kann auf D\u00e4chern oder in G\u00e4rten ein saubereres, stromlinienf\u00f6rmigeres Aussehen erzeugen.<\/p>\n<p>&nbsp;<\/p>\n<h5>Details zur Solar Short Mini Rail Montage :<\/h5>\n<p>*Material: Aluminiumlegierung<\/p>\n<p>*Farbe: Silber<\/p>\n<p>Ausf\u00fchrung: z.B.: 2x Schienen + 2x Mittelklammer\uff0c 4x Schienen + 4x Endklammern<\/p>\n<p>Schienengr\u00f6\u00dfe: 100mm\/ 200mm\/ 280mm sind optional<\/p>\n<p>Mittlere Klammer: f\u00fcr Solarpanel 30mm, f\u00fcr Solarpanel 35mm<\/p>\n<p>Endklammer: f\u00fcr Solarpanel 30mm, f\u00fcr Solarpanel 35mm<\/p>\n<p>Hinweis\uff1aMittelklammern und Endklammern kaufen die entsprechende Gr\u00f6\u00dfe Satz nach der Dicke Ihres Solarpanels<\/p>\n<p>Insgesamt ist die<strong> Solar Short Mini Rail Montage<\/strong> System bietet eine praktische und effiziente L\u00f6sung f\u00fcr die Installation von Solarmodulen, insbesondere in Umgebungen mit wenig Platz. Sein kompaktes Design, seine einfache Installation und seine Vielseitigkeit machen es zu einer beliebten Wahl bei Installateuren und Hausbesitzern gleicherma\u00dfen.<\/p>","protected":false},"excerpt":{"rendered":"<p>Merkmale:<br \/>\n*Anwendung: T20 Kurzschiene f\u00fcr Trapezblech-PV-Montage. auf begehbaren Trapezblechd\u00e4chern mit Blechau\u00dfenhaut.<br \/>\n*Material T20-Profile: Aluminiumlegierung AL6005-T5, 1,00 KN<br \/>\n*Anforderung - Trapezblech Mindestblechst\u00e4rke Stahl 0,5mm \/ Aluminium 1,00mm.<br \/>\n*Gute statische Lastverteilung. Diese Art der Installation reduziert die Sogwirkung auf die Au\u00dfenhaut der Dacheindeckung durch das Gewicht der PV-Anlage.<br \/>\n*Kein Transport von langen Profilst\u00e4ben - angepasst an den Wulstabstand der Profilbleche.<br \/>\n*Die Profilabschnitte sind vorgestanzt und mit Dichtungsband abgedeckt.<\/p>\n<div class=\"wp-block-button popmake-1937\"><a class=\"wp-block-button__link wp-element-button\">Preispr\u00fcfung<\/a><\/div>","protected":false},"featured_media":2289,"template":"","meta":{"_uag_custom_page_level_css":"","site-sidebar-layout":"default","site-content-layout":"","ast-site-content-layout":"default","site-content-style":"default","site-sidebar-style":"default","ast-global-header-display":"","ast-banner-title-visibility":"","ast-main-header-display":"","ast-hfb-above-header-display":"","ast-hfb-below-header-display":"","ast-hfb-mobile-header-display":"","site-post-title":"","ast-breadcrumbs-content":"","ast-featured-img":"","footer-sml-layout":"","ast-disable-related-posts":"","theme-transparent-header-meta":"default","adv-header-id-meta":"","stick-header-meta":"","header-above-stick-meta":"","header-main-stick-meta":"","header-below-stick-meta":"","astra-migrate-meta-layouts":"set","ast-page-background-enabled":"default","ast-page-background-meta":{"desktop":{"background-color":"","background-image":"","background-repeat":"repeat","background-position":"center center","background-size":"auto","background-attachment":"scroll","background-type":"","background-media":"","overlay-type":"","overlay-color":"","overlay-opacity":"","overlay-gradient":""},"tablet":{"background-color":"","background-image":"","background-repeat":"repeat","background-position":"center center","background-size":"auto","background-attachment":"scroll","background-type":"","background-media":"","overlay-type":"","overlay-color":"","overlay-opacity":"","overlay-gradient":""},"mobile":{"background-color":"","background-image":"","background-repeat":"repeat","background-position":"center center","background-size":"auto","background-attachment":"scroll","background-type":"","background-media":"","overlay-type":"","overlay-color":"","overlay-opacity":"","overlay-gradient":""}},"ast-content-background-meta":{"desktop":{"background-color":"var(--ast-global-color-5)","background-image":"","background-repeat":"repeat","background-position":"center center","background-size":"auto","background-attachment":"scroll","background-type":"","background-media":"","overlay-type":"","overlay-color":"","overlay-opacity":"","overlay-gradient":""},"tablet":{"background-color":"var(--ast-global-color-5)","background-image":"","background-repeat":"repeat","background-position":"center center","background-size":"auto","background-attachment":"scroll","background-type":"","background-media":"","overlay-type":"","overlay-color":"","overlay-opacity":"","overlay-gradient":""},"mobile":{"background-color":"var(--ast-global-color-5)","background-image":"","background-repeat":"repeat","background-position":"center center","background-size":"auto","background-attachment":"scroll","background-type":"","background-media":"","overlay-type":"","overlay-color":"","overlay-opacity":"","overlay-gradient":""}}},"product_brand":[],"product_cat":[25,24],"product_tag":[],"class_list":{"0":"post-2285","1":"product","2":"type-product","3":"status-publish","4":"has-post-thumbnail","6":"product_cat-excellent","7":"product_cat-solar-mounting-system","8":"desktop-align-left","9":"tablet-align-left","10":"mobile-align-left","12":"first","13":"instock","14":"shipping-taxable","15":"product-type-simple"},"spectra_custom_meta":{"_uabb_version":["1.36.1"],"_edit_last":["1"],"_edit_lock":["1752223026:1"],"_thumbnail_id":["2289"],"total_sales":["0"],"_tax_status":["taxable"],"_tax_class":[""],"_manage_stock":["no"],"_backorders":["no"],"_sold_individually":["no"],"_virtual":["no"],"_downloadable":["no"],"_download_limit":["-1"],"_download_expiry":["-1"],"_stock":[null],"_stock_status":["instock"],"_wc_average_rating":["0"],"_wc_review_count":["0"],"_product_version":["9.6.2"],"_product_image_gallery":["2289,2286,2287,2290,2288"],"site-sidebar-layout":["default"],"ast-site-content-layout":["default"],"site-content-style":["default"],"site-sidebar-style":["default"],"theme-transparent-header-meta":["default"],"astra-migrate-meta-layouts":["set"],"_uag_page_assets":["a:9:{s:3:\"css\";s:5318:\".uag-blocks-common-selector{z-index:var(--z-index-desktop) !important}@media (max-width: 976px){.uag-blocks-common-selector{z-index:var(--z-index-tablet) !important}}@media (max-width: 767px){.uag-blocks-common-selector{z-index:var(--z-index-mobile) !important}}\n.wp-block-uagb-faq{width:100%}.wp-block-uagb-faq.uagb-faq-layout-accordion .uagb-faq-child__outer-wrap .uagb-faq-questions-button{cursor:pointer}.wp-block-uagb-faq .uagb-faq-content{margin-bottom:0}.wp-block-uagb-faq .uagb-faq-content p{margin:auto}.uagb-faq-layout-grid.uagb-faq-equal-height.uagb-faq__wrap .uagb-faq-child__outer-wrap,.uagb-faq-layout-grid.uagb-faq-equal-height.uagb-faq__wrap .uagb-faq-item{height:100%}body[class*=\"astra\"] .uagb-faq-questions{line-height:normal}.uagb-faq-item{overflow:hidden}\n.wp-block-uagb-faq-child .uagb-faq-questions-button{display:flex;align-items:center}.wp-block-uagb-faq-child .uagb-faq-questions-button .uagb-faq-icon-wrap{display:flex;align-items:center}.wp-block-uagb-faq-child .uagb-faq-questions-button .uagb-question{width:100%;margin-top:0;margin-bottom:0}.wp-block-uagb-faq-child .uagb-icon svg,.wp-block-uagb-faq-child .uagb-icon-active svg{width:15px;height:15px;font-size:15px}.wp-block-uagb-faq-child.uagb-faq-child__outer-wrap.uagb-faq-item .uagb-icon-active,.wp-block-uagb-faq-child.uagb-faq-child__outer-wrap.uagb-faq-item.uagb-faq-item-active .uagb-icon,.wp-block-uagb-faq-child.uagb-faq-child__outer-wrap .uagb-faq-item .uagb-icon-active,.wp-block-uagb-faq-child.uagb-faq-child__outer-wrap .uagb-faq-item.uagb-faq-item-active .uagb-icon{display:none;width:0;padding:0;height:0;margin:0}.wp-block-uagb-faq-child.uagb-faq-child__outer-wrap.uagb-faq-item .uagb-icon,.wp-block-uagb-faq-child.uagb-faq-child__outer-wrap.uagb-faq-item.uagb-faq-item-active .uagb-icon-active,.wp-block-uagb-faq-child.uagb-faq-child__outer-wrap .uagb-faq-item .uagb-icon,.wp-block-uagb-faq-child.uagb-faq-child__outer-wrap .uagb-faq-item.uagb-faq-item-active .uagb-icon-active{display:flex;width:auto;height:auto}.uagb-faq-layout-grid .uagb-faq-child__outer-wrap.uagb-faq-item .uagb-icon,.uagb-faq-layout-grid .uagb-faq-child__outer-wrap.uagb-faq-item.uagb-faq-item-active .uagb-icon-active,.uagb-faq-layout-grid .uagb-faq-child__outer-wrap .uagb-faq-item .uagb-icon,.uagb-faq-layout-grid .uagb-faq-child__outer-wrap .uagb-faq-item.uagb-faq-item-active .uagb-icon-active{display:none}.uagb-faq-layout-grid .uagb-faq-child__outer-wrap.uagb-faq-item span.uagb-icon-active.uagb-faq-icon-wrap,.uagb-faq-layout-grid .uagb-faq-child__outer-wrap.uagb-faq-item.uagb-faq-item-active .uagb-icon-active,.uagb-faq-layout-grid .uagb-faq-child__outer-wrap .uagb-faq-item span.uagb-icon-active.uagb-faq-icon-wrap,.uagb-faq-layout-grid .uagb-faq-child__outer-wrap .uagb-faq-item.uagb-faq-item-active .uagb-icon-active{display:none}\n.uagb-block-55b5edaf .uagb-icon svg{width: 12px;height: 12px;font-size: 12px;}.uagb-block-55b5edaf .uagb-icon-active svg{width: 12px;height: 12px;font-size: 12px;}.uagb-block-55b5edaf .uagb-faq-child__outer-wrap{margin-bottom: 10px;}.uagb-block-55b5edaf .uagb-faq-item{border-top-width: 1px;border-left-width: 1px;border-right-width: 1px;border-bottom-width: 1px;border-top-left-radius: 2px;border-top-right-radius: 2px;border-bottom-left-radius: 2px;border-bottom-right-radius: 2px;border-color: #1e1e1e;border-style: solid;}.uagb-block-55b5edaf .uagb-faq-questions-button{padding-top: 10px;padding-bottom: 10px;padding-right: 10px;padding-left: 10px;}.uagb-block-55b5edaf .uagb-faq-content{padding-top: 10px;padding-bottom: 10px;padding-right: 10px;padding-left: 10px;}.uagb-block-55b5edaf .uagb-faq-content span{margin-top: 10px;margin-bottom: 10px;margin-right: 10px;margin-left: 10px;}.uagb-block-55b5edaf.uagb-faq-icon-row .uagb-faq-item .uagb-faq-icon-wrap{margin-right: 10px;}.uagb-block-55b5edaf.uagb-faq-icon-row-reverse .uagb-faq-item .uagb-faq-icon-wrap{margin-left: 10px;}.uagb-block-55b5edaf .uagb-faq-item .uagb-faq-questions-button.uagb-faq-questions{flex-direction: row;}.uagb-block-55b5edaf .wp-block-uagb-faq-child.uagb-faq-child__outer-wrap .uagb-faq-content {display: none;}@media only screen and (max-width: 976px) {.uagb-block-55b5edaf.uagb-faq-icon-row .uagb-faq-item .uagb-faq-icon-wrap{margin-right: 10px;}.uagb-block-55b5edaf.uagb-faq-icon-row-reverse .uagb-faq-item .uagb-faq-icon-wrap{margin-left: 10px;}.uagb-block-55b5edaf .uagb-faq-questions-button{padding-top: 10px;padding-bottom: 10px;padding-right: 10px;padding-left: 10px;}.uagb-block-55b5edaf .uagb-faq-content{padding-top: 10px;padding-bottom: 10px;padding-right: 10px;padding-left: 10px;}.uagb-block-55b5edaf .uagb-faq-content span{margin-top: 10px;margin-bottom: 10px;margin-right: 10px;margin-left: 10px;}}@media only screen and (max-width: 767px) {.uagb-block-55b5edaf.uagb-faq-icon-row .uagb-faq-item .uagb-faq-icon-wrap{margin-right: 10px;}.uagb-block-55b5edaf.uagb-faq-icon-row-reverse .uagb-faq-item .uagb-faq-icon-wrap{margin-left: 10px;}.uagb-block-55b5edaf .uagb-faq-questions-button{padding-top: 10px;padding-bottom: 10px;padding-right: 10px;padding-left: 10px;}.uagb-block-55b5edaf .uagb-faq-content{padding-top: 10px;padding-bottom: 10px;padding-right: 10px;padding-left: 10px;}.uagb-block-55b5edaf .uagb-faq-content span{margin-top: 10px;margin-bottom: 10px;margin-right: 10px;margin-left: 10px;}}\";s:2:\"js\";s:0:\"\";s:18:\"current_block_list\";a:10:{i:0;s:11:\"core\/search\";i:1;s:10:\"core\/group\";i:2;s:12:\"core\/heading\";i:3;s:17:\"core\/latest-posts\";i:4;s:20:\"core\/latest-comments\";i:5;s:13:\"core\/archives\";i:6;s:15:\"core\/categories\";i:7;s:14:\"core\/paragraph\";i:8;s:8:\"uagb\/faq\";i:9;s:14:\"uagb\/faq-child\";}s:8:\"uag_flag\";b:1;s:11:\"uag_version\";s:10:\"1775829763\";s:6:\"gfonts\";a:0:{}s:10:\"gfonts_url\";s:0:\"\";s:12:\"gfonts_files\";a:0:{}s:14:\"uag_faq_layout\";b:1;}"],"_uag_css_file_name":["uag-css-2285.css"]},"uagb_featured_image_src":{"full":["https:\/\/senyenergy.com\/wp-content\/uploads\/2025\/02\/Solar-short-Rail.jpg",800,600,false],"thumbnail":["https:\/\/senyenergy.com\/wp-content\/uploads\/2025\/02\/Solar-short-Rail-150x150.jpg",150,150,true],"medium":["https:\/\/senyenergy.com\/wp-content\/uploads\/2025\/02\/Solar-short-Rail-300x225.jpg",300,225,true],"medium_large":["https:\/\/senyenergy.com\/wp-content\/uploads\/2025\/02\/Solar-short-Rail-768x576.jpg",768,576,true],"large":["https:\/\/senyenergy.com\/wp-content\/uploads\/2025\/02\/Solar-short-Rail.jpg",800,600,false],"1536x1536":["https:\/\/senyenergy.com\/wp-content\/uploads\/2025\/02\/Solar-short-Rail.jpg",800,600,false],"2048x2048":["https:\/\/senyenergy.com\/wp-content\/uploads\/2025\/02\/Solar-short-Rail.jpg",800,600,false],"trp-custom-language-flag":["https:\/\/senyenergy.com\/wp-content\/uploads\/2025\/02\/Solar-short-Rail-16x12.jpg",16,12,true],"woocommerce_thumbnail":["https:\/\/senyenergy.com\/wp-content\/uploads\/2025\/02\/Solar-short-Rail-300x300.jpg",300,300,true],"woocommerce_single":["https:\/\/senyenergy.com\/wp-content\/uploads\/2025\/02\/Solar-short-Rail-600x450.jpg",600,450,true],"woocommerce_gallery_thumbnail":["https:\/\/senyenergy.com\/wp-content\/uploads\/2025\/02\/Solar-short-Rail-100x100.jpg",100,100,true]},"uagb_author_info":{"display_name":"wp-admin","author_link":"https:\/\/senyenergy.com\/de\/author\/"},"uagb_comment_info":0,"uagb_excerpt":"Features: *Application: T20 short rail for trapezoidal sheet PV mounting. on walkable trapezoidal sheet metal roofs with sheet metal outer skin. *Material T20 profiles: aluminum alloy AL6005-T5, 1.00 KN *Requirement - trapezoidal sheet minimum sheet thickness steel 0.5mm \/ aluminum 1.00mm. *Good static load distribution. This type of installation reduces the suction effect on the&hellip;","_links":{"self":[{"href":"https:\/\/senyenergy.com\/de\/wp-json\/wp\/v2\/product\/2285","targetHints":{"allow":["GET"]}}],"collection":[{"href":"https:\/\/senyenergy.com\/de\/wp-json\/wp\/v2\/product"}],"about":[{"href":"https:\/\/senyenergy.com\/de\/wp-json\/wp\/v2\/types\/product"}],"wp:featuredmedia":[{"embeddable":true,"href":"https:\/\/senyenergy.com\/de\/wp-json\/wp\/v2\/media\/2289"}],"wp:attachment":[{"href":"https:\/\/senyenergy.com\/de\/wp-json\/wp\/v2\/media?parent=2285"}],"wp:term":[{"taxonomy":"product_brand","embeddable":true,"href":"https:\/\/senyenergy.com\/de\/wp-json\/wp\/v2\/product_brand?post=2285"},{"taxonomy":"product_cat","embeddable":true,"href":"https:\/\/senyenergy.com\/de\/wp-json\/wp\/v2\/product_cat?post=2285"},{"taxonomy":"product_tag","embeddable":true,"href":"https:\/\/senyenergy.com\/de\/wp-json\/wp\/v2\/product_tag?post=2285"}],"curies":[{"name":"wp","href":"https:\/\/api.w.org\/{rel}","templated":true}]}}