{"id":2203,"date":"2025-02-23T16:58:56","date_gmt":"2025-02-23T08:58:56","guid":{"rendered":"https:\/\/senyenergy.com\/?post_type=product&#038;p=2203"},"modified":"2025-11-13T12:20:31","modified_gmt":"2025-11-13T04:20:31","slug":"rutschfester-aluminium-solarsteg","status":"publish","type":"product","link":"https:\/\/senyenergy.com\/de\/product\/rutschfester-aluminium-solarsteg\/","title":{"rendered":"Antirutsch-Aluminium-Solarsteg f\u00fcr Dach"},"content":{"rendered":"<p>Anti-Rutsch <strong>Aluminium Solarsteg<\/strong> ist eine speziell entwickelte Antirutschplatte. Laufstege aus Aluminium werden h\u00e4ufig in Photovoltaikanlagen und anderen Industriezweigen eingesetzt. Sie bieten eine sichere und stabile Oberfl\u00e4che f\u00fcr Arbeiter, die Zugang zu Solarmodulen haben und Wartungsarbeiten durchf\u00fchren.<\/p>\n<p>Das geringe Gewicht von Aluminium erleichtert den Transport und die Installation und senkt die Arbeitskosten. Seine korrosionsbest\u00e4ndigen Eigenschaften sorgen f\u00fcr Langlebigkeit auch bei rauen Wetterbedingungen. Diese Laufstege werden auch h\u00e4ufig in der Fertigungs-, Bau- und Logistikbranche eingesetzt, da sie einen zuverl\u00e4ssigen Weg f\u00fcr effiziente Bewegungen und verbesserte Sicherheit bieten.<\/p>\n\n<table id=\"tablepress-2\" class=\"tablepress tablepress-id-2\">\n<thead>\n<tr class=\"row-1\">\n\t<td class=\"column-1\"><\/td><th class=\"column-2\">DATENBLATT<\/th>\n<\/tr>\n<\/thead>\n<tbody class=\"row-striping row-hover\">\n<tr class=\"row-2\">\n\t<td class=\"column-1\"><\/td><td class=\"column-2\"><\/td>\n<\/tr>\n<tr class=\"row-3\">\n\t<td class=\"column-1\">NO.\uff1a<\/td><td class=\"column-2\">SY-AWS<\/td>\n<\/tr>\n<tr class=\"row-4\">\n\t<td class=\"column-1\">Einbauwinkel:<\/td><td class=\"column-2\">0-30Grad<\/td>\n<\/tr>\n<tr class=\"row-5\">\n\t<td class=\"column-1\">Schneelast\uff1a<\/td><td class=\"column-2\">1,4 KN \/ M2<\/td>\n<\/tr>\n<tr class=\"row-6\">\n\t<td class=\"column-1\">Garantie:<\/td><td class=\"column-2\">10 Jahre<\/td>\n<\/tr>\n<tr class=\"row-7\">\n\t<td class=\"column-1\">Lebenszeit:<\/td><td class=\"column-2\">25 Jahre<\/td>\n<\/tr>\n<tr class=\"row-8\">\n\t<td class=\"column-1\">Windgeschwindigkeit\uff1a<\/td><td class=\"column-2\">60 M\/s<\/td>\n<\/tr>\n<tr class=\"row-9\">\n\t<td class=\"column-1\">Gr\u00f6\u00dfe:<\/td><td class=\"column-2\">3000*350*30mm.  Kann angepasst werden<\/td>\n<\/tr>\n<tr class=\"row-10\">\n\t<td class=\"column-1\">Material :<\/td><td class=\"column-2\">Aluminium<\/td>\n<\/tr>\n<tr class=\"row-11\">\n\t<td class=\"column-1\">Produkttyp:<\/td><td class=\"column-2\">Anti-Rutsch-Gehweg aus Aluminium<\/td>\n<\/tr>\n<tr class=\"row-12\">\n\t<td class=\"column-1\">Standard:<\/td><td class=\"column-2\">AS\/NZS1170 &amp; DIN 1055<\/td>\n<\/tr>\n<tr class=\"row-13\">\n\t<td class=\"column-1\">Orientierung\uff1a<\/td><td class=\"column-2\">Querformat, Hochformat<\/td>\n<\/tr>\n<tr class=\"row-14\">\n\t<td class=\"column-1\">Aufstellungsort:<\/td><td class=\"column-2\">Dachsolaranlagen und andere Industriezweige<\/td>\n<\/tr>\n<\/tbody>\n<\/table>\n\n<h5>Merkmale und Vorteile des <strong>Aluminium Solarsteg<\/strong><\/h5>\n<p>Anti-Rutsch-Leistung: Die Oberfl\u00e4che ist mit einer Reihe von scharfen, zahn\u00e4hnlichen Erhebungen versehen, die die Reibung erh\u00f6hen und eine hervorragende Rutschfestigkeit bieten, um Ausrutschen und St\u00fcrzen vorzubeugen.<\/p>\n<p>Langlebigkeit: Er wird in der Regel aus einer korrosionsbest\u00e4ndigen Aluminiumlegierung hergestellt, die eine lange Lebensdauer gew\u00e4hrleistet.<\/p>\n<p>Selbstreinigend. Durch das Loch auf der Oberfl\u00e4che k\u00f6nnen die zus\u00e4tzlichen Dinge gefiltert werden. Die erh\u00f6hte Struktur des Anti-Rutsch-Gehwegs unterst\u00fctzt die Entw\u00e4sserung und verhindert, dass sich Wasser oder andere Fl\u00fcssigkeiten auf der Oberfl\u00e4che ansammeln. Dies sorgt f\u00fcr eine verbesserte Anti-Rutsch-Wirkung, besonders geeignet f\u00fcr nasse Umgebungen oder Bereiche, die eine Drainage ben\u00f6tigen.<\/p>\n<p>Wiederverwendbar: Anti-Rutsch-Bel\u00e4ge aus Aluminium lassen sich relativ einfach demontieren und mit geringem Gewicht wieder montieren, so dass sie wiederverwendbar sind. Dies ist vorteilhaft in Situationen, in denen eine Verschiebung oder ein Austausch der Antirutschplatten erforderlich ist. Lange Lebensdauer und geringer Wartungsaufwand.<\/p>\n<h5>Verpackung des <strong>Aluminium Solarsteg<\/strong><\/h5>\n<p>In hochwertiger Stahlpalette mit starkem Stahlband, Holzpalette. und k\u00f6nnte auch als Anfrage verpackt werden.<\/p>\n<p>Der Solar-Aluminium-Rutschschutzsteg ist ein aktualisiertes Produkt, bei dem das Material von verst\u00e4rktem Glasfaser zu Aluminium gewechselt wurde, was leichter ist und die Installation vor Ort erleichtert. Kombiniert mit unserer Endklemme, Seitenschiene und L-Fu\u00df. Die \u00fcbliche Abmessung ist 3000*350*30mm. Kann individuell angepasst werden. Die Spannweite kann 1000mm bis 1200mm betragen.<\/p>\n<p>Die Vielseitigkeit und Praktikabilit\u00e4t von Anti-Rutsch <strong>Aluminium Solarsteg <\/strong>machen sie zu einer bevorzugten Wahl f\u00fcr verschiedene industrielle Anwendungen.<\/p>\n<p>&nbsp;<\/p>","protected":false},"excerpt":{"rendered":"<p>Der Aluminium-Solarsteg ist ein speziell entwickeltes Anti-Rutsch-Brett. Aluminium Gehwege sind weitgehend in Photovoltaik-Anlagen mit Anti-Rutsch-Performance und selbstreinigend f\u00fcr Dach-Solar-Projekte verwendet. Wir sind die Aluminium Solar Laufsteg Fabrik direkt.<\/p>\n<div class=\"wp-block-button popmake-1937\"><a class=\"wp-block-button__link wp-element-button\">Preispr\u00fcfung<\/a><\/div>","protected":false},"featured_media":2204,"template":"","meta":{"_uag_custom_page_level_css":"","site-sidebar-layout":"default","site-content-layout":"","ast-site-content-layout":"default","site-content-style":"default","site-sidebar-style":"default","ast-global-header-display":"","ast-banner-title-visibility":"","ast-main-header-display":"","ast-hfb-above-header-display":"","ast-hfb-below-header-display":"","ast-hfb-mobile-header-display":"","site-post-title":"","ast-breadcrumbs-content":"","ast-featured-img":"","footer-sml-layout":"","ast-disable-related-posts":"","theme-transparent-header-meta":"default","adv-header-id-meta":"","stick-header-meta":"","header-above-stick-meta":"","header-main-stick-meta":"","header-below-stick-meta":"","astra-migrate-meta-layouts":"set","ast-page-background-enabled":"default","ast-page-background-meta":{"desktop":{"background-color":"","background-image":"","background-repeat":"repeat","background-position":"center center","background-size":"auto","background-attachment":"scroll","background-type":"","background-media":"","overlay-type":"","overlay-color":"","overlay-opacity":"","overlay-gradient":""},"tablet":{"background-color":"","background-image":"","background-repeat":"repeat","background-position":"center center","background-size":"auto","background-attachment":"scroll","background-type":"","background-media":"","overlay-type":"","overlay-color":"","overlay-opacity":"","overlay-gradient":""},"mobile":{"background-color":"","background-image":"","background-repeat":"repeat","background-position":"center center","background-size":"auto","background-attachment":"scroll","background-type":"","background-media":"","overlay-type":"","overlay-color":"","overlay-opacity":"","overlay-gradient":""}},"ast-content-background-meta":{"desktop":{"background-color":"var(--ast-global-color-5)","background-image":"","background-repeat":"repeat","background-position":"center center","background-size":"auto","background-attachment":"scroll","background-type":"","background-media":"","overlay-type":"","overlay-color":"","overlay-opacity":"","overlay-gradient":""},"tablet":{"background-color":"var(--ast-global-color-5)","background-image":"","background-repeat":"repeat","background-position":"center center","background-size":"auto","background-attachment":"scroll","background-type":"","background-media":"","overlay-type":"","overlay-color":"","overlay-opacity":"","overlay-gradient":""},"mobile":{"background-color":"var(--ast-global-color-5)","background-image":"","background-repeat":"repeat","background-position":"center center","background-size":"auto","background-attachment":"scroll","background-type":"","background-media":"","overlay-type":"","overlay-color":"","overlay-opacity":"","overlay-gradient":""}}},"product_brand":[],"product_cat":[25,23],"product_tag":[41,363,43],"class_list":{"0":"post-2203","1":"product","2":"type-product","3":"status-publish","4":"has-post-thumbnail","6":"product_cat-excellent","7":"product_cat-solar-accessories","8":"product_tag-aluminum-walkways","9":"product_tag-anti-slip-solar-aluminum-walkway-for-roof","10":"product_tag-solar-walkways","11":"desktop-align-left","12":"tablet-align-left","13":"mobile-align-left","15":"first","16":"instock","17":"shipping-taxable","18":"product-type-simple"},"spectra_custom_meta":{"_uabb_version":["1.36.1"],"_edit_last":["1"],"_edit_lock":["1763007538:1"],"_thumbnail_id":["2204"],"total_sales":["0"],"_tax_status":["taxable"],"_tax_class":[""],"_manage_stock":["no"],"_backorders":["no"],"_sold_individually":["no"],"_virtual":["no"],"_downloadable":["no"],"_download_limit":["-1"],"_download_expiry":["-1"],"_stock":[null],"_stock_status":["instock"],"_wc_average_rating":["0"],"_wc_review_count":["0"],"_product_version":["9.6.2"],"_product_image_gallery":["2204,2205,2207,2209,2208,2206"],"site-sidebar-layout":["default"],"ast-site-content-layout":["default"],"site-content-style":["default"],"site-sidebar-style":["default"],"theme-transparent-header-meta":["default"],"wb_custom_tabs":["a:0:{}"],"_wp_old_slug":["solar-aluminum-anti-slip-walkway"],"astra-migrate-meta-layouts":["set"],"_uag_page_assets":["a:9:{s:3:\"css\";s:5051:\".wp-block-uagb-faq{width:100%}.wp-block-uagb-faq.uagb-faq-layout-accordion .uagb-faq-child__outer-wrap .uagb-faq-questions-button{cursor:pointer}.wp-block-uagb-faq .uagb-faq-content{margin-bottom:0}.wp-block-uagb-faq .uagb-faq-content p{margin:auto}.uagb-faq-layout-grid.uagb-faq-equal-height.uagb-faq__wrap .uagb-faq-child__outer-wrap,.uagb-faq-layout-grid.uagb-faq-equal-height.uagb-faq__wrap .uagb-faq-item{height:100%}body[class*=astra] .uagb-faq-questions{line-height:normal}.uagb-faq-item{overflow:hidden}.wp-block-uagb-faq-child .uagb-faq-questions-button{display:flex;align-items:center}.wp-block-uagb-faq-child .uagb-faq-questions-button .uagb-faq-icon-wrap{display:flex;align-items:center}.wp-block-uagb-faq-child .uagb-faq-questions-button .uagb-question{width:100%;margin-top:0;margin-bottom:0}.wp-block-uagb-faq-child .uagb-icon svg,.wp-block-uagb-faq-child .uagb-icon-active svg{width:15px;height:15px;font-size:15px}.wp-block-uagb-faq-child.uagb-faq-child__outer-wrap.uagb-faq-item .uagb-icon-active,.wp-block-uagb-faq-child.uagb-faq-child__outer-wrap.uagb-faq-item.uagb-faq-item-active .uagb-icon,.wp-block-uagb-faq-child.uagb-faq-child__outer-wrap .uagb-faq-item .uagb-icon-active,.wp-block-uagb-faq-child.uagb-faq-child__outer-wrap .uagb-faq-item.uagb-faq-item-active .uagb-icon{display:none;width:0;padding:0;height:0;margin:0}.wp-block-uagb-faq-child.uagb-faq-child__outer-wrap.uagb-faq-item .uagb-icon,.wp-block-uagb-faq-child.uagb-faq-child__outer-wrap.uagb-faq-item.uagb-faq-item-active .uagb-icon-active,.wp-block-uagb-faq-child.uagb-faq-child__outer-wrap .uagb-faq-item .uagb-icon,.wp-block-uagb-faq-child.uagb-faq-child__outer-wrap .uagb-faq-item.uagb-faq-item-active .uagb-icon-active{display:flex;width:auto;height:auto}.uagb-faq-layout-grid .uagb-faq-child__outer-wrap.uagb-faq-item .uagb-icon,.uagb-faq-layout-grid .uagb-faq-child__outer-wrap.uagb-faq-item.uagb-faq-item-active .uagb-icon-active,.uagb-faq-layout-grid .uagb-faq-child__outer-wrap .uagb-faq-item .uagb-icon,.uagb-faq-layout-grid .uagb-faq-child__outer-wrap .uagb-faq-item.uagb-faq-item-active .uagb-icon-active{display:none}.uagb-faq-layout-grid .uagb-faq-child__outer-wrap.uagb-faq-item span.uagb-icon-active.uagb-faq-icon-wrap,.uagb-faq-layout-grid .uagb-faq-child__outer-wrap.uagb-faq-item.uagb-faq-item-active .uagb-icon-active,.uagb-faq-layout-grid .uagb-faq-child__outer-wrap .uagb-faq-item span.uagb-icon-active.uagb-faq-icon-wrap,.uagb-faq-layout-grid .uagb-faq-child__outer-wrap .uagb-faq-item.uagb-faq-item-active .uagb-icon-active{display:none}.uagb-block-55b5edaf .uagb-icon svg{width: 12px;height: 12px;font-size: 12px;}.uagb-block-55b5edaf .uagb-icon-active svg{width: 12px;height: 12px;font-size: 12px;}.uagb-block-55b5edaf .uagb-faq-child__outer-wrap{margin-bottom: 10px;}.uagb-block-55b5edaf .uagb-faq-item{border-top-width: 1px;border-left-width: 1px;border-right-width: 1px;border-bottom-width: 1px;border-top-left-radius: 2px;border-top-right-radius: 2px;border-bottom-left-radius: 2px;border-bottom-right-radius: 2px;border-color: #1e1e1e;border-style: solid;}.uagb-block-55b5edaf .uagb-faq-questions-button{padding-top: 10px;padding-bottom: 10px;padding-right: 10px;padding-left: 10px;}.uagb-block-55b5edaf .uagb-faq-content{padding-top: 10px;padding-bottom: 10px;padding-right: 10px;padding-left: 10px;}.uagb-block-55b5edaf .uagb-faq-content span{margin-top: 10px;margin-bottom: 10px;margin-right: 10px;margin-left: 10px;}.uagb-block-55b5edaf.uagb-faq-icon-row .uagb-faq-item .uagb-faq-icon-wrap{margin-right: 10px;}.uagb-block-55b5edaf.uagb-faq-icon-row-reverse .uagb-faq-item .uagb-faq-icon-wrap{margin-left: 10px;}.uagb-block-55b5edaf .uagb-faq-item .uagb-faq-questions-button.uagb-faq-questions{flex-direction: row;}.uagb-block-55b5edaf .wp-block-uagb-faq-child.uagb-faq-child__outer-wrap .uagb-faq-content {display: none;}@media only screen and (max-width: 976px) {.uagb-block-55b5edaf.uagb-faq-icon-row .uagb-faq-item .uagb-faq-icon-wrap{margin-right: 10px;}.uagb-block-55b5edaf.uagb-faq-icon-row-reverse .uagb-faq-item .uagb-faq-icon-wrap{margin-left: 10px;}.uagb-block-55b5edaf .uagb-faq-questions-button{padding-top: 10px;padding-bottom: 10px;padding-right: 10px;padding-left: 10px;}.uagb-block-55b5edaf .uagb-faq-content{padding-top: 10px;padding-bottom: 10px;padding-right: 10px;padding-left: 10px;}.uagb-block-55b5edaf .uagb-faq-content span{margin-top: 10px;margin-bottom: 10px;margin-right: 10px;margin-left: 10px;}}@media only screen and (max-width: 767px) {.uagb-block-55b5edaf.uagb-faq-icon-row .uagb-faq-item .uagb-faq-icon-wrap{margin-right: 10px;}.uagb-block-55b5edaf.uagb-faq-icon-row-reverse .uagb-faq-item .uagb-faq-icon-wrap{margin-left: 10px;}.uagb-block-55b5edaf .uagb-faq-questions-button{padding-top: 10px;padding-bottom: 10px;padding-right: 10px;padding-left: 10px;}.uagb-block-55b5edaf .uagb-faq-content{padding-top: 10px;padding-bottom: 10px;padding-right: 10px;padding-left: 10px;}.uagb-block-55b5edaf .uagb-faq-content span{margin-top: 10px;margin-bottom: 10px;margin-right: 10px;margin-left: 10px;}}\";s:2:\"js\";s:0:\"\";s:18:\"current_block_list\";a:10:{i:0;s:11:\"core\/search\";i:1;s:10:\"core\/group\";i:2;s:12:\"core\/heading\";i:3;s:17:\"core\/latest-posts\";i:4;s:20:\"core\/latest-comments\";i:5;s:13:\"core\/archives\";i:6;s:15:\"core\/categories\";i:7;s:14:\"core\/paragraph\";i:8;s:8:\"uagb\/faq\";i:9;s:14:\"uagb\/faq-child\";}s:8:\"uag_flag\";b:1;s:11:\"uag_version\";s:10:\"1777556832\";s:6:\"gfonts\";a:0:{}s:10:\"gfonts_url\";s:0:\"\";s:12:\"gfonts_files\";a:0:{}s:14:\"uag_faq_layout\";b:1;}"],"_uag_css_file_name":["uag-css-2203.css"]},"uagb_featured_image_src":{"full":["https:\/\/senyenergy.com\/wp-content\/uploads\/2025\/02\/aluminum-anti-slip-walkway.jpg",800,600,false],"thumbnail":["https:\/\/senyenergy.com\/wp-content\/uploads\/2025\/02\/aluminum-anti-slip-walkway-150x150.jpg",150,150,true],"medium":["https:\/\/senyenergy.com\/wp-content\/uploads\/2025\/02\/aluminum-anti-slip-walkway-300x225.jpg",300,225,true],"medium_large":["https:\/\/senyenergy.com\/wp-content\/uploads\/2025\/02\/aluminum-anti-slip-walkway-768x576.jpg",768,576,true],"large":["https:\/\/senyenergy.com\/wp-content\/uploads\/2025\/02\/aluminum-anti-slip-walkway.jpg",800,600,false],"1536x1536":["https:\/\/senyenergy.com\/wp-content\/uploads\/2025\/02\/aluminum-anti-slip-walkway.jpg",800,600,false],"2048x2048":["https:\/\/senyenergy.com\/wp-content\/uploads\/2025\/02\/aluminum-anti-slip-walkway.jpg",800,600,false],"trp-custom-language-flag":["https:\/\/senyenergy.com\/wp-content\/uploads\/2025\/02\/aluminum-anti-slip-walkway-16x12.jpg",16,12,true],"woocommerce_thumbnail":["https:\/\/senyenergy.com\/wp-content\/uploads\/2025\/02\/aluminum-anti-slip-walkway-300x300.jpg",300,300,true],"woocommerce_single":["https:\/\/senyenergy.com\/wp-content\/uploads\/2025\/02\/aluminum-anti-slip-walkway-600x450.jpg",600,450,true],"woocommerce_gallery_thumbnail":["https:\/\/senyenergy.com\/wp-content\/uploads\/2025\/02\/aluminum-anti-slip-walkway-100x100.jpg",100,100,true]},"uagb_author_info":{"display_name":"wp-admin","author_link":"https:\/\/senyenergy.com\/de\/author\/"},"uagb_comment_info":0,"uagb_excerpt":"Aluminum Solar walkway is a specially designed anti-slip board. Aluminum walkways are extensively used in photovoltaic installations with Anti-slip Performance and self-cleaning for rooftop solar projects. We are the Aluminum Solar walkway factory directly. price check","_links":{"self":[{"href":"https:\/\/senyenergy.com\/de\/wp-json\/wp\/v2\/product\/2203","targetHints":{"allow":["GET"]}}],"collection":[{"href":"https:\/\/senyenergy.com\/de\/wp-json\/wp\/v2\/product"}],"about":[{"href":"https:\/\/senyenergy.com\/de\/wp-json\/wp\/v2\/types\/product"}],"wp:featuredmedia":[{"embeddable":true,"href":"https:\/\/senyenergy.com\/de\/wp-json\/wp\/v2\/media\/2204"}],"wp:attachment":[{"href":"https:\/\/senyenergy.com\/de\/wp-json\/wp\/v2\/media?parent=2203"}],"wp:term":[{"taxonomy":"product_brand","embeddable":true,"href":"https:\/\/senyenergy.com\/de\/wp-json\/wp\/v2\/product_brand?post=2203"},{"taxonomy":"product_cat","embeddable":true,"href":"https:\/\/senyenergy.com\/de\/wp-json\/wp\/v2\/product_cat?post=2203"},{"taxonomy":"product_tag","embeddable":true,"href":"https:\/\/senyenergy.com\/de\/wp-json\/wp\/v2\/product_tag?post=2203"}],"curies":[{"name":"wp","href":"https:\/\/api.w.org\/{rel}","templated":true}]}}