{"id":2197,"date":"2025-02-23T16:33:24","date_gmt":"2025-02-23T08:33:24","guid":{"rendered":"https:\/\/senyenergy.com\/?post_type=product&#038;p=2197"},"modified":"2025-06-30T15:09:33","modified_gmt":"2025-06-30T07:09:33","slug":"neues-wasserdichtes-solarbefestigungssystem-aus-aluminium","status":"publish","type":"product","link":"https:\/\/senyenergy.com\/de\/product\/neues-wasserdichtes-solarbefestigungssystem-aus-aluminium\/","title":{"rendered":"Neues wasserdichtes Solar-Montagesystem aus Aluminium"},"content":{"rendered":"<p>Das neue Aluminium<strong> Wasserdichte Solarbefestigung <\/strong>ist das neueste Produkt, das der Nachfrage auf dem Markt entspricht. Die wasserdichte Halterung wurde entwickelt, um die effektive Installation von Solarmodulen zu gew\u00e4hrleisten und gleichzeitig Schutz vor dem Eindringen von Wasser und vor Umwelteinfl\u00fcssen zu bieten. Und es ist vollst\u00e4ndig wasserdicht durch die horizontale und vertikale wasserdichte Komponenten, es ist eine innovative L\u00f6sung f\u00fcr<strong><b>\u00a0<\/b><\/strong>Metalldach\/Plattendach\/Boden\/Carport\/Gew\u00e4chshaus\/Pergola<strong><b>.<\/b><\/strong><\/p>\n<p>Unser neues wasserdichtes Solar-Montagesystem aus Aluminium hat viele Vorteile. Es w\u00e4hlt W-Typ wasserdichte Schiene, schnelle Entw\u00e4sserung und gute Wasserdichtigkeit. Die wasserdichte Struktur ist sicher und zuverl\u00e4ssig, im Einklang mit den doppelten Standards der Photovoltaik und Geb\u00e4udeschutz. Es hat starke Korrosionsbest\u00e4ndigkeit, hohe H\u00e4rte, gute Verschlei\u00dffestigkeit, die Oberfl\u00e4che ist selbstreparierend. Und es breite Palette von Anwendungen, geeignet f\u00fcr eine Vielzahl von Photovoltaik-Dach wasserdicht Anwendungsszenarien.<\/p>\n<p><strong><b>\u00a0<\/b><\/strong><\/p>\n<p>Merkmale des neuen Aluminiums <strong>Wasserdichte Solarbefestigung<\/strong><\/p>\n<ol>\n<li>Wasserdichtes Design: Entwickelt, um das Eindringen von Wasser zu verhindern, die elektrischen Anschl\u00fcsse zu sch\u00fctzen und die Langlebigkeit unter verschiedenen Wetterbedingungen zu gew\u00e4hrleisten.<\/li>\n<li>Langlebige Materialien: hergestellt aus hochwertiger, korrosionsbest\u00e4ndiger Aluminiumlegierung<\/li>\n<li>Einstellbare Montageoptionen: Viele Systeme bieten einstellbare Winkel und H\u00f6hen, um die Ausrichtung der Solarmodule f\u00fcr eine maximale Sonneneinstrahlung zu optimieren.<\/li>\n<li>Integrierte Entw\u00e4sserung: Einige Entw\u00fcrfe enthalten integrierte Drainagefunktionen, die den Wasserabfluss erleichtern und so Wasseransammlungen verhindern.<\/li>\n<li>Verbesserte Langlebigkeit: Der Schutz der Solarmodulanlage vor Wassersch\u00e4den erh\u00f6ht die Gesamtlebensdauer des Systems.<\/li>\n<li>Verbesserter Wirkungsgrad: Durch die Aufrechterhaltung optimaler Bedingungen tragen diese Montagesysteme zur Maximierung der Energieproduktion von Solarmodulen bei.<\/li>\n<li>Geringere Wartung: Die wasserdichten Eigenschaften minimieren den Bedarf an h\u00e4ufiger Wartung und Inspektion und sparen so Zeit und Kosten.<\/li>\n<\/ol>\n<p>Anwendungen des neuen Aluminiums <strong>Wasserdichte Solarbefestigung<\/strong> System:<\/p>\n<ul>\n<li>Installationen f\u00fcr Wohngeb\u00e4ude: Ideal f\u00fcr Hausbesitzer, die die Langlebigkeit und Effizienz ihrer Solarsysteme sicherstellen wollen.<\/li>\n<li>Kommerzielle Projekte: Vorteilhaft f\u00fcr Unternehmen mit Solaranlagen, die eine zuverl\u00e4ssige Leistung bei unterschiedlichen Wetterbedingungen erfordern.<\/li>\n<li>Solarfarmen f\u00fcr den Versorgungsbereich: Unverzichtbar f\u00fcr gro\u00df angelegte Solarenergieprojekte, bei denen langfristige Haltbarkeit und Effizienz entscheidend sind.<\/li>\n<\/ul>\n<p>Wenn Sie spezifischere Fragen haben oder Empfehlungen zu Marken oder Modellen ben\u00f6tigen, fragen Sie uns einfach!<\/p>","protected":false},"excerpt":{"rendered":"<p>Das neue wasserdichte Solar-Montagesystem aus Aluminium hat viele Vorteile. Es w\u00e4hlt W-Typ wasserdichte Schiene, schnelle Entw\u00e4sserung und gute Wasserdichtigkeit. Die wasserdichte Struktur ist sicher und zuverl\u00e4ssig, im Einklang mit den doppelten Standards der Photovoltaik und Geb\u00e4udeschutz. Es hat starke Korrosionsbest\u00e4ndigkeit, hohe H\u00e4rte, gute Verschlei\u00dffestigkeit, die Oberfl\u00e4che ist selbstreparierend. Und es breite Palette von Anwendungen, geeignet f\u00fcr eine Vielzahl von Photovoltaik-Dach wasserdicht Anwendungsszenarien.<\/p>\n<div class=\"wp-block-button popmake-1937\"><a class=\"wp-block-button__link wp-element-button\">Preispr\u00fcfung<\/a><\/div>","protected":false},"featured_media":2199,"template":"","meta":{"_uag_custom_page_level_css":"","site-sidebar-layout":"default","site-content-layout":"","ast-site-content-layout":"default","site-content-style":"default","site-sidebar-style":"default","ast-global-header-display":"","ast-banner-title-visibility":"","ast-main-header-display":"","ast-hfb-above-header-display":"","ast-hfb-below-header-display":"","ast-hfb-mobile-header-display":"","site-post-title":"","ast-breadcrumbs-content":"","ast-featured-img":"","footer-sml-layout":"","ast-disable-related-posts":"","theme-transparent-header-meta":"default","adv-header-id-meta":"","stick-header-meta":"","header-above-stick-meta":"","header-main-stick-meta":"","header-below-stick-meta":"","astra-migrate-meta-layouts":"set","ast-page-background-enabled":"default","ast-page-background-meta":{"desktop":{"background-color":"","background-image":"","background-repeat":"repeat","background-position":"center center","background-size":"auto","background-attachment":"scroll","background-type":"","background-media":"","overlay-type":"","overlay-color":"","overlay-opacity":"","overlay-gradient":""},"tablet":{"background-color":"","background-image":"","background-repeat":"repeat","background-position":"center center","background-size":"auto","background-attachment":"scroll","background-type":"","background-media":"","overlay-type":"","overlay-color":"","overlay-opacity":"","overlay-gradient":""},"mobile":{"background-color":"","background-image":"","background-repeat":"repeat","background-position":"center center","background-size":"auto","background-attachment":"scroll","background-type":"","background-media":"","overlay-type":"","overlay-color":"","overlay-opacity":"","overlay-gradient":""}},"ast-content-background-meta":{"desktop":{"background-color":"var(--ast-global-color-5)","background-image":"","background-repeat":"repeat","background-position":"center center","background-size":"auto","background-attachment":"scroll","background-type":"","background-media":"","overlay-type":"","overlay-color":"","overlay-opacity":"","overlay-gradient":""},"tablet":{"background-color":"var(--ast-global-color-5)","background-image":"","background-repeat":"repeat","background-position":"center center","background-size":"auto","background-attachment":"scroll","background-type":"","background-media":"","overlay-type":"","overlay-color":"","overlay-opacity":"","overlay-gradient":""},"mobile":{"background-color":"var(--ast-global-color-5)","background-image":"","background-repeat":"repeat","background-position":"center center","background-size":"auto","background-attachment":"scroll","background-type":"","background-media":"","overlay-type":"","overlay-color":"","overlay-opacity":"","overlay-gradient":""}}},"product_brand":[],"product_cat":[25,24],"product_tag":[39,38,37,40],"class_list":{"0":"post-2197","1":"product","2":"type-product","3":"status-publish","4":"has-post-thumbnail","6":"product_cat-excellent","7":"product_cat-solar-mounting-system","8":"product_tag-solar-waterproof-solutions","9":"product_tag-solar-waterproof-system","10":"product_tag-waterproof-mounting","11":"product_tag-waterproof-solar-structure","12":"desktop-align-left","13":"tablet-align-left","14":"mobile-align-left","16":"first","17":"instock","18":"shipping-taxable","19":"product-type-simple"},"spectra_custom_meta":{"_uabb_version":["1.36.1"],"_edit_last":["1"],"_edit_lock":["1751267287:1"],"_thumbnail_id":["2199"],"total_sales":["0"],"_tax_status":["taxable"],"_tax_class":[""],"_manage_stock":["no"],"_backorders":["no"],"_sold_individually":["no"],"_virtual":["no"],"_downloadable":["no"],"_download_limit":["-1"],"_download_expiry":["-1"],"_stock":[null],"_stock_status":["instock"],"_wc_average_rating":["0"],"_wc_review_count":["0"],"_product_version":["9.6.2"],"_product_image_gallery":["2199,2201,2202,2198,2200"],"site-sidebar-layout":["default"],"ast-site-content-layout":["default"],"site-content-style":["default"],"site-sidebar-style":["default"],"theme-transparent-header-meta":["default"],"astra-migrate-meta-layouts":["set"],"_uag_page_assets":["a:9:{s:3:\"css\";s:5318:\".uag-blocks-common-selector{z-index:var(--z-index-desktop) !important}@media (max-width: 976px){.uag-blocks-common-selector{z-index:var(--z-index-tablet) !important}}@media (max-width: 767px){.uag-blocks-common-selector{z-index:var(--z-index-mobile) !important}}\n.wp-block-uagb-faq{width:100%}.wp-block-uagb-faq.uagb-faq-layout-accordion .uagb-faq-child__outer-wrap .uagb-faq-questions-button{cursor:pointer}.wp-block-uagb-faq .uagb-faq-content{margin-bottom:0}.wp-block-uagb-faq .uagb-faq-content p{margin:auto}.uagb-faq-layout-grid.uagb-faq-equal-height.uagb-faq__wrap .uagb-faq-child__outer-wrap,.uagb-faq-layout-grid.uagb-faq-equal-height.uagb-faq__wrap .uagb-faq-item{height:100%}body[class*=\"astra\"] .uagb-faq-questions{line-height:normal}.uagb-faq-item{overflow:hidden}\n.wp-block-uagb-faq-child .uagb-faq-questions-button{display:flex;align-items:center}.wp-block-uagb-faq-child .uagb-faq-questions-button .uagb-faq-icon-wrap{display:flex;align-items:center}.wp-block-uagb-faq-child .uagb-faq-questions-button .uagb-question{width:100%;margin-top:0;margin-bottom:0}.wp-block-uagb-faq-child .uagb-icon svg,.wp-block-uagb-faq-child .uagb-icon-active svg{width:15px;height:15px;font-size:15px}.wp-block-uagb-faq-child.uagb-faq-child__outer-wrap.uagb-faq-item .uagb-icon-active,.wp-block-uagb-faq-child.uagb-faq-child__outer-wrap.uagb-faq-item.uagb-faq-item-active .uagb-icon,.wp-block-uagb-faq-child.uagb-faq-child__outer-wrap .uagb-faq-item .uagb-icon-active,.wp-block-uagb-faq-child.uagb-faq-child__outer-wrap .uagb-faq-item.uagb-faq-item-active .uagb-icon{display:none;width:0;padding:0;height:0;margin:0}.wp-block-uagb-faq-child.uagb-faq-child__outer-wrap.uagb-faq-item .uagb-icon,.wp-block-uagb-faq-child.uagb-faq-child__outer-wrap.uagb-faq-item.uagb-faq-item-active .uagb-icon-active,.wp-block-uagb-faq-child.uagb-faq-child__outer-wrap .uagb-faq-item .uagb-icon,.wp-block-uagb-faq-child.uagb-faq-child__outer-wrap .uagb-faq-item.uagb-faq-item-active .uagb-icon-active{display:flex;width:auto;height:auto}.uagb-faq-layout-grid .uagb-faq-child__outer-wrap.uagb-faq-item .uagb-icon,.uagb-faq-layout-grid .uagb-faq-child__outer-wrap.uagb-faq-item.uagb-faq-item-active .uagb-icon-active,.uagb-faq-layout-grid .uagb-faq-child__outer-wrap .uagb-faq-item .uagb-icon,.uagb-faq-layout-grid .uagb-faq-child__outer-wrap .uagb-faq-item.uagb-faq-item-active .uagb-icon-active{display:none}.uagb-faq-layout-grid .uagb-faq-child__outer-wrap.uagb-faq-item span.uagb-icon-active.uagb-faq-icon-wrap,.uagb-faq-layout-grid .uagb-faq-child__outer-wrap.uagb-faq-item.uagb-faq-item-active .uagb-icon-active,.uagb-faq-layout-grid .uagb-faq-child__outer-wrap .uagb-faq-item span.uagb-icon-active.uagb-faq-icon-wrap,.uagb-faq-layout-grid .uagb-faq-child__outer-wrap .uagb-faq-item.uagb-faq-item-active .uagb-icon-active{display:none}\n.uagb-block-55b5edaf .uagb-icon svg{width: 12px;height: 12px;font-size: 12px;}.uagb-block-55b5edaf .uagb-icon-active svg{width: 12px;height: 12px;font-size: 12px;}.uagb-block-55b5edaf .uagb-faq-child__outer-wrap{margin-bottom: 10px;}.uagb-block-55b5edaf .uagb-faq-item{border-top-width: 1px;border-left-width: 1px;border-right-width: 1px;border-bottom-width: 1px;border-top-left-radius: 2px;border-top-right-radius: 2px;border-bottom-left-radius: 2px;border-bottom-right-radius: 2px;border-color: #1e1e1e;border-style: solid;}.uagb-block-55b5edaf .uagb-faq-questions-button{padding-top: 10px;padding-bottom: 10px;padding-right: 10px;padding-left: 10px;}.uagb-block-55b5edaf .uagb-faq-content{padding-top: 10px;padding-bottom: 10px;padding-right: 10px;padding-left: 10px;}.uagb-block-55b5edaf .uagb-faq-content span{margin-top: 10px;margin-bottom: 10px;margin-right: 10px;margin-left: 10px;}.uagb-block-55b5edaf.uagb-faq-icon-row .uagb-faq-item .uagb-faq-icon-wrap{margin-right: 10px;}.uagb-block-55b5edaf.uagb-faq-icon-row-reverse .uagb-faq-item .uagb-faq-icon-wrap{margin-left: 10px;}.uagb-block-55b5edaf .uagb-faq-item .uagb-faq-questions-button.uagb-faq-questions{flex-direction: row;}.uagb-block-55b5edaf .wp-block-uagb-faq-child.uagb-faq-child__outer-wrap .uagb-faq-content {display: none;}@media only screen and (max-width: 976px) {.uagb-block-55b5edaf.uagb-faq-icon-row .uagb-faq-item .uagb-faq-icon-wrap{margin-right: 10px;}.uagb-block-55b5edaf.uagb-faq-icon-row-reverse .uagb-faq-item .uagb-faq-icon-wrap{margin-left: 10px;}.uagb-block-55b5edaf .uagb-faq-questions-button{padding-top: 10px;padding-bottom: 10px;padding-right: 10px;padding-left: 10px;}.uagb-block-55b5edaf .uagb-faq-content{padding-top: 10px;padding-bottom: 10px;padding-right: 10px;padding-left: 10px;}.uagb-block-55b5edaf .uagb-faq-content span{margin-top: 10px;margin-bottom: 10px;margin-right: 10px;margin-left: 10px;}}@media only screen and (max-width: 767px) {.uagb-block-55b5edaf.uagb-faq-icon-row .uagb-faq-item .uagb-faq-icon-wrap{margin-right: 10px;}.uagb-block-55b5edaf.uagb-faq-icon-row-reverse .uagb-faq-item .uagb-faq-icon-wrap{margin-left: 10px;}.uagb-block-55b5edaf .uagb-faq-questions-button{padding-top: 10px;padding-bottom: 10px;padding-right: 10px;padding-left: 10px;}.uagb-block-55b5edaf .uagb-faq-content{padding-top: 10px;padding-bottom: 10px;padding-right: 10px;padding-left: 10px;}.uagb-block-55b5edaf .uagb-faq-content span{margin-top: 10px;margin-bottom: 10px;margin-right: 10px;margin-left: 10px;}}\";s:2:\"js\";s:0:\"\";s:18:\"current_block_list\";a:10:{i:0;s:11:\"core\/search\";i:1;s:10:\"core\/group\";i:2;s:12:\"core\/heading\";i:3;s:17:\"core\/latest-posts\";i:4;s:20:\"core\/latest-comments\";i:5;s:13:\"core\/archives\";i:6;s:15:\"core\/categories\";i:7;s:14:\"core\/paragraph\";i:8;s:8:\"uagb\/faq\";i:9;s:14:\"uagb\/faq-child\";}s:8:\"uag_flag\";b:1;s:11:\"uag_version\";s:10:\"1775829763\";s:6:\"gfonts\";a:0:{}s:10:\"gfonts_url\";s:0:\"\";s:12:\"gfonts_files\";a:0:{}s:14:\"uag_faq_layout\";b:1;}"],"_uag_css_file_name":["uag-css-2197.css"]},"uagb_featured_image_src":{"full":["https:\/\/senyenergy.com\/wp-content\/uploads\/2025\/02\/Aluminum-waterproof-solar-solution.jpg",800,600,false],"thumbnail":["https:\/\/senyenergy.com\/wp-content\/uploads\/2025\/02\/Aluminum-waterproof-solar-solution-150x150.jpg",150,150,true],"medium":["https:\/\/senyenergy.com\/wp-content\/uploads\/2025\/02\/Aluminum-waterproof-solar-solution-300x225.jpg",300,225,true],"medium_large":["https:\/\/senyenergy.com\/wp-content\/uploads\/2025\/02\/Aluminum-waterproof-solar-solution-768x576.jpg",768,576,true],"large":["https:\/\/senyenergy.com\/wp-content\/uploads\/2025\/02\/Aluminum-waterproof-solar-solution.jpg",800,600,false],"1536x1536":["https:\/\/senyenergy.com\/wp-content\/uploads\/2025\/02\/Aluminum-waterproof-solar-solution.jpg",800,600,false],"2048x2048":["https:\/\/senyenergy.com\/wp-content\/uploads\/2025\/02\/Aluminum-waterproof-solar-solution.jpg",800,600,false],"trp-custom-language-flag":["https:\/\/senyenergy.com\/wp-content\/uploads\/2025\/02\/Aluminum-waterproof-solar-solution-16x12.jpg",16,12,true],"woocommerce_thumbnail":["https:\/\/senyenergy.com\/wp-content\/uploads\/2025\/02\/Aluminum-waterproof-solar-solution-300x300.jpg",300,300,true],"woocommerce_single":["https:\/\/senyenergy.com\/wp-content\/uploads\/2025\/02\/Aluminum-waterproof-solar-solution-600x450.jpg",600,450,true],"woocommerce_gallery_thumbnail":["https:\/\/senyenergy.com\/wp-content\/uploads\/2025\/02\/Aluminum-waterproof-solar-solution-100x100.jpg",100,100,true]},"uagb_author_info":{"display_name":"wp-admin","author_link":"https:\/\/senyenergy.com\/de\/author\/"},"uagb_comment_info":0,"uagb_excerpt":"The New Aluminum Waterproof Solar Mounting System has many advantages. It selects W-type water proof rail, fast drainage and good waterproof. The waterproof structure is safe and reliable, in line with the double standards of photovoltaic and building protection. It has strong corrosion resistance, high hardness, good wear resistance, the surface has self-repair. And it&hellip;","_links":{"self":[{"href":"https:\/\/senyenergy.com\/de\/wp-json\/wp\/v2\/product\/2197","targetHints":{"allow":["GET"]}}],"collection":[{"href":"https:\/\/senyenergy.com\/de\/wp-json\/wp\/v2\/product"}],"about":[{"href":"https:\/\/senyenergy.com\/de\/wp-json\/wp\/v2\/types\/product"}],"wp:featuredmedia":[{"embeddable":true,"href":"https:\/\/senyenergy.com\/de\/wp-json\/wp\/v2\/media\/2199"}],"wp:attachment":[{"href":"https:\/\/senyenergy.com\/de\/wp-json\/wp\/v2\/media?parent=2197"}],"wp:term":[{"taxonomy":"product_brand","embeddable":true,"href":"https:\/\/senyenergy.com\/de\/wp-json\/wp\/v2\/product_brand?post=2197"},{"taxonomy":"product_cat","embeddable":true,"href":"https:\/\/senyenergy.com\/de\/wp-json\/wp\/v2\/product_cat?post=2197"},{"taxonomy":"product_tag","embeddable":true,"href":"https:\/\/senyenergy.com\/de\/wp-json\/wp\/v2\/product_tag?post=2197"}],"curies":[{"name":"wp","href":"https:\/\/api.w.org\/{rel}","templated":true}]}}